{"id":8206,"date":"2023-04-03T09:24:33","date_gmt":"2023-04-03T09:24:33","guid":{"rendered":"https:\/\/cancerfertilityandme.org.uk\/utilizacao-deste-sitio-web\/"},"modified":"2025-11-17T11:04:52","modified_gmt":"2025-11-17T11:04:52","slug":"utilizacao-deste-sitio-web","status":"publish","type":"page","link":"https:\/\/cancerfertilityandme.org.uk\/pt-pt\/mulheres-jovens\/sobre-este-site\/utilizacao-deste-sitio-web\/","title":{"rendered":"Utiliza\u00e7\u00e3o deste s\u00edtio Web"},"content":{"rendered":"\t\t<div data-elementor-type=\"wp-page\" data-elementor-id=\"8206\" class=\"elementor elementor-8206 elementor-7775\" data-elementor-post-type=\"page\">\n\t\t\t\t<main class=\"elementor-element elementor-element-30e26b6c e-flex e-con-boxed e-con e-parent\" data-id=\"30e26b6c\" data-element_type=\"container\" data-e-type=\"container\">\n\t\t\t\t\t<div class=\"e-con-inner\">\n\t\t<div class=\"elementor-element elementor-element-65df7344 e-con-full e-flex e-con e-child\" data-id=\"65df7344\" data-element_type=\"container\" data-e-type=\"container\">\n\t\t\t\t<div class=\"elementor-element elementor-element-1f35ebad elementor-widget elementor-widget-text-editor\" data-id=\"1f35ebad\" data-element_type=\"widget\" data-e-type=\"widget\" data-widget_type=\"text-editor.default\">\n\t\t\t\t<div class=\"elementor-widget-container\">\n\t\t\t\t\t\t\t\t\t<h2>Utiliza\u00e7\u00e3o deste website para o ajud\u00e0-la a tomar a sua decis\u00e3o<\/h2><p>\u201c\u201cEstou pensando em cinco anos, ou em dez anos? E no futuro?\u201d<br>Uma jovem de 25 anos com cancro de ov\u00e1rio<\/p><p><strong>Para ajud\u00e1-lo a tomar decis\u00f5es de preserva\u00e7\u00e3o da fertilidade antes de iniciar o tratamento do c\u00e2ncer, este site cont\u00e9m informa\u00e7\u00f5es para ajud\u00e1-lo:<\/strong><\/p><ul><li><strong>Saiba <\/strong>mais sobre as diferentes op\u00e7\u00f5es de preserva\u00e7\u00e3o da fertilidade.<\/li><li><strong>Pense <\/strong>se a preserva\u00e7\u00e3o da fertilidade pode ser uma op\u00e7\u00e3o para si.<\/li><li><strong>Pense <\/strong>no que \u00e9 importante para a sua vida agora e no futuro.<\/li><li><strong>Fale <\/strong>com a sua equipa respons\u00e1vel do cancro e a equipa respons\u00e1vel de fertilidade, enquanto toma a sua decis\u00e3o.<\/li><li><strong>Discuta <\/strong>com a sua equipa de tratamento do cancro e equipa de tratamento da fertilidade, as consequ\u00eancias e benef\u00edcios em qualquer decis\u00e3o que venha tomar.<\/li><\/ul><p>\u201cEla respondeu a muitas das minhas perguntas. Isso me fez entender mais sobre meu tratamento e minhas op\u00e7\u00f5es. Ela respondeu aa perguntas que eu n\u00e3o necessariamente faria, me deu informa\u00e7\u00f5es que eu n\u00e3o achava que precisava saber \u201c\u2026 N\u00e3o estava me empurrando em nenhuma dire\u00e7\u00e3o. Foi muito objetivo, foi claro com o que estava dizendo e n\u00e3o estava dizendo que nenhuma delas era uma op\u00e7\u00e3o melhor que a outra. Estava apenas declarando fatos e explicando o que significava e isso me permitiu tomar uma decis\u00e3o sobre se eu gostava ou n\u00e3o\u201d<br>Uma jovem de 20 anos com linfoma.<\/p><p><strong>O Website foi elaborado para fornecer as informa\u00e7\u00f5es claras e oferecer o seguinte:<\/strong><\/p><ul><li>As p\u00e1ginas de conte\u00fado informam onde voc\u00ea pode encontrar se\u00e7\u00f5es sobre tratamento de cancro, problemas de fertilidade, decis\u00f5es de preserva\u00e7\u00e3o da fertilidade e planejamento familiar.<\/li><li>As fotos de decis\u00e3o ajudam a mostrar quais decis\u00f5es de fertilidade mulheres jovens podem tomar, antes, durante e ap\u00f3s o tratamento do cancro.<\/li><li>As tabelas comparam diferentes op\u00e7\u00f5es de preserva\u00e7\u00e3o da fertilidade, mostrando quais caracter\u00edsticas delas s\u00e3o iguais ou semelhantes e como elas diferem.<\/li><li>As perguntas ajudam voc\u00ea a pensar sobre as perguntas que voc\u00ea pode fazer \u00e0s equipes de tratamento de c\u00e2ncer e fertilidade, antes de iniciar o tratamento do c\u00e2ncer.<\/li><li>D\u00ea ideias sobre o tipo de coisas que voc\u00ea pode quer perguntar \u00e0 sua equipe de cuidados com o cancro e\/ou \u00e0 sua equipe de cuidado com a fertilidade.<\/li><li>Minhas perguntas sobre valores para ajud\u00e1-la a pensar sobre qual op\u00e7\u00e3o de preserva\u00e7\u00e3o da fertilidade se encaixa melhor em sua vida neste momento.<\/li><li>O gloss\u00e1rio d\u00e1 o significado dos termos usados para falar sobre cancro e seu tratamento, fertilidade e preserva\u00e7\u00e3o da fertilidade.<\/li><\/ul><p><strong>\u00c9 importante recordar:<\/strong><\/p><ol><li>Nem todas as mulheres que s\u00e3o tratadas para o cancro ter\u00e3o um problema de fertilidade no futuro.<\/li><li>Nem todos os procedimentos de preserva\u00e7\u00e3o da fertilidade descritos neste website s\u00e3o adequados para todas as mulheres.<\/li><li>Alguns dos procedimentos de preserva\u00e7\u00e3o da fertilidade descritos neste website podem n\u00e3o estar dispon\u00edveis em todas as cl\u00ednicas de fertilidade.<\/li><\/ol>\t\t\t\t\t\t\t\t<\/div>\n\t\t\t\t<\/div>\n\t\t\t\t<\/div>\n\t\t<div class=\"elementor-element elementor-element-b1afa93 e-con-full e-flex e-con e-child\" data-id=\"b1afa93\" data-element_type=\"container\" data-e-type=\"container\">\n\t\t<div class=\"elementor-element elementor-element-6a4613ad e-con-full e-flex e-con e-child\" data-id=\"6a4613ad\" data-element_type=\"container\" data-e-type=\"container\">\n\t\t\t\t<div class=\"elementor-element elementor-element-14f5e2a8 elementor-widget elementor-widget-image\" data-id=\"14f5e2a8\" data-element_type=\"widget\" data-e-type=\"widget\" data-widget_type=\"image.default\">\n\t\t\t\t<div class=\"elementor-widget-container\">\n\t\t\t\t\t\t\t\t\t\t\t\t\t\t\t\t<a href=\"http:\/\/.\/\">\n\t\t\t\t\t\t\t<img decoding=\"async\" width=\"200\" height=\"200\" src=\"https:\/\/cancerfertilityandme.org.uk\/wp-content\/uploads\/cancerfertilityandme-logo-header-young-women.png\" class=\"attachment-full size-full wp-image-331\" alt=\"\" srcset=\"https:\/\/cancerfertilityandme.org.uk\/wp-content\/uploads\/cancerfertilityandme-logo-header-young-women.png 200w, https:\/\/cancerfertilityandme.org.uk\/wp-content\/uploads\/cancerfertilityandme-logo-header-young-women-150x150.png 150w, https:\/\/cancerfertilityandme.org.uk\/wp-content\/uploads\/elementor\/thumbs\/cancerfertilityandme-logo-header-young-women-r4vfcv1ro149or8nkxzol3x986uodd6lq6no4gpb6w.png 100w\" sizes=\"(max-width: 200px) 100vw, 200px\" \/>\t\t\t\t\t\t\t\t<\/a>\n\t\t\t\t\t\t\t\t\t\t\t\t\t\t\t<\/div>\n\t\t\t\t<\/div>\n\t\t\t\t<\/div>\n\t\t<div class=\"elementor-element elementor-element-55791adf e-con-full e-flex e-con e-child\" data-id=\"55791adf\" data-element_type=\"container\" data-e-type=\"container\">\n\t\t\t\t<div class=\"elementor-element elementor-element-6a885291 elementor-widget elementor-widget-heading\" data-id=\"6a885291\" data-element_type=\"widget\" data-e-type=\"widget\" data-widget_type=\"heading.default\">\n\t\t\t\t<div class=\"elementor-widget-container\">\n\t\t\t\t\t<h3 class=\"elementor-heading-title elementor-size-default\">Para mais informa\u00e7\u00f5es, siga estes links<\/h3>\t\t\t\t<\/div>\n\t\t\t\t<\/div>\n\t\t\t\t<div class=\"elementor-element elementor-element-17ab66f5 elementor-nav-menu--dropdown-none elementor-widget elementor-widget-nav-menu\" data-id=\"17ab66f5\" data-element_type=\"widget\" data-e-type=\"widget\" data-settings=\"{&quot;layout&quot;:&quot;vertical&quot;,&quot;submenu_icon&quot;:{&quot;value&quot;:&quot;&lt;svg aria-hidden=\\&quot;true\\&quot; class=\\&quot;e-font-icon-svg e-fas-caret-down\\&quot; viewBox=\\&quot;0 0 320 512\\&quot; xmlns=\\&quot;http:\\\/\\\/www.w3.org\\\/2000\\\/svg\\&quot;&gt;&lt;path d=\\&quot;M31.3 192h257.3c17.8 0 26.7 21.5 14.1 34.1L174.1 354.8c-7.8 7.8-20.5 7.8-28.3 0L17.2 226.1C4.6 213.5 13.5 192 31.3 192z\\&quot;&gt;&lt;\\\/path&gt;&lt;\\\/svg&gt;&quot;,&quot;library&quot;:&quot;fa-solid&quot;}}\" data-widget_type=\"nav-menu.default\">\n\t\t\t\t<div class=\"elementor-widget-container\">\n\t\t\t\t\t\t\t\t<nav aria-label=\"Menu\" class=\"elementor-nav-menu--main elementor-nav-menu__container elementor-nav-menu--layout-vertical e--pointer-none\">\n\t\t\t\t<ul id=\"menu-1-17ab66f5\" class=\"elementor-nav-menu sm-vertical\"><li class=\"menu-item menu-item-type-post_type menu-item-object-page menu-item-8474\"><a href=\"https:\/\/cancerfertilityandme.org.uk\/young-women\/about-this-project\/\" class=\"elementor-item\">Sobre este projeto<\/a><\/li>\n<li class=\"menu-item menu-item-type-post_type menu-item-object-page menu-item-8477\"><a href=\"https:\/\/cancerfertilityandme.org.uk\/young-women\/about-this-project\/using-this-website\/\" class=\"elementor-item\">Utiliza\u00e7\u00e3o deste s\u00edtio Web<\/a><\/li>\n<li class=\"menu-item menu-item-type-post_type menu-item-object-page menu-item-8476\"><a href=\"https:\/\/cancerfertilityandme.org.uk\/young-women\/about-this-project\/linking-fertility-options\/\" class=\"elementor-item\">Vinculando op\u00e7\u00f5es de fertilidade<\/a><\/li>\n<li class=\"menu-item menu-item-type-post_type menu-item-object-page menu-item-10564\"><a href=\"https:\/\/cancerfertilityandme.org.uk\/glossary\/\" class=\"elementor-item\">Gloss\u00e1rio<\/a><\/li>\n<\/ul>\t\t\t<\/nav>\n\t\t\t\t\t\t<nav class=\"elementor-nav-menu--dropdown elementor-nav-menu__container\" aria-hidden=\"true\">\n\t\t\t\t<ul id=\"menu-2-17ab66f5\" class=\"elementor-nav-menu sm-vertical\"><li class=\"menu-item menu-item-type-post_type menu-item-object-page menu-item-8474\"><a href=\"https:\/\/cancerfertilityandme.org.uk\/young-women\/about-this-project\/\" class=\"elementor-item\" tabindex=\"-1\">Sobre este projeto<\/a><\/li>\n<li class=\"menu-item menu-item-type-post_type menu-item-object-page menu-item-8477\"><a href=\"https:\/\/cancerfertilityandme.org.uk\/young-women\/about-this-project\/using-this-website\/\" class=\"elementor-item\" tabindex=\"-1\">Utiliza\u00e7\u00e3o deste s\u00edtio Web<\/a><\/li>\n<li class=\"menu-item menu-item-type-post_type menu-item-object-page menu-item-8476\"><a href=\"https:\/\/cancerfertilityandme.org.uk\/young-women\/about-this-project\/linking-fertility-options\/\" class=\"elementor-item\" tabindex=\"-1\">Vinculando op\u00e7\u00f5es de fertilidade<\/a><\/li>\n<li class=\"menu-item menu-item-type-post_type menu-item-object-page menu-item-10564\"><a href=\"https:\/\/cancerfertilityandme.org.uk\/glossary\/\" class=\"elementor-item\" tabindex=\"-1\">Gloss\u00e1rio<\/a><\/li>\n<\/ul>\t\t\t<\/nav>\n\t\t\t\t\t\t<\/div>\n\t\t\t\t<\/div>\n\t\t\t\t<\/div>\n\t\t\t\t<\/div>\n\t\t\t\t\t<\/div>\n\t\t\t\t<\/main>\n\t\t\t\t<\/div>\n\t\t","protected":false},"excerpt":{"rendered":"<p>Utiliza\u00e7\u00e3o deste website para o ajud\u00e0-la a tomar a sua decis\u00e3o \u201c\u201cEstou pensando em cinco anos, ou em dez anos? E no futuro?\u201dUma jovem de 25 anos com cancro de ov\u00e1rio Para ajud\u00e1-lo a tomar decis\u00f5es de preserva\u00e7\u00e3o da fertilidade antes de iniciar o tratamento do c\u00e2ncer, este site cont\u00e9m informa\u00e7\u00f5es para ajud\u00e1-lo: Saiba mais [&hellip;]<\/p>\n","protected":false},"author":1,"featured_media":0,"parent":8205,"menu_order":0,"comment_status":"open","ping_status":"closed","template":"","meta":{"footnotes":""},"class_list":["post-8206","page","type-page","status-publish","hentry"],"_links":{"self":[{"href":"https:\/\/cancerfertilityandme.org.uk\/pt-pt\/wp-json\/wp\/v2\/pages\/8206","targetHints":{"allow":["GET"]}}],"collection":[{"href":"https:\/\/cancerfertilityandme.org.uk\/pt-pt\/wp-json\/wp\/v2\/pages"}],"about":[{"href":"https:\/\/cancerfertilityandme.org.uk\/pt-pt\/wp-json\/wp\/v2\/types\/page"}],"author":[{"embeddable":true,"href":"https:\/\/cancerfertilityandme.org.uk\/pt-pt\/wp-json\/wp\/v2\/users\/1"}],"replies":[{"embeddable":true,"href":"https:\/\/cancerfertilityandme.org.uk\/pt-pt\/wp-json\/wp\/v2\/comments?post=8206"}],"version-history":[{"count":3,"href":"https:\/\/cancerfertilityandme.org.uk\/pt-pt\/wp-json\/wp\/v2\/pages\/8206\/revisions"}],"predecessor-version":[{"id":9675,"href":"https:\/\/cancerfertilityandme.org.uk\/pt-pt\/wp-json\/wp\/v2\/pages\/8206\/revisions\/9675"}],"up":[{"embeddable":true,"href":"https:\/\/cancerfertilityandme.org.uk\/pt-pt\/wp-json\/wp\/v2\/pages\/8205"}],"wp:attachment":[{"href":"https:\/\/cancerfertilityandme.org.uk\/pt-pt\/wp-json\/wp\/v2\/media?parent=8206"}],"curies":[{"name":"wp","href":"https:\/\/api.w.org\/{rel}","templated":true}]}}