{"id":8205,"date":"2023-04-03T09:01:57","date_gmt":"2023-04-03T09:01:57","guid":{"rendered":"https:\/\/cancerfertilityandme.org.uk\/sobre-este-site\/"},"modified":"2026-03-10T11:50:56","modified_gmt":"2026-03-10T11:50:56","slug":"sobre-este-site","status":"publish","type":"page","link":"https:\/\/cancerfertilityandme.org.uk\/pt-pt\/mulheres-jovens\/sobre-este-site\/","title":{"rendered":"Sobre este projeto"},"content":{"rendered":"\t\t<div data-elementor-type=\"wp-page\" data-elementor-id=\"8205\" class=\"elementor elementor-8205 elementor-7774\" data-elementor-post-type=\"page\">\n\t\t\t\t<main class=\"elementor-element elementor-element-4a68a2b7 e-flex e-con-boxed e-con e-parent\" data-id=\"4a68a2b7\" data-element_type=\"container\" data-e-type=\"container\">\n\t\t\t\t\t<div class=\"e-con-inner\">\n\t\t<div class=\"elementor-element elementor-element-bf63f4d e-con-full e-flex e-con e-child\" data-id=\"bf63f4d\" data-element_type=\"container\" data-e-type=\"container\">\n\t\t\t\t<div class=\"elementor-element elementor-element-437ce504 elementor-widget elementor-widget-text-editor\" data-id=\"437ce504\" data-element_type=\"widget\" data-e-type=\"widget\" data-widget_type=\"text-editor.default\">\n\t\t\t\t<div class=\"elementor-widget-container\">\n\t\t\t\t\t\t\t\t\t<h2>Sobre este site<\/h2>\n<strong>Se voc\u00ea foi diagnosticado com cancro, ter\u00e1 muito em que pensar. \u00c9 prov\u00e1vel que voc\u00ea passe por toda uma gama de sentimentos e emo\u00e7\u00f5es a partir do momento do diagn\u00f3stico, e \u00e9 prov\u00e1vel que tenha muitas perguntas. <\/strong>\n\n<strong>O cancro e seu tratamento podem afetar a fertilidade e as chances de engravidar no futuro.<\/strong>\n\nEsta informa\u00e7\u00e3o pode ser nova para voc\u00ea. Ou voc\u00ea j\u00e1 deve estar ciente disso e se perguntou, se ainda poder\u00e1 ter uma fam\u00edlia no futuro. Se ter filhos est\u00e1 definitivamente em seus planos, ou se tudo parece muito distante para realmente saber de qualquer maneira, este livreto fornece informa\u00e7\u00f5es para ajud\u00e1-la a pensar sobre a preserva\u00e7\u00e3o da fertilidade Os tratamentos de preserva\u00e7\u00e3o da fertilidade s\u00e3o formas de ajudar meninas e mulheres jovens com cancro a terem uma chance maior de engravidar e ter um filho no futuro, ap\u00f3s o tratamento contra o cancro Esperamos que este site a ajude a entender mais sobre a preserva\u00e7\u00e3o da fertilidade. Embora as decis\u00f5es que voc\u00ea tem sejam pessoais e as escolhas que voc\u00ea faz sejam inteiramente suas, esperamos que este livreto a ajude a saber, quais as op\u00e7\u00f5es est\u00e3o dispon\u00edveis e a ajude a tomar a melhor decis\u00e3o para voc\u00ea.     \n\n<blockquote>&#8220;Senti-me insegura durante algum tempo, mas quando tomei a decis\u00e3o tive a certeza de que era isso que queria fazer. E ainda bem que o fiz, foi a decis\u00e3o certa a tomar.<em>&#8220;<br><br> &#8211; Uma jovem de 20 anos com linfoma<\/em><\/blockquote>\n\n<b>Este Website tem informa\u00e7\u00e3o de ajud\u00e1-la:<\/b>\n<ul>\n \t<li>Compreender mais sobre como os tratamentos de cancro podem causar problemas de fertilidade nas mulheres.<\/li>\n \t<li>Compreender mais sobre como as mulheres com cancro podem preservar a sua fertilidade, antes de iniciar o tratamento do cancro.<\/li>\n \t<li>Compreender que as op\u00e7\u00f5es para preservar a fertilidade podem caber melhor na sua vida.<\/li>\n \t<li>Compreender as decis\u00f5es de planejamento familiar durante e ap\u00f3s o tratamento do cancro.<\/li>\n<\/ul>\n<strong>Este website pode ser-lhe \u00fatil se:<\/strong>\n<ul>\n \t<li>Foi-lhe diagnosticado recentemente um cancro.<\/li>\n \t<li>Voc\u00ea pode querer engravidar e tentar ter um filho no futuro, depois do tratamento do seu cancro ter sido conclu\u00eddo.<\/li>\n \t<li>Gostarias de saber mais sobre o tratamento de preserva\u00e7\u00e3o da fertilidade.<\/li>\n \t<li>Gostarias de obter mais informa\u00e7\u00f5es para te ajudar a tomar uma decis\u00e3o sobre a preserva\u00e7\u00e3o da fertilidade.<\/li>\n<\/ul>\t\t\t\t\t\t\t\t<\/div>\n\t\t\t\t<\/div>\n\t\t\t\t<\/div>\n\t\t<div class=\"elementor-element elementor-element-4c2a2e61 e-con-full e-flex e-con e-child\" data-id=\"4c2a2e61\" data-element_type=\"container\" data-e-type=\"container\">\n\t\t<div class=\"elementor-element elementor-element-4cf1ed17 e-con-full e-flex e-con e-child\" data-id=\"4cf1ed17\" data-element_type=\"container\" data-e-type=\"container\">\n\t\t\t\t<div class=\"elementor-element elementor-element-4147e412 elementor-widget elementor-widget-image\" data-id=\"4147e412\" data-element_type=\"widget\" data-e-type=\"widget\" data-widget_type=\"image.default\">\n\t\t\t\t<div class=\"elementor-widget-container\">\n\t\t\t\t\t\t\t\t\t\t\t\t\t\t\t\t<a href=\"http:\/\/.\/\">\n\t\t\t\t\t\t\t<img decoding=\"async\" width=\"200\" height=\"200\" src=\"https:\/\/cancerfertilityandme.org.uk\/wp-content\/uploads\/cancerfertilityandme-logo-header-young-women.png\" class=\"attachment-full size-full wp-image-331\" alt=\"\" srcset=\"https:\/\/cancerfertilityandme.org.uk\/wp-content\/uploads\/cancerfertilityandme-logo-header-young-women.png 200w, https:\/\/cancerfertilityandme.org.uk\/wp-content\/uploads\/cancerfertilityandme-logo-header-young-women-150x150.png 150w, https:\/\/cancerfertilityandme.org.uk\/wp-content\/uploads\/elementor\/thumbs\/cancerfertilityandme-logo-header-young-women-r4vfcv1ro149or8nkxzol3x986uodd6lq6no4gpb6w.png 100w\" sizes=\"(max-width: 200px) 100vw, 200px\" \/>\t\t\t\t\t\t\t\t<\/a>\n\t\t\t\t\t\t\t\t\t\t\t\t\t\t\t<\/div>\n\t\t\t\t<\/div>\n\t\t\t\t<\/div>\n\t\t<div class=\"elementor-element elementor-element-429ad59f e-con-full e-flex e-con e-child\" data-id=\"429ad59f\" data-element_type=\"container\" data-e-type=\"container\">\n\t\t\t\t<div class=\"elementor-element elementor-element-68253d98 elementor-widget elementor-widget-heading\" data-id=\"68253d98\" data-element_type=\"widget\" data-e-type=\"widget\" data-widget_type=\"heading.default\">\n\t\t\t\t<div class=\"elementor-widget-container\">\n\t\t\t\t\t<h3 class=\"elementor-heading-title elementor-size-default\">Para mais informa\u00e7\u00f5es, siga estes links<\/h3>\t\t\t\t<\/div>\n\t\t\t\t<\/div>\n\t\t\t\t<div class=\"elementor-element elementor-element-4eaf61a0 elementor-nav-menu--dropdown-none elementor-widget elementor-widget-nav-menu\" data-id=\"4eaf61a0\" data-element_type=\"widget\" data-e-type=\"widget\" data-settings=\"{&quot;layout&quot;:&quot;vertical&quot;,&quot;submenu_icon&quot;:{&quot;value&quot;:&quot;&lt;svg aria-hidden=\\&quot;true\\&quot; class=\\&quot;e-font-icon-svg e-fas-caret-down\\&quot; viewBox=\\&quot;0 0 320 512\\&quot; xmlns=\\&quot;http:\\\/\\\/www.w3.org\\\/2000\\\/svg\\&quot;&gt;&lt;path d=\\&quot;M31.3 192h257.3c17.8 0 26.7 21.5 14.1 34.1L174.1 354.8c-7.8 7.8-20.5 7.8-28.3 0L17.2 226.1C4.6 213.5 13.5 192 31.3 192z\\&quot;&gt;&lt;\\\/path&gt;&lt;\\\/svg&gt;&quot;,&quot;library&quot;:&quot;fa-solid&quot;}}\" data-widget_type=\"nav-menu.default\">\n\t\t\t\t<div class=\"elementor-widget-container\">\n\t\t\t\t\t\t\t\t<nav aria-label=\"Menu\" class=\"elementor-nav-menu--main elementor-nav-menu__container elementor-nav-menu--layout-vertical e--pointer-none\">\n\t\t\t\t<ul id=\"menu-1-4eaf61a0\" class=\"elementor-nav-menu sm-vertical\"><li class=\"menu-item menu-item-type-post_type menu-item-object-page menu-item-8474\"><a href=\"https:\/\/cancerfertilityandme.org.uk\/young-women\/about-this-project\/\" class=\"elementor-item\">Sobre este projeto<\/a><\/li>\n<li class=\"menu-item menu-item-type-post_type menu-item-object-page menu-item-8477\"><a href=\"https:\/\/cancerfertilityandme.org.uk\/young-women\/about-this-project\/using-this-website\/\" class=\"elementor-item\">Utiliza\u00e7\u00e3o deste s\u00edtio Web<\/a><\/li>\n<li class=\"menu-item menu-item-type-post_type menu-item-object-page menu-item-8476\"><a href=\"https:\/\/cancerfertilityandme.org.uk\/young-women\/about-this-project\/linking-fertility-options\/\" class=\"elementor-item\">Vinculando op\u00e7\u00f5es de fertilidade<\/a><\/li>\n<li class=\"menu-item menu-item-type-post_type menu-item-object-page menu-item-10564\"><a href=\"https:\/\/cancerfertilityandme.org.uk\/glossary\/\" class=\"elementor-item\">Gloss\u00e1rio<\/a><\/li>\n<\/ul>\t\t\t<\/nav>\n\t\t\t\t\t\t<nav class=\"elementor-nav-menu--dropdown elementor-nav-menu__container\" aria-hidden=\"true\">\n\t\t\t\t<ul id=\"menu-2-4eaf61a0\" class=\"elementor-nav-menu sm-vertical\"><li class=\"menu-item menu-item-type-post_type menu-item-object-page menu-item-8474\"><a href=\"https:\/\/cancerfertilityandme.org.uk\/young-women\/about-this-project\/\" class=\"elementor-item\" tabindex=\"-1\">Sobre este projeto<\/a><\/li>\n<li class=\"menu-item menu-item-type-post_type menu-item-object-page menu-item-8477\"><a href=\"https:\/\/cancerfertilityandme.org.uk\/young-women\/about-this-project\/using-this-website\/\" class=\"elementor-item\" tabindex=\"-1\">Utiliza\u00e7\u00e3o deste s\u00edtio Web<\/a><\/li>\n<li class=\"menu-item menu-item-type-post_type menu-item-object-page menu-item-8476\"><a href=\"https:\/\/cancerfertilityandme.org.uk\/young-women\/about-this-project\/linking-fertility-options\/\" class=\"elementor-item\" tabindex=\"-1\">Vinculando op\u00e7\u00f5es de fertilidade<\/a><\/li>\n<li class=\"menu-item menu-item-type-post_type menu-item-object-page menu-item-10564\"><a href=\"https:\/\/cancerfertilityandme.org.uk\/glossary\/\" class=\"elementor-item\" tabindex=\"-1\">Gloss\u00e1rio<\/a><\/li>\n<\/ul>\t\t\t<\/nav>\n\t\t\t\t\t\t<\/div>\n\t\t\t\t<\/div>\n\t\t\t\t<\/div>\n\t\t\t\t<\/div>\n\t\t\t\t\t<\/div>\n\t\t\t\t<\/main>\n\t\t\t\t<\/div>\n\t\t","protected":false},"excerpt":{"rendered":"<p>Sobre este site Se voc\u00ea foi diagnosticado com cancro, ter\u00e1 muito em que pensar. \u00c9 prov\u00e1vel que voc\u00ea passe por toda uma gama de sentimentos e emo\u00e7\u00f5es a partir do momento do diagn\u00f3stico, e \u00e9 prov\u00e1vel que tenha muitas perguntas. O cancro e seu tratamento podem afetar a fertilidade e as chances de engravidar no [&hellip;]<\/p>\n","protected":false},"author":1,"featured_media":0,"parent":8203,"menu_order":0,"comment_status":"open","ping_status":"closed","template":"","meta":{"footnotes":""},"class_list":["post-8205","page","type-page","status-publish","hentry"],"_links":{"self":[{"href":"https:\/\/cancerfertilityandme.org.uk\/pt-pt\/wp-json\/wp\/v2\/pages\/8205","targetHints":{"allow":["GET"]}}],"collection":[{"href":"https:\/\/cancerfertilityandme.org.uk\/pt-pt\/wp-json\/wp\/v2\/pages"}],"about":[{"href":"https:\/\/cancerfertilityandme.org.uk\/pt-pt\/wp-json\/wp\/v2\/types\/page"}],"author":[{"embeddable":true,"href":"https:\/\/cancerfertilityandme.org.uk\/pt-pt\/wp-json\/wp\/v2\/users\/1"}],"replies":[{"embeddable":true,"href":"https:\/\/cancerfertilityandme.org.uk\/pt-pt\/wp-json\/wp\/v2\/comments?post=8205"}],"version-history":[{"count":4,"href":"https:\/\/cancerfertilityandme.org.uk\/pt-pt\/wp-json\/wp\/v2\/pages\/8205\/revisions"}],"predecessor-version":[{"id":11203,"href":"https:\/\/cancerfertilityandme.org.uk\/pt-pt\/wp-json\/wp\/v2\/pages\/8205\/revisions\/11203"}],"up":[{"embeddable":true,"href":"https:\/\/cancerfertilityandme.org.uk\/pt-pt\/wp-json\/wp\/v2\/pages\/8203"}],"wp:attachment":[{"href":"https:\/\/cancerfertilityandme.org.uk\/pt-pt\/wp-json\/wp\/v2\/media?parent=8205"}],"curies":[{"name":"wp","href":"https:\/\/api.w.org\/{rel}","templated":true}]}}