{"id":8201,"date":"2023-04-06T17:10:12","date_gmt":"2023-04-06T17:10:12","guid":{"rendered":"https:\/\/cancerfertilityandme.org.uk\/descarregue-a-brochura-cfm-em-ingles-2\/"},"modified":"2026-02-06T15:52:34","modified_gmt":"2026-02-06T15:52:34","slug":"descarregue-a-brochura-cfm-em-ingles-2","status":"publish","type":"page","link":"https:\/\/cancerfertilityandme.org.uk\/pt-pt\/mulheres-jovens\/outras-informacoes-e-contactos\/descarregue-a-brochura-cfm-em-ingles-2\/","title":{"rendered":"Descarregue a brochura CFM (em ingl\u00eas)"},"content":{"rendered":"\t\t<div data-elementor-type=\"wp-page\" data-elementor-id=\"8201\" class=\"elementor elementor-8201 elementor-7827\" data-elementor-post-type=\"page\">\n\t\t\t\t<main class=\"elementor-element elementor-element-41b06bb0 e-flex e-con-boxed e-con e-parent\" data-id=\"41b06bb0\" data-element_type=\"container\" data-e-type=\"container\">\n\t\t\t\t\t<div class=\"e-con-inner\">\n\t\t<div class=\"elementor-element elementor-element-33970939 e-con-full e-flex e-con e-child\" data-id=\"33970939\" data-element_type=\"container\" data-e-type=\"container\">\n\t\t\t\t<div class=\"elementor-element elementor-element-29160210 elementor-widget elementor-widget-text-editor\" data-id=\"29160210\" data-element_type=\"widget\" data-e-type=\"widget\" data-widget_type=\"text-editor.default\">\n\t\t\t\t<div class=\"elementor-widget-container\">\n\t\t\t\t\t\t\t\t\t<h2>Descarregue a brochura CFM em PDF (em ingl\u00eas)<\/h2><p>Este s\u00edtio Web baseia-se na brochura impressa que cri\u00e1mos intitulada <strong>\u201cCancer, Fertility &amp; Me\u201d (Cancro, fertilidade e eu)..<\/strong><\/p><p><a href=\"\/wp-content\/uploads\/CFM-TYA-Decision-Aid-web.pdf\" target=\"_blank\" rel=\"noopener noreferrer\">Pode descarregar uma vers\u00e3o PDF da brochura aqui (em ingl\u00eas)<\/a><\/p><p><a href=\"\/wp-content\/uploads\/CFM-TYA-Decision-Aid-web.pdf\" target=\"_blank\" rel=\"noopener\"><img fetchpriority=\"high\" decoding=\"async\" class=\"aligncenter wp-image-9061 size-full\" src=\"https:\/\/cancerfertilityandme.org.uk\/wp-content\/uploads\/CFM-TYA-cover.png\" alt=\"\" width=\"388\" height=\"534\" srcset=\"https:\/\/cancerfertilityandme.org.uk\/wp-content\/uploads\/CFM-TYA-cover.png 388w, https:\/\/cancerfertilityandme.org.uk\/wp-content\/uploads\/CFM-TYA-cover-218x300.png 218w\" sizes=\"(max-width: 388px) 100vw, 388px\" \/><\/a><\/p>\t\t\t\t\t\t\t\t<\/div>\n\t\t\t\t<\/div>\n\t\t\t\t<\/div>\n\t\t<div class=\"elementor-element elementor-element-195823b9 e-con-full e-flex e-con e-child\" data-id=\"195823b9\" data-element_type=\"container\" data-e-type=\"container\">\n\t\t<div class=\"elementor-element elementor-element-ff96792 e-con-full e-flex e-con e-child\" data-id=\"ff96792\" data-element_type=\"container\" data-e-type=\"container\">\n\t\t\t\t<div class=\"elementor-element elementor-element-31de58a8 elementor-widget elementor-widget-image\" data-id=\"31de58a8\" data-element_type=\"widget\" data-e-type=\"widget\" data-widget_type=\"image.default\">\n\t\t\t\t<div class=\"elementor-widget-container\">\n\t\t\t\t\t\t\t\t\t\t\t\t\t\t\t\t<a href=\"http:\/\/.\/\">\n\t\t\t\t\t\t\t<img decoding=\"async\" width=\"200\" height=\"200\" src=\"https:\/\/cancerfertilityandme.org.uk\/wp-content\/uploads\/cancerfertilityandme-logo-header-young-women.png\" class=\"attachment-full size-full wp-image-331\" alt=\"\" srcset=\"https:\/\/cancerfertilityandme.org.uk\/wp-content\/uploads\/cancerfertilityandme-logo-header-young-women.png 200w, https:\/\/cancerfertilityandme.org.uk\/wp-content\/uploads\/cancerfertilityandme-logo-header-young-women-150x150.png 150w, https:\/\/cancerfertilityandme.org.uk\/wp-content\/uploads\/elementor\/thumbs\/cancerfertilityandme-logo-header-young-women-r4vfcv1ro149or8nkxzol3x986uodd6lq6no4gpb6w.png 100w\" sizes=\"(max-width: 200px) 100vw, 200px\" \/>\t\t\t\t\t\t\t\t<\/a>\n\t\t\t\t\t\t\t\t\t\t\t\t\t\t\t<\/div>\n\t\t\t\t<\/div>\n\t\t\t\t<\/div>\n\t\t<div class=\"elementor-element elementor-element-35a75f27 e-con-full e-flex e-con e-child\" data-id=\"35a75f27\" data-element_type=\"container\" data-e-type=\"container\">\n\t\t\t\t<div class=\"elementor-element elementor-element-29e7b95 elementor-widget elementor-widget-heading\" data-id=\"29e7b95\" data-element_type=\"widget\" data-e-type=\"widget\" data-widget_type=\"heading.default\">\n\t\t\t\t<div class=\"elementor-widget-container\">\n\t\t\t\t\t<h3 class=\"elementor-heading-title elementor-size-default\">Para mais informa\u00e7\u00f5es, siga estes links<\/h3>\t\t\t\t<\/div>\n\t\t\t\t<\/div>\n\t\t\t\t<div class=\"elementor-element elementor-element-46dc4f0c elementor-nav-menu--dropdown-none elementor-widget elementor-widget-nav-menu\" data-id=\"46dc4f0c\" data-element_type=\"widget\" data-e-type=\"widget\" data-settings=\"{&quot;layout&quot;:&quot;vertical&quot;,&quot;submenu_icon&quot;:{&quot;value&quot;:&quot;&lt;svg aria-hidden=\\&quot;true\\&quot; class=\\&quot;e-font-icon-svg e-fas-caret-down\\&quot; viewBox=\\&quot;0 0 320 512\\&quot; xmlns=\\&quot;http:\\\/\\\/www.w3.org\\\/2000\\\/svg\\&quot;&gt;&lt;path d=\\&quot;M31.3 192h257.3c17.8 0 26.7 21.5 14.1 34.1L174.1 354.8c-7.8 7.8-20.5 7.8-28.3 0L17.2 226.1C4.6 213.5 13.5 192 31.3 192z\\&quot;&gt;&lt;\\\/path&gt;&lt;\\\/svg&gt;&quot;,&quot;library&quot;:&quot;fa-solid&quot;}}\" data-widget_type=\"nav-menu.default\">\n\t\t\t\t<div class=\"elementor-widget-container\">\n\t\t\t\t\t\t\t\t<nav aria-label=\"Menu\" class=\"elementor-nav-menu--main elementor-nav-menu__container elementor-nav-menu--layout-vertical e--pointer-none\">\n\t\t\t\t<ul id=\"menu-1-46dc4f0c\" class=\"elementor-nav-menu sm-vertical\"><li class=\"menu-item menu-item-type-post_type menu-item-object-page menu-item-8527\"><a href=\"https:\/\/cancerfertilityandme.org.uk\/young-women\/other-information-and-contacts\/\" class=\"elementor-item\">Outras informa\u00e7\u00f5es e contactos<\/a><\/li>\n<li class=\"menu-item menu-item-type-post_type menu-item-object-page menu-item-8528\"><a href=\"https:\/\/cancerfertilityandme.org.uk\/young-women\/other-information-and-contacts\/the-cfm-team\/\" class=\"elementor-item\">A Equipe CFM<\/a><\/li>\n<li class=\"menu-item menu-item-type-post_type menu-item-object-page menu-item-8529\"><a href=\"https:\/\/cancerfertilityandme.org.uk\/young-women\/other-information-and-contacts\/download-the-booklet\/\" class=\"elementor-item\">Descarregue a brochura CFM (em ingl\u00eas)<\/a><\/li>\n<li class=\"menu-item menu-item-type-post_type menu-item-object-page menu-item-10566\"><a href=\"https:\/\/cancerfertilityandme.org.uk\/contact-us\/\" class=\"elementor-item\">Contate-nos<\/a><\/li>\n<\/ul>\t\t\t<\/nav>\n\t\t\t\t\t\t<nav class=\"elementor-nav-menu--dropdown elementor-nav-menu__container\" aria-hidden=\"true\">\n\t\t\t\t<ul id=\"menu-2-46dc4f0c\" class=\"elementor-nav-menu sm-vertical\"><li class=\"menu-item menu-item-type-post_type menu-item-object-page menu-item-8527\"><a href=\"https:\/\/cancerfertilityandme.org.uk\/young-women\/other-information-and-contacts\/\" class=\"elementor-item\" tabindex=\"-1\">Outras informa\u00e7\u00f5es e contactos<\/a><\/li>\n<li class=\"menu-item menu-item-type-post_type menu-item-object-page menu-item-8528\"><a href=\"https:\/\/cancerfertilityandme.org.uk\/young-women\/other-information-and-contacts\/the-cfm-team\/\" class=\"elementor-item\" tabindex=\"-1\">A Equipe CFM<\/a><\/li>\n<li class=\"menu-item menu-item-type-post_type menu-item-object-page menu-item-8529\"><a href=\"https:\/\/cancerfertilityandme.org.uk\/young-women\/other-information-and-contacts\/download-the-booklet\/\" class=\"elementor-item\" tabindex=\"-1\">Descarregue a brochura CFM (em ingl\u00eas)<\/a><\/li>\n<li class=\"menu-item menu-item-type-post_type menu-item-object-page menu-item-10566\"><a href=\"https:\/\/cancerfertilityandme.org.uk\/contact-us\/\" class=\"elementor-item\" tabindex=\"-1\">Contate-nos<\/a><\/li>\n<\/ul>\t\t\t<\/nav>\n\t\t\t\t\t\t<\/div>\n\t\t\t\t<\/div>\n\t\t\t\t<\/div>\n\t\t\t\t<\/div>\n\t\t\t\t\t<\/div>\n\t\t\t\t<\/main>\n\t\t\t\t<\/div>\n\t\t","protected":false},"excerpt":{"rendered":"<p>Descarregue a brochura CFM em PDF (em ingl\u00eas) Este s\u00edtio Web baseia-se na brochura impressa que cri\u00e1mos intitulada \u201cCancer, Fertility &amp; Me\u201d (Cancro, fertilidade e eu).. Pode descarregar uma vers\u00e3o PDF da brochura aqui (em ingl\u00eas) Para mais informa\u00e7\u00f5es, siga estes links<\/p>\n","protected":false},"author":1,"featured_media":0,"parent":8272,"menu_order":0,"comment_status":"open","ping_status":"closed","template":"","meta":{"footnotes":""},"class_list":["post-8201","page","type-page","status-publish","hentry"],"_links":{"self":[{"href":"https:\/\/cancerfertilityandme.org.uk\/pt-pt\/wp-json\/wp\/v2\/pages\/8201","targetHints":{"allow":["GET"]}}],"collection":[{"href":"https:\/\/cancerfertilityandme.org.uk\/pt-pt\/wp-json\/wp\/v2\/pages"}],"about":[{"href":"https:\/\/cancerfertilityandme.org.uk\/pt-pt\/wp-json\/wp\/v2\/types\/page"}],"author":[{"embeddable":true,"href":"https:\/\/cancerfertilityandme.org.uk\/pt-pt\/wp-json\/wp\/v2\/users\/1"}],"replies":[{"embeddable":true,"href":"https:\/\/cancerfertilityandme.org.uk\/pt-pt\/wp-json\/wp\/v2\/comments?post=8201"}],"version-history":[{"count":2,"href":"https:\/\/cancerfertilityandme.org.uk\/pt-pt\/wp-json\/wp\/v2\/pages\/8201\/revisions"}],"predecessor-version":[{"id":10345,"href":"https:\/\/cancerfertilityandme.org.uk\/pt-pt\/wp-json\/wp\/v2\/pages\/8201\/revisions\/10345"}],"up":[{"embeddable":true,"href":"https:\/\/cancerfertilityandme.org.uk\/pt-pt\/wp-json\/wp\/v2\/pages\/8272"}],"wp:attachment":[{"href":"https:\/\/cancerfertilityandme.org.uk\/pt-pt\/wp-json\/wp\/v2\/media?parent=8201"}],"curies":[{"name":"wp","href":"https:\/\/api.w.org\/{rel}","templated":true}]}}