{"id":6766,"date":"2025-06-27T10:09:54","date_gmt":"2025-06-27T10:09:54","guid":{"rendered":"https:\/\/cancerfertilityandme.org.uk\/mulheres-adultas\/"},"modified":"2026-03-26T17:03:27","modified_gmt":"2026-03-26T17:03:27","slug":"mulheres-adultas","status":"publish","type":"page","link":"https:\/\/cancerfertilityandme.org.uk\/pt-pt\/mulheres-adultas\/","title":{"rendered":"Mulheres adultas"},"content":{"rendered":"\t\t<div data-elementor-type=\"wp-page\" data-elementor-id=\"6766\" class=\"elementor elementor-6766 elementor-6655\" data-elementor-post-type=\"page\">\n\t\t\t\t<main class=\"elementor-element elementor-element-306c1c83 e-flex e-con-boxed e-con e-parent\" data-id=\"306c1c83\" data-element_type=\"container\" data-e-type=\"container\">\n\t\t\t\t\t<div class=\"e-con-inner\">\n\t\t<div class=\"elementor-element elementor-element-2c9b0071 e-con-full e-flex e-con e-child\" data-id=\"2c9b0071\" data-element_type=\"container\" data-e-type=\"container\">\n\t\t<div class=\"elementor-element elementor-element-69ea54fd e-con-full e-flex e-con e-child\" data-id=\"69ea54fd\" data-element_type=\"container\" data-e-type=\"container\">\n\t\t\t\t<div class=\"elementor-element elementor-element-2e676870 elementor-widget elementor-widget-text-editor\" data-id=\"2e676870\" data-element_type=\"widget\" data-e-type=\"widget\" data-widget_type=\"text-editor.default\">\n\t\t\t\t<div class=\"elementor-widget-container\">\n\t\t\t\t\t\t\t\t\t<p>Este website foi desenvolvido para mulheres com cancro. Os tratamentos contra o cancro podem afectar a fertilidade e as chances de engravidar no futuro. O seu objectivo \u00e9 ajudar as mulheres a pensar sobre os tratamentos que podem ajudar a preservar a sua fertilidade. Tem tamb\u00e9m, como objetivo ajudar as mulheres a prepararem-se para falar com os seus profissionais de sa\u00fade, parceiro, fam\u00edlia e amigos sobre a preserva\u00e7\u00e3o da fertilidade antes do in\u00edcio do tratamento do cancro. Esperamos que este s\u00edtio Web a ajude a tomar as melhores decis\u00f5es para si.    <\/p><p>Esta ajuda para \u00e0 decis\u00e3o do paciente reflete com precis\u00e3o as recomenda\u00e7\u00f5es da orienta\u00e7\u00e3o do NICE sobre <a href=\"https:\/\/www.nice.org.uk\/guidance\/cg156\" target=\"_blank\" rel=\"noopener noreferrer\">problemas de fertilidade<\/a> e a <a href=\"https:\/\/www.nice.org.uk\/guidance\/cg138\" target=\"_blank\" rel=\"noopener noreferrer\">experi\u00eancia do paciente nos servi\u00e7os do Servi\u00e7o Nacional de Sa\u00fade (NHS)<\/a>. Tamb\u00e9m apoia as declara\u00e7\u00f5es 4, 5 e 6 no padr\u00e3o de qualidade NICE para a experi\u00eancia d<a href=\"https:\/\/www.nice.org.uk\/guidance\/qs15\" target=\"_blank\" rel=\"noopener noreferrer\">opaciente no Servi\u00e7o Nacional de Sa\u00fade (NHS)<\/a>, a declara\u00e7\u00e3o 7 no padr\u00e3o de qualidade para <a href=\"https:\/\/www.nice.org.uk\/guidance\/qs55\" target=\"_blank\" rel=\"noopener noreferrer\">servi\u00e7os de cancro para crian\u00e7as e jovens<\/a>, e as declara\u00e7\u00f5es 3 e 9 no padr\u00e3o de qualidade para os <a href=\"https:\/\/www.nice.org.uk\/guidance\/qs73\" target=\"_blank\" rel=\"noopener noreferrer\">problemas de fertilidade<\/a>. <\/p><p><strong>National Institute for Health and Care Excellence, July 2020.<\/strong><\/p>\t\t\t\t\t\t\t\t<\/div>\n\t\t\t\t<\/div>\n\t\t\t\t<div class=\"elementor-element elementor-element-75e8a93 elementor-position-inline-start elementor-view-default elementor-mobile-position-block-start elementor-widget elementor-widget-icon-box\" data-id=\"75e8a93\" data-element_type=\"widget\" data-e-type=\"widget\" data-widget_type=\"icon-box.default\">\n\t\t\t\t<div class=\"elementor-widget-container\">\n\t\t\t\t\t\t\t<div class=\"elementor-icon-box-wrapper\">\n\n\t\t\t\t\t\t<div class=\"elementor-icon-box-icon\">\n\t\t\t\t<a href=\"https:\/\/cancerfertilityandme.org.uk\/pt-pt\/mulheres-adultas\/contactos-uteis\/descarregue-a-brochura-cfm-em-ingles\/\" class=\"elementor-icon\" tabindex=\"-1\" aria-label=\"Pode descarregar uma vers\u00e3o PDF da brochura aqui (em ingl\u00eas)\">\n\t\t\t\t<svg aria-hidden=\"true\" class=\"e-font-icon-svg e-far-file-pdf\" viewBox=\"0 0 384 512\" xmlns=\"http:\/\/www.w3.org\/2000\/svg\"><path d=\"M369.9 97.9L286 14C277 5 264.8-.1 252.1-.1H48C21.5 0 0 21.5 0 48v416c0 26.5 21.5 48 48 48h288c26.5 0 48-21.5 48-48V131.9c0-12.7-5.1-25-14.1-34zM332.1 128H256V51.9l76.1 76.1zM48 464V48h160v104c0 13.3 10.7 24 24 24h104v288H48zm250.2-143.7c-12.2-12-47-8.7-64.4-6.5-17.2-10.5-28.7-25-36.8-46.3 3.9-16.1 10.1-40.6 5.4-56-4.2-26.2-37.8-23.6-42.6-5.9-4.4 16.1-.4 38.5 7 67.1-10 23.9-24.9 56-35.4 74.4-20 10.3-47 26.2-51 46.2-3.3 15.8 26 55.2 76.1-31.2 22.4-7.4 46.8-16.5 68.4-20.1 18.9 10.2 41 17 55.8 17 25.5 0 28-28.2 17.5-38.7zm-198.1 77.8c5.1-13.7 24.5-29.5 30.4-35-19 30.3-30.4 35.7-30.4 35zm81.6-190.6c7.4 0 6.7 32.1 1.8 40.8-4.4-13.9-4.3-40.8-1.8-40.8zm-24.4 136.6c9.7-16.9 18-37 24.7-54.7 8.3 15.1 18.9 27.2 30.1 35.5-20.8 4.3-38.9 13.1-54.8 19.2zm131.6-5s-5 6-37.3-7.8c35.1-2.6 40.9 5.4 37.3 7.8z\"><\/path><\/svg>\t\t\t\t<\/a>\n\t\t\t<\/div>\n\t\t\t\n\t\t\t\t\t\t<div class=\"elementor-icon-box-content\">\n\n\t\t\t\t\t\t\t\t\t<h3 class=\"elementor-icon-box-title\">\n\t\t\t\t\t\t<a href=\"https:\/\/cancerfertilityandme.org.uk\/pt-pt\/mulheres-adultas\/contactos-uteis\/descarregue-a-brochura-cfm-em-ingles\/\">\n\t\t\t\t\t\t\tPode descarregar uma vers\u00e3o PDF da brochura aqui (em ingl\u00eas)\t\t\t\t\t\t<\/a>\n\t\t\t\t\t<\/h3>\n\t\t\t\t\n\t\t\t\t\n\t\t\t<\/div>\n\t\t\t\n\t\t<\/div>\n\t\t\t\t\t\t<\/div>\n\t\t\t\t<\/div>\n\t\t\t\t<\/div>\n\t\t<div class=\"elementor-element elementor-element-5d228c03 e-con-full e-flex e-con e-child\" data-id=\"5d228c03\" data-element_type=\"container\" data-e-type=\"container\" data-settings=\"{&quot;background_background&quot;:&quot;classic&quot;}\">\n\t\t\t\t<div class=\"elementor-element elementor-element-59e5a3fd elementor-widget elementor-widget-image\" data-id=\"59e5a3fd\" data-element_type=\"widget\" data-e-type=\"widget\" data-widget_type=\"image.default\">\n\t\t\t\t<div class=\"elementor-widget-container\">\n\t\t\t\t\t\t\t\t\t\t\t\t\t\t\t<img fetchpriority=\"high\" decoding=\"async\" width=\"400\" height=\"440\" src=\"https:\/\/cancerfertilityandme.org.uk\/wp-content\/uploads\/cancerfertilityandme-logo-column-adult-women-2.png\" class=\"attachment-large size-large wp-image-6662\" alt=\"\" srcset=\"https:\/\/cancerfertilityandme.org.uk\/wp-content\/uploads\/cancerfertilityandme-logo-column-adult-women-2.png 400w, https:\/\/cancerfertilityandme.org.uk\/wp-content\/uploads\/cancerfertilityandme-logo-column-adult-women-2-273x300.png 273w\" sizes=\"(max-width: 400px) 100vw, 400px\" \/>\t\t\t\t\t\t\t\t\t\t\t\t\t\t\t<\/div>\n\t\t\t\t<\/div>\n\t\t\t\t<div class=\"elementor-element elementor-element-7be98f67 elementor-widget elementor-widget-image\" data-id=\"7be98f67\" data-element_type=\"widget\" data-e-type=\"widget\" data-widget_type=\"image.default\">\n\t\t\t\t<div class=\"elementor-widget-container\">\n\t\t\t\t\t\t\t\t\t\t\t\t\t\t\t<img decoding=\"async\" width=\"300\" height=\"101\" src=\"https:\/\/cancerfertilityandme.org.uk\/wp-content\/uploads\/YCR-logo-300x101-1.png\" class=\"attachment-large size-large wp-image-6734\" alt=\"\" \/>\t\t\t\t\t\t\t\t\t\t\t\t\t\t\t<\/div>\n\t\t\t\t<\/div>\n\t\t\t\t<\/div>\n\t\t\t\t<\/div>\n\t\t<div class=\"elementor-element elementor-element-14057521 e-grid e-con-full e-con e-child\" data-id=\"14057521\" data-element_type=\"container\" data-e-type=\"container\" data-settings=\"{&quot;animation&quot;:&quot;none&quot;}\">\n\t\t<a class=\"elementor-element elementor-element-41f9c40c e-con-full tile e-flex elementor-invisible e-con e-child\" data-id=\"41f9c40c\" data-element_type=\"container\" data-e-type=\"container\" data-settings=\"{&quot;background_background&quot;:&quot;classic&quot;,&quot;animation&quot;:&quot;zoomIn&quot;,&quot;animation_delay&quot;:200}\" href=\"https:\/\/cancerfertilityandme.org.uk\/pt-pt\/mulheres-adultas\/sobre-este-site\/\">\n\t\t\t\t<div class=\"elementor-element elementor-element-15db4411 elementor-widget elementor-widget-heading\" data-id=\"15db4411\" data-element_type=\"widget\" data-e-type=\"widget\" data-widget_type=\"heading.default\">\n\t\t\t\t<div class=\"elementor-widget-container\">\n\t\t\t\t\t<h3 class=\"elementor-heading-title elementor-size-default\">Sobre o website do CFM<\/h3>\t\t\t\t<\/div>\n\t\t\t\t<\/div>\n\t\t\t\t<div class=\"elementor-element elementor-element-18f9bb03 elementor-widget elementor-widget-image\" data-id=\"18f9bb03\" data-element_type=\"widget\" data-e-type=\"widget\" data-widget_type=\"image.default\">\n\t\t\t\t<div class=\"elementor-widget-container\">\n\t\t\t\t\t\t\t\t\t\t\t\t\t\t\t<img decoding=\"async\" width=\"128\" height=\"91\" src=\"https:\/\/cancerfertilityandme.org.uk\/wp-content\/uploads\/icon-about-site_s1-v2-2.png\" class=\"attachment-large size-large wp-image-6670\" alt=\"\" \/>\t\t\t\t\t\t\t\t\t\t\t\t\t\t\t<\/div>\n\t\t\t\t<\/div>\n\t\t\t\t<\/a>\n\t\t<a class=\"elementor-element elementor-element-71df544 e-con-full tile e-flex elementor-invisible e-con e-child\" data-id=\"71df544\" data-element_type=\"container\" data-e-type=\"container\" data-settings=\"{&quot;background_background&quot;:&quot;classic&quot;,&quot;animation&quot;:&quot;zoomIn&quot;,&quot;animation_delay&quot;:400}\" href=\"https:\/\/cancerfertilityandme.org.uk\/pt-pt\/mulheres-adultas\/cancro-fertilidade-e-o-sistema-reprodutivo\/\">\n\t\t\t\t<div class=\"elementor-element elementor-element-b9080f7 elementor-widget elementor-widget-heading\" data-id=\"b9080f7\" data-element_type=\"widget\" data-e-type=\"widget\" data-widget_type=\"heading.default\">\n\t\t\t\t<div class=\"elementor-widget-container\">\n\t\t\t\t\t<h3 class=\"elementor-heading-title elementor-size-default\">Sobre o cancro e a fertilidade<\/h3>\t\t\t\t<\/div>\n\t\t\t\t<\/div>\n\t\t\t\t<div class=\"elementor-element elementor-element-33bb29ee elementor-widget elementor-widget-image\" data-id=\"33bb29ee\" data-element_type=\"widget\" data-e-type=\"widget\" data-widget_type=\"image.default\">\n\t\t\t\t<div class=\"elementor-widget-container\">\n\t\t\t\t\t\t\t\t\t\t\t\t\t\t\t<img loading=\"lazy\" decoding=\"async\" width=\"128\" height=\"91\" src=\"https:\/\/cancerfertilityandme.org.uk\/wp-content\/uploads\/icon-fertility_s1-v2-2.png\" class=\"attachment-large size-large wp-image-6678\" alt=\"\" \/>\t\t\t\t\t\t\t\t\t\t\t\t\t\t\t<\/div>\n\t\t\t\t<\/div>\n\t\t\t\t<\/a>\n\t\t<a class=\"elementor-element elementor-element-4e6284df e-con-full tile e-flex elementor-invisible e-con e-child\" data-id=\"4e6284df\" data-element_type=\"container\" data-e-type=\"container\" data-settings=\"{&quot;background_background&quot;:&quot;classic&quot;,&quot;animation&quot;:&quot;zoomIn&quot;,&quot;animation_delay&quot;:600}\" href=\"https:\/\/cancerfertilityandme.org.uk\/pt-pt\/mulheres-adultas\/opcoes-de-preservacao-da-fertilidade-2\/\">\n\t\t\t\t<div class=\"elementor-element elementor-element-11eef13a elementor-widget elementor-widget-heading\" data-id=\"11eef13a\" data-element_type=\"widget\" data-e-type=\"widget\" data-widget_type=\"heading.default\">\n\t\t\t\t<div class=\"elementor-widget-container\">\n\t\t\t\t\t<h3 class=\"elementor-heading-title elementor-size-default\">Preserva\u00e7\u00e3o da fertilidade<\/h3>\t\t\t\t<\/div>\n\t\t\t\t<\/div>\n\t\t\t\t<div class=\"elementor-element elementor-element-4515bc7c elementor-widget elementor-widget-image\" data-id=\"4515bc7c\" data-element_type=\"widget\" data-e-type=\"widget\" data-widget_type=\"image.default\">\n\t\t\t\t<div class=\"elementor-widget-container\">\n\t\t\t\t\t\t\t\t\t\t\t\t\t\t\t<img loading=\"lazy\" decoding=\"async\" width=\"129\" height=\"91\" src=\"https:\/\/cancerfertilityandme.org.uk\/wp-content\/uploads\/icon-preservation_s1-v2-2.png\" class=\"attachment-large size-large wp-image-6686\" alt=\"\" \/>\t\t\t\t\t\t\t\t\t\t\t\t\t\t\t<\/div>\n\t\t\t\t<\/div>\n\t\t\t\t<\/a>\n\t\t<a class=\"elementor-element elementor-element-5a908e7e e-con-full tile e-flex elementor-invisible e-con e-child\" data-id=\"5a908e7e\" data-element_type=\"container\" data-e-type=\"container\" data-settings=\"{&quot;background_background&quot;:&quot;classic&quot;,&quot;animation&quot;:&quot;zoomIn&quot;,&quot;animation_delay&quot;:800}\" href=\"https:\/\/cancerfertilityandme.org.uk\/pt-pt\/mulheres-adultas\/tomar-a-sua-decisao\/custos-financeiros-associados-a-preservacao-da-fertilidade\/\">\n\t\t\t\t<div class=\"elementor-element elementor-element-5eec700e elementor-widget elementor-widget-heading\" data-id=\"5eec700e\" data-element_type=\"widget\" data-e-type=\"widget\" data-widget_type=\"heading.default\">\n\t\t\t\t<div class=\"elementor-widget-container\">\n\t\t\t\t\t<h3 class=\"elementor-heading-title elementor-size-default\">Quest\u00f5es financeiras<\/h3>\t\t\t\t<\/div>\n\t\t\t\t<\/div>\n\t\t\t\t<div class=\"elementor-element elementor-element-53fcd4dd elementor-widget elementor-widget-image\" data-id=\"53fcd4dd\" data-element_type=\"widget\" data-e-type=\"widget\" data-widget_type=\"image.default\">\n\t\t\t\t<div class=\"elementor-widget-container\">\n\t\t\t\t\t\t\t\t\t\t\t\t\t\t\t<img loading=\"lazy\" decoding=\"async\" width=\"128\" height=\"91\" src=\"https:\/\/cancerfertilityandme.org.uk\/wp-content\/uploads\/icon-financial_s1-v2-2.png\" class=\"attachment-large size-large wp-image-6694\" alt=\"\" \/>\t\t\t\t\t\t\t\t\t\t\t\t\t\t\t<\/div>\n\t\t\t\t<\/div>\n\t\t\t\t<\/a>\n\t\t<a class=\"elementor-element elementor-element-28397bb0 e-con-full tile e-flex elementor-invisible e-con e-child\" data-id=\"28397bb0\" data-element_type=\"container\" data-e-type=\"container\" data-settings=\"{&quot;background_background&quot;:&quot;classic&quot;,&quot;animation&quot;:&quot;zoomIn&quot;,&quot;animation_delay&quot;:1000}\" href=\"https:\/\/cancerfertilityandme.org.uk\/pt-pt\/mulheres-adultas\/tomar-a-sua-decisao\/\">\n\t\t\t\t<div class=\"elementor-element elementor-element-37ded3c0 elementor-widget elementor-widget-heading\" data-id=\"37ded3c0\" data-element_type=\"widget\" data-e-type=\"widget\" data-widget_type=\"heading.default\">\n\t\t\t\t<div class=\"elementor-widget-container\">\n\t\t\t\t\t<h3 class=\"elementor-heading-title elementor-size-default\">Tomar as suas decis\u00f5es<\/h3>\t\t\t\t<\/div>\n\t\t\t\t<\/div>\n\t\t\t\t<div class=\"elementor-element elementor-element-241108a4 elementor-widget elementor-widget-image\" data-id=\"241108a4\" data-element_type=\"widget\" data-e-type=\"widget\" data-widget_type=\"image.default\">\n\t\t\t\t<div class=\"elementor-widget-container\">\n\t\t\t\t\t\t\t\t\t\t\t\t\t\t\t<img loading=\"lazy\" decoding=\"async\" width=\"129\" height=\"91\" src=\"https:\/\/cancerfertilityandme.org.uk\/wp-content\/uploads\/icon-decisions_s1-v2-2.png\" class=\"attachment-large size-large wp-image-6702\" alt=\"\" \/>\t\t\t\t\t\t\t\t\t\t\t\t\t\t\t<\/div>\n\t\t\t\t<\/div>\n\t\t\t\t<\/a>\n\t\t<a class=\"elementor-element elementor-element-72a6098d e-con-full tile e-flex elementor-invisible e-con e-child\" data-id=\"72a6098d\" data-element_type=\"container\" data-e-type=\"container\" data-settings=\"{&quot;background_background&quot;:&quot;classic&quot;,&quot;animation&quot;:&quot;zoomIn&quot;,&quot;animation_delay&quot;:1200}\" href=\"https:\/\/cancerfertilityandme.org.uk\/pt-pt\/mulheres-adultas\/contracepcao-e-planeamento-familiar\/\">\n\t\t\t\t<div class=\"elementor-element elementor-element-708e7222 elementor-widget elementor-widget-heading\" data-id=\"708e7222\" data-element_type=\"widget\" data-e-type=\"widget\" data-widget_type=\"heading.default\">\n\t\t\t\t<div class=\"elementor-widget-container\">\n\t\t\t\t\t<h3 class=\"elementor-heading-title elementor-size-default\">Contracep\u00e7\u00e3o e planeamento familiar<\/h3>\t\t\t\t<\/div>\n\t\t\t\t<\/div>\n\t\t\t\t<div class=\"elementor-element elementor-element-47211ef0 elementor-widget elementor-widget-image\" data-id=\"47211ef0\" data-element_type=\"widget\" data-e-type=\"widget\" data-widget_type=\"image.default\">\n\t\t\t\t<div class=\"elementor-widget-container\">\n\t\t\t\t\t\t\t\t\t\t\t\t\t\t\t<img loading=\"lazy\" decoding=\"async\" width=\"128\" height=\"91\" src=\"https:\/\/cancerfertilityandme.org.uk\/wp-content\/uploads\/icon-family_s1-v2-2.png\" class=\"attachment-large size-large wp-image-6710\" alt=\"\" \/>\t\t\t\t\t\t\t\t\t\t\t\t\t\t\t<\/div>\n\t\t\t\t<\/div>\n\t\t\t\t<\/a>\n\t\t<a class=\"elementor-element elementor-element-2dce006d e-con-full tile e-flex elementor-invisible e-con e-child\" data-id=\"2dce006d\" data-element_type=\"container\" data-e-type=\"container\" data-settings=\"{&quot;background_background&quot;:&quot;classic&quot;,&quot;animation&quot;:&quot;zoomIn&quot;,&quot;animation_delay&quot;:1400}\" href=\"https:\/\/cancerfertilityandme.org.uk\/pt-pt\/mulheres-adultas\/opcoes-de-preservacao-da-fertilidade-2\/resumo-das-opcoes-de-preservacao-da-fertilidade\/\">\n\t\t\t\t<div class=\"elementor-element elementor-element-2706fba0 elementor-widget elementor-widget-heading\" data-id=\"2706fba0\" data-element_type=\"widget\" data-e-type=\"widget\" data-widget_type=\"heading.default\">\n\t\t\t\t<div class=\"elementor-widget-container\">\n\t\t\t\t\t<h3 class=\"elementor-heading-title elementor-size-default\">Resumo das op\u00e7\u00f5es<\/h3>\t\t\t\t<\/div>\n\t\t\t\t<\/div>\n\t\t\t\t<div class=\"elementor-element elementor-element-32112469 elementor-widget elementor-widget-image\" data-id=\"32112469\" data-element_type=\"widget\" data-e-type=\"widget\" data-widget_type=\"image.default\">\n\t\t\t\t<div class=\"elementor-widget-container\">\n\t\t\t\t\t\t\t\t\t\t\t\t\t\t\t<img loading=\"lazy\" decoding=\"async\" width=\"128\" height=\"91\" src=\"https:\/\/cancerfertilityandme.org.uk\/wp-content\/uploads\/icon-summary_s1-v2-2.png\" class=\"attachment-large size-large wp-image-6718\" alt=\"\" \/>\t\t\t\t\t\t\t\t\t\t\t\t\t\t\t<\/div>\n\t\t\t\t<\/div>\n\t\t\t\t<\/a>\n\t\t<a class=\"elementor-element elementor-element-6c40157e e-con-full tile e-flex elementor-invisible e-con e-child\" data-id=\"6c40157e\" data-element_type=\"container\" data-e-type=\"container\" data-settings=\"{&quot;background_background&quot;:&quot;classic&quot;,&quot;animation&quot;:&quot;zoomIn&quot;,&quot;animation_delay&quot;:1600}\" href=\"https:\/\/cancerfertilityandme.org.uk\/pt-pt\/mulheres-adultas\/contactos-uteis\/\">\n\t\t\t\t<div class=\"elementor-element elementor-element-19c71cca elementor-widget elementor-widget-heading\" data-id=\"19c71cca\" data-element_type=\"widget\" data-e-type=\"widget\" data-widget_type=\"heading.default\">\n\t\t\t\t<div class=\"elementor-widget-container\">\n\t\t\t\t\t<h3 class=\"elementor-heading-title elementor-size-default\">Informa\u00e7\u00f5es complementares<\/h3>\t\t\t\t<\/div>\n\t\t\t\t<\/div>\n\t\t\t\t<div class=\"elementor-element elementor-element-603bf5fc elementor-widget elementor-widget-image\" data-id=\"603bf5fc\" data-element_type=\"widget\" data-e-type=\"widget\" data-widget_type=\"image.default\">\n\t\t\t\t<div class=\"elementor-widget-container\">\n\t\t\t\t\t\t\t\t\t\t\t\t\t\t\t<img loading=\"lazy\" decoding=\"async\" width=\"129\" height=\"91\" src=\"https:\/\/cancerfertilityandme.org.uk\/wp-content\/uploads\/icon-info_s1-v2-2.png\" class=\"attachment-large size-large wp-image-6726\" alt=\"\" \/>\t\t\t\t\t\t\t\t\t\t\t\t\t\t\t<\/div>\n\t\t\t\t<\/div>\n\t\t\t\t<\/a>\n\t\t\t\t<\/div>\n\t\t\t\t\t<\/div>\n\t\t\t\t<\/main>\n\t\t\t\t<\/div>\n\t\t","protected":false},"excerpt":{"rendered":"<p>Este website foi desenvolvido para mulheres com cancro. Os tratamentos contra o cancro podem afectar a fertilidade e as chances de engravidar no futuro. O seu objectivo \u00e9 ajudar as mulheres a pensar sobre os tratamentos que podem ajudar a preservar a sua fertilidade. Tem tamb\u00e9m, como objetivo ajudar as mulheres a prepararem-se para falar [&hellip;]<\/p>\n","protected":false},"author":1,"featured_media":11436,"parent":0,"menu_order":0,"comment_status":"closed","ping_status":"closed","template":"","meta":{"footnotes":""},"class_list":["post-6766","page","type-page","status-publish","has-post-thumbnail","hentry"],"_links":{"self":[{"href":"https:\/\/cancerfertilityandme.org.uk\/pt-pt\/wp-json\/wp\/v2\/pages\/6766","targetHints":{"allow":["GET"]}}],"collection":[{"href":"https:\/\/cancerfertilityandme.org.uk\/pt-pt\/wp-json\/wp\/v2\/pages"}],"about":[{"href":"https:\/\/cancerfertilityandme.org.uk\/pt-pt\/wp-json\/wp\/v2\/types\/page"}],"author":[{"embeddable":true,"href":"https:\/\/cancerfertilityandme.org.uk\/pt-pt\/wp-json\/wp\/v2\/users\/1"}],"replies":[{"embeddable":true,"href":"https:\/\/cancerfertilityandme.org.uk\/pt-pt\/wp-json\/wp\/v2\/comments?post=6766"}],"version-history":[{"count":12,"href":"https:\/\/cancerfertilityandme.org.uk\/pt-pt\/wp-json\/wp\/v2\/pages\/6766\/revisions"}],"predecessor-version":[{"id":12401,"href":"https:\/\/cancerfertilityandme.org.uk\/pt-pt\/wp-json\/wp\/v2\/pages\/6766\/revisions\/12401"}],"wp:featuredmedia":[{"embeddable":true,"href":"https:\/\/cancerfertilityandme.org.uk\/pt-pt\/wp-json\/wp\/v2\/media\/11436"}],"wp:attachment":[{"href":"https:\/\/cancerfertilityandme.org.uk\/pt-pt\/wp-json\/wp\/v2\/media?parent=6766"}],"curies":[{"name":"wp","href":"https:\/\/api.w.org\/{rel}","templated":true}]}}