{"id":6483,"date":"2018-12-10T07:26:29","date_gmt":"2018-12-10T07:26:29","guid":{"rendered":"https:\/\/cancerfertilityandme.org.uk\/a-equipa\/"},"modified":"2026-03-27T15:11:24","modified_gmt":"2026-03-27T15:11:24","slug":"a-equipa","status":"publish","type":"page","link":"https:\/\/cancerfertilityandme.org.uk\/pt-pt\/mulheres-adultas\/a-equipa\/","title":{"rendered":"A Equipe CFM"},"content":{"rendered":"\t\t<div data-elementor-type=\"wp-page\" data-elementor-id=\"6483\" class=\"elementor elementor-6483 elementor-5601\" data-elementor-post-type=\"page\">\n\t\t\t\t<main class=\"elementor-element elementor-element-358bef46 e-flex e-con-boxed e-con e-parent\" data-id=\"358bef46\" data-element_type=\"container\" data-e-type=\"container\">\n\t\t\t\t\t<div class=\"e-con-inner\">\n\t\t<div class=\"elementor-element elementor-element-34571c01 e-con-full e-flex e-con e-child\" data-id=\"34571c01\" data-element_type=\"container\" data-e-type=\"container\">\n\t\t\t\t<div class=\"elementor-element elementor-element-eb4d3a6 elementor-widget elementor-widget-text-editor\" data-id=\"eb4d3a6\" data-element_type=\"widget\" data-e-type=\"widget\" data-widget_type=\"text-editor.default\">\n\t\t\t\t<div class=\"elementor-widget-container\">\n\t\t\t\t\t\t\t\t\t<h2>Sobre a equipa Cancro, Fertilidade e Eu<\/h2><p>As mulheres com cancro pediram informa\u00e7\u00f5es que as ajudassem a reflectir sobre os tratamentos que podem ajudar a preservar a sua fertilidade e as preparassem para falar com a sua equipa de cuidados oncol\u00f3gicos e com a equipa de cuidados de fertilidade, com o seu parceiro, fam\u00edlia e amigos sobre a preserva\u00e7\u00e3o da fertilidade, antes do in\u00edcio do tratamento oncol\u00f3gico.<\/p><p>Este s\u00edtio Web foi escrito pela equipa Cancer, Fertility and Me (CFM) para ajudar as mulheres com cancro a tomar decis\u00f5es sobre a preserva\u00e7\u00e3o da fertilidade antes de iniciarem o tratamento do cancro.<\/p><p>A equipa CFM inclui psic\u00f3logos, cientistas de decis\u00e3o, pesquisadores, m\u00e9dicos de fertilidade, especializados em cancro infantis e adultos, enfermeiros especializados, parceiros dos pacientes e colaboradores de institui\u00e7\u00f5es de solidariedade social locais e nacionais.<\/p><p>Esperamos que este s\u00edtio Web o ajude a conhecer as op\u00e7\u00f5es dispon\u00edveis e a tomar a melhor decis\u00e3o para si.<\/p><p>A equipa de investiga\u00e7\u00e3o do CFM agradece a todos os pacientes, grupos de utilizadores e profissionais de sa\u00fade que disponibilizaram o seu tempo e experi\u00eancia para apoiar o desenvolvimento deste s\u00edtio Web.<\/p><h3>Os membros da equipa de investiga\u00e7\u00e3o do CFM s\u00e3o:<\/h3><p><strong>Professor Georgina Jones,<\/strong> Professor of Health Psychology (Leeds Beckett University)<\/p><p><strong>Professor Richard Anderson,<\/strong> Professor of Clinical Reproductive Science (University of Edinburgh)<\/p><p><strong>Dr Ellissa Baskind,<\/strong> Sub-Specialty Trainee Registrar in Reproductive Medicine (Leeds Teaching Hospitals)<\/p><p><strong>Professor Hilary Bekker,<\/strong> Professor of Medical Decision Making (University of Leeds)<\/p><p><strong>Grete Brauten-Smith,<\/strong> Clinical Nurse Specialist Younger Women (Breast Cancer Care)<\/p><p><strong>Tonia Campbell,<\/strong> Cancer Patient and Lay Advocate<\/p><p><strong>Professor Karen Collins<\/strong>, Professor of Health Services Research (Sheffield Hallam University)<\/p><p><strong>Dr Frances Darby &#8211;<\/strong> Registered Nurse and Research Assistant, Leeds Beckett University<\/p><p><strong>Jacqui Gath,<\/strong> Cancer Patient and Lay Advocate<\/p><p><strong>Professor Diana Greenfield,<\/strong> Macmillan Consultant Nurse in Late Effects (Sheffield Teaching Hospitals) and Professor in Cancer Survivorship (University of Sheffield)<\/p><p><strong>Jane Hughes,<\/strong> Research Associate (Leeds Beckett University)<\/p><p><strong>Dr Richard Jacques<\/strong>, Post-Doctoral Research Associate in Medical Statistics (University of Sheffield)<\/p><p><strong>Samantha Kennedy<\/strong> (Director of Weston Park Charity)<\/p><p><strong>Dr Sheila Lane,<\/strong> Consultant Paediatric Oncologist (University of Oxford)<\/p><p><strong>Dr Neda Mahmoodi,<\/strong> Senior Lecturer in Psychology and Research Fellow (Leeds Beckett University)<\/p><p><strong>Dr Mariano Mascarenhas,<\/strong> Clinical Fellow, Leeds Fertility, Seacroft Hospital, Leeds Teaching Hospitals NHS Trust<\/p><p><strong>Dr Rachael Moss \u2013<\/strong> Research Assistant, Leeds Beckett University<\/p><p><strong>Dr Bob Phillips,<\/strong> Senior Clinical Academic and Honorary Consultant Paediatric Oncologist (University of York and Leeds Children\u2019s Hospital)<\/p><p><strong>Dr Jonathan Skull,<\/strong> Consultant in Reproductive Medicine and Surgery (Sheffield Teaching Hospitals)<\/p><p><strong>Professor John Snowden,<\/strong> Consultant Haematologist (Sheffield Teaching Hospitals)<\/p><p><strong>Dr Dan Stark,<\/strong> Senior Lecturer in Cancer Medicine (University of Leeds) and Honorary Consultant in Medical Oncology (Leeds Teaching Hospitals)<\/p><p><strong>Professor Galina Velikova,<\/strong> Consultant Medical Oncologist (Leeds Teaching Hospitals, University of Leeds)<\/p><p><strong>Katharina Vogt &#8211;<\/strong> Research Assistant, Leeds Beckett University<\/p><p><strong>Ali Walker<\/strong> (Independent Cancer Patient Voices)<\/p><p><strong>Dr Dan Yeomanson,<\/strong> Consultant Paediatric Oncologist (Sheffield Children\u2019s Hospital)<\/p><hr><p>Para obter uma lista completa das provas que utiliz\u00e1mos para investigar e desenvolver este s\u00edtio Web e os n\u00edveis de legibilidade, consulte:<\/p><p><a href=\"https:\/\/www.leedsbeckett.ac.uk\/cancerfertilityandme\" target=\"_blank\" rel=\"noopener noreferrer\">www.leedsbeckett.ac.uk\/cancerfertilityandme<\/a><\/p>\t\t\t\t\t\t\t\t<\/div>\n\t\t\t\t<\/div>\n\t\t<div class=\"elementor-element elementor-element-3954ff0a e-con-full e-flex e-con e-child\" data-id=\"3954ff0a\" data-element_type=\"container\" data-e-type=\"container\" data-settings=\"{&quot;background_background&quot;:&quot;classic&quot;}\">\n\t\t\t\t<div class=\"elementor-element elementor-element-269c8d0e elementor-widget elementor-widget-text-editor\" data-id=\"269c8d0e\" data-element_type=\"widget\" data-e-type=\"widget\" data-widget_type=\"text-editor.default\">\n\t\t\t\t<div class=\"elementor-widget-container\">\n\t\t\t\t\t\t\t\t\t<p><strong>Pol\u00edtica de actualiza\u00e7\u00e3o<\/strong><\/p>\n<p>O desenvolvimento deste recurso foi financiado pela Yorkshire Cancer Research. Os membros da equipa de investiga\u00e7\u00e3o do CFM n\u00e3o t\u00eam nada a ganhar nem a perder relativamente ao uso deste recurso. <\/p>\n<p>Foram feitos todos os esfor\u00e7os para garantir que este recurso forne\u00e7a informa\u00e7\u00f5es atualizadas e precisas na data de publica\u00e7\u00e3o (julho de 2020). A equipa do CFM analisar\u00e1 continuamente as evid\u00eancias emergentes para garantir que informa\u00e7\u00f5es precisas sejam apresentadas. A equipa do CFM atualizar\u00e1 o recurso anualmente, a menos que surjam novas evid\u00eancias que justifiquem uma atualiza\u00e7\u00e3o antecipada. <br>   <\/p>\t\t\t\t\t\t\t\t<\/div>\n\t\t\t\t<\/div>\n\t\t\t\t<\/div>\n\t\t\t\t<\/div>\n\t\t<div class=\"elementor-element elementor-element-73455dcf e-con-full e-flex e-con e-child\" data-id=\"73455dcf\" data-element_type=\"container\" data-e-type=\"container\">\n\t\t<div class=\"elementor-element elementor-element-129fc67 e-con-full e-flex e-con e-child\" data-id=\"129fc67\" data-element_type=\"container\" data-e-type=\"container\">\n\t\t\t\t<div class=\"elementor-element elementor-element-2d3ec6e2 elementor-widget elementor-widget-heading\" data-id=\"2d3ec6e2\" data-element_type=\"widget\" data-e-type=\"widget\" data-widget_type=\"heading.default\">\n\t\t\t\t<div class=\"elementor-widget-container\">\n\t\t\t\t\t<h3 class=\"elementor-heading-title elementor-size-default\">Para mais informa\u00e7\u00f5es, siga estes links<\/h3>\t\t\t\t<\/div>\n\t\t\t\t<\/div>\n\t\t\t\t<\/div>\n\t\t<div class=\"elementor-element elementor-element-f965c40 e-con-full e-flex e-con e-child\" data-id=\"f965c40\" data-element_type=\"container\" data-e-type=\"container\">\n\t\t<a class=\"elementor-element elementor-element-5be469b2 e-con-full e-transform e-flex elementor-invisible e-con e-child\" data-id=\"5be469b2\" data-element_type=\"container\" data-e-type=\"container\" data-settings=\"{&quot;background_background&quot;:&quot;classic&quot;,&quot;animation&quot;:&quot;slideInRight&quot;,&quot;animation_delay&quot;:400,&quot;_transform_translateY_effect_hover&quot;:{&quot;unit&quot;:&quot;px&quot;,&quot;size&quot;:0,&quot;sizes&quot;:[]},&quot;_transform_translateX_effect_hover&quot;:{&quot;unit&quot;:&quot;px&quot;,&quot;size&quot;:10,&quot;sizes&quot;:[]},&quot;_transform_translateX_effect_hover_tablet&quot;:{&quot;unit&quot;:&quot;px&quot;,&quot;size&quot;:&quot;&quot;,&quot;sizes&quot;:[]},&quot;_transform_translateX_effect_hover_mobile&quot;:{&quot;unit&quot;:&quot;px&quot;,&quot;size&quot;:&quot;&quot;,&quot;sizes&quot;:[]},&quot;_transform_translateY_effect_hover_tablet&quot;:{&quot;unit&quot;:&quot;px&quot;,&quot;size&quot;:&quot;&quot;,&quot;sizes&quot;:[]},&quot;_transform_translateY_effect_hover_mobile&quot;:{&quot;unit&quot;:&quot;px&quot;,&quot;size&quot;:&quot;&quot;,&quot;sizes&quot;:[]}}\" href=\"https:\/\/cancerfertilityandme.org.uk\/pt-pt\/mulheres-adultas\/\">\n\t\t<div class=\"elementor-element elementor-element-5ea5bb46 e-con-full e-flex e-con e-child\" data-id=\"5ea5bb46\" data-element_type=\"container\" data-e-type=\"container\">\n\t\t\t\t<div class=\"elementor-element elementor-element-69889765 elementor-widget elementor-widget-image\" data-id=\"69889765\" data-element_type=\"widget\" data-e-type=\"widget\" data-widget_type=\"image.default\">\n\t\t\t\t<div class=\"elementor-widget-container\">\n\t\t\t\t\t\t\t\t\t\t\t\t\t\t\t<img fetchpriority=\"high\" decoding=\"async\" width=\"400\" height=\"440\" src=\"https:\/\/cancerfertilityandme.org.uk\/wp-content\/uploads\/cancerfertilityandme-logo-column-adult-women.png\" class=\"attachment-full size-full wp-image-2284\" alt=\"\" srcset=\"https:\/\/cancerfertilityandme.org.uk\/wp-content\/uploads\/cancerfertilityandme-logo-column-adult-women.png 400w, https:\/\/cancerfertilityandme.org.uk\/wp-content\/uploads\/cancerfertilityandme-logo-column-adult-women-273x300.png 273w\" sizes=\"(max-width: 400px) 100vw, 400px\" \/>\t\t\t\t\t\t\t\t\t\t\t\t\t\t\t<\/div>\n\t\t\t\t<\/div>\n\t\t\t\t<\/div>\n\t\t<div class=\"elementor-element elementor-element-1c9d5361 e-con-full e-flex e-con e-child\" data-id=\"1c9d5361\" data-element_type=\"container\" data-e-type=\"container\">\n\t\t\t\t<div class=\"elementor-element elementor-element-11c641dd elementor-widget elementor-widget-heading\" data-id=\"11c641dd\" data-element_type=\"widget\" data-e-type=\"widget\" data-widget_type=\"heading.default\">\n\t\t\t\t<div class=\"elementor-widget-container\">\n\t\t\t\t\t<h2 class=\"elementor-heading-title elementor-size-default\">Mulheres adultas<\/h2>\t\t\t\t<\/div>\n\t\t\t\t<\/div>\n\t\t\t\t<\/div>\n\t\t\t\t<\/a>\n\t\t<a class=\"elementor-element elementor-element-133c5471 e-con-full e-transform e-flex elementor-invisible e-con e-child\" data-id=\"133c5471\" data-element_type=\"container\" data-e-type=\"container\" data-settings=\"{&quot;background_background&quot;:&quot;classic&quot;,&quot;animation&quot;:&quot;slideInRight&quot;,&quot;animation_delay&quot;:600,&quot;_transform_translateY_effect_hover&quot;:{&quot;unit&quot;:&quot;px&quot;,&quot;size&quot;:0,&quot;sizes&quot;:[]},&quot;_transform_translateX_effect_hover&quot;:{&quot;unit&quot;:&quot;px&quot;,&quot;size&quot;:20,&quot;sizes&quot;:[]},&quot;_transform_translateX_effect_hover_tablet&quot;:{&quot;unit&quot;:&quot;px&quot;,&quot;size&quot;:&quot;&quot;,&quot;sizes&quot;:[]},&quot;_transform_translateX_effect_hover_mobile&quot;:{&quot;unit&quot;:&quot;px&quot;,&quot;size&quot;:&quot;&quot;,&quot;sizes&quot;:[]},&quot;_transform_translateY_effect_hover_tablet&quot;:{&quot;unit&quot;:&quot;px&quot;,&quot;size&quot;:&quot;&quot;,&quot;sizes&quot;:[]},&quot;_transform_translateY_effect_hover_mobile&quot;:{&quot;unit&quot;:&quot;px&quot;,&quot;size&quot;:&quot;&quot;,&quot;sizes&quot;:[]}}\" href=\"https:\/\/cancerfertilityandme.org.uk\/pt-pt\/home\/\">\n\t\t<div class=\"elementor-element elementor-element-555cde79 e-con-full e-flex e-con e-child\" data-id=\"555cde79\" data-element_type=\"container\" data-e-type=\"container\">\n\t\t\t\t<div class=\"elementor-element elementor-element-4ac3249f elementor-widget elementor-widget-image\" data-id=\"4ac3249f\" data-element_type=\"widget\" data-e-type=\"widget\" data-widget_type=\"image.default\">\n\t\t\t\t<div class=\"elementor-widget-container\">\n\t\t\t\t\t\t\t\t\t\t\t\t\t\t\t<img decoding=\"async\" width=\"400\" height=\"440\" src=\"https:\/\/cancerfertilityandme.org.uk\/wp-content\/uploads\/cancerfertilityandme-logo-column-young-women.png\" class=\"attachment-full size-full wp-image-2292\" alt=\"\" srcset=\"https:\/\/cancerfertilityandme.org.uk\/wp-content\/uploads\/cancerfertilityandme-logo-column-young-women.png 400w, https:\/\/cancerfertilityandme.org.uk\/wp-content\/uploads\/cancerfertilityandme-logo-column-young-women-273x300.png 273w\" sizes=\"(max-width: 400px) 100vw, 400px\" \/>\t\t\t\t\t\t\t\t\t\t\t\t\t\t\t<\/div>\n\t\t\t\t<\/div>\n\t\t\t\t<\/div>\n\t\t<div class=\"elementor-element elementor-element-631503b7 e-con-full e-flex e-con e-child\" data-id=\"631503b7\" data-element_type=\"container\" data-e-type=\"container\">\n\t\t\t\t<div class=\"elementor-element elementor-element-4a5e3a2f elementor-widget elementor-widget-heading\" data-id=\"4a5e3a2f\" data-element_type=\"widget\" data-e-type=\"widget\" data-widget_type=\"heading.default\">\n\t\t\t\t<div class=\"elementor-widget-container\">\n\t\t\t\t\t<h2 class=\"elementor-heading-title elementor-size-default\">Mulheres jovens<\/h2>\t\t\t\t<\/div>\n\t\t\t\t<\/div>\n\t\t\t\t<\/div>\n\t\t\t\t<\/a>\n\t\t<a class=\"elementor-element elementor-element-5fff7879 e-con-full e-transform e-flex elementor-invisible e-con e-child\" data-id=\"5fff7879\" data-element_type=\"container\" data-e-type=\"container\" data-settings=\"{&quot;background_background&quot;:&quot;classic&quot;,&quot;animation&quot;:&quot;slideInRight&quot;,&quot;animation_delay&quot;:800,&quot;_transform_translateY_effect_hover&quot;:{&quot;unit&quot;:&quot;px&quot;,&quot;size&quot;:0,&quot;sizes&quot;:[]},&quot;_transform_translateX_effect_hover&quot;:{&quot;unit&quot;:&quot;px&quot;,&quot;size&quot;:20,&quot;sizes&quot;:[]},&quot;_transform_translateX_effect_hover_tablet&quot;:{&quot;unit&quot;:&quot;px&quot;,&quot;size&quot;:&quot;&quot;,&quot;sizes&quot;:[]},&quot;_transform_translateX_effect_hover_mobile&quot;:{&quot;unit&quot;:&quot;px&quot;,&quot;size&quot;:&quot;&quot;,&quot;sizes&quot;:[]},&quot;_transform_translateY_effect_hover_tablet&quot;:{&quot;unit&quot;:&quot;px&quot;,&quot;size&quot;:&quot;&quot;,&quot;sizes&quot;:[]},&quot;_transform_translateY_effect_hover_mobile&quot;:{&quot;unit&quot;:&quot;px&quot;,&quot;size&quot;:&quot;&quot;,&quot;sizes&quot;:[]}}\" href=\"https:\/\/cancerfertilityandme.org.uk\/pt-pt\/cfm-para-homens-jovens\/\">\n\t\t<div class=\"elementor-element elementor-element-404027be e-con-full e-flex e-con e-child\" data-id=\"404027be\" data-element_type=\"container\" data-e-type=\"container\">\n\t\t\t\t<div class=\"elementor-element elementor-element-60a0b36a elementor-widget elementor-widget-image\" data-id=\"60a0b36a\" data-element_type=\"widget\" data-e-type=\"widget\" data-widget_type=\"image.default\">\n\t\t\t\t<div class=\"elementor-widget-container\">\n\t\t\t\t\t\t\t\t\t\t\t\t\t\t\t<img decoding=\"async\" width=\"400\" height=\"440\" src=\"https:\/\/cancerfertilityandme.org.uk\/wp-content\/uploads\/cancerfertilityandme-logo-column-young-men.png\" class=\"attachment-full size-full wp-image-2300\" alt=\"\" srcset=\"https:\/\/cancerfertilityandme.org.uk\/wp-content\/uploads\/cancerfertilityandme-logo-column-young-men.png 400w, https:\/\/cancerfertilityandme.org.uk\/wp-content\/uploads\/cancerfertilityandme-logo-column-young-men-273x300.png 273w\" sizes=\"(max-width: 400px) 100vw, 400px\" \/>\t\t\t\t\t\t\t\t\t\t\t\t\t\t\t<\/div>\n\t\t\t\t<\/div>\n\t\t\t\t<\/div>\n\t\t<div class=\"elementor-element elementor-element-1c007725 e-con-full e-flex e-con e-child\" data-id=\"1c007725\" data-element_type=\"container\" data-e-type=\"container\">\n\t\t\t\t<div class=\"elementor-element elementor-element-42875cdc elementor-widget elementor-widget-heading\" data-id=\"42875cdc\" data-element_type=\"widget\" data-e-type=\"widget\" data-widget_type=\"heading.default\">\n\t\t\t\t<div class=\"elementor-widget-container\">\n\t\t\t\t\t<h2 class=\"elementor-heading-title elementor-size-default\">Homens jovens<\/h2>\t\t\t\t<\/div>\n\t\t\t\t<\/div>\n\t\t\t\t<\/div>\n\t\t\t\t<\/a>\n\t\t\t\t<\/div>\n\t\t\t\t<\/div>\n\t\t\t\t\t<\/div>\n\t\t\t\t<\/main>\n\t\t\t\t<\/div>\n\t\t","protected":false},"excerpt":{"rendered":"<p>Sobre a equipa Cancro, Fertilidade e Eu As mulheres com cancro pediram informa\u00e7\u00f5es que as ajudassem a reflectir sobre os tratamentos que podem ajudar a preservar a sua fertilidade e as preparassem para falar com a sua equipa de cuidados oncol\u00f3gicos e com a equipa de cuidados de fertilidade, com o seu parceiro, fam\u00edlia e [&hellip;]<\/p>\n","protected":false},"author":1,"featured_media":0,"parent":6766,"menu_order":0,"comment_status":"closed","ping_status":"closed","template":"","meta":{"footnotes":""},"class_list":["post-6483","page","type-page","status-publish","hentry"],"_links":{"self":[{"href":"https:\/\/cancerfertilityandme.org.uk\/pt-pt\/wp-json\/wp\/v2\/pages\/6483","targetHints":{"allow":["GET"]}}],"collection":[{"href":"https:\/\/cancerfertilityandme.org.uk\/pt-pt\/wp-json\/wp\/v2\/pages"}],"about":[{"href":"https:\/\/cancerfertilityandme.org.uk\/pt-pt\/wp-json\/wp\/v2\/types\/page"}],"author":[{"embeddable":true,"href":"https:\/\/cancerfertilityandme.org.uk\/pt-pt\/wp-json\/wp\/v2\/users\/1"}],"replies":[{"embeddable":true,"href":"https:\/\/cancerfertilityandme.org.uk\/pt-pt\/wp-json\/wp\/v2\/comments?post=6483"}],"version-history":[{"count":8,"href":"https:\/\/cancerfertilityandme.org.uk\/pt-pt\/wp-json\/wp\/v2\/pages\/6483\/revisions"}],"predecessor-version":[{"id":12602,"href":"https:\/\/cancerfertilityandme.org.uk\/pt-pt\/wp-json\/wp\/v2\/pages\/6483\/revisions\/12602"}],"up":[{"embeddable":true,"href":"https:\/\/cancerfertilityandme.org.uk\/pt-pt\/wp-json\/wp\/v2\/pages\/6766"}],"wp:attachment":[{"href":"https:\/\/cancerfertilityandme.org.uk\/pt-pt\/wp-json\/wp\/v2\/media?parent=6483"}],"curies":[{"name":"wp","href":"https:\/\/api.w.org\/{rel}","templated":true}]}}