{"id":6477,"date":"2018-11-07T09:42:21","date_gmt":"2018-11-07T09:42:21","guid":{"rendered":"https:\/\/cancerfertilityandme.org.uk\/falar-com-a-sua-equipa-de-cuidados-de-fertilidade-sobre-a-preservacao-da-fertilidade\/"},"modified":"2025-11-17T11:01:26","modified_gmt":"2025-11-17T11:01:26","slug":"falar-com-a-sua-equipa-de-cuidados-de-fertilidade-sobre-a-preservacao-da-fertilidade","status":"publish","type":"page","link":"https:\/\/cancerfertilityandme.org.uk\/pt-pt\/mulheres-adultas\/tomar-a-sua-decisao\/falar-com-a-sua-equipa-de-cuidados-de-fertilidade-sobre-a-preservacao-da-fertilidade\/","title":{"rendered":"Falar com a sua equipa de cuidados de fertilidade sobre a preserva\u00e7\u00e3o da fertilidade"},"content":{"rendered":"\t\t<div data-elementor-type=\"wp-page\" data-elementor-id=\"6477\" class=\"elementor elementor-6477 elementor-5461\" data-elementor-post-type=\"page\">\n\t\t\t\t<main class=\"elementor-element elementor-element-2d2b26be e-flex e-con-boxed e-con e-parent\" data-id=\"2d2b26be\" data-element_type=\"container\" data-e-type=\"container\">\n\t\t\t\t\t<div class=\"e-con-inner\">\n\t\t<div class=\"elementor-element elementor-element-25c07501 e-con-full e-flex e-con e-child\" data-id=\"25c07501\" data-element_type=\"container\" data-e-type=\"container\">\n\t\t\t\t<div class=\"elementor-element elementor-element-28545ea8 elementor-widget elementor-widget-text-editor\" data-id=\"28545ea8\" data-element_type=\"widget\" data-e-type=\"widget\" data-widget_type=\"text-editor.default\">\n\t\t\t\t<div class=\"elementor-widget-container\">\n\t\t\t\t\t\t\t\t\t<h2>Falar com a sua equipa de cuidados de fertilidade sobre a preserva\u00e7\u00e3o da fertilidade<\/h2><p>A equipa de cuidados de fertilidade realiza procedimentos conhecidos como preserva\u00e7\u00e3o da fertilidade para mulheres a quem foi diagnosticado cancro. A equipa de cuidados de fertilidade pode falar consigo sobre a sua decis\u00e3o de ter ou n\u00e3o ter procedimentos de preserva\u00e7\u00e3o da fertilidade. <\/p><p>A consulta de fertilidade depende da cl\u00ednica que frequenta, do seu diagn\u00f3stico de cancro e do tratamento oncol\u00f3gico planeado. A equipa de cuidados de fertilidade analisar\u00e1 o seu historial m\u00e9dico para se certificar de que o tratamento de preserva\u00e7\u00e3o da fertilidade \u00e9 adequado. Explicar-lhe-\u00e3o o que est\u00e1 envolvido, as taxas de sucesso e os efeitos secund\u00e1rios do tratamento de fertilidade. Se precisar de mais exames, estes ser\u00e3o efectuados antes do in\u00edcio do tratamento de fertilidade. Ter\u00e1 tamb\u00e9m a oportunidade de discutir as diferentes op\u00e7\u00f5es de preserva\u00e7\u00e3o da fertilidade dispon\u00edveis na cl\u00ednica.    <\/p><p>Se optar por um tratamento de preserva\u00e7\u00e3o da fertilidade, ser\u00e3o efectuados diferentes testes. Estes incluir\u00e3o an\u00e1lises ao sangue para medir os n\u00edveis hormonais e outros testes de rastreio. A equipa de cuidados de fertilidade tamb\u00e9m discutir\u00e1 quest\u00f5es sobre o consentimento para o tratamento, tal como recomendado pela HFEA.  <\/p><h3>Encaminhamento para uma cl\u00ednica de fertilidade<\/h3><p>Um membro da sua equipa de tratamento do cancro poder\u00e1 encaminh\u00e1-la para uma cl\u00ednica de fertilidade. Eles podem pedir que a encaminhe o mais r\u00e1pido poss\u00edvel para evitar atrasos no tratamento oncol\u00f3gico. <\/p><p>Se quiser ser encaminhada para uma cl\u00ednica de fertilidade, h\u00e1 alguns aspectos a verificar:<\/p><ul><li>Um membro da minha equipa oncol\u00f3gica tem feito uma refer\u00eancia para mim para uma cl\u00ednica de fertilidade?<\/li><li>Foi-me agendada uma consulta com a equipa de cuidado de fertilidade?<\/li><\/ul><p>Se a sua resposta for negativa ou se n\u00e3o tiver a certeza, pode pedir \u00e0 sua equipa oncol\u00f3gica que contacte a cl\u00ednica de fertilidade em seu nome o mais rapidamente poss\u00edvel. As perguntas <a href=\"\/making-my-fertility-preservation-decision\/questions-to-ask-your-cancer-care-team-or-gp\">aqui <\/a>apresentadas podem ajud\u00e1-la a preparar-se para a consulta de fertilidade. <\/p><h2>Perguntas a fazer \u00e0 sua equipa de cuidados oncol\u00f3gicos e \u00e0 sua equipa de cuidados de fertilidade<\/h2><p>As perguntas que se seguem podem ajud\u00e1-la a reflectir sobre o que \u00e9 importante para si em rela\u00e7\u00e3o a estas op\u00e7\u00f5es de preserva\u00e7\u00e3o da fertilidade.<br>Anotar as suas d\u00favidas, ir\u00e1 ajud\u00e1-la a conversar com a sua equipa de cuidados oncol\u00f3gicos e com a equipa de cuidados de fertilidade para planejar o seu tratamento, antes de iniciar o seu tratamento oncol\u00f3gico.<\/p><ul><li>O meu tipo de cancro ou tratamento afecta o tipo de op\u00e7\u00e3o de preserva\u00e7\u00e3o da fertilidade que eu possa ter?<\/li><li>Posso verificar se sou f\u00e9rtil antes do in\u00edcio do meu tratamento contra o cancro?<\/li><li>Por que \u00e9 que devo tomar uma decis\u00e3o de preserva\u00e7\u00e3o da fertilidade neste momento?<\/li><li>Vou ter tempo para me submeter \u00e0 preserva\u00e7\u00e3o da fertilidade antes de iniciar o tratamento do cancro?<\/li><li>H\u00e1 alguma coisa que possa ser feita durante o tratamento do cancro para proteger a minha fertilidade?<\/li><li>Durante quanto tempo \u00e9 seguro adiar o meu tratamento contra o cancro?<\/li><li>Um tratamento para preservar a minha fertilidade atrasar\u00e1 o meu tratamento contra o cancro? Em caso afirmativo, que efeito poder\u00e1 ter na minha possibilidade de recuperar do cancro? <\/li><li>Terei de pagar o meu tratamento de preserva\u00e7\u00e3o da fertilidade? Terei de pagar para armazenar e utilizar os meus \u00f3vulos, embri\u00f5es ou tecidos no futuro? <\/li><\/ul>\t\t\t\t\t\t\t\t<\/div>\n\t\t\t\t<\/div>\n\t\t<div class=\"elementor-element elementor-element-5107acc0 e-con-full e-flex e-con e-child\" data-id=\"5107acc0\" data-element_type=\"container\" data-e-type=\"container\" data-settings=\"{&quot;background_background&quot;:&quot;classic&quot;}\">\n\t\t\t\t<div class=\"elementor-element elementor-element-5c36640b elementor-widget elementor-widget-text-editor\" data-id=\"5c36640b\" data-element_type=\"widget\" data-e-type=\"widget\" data-widget_type=\"text-editor.default\">\n\t\t\t\t<div class=\"elementor-widget-container\">\n\t\t\t\t\t\t\t\t\t<h3>Fontes de informa\u00e7\u00e3o recomendadas<\/h3><p>A HFEA \u00e9 a entidade reguladora independente do Reino Unido que supervisiona a utiliza\u00e7\u00e3o de g\u00e2metas (\u00f3vulos e esperma) e embri\u00f5es no tratamento e investiga\u00e7\u00e3o da fertilidade. O seu s\u00edtio Web cont\u00e9m conselhos sobre como pode tirar o m\u00e1ximo partido das suas consultas de fertilidade. Pode faz\u00ea-lo por:  <\/p><ul><li>Fa\u00e7a perguntas.<\/li><li>Tire algum tempo para reflectir sobre as coisas \u2013 pode haver muitas quest\u00f5es dif\u00edceis a serem consideraradas.<\/li><li>Lembrar-se de que a equipa de cuidados de fertilidade est\u00e1 l\u00e1 para a ajudar a fazer a escolha certa para si. O s\u00edtio Web da HFEA <a href=\"http:\/\/www.hfea.gov.uk\" target=\"_blank\" rel=\"noopener noreferrer\">www.hfea.gov.uk<\/a> tem mais informa\u00e7\u00f5es sobre cl\u00ednicas de fertilidade, tratamentos de preserva\u00e7\u00e3o da fertilidade e taxas de sucesso da fertilidade na sua \u00e1rea. <\/li><\/ul>\t\t\t\t\t\t\t\t<\/div>\n\t\t\t\t<\/div>\n\t\t\t\t<\/div>\n\t\t\t\t<\/div>\n\t\t<div class=\"elementor-element elementor-element-c41ec26 e-con-full e-flex e-con e-child\" data-id=\"c41ec26\" data-element_type=\"container\" data-e-type=\"container\">\n\t\t<div class=\"elementor-element elementor-element-5e999f3e e-con-full e-flex e-con e-child\" data-id=\"5e999f3e\" data-element_type=\"container\" data-e-type=\"container\">\n\t\t\t\t<div class=\"elementor-element elementor-element-796ca63b elementor-widget elementor-widget-image\" data-id=\"796ca63b\" data-element_type=\"widget\" data-e-type=\"widget\" data-widget_type=\"image.default\">\n\t\t\t\t<div class=\"elementor-widget-container\">\n\t\t\t\t\t\t\t\t\t\t\t\t\t\t\t\t<a href=\"http:\/\/.\/\">\n\t\t\t\t\t\t\t<img fetchpriority=\"high\" decoding=\"async\" width=\"400\" height=\"440\" src=\"https:\/\/cancerfertilityandme.org.uk\/wp-content\/uploads\/cancerfertilityandme-logo-column-adult-women.png\" class=\"attachment-full size-full wp-image-2284\" alt=\"\" srcset=\"https:\/\/cancerfertilityandme.org.uk\/wp-content\/uploads\/cancerfertilityandme-logo-column-adult-women.png 400w, https:\/\/cancerfertilityandme.org.uk\/wp-content\/uploads\/cancerfertilityandme-logo-column-adult-women-273x300.png 273w\" sizes=\"(max-width: 400px) 100vw, 400px\" \/>\t\t\t\t\t\t\t\t<\/a>\n\t\t\t\t\t\t\t\t\t\t\t\t\t\t\t<\/div>\n\t\t\t\t<\/div>\n\t\t\t\t<\/div>\n\t\t<div class=\"elementor-element elementor-element-6e0e960c e-con-full e-flex e-con e-child\" data-id=\"6e0e960c\" data-element_type=\"container\" data-e-type=\"container\">\n\t\t\t\t<div class=\"elementor-element elementor-element-20aecb7a elementor-widget elementor-widget-heading\" data-id=\"20aecb7a\" data-element_type=\"widget\" data-e-type=\"widget\" data-widget_type=\"heading.default\">\n\t\t\t\t<div class=\"elementor-widget-container\">\n\t\t\t\t\t<h3 class=\"elementor-heading-title elementor-size-default\">Para mais informa\u00e7\u00f5es, siga estes links<\/h3>\t\t\t\t<\/div>\n\t\t\t\t<\/div>\n\t\t\t\t<div class=\"elementor-element elementor-element-60f85b6b elementor-nav-menu--dropdown-none elementor-widget elementor-widget-nav-menu\" data-id=\"60f85b6b\" data-element_type=\"widget\" data-e-type=\"widget\" data-settings=\"{&quot;layout&quot;:&quot;vertical&quot;,&quot;submenu_icon&quot;:{&quot;value&quot;:&quot;&lt;svg aria-hidden=\\&quot;true\\&quot; class=\\&quot;e-font-icon-svg e-fas-caret-down\\&quot; viewBox=\\&quot;0 0 320 512\\&quot; xmlns=\\&quot;http:\\\/\\\/www.w3.org\\\/2000\\\/svg\\&quot;&gt;&lt;path d=\\&quot;M31.3 192h257.3c17.8 0 26.7 21.5 14.1 34.1L174.1 354.8c-7.8 7.8-20.5 7.8-28.3 0L17.2 226.1C4.6 213.5 13.5 192 31.3 192z\\&quot;&gt;&lt;\\\/path&gt;&lt;\\\/svg&gt;&quot;,&quot;library&quot;:&quot;fa-solid&quot;}}\" data-widget_type=\"nav-menu.default\">\n\t\t\t\t<div class=\"elementor-widget-container\">\n\t\t\t\t\t\t\t\t<nav aria-label=\"Menu\" class=\"elementor-nav-menu--main elementor-nav-menu__container elementor-nav-menu--layout-vertical e--pointer-none\">\n\t\t\t\t<ul id=\"menu-1-60f85b6b\" class=\"elementor-nav-menu sm-vertical\"><li class=\"menu-item menu-item-type-post_type menu-item-object-page menu-item-7141\"><a href=\"https:\/\/cancerfertilityandme.org.uk\/adult-women\/making-your-fertility-preservation-decision\/\" class=\"elementor-item\">Tomar a sua decis\u00e3o<\/a><\/li>\n<li class=\"menu-item menu-item-type-post_type menu-item-object-page menu-item-7144\"><a href=\"https:\/\/cancerfertilityandme.org.uk\/adult-women\/making-your-fertility-preservation-decision\/talking-with-your-fertility-care-team-about-fertility-preservation\/\" class=\"elementor-item\">Falar com a sua equipa de cuidados de fertilidade sobre a preserva\u00e7\u00e3o da fertilidade<\/a><\/li>\n<li class=\"menu-item menu-item-type-post_type menu-item-object-page menu-item-7143\"><a href=\"https:\/\/cancerfertilityandme.org.uk\/adult-women\/making-your-fertility-preservation-decision\/talking-about-the-fertility-preservation-decision\/\" class=\"elementor-item\">Falar sobre a decis\u00e3o de preserva\u00e7\u00e3o da fertilidade<\/a><\/li>\n<li class=\"menu-item menu-item-type-post_type menu-item-object-page menu-item-2133\"><a href=\"https:\/\/cancerfertilityandme.org.uk\/adult-women\/contraception-family-planning\/questions-to-ask-your-cancer-care-team-or-gp\/\" class=\"elementor-item\">Perguntas a fazer \u00e0 sua equipa de cuidados oncol\u00f3gicos ou ao seu m\u00e9dico de fam\u00edlia<\/a><\/li>\n<li class=\"menu-item menu-item-type-post_type menu-item-object-page menu-item-7142\"><a href=\"https:\/\/cancerfertilityandme.org.uk\/adult-women\/making-your-fertility-preservation-decision\/financial-costs-associated-with-undergoing-fertility-preservation\/\" class=\"elementor-item\">Custos financeiros associados \u00e0 preserva\u00e7\u00e3o da fertilidade.<\/a><\/li>\n<li class=\"menu-item menu-item-type-post_type menu-item-object-page menu-item-7145\"><a href=\"https:\/\/cancerfertilityandme.org.uk\/adult-women\/fertility-preservation-options\/summary-of-fertility-preservation-options\/\" class=\"elementor-item\">Resumo das op\u00e7\u00f5es de preserva\u00e7\u00e3o da fertilidade<\/a><\/li>\n<\/ul>\t\t\t<\/nav>\n\t\t\t\t\t\t<nav class=\"elementor-nav-menu--dropdown elementor-nav-menu__container\" aria-hidden=\"true\">\n\t\t\t\t<ul id=\"menu-2-60f85b6b\" class=\"elementor-nav-menu sm-vertical\"><li class=\"menu-item menu-item-type-post_type menu-item-object-page menu-item-7141\"><a href=\"https:\/\/cancerfertilityandme.org.uk\/adult-women\/making-your-fertility-preservation-decision\/\" class=\"elementor-item\" tabindex=\"-1\">Tomar a sua decis\u00e3o<\/a><\/li>\n<li class=\"menu-item menu-item-type-post_type menu-item-object-page menu-item-7144\"><a href=\"https:\/\/cancerfertilityandme.org.uk\/adult-women\/making-your-fertility-preservation-decision\/talking-with-your-fertility-care-team-about-fertility-preservation\/\" class=\"elementor-item\" tabindex=\"-1\">Falar com a sua equipa de cuidados de fertilidade sobre a preserva\u00e7\u00e3o da fertilidade<\/a><\/li>\n<li class=\"menu-item menu-item-type-post_type menu-item-object-page menu-item-7143\"><a href=\"https:\/\/cancerfertilityandme.org.uk\/adult-women\/making-your-fertility-preservation-decision\/talking-about-the-fertility-preservation-decision\/\" class=\"elementor-item\" tabindex=\"-1\">Falar sobre a decis\u00e3o de preserva\u00e7\u00e3o da fertilidade<\/a><\/li>\n<li class=\"menu-item menu-item-type-post_type menu-item-object-page menu-item-2133\"><a href=\"https:\/\/cancerfertilityandme.org.uk\/adult-women\/contraception-family-planning\/questions-to-ask-your-cancer-care-team-or-gp\/\" class=\"elementor-item\" tabindex=\"-1\">Perguntas a fazer \u00e0 sua equipa de cuidados oncol\u00f3gicos ou ao seu m\u00e9dico de fam\u00edlia<\/a><\/li>\n<li class=\"menu-item menu-item-type-post_type menu-item-object-page menu-item-7142\"><a href=\"https:\/\/cancerfertilityandme.org.uk\/adult-women\/making-your-fertility-preservation-decision\/financial-costs-associated-with-undergoing-fertility-preservation\/\" class=\"elementor-item\" tabindex=\"-1\">Custos financeiros associados \u00e0 preserva\u00e7\u00e3o da fertilidade.<\/a><\/li>\n<li class=\"menu-item menu-item-type-post_type menu-item-object-page menu-item-7145\"><a href=\"https:\/\/cancerfertilityandme.org.uk\/adult-women\/fertility-preservation-options\/summary-of-fertility-preservation-options\/\" class=\"elementor-item\" tabindex=\"-1\">Resumo das op\u00e7\u00f5es de preserva\u00e7\u00e3o da fertilidade<\/a><\/li>\n<\/ul>\t\t\t<\/nav>\n\t\t\t\t\t\t<\/div>\n\t\t\t\t<\/div>\n\t\t\t\t<\/div>\n\t\t\t\t<\/div>\n\t\t\t\t\t<\/div>\n\t\t\t\t<\/main>\n\t\t\t\t<\/div>\n\t\t","protected":false},"excerpt":{"rendered":"<p>Falar com a sua equipa de cuidados de fertilidade sobre a preserva\u00e7\u00e3o da fertilidade A equipa de cuidados de fertilidade realiza procedimentos conhecidos como preserva\u00e7\u00e3o da fertilidade para mulheres a quem foi diagnosticado cancro. A equipa de cuidados de fertilidade pode falar consigo sobre a sua decis\u00e3o de ter ou n\u00e3o ter procedimentos de preserva\u00e7\u00e3o [&hellip;]<\/p>\n","protected":false},"author":1,"featured_media":0,"parent":6459,"menu_order":0,"comment_status":"closed","ping_status":"open","template":"","meta":{"footnotes":""},"class_list":["post-6477","page","type-page","status-publish","hentry"],"_links":{"self":[{"href":"https:\/\/cancerfertilityandme.org.uk\/pt-pt\/wp-json\/wp\/v2\/pages\/6477","targetHints":{"allow":["GET"]}}],"collection":[{"href":"https:\/\/cancerfertilityandme.org.uk\/pt-pt\/wp-json\/wp\/v2\/pages"}],"about":[{"href":"https:\/\/cancerfertilityandme.org.uk\/pt-pt\/wp-json\/wp\/v2\/types\/page"}],"author":[{"embeddable":true,"href":"https:\/\/cancerfertilityandme.org.uk\/pt-pt\/wp-json\/wp\/v2\/users\/1"}],"replies":[{"embeddable":true,"href":"https:\/\/cancerfertilityandme.org.uk\/pt-pt\/wp-json\/wp\/v2\/comments?post=6477"}],"version-history":[{"count":3,"href":"https:\/\/cancerfertilityandme.org.uk\/pt-pt\/wp-json\/wp\/v2\/pages\/6477\/revisions"}],"predecessor-version":[{"id":9577,"href":"https:\/\/cancerfertilityandme.org.uk\/pt-pt\/wp-json\/wp\/v2\/pages\/6477\/revisions\/9577"}],"up":[{"embeddable":true,"href":"https:\/\/cancerfertilityandme.org.uk\/pt-pt\/wp-json\/wp\/v2\/pages\/6459"}],"wp:attachment":[{"href":"https:\/\/cancerfertilityandme.org.uk\/pt-pt\/wp-json\/wp\/v2\/media?parent=6477"}],"curies":[{"name":"wp","href":"https:\/\/api.w.org\/{rel}","templated":true}]}}