{"id":6459,"date":"2018-11-07T09:43:36","date_gmt":"2018-11-07T09:43:36","guid":{"rendered":"https:\/\/cancerfertilityandme.org.uk\/tomar-a-sua-decisao\/"},"modified":"2026-03-30T09:55:25","modified_gmt":"2026-03-30T09:55:25","slug":"tomar-a-sua-decisao","status":"publish","type":"page","link":"https:\/\/cancerfertilityandme.org.uk\/pt-pt\/mulheres-adultas\/tomar-a-sua-decisao\/","title":{"rendered":"Tomar a sua decis\u00e3o"},"content":{"rendered":"\t\t<div data-elementor-type=\"wp-page\" data-elementor-id=\"6459\" class=\"elementor elementor-6459 elementor-5465\" data-elementor-post-type=\"page\">\n\t\t\t\t<main class=\"elementor-element elementor-element-62f1e19 e-flex e-con-boxed e-con e-parent\" data-id=\"62f1e19\" data-element_type=\"container\" data-e-type=\"container\">\n\t\t\t\t\t<div class=\"e-con-inner\">\n\t\t<div class=\"elementor-element elementor-element-6f7e053a e-con-full e-flex e-con e-child\" data-id=\"6f7e053a\" data-element_type=\"container\" data-e-type=\"container\">\n\t\t\t\t<div class=\"elementor-element elementor-element-4916e973 elementor-widget elementor-widget-text-editor\" data-id=\"4916e973\" data-element_type=\"widget\" data-e-type=\"widget\" data-widget_type=\"text-editor.default\">\n\t\t\t\t<div class=\"elementor-widget-container\">\n\t\t\t\t\t\t\t\t\t<h2>Tomar a sua decis\u00e3o de preserva\u00e7\u00e3o da fertilidade, antes de iniciar o tratamento do cancro.<\/h2><h3>Esta p\u00e1gina tem como objectivo ajud\u00e1-la a decidir se quer..:<\/h3><p><strong>\u2022 Fazer um tratamento de preserva\u00e7\u00e3o da fertilidade antes de iniciar o tratamento do cancro, ou<\/strong><\/p><p><strong>\u2022 Iniciar um tratamento contra o cancro sem fazer um tratamento de preserva\u00e7\u00e3o da fertilidade.<\/strong><\/p><p>Algumas mulheres sabem com certeza se querem ou n\u00e3o prosseguir com a preserva\u00e7\u00e3o da fertilidade. Outras mulheres t\u00eam mais dificuldade em tomar esta decis\u00e3o. N\u00e3o existe uma decis\u00e3o \u201ccerta\u201d ou \u201cerrada\u201d. A decis\u00e3o depende do que \u00e9 mais importante para si neste momento. Depende dos planos que tem para a sua vida, ap\u00f3s o tratamento do cancro.    <\/p><h3>Decidir preservar ou n\u00e3o a fertilidade antes do tratamento do cancro<\/h3><p>Ao decidir preservar, ou n\u00e3o, preserva\u00e7\u00e3o da fertilidade antes do tratamento do cancro, pode querer ler cada uma das cinco afirma\u00e7\u00f5es abaixo e analisar sobre elas de acordo com o que \u00e9 mais importante para si. Por exemplo: <\/p><ol><li><strong>N\u00e3o \u00e9 importante<\/strong><\/li><li><strong>Pouco importante<\/strong><\/li><li><strong>Bastante importante<\/strong><\/li><li><strong>Muito importante<\/strong><\/li><\/ol>\t\t\t\t\t\t\t\t<\/div>\n\t\t\t\t<\/div>\n\t\t\t\t<div class=\"elementor-element elementor-element-fbac137 elementor-widget elementor-widget-image\" data-id=\"fbac137\" data-element_type=\"widget\" data-e-type=\"widget\" data-widget_type=\"image.default\">\n\t\t\t\t<div class=\"elementor-widget-container\">\n\t\t\t\t\t\t\t\t\t\t\t\t\t\t\t<img fetchpriority=\"high\" decoding=\"async\" width=\"800\" height=\"455\" src=\"https:\/\/cancerfertilityandme.org.uk\/wp-content\/uploads\/PT-07-2-2-1024x583.png\" class=\"attachment-large size-large wp-image-10940\" alt=\"\" srcset=\"https:\/\/cancerfertilityandme.org.uk\/wp-content\/uploads\/PT-07-2-2-1024x583.png 1024w, https:\/\/cancerfertilityandme.org.uk\/wp-content\/uploads\/PT-07-2-2-300x171.png 300w, https:\/\/cancerfertilityandme.org.uk\/wp-content\/uploads\/PT-07-2-2-768x438.png 768w, https:\/\/cancerfertilityandme.org.uk\/wp-content\/uploads\/PT-07-2-2.png 1039w\" sizes=\"(max-width: 800px) 100vw, 800px\" \/>\t\t\t\t\t\t\t\t\t\t\t\t\t\t\t<\/div>\n\t\t\t\t<\/div>\n\t\t\t\t<div class=\"elementor-element elementor-element-3bc50ee elementor-widget elementor-widget-text-editor\" data-id=\"3bc50ee\" data-element_type=\"widget\" data-e-type=\"widget\" data-widget_type=\"text-editor.default\">\n\t\t\t\t<div class=\"elementor-widget-container\">\n\t\t\t\t\t\t\t\t\tPode ser \u00fatil preencher este formul\u00e1rio com a sua equipa de cuidados oncol\u00f3gicos e de fertilidade, parceiro, fam\u00edlia e amigos.\n\n<hr>\n\n<strong>Nota<\/strong>: Se quiser anotar as suas respostas numa vers\u00e3o impressa, pode <a href=\"\/wp-content\/uploads\/p25-CFM-Decision-Aid-12Sept19a.pdf\" target=\"_blank\" rel=\"noopener noreferrer\">descarreg\u00e1-la como PDF aqui<\/a>. Para obter uma vers\u00e3o impressa completa de aux\u00edlio \u00e0 decis\u00e3o do paciente <strong>cancro, fertilidade e eu voc\u00ea tamb\u00e9m<\/strong> <a href=\"https:\/\/cancerfertilityandme.org.uk\/pt-pt\/mulheres-adultas\/contactos-uteis\/descarregue-a-brochura-cfm-em-ingles\/\" rel=\"noopener noreferrer\">pode descarreg\u00e1-la aqui.<\/a>\n\n<hr>\n\n<h3>Decidir que op\u00e7\u00e3o de preserva\u00e7\u00e3o da fertilidade \u00e9 a melhor para mim<\/h3>\nAs op\u00e7\u00f5es de preserva\u00e7\u00e3o da fertilidade s\u00e3o:\n<ul>\n \t<li>N\u00e3o preserva\u00e7\u00e3o da fertilidade<\/li>\n \t<li>Congelamento<\/li>\n \t<li>Supress\u00e3o dos ov\u00e1rios<\/li>\n \t<li>Cirurgia de preserva\u00e7\u00e3o da fertilidade espec\u00edfica do cancro<\/li>\n<\/ul>\nPode obter mais informa\u00e7\u00f5es sobre <a href=\"https:\/\/cancerfertilityandme.org.uk\/pt-pt\/mulheres-adultas\/opcoes-de-preservacao-da-fertilidade-2\/\">estas op\u00e7\u00f5es aqui<\/a>.. Esta <a href=\"\/summary\">tabela de resumo<\/a> compara as diferentes op\u00e7\u00f5es de preserva\u00e7\u00e3o da fertilidade. \n\nAbaixo encontra uma lista das diferentes op\u00e7\u00f5es de preserva\u00e7\u00e3o da fertilidade. Pense na sua resposta para cada op\u00e7\u00e3o. \n\nA realiza\u00e7\u00e3o desta tarefa pode ajud\u00e1-la a reflectir sobre a op\u00e7\u00e3o de preserva\u00e7\u00e3o da fertilidade que melhor se adapta a si e ao seu estilo de vida neste momento. Pode ser \u00fatil falar sobre as suas escolhas com a sua equipa de cuidados oncol\u00f3gicos e de fertilidade, com o seu parceiro, fam\u00edlia e amigos. \n\n<strong>Qual \u00e9 a probabilidade de considerar cada uma destas op\u00e7\u00f5es de tratamento de preserva\u00e7\u00e3o da fertilidade?<\/strong>\t\t\t\t\t\t\t\t<\/div>\n\t\t\t\t<\/div>\n\t\t\t\t<div class=\"elementor-element elementor-element-90f840d elementor-widget elementor-widget-image\" data-id=\"90f840d\" data-element_type=\"widget\" data-e-type=\"widget\" data-widget_type=\"image.default\">\n\t\t\t\t<div class=\"elementor-widget-container\">\n\t\t\t\t\t\t\t\t\t\t\t\t\t\t\t<img decoding=\"async\" width=\"800\" height=\"412\" src=\"https:\/\/cancerfertilityandme.org.uk\/wp-content\/uploads\/PT-10-2-1024x527.png\" class=\"attachment-large size-large wp-image-10947\" alt=\"\" srcset=\"https:\/\/cancerfertilityandme.org.uk\/wp-content\/uploads\/PT-10-2-1024x527.png 1024w, https:\/\/cancerfertilityandme.org.uk\/wp-content\/uploads\/PT-10-2-300x154.png 300w, https:\/\/cancerfertilityandme.org.uk\/wp-content\/uploads\/PT-10-2-768x395.png 768w, https:\/\/cancerfertilityandme.org.uk\/wp-content\/uploads\/PT-10-2.png 1116w\" sizes=\"(max-width: 800px) 100vw, 800px\" \/>\t\t\t\t\t\t\t\t\t\t\t\t\t\t\t<\/div>\n\t\t\t\t<\/div>\n\t\t\t\t<div class=\"elementor-element elementor-element-16a2016 elementor-widget elementor-widget-text-editor\" data-id=\"16a2016\" data-element_type=\"widget\" data-e-type=\"widget\" data-widget_type=\"text-editor.default\">\n\t\t\t\t<div class=\"elementor-widget-container\">\n\t\t\t\t\t\t\t\t\t<hr><p><strong>Nota<\/strong>: Se quiser anotar as suas respostas numa vers\u00e3o impressa, pode <a href=\"\/wp-content\/uploads\/2019\/08\/CFM-Decision-Aid-p26.pdf\" target=\"_blank\" rel=\"noopener noreferrer\">descarreg\u00e1-la como PDF aqui<\/a>. Para obter uma vers\u00e3o impressa completa de aux\u00edlio \u00e0 decis\u00e3o do paciente <strong>cancro, fertilidade e eu voc\u00ea tamb\u00e9m<\/strong> <a href=\"\/wp-content\/uploads\/2019\/09\/CFM-Decision-Aid-12Sept19-WEB.pdf\" target=\"_blank\" rel=\"noopener noreferrer\">pode descarreg\u00e1-la aqui.<\/a><\/p><hr>\t\t\t\t\t\t\t\t<\/div>\n\t\t\t\t<\/div>\n\t\t\t\t<\/div>\n\t\t<div class=\"elementor-element elementor-element-b8f2663 e-con-full e-flex e-con e-child\" data-id=\"b8f2663\" data-element_type=\"container\" data-e-type=\"container\">\n\t\t<div class=\"elementor-element elementor-element-42e60fb4 e-con-full e-flex e-con e-child\" data-id=\"42e60fb4\" data-element_type=\"container\" data-e-type=\"container\">\n\t\t\t\t<div class=\"elementor-element elementor-element-20c053d6 elementor-widget elementor-widget-image\" data-id=\"20c053d6\" data-element_type=\"widget\" data-e-type=\"widget\" data-widget_type=\"image.default\">\n\t\t\t\t<div class=\"elementor-widget-container\">\n\t\t\t\t\t\t\t\t\t\t\t\t\t\t\t\t<a href=\"http:\/\/.\/\">\n\t\t\t\t\t\t\t<img decoding=\"async\" width=\"400\" height=\"440\" src=\"https:\/\/cancerfertilityandme.org.uk\/wp-content\/uploads\/cancerfertilityandme-logo-column-adult-women.png\" class=\"attachment-full size-full wp-image-2284\" alt=\"\" srcset=\"https:\/\/cancerfertilityandme.org.uk\/wp-content\/uploads\/cancerfertilityandme-logo-column-adult-women.png 400w, https:\/\/cancerfertilityandme.org.uk\/wp-content\/uploads\/cancerfertilityandme-logo-column-adult-women-273x300.png 273w\" sizes=\"(max-width: 400px) 100vw, 400px\" \/>\t\t\t\t\t\t\t\t<\/a>\n\t\t\t\t\t\t\t\t\t\t\t\t\t\t\t<\/div>\n\t\t\t\t<\/div>\n\t\t\t\t<\/div>\n\t\t<div class=\"elementor-element elementor-element-6c8c8587 e-con-full e-flex e-con e-child\" data-id=\"6c8c8587\" data-element_type=\"container\" data-e-type=\"container\">\n\t\t\t\t<div class=\"elementor-element elementor-element-461ba2dd elementor-widget elementor-widget-heading\" data-id=\"461ba2dd\" data-element_type=\"widget\" data-e-type=\"widget\" data-widget_type=\"heading.default\">\n\t\t\t\t<div class=\"elementor-widget-container\">\n\t\t\t\t\t<h3 class=\"elementor-heading-title elementor-size-default\">Para mais informa\u00e7\u00f5es, siga estes links<\/h3>\t\t\t\t<\/div>\n\t\t\t\t<\/div>\n\t\t\t\t<div class=\"elementor-element elementor-element-6b5002db elementor-nav-menu--dropdown-none elementor-widget elementor-widget-nav-menu\" data-id=\"6b5002db\" data-element_type=\"widget\" data-e-type=\"widget\" data-settings=\"{&quot;layout&quot;:&quot;vertical&quot;,&quot;submenu_icon&quot;:{&quot;value&quot;:&quot;&lt;svg aria-hidden=\\&quot;true\\&quot; class=\\&quot;e-font-icon-svg e-fas-caret-down\\&quot; viewBox=\\&quot;0 0 320 512\\&quot; xmlns=\\&quot;http:\\\/\\\/www.w3.org\\\/2000\\\/svg\\&quot;&gt;&lt;path d=\\&quot;M31.3 192h257.3c17.8 0 26.7 21.5 14.1 34.1L174.1 354.8c-7.8 7.8-20.5 7.8-28.3 0L17.2 226.1C4.6 213.5 13.5 192 31.3 192z\\&quot;&gt;&lt;\\\/path&gt;&lt;\\\/svg&gt;&quot;,&quot;library&quot;:&quot;fa-solid&quot;}}\" data-widget_type=\"nav-menu.default\">\n\t\t\t\t<div class=\"elementor-widget-container\">\n\t\t\t\t\t\t\t\t<nav aria-label=\"Menu\" class=\"elementor-nav-menu--main elementor-nav-menu__container elementor-nav-menu--layout-vertical e--pointer-none\">\n\t\t\t\t<ul id=\"menu-1-6b5002db\" class=\"elementor-nav-menu sm-vertical\"><li class=\"menu-item menu-item-type-post_type menu-item-object-page menu-item-7141\"><a href=\"https:\/\/cancerfertilityandme.org.uk\/adult-women\/making-your-fertility-preservation-decision\/\" class=\"elementor-item\">Tomar a sua decis\u00e3o<\/a><\/li>\n<li class=\"menu-item menu-item-type-post_type menu-item-object-page menu-item-7144\"><a href=\"https:\/\/cancerfertilityandme.org.uk\/adult-women\/making-your-fertility-preservation-decision\/talking-with-your-fertility-care-team-about-fertility-preservation\/\" class=\"elementor-item\">Falar com a sua equipa de cuidados de fertilidade sobre a preserva\u00e7\u00e3o da fertilidade<\/a><\/li>\n<li class=\"menu-item menu-item-type-post_type menu-item-object-page menu-item-7143\"><a href=\"https:\/\/cancerfertilityandme.org.uk\/adult-women\/making-your-fertility-preservation-decision\/talking-about-the-fertility-preservation-decision\/\" class=\"elementor-item\">Falar sobre a decis\u00e3o de preserva\u00e7\u00e3o da fertilidade<\/a><\/li>\n<li class=\"menu-item menu-item-type-post_type menu-item-object-page menu-item-2133\"><a href=\"https:\/\/cancerfertilityandme.org.uk\/adult-women\/contraception-family-planning\/questions-to-ask-your-cancer-care-team-or-gp\/\" class=\"elementor-item\">Perguntas a fazer \u00e0 sua equipa de cuidados oncol\u00f3gicos ou ao seu m\u00e9dico de fam\u00edlia<\/a><\/li>\n<li class=\"menu-item menu-item-type-post_type menu-item-object-page menu-item-7142\"><a href=\"https:\/\/cancerfertilityandme.org.uk\/adult-women\/making-your-fertility-preservation-decision\/financial-costs-associated-with-undergoing-fertility-preservation\/\" class=\"elementor-item\">Custos financeiros associados \u00e0 preserva\u00e7\u00e3o da fertilidade.<\/a><\/li>\n<li class=\"menu-item menu-item-type-post_type menu-item-object-page menu-item-7145\"><a href=\"https:\/\/cancerfertilityandme.org.uk\/adult-women\/fertility-preservation-options\/summary-of-fertility-preservation-options\/\" class=\"elementor-item\">Resumo das op\u00e7\u00f5es de preserva\u00e7\u00e3o da fertilidade<\/a><\/li>\n<\/ul>\t\t\t<\/nav>\n\t\t\t\t\t\t<nav class=\"elementor-nav-menu--dropdown elementor-nav-menu__container\" aria-hidden=\"true\">\n\t\t\t\t<ul id=\"menu-2-6b5002db\" class=\"elementor-nav-menu sm-vertical\"><li class=\"menu-item menu-item-type-post_type menu-item-object-page menu-item-7141\"><a href=\"https:\/\/cancerfertilityandme.org.uk\/adult-women\/making-your-fertility-preservation-decision\/\" class=\"elementor-item\" tabindex=\"-1\">Tomar a sua decis\u00e3o<\/a><\/li>\n<li class=\"menu-item menu-item-type-post_type menu-item-object-page menu-item-7144\"><a href=\"https:\/\/cancerfertilityandme.org.uk\/adult-women\/making-your-fertility-preservation-decision\/talking-with-your-fertility-care-team-about-fertility-preservation\/\" class=\"elementor-item\" tabindex=\"-1\">Falar com a sua equipa de cuidados de fertilidade sobre a preserva\u00e7\u00e3o da fertilidade<\/a><\/li>\n<li class=\"menu-item menu-item-type-post_type menu-item-object-page menu-item-7143\"><a href=\"https:\/\/cancerfertilityandme.org.uk\/adult-women\/making-your-fertility-preservation-decision\/talking-about-the-fertility-preservation-decision\/\" class=\"elementor-item\" tabindex=\"-1\">Falar sobre a decis\u00e3o de preserva\u00e7\u00e3o da fertilidade<\/a><\/li>\n<li class=\"menu-item menu-item-type-post_type menu-item-object-page menu-item-2133\"><a href=\"https:\/\/cancerfertilityandme.org.uk\/adult-women\/contraception-family-planning\/questions-to-ask-your-cancer-care-team-or-gp\/\" class=\"elementor-item\" tabindex=\"-1\">Perguntas a fazer \u00e0 sua equipa de cuidados oncol\u00f3gicos ou ao seu m\u00e9dico de fam\u00edlia<\/a><\/li>\n<li class=\"menu-item menu-item-type-post_type menu-item-object-page menu-item-7142\"><a href=\"https:\/\/cancerfertilityandme.org.uk\/adult-women\/making-your-fertility-preservation-decision\/financial-costs-associated-with-undergoing-fertility-preservation\/\" class=\"elementor-item\" tabindex=\"-1\">Custos financeiros associados \u00e0 preserva\u00e7\u00e3o da fertilidade.<\/a><\/li>\n<li class=\"menu-item menu-item-type-post_type menu-item-object-page menu-item-7145\"><a href=\"https:\/\/cancerfertilityandme.org.uk\/adult-women\/fertility-preservation-options\/summary-of-fertility-preservation-options\/\" class=\"elementor-item\" tabindex=\"-1\">Resumo das op\u00e7\u00f5es de preserva\u00e7\u00e3o da fertilidade<\/a><\/li>\n<\/ul>\t\t\t<\/nav>\n\t\t\t\t\t\t<\/div>\n\t\t\t\t<\/div>\n\t\t\t\t<\/div>\n\t\t\t\t<\/div>\n\t\t\t\t\t<\/div>\n\t\t\t\t<\/main>\n\t\t\t\t<\/div>\n\t\t","protected":false},"excerpt":{"rendered":"<p>Tomar a sua decis\u00e3o de preserva\u00e7\u00e3o da fertilidade, antes de iniciar o tratamento do cancro. Esta p\u00e1gina tem como objectivo ajud\u00e1-la a decidir se quer..: \u2022 Fazer um tratamento de preserva\u00e7\u00e3o da fertilidade antes de iniciar o tratamento do cancro, ou \u2022 Iniciar um tratamento contra o cancro sem fazer um tratamento de preserva\u00e7\u00e3o da [&hellip;]<\/p>\n","protected":false},"author":1,"featured_media":5472,"parent":6766,"menu_order":0,"comment_status":"closed","ping_status":"open","template":"","meta":{"footnotes":""},"class_list":["post-6459","page","type-page","status-publish","has-post-thumbnail","hentry"],"_links":{"self":[{"href":"https:\/\/cancerfertilityandme.org.uk\/pt-pt\/wp-json\/wp\/v2\/pages\/6459","targetHints":{"allow":["GET"]}}],"collection":[{"href":"https:\/\/cancerfertilityandme.org.uk\/pt-pt\/wp-json\/wp\/v2\/pages"}],"about":[{"href":"https:\/\/cancerfertilityandme.org.uk\/pt-pt\/wp-json\/wp\/v2\/types\/page"}],"author":[{"embeddable":true,"href":"https:\/\/cancerfertilityandme.org.uk\/pt-pt\/wp-json\/wp\/v2\/users\/1"}],"replies":[{"embeddable":true,"href":"https:\/\/cancerfertilityandme.org.uk\/pt-pt\/wp-json\/wp\/v2\/comments?post=6459"}],"version-history":[{"count":11,"href":"https:\/\/cancerfertilityandme.org.uk\/pt-pt\/wp-json\/wp\/v2\/pages\/6459\/revisions"}],"predecessor-version":[{"id":12893,"href":"https:\/\/cancerfertilityandme.org.uk\/pt-pt\/wp-json\/wp\/v2\/pages\/6459\/revisions\/12893"}],"up":[{"embeddable":true,"href":"https:\/\/cancerfertilityandme.org.uk\/pt-pt\/wp-json\/wp\/v2\/pages\/6766"}],"wp:featuredmedia":[{"embeddable":true,"href":"https:\/\/cancerfertilityandme.org.uk\/pt-pt\/wp-json\/wp\/v2\/media\/5472"}],"wp:attachment":[{"href":"https:\/\/cancerfertilityandme.org.uk\/pt-pt\/wp-json\/wp\/v2\/media?parent=6459"}],"curies":[{"name":"wp","href":"https:\/\/api.w.org\/{rel}","templated":true}]}}