{"id":6447,"date":"2018-11-07T09:45:43","date_gmt":"2018-11-07T09:45:43","guid":{"rendered":"https:\/\/cancerfertilityandme.org.uk\/decisoes-de-planeamento-familiar-apos-o-tratamento-do-cancro\/"},"modified":"2026-03-06T14:21:45","modified_gmt":"2026-03-06T14:21:45","slug":"decisoes-de-planeamento-familiar-apos-o-tratamento-do-cancro","status":"publish","type":"page","link":"https:\/\/cancerfertilityandme.org.uk\/pt-pt\/mulheres-adultas\/contracepcao-e-planeamento-familiar\/decisoes-de-planeamento-familiar-apos-o-tratamento-do-cancro\/","title":{"rendered":"Decis\u00f5es de planeamento familiar ap\u00f3s o tratamento do cancro"},"content":{"rendered":"\t\t<div data-elementor-type=\"wp-page\" data-elementor-id=\"6447\" class=\"elementor elementor-6447 elementor-5547\" data-elementor-post-type=\"page\">\n\t\t\t\t<main class=\"elementor-element elementor-element-1b5f8afe e-flex e-con-boxed e-con e-parent\" data-id=\"1b5f8afe\" data-element_type=\"container\" data-e-type=\"container\">\n\t\t\t\t\t<div class=\"e-con-inner\">\n\t\t<div class=\"elementor-element elementor-element-66cad302 e-con-full e-flex e-con e-child\" data-id=\"66cad302\" data-element_type=\"container\" data-e-type=\"container\">\n\t\t\t\t<div class=\"elementor-element elementor-element-6fc219e elementor-widget elementor-widget-text-editor\" data-id=\"6fc219e\" data-element_type=\"widget\" data-e-type=\"widget\" data-widget_type=\"text-editor.default\">\n\t\t\t\t<div class=\"elementor-widget-container\">\n\t\t\t\t\t\t\t\t\t<h2>Decis\u00f5es de planeamento familiar ap\u00f3s o tratamento do cancro<\/h2><p>Para muitas mulheres, \u00e9 dif\u00edcil decidir se devem tentar engravidar ap\u00f3s um diagn\u00f3stico de cancro. Durante este per\u00edodo, as mulheres tomam decis\u00f5es sobre a gest\u00e3o da fertilidade que melhor se adequam \u00e0s suas vidas. Estas incluem a realiza\u00e7\u00e3o de testes para verificar a fertilidade, a escolha de um m\u00e9todo contraceptivo e o planeamento de uma futura fam\u00edlia. Veja o diagrama que se segue..   <\/p><p>\u00c9 dif\u00edcil prever exactamente como a sua fertilidade ser\u00e1 afectada pelo tratamento do cancro. Pode pedir \u00e0 sua equipa de tratamento do cancro ou ao seu m\u00e9dico de fam\u00edlia que a encaminhe para uma cl\u00ednica de fertilidade. A equipa de cuidados de fertilidade pode verificar a sua fertilidade atrav\u00e9s de uma s\u00e9rie de testes. Estes incluem an\u00e1lises de sangue para verificar os seus n\u00edveis de uma hormona ou uma ecografia dos ov\u00e1rios.   <\/p><p>Algumas mulheres podem decidir que a sua fam\u00edlia est\u00e1 completa ou optar por n\u00e3o ter filhos depois de terminarem o tratamento do cancro. A sua fertilidade pode voltar naturalmente depois do tratamento. Nem todas as mulheres que recebem tratamento contra o cancro ter\u00e3o problemas de fertilidade no futuro. Mesmo que a sua menstrua\u00e7\u00e3o n\u00e3o tenha recome\u00e7ado, \u00e9 poss\u00edvel que ainda esteja a produzir \u00f3vulos e possa engravidar. \u00c9 aconselh\u00e1vel que discuta os m\u00e9todos de contracep\u00e7\u00e3o com a sua equipa oncol\u00f3gica ou com o seu m\u00e9dico de fam\u00edlia. Eles podem aconselh\u00e1-la sobre as op\u00e7\u00f5es e o tipo de contracep\u00e7\u00e3o adequado para si. \u00c9 aconselh\u00e1vel esperar dois anos ap\u00f3s o fim do seu tratamento oncol\u00f3gico para tentar ter um beb\u00e9.      <\/p><p>N\u00e3o existem dados que sugiram que a gravidez afecte as probabilidades de um cancro voltar. N\u00e3o existem dados que sugiram que a sa\u00fade das crian\u00e7as nascidas ap\u00f3s o tratamento do cancro seja afectada. Se est\u00e1 a pensar engravidar, fale com a sua equipa de cuidados oncol\u00f3gicos.  <\/p>\t\t\t\t\t\t\t\t<\/div>\n\t\t\t\t<\/div>\n\t\t\t\t<div class=\"elementor-element elementor-element-6f05f21 elementor-widget elementor-widget-image\" data-id=\"6f05f21\" data-element_type=\"widget\" data-e-type=\"widget\" data-widget_type=\"image.default\">\n\t\t\t\t<div class=\"elementor-widget-container\">\n\t\t\t\t\t\t\t\t\t\t\t\t\t\t\t<img fetchpriority=\"high\" decoding=\"async\" width=\"800\" height=\"405\" src=\"https:\/\/cancerfertilityandme.org.uk\/wp-content\/uploads\/PT-06-2-1024x518.png\" class=\"attachment-large size-large wp-image-5586\" alt=\"Decis\u00f5es de planeamento familiar ap\u00f3s o tratamento do cancro\" srcset=\"https:\/\/cancerfertilityandme.org.uk\/wp-content\/uploads\/PT-06-2-1024x518.png 1024w, https:\/\/cancerfertilityandme.org.uk\/wp-content\/uploads\/PT-06-2-300x152.png 300w, https:\/\/cancerfertilityandme.org.uk\/wp-content\/uploads\/PT-06-2-768x389.png 768w, https:\/\/cancerfertilityandme.org.uk\/wp-content\/uploads\/PT-06-2.png 1045w\" sizes=\"(max-width: 800px) 100vw, 800px\" \/>\t\t\t\t\t\t\t\t\t\t\t\t\t\t\t<\/div>\n\t\t\t\t<\/div>\n\t\t<div class=\"elementor-element elementor-element-2a6a4012 e-con-full e-flex e-con e-child\" data-id=\"2a6a4012\" data-element_type=\"container\" data-e-type=\"container\" data-settings=\"{&quot;background_background&quot;:&quot;classic&quot;}\">\n\t\t\t\t<div class=\"elementor-element elementor-element-1e7ea23e elementor-widget elementor-widget-text-editor\" data-id=\"1e7ea23e\" data-element_type=\"widget\" data-e-type=\"widget\" data-widget_type=\"text-editor.default\">\n\t\t\t\t<div class=\"elementor-widget-container\">\n\t\t\t\t\t\t\t\t\t<p>Nem todas as mulheres que fazem tratamento contra o cancro t\u00eam problemas de fertilidade e, na verdade, a maioria das mulheres jovens que querem ter um beb\u00e9 depois do tratamento contra o cancro conseguem faz\u00ea-lo. Algumas mulheres podem sofrer uma perda permanente de fertilidade ap\u00f3s o tratamento do cancro. Este facto pode ser perturbador e dif\u00edcil de aceitar. Pode ocorrer, em algum momento, que a mulher est\u00e1 a planejar constituir fam\u00edlia ou antes da fam\u00edlia estar completa.   <\/p><p>Se for este o seu caso, pode ser \u00fatil procurar apoio e aconselhamento profissional junto da sua equipa de cuidados de fertilidade. Al\u00e9m de lhe darem apoio emocional, poder\u00e3o fornecer-lhe informa\u00e7\u00f5es sobre outras op\u00e7\u00f5es. Estas incluem a maternidade de substitui\u00e7\u00e3o, a adop\u00e7\u00e3o e o acolhimento. Pode aconselhar sobre outros m\u00e9todos de gravidez assistida, como os \u00f3vulos e embri\u00f5es de doadores ou a utiliza\u00e7\u00e3o dos seus pr\u00f3prios \u00f3vulos, embri\u00f5es e tecido ovariano guardados.   <\/p><p>O s\u00edtio Web <a href=\"http:\/\/www.hfea.gov.uk\" target=\"_blank\" rel=\"noopener\">www.hfea.gov.uk<\/a> cont\u00e9m mais informa\u00e7\u00f5es sobre a doa\u00e7\u00e3o de \u00f3vulos ou embri\u00f5es e a maternidade de substitui\u00e7\u00e3o.<\/p><p>As organiza\u00e7\u00f5es <a href=\"\/more-information\/useful-contacts\">aqui <\/a>listadas incluem informa\u00e7\u00f5es e apoio a pessoas interessadas em acolhimento e adop\u00e7\u00e3o.<\/p>\t\t\t\t\t\t\t\t<\/div>\n\t\t\t\t<\/div>\n\t\t\t\t<\/div>\n\t\t\t\t<\/div>\n\t\t<div class=\"elementor-element elementor-element-1e61a2ee e-con-full e-flex e-con e-child\" data-id=\"1e61a2ee\" data-element_type=\"container\" data-e-type=\"container\">\n\t\t<div class=\"elementor-element elementor-element-b3d86be e-con-full e-flex e-con e-child\" data-id=\"b3d86be\" data-element_type=\"container\" data-e-type=\"container\">\n\t\t\t\t<div class=\"elementor-element elementor-element-55e6f149 elementor-widget elementor-widget-image\" data-id=\"55e6f149\" data-element_type=\"widget\" data-e-type=\"widget\" data-widget_type=\"image.default\">\n\t\t\t\t<div class=\"elementor-widget-container\">\n\t\t\t\t\t\t\t\t\t\t\t\t\t\t\t\t<a href=\"http:\/\/.\/\">\n\t\t\t\t\t\t\t<img decoding=\"async\" width=\"400\" height=\"440\" src=\"https:\/\/cancerfertilityandme.org.uk\/wp-content\/uploads\/cancerfertilityandme-logo-column-adult-women.png\" class=\"attachment-full size-full wp-image-2284\" alt=\"\" srcset=\"https:\/\/cancerfertilityandme.org.uk\/wp-content\/uploads\/cancerfertilityandme-logo-column-adult-women.png 400w, https:\/\/cancerfertilityandme.org.uk\/wp-content\/uploads\/cancerfertilityandme-logo-column-adult-women-273x300.png 273w\" sizes=\"(max-width: 400px) 100vw, 400px\" \/>\t\t\t\t\t\t\t\t<\/a>\n\t\t\t\t\t\t\t\t\t\t\t\t\t\t\t<\/div>\n\t\t\t\t<\/div>\n\t\t\t\t<\/div>\n\t\t<div class=\"elementor-element elementor-element-6a74b93f e-con-full e-flex e-con e-child\" data-id=\"6a74b93f\" data-element_type=\"container\" data-e-type=\"container\">\n\t\t\t\t<div class=\"elementor-element elementor-element-35d6e3bd elementor-widget elementor-widget-heading\" data-id=\"35d6e3bd\" data-element_type=\"widget\" data-e-type=\"widget\" data-widget_type=\"heading.default\">\n\t\t\t\t<div class=\"elementor-widget-container\">\n\t\t\t\t\t<h3 class=\"elementor-heading-title elementor-size-default\">Para mais informa\u00e7\u00f5es, siga estes links<\/h3>\t\t\t\t<\/div>\n\t\t\t\t<\/div>\n\t\t\t\t<div class=\"elementor-element elementor-element-40d6bd8b elementor-nav-menu--dropdown-none elementor-widget elementor-widget-nav-menu\" data-id=\"40d6bd8b\" data-element_type=\"widget\" data-e-type=\"widget\" data-settings=\"{&quot;layout&quot;:&quot;vertical&quot;,&quot;submenu_icon&quot;:{&quot;value&quot;:&quot;&lt;svg aria-hidden=\\&quot;true\\&quot; class=\\&quot;e-font-icon-svg e-fas-caret-down\\&quot; viewBox=\\&quot;0 0 320 512\\&quot; xmlns=\\&quot;http:\\\/\\\/www.w3.org\\\/2000\\\/svg\\&quot;&gt;&lt;path d=\\&quot;M31.3 192h257.3c17.8 0 26.7 21.5 14.1 34.1L174.1 354.8c-7.8 7.8-20.5 7.8-28.3 0L17.2 226.1C4.6 213.5 13.5 192 31.3 192z\\&quot;&gt;&lt;\\\/path&gt;&lt;\\\/svg&gt;&quot;,&quot;library&quot;:&quot;fa-solid&quot;}}\" data-widget_type=\"nav-menu.default\">\n\t\t\t\t<div class=\"elementor-widget-container\">\n\t\t\t\t\t\t\t\t<nav aria-label=\"Menu\" class=\"elementor-nav-menu--main elementor-nav-menu__container elementor-nav-menu--layout-vertical e--pointer-none\">\n\t\t\t\t<ul id=\"menu-1-40d6bd8b\" class=\"elementor-nav-menu sm-vertical\"><li class=\"menu-item menu-item-type-post_type menu-item-object-page menu-item-6971\"><a href=\"https:\/\/cancerfertilityandme.org.uk\/adult-women\/contraception-family-planning\/\" class=\"elementor-item\">Contracep\u00e7\u00e3o e planeamento familiar<\/a><\/li>\n<li class=\"menu-item menu-item-type-post_type menu-item-object-page menu-item-6972\"><a href=\"https:\/\/cancerfertilityandme.org.uk\/adult-women\/contraception-family-planning\/contraception-during-cancer-treatment\/\" class=\"elementor-item\">Contracep\u00e7\u00e3o durante o tratamento do cancro<\/a><\/li>\n<li class=\"menu-item menu-item-type-post_type menu-item-object-page menu-item-6973\"><a href=\"https:\/\/cancerfertilityandme.org.uk\/adult-women\/contraception-family-planning\/family-planning-decisions-after-cancer-treatment\/\" class=\"elementor-item\">Decis\u00f5es de planeamento familiar ap\u00f3s o tratamento do cancro<\/a><\/li>\n<li class=\"menu-item menu-item-type-post_type menu-item-object-page menu-item-8692\"><a href=\"https:\/\/cancerfertilityandme.org.uk\/adult-women\/making-your-fertility-preservation-decision\/questions-to-ask-your-cancer-care-team-or-gp\/\" class=\"elementor-item\">Perguntas a fazer \u00e0 sua equipa de cuidados oncol\u00f3gicos ou ao seu m\u00e9dico de fam\u00edlia<\/a><\/li>\n<\/ul>\t\t\t<\/nav>\n\t\t\t\t\t\t<nav class=\"elementor-nav-menu--dropdown elementor-nav-menu__container\" aria-hidden=\"true\">\n\t\t\t\t<ul id=\"menu-2-40d6bd8b\" class=\"elementor-nav-menu sm-vertical\"><li class=\"menu-item menu-item-type-post_type menu-item-object-page menu-item-6971\"><a href=\"https:\/\/cancerfertilityandme.org.uk\/adult-women\/contraception-family-planning\/\" class=\"elementor-item\" tabindex=\"-1\">Contracep\u00e7\u00e3o e planeamento familiar<\/a><\/li>\n<li class=\"menu-item menu-item-type-post_type menu-item-object-page menu-item-6972\"><a href=\"https:\/\/cancerfertilityandme.org.uk\/adult-women\/contraception-family-planning\/contraception-during-cancer-treatment\/\" class=\"elementor-item\" tabindex=\"-1\">Contracep\u00e7\u00e3o durante o tratamento do cancro<\/a><\/li>\n<li class=\"menu-item menu-item-type-post_type menu-item-object-page menu-item-6973\"><a href=\"https:\/\/cancerfertilityandme.org.uk\/adult-women\/contraception-family-planning\/family-planning-decisions-after-cancer-treatment\/\" class=\"elementor-item\" tabindex=\"-1\">Decis\u00f5es de planeamento familiar ap\u00f3s o tratamento do cancro<\/a><\/li>\n<li class=\"menu-item menu-item-type-post_type menu-item-object-page menu-item-8692\"><a href=\"https:\/\/cancerfertilityandme.org.uk\/adult-women\/making-your-fertility-preservation-decision\/questions-to-ask-your-cancer-care-team-or-gp\/\" class=\"elementor-item\" tabindex=\"-1\">Perguntas a fazer \u00e0 sua equipa de cuidados oncol\u00f3gicos ou ao seu m\u00e9dico de fam\u00edlia<\/a><\/li>\n<\/ul>\t\t\t<\/nav>\n\t\t\t\t\t\t<\/div>\n\t\t\t\t<\/div>\n\t\t\t\t<\/div>\n\t\t\t\t<\/div>\n\t\t\t\t\t<\/div>\n\t\t\t\t<\/main>\n\t\t\t\t<\/div>\n\t\t","protected":false},"excerpt":{"rendered":"<p>Decis\u00f5es de planeamento familiar ap\u00f3s o tratamento do cancro Para muitas mulheres, \u00e9 dif\u00edcil decidir se devem tentar engravidar ap\u00f3s um diagn\u00f3stico de cancro. Durante este per\u00edodo, as mulheres tomam decis\u00f5es sobre a gest\u00e3o da fertilidade que melhor se adequam \u00e0s suas vidas. Estas incluem a realiza\u00e7\u00e3o de testes para verificar a fertilidade, a escolha [&hellip;]<\/p>\n","protected":false},"author":1,"featured_media":5554,"parent":6409,"menu_order":0,"comment_status":"closed","ping_status":"open","template":"","meta":{"footnotes":""},"class_list":["post-6447","page","type-page","status-publish","has-post-thumbnail","hentry"],"_links":{"self":[{"href":"https:\/\/cancerfertilityandme.org.uk\/pt-pt\/wp-json\/wp\/v2\/pages\/6447","targetHints":{"allow":["GET"]}}],"collection":[{"href":"https:\/\/cancerfertilityandme.org.uk\/pt-pt\/wp-json\/wp\/v2\/pages"}],"about":[{"href":"https:\/\/cancerfertilityandme.org.uk\/pt-pt\/wp-json\/wp\/v2\/types\/page"}],"author":[{"embeddable":true,"href":"https:\/\/cancerfertilityandme.org.uk\/pt-pt\/wp-json\/wp\/v2\/users\/1"}],"replies":[{"embeddable":true,"href":"https:\/\/cancerfertilityandme.org.uk\/pt-pt\/wp-json\/wp\/v2\/comments?post=6447"}],"version-history":[{"count":7,"href":"https:\/\/cancerfertilityandme.org.uk\/pt-pt\/wp-json\/wp\/v2\/pages\/6447\/revisions"}],"predecessor-version":[{"id":11095,"href":"https:\/\/cancerfertilityandme.org.uk\/pt-pt\/wp-json\/wp\/v2\/pages\/6447\/revisions\/11095"}],"up":[{"embeddable":true,"href":"https:\/\/cancerfertilityandme.org.uk\/pt-pt\/wp-json\/wp\/v2\/pages\/6409"}],"wp:featuredmedia":[{"embeddable":true,"href":"https:\/\/cancerfertilityandme.org.uk\/pt-pt\/wp-json\/wp\/v2\/media\/5554"}],"wp:attachment":[{"href":"https:\/\/cancerfertilityandme.org.uk\/pt-pt\/wp-json\/wp\/v2\/media?parent=6447"}],"curies":[{"name":"wp","href":"https:\/\/api.w.org\/{rel}","templated":true}]}}