{"id":6437,"date":"2019-04-30T10:53:56","date_gmt":"2019-04-30T10:53:56","guid":{"rendered":"https:\/\/cancerfertilityandme.org.uk\/contracepcao-durante-o-tratamento-do-cancro\/"},"modified":"2026-03-05T16:16:15","modified_gmt":"2026-03-05T16:16:15","slug":"contracepcao-durante-o-tratamento-do-cancro","status":"publish","type":"page","link":"https:\/\/cancerfertilityandme.org.uk\/pt-pt\/mulheres-adultas\/contracepcao-e-planeamento-familiar\/contracepcao-durante-o-tratamento-do-cancro\/","title":{"rendered":"Contracep\u00e7\u00e3o durante o tratamento do cancro"},"content":{"rendered":"\t\t<div data-elementor-type=\"wp-page\" data-elementor-id=\"6437\" class=\"elementor elementor-6437 elementor-5713\" data-elementor-post-type=\"page\">\n\t\t\t\t<main class=\"elementor-element elementor-element-43c0269a e-flex e-con-boxed e-con e-parent\" data-id=\"43c0269a\" data-element_type=\"container\" data-e-type=\"container\">\n\t\t\t\t\t<div class=\"e-con-inner\">\n\t\t<div class=\"elementor-element elementor-element-475ec412 e-con-full e-flex e-con e-child\" data-id=\"475ec412\" data-element_type=\"container\" data-e-type=\"container\">\n\t\t\t\t<div class=\"elementor-element elementor-element-7fac20b9 elementor-widget elementor-widget-text-editor\" data-id=\"7fac20b9\" data-element_type=\"widget\" data-e-type=\"widget\" data-widget_type=\"text-editor.default\">\n\t\t\t\t<div class=\"elementor-widget-container\">\n\t\t\t\t\t\t\t\t\t<h2>Contracep\u00e7\u00e3o durante o tratamento do cancro<\/h2>\n<p>As mulheres s\u00e3o fortemente aconselhadas a n\u00e3o engravidar durante o tratamento do cancro. Isto porque os tratamentos contra o cancro podem danificar o feto nas primeiras fases de desenvolvimento. Mesmo que a sua menstrua\u00e7\u00e3o pare durante o tratamento, isso n\u00e3o significa que n\u00e3o possa engravidar.  <\/p>\n<p>Se for sexualmente activa, deve utilizar um m\u00e9todo contraceptivo confi\u00e1vel durante o tratamento do cancro. <b>O diagrama abaixo<\/b> mostra-lhe os diferentes tipos de contracep\u00e7\u00e3o a considerar.<\/p>\n<p>Recomenda-se que as mulheres que est\u00e3o a fazer tratamentos hormonais utilizem m\u00e9todos contraceptivos n\u00e3o hormonais. Estes incluem os preservativos, os preservativos femininos e os diafragmas. A p\u00edlula contraceptiva \u00e9 menos frequentemente aconselhada a mulheres com cancros sens\u00edveis aos horm\u00f4nios. Isto porque existe a possibilidade dos hormonas da p\u00edlula contraceptiva estimularem as c\u00e9lulas cancer\u00edgenas remanescentes.   <\/p>\n<p>\u00c9 aconselh\u00e1vel que discuta estes diferentes m\u00e9todos de contracep\u00e7\u00e3o com a sua equipa de tratamento do cancro. A equipa pode encaminh\u00e1-la para uma cl\u00ednica de planeamento familiar ou para o seu m\u00e9dico de fam\u00edlia, que a poder\u00e1 aconselhar melhor. <\/p>\n<p>As perguntas seguintes podem ajud\u00e1-la a discutir sobre contracep\u00e7\u00e3o com a sua equipa oncol\u00f3gica ou com o seu m\u00e9dico de fam\u00edlia:<\/p>\n<ul>\n<li>Qual \u00e9 o melhor contraceptivo para mim durante o meu tratamento oncol\u00f3gico?<\/li>\n<li>Durante quanto tempo terei de utilizar este contraceptivo?<\/li>\n<li>Preciso de utilizar m\u00e9todos contraceptivos n\u00e3o hormonais para o meu tipo de cancro?<\/li>\n<li>Se n\u00e3o tiver menstrua\u00e7\u00e3o durante o tratamento do cancro, devo continuar a usar contraceptivos?<\/li>\n<li>Se eu optar por n\u00e3o usar contraceptivos e engravidar durante o tratamento do cancro, isso afectar\u00e1 a mim ou ao meu feto?<\/li>\n<\/ul>\t\t\t\t\t\t\t\t<\/div>\n\t\t\t\t<\/div>\n\t\t\t\t<div class=\"elementor-element elementor-element-0a2317e elementor-widget elementor-widget-image\" data-id=\"0a2317e\" data-element_type=\"widget\" data-e-type=\"widget\" data-widget_type=\"image.default\">\n\t\t\t\t<div class=\"elementor-widget-container\">\n\t\t\t\t\t\t\t\t\t\t\t\t\t\t\t<img fetchpriority=\"high\" decoding=\"async\" width=\"800\" height=\"323\" src=\"https:\/\/cancerfertilityandme.org.uk\/wp-content\/uploads\/PT-05-2-1024x413.png\" class=\"attachment-large size-large wp-image-5736\" alt=\"Contracep\u00e7\u00e3o durante o tratamento do cancro\" srcset=\"https:\/\/cancerfertilityandme.org.uk\/wp-content\/uploads\/PT-05-2-1024x413.png 1024w, https:\/\/cancerfertilityandme.org.uk\/wp-content\/uploads\/PT-05-2-300x121.png 300w, https:\/\/cancerfertilityandme.org.uk\/wp-content\/uploads\/PT-05-2-768x310.png 768w, https:\/\/cancerfertilityandme.org.uk\/wp-content\/uploads\/PT-05-2.png 1028w\" sizes=\"(max-width: 800px) 100vw, 800px\" \/>\t\t\t\t\t\t\t\t\t\t\t\t\t\t\t<\/div>\n\t\t\t\t<\/div>\n\t\t<div class=\"elementor-element elementor-element-fc74772 e-con-full e-flex e-con e-child\" data-id=\"fc74772\" data-element_type=\"container\" data-e-type=\"container\" data-settings=\"{&quot;background_background&quot;:&quot;classic&quot;}\">\n\t\t\t\t<div class=\"elementor-element elementor-element-7e37a2fd elementor-widget elementor-widget-text-editor\" data-id=\"7e37a2fd\" data-element_type=\"widget\" data-e-type=\"widget\" data-widget_type=\"text-editor.default\">\n\t\t\t\t<div class=\"elementor-widget-container\">\n\t\t\t\t\t\t\t\t\t<p>Nem todas as mulheres que fazem tratamento contra o cancro ter\u00e3o problemas de fertilidade. Algumas mulheres podem sofrer uma perda permanente de fertilidade ap\u00f3s o tratamento do cancro. Este facto pode ser perturbador e dif\u00edcil de aceitar. Pode ocorrer, em algum momento, que a mulher est\u00e1 a planejar constituir fam\u00edlia ou antes da fam\u00edlia estar completa.   <\/p><p>Se for este o seu caso, pode ser-lhe \u00fatil procurar aconselhamento profissional. Este aconselhamento pode estar dispon\u00edvel nos servi\u00e7os de fertilidade, junto de algu\u00e9m que n\u00e3o esteja directamente envolvido no seu tratamento de fertilidade. Pode consultar <a href=\"https:\/\/en.cancerfertilityandme.org.uk\/more-information\/useful-contacts\">aqui <\/a>outras organiza\u00e7\u00f5es que poder\u00e3o prestar-lhe este apoio de aconselhamento espec\u00edfico. Al\u00e9m de lhe darem apoio emocional, poder\u00e3o fornecer-lhe informa\u00e7\u00f5es sobre outras op\u00e7\u00f5es. Estas incluem a maternidade de substitui\u00e7\u00e3o, a adop\u00e7\u00e3o e o acolhimento. Pode aconselhar sobre outros m\u00e9todos de gravidez assistida, como os \u00f3vulos e embri\u00f5es de doadores ou a utiliza\u00e7\u00e3o dos seus pr\u00f3prios \u00f3vulos, embri\u00f5es e tecido ovariano guardados.     <\/p><p>O s\u00edtio Web <a href=\"http:\/\/www.hfea.gov.uk\" target=\"_blank\" rel=\"noopener\">www.hfea.gov.uk<\/a> cont\u00e9m mais informa\u00e7\u00f5es sobre a doa\u00e7\u00e3o de \u00f3vulos ou embri\u00f5es e a maternidade de substitui\u00e7\u00e3o.<\/p><p>As organiza\u00e7\u00f5es <a href=\"#\">aqui <\/a>listadas incluem informa\u00e7\u00f5es e apoio a pessoas interessadas em acolhimento e adop\u00e7\u00e3o.<\/p>\t\t\t\t\t\t\t\t<\/div>\n\t\t\t\t<\/div>\n\t\t\t\t<\/div>\n\t\t\t\t<\/div>\n\t\t<div class=\"elementor-element elementor-element-6dd782a2 e-con-full e-flex e-con e-child\" data-id=\"6dd782a2\" data-element_type=\"container\" data-e-type=\"container\">\n\t\t<div class=\"elementor-element elementor-element-b9ecefe e-con-full e-flex e-con e-child\" data-id=\"b9ecefe\" data-element_type=\"container\" data-e-type=\"container\">\n\t\t\t\t<div class=\"elementor-element elementor-element-503b5a03 elementor-widget elementor-widget-image\" data-id=\"503b5a03\" data-element_type=\"widget\" data-e-type=\"widget\" data-widget_type=\"image.default\">\n\t\t\t\t<div class=\"elementor-widget-container\">\n\t\t\t\t\t\t\t\t\t\t\t\t\t\t\t\t<a href=\"http:\/\/.\/\">\n\t\t\t\t\t\t\t<img decoding=\"async\" width=\"400\" height=\"440\" src=\"https:\/\/cancerfertilityandme.org.uk\/wp-content\/uploads\/cancerfertilityandme-logo-column-adult-women.png\" class=\"attachment-full size-full wp-image-2284\" alt=\"\" srcset=\"https:\/\/cancerfertilityandme.org.uk\/wp-content\/uploads\/cancerfertilityandme-logo-column-adult-women.png 400w, https:\/\/cancerfertilityandme.org.uk\/wp-content\/uploads\/cancerfertilityandme-logo-column-adult-women-273x300.png 273w\" sizes=\"(max-width: 400px) 100vw, 400px\" \/>\t\t\t\t\t\t\t\t<\/a>\n\t\t\t\t\t\t\t\t\t\t\t\t\t\t\t<\/div>\n\t\t\t\t<\/div>\n\t\t\t\t<\/div>\n\t\t<div class=\"elementor-element elementor-element-24f8d263 e-con-full e-flex e-con e-child\" data-id=\"24f8d263\" data-element_type=\"container\" data-e-type=\"container\">\n\t\t\t\t<div class=\"elementor-element elementor-element-56b68a21 elementor-widget elementor-widget-heading\" data-id=\"56b68a21\" data-element_type=\"widget\" data-e-type=\"widget\" data-widget_type=\"heading.default\">\n\t\t\t\t<div class=\"elementor-widget-container\">\n\t\t\t\t\t<h3 class=\"elementor-heading-title elementor-size-default\">Para mais informa\u00e7\u00f5es, siga estes links<\/h3>\t\t\t\t<\/div>\n\t\t\t\t<\/div>\n\t\t\t\t<div class=\"elementor-element elementor-element-27951d47 elementor-nav-menu--dropdown-none elementor-widget elementor-widget-nav-menu\" data-id=\"27951d47\" data-element_type=\"widget\" data-e-type=\"widget\" data-settings=\"{&quot;layout&quot;:&quot;vertical&quot;,&quot;submenu_icon&quot;:{&quot;value&quot;:&quot;&lt;svg aria-hidden=\\&quot;true\\&quot; class=\\&quot;e-font-icon-svg e-fas-caret-down\\&quot; viewBox=\\&quot;0 0 320 512\\&quot; xmlns=\\&quot;http:\\\/\\\/www.w3.org\\\/2000\\\/svg\\&quot;&gt;&lt;path d=\\&quot;M31.3 192h257.3c17.8 0 26.7 21.5 14.1 34.1L174.1 354.8c-7.8 7.8-20.5 7.8-28.3 0L17.2 226.1C4.6 213.5 13.5 192 31.3 192z\\&quot;&gt;&lt;\\\/path&gt;&lt;\\\/svg&gt;&quot;,&quot;library&quot;:&quot;fa-solid&quot;}}\" data-widget_type=\"nav-menu.default\">\n\t\t\t\t<div class=\"elementor-widget-container\">\n\t\t\t\t\t\t\t\t<nav aria-label=\"Menu\" class=\"elementor-nav-menu--main elementor-nav-menu__container elementor-nav-menu--layout-vertical e--pointer-none\">\n\t\t\t\t<ul id=\"menu-1-27951d47\" class=\"elementor-nav-menu sm-vertical\"><li class=\"menu-item menu-item-type-post_type menu-item-object-page menu-item-6971\"><a href=\"https:\/\/cancerfertilityandme.org.uk\/adult-women\/contraception-family-planning\/\" class=\"elementor-item\">Contracep\u00e7\u00e3o e planeamento familiar<\/a><\/li>\n<li class=\"menu-item menu-item-type-post_type menu-item-object-page menu-item-6972\"><a href=\"https:\/\/cancerfertilityandme.org.uk\/adult-women\/contraception-family-planning\/contraception-during-cancer-treatment\/\" class=\"elementor-item\">Contracep\u00e7\u00e3o durante o tratamento do cancro<\/a><\/li>\n<li class=\"menu-item menu-item-type-post_type menu-item-object-page menu-item-6973\"><a href=\"https:\/\/cancerfertilityandme.org.uk\/adult-women\/contraception-family-planning\/family-planning-decisions-after-cancer-treatment\/\" class=\"elementor-item\">Decis\u00f5es de planeamento familiar ap\u00f3s o tratamento do cancro<\/a><\/li>\n<li class=\"menu-item menu-item-type-post_type menu-item-object-page menu-item-8692\"><a href=\"https:\/\/cancerfertilityandme.org.uk\/adult-women\/making-your-fertility-preservation-decision\/questions-to-ask-your-cancer-care-team-or-gp\/\" class=\"elementor-item\">Perguntas a fazer \u00e0 sua equipa de cuidados oncol\u00f3gicos ou ao seu m\u00e9dico de fam\u00edlia<\/a><\/li>\n<\/ul>\t\t\t<\/nav>\n\t\t\t\t\t\t<nav class=\"elementor-nav-menu--dropdown elementor-nav-menu__container\" aria-hidden=\"true\">\n\t\t\t\t<ul id=\"menu-2-27951d47\" class=\"elementor-nav-menu sm-vertical\"><li class=\"menu-item menu-item-type-post_type menu-item-object-page menu-item-6971\"><a href=\"https:\/\/cancerfertilityandme.org.uk\/adult-women\/contraception-family-planning\/\" class=\"elementor-item\" tabindex=\"-1\">Contracep\u00e7\u00e3o e planeamento familiar<\/a><\/li>\n<li class=\"menu-item menu-item-type-post_type menu-item-object-page menu-item-6972\"><a href=\"https:\/\/cancerfertilityandme.org.uk\/adult-women\/contraception-family-planning\/contraception-during-cancer-treatment\/\" class=\"elementor-item\" tabindex=\"-1\">Contracep\u00e7\u00e3o durante o tratamento do cancro<\/a><\/li>\n<li class=\"menu-item menu-item-type-post_type menu-item-object-page menu-item-6973\"><a href=\"https:\/\/cancerfertilityandme.org.uk\/adult-women\/contraception-family-planning\/family-planning-decisions-after-cancer-treatment\/\" class=\"elementor-item\" tabindex=\"-1\">Decis\u00f5es de planeamento familiar ap\u00f3s o tratamento do cancro<\/a><\/li>\n<li class=\"menu-item menu-item-type-post_type menu-item-object-page menu-item-8692\"><a href=\"https:\/\/cancerfertilityandme.org.uk\/adult-women\/making-your-fertility-preservation-decision\/questions-to-ask-your-cancer-care-team-or-gp\/\" class=\"elementor-item\" tabindex=\"-1\">Perguntas a fazer \u00e0 sua equipa de cuidados oncol\u00f3gicos ou ao seu m\u00e9dico de fam\u00edlia<\/a><\/li>\n<\/ul>\t\t\t<\/nav>\n\t\t\t\t\t\t<\/div>\n\t\t\t\t<\/div>\n\t\t\t\t<\/div>\n\t\t\t\t<\/div>\n\t\t\t\t\t<\/div>\n\t\t\t\t<\/main>\n\t\t\t\t<\/div>\n\t\t","protected":false},"excerpt":{"rendered":"<p>Contracep\u00e7\u00e3o durante o tratamento do cancro As mulheres s\u00e3o fortemente aconselhadas a n\u00e3o engravidar durante o tratamento do cancro. Isto porque os tratamentos contra o cancro podem danificar o feto nas primeiras fases de desenvolvimento. Mesmo que a sua menstrua\u00e7\u00e3o pare durante o tratamento, isso n\u00e3o significa que n\u00e3o possa engravidar. Se for sexualmente activa, [&hellip;]<\/p>\n","protected":false},"author":1,"featured_media":5720,"parent":6409,"menu_order":0,"comment_status":"closed","ping_status":"open","template":"","meta":{"footnotes":""},"class_list":["post-6437","page","type-page","status-publish","has-post-thumbnail","hentry"],"_links":{"self":[{"href":"https:\/\/cancerfertilityandme.org.uk\/pt-pt\/wp-json\/wp\/v2\/pages\/6437","targetHints":{"allow":["GET"]}}],"collection":[{"href":"https:\/\/cancerfertilityandme.org.uk\/pt-pt\/wp-json\/wp\/v2\/pages"}],"about":[{"href":"https:\/\/cancerfertilityandme.org.uk\/pt-pt\/wp-json\/wp\/v2\/types\/page"}],"author":[{"embeddable":true,"href":"https:\/\/cancerfertilityandme.org.uk\/pt-pt\/wp-json\/wp\/v2\/users\/1"}],"replies":[{"embeddable":true,"href":"https:\/\/cancerfertilityandme.org.uk\/pt-pt\/wp-json\/wp\/v2\/comments?post=6437"}],"version-history":[{"count":8,"href":"https:\/\/cancerfertilityandme.org.uk\/pt-pt\/wp-json\/wp\/v2\/pages\/6437\/revisions"}],"predecessor-version":[{"id":11039,"href":"https:\/\/cancerfertilityandme.org.uk\/pt-pt\/wp-json\/wp\/v2\/pages\/6437\/revisions\/11039"}],"up":[{"embeddable":true,"href":"https:\/\/cancerfertilityandme.org.uk\/pt-pt\/wp-json\/wp\/v2\/pages\/6409"}],"wp:featuredmedia":[{"embeddable":true,"href":"https:\/\/cancerfertilityandme.org.uk\/pt-pt\/wp-json\/wp\/v2\/media\/5720"}],"wp:attachment":[{"href":"https:\/\/cancerfertilityandme.org.uk\/pt-pt\/wp-json\/wp\/v2\/media?parent=6437"}],"curies":[{"name":"wp","href":"https:\/\/api.w.org\/{rel}","templated":true}]}}