{"id":6431,"date":"2018-11-07T09:40:51","date_gmt":"2018-11-07T09:40:51","guid":{"rendered":"https:\/\/cancerfertilityandme.org.uk\/opcoes-de-preservacao-da-fertilidade-especificas-do-cancro\/"},"modified":"2025-11-17T10:58:12","modified_gmt":"2025-11-17T10:58:12","slug":"opcoes-de-preservacao-da-fertilidade-especificas-do-cancro","status":"publish","type":"page","link":"https:\/\/cancerfertilityandme.org.uk\/pt-pt\/mulheres-adultas\/opcoes-de-preservacao-da-fertilidade-2\/opcoes-de-preservacao-da-fertilidade-especificas-do-cancro\/","title":{"rendered":"Op\u00e7\u00f5es de preserva\u00e7\u00e3o da fertilidade espec\u00edficas do cancro"},"content":{"rendered":"\t\t<div data-elementor-type=\"wp-page\" data-elementor-id=\"6431\" class=\"elementor elementor-6431 elementor-5459\" data-elementor-post-type=\"page\">\n\t\t\t\t<main class=\"elementor-element elementor-element-3ef24d e-flex e-con-boxed e-con e-parent\" data-id=\"3ef24d\" data-element_type=\"container\" data-e-type=\"container\">\n\t\t\t\t\t<div class=\"e-con-inner\">\n\t\t<div class=\"elementor-element elementor-element-2ea7d24c e-con-full e-flex e-con e-child\" data-id=\"2ea7d24c\" data-element_type=\"container\" data-e-type=\"container\">\n\t\t\t\t<div class=\"elementor-element elementor-element-38fe551c elementor-widget elementor-widget-text-editor\" data-id=\"38fe551c\" data-element_type=\"widget\" data-e-type=\"widget\" data-widget_type=\"text-editor.default\">\n\t\t\t\t<div class=\"elementor-widget-container\">\n\t\t\t\t\t\t\t\t\t<h2>Procedimentos de preserva\u00e7\u00e3o da fertilidade espec\u00edficos para determinados cancros<\/h2><p>Para al\u00e9m das op\u00e7\u00f5es de preserva\u00e7\u00e3o da fertilidade descritas nas p\u00e1ginas anteriores, se lhe tiver sido diagnosticado um cancro do colo do \u00fatero ou se estiver a ser tratada com radioterapia na p\u00e9lvis, pode haver tratamentos espec\u00edficos de preserva\u00e7\u00e3o da fertilidade dispon\u00edveis para si. Estes tratamentos s\u00e3o fornecidos pela sua equipa de tratamento do cancro e podem tamb\u00e9m ajudar a preservar a sua fertilidade. A equipa de cuidados oncol\u00f3gicos fala com as mulheres sobre a possibilidade de recorrer a estes procedimentos de preserva\u00e7\u00e3o da fertilidade como parte do seu tratamento oncol\u00f3gico.  <\/p><h3>Traquelectomia<\/h3><p>A traquelectomia \u00e9 um procedimento cir\u00fargico para remover o cancro do colo do \u00fatero O colo do \u00fatero, a parte superior da vagina e os g\u00e2nglios linf\u00e1ticos da p\u00e9lvis s\u00e3o retirados. O \u00fatero \u00e9 deixado no s\u00edtio. Esta pode ser uma op\u00e7\u00e3o se lhe tiver sido diagnosticado um cancro do colo do \u00fatero em fase inicial. Os efeitos secund\u00e1rios podem incluir hemorragias e infec\u00e7\u00f5es, co\u00e1gulos de sangue nas veias (trombose). Os efeitos secund\u00e1rios cir\u00fargicos podem ser um corte no seu intestino ou na bexiga, causando mais problemas de bexiga, e problemas com a menstrua\u00e7\u00e3o. Trata-se de um procedimento cir\u00fargico de um dia e n\u00e3o provoca nenhum atraso no tratamento do cancro. Uma traquelectomia d\u00e1 a uma mulher com c\u00e2ncer precoce do colo do \u00fatero a chance de ter um beb\u00ea ap\u00f3s o tratamento do c\u00e2ncer. Existe a possibilidade de aborto espont\u00e2neo e parto prematuro para as mulheres que engravidam ap\u00f3s a cirurgia. O beb\u00e9 ter\u00e1 de nascer por cesariana (cesariana). Estudos demonstraram que a traquelectomia n\u00e3o afecta a probabilidade de o cancro voltar.          <\/p><h3>Transposi\u00e7\u00e3o do ov\u00e1rio<\/h3><p>A transposi\u00e7\u00e3o do ov\u00e1rio \u00e9 um procedimento cir\u00fargico que afasta os ov\u00e1rios do campo de tratamento da radioterapia. Esta pode ser uma op\u00e7\u00e3o se estiver a receber tratamento de radioterapia na p\u00e9lvis. Os efeitos secund\u00e1rios podem incluir les\u00f5es nos \u00f3rg\u00e3os internos. Trata-se de um procedimento cir\u00fargico de um dia e n\u00e3o provoca nenhum atraso no tratamento do cancro. N\u00e3o se conhece a possibilidade da transposi\u00e7\u00e3o ovariana ajudar uma mulher a ter um filho, ap\u00f3s o tratamento do cancro. Estudos demonstraram que a transposi\u00e7\u00e3o do ov\u00e1rio n\u00e3o afecta a probabilidade de o cancro voltar. N\u00e3o protege os ov\u00e1rios contra os efeitos da quimioterapia.      <\/p><h3>Protec\u00e7\u00e3o dos ov\u00e1rios<\/h3><p>A blindagem ov\u00e1rica actua protegendo os ov\u00e1rios durante o tratamento de radioterapia. Esta pode ser uma op\u00e7\u00e3o se estiver a receber radioterapia na p\u00e9lvis. Durante o seu tratamento de radioterapia, \u00e9 colocada uma capa protectora no exterior do corpo, sobre a zona dos ov\u00e1rios. Poder\u00e1 ir para a casa, logo ap\u00f3s a radioterapia.   <\/p><p>A blindagem n\u00e3o atrasa o tratamento do cancro. Embora isso possa lhe ser oferecido, os dados sugerem que a blindagem ovariana oferece pouca prote\u00e7\u00e3o aos ov\u00e1rios, durante o tratamento de radioterapia. N\u00e3o se conhece a probabilidade de ter um filho ap\u00f3s o tratamento do cancro. Ainda n\u00e3o se sabe se a protec\u00e7\u00e3o ovariana afeta as chances de crescimento ou reincid\u00eancia do cancro. N\u00e3o protege os ov\u00e1rios contra os efeitos da quimioterapia.    <\/p><p>Pode ser \u00fatil anotar o que lhe agrada nesta op\u00e7\u00e3o e o que a preocupa.<\/p><p>Estas notas podem ajud\u00e1-la a falar sobre se esta op\u00e7\u00e3o \u00e9 ou n\u00e3o a melhor para si com a sua equipa de cuidados oncol\u00f3gicos e de fertilidade, parceiro, fam\u00edlia e amigos.<\/p>\t\t\t\t\t\t\t\t<\/div>\n\t\t\t\t<\/div>\n\t\t<div class=\"elementor-element elementor-element-2ca0357c e-con-full e-flex e-con e-child\" data-id=\"2ca0357c\" data-element_type=\"container\" data-e-type=\"container\" data-settings=\"{&quot;background_background&quot;:&quot;classic&quot;}\">\n\t\t\t\t<div class=\"elementor-element elementor-element-2fcc4574 elementor-widget elementor-widget-text-editor\" data-id=\"2fcc4574\" data-element_type=\"widget\" data-e-type=\"widget\" data-widget_type=\"text-editor.default\">\n\t\t\t\t<div class=\"elementor-widget-container\">\n\t\t\t\t\t\t\t\t\t<p><strong>Pode ser \u00fatil anotar o que lhe agrada nesta op\u00e7\u00e3o e o que a preocupa.<\/strong><\/p><p>Estas notas podem ajud\u00e1-la a falar sobre se esta op\u00e7\u00e3o \u00e9 ou n\u00e3o a melhor para si com a sua equipa de cuidados oncol\u00f3gicos e de fertilidade, parceiro, fam\u00edlia e amigos.<\/p>\t\t\t\t\t\t\t\t<\/div>\n\t\t\t\t<\/div>\n\t\t\t\t<\/div>\n\t\t\t\t<\/div>\n\t\t<div class=\"elementor-element elementor-element-273f5b94 e-con-full e-flex e-con e-child\" data-id=\"273f5b94\" data-element_type=\"container\" data-e-type=\"container\">\n\t\t<div class=\"elementor-element elementor-element-abd1727 e-con-full e-flex e-con e-child\" data-id=\"abd1727\" data-element_type=\"container\" data-e-type=\"container\">\n\t\t\t\t<div class=\"elementor-element elementor-element-e5e2951 elementor-widget elementor-widget-image\" data-id=\"e5e2951\" data-element_type=\"widget\" data-e-type=\"widget\" data-widget_type=\"image.default\">\n\t\t\t\t<div class=\"elementor-widget-container\">\n\t\t\t\t\t\t\t\t\t\t\t\t\t\t\t\t<a href=\"http:\/\/.\/\">\n\t\t\t\t\t\t\t<img fetchpriority=\"high\" decoding=\"async\" width=\"400\" height=\"440\" src=\"https:\/\/cancerfertilityandme.org.uk\/wp-content\/uploads\/cancerfertilityandme-logo-column-adult-women.png\" class=\"attachment-full size-full wp-image-2284\" alt=\"\" srcset=\"https:\/\/cancerfertilityandme.org.uk\/wp-content\/uploads\/cancerfertilityandme-logo-column-adult-women.png 400w, https:\/\/cancerfertilityandme.org.uk\/wp-content\/uploads\/cancerfertilityandme-logo-column-adult-women-273x300.png 273w\" sizes=\"(max-width: 400px) 100vw, 400px\" \/>\t\t\t\t\t\t\t\t<\/a>\n\t\t\t\t\t\t\t\t\t\t\t\t\t\t\t<\/div>\n\t\t\t\t<\/div>\n\t\t\t\t<\/div>\n\t\t<div class=\"elementor-element elementor-element-717e5239 e-con-full e-flex e-con e-child\" data-id=\"717e5239\" data-element_type=\"container\" data-e-type=\"container\">\n\t\t\t\t<div class=\"elementor-element elementor-element-7e5ce8d6 elementor-widget elementor-widget-heading\" data-id=\"7e5ce8d6\" data-element_type=\"widget\" data-e-type=\"widget\" data-widget_type=\"heading.default\">\n\t\t\t\t<div class=\"elementor-widget-container\">\n\t\t\t\t\t<h3 class=\"elementor-heading-title elementor-size-default\">Para mais informa\u00e7\u00f5es, siga estes links<\/h3>\t\t\t\t<\/div>\n\t\t\t\t<\/div>\n\t\t\t\t<div class=\"elementor-element elementor-element-506af5cf elementor-nav-menu--dropdown-none elementor-widget elementor-widget-nav-menu\" data-id=\"506af5cf\" data-element_type=\"widget\" data-e-type=\"widget\" data-settings=\"{&quot;layout&quot;:&quot;vertical&quot;,&quot;submenu_icon&quot;:{&quot;value&quot;:&quot;&lt;svg aria-hidden=\\&quot;true\\&quot; class=\\&quot;e-font-icon-svg e-fas-caret-down\\&quot; viewBox=\\&quot;0 0 320 512\\&quot; xmlns=\\&quot;http:\\\/\\\/www.w3.org\\\/2000\\\/svg\\&quot;&gt;&lt;path d=\\&quot;M31.3 192h257.3c17.8 0 26.7 21.5 14.1 34.1L174.1 354.8c-7.8 7.8-20.5 7.8-28.3 0L17.2 226.1C4.6 213.5 13.5 192 31.3 192z\\&quot;&gt;&lt;\\\/path&gt;&lt;\\\/svg&gt;&quot;,&quot;library&quot;:&quot;fa-solid&quot;}}\" data-widget_type=\"nav-menu.default\">\n\t\t\t\t<div class=\"elementor-widget-container\">\n\t\t\t\t\t\t\t\t<nav aria-label=\"Menu\" class=\"elementor-nav-menu--main elementor-nav-menu__container elementor-nav-menu--layout-vertical e--pointer-none\">\n\t\t\t\t<ul id=\"menu-1-506af5cf\" class=\"elementor-nav-menu sm-vertical\"><li class=\"menu-item menu-item-type-post_type menu-item-object-page menu-item-6985\"><a href=\"https:\/\/cancerfertilityandme.org.uk\/adult-women\/fertility-preservation-options\/\" class=\"elementor-item\">Op\u00e7\u00f5es de preserva\u00e7\u00e3o da fertilidade<\/a><\/li>\n<li class=\"menu-item menu-item-type-post_type menu-item-object-page menu-item-6994\"><a href=\"https:\/\/cancerfertilityandme.org.uk\/adult-women\/fertility-preservation-options\/summary-of-fertility-preservation-options\/\" class=\"elementor-item\">Resumo das op\u00e7\u00f5es de preserva\u00e7\u00e3o da fertilidade<\/a><\/li>\n<li class=\"menu-item menu-item-type-post_type menu-item-object-page menu-item-6990\"><a href=\"https:\/\/cancerfertilityandme.org.uk\/adult-women\/fertility-preservation-options\/no-fertility-preservation\/\" class=\"elementor-item\">N\u00e3o preserva\u00e7\u00e3o da fertilidade<\/a><\/li>\n<li class=\"menu-item menu-item-type-post_type menu-item-object-page menu-item-6987\"><a href=\"https:\/\/cancerfertilityandme.org.uk\/adult-women\/fertility-preservation-options\/egg-freezing\/\" class=\"elementor-item\">Congelamento de ovulos<\/a><\/li>\n<li class=\"menu-item menu-item-type-post_type menu-item-object-page menu-item-6988\"><a href=\"https:\/\/cancerfertilityandme.org.uk\/adult-women\/fertility-preservation-options\/embryo-freezing\/\" class=\"elementor-item\">Congelamento de embri\u00f5es<\/a><\/li>\n<li class=\"menu-item menu-item-type-post_type menu-item-object-page menu-item-6992\"><a href=\"https:\/\/cancerfertilityandme.org.uk\/adult-women\/fertility-preservation-options\/ovarian-tissue-freezing\/\" class=\"elementor-item\">Congelamento do tecido do ov\u00e1rio<\/a><\/li>\n<li class=\"menu-item menu-item-type-post_type menu-item-object-page menu-item-6991\"><a href=\"https:\/\/cancerfertilityandme.org.uk\/adult-women\/fertility-preservation-options\/ovarian-suppression\/\" class=\"elementor-item\">Supress\u00e3o dos ov\u00e1rios<\/a><\/li>\n<li class=\"menu-item menu-item-type-post_type menu-item-object-page menu-item-6986\"><a href=\"https:\/\/cancerfertilityandme.org.uk\/adult-women\/fertility-preservation-options\/cancer-specific-fertility-sparing-options\/\" class=\"elementor-item\">Op\u00e7\u00f5es de preserva\u00e7\u00e3o da fertilidade espec\u00edficas do cancro<\/a><\/li>\n<li class=\"menu-item menu-item-type-post_type menu-item-object-page menu-item-11368\"><a href=\"https:\/\/cancerfertilityandme.org.uk\/adult-women\/fertility-preservation-options\/other-cancer-treatments\/\" class=\"elementor-item\">Outros tratamentos contra o cancro<\/a><\/li>\n<li class=\"menu-item menu-item-type-post_type menu-item-object-page menu-item-6993\"><a href=\"https:\/\/cancerfertilityandme.org.uk\/adult-women\/fertility-preservation-options\/questions-to-ask-your-cancer-fertility-care-teams\/\" class=\"elementor-item\">Perguntas a fazer \u00e0s suas equipas de cuidados oncol\u00f3gicos e de fertilidade<\/a><\/li>\n<\/ul>\t\t\t<\/nav>\n\t\t\t\t\t\t<nav class=\"elementor-nav-menu--dropdown elementor-nav-menu__container\" aria-hidden=\"true\">\n\t\t\t\t<ul id=\"menu-2-506af5cf\" class=\"elementor-nav-menu sm-vertical\"><li class=\"menu-item menu-item-type-post_type menu-item-object-page menu-item-6985\"><a href=\"https:\/\/cancerfertilityandme.org.uk\/adult-women\/fertility-preservation-options\/\" class=\"elementor-item\" tabindex=\"-1\">Op\u00e7\u00f5es de preserva\u00e7\u00e3o da fertilidade<\/a><\/li>\n<li class=\"menu-item menu-item-type-post_type menu-item-object-page menu-item-6994\"><a href=\"https:\/\/cancerfertilityandme.org.uk\/adult-women\/fertility-preservation-options\/summary-of-fertility-preservation-options\/\" class=\"elementor-item\" tabindex=\"-1\">Resumo das op\u00e7\u00f5es de preserva\u00e7\u00e3o da fertilidade<\/a><\/li>\n<li class=\"menu-item menu-item-type-post_type menu-item-object-page menu-item-6990\"><a href=\"https:\/\/cancerfertilityandme.org.uk\/adult-women\/fertility-preservation-options\/no-fertility-preservation\/\" class=\"elementor-item\" tabindex=\"-1\">N\u00e3o preserva\u00e7\u00e3o da fertilidade<\/a><\/li>\n<li class=\"menu-item menu-item-type-post_type menu-item-object-page menu-item-6987\"><a href=\"https:\/\/cancerfertilityandme.org.uk\/adult-women\/fertility-preservation-options\/egg-freezing\/\" class=\"elementor-item\" tabindex=\"-1\">Congelamento de ovulos<\/a><\/li>\n<li class=\"menu-item menu-item-type-post_type menu-item-object-page menu-item-6988\"><a href=\"https:\/\/cancerfertilityandme.org.uk\/adult-women\/fertility-preservation-options\/embryo-freezing\/\" class=\"elementor-item\" tabindex=\"-1\">Congelamento de embri\u00f5es<\/a><\/li>\n<li class=\"menu-item menu-item-type-post_type menu-item-object-page menu-item-6992\"><a href=\"https:\/\/cancerfertilityandme.org.uk\/adult-women\/fertility-preservation-options\/ovarian-tissue-freezing\/\" class=\"elementor-item\" tabindex=\"-1\">Congelamento do tecido do ov\u00e1rio<\/a><\/li>\n<li class=\"menu-item menu-item-type-post_type menu-item-object-page menu-item-6991\"><a href=\"https:\/\/cancerfertilityandme.org.uk\/adult-women\/fertility-preservation-options\/ovarian-suppression\/\" class=\"elementor-item\" tabindex=\"-1\">Supress\u00e3o dos ov\u00e1rios<\/a><\/li>\n<li class=\"menu-item menu-item-type-post_type menu-item-object-page menu-item-6986\"><a href=\"https:\/\/cancerfertilityandme.org.uk\/adult-women\/fertility-preservation-options\/cancer-specific-fertility-sparing-options\/\" class=\"elementor-item\" tabindex=\"-1\">Op\u00e7\u00f5es de preserva\u00e7\u00e3o da fertilidade espec\u00edficas do cancro<\/a><\/li>\n<li class=\"menu-item menu-item-type-post_type menu-item-object-page menu-item-11368\"><a href=\"https:\/\/cancerfertilityandme.org.uk\/adult-women\/fertility-preservation-options\/other-cancer-treatments\/\" class=\"elementor-item\" tabindex=\"-1\">Outros tratamentos contra o cancro<\/a><\/li>\n<li class=\"menu-item menu-item-type-post_type menu-item-object-page menu-item-6993\"><a href=\"https:\/\/cancerfertilityandme.org.uk\/adult-women\/fertility-preservation-options\/questions-to-ask-your-cancer-fertility-care-teams\/\" class=\"elementor-item\" tabindex=\"-1\">Perguntas a fazer \u00e0s suas equipas de cuidados oncol\u00f3gicos e de fertilidade<\/a><\/li>\n<\/ul>\t\t\t<\/nav>\n\t\t\t\t\t\t<\/div>\n\t\t\t\t<\/div>\n\t\t\t\t<\/div>\n\t\t\t\t<\/div>\n\t\t\t\t\t<\/div>\n\t\t\t\t<\/main>\n\t\t\t\t<\/div>\n\t\t","protected":false},"excerpt":{"rendered":"<p>Procedimentos de preserva\u00e7\u00e3o da fertilidade espec\u00edficos para determinados cancros Para al\u00e9m das op\u00e7\u00f5es de preserva\u00e7\u00e3o da fertilidade descritas nas p\u00e1ginas anteriores, se lhe tiver sido diagnosticado um cancro do colo do \u00fatero ou se estiver a ser tratada com radioterapia na p\u00e9lvis, pode haver tratamentos espec\u00edficos de preserva\u00e7\u00e3o da fertilidade dispon\u00edveis para si. Estes tratamentos [&hellip;]<\/p>\n","protected":false},"author":1,"featured_media":0,"parent":6417,"menu_order":0,"comment_status":"closed","ping_status":"open","template":"","meta":{"footnotes":""},"class_list":["post-6431","page","type-page","status-publish","hentry"],"_links":{"self":[{"href":"https:\/\/cancerfertilityandme.org.uk\/pt-pt\/wp-json\/wp\/v2\/pages\/6431","targetHints":{"allow":["GET"]}}],"collection":[{"href":"https:\/\/cancerfertilityandme.org.uk\/pt-pt\/wp-json\/wp\/v2\/pages"}],"about":[{"href":"https:\/\/cancerfertilityandme.org.uk\/pt-pt\/wp-json\/wp\/v2\/types\/page"}],"author":[{"embeddable":true,"href":"https:\/\/cancerfertilityandme.org.uk\/pt-pt\/wp-json\/wp\/v2\/users\/1"}],"replies":[{"embeddable":true,"href":"https:\/\/cancerfertilityandme.org.uk\/pt-pt\/wp-json\/wp\/v2\/comments?post=6431"}],"version-history":[{"count":3,"href":"https:\/\/cancerfertilityandme.org.uk\/pt-pt\/wp-json\/wp\/v2\/pages\/6431\/revisions"}],"predecessor-version":[{"id":9475,"href":"https:\/\/cancerfertilityandme.org.uk\/pt-pt\/wp-json\/wp\/v2\/pages\/6431\/revisions\/9475"}],"up":[{"embeddable":true,"href":"https:\/\/cancerfertilityandme.org.uk\/pt-pt\/wp-json\/wp\/v2\/pages\/6417"}],"wp:attachment":[{"href":"https:\/\/cancerfertilityandme.org.uk\/pt-pt\/wp-json\/wp\/v2\/media?parent=6431"}],"curies":[{"name":"wp","href":"https:\/\/api.w.org\/{rel}","templated":true}]}}