{"id":6427,"date":"2018-11-21T10:17:15","date_gmt":"2018-11-21T10:17:15","guid":{"rendered":"https:\/\/cancerfertilityandme.org.uk\/congelamento-do-tecido-do-ovario\/"},"modified":"2025-11-17T10:59:58","modified_gmt":"2025-11-17T10:59:58","slug":"congelamento-do-tecido-do-ovario","status":"publish","type":"page","link":"https:\/\/cancerfertilityandme.org.uk\/pt-pt\/mulheres-adultas\/opcoes-de-preservacao-da-fertilidade-2\/congelamento-do-tecido-do-ovario\/","title":{"rendered":"Congelamento do tecido do ov\u00e1rio"},"content":{"rendered":"\t\t<div data-elementor-type=\"wp-page\" data-elementor-id=\"6427\" class=\"elementor elementor-6427 elementor-5597\" data-elementor-post-type=\"page\">\n\t\t\t\t<main class=\"elementor-element elementor-element-2bc4a5f6 e-flex e-con-boxed e-con e-parent\" data-id=\"2bc4a5f6\" data-element_type=\"container\" data-e-type=\"container\">\n\t\t\t\t\t<div class=\"e-con-inner\">\n\t\t<div class=\"elementor-element elementor-element-70269460 e-con-full e-flex e-con e-child\" data-id=\"70269460\" data-element_type=\"container\" data-e-type=\"container\">\n\t\t\t\t<div class=\"elementor-element elementor-element-6af669fd elementor-widget elementor-widget-n-accordion\" data-id=\"6af669fd\" data-element_type=\"widget\" data-e-type=\"widget\" data-settings=\"{&quot;default_state&quot;:&quot;all_collapsed&quot;,&quot;max_items_expended&quot;:&quot;one&quot;,&quot;n_accordion_animation_duration&quot;:{&quot;unit&quot;:&quot;ms&quot;,&quot;size&quot;:400,&quot;sizes&quot;:[]}}\" data-widget_type=\"nested-accordion.default\">\n\t\t\t\t<div class=\"elementor-widget-container\">\n\t\t\t\t\t\t\t<div class=\"e-n-accordion\" aria-label=\"Accordion. Open links with Enter or Space, close with Escape, and navigate with Arrow Keys\">\n\t\t\t\t\t\t<details id=\"e-n-accordion-item-1790\" class=\"e-n-accordion-item\" >\n\t\t\t\t<summary class=\"e-n-accordion-item-title\" data-accordion-index=\"1\" tabindex=\"0\" aria-expanded=\"false\" aria-controls=\"e-n-accordion-item-1790\" >\n\t\t\t\t\t<span class='e-n-accordion-item-title-header'><div class=\"e-n-accordion-item-title-text\"> Congelamento - introdu\u00e7\u00e3o <\/div><\/span>\n\t\t\t\t\t\t\t<span class='e-n-accordion-item-title-icon'>\n\t\t\t<span class='e-opened' ><svg aria-hidden=\"true\" class=\"e-font-icon-svg e-fas-minus\" viewBox=\"0 0 448 512\" xmlns=\"http:\/\/www.w3.org\/2000\/svg\"><path d=\"M416 208H32c-17.67 0-32 14.33-32 32v32c0 17.67 14.33 32 32 32h384c17.67 0 32-14.33 32-32v-32c0-17.67-14.33-32-32-32z\"><\/path><\/svg><\/span>\n\t\t\t<span class='e-closed'><svg aria-hidden=\"true\" class=\"e-font-icon-svg e-fas-plus\" viewBox=\"0 0 448 512\" xmlns=\"http:\/\/www.w3.org\/2000\/svg\"><path d=\"M416 208H272V64c0-17.67-14.33-32-32-32h-32c-17.67 0-32 14.33-32 32v144H32c-17.67 0-32 14.33-32 32v32c0 17.67 14.33 32 32 32h144v144c0 17.67 14.33 32 32 32h32c17.67 0 32-14.33 32-32V304h144c17.67 0 32-14.33 32-32v-32c0-17.67-14.33-32-32-32z\"><\/path><\/svg><\/span>\n\t\t<\/span>\n\n\t\t\t\t\t\t<\/summary>\n\t\t\t\t<div role=\"region\" aria-labelledby=\"e-n-accordion-item-1790\" class=\"elementor-element elementor-element-2d16a357 e-con-full e-flex e-con e-child\" data-id=\"2d16a357\" data-element_type=\"container\" data-e-type=\"container\" data-settings=\"{&quot;background_background&quot;:&quot;classic&quot;}\">\n\t\t\t\t<div class=\"elementor-element elementor-element-344071ab elementor-widget elementor-widget-text-editor\" data-id=\"344071ab\" data-element_type=\"widget\" data-e-type=\"widget\" data-widget_type=\"text-editor.default\">\n\t\t\t\t<div class=\"elementor-widget-container\">\n\t\t\t\t\t\t\t\t\t<h3>Congelamento<\/h3><p><strong>Existem tr\u00eas op\u00e7\u00f5es de congelamento, que podem ajudar a preservar a fertilidade de uma mulher:<\/strong><\/p><ul><li>Congelamento de ovulos<\/li><li>Congelamento de embri\u00f5es<\/li><li>Congelamento de tecido ovariano<\/li><\/ul><p>Ovulos, embri\u00f5es e tecidos ov\u00e1ricos podem ser congelados e armazenados durante muitos anos. Quando chegar a altura certa, podem ser descongelados e utilizados para uma gravidez ap\u00f3s o fim do tratamento do cancro. <\/p><p>Est\u00e3o dispon\u00edveis diferentes m\u00e9todos de congela\u00e7\u00e3o para preservar \u00f3vulos, embri\u00f5es e tecido ov\u00e1rico. A criopreserva\u00e7\u00e3o \u00e9 um m\u00e9todo de \u201ccongelamento lento\u201d. A vitrifica\u00e7\u00e3o \u00e9 um m\u00e9todo mais recente de \u201ccongelamento r\u00e1pido\u201d. Este m\u00e9todo demonstrou melhorar a chance dos \u00f3vulos e embri\u00f5es sobreviverem ao processo de descongelamento e aumentar a taxa de sucesso da gravidez.   <\/p><p>Algumas mulheres, se tiverem um parceiro masculino, podem congelar tanto os \u00f3vulos como os embri\u00f5es. Poder\u00e1 ter mais op\u00e7\u00f5es de fertilidade dispon\u00edveis no futuro, ap\u00f3s o tratamento do cancro. <\/p><p>O congelamento do tecido ovariano \u00e9 um novo m\u00e9todo de preserva\u00e7\u00e3o da fertilidade. Esta pode ser outra op\u00e7\u00e3o para as mulheres que n\u00e3o t\u00eam um parceiro masculino. <\/p>\t\t\t\t\t\t\t\t<\/div>\n\t\t\t\t<\/div>\n\t\t\t\t<\/div>\n\t\t\t\t\t<\/details>\n\t\t\t\t\t<\/div>\n\t\t\t\t\t\t<\/div>\n\t\t\t\t<\/div>\n\t\t\t\t<div class=\"elementor-element elementor-element-1bc37fc6 elementor-widget elementor-widget-text-editor\" data-id=\"1bc37fc6\" data-element_type=\"widget\" data-e-type=\"widget\" data-widget_type=\"text-editor.default\">\n\t\t\t\t<div class=\"elementor-widget-container\">\n\t\t\t\t\t\t\t\t\t<h2>Congelamento do tecido do ov\u00e1rio<\/h2><p><strong>O tecido ov\u00e1rico que cont\u00e9m um grande n\u00famero de \u00f3vulos imaturos \u00e9 retirado e congelado. Ap\u00f3s o tratamento do cancro, o tecido pode ent\u00e3o ser reintroduzido no organismo para permitir o desenvolvimento dos \u00f3vulos. \u00c9 um m\u00e9todo mais recente de preserva\u00e7\u00e3o da fertilidade e ainda n\u00e3o est\u00e1 dispon\u00edvel em todas as cl\u00ednicas de fertilidade. Pode ser utilizado imediatamente antes e durante a quimioterapia.   <\/strong><\/p><h3>A quem se destina?<\/h3><p>Mulheres que desejam preservar a sua fertilidade e..:<\/p><ul><li>N\u00e3o tem tempo para congelar embri\u00f5es ou \u00f3vulos.<\/li><li>Que n\u00e3o podem utilizar medicamentos para a fertilidade.<\/li><\/ul><p>Depois de o tecido ov\u00e1rico ser substitu\u00eddo, pode restabelecer a sua produ\u00e7\u00e3o hormonal e os seus ciclos normais, e pode permitir a hip\u00f3tese de engravidar naturalmente. Tamb\u00e9m \u00e9 adequado para raparigas que ainda n\u00e3o atingiram a puberdade. <\/p><p>\u00c9 necess\u00e1rio um cuidado especial nas mulheres com um cancro do sangue, como a leucemia. Isto porque existe a possibilidade de reintroduzir c\u00e9lulas cancer\u00edgenas no organismo atrav\u00e9s do tecido ov\u00e1rico congelado. <\/p><h3>O que \u00e9 que isso implica?<\/h3><p>Ter\u00e1 de ser submetida a uma cirurgia de \u201ckey hole\u201d sob anestesia geral. Ser-lhe-\u00e1 retirado um ov\u00e1rio ou parte de um ov\u00e1rio para que a camada exterior (o c\u00f3rtex), que cont\u00e9m os \u00f3vulos imaturos, possa ser congelada. As mulheres podem regressar \u00e0 casa no mesmo dia da interven\u00e7\u00e3o.  <\/p><p>Como o congelamento de tecido ovariano envolve, apenas a mulher, n\u00e3o \u00e9 necess\u00e1rio o consentimento do seu parceiro ou dos seus pais para utilizar o tecido armazenado no futuro. N\u00e3o h\u00e1 limite superior por quanto tempo o tecido ovariano congelado pode ser armazenado. <\/p><h3>Qual \u00e9 a probabilidade de ter um beb\u00e9 ap\u00f3s a congelamento de tecido ov\u00e1rico?<\/h3><p>\u00c9 dif\u00edcil saber ao certo qual \u00e9 a probabilidade de a congelamento de tecido ov\u00e1rico resultar num nascimento com vida. Como se trata de um tratamento recente, o n\u00famero de doentes com cancro que utilizaram o seu tecido congelado para ter um beb\u00e9 \u00e9 reduzido. Estes dados mostram que a possibilidade do congelamento de tecido ovariano ajudar\u00e1 uma mulher a ter um beb\u00e9 \u00e9 de cerca de 30 em 100 (30%). Para obter mais informa\u00e7\u00f5es sobre as taxas m\u00e9dias nacionais de sucesso e o n\u00famero de nascidos vivos bem-sucedidos para cada cl\u00ednica de fertilidade licenciada, visite o site da HFEA www.hfea.gov.uk.   Para obter mais informa\u00e7\u00f5es sobre as taxas de sucesso m\u00e9dias nacionais e o n\u00famero de nados-vivos bem sucedidos para cada cl\u00ednica de fertilidade licenciada, visite o s\u00edtio Web da HFEA <a href=\"http:\/\/www.hfea.gov.uk\" target=\"_blank\" rel=\"noopener\">www.hfea.gov.uk.<\/a><\/p><h3>Esta op\u00e7\u00e3o ir\u00e1 afectar a sa\u00fade do beb\u00e9?<\/h3><p>N\u00e3o, os dados sugerem que a sa\u00fade de um beb\u00e9 nascido com tecido ov\u00e1rico congelado n\u00e3o ser\u00e1 afectada.<\/p><h3>Existem efeitos secund\u00e1rios do tratamento utilizado no congela\u00e7\u00e3o de tecido ov\u00e1rico?<\/h3><p>Pode haver a possibilidade de hemorragia e infec\u00e7\u00e3o e de danos na bexiga e no intestino durante a cirurgia para remover o tecido ov\u00e1rico.<\/p><h3>Esta op\u00e7\u00e3o ir\u00e1 atrasar o in\u00edcio do meu tratamento contra o cancro?<\/h3><p>O procedimento \u00e9, na sua maioria, realizado durante um dia (sem necessidade de pernoitar no hospital) e n\u00e3o causar\u00e1 nenhum atraso no tratamento do cancro.<\/p><h3>Esta op\u00e7\u00e3o afectar\u00e1 as minhas chances do cancro voltar?<\/h3><p>Em alguns tipos de cancro, como a leucemia, pode haver a possibilidade de o tecido do ov\u00e1rio ser contaminado com c\u00e9lulas cancer\u00edgenas. N\u00e3o existem casos de reaparecimento de um cancro devido \u00e0 utiliza\u00e7\u00e3o de tecido ov\u00e1rico que tenha sido reintroduzido no organismo. <\/p>\t\t\t\t\t\t\t\t<\/div>\n\t\t\t\t<\/div>\n\t\t<div class=\"elementor-element elementor-element-1c6a33d8 e-con-full e-flex e-con e-child\" data-id=\"1c6a33d8\" data-element_type=\"container\" data-e-type=\"container\" data-settings=\"{&quot;background_background&quot;:&quot;classic&quot;}\">\n\t\t\t\t<div class=\"elementor-element elementor-element-6e5269c7 elementor-widget elementor-widget-text-editor\" data-id=\"6e5269c7\" data-element_type=\"widget\" data-e-type=\"widget\" data-widget_type=\"text-editor.default\">\n\t\t\t\t<div class=\"elementor-widget-container\">\n\t\t\t\t\t\t\t\t\t<p><strong>Pode ser \u00fatil anotar o que lhe agrada nesta op\u00e7\u00e3o e o que a preocupa.<\/strong><\/p><p>Estas notas podem ajud\u00e1-la a falar sobre se esta op\u00e7\u00e3o \u00e9 ou n\u00e3o a melhor para si com a sua equipa de cuidados oncol\u00f3gicos e de fertilidade, parceiro, fam\u00edlia e amigos.<\/p>\t\t\t\t\t\t\t\t<\/div>\n\t\t\t\t<\/div>\n\t\t\t\t<\/div>\n\t\t\t\t<\/div>\n\t\t<div class=\"elementor-element elementor-element-239af225 e-con-full e-flex e-con e-child\" data-id=\"239af225\" data-element_type=\"container\" data-e-type=\"container\">\n\t\t<div class=\"elementor-element elementor-element-323b58e4 e-con-full e-flex e-con e-child\" data-id=\"323b58e4\" data-element_type=\"container\" data-e-type=\"container\">\n\t\t\t\t<div class=\"elementor-element elementor-element-360f2909 elementor-widget elementor-widget-image\" data-id=\"360f2909\" data-element_type=\"widget\" data-e-type=\"widget\" data-widget_type=\"image.default\">\n\t\t\t\t<div class=\"elementor-widget-container\">\n\t\t\t\t\t\t\t\t\t\t\t\t\t\t\t\t<a href=\"http:\/\/.\/\">\n\t\t\t\t\t\t\t<img fetchpriority=\"high\" decoding=\"async\" width=\"400\" height=\"440\" src=\"https:\/\/cancerfertilityandme.org.uk\/wp-content\/uploads\/cancerfertilityandme-logo-column-adult-women.png\" class=\"attachment-full size-full wp-image-2284\" alt=\"\" srcset=\"https:\/\/cancerfertilityandme.org.uk\/wp-content\/uploads\/cancerfertilityandme-logo-column-adult-women.png 400w, https:\/\/cancerfertilityandme.org.uk\/wp-content\/uploads\/cancerfertilityandme-logo-column-adult-women-273x300.png 273w\" sizes=\"(max-width: 400px) 100vw, 400px\" \/>\t\t\t\t\t\t\t\t<\/a>\n\t\t\t\t\t\t\t\t\t\t\t\t\t\t\t<\/div>\n\t\t\t\t<\/div>\n\t\t\t\t<\/div>\n\t\t<div class=\"elementor-element elementor-element-6fa8bec9 e-con-full e-flex e-con e-child\" data-id=\"6fa8bec9\" data-element_type=\"container\" data-e-type=\"container\">\n\t\t\t\t<div class=\"elementor-element elementor-element-7bf99ddd elementor-widget elementor-widget-heading\" data-id=\"7bf99ddd\" data-element_type=\"widget\" data-e-type=\"widget\" data-widget_type=\"heading.default\">\n\t\t\t\t<div class=\"elementor-widget-container\">\n\t\t\t\t\t<h3 class=\"elementor-heading-title elementor-size-default\">Para mais informa\u00e7\u00f5es, siga estes links<\/h3>\t\t\t\t<\/div>\n\t\t\t\t<\/div>\n\t\t\t\t<div class=\"elementor-element elementor-element-1c7090a2 elementor-nav-menu--dropdown-none elementor-widget elementor-widget-nav-menu\" data-id=\"1c7090a2\" data-element_type=\"widget\" data-e-type=\"widget\" data-settings=\"{&quot;layout&quot;:&quot;vertical&quot;,&quot;submenu_icon&quot;:{&quot;value&quot;:&quot;&lt;svg aria-hidden=\\&quot;true\\&quot; class=\\&quot;e-font-icon-svg e-fas-caret-down\\&quot; viewBox=\\&quot;0 0 320 512\\&quot; xmlns=\\&quot;http:\\\/\\\/www.w3.org\\\/2000\\\/svg\\&quot;&gt;&lt;path d=\\&quot;M31.3 192h257.3c17.8 0 26.7 21.5 14.1 34.1L174.1 354.8c-7.8 7.8-20.5 7.8-28.3 0L17.2 226.1C4.6 213.5 13.5 192 31.3 192z\\&quot;&gt;&lt;\\\/path&gt;&lt;\\\/svg&gt;&quot;,&quot;library&quot;:&quot;fa-solid&quot;}}\" data-widget_type=\"nav-menu.default\">\n\t\t\t\t<div class=\"elementor-widget-container\">\n\t\t\t\t\t\t\t\t<nav aria-label=\"Menu\" class=\"elementor-nav-menu--main elementor-nav-menu__container elementor-nav-menu--layout-vertical e--pointer-none\">\n\t\t\t\t<ul id=\"menu-1-1c7090a2\" class=\"elementor-nav-menu sm-vertical\"><li class=\"menu-item menu-item-type-post_type menu-item-object-page menu-item-6985\"><a href=\"https:\/\/cancerfertilityandme.org.uk\/adult-women\/fertility-preservation-options\/\" class=\"elementor-item\">Op\u00e7\u00f5es de preserva\u00e7\u00e3o da fertilidade<\/a><\/li>\n<li class=\"menu-item menu-item-type-post_type menu-item-object-page menu-item-6994\"><a href=\"https:\/\/cancerfertilityandme.org.uk\/adult-women\/fertility-preservation-options\/summary-of-fertility-preservation-options\/\" class=\"elementor-item\">Resumo das op\u00e7\u00f5es de preserva\u00e7\u00e3o da fertilidade<\/a><\/li>\n<li class=\"menu-item menu-item-type-post_type menu-item-object-page menu-item-6990\"><a href=\"https:\/\/cancerfertilityandme.org.uk\/adult-women\/fertility-preservation-options\/no-fertility-preservation\/\" class=\"elementor-item\">N\u00e3o preserva\u00e7\u00e3o da fertilidade<\/a><\/li>\n<li class=\"menu-item menu-item-type-post_type menu-item-object-page menu-item-6987\"><a href=\"https:\/\/cancerfertilityandme.org.uk\/adult-women\/fertility-preservation-options\/egg-freezing\/\" class=\"elementor-item\">Congelamento de ovulos<\/a><\/li>\n<li class=\"menu-item menu-item-type-post_type menu-item-object-page menu-item-6988\"><a href=\"https:\/\/cancerfertilityandme.org.uk\/adult-women\/fertility-preservation-options\/embryo-freezing\/\" class=\"elementor-item\">Congelamento de embri\u00f5es<\/a><\/li>\n<li class=\"menu-item menu-item-type-post_type menu-item-object-page menu-item-6992\"><a href=\"https:\/\/cancerfertilityandme.org.uk\/adult-women\/fertility-preservation-options\/ovarian-tissue-freezing\/\" class=\"elementor-item\">Congelamento do tecido do ov\u00e1rio<\/a><\/li>\n<li class=\"menu-item menu-item-type-post_type menu-item-object-page menu-item-6991\"><a href=\"https:\/\/cancerfertilityandme.org.uk\/adult-women\/fertility-preservation-options\/ovarian-suppression\/\" class=\"elementor-item\">Supress\u00e3o dos ov\u00e1rios<\/a><\/li>\n<li class=\"menu-item menu-item-type-post_type menu-item-object-page menu-item-6986\"><a href=\"https:\/\/cancerfertilityandme.org.uk\/adult-women\/fertility-preservation-options\/cancer-specific-fertility-sparing-options\/\" class=\"elementor-item\">Op\u00e7\u00f5es de preserva\u00e7\u00e3o da fertilidade espec\u00edficas do cancro<\/a><\/li>\n<li class=\"menu-item menu-item-type-post_type menu-item-object-page menu-item-11368\"><a href=\"https:\/\/cancerfertilityandme.org.uk\/adult-women\/fertility-preservation-options\/other-cancer-treatments\/\" class=\"elementor-item\">Outros tratamentos contra o cancro<\/a><\/li>\n<li class=\"menu-item menu-item-type-post_type menu-item-object-page menu-item-6993\"><a href=\"https:\/\/cancerfertilityandme.org.uk\/adult-women\/fertility-preservation-options\/questions-to-ask-your-cancer-fertility-care-teams\/\" class=\"elementor-item\">Perguntas a fazer \u00e0s suas equipas de cuidados oncol\u00f3gicos e de fertilidade<\/a><\/li>\n<\/ul>\t\t\t<\/nav>\n\t\t\t\t\t\t<nav class=\"elementor-nav-menu--dropdown elementor-nav-menu__container\" aria-hidden=\"true\">\n\t\t\t\t<ul id=\"menu-2-1c7090a2\" class=\"elementor-nav-menu sm-vertical\"><li class=\"menu-item menu-item-type-post_type menu-item-object-page menu-item-6985\"><a href=\"https:\/\/cancerfertilityandme.org.uk\/adult-women\/fertility-preservation-options\/\" class=\"elementor-item\" tabindex=\"-1\">Op\u00e7\u00f5es de preserva\u00e7\u00e3o da fertilidade<\/a><\/li>\n<li class=\"menu-item menu-item-type-post_type menu-item-object-page menu-item-6994\"><a href=\"https:\/\/cancerfertilityandme.org.uk\/adult-women\/fertility-preservation-options\/summary-of-fertility-preservation-options\/\" class=\"elementor-item\" tabindex=\"-1\">Resumo das op\u00e7\u00f5es de preserva\u00e7\u00e3o da fertilidade<\/a><\/li>\n<li class=\"menu-item menu-item-type-post_type menu-item-object-page menu-item-6990\"><a href=\"https:\/\/cancerfertilityandme.org.uk\/adult-women\/fertility-preservation-options\/no-fertility-preservation\/\" class=\"elementor-item\" tabindex=\"-1\">N\u00e3o preserva\u00e7\u00e3o da fertilidade<\/a><\/li>\n<li class=\"menu-item menu-item-type-post_type menu-item-object-page menu-item-6987\"><a href=\"https:\/\/cancerfertilityandme.org.uk\/adult-women\/fertility-preservation-options\/egg-freezing\/\" class=\"elementor-item\" tabindex=\"-1\">Congelamento de ovulos<\/a><\/li>\n<li class=\"menu-item menu-item-type-post_type menu-item-object-page menu-item-6988\"><a href=\"https:\/\/cancerfertilityandme.org.uk\/adult-women\/fertility-preservation-options\/embryo-freezing\/\" class=\"elementor-item\" tabindex=\"-1\">Congelamento de embri\u00f5es<\/a><\/li>\n<li class=\"menu-item menu-item-type-post_type menu-item-object-page menu-item-6992\"><a href=\"https:\/\/cancerfertilityandme.org.uk\/adult-women\/fertility-preservation-options\/ovarian-tissue-freezing\/\" class=\"elementor-item\" tabindex=\"-1\">Congelamento do tecido do ov\u00e1rio<\/a><\/li>\n<li class=\"menu-item menu-item-type-post_type menu-item-object-page menu-item-6991\"><a href=\"https:\/\/cancerfertilityandme.org.uk\/adult-women\/fertility-preservation-options\/ovarian-suppression\/\" class=\"elementor-item\" tabindex=\"-1\">Supress\u00e3o dos ov\u00e1rios<\/a><\/li>\n<li class=\"menu-item menu-item-type-post_type menu-item-object-page menu-item-6986\"><a href=\"https:\/\/cancerfertilityandme.org.uk\/adult-women\/fertility-preservation-options\/cancer-specific-fertility-sparing-options\/\" class=\"elementor-item\" tabindex=\"-1\">Op\u00e7\u00f5es de preserva\u00e7\u00e3o da fertilidade espec\u00edficas do cancro<\/a><\/li>\n<li class=\"menu-item menu-item-type-post_type menu-item-object-page menu-item-11368\"><a href=\"https:\/\/cancerfertilityandme.org.uk\/adult-women\/fertility-preservation-options\/other-cancer-treatments\/\" class=\"elementor-item\" tabindex=\"-1\">Outros tratamentos contra o cancro<\/a><\/li>\n<li class=\"menu-item menu-item-type-post_type menu-item-object-page menu-item-6993\"><a href=\"https:\/\/cancerfertilityandme.org.uk\/adult-women\/fertility-preservation-options\/questions-to-ask-your-cancer-fertility-care-teams\/\" class=\"elementor-item\" tabindex=\"-1\">Perguntas a fazer \u00e0s suas equipas de cuidados oncol\u00f3gicos e de fertilidade<\/a><\/li>\n<\/ul>\t\t\t<\/nav>\n\t\t\t\t\t\t<\/div>\n\t\t\t\t<\/div>\n\t\t\t\t<\/div>\n\t\t\t\t<\/div>\n\t\t\t\t\t<\/div>\n\t\t\t\t<\/main>\n\t\t\t\t<\/div>\n\t\t","protected":false},"excerpt":{"rendered":"<p>Congelamento &#8211; introdu\u00e7\u00e3o Congelamento Existem tr\u00eas op\u00e7\u00f5es de congelamento, que podem ajudar a preservar a fertilidade de uma mulher: Congelamento de ovulos Congelamento de embri\u00f5es Congelamento de tecido ovariano Ovulos, embri\u00f5es e tecidos ov\u00e1ricos podem ser congelados e armazenados durante muitos anos. Quando chegar a altura certa, podem ser descongelados e utilizados para uma gravidez [&hellip;]<\/p>\n","protected":false},"author":1,"featured_media":0,"parent":6417,"menu_order":0,"comment_status":"closed","ping_status":"open","template":"","meta":{"footnotes":""},"class_list":["post-6427","page","type-page","status-publish","hentry"],"_links":{"self":[{"href":"https:\/\/cancerfertilityandme.org.uk\/pt-pt\/wp-json\/wp\/v2\/pages\/6427","targetHints":{"allow":["GET"]}}],"collection":[{"href":"https:\/\/cancerfertilityandme.org.uk\/pt-pt\/wp-json\/wp\/v2\/pages"}],"about":[{"href":"https:\/\/cancerfertilityandme.org.uk\/pt-pt\/wp-json\/wp\/v2\/types\/page"}],"author":[{"embeddable":true,"href":"https:\/\/cancerfertilityandme.org.uk\/pt-pt\/wp-json\/wp\/v2\/users\/1"}],"replies":[{"embeddable":true,"href":"https:\/\/cancerfertilityandme.org.uk\/pt-pt\/wp-json\/wp\/v2\/comments?post=6427"}],"version-history":[{"count":3,"href":"https:\/\/cancerfertilityandme.org.uk\/pt-pt\/wp-json\/wp\/v2\/pages\/6427\/revisions"}],"predecessor-version":[{"id":9521,"href":"https:\/\/cancerfertilityandme.org.uk\/pt-pt\/wp-json\/wp\/v2\/pages\/6427\/revisions\/9521"}],"up":[{"embeddable":true,"href":"https:\/\/cancerfertilityandme.org.uk\/pt-pt\/wp-json\/wp\/v2\/pages\/6417"}],"wp:attachment":[{"href":"https:\/\/cancerfertilityandme.org.uk\/pt-pt\/wp-json\/wp\/v2\/media?parent=6427"}],"curies":[{"name":"wp","href":"https:\/\/api.w.org\/{rel}","templated":true}]}}