{"id":6425,"date":"2018-11-21T09:23:31","date_gmt":"2018-11-21T09:23:31","guid":{"rendered":"https:\/\/cancerfertilityandme.org.uk\/congelamento-de-embrioes\/"},"modified":"2025-11-17T10:58:28","modified_gmt":"2025-11-17T10:58:28","slug":"congelamento-de-embrioes","status":"publish","type":"page","link":"https:\/\/cancerfertilityandme.org.uk\/pt-pt\/mulheres-adultas\/opcoes-de-preservacao-da-fertilidade-2\/congelamento-de-embrioes\/","title":{"rendered":"Congelamento de embri\u00f5es"},"content":{"rendered":"\t\t<div data-elementor-type=\"wp-page\" data-elementor-id=\"6425\" class=\"elementor elementor-6425 elementor-5595\" data-elementor-post-type=\"page\">\n\t\t\t\t<main class=\"elementor-element elementor-element-7efa637e e-flex e-con-boxed e-con e-parent\" data-id=\"7efa637e\" data-element_type=\"container\" data-e-type=\"container\">\n\t\t\t\t\t<div class=\"e-con-inner\">\n\t\t<div class=\"elementor-element elementor-element-378bc36a e-con-full e-flex e-con e-child\" data-id=\"378bc36a\" data-element_type=\"container\" data-e-type=\"container\">\n\t\t\t\t<div class=\"elementor-element elementor-element-795788c4 elementor-widget elementor-widget-n-accordion\" data-id=\"795788c4\" data-element_type=\"widget\" data-e-type=\"widget\" data-settings=\"{&quot;default_state&quot;:&quot;all_collapsed&quot;,&quot;max_items_expended&quot;:&quot;one&quot;,&quot;n_accordion_animation_duration&quot;:{&quot;unit&quot;:&quot;ms&quot;,&quot;size&quot;:400,&quot;sizes&quot;:[]}}\" data-widget_type=\"nested-accordion.default\">\n\t\t\t\t<div class=\"elementor-widget-container\">\n\t\t\t\t\t\t\t<div class=\"e-n-accordion\" aria-label=\"Accordion. Open links with Enter or Space, close with Escape, and navigate with Arrow Keys\">\n\t\t\t\t\t\t<details id=\"e-n-accordion-item-2030\" class=\"e-n-accordion-item\" >\n\t\t\t\t<summary class=\"e-n-accordion-item-title\" data-accordion-index=\"1\" tabindex=\"0\" aria-expanded=\"false\" aria-controls=\"e-n-accordion-item-2030\" >\n\t\t\t\t\t<span class='e-n-accordion-item-title-header'><div class=\"e-n-accordion-item-title-text\"> Congelamento - introdu\u00e7\u00e3o <\/div><\/span>\n\t\t\t\t\t\t\t<span class='e-n-accordion-item-title-icon'>\n\t\t\t<span class='e-opened' ><svg aria-hidden=\"true\" class=\"e-font-icon-svg e-fas-minus\" viewBox=\"0 0 448 512\" xmlns=\"http:\/\/www.w3.org\/2000\/svg\"><path d=\"M416 208H32c-17.67 0-32 14.33-32 32v32c0 17.67 14.33 32 32 32h384c17.67 0 32-14.33 32-32v-32c0-17.67-14.33-32-32-32z\"><\/path><\/svg><\/span>\n\t\t\t<span class='e-closed'><svg aria-hidden=\"true\" class=\"e-font-icon-svg e-fas-plus\" viewBox=\"0 0 448 512\" xmlns=\"http:\/\/www.w3.org\/2000\/svg\"><path d=\"M416 208H272V64c0-17.67-14.33-32-32-32h-32c-17.67 0-32 14.33-32 32v144H32c-17.67 0-32 14.33-32 32v32c0 17.67 14.33 32 32 32h144v144c0 17.67 14.33 32 32 32h32c17.67 0 32-14.33 32-32V304h144c17.67 0 32-14.33 32-32v-32c0-17.67-14.33-32-32-32z\"><\/path><\/svg><\/span>\n\t\t<\/span>\n\n\t\t\t\t\t\t<\/summary>\n\t\t\t\t<div role=\"region\" aria-labelledby=\"e-n-accordion-item-2030\" class=\"elementor-element elementor-element-5516ae83 e-con-full e-flex e-con e-child\" data-id=\"5516ae83\" data-element_type=\"container\" data-e-type=\"container\" data-settings=\"{&quot;background_background&quot;:&quot;classic&quot;}\">\n\t\t\t\t<div class=\"elementor-element elementor-element-527e22d4 elementor-widget elementor-widget-text-editor\" data-id=\"527e22d4\" data-element_type=\"widget\" data-e-type=\"widget\" data-widget_type=\"text-editor.default\">\n\t\t\t\t<div class=\"elementor-widget-container\">\n\t\t\t\t\t\t\t\t\t<h3>Congelamento<\/h3><p><strong>Existem tr\u00eas op\u00e7\u00f5es de congelamento, que podem ajudar a preservar a fertilidade de uma mulher:<\/strong><\/p><ul><li>Congelamento de ovulos<\/li><li>Congelamento de embri\u00f5es<\/li><li>Congelamento de tecido ovariano<\/li><\/ul><p>Ovulos, embri\u00f5es e tecidos ov\u00e1ricos podem ser congelados e armazenados durante muitos anos. Quando chegar a altura certa, podem ser descongelados e utilizados para uma gravidez ap\u00f3s o fim do tratamento do cancro. <\/p><p>Est\u00e3o dispon\u00edveis diferentes m\u00e9todos de congela\u00e7\u00e3o para preservar \u00f3vulos, embri\u00f5es e tecido ov\u00e1rico. A criopreserva\u00e7\u00e3o \u00e9 um m\u00e9todo de \u201ccongelamento lento\u201d. A vitrifica\u00e7\u00e3o \u00e9 um m\u00e9todo mais recente de \u201ccongelamento r\u00e1pido\u201d. Este m\u00e9todo demonstrou melhorar a chance dos \u00f3vulos e embri\u00f5es sobreviverem ao processo de descongelamento e aumentar a taxa de sucesso da gravidez.   <\/p><p>Algumas mulheres, se tiverem um parceiro masculino, podem congelar tanto os \u00f3vulos como os embri\u00f5es. Poder\u00e1 ter mais op\u00e7\u00f5es de fertilidade dispon\u00edveis no futuro, ap\u00f3s o tratamento do cancro. <\/p><p>O congelamento do tecido ovariano \u00e9 um novo m\u00e9todo de preserva\u00e7\u00e3o da fertilidade. Esta pode ser outra op\u00e7\u00e3o para as mulheres que n\u00e3o t\u00eam um parceiro masculino. <\/p>\t\t\t\t\t\t\t\t<\/div>\n\t\t\t\t<\/div>\n\t\t\t\t<\/div>\n\t\t\t\t\t<\/details>\n\t\t\t\t\t<\/div>\n\t\t\t\t\t\t<\/div>\n\t\t\t\t<\/div>\n\t\t\t\t<div class=\"elementor-element elementor-element-7fab3355 elementor-widget elementor-widget-text-editor\" data-id=\"7fab3355\" data-element_type=\"widget\" data-e-type=\"widget\" data-widget_type=\"text-editor.default\">\n\t\t\t\t<div class=\"elementor-widget-container\">\n\t\t\t\t\t\t\t\t\t<h2>Congelamento de embri\u00f5es<\/h2><p><strong>Esta op\u00e7\u00e3o significa que os \u00f3vulos maduros s\u00e3o retirados do ov\u00e1rio da mulher e fertilizados com espermatoz\u00f3ides atrav\u00e9s da fertiliza\u00e7\u00e3o in vitro (FIV). Esta op\u00e7\u00e3o \u00e9 realizada num laborat\u00f3rio. Os \u00f3vulos fertilizados (embri\u00f5es) s\u00e3o depois congelados e armazenados para utiliza\u00e7\u00e3o futura. Quando a mulher est\u00e1 pronta para engravidar, os embri\u00f5es armazenados s\u00e3o novamente colocados no \u00fatero.   <\/strong><\/p><h3>A quem se destina?<\/h3><p>Mulheres que j\u00e1 passaram pela puberdade, e..:<\/p><ul><li>Ter tempo para fazer um ciclo de tratamento de fertilidade antes de iniciar o tratamento do cancro.<\/li><li>Tenha um parceiro masculino, uma vez que s\u00e3o necess\u00e1rios ambos os \u00f3vulos e espermatoz\u00f3ides para que o \u00f3vulo seja fertilizado.<\/li><\/ul><h3>O que \u00e9 que isso implica?<\/h3><p>Ter\u00e1 de tomar injec\u00e7\u00f5es de hormonas para estimular os ov\u00e1rios (estimula\u00e7\u00e3o ov\u00e1riana) durante cerca de 2 semanas. Ent\u00e3o, os \u00f3vulos s\u00e3o recolhidos, atrav\u00e9s de uma agulha fina que atravessa a parede da sua vagina at\u00e9 aos ov\u00e1rios. Esta opera\u00e7\u00e3o \u00e9 efectuada sob seda\u00e7\u00e3o. Poder\u00e1 regressar a casa algumas horas mais tarde.   <\/p><p>Se voc\u00ea estiver em um relacionamento, crie e armazene um embri\u00e3o com seu parceiro, voc\u00ea precisar\u00e1 do consentimento de seu parceiro, antes que os embri\u00f5es possam ser usados. Isto \u00e9 importante, porque se mais tarde se separarem, ele pode n\u00e3o querer que utilize os embri\u00f5es armazenados. <\/p><p> Se n\u00e3o tiver um parceiro masculino, a utiliza\u00e7\u00e3o de esperma de um doador \u00e9 uma op\u00e7\u00e3o. Se a senhora escolher essa op\u00e7\u00e3o, \u00e9 importante saber que o doador pode mudar de ideia e n\u00e3o permitir o uso de nenhum embri\u00e3o feito com o esperma dele. <\/p><p>Os embri\u00f5es congelados podem ser armazenados durante 10 anos. Nalgumas situa\u00e7\u00f5es, este per\u00edodo pode ser aumentado por per\u00edodos de 10 anos (at\u00e9 55 anos no total). <\/p><h3>Qual \u00e9 a probabilidade de ter um beb\u00e9 ap\u00f3s a congela\u00e7\u00e3o de embri\u00f5es?<\/h3><p>\u00c9 dif\u00edcil saber ao certo qual \u00e9 a probabilidade de a congela\u00e7\u00e3o de embri\u00f5es resultar num nascimento com vida. O n\u00famero de doentes com cancro que utilizaram embri\u00f5es congelados \u00e9 reduzido. A maior parte dos dados prov\u00e9m de mulheres sem cancro que utilizaram um embri\u00e3o congelado para ter um beb\u00e9.  <\/p><p>Estes dados mostram que a probabilidade de a congela\u00e7\u00e3o de embri\u00f5es ajudar uma mulher a ter um beb\u00e9 ap\u00f3s o tratamento do cancro \u00e9 de cerca de 30 em 100 (cerca de 30%).<\/p><p>A probabilidade de ter um beb\u00e9 ap\u00f3s o congelamento de embri\u00f5es depende de uma s\u00e9rie de factores. Estes factores s\u00e3o: <\/p><ul><li>A sua idade no momento da recolha dos \u00f3vulos. As mulheres com menos de 35 anos de idade t\u00eam uma maior probabilidade. Isto corresponde a cerca de 40 em 100 (40%). As mulheres com mais de 35 anos t\u00eam menos chances. A probabilidade de ocorr\u00eancia \u00e9 de cerca de 20 em 100 (20%).    <\/li><li>O n\u00famero de \u00f3vulos recolhidos.<\/li><li>O n\u00famero e a qualidade dos embri\u00f5es congelados.<\/li><li>A sa\u00fade dos espermatoz\u00f3ides do seu parceiro.<\/li><li>A cl\u00ednica de fertilidade onde foi efectuada a congela\u00e7\u00e3o de embri\u00f5es.<\/li><\/ul><p>Para obter mais informa\u00e7\u00f5es sobre as taxas de sucesso m\u00e9dias nacionais e o n\u00famero de nados-vivos bem sucedidos para cada cl\u00ednica de fertilidade licenciada, visite o s\u00edtio Web da HFEA <a href=\"http:\/\/www.hfea.gov.uk\" target=\"_blank\" rel=\"noopener\">www.hfea.gov.uk.<\/a><\/p><h3>Esta op\u00e7\u00e3o ir\u00e1 afectar a sa\u00fade do beb\u00e9?<\/h3><p>N\u00e3o, os dados sugerem que a sa\u00fade de um beb\u00e9 nascido com embri\u00f5es congelados n\u00e3o ser\u00e1 afectada.<\/p><h3>Existem efeitos secund\u00e1rios do tratamento de fertilidade utilizado no congelamento de embri\u00f5es?<\/h3><p>Os medicamentos para a fertilidade utilizados para estimular a produ\u00e7\u00e3o de \u00f3vulos podem causar efeitos secund\u00e1rios como dores de cabe\u00e7a, altera\u00e7\u00f5es de humor, afrontamentos e irrita\u00e7\u00e3o da pele. Os medicamentos para fertilidade, tamb\u00e9m podem fazer com que os ov\u00e1rios respondam excessivamente e isso pode levar a uma condi\u00e7\u00e3o chamada OHSS Uma vez iniciado o tratamento, \u00e9 aconselh\u00e1vel que informe a sua equipa de cuidados de fertilidade sobre os sintomas desta doen\u00e7a e sobre como contact\u00e1-la em caso de necessidade.  <\/p><p>Quando os ov\u00e1rios s\u00e3o estimulados a produzir muitos \u00f3vulos, os n\u00edveis de hormona estrog\u00e9nio aumentam. Isto pode ser uma preocupa\u00e7\u00e3o para as mulheres que t\u00eam um cancro da mama sens\u00edvel aos estrog\u00e9nios. A estas mulheres podem ser administrado um medicamento chamado Letrozole (Femara). Isto reduz os n\u00edveis de estrog\u00e9nio na corrente sangu\u00ednea.   <\/p><p>Na tentativa de obter \u00f3vulos, existe a possibilidade de hemorragia, infec\u00e7\u00e3o e perfura\u00e7\u00e3o do intestino, mas isto \u00e9 raro.<\/p><p>Pode haver uma preocupa\u00e7\u00e3o para as mulheres com cancros p\u00e9lvicos, em que pode haver um derrame de c\u00e9lulas cancer\u00edgenas do ov\u00e1rio para o abd\u00f3men ap\u00f3s a coleta de \u00f3vulos.<\/p><p>Se for substitu\u00eddo mais do que um embri\u00e3o, existe a possibilidade de nascimentos m\u00faltiplos (g\u00e9meos, trig\u00e9meos). Todas as gravidezes t\u00eam um risco de aborto espont\u00e2neo e de gravidez ect\u00f3pica (uma gravidez fora do \u00fatero). <\/p><p>Esta op\u00e7\u00e3o afectar\u00e1 as minhas chances do cancro voltar?<\/p><h3>Esta op\u00e7\u00e3o ir\u00e1 atrasar o in\u00edcio do meu tratamento contra o cancro?<\/h3><p>Demora cerca de duas semanas, desde o in\u00edcio da estimula\u00e7\u00e3o ovariana, at\u00e9 o momento da coleta dos \u00f3vulos. O tempo antes do in\u00edcio da estimula\u00e7\u00e3o pode variar. Depende de factores como o ponto em que a mulher se encontra no seu ciclo menstrual. Esta op\u00e7\u00e3o pode n\u00e3o ser adequada para mulheres com cancros como a leucemia, alguns linfomas e sarcomas, uma vez que podem necessitar de tratamento imediato. Se tiver OHSS, isso pode causar um atraso maior no in\u00edcio do tratamento do cancro.    <\/p><h3>Esta op\u00e7\u00e3o afectar\u00e1 as minhas chances do cancro voltar?<\/h3><p>N\u00e3o existem dados que indiquem que o congelamento de embri\u00f5es afecte as possibilidades dos cancros crescerem ou voltarem.<\/p>\t\t\t\t\t\t\t\t<\/div>\n\t\t\t\t<\/div>\n\t\t<div class=\"elementor-element elementor-element-43614ce8 e-con-full e-flex e-con e-child\" data-id=\"43614ce8\" data-element_type=\"container\" data-e-type=\"container\" data-settings=\"{&quot;background_background&quot;:&quot;classic&quot;}\">\n\t\t\t\t<div class=\"elementor-element elementor-element-70da4ea4 elementor-widget elementor-widget-text-editor\" data-id=\"70da4ea4\" data-element_type=\"widget\" data-e-type=\"widget\" data-widget_type=\"text-editor.default\">\n\t\t\t\t<div class=\"elementor-widget-container\">\n\t\t\t\t\t\t\t\t\t<p><strong>Pode ser \u00fatil anotar o que lhe agrada nesta op\u00e7\u00e3o e o que a preocupa.<\/strong><\/p><p>Estas notas podem ajud\u00e1-la a falar sobre se esta op\u00e7\u00e3o \u00e9 ou n\u00e3o a melhor para si com a sua equipa de cuidados oncol\u00f3gicos e de fertilidade, parceiro, fam\u00edlia e amigos.<\/p>\t\t\t\t\t\t\t\t<\/div>\n\t\t\t\t<\/div>\n\t\t\t\t<\/div>\n\t\t\t\t<\/div>\n\t\t<div class=\"elementor-element elementor-element-3afc403 e-con-full e-flex e-con e-child\" data-id=\"3afc403\" data-element_type=\"container\" data-e-type=\"container\">\n\t\t<div class=\"elementor-element elementor-element-48d7c580 e-con-full e-flex e-con e-child\" data-id=\"48d7c580\" data-element_type=\"container\" data-e-type=\"container\">\n\t\t\t\t<div class=\"elementor-element elementor-element-1873bc03 elementor-widget elementor-widget-image\" data-id=\"1873bc03\" data-element_type=\"widget\" data-e-type=\"widget\" data-widget_type=\"image.default\">\n\t\t\t\t<div class=\"elementor-widget-container\">\n\t\t\t\t\t\t\t\t\t\t\t\t\t\t\t\t<a href=\"http:\/\/.\/\">\n\t\t\t\t\t\t\t<img fetchpriority=\"high\" decoding=\"async\" width=\"400\" height=\"440\" src=\"https:\/\/cancerfertilityandme.org.uk\/wp-content\/uploads\/cancerfertilityandme-logo-column-adult-women.png\" class=\"attachment-full size-full wp-image-2284\" alt=\"\" srcset=\"https:\/\/cancerfertilityandme.org.uk\/wp-content\/uploads\/cancerfertilityandme-logo-column-adult-women.png 400w, https:\/\/cancerfertilityandme.org.uk\/wp-content\/uploads\/cancerfertilityandme-logo-column-adult-women-273x300.png 273w\" sizes=\"(max-width: 400px) 100vw, 400px\" \/>\t\t\t\t\t\t\t\t<\/a>\n\t\t\t\t\t\t\t\t\t\t\t\t\t\t\t<\/div>\n\t\t\t\t<\/div>\n\t\t\t\t<\/div>\n\t\t<div class=\"elementor-element elementor-element-14059c76 e-con-full e-flex e-con e-child\" data-id=\"14059c76\" data-element_type=\"container\" data-e-type=\"container\">\n\t\t\t\t<div class=\"elementor-element elementor-element-122ede8b elementor-widget elementor-widget-heading\" data-id=\"122ede8b\" data-element_type=\"widget\" data-e-type=\"widget\" data-widget_type=\"heading.default\">\n\t\t\t\t<div class=\"elementor-widget-container\">\n\t\t\t\t\t<h3 class=\"elementor-heading-title elementor-size-default\">Para mais informa\u00e7\u00f5es, siga estes links<\/h3>\t\t\t\t<\/div>\n\t\t\t\t<\/div>\n\t\t\t\t<div class=\"elementor-element elementor-element-4ebc2425 elementor-nav-menu--dropdown-none elementor-widget elementor-widget-nav-menu\" data-id=\"4ebc2425\" data-element_type=\"widget\" data-e-type=\"widget\" data-settings=\"{&quot;layout&quot;:&quot;vertical&quot;,&quot;submenu_icon&quot;:{&quot;value&quot;:&quot;&lt;svg aria-hidden=\\&quot;true\\&quot; class=\\&quot;e-font-icon-svg e-fas-caret-down\\&quot; viewBox=\\&quot;0 0 320 512\\&quot; xmlns=\\&quot;http:\\\/\\\/www.w3.org\\\/2000\\\/svg\\&quot;&gt;&lt;path d=\\&quot;M31.3 192h257.3c17.8 0 26.7 21.5 14.1 34.1L174.1 354.8c-7.8 7.8-20.5 7.8-28.3 0L17.2 226.1C4.6 213.5 13.5 192 31.3 192z\\&quot;&gt;&lt;\\\/path&gt;&lt;\\\/svg&gt;&quot;,&quot;library&quot;:&quot;fa-solid&quot;}}\" data-widget_type=\"nav-menu.default\">\n\t\t\t\t<div class=\"elementor-widget-container\">\n\t\t\t\t\t\t\t\t<nav aria-label=\"Menu\" class=\"elementor-nav-menu--main elementor-nav-menu__container elementor-nav-menu--layout-vertical e--pointer-none\">\n\t\t\t\t<ul id=\"menu-1-4ebc2425\" class=\"elementor-nav-menu sm-vertical\"><li class=\"menu-item menu-item-type-post_type menu-item-object-page menu-item-6985\"><a href=\"https:\/\/cancerfertilityandme.org.uk\/adult-women\/fertility-preservation-options\/\" class=\"elementor-item\">Op\u00e7\u00f5es de preserva\u00e7\u00e3o da fertilidade<\/a><\/li>\n<li class=\"menu-item menu-item-type-post_type menu-item-object-page menu-item-6994\"><a href=\"https:\/\/cancerfertilityandme.org.uk\/adult-women\/fertility-preservation-options\/summary-of-fertility-preservation-options\/\" class=\"elementor-item\">Resumo das op\u00e7\u00f5es de preserva\u00e7\u00e3o da fertilidade<\/a><\/li>\n<li class=\"menu-item menu-item-type-post_type menu-item-object-page menu-item-6990\"><a href=\"https:\/\/cancerfertilityandme.org.uk\/adult-women\/fertility-preservation-options\/no-fertility-preservation\/\" class=\"elementor-item\">N\u00e3o preserva\u00e7\u00e3o da fertilidade<\/a><\/li>\n<li class=\"menu-item menu-item-type-post_type menu-item-object-page menu-item-6987\"><a href=\"https:\/\/cancerfertilityandme.org.uk\/adult-women\/fertility-preservation-options\/egg-freezing\/\" class=\"elementor-item\">Congelamento de ovulos<\/a><\/li>\n<li class=\"menu-item menu-item-type-post_type menu-item-object-page menu-item-6988\"><a href=\"https:\/\/cancerfertilityandme.org.uk\/adult-women\/fertility-preservation-options\/embryo-freezing\/\" class=\"elementor-item\">Congelamento de embri\u00f5es<\/a><\/li>\n<li class=\"menu-item menu-item-type-post_type menu-item-object-page menu-item-6992\"><a href=\"https:\/\/cancerfertilityandme.org.uk\/adult-women\/fertility-preservation-options\/ovarian-tissue-freezing\/\" class=\"elementor-item\">Congelamento do tecido do ov\u00e1rio<\/a><\/li>\n<li class=\"menu-item menu-item-type-post_type menu-item-object-page menu-item-6991\"><a href=\"https:\/\/cancerfertilityandme.org.uk\/adult-women\/fertility-preservation-options\/ovarian-suppression\/\" class=\"elementor-item\">Supress\u00e3o dos ov\u00e1rios<\/a><\/li>\n<li class=\"menu-item menu-item-type-post_type menu-item-object-page menu-item-6986\"><a href=\"https:\/\/cancerfertilityandme.org.uk\/adult-women\/fertility-preservation-options\/cancer-specific-fertility-sparing-options\/\" class=\"elementor-item\">Op\u00e7\u00f5es de preserva\u00e7\u00e3o da fertilidade espec\u00edficas do cancro<\/a><\/li>\n<li class=\"menu-item menu-item-type-post_type menu-item-object-page menu-item-11368\"><a href=\"https:\/\/cancerfertilityandme.org.uk\/adult-women\/fertility-preservation-options\/other-cancer-treatments\/\" class=\"elementor-item\">Outros tratamentos contra o cancro<\/a><\/li>\n<li class=\"menu-item menu-item-type-post_type menu-item-object-page menu-item-6993\"><a href=\"https:\/\/cancerfertilityandme.org.uk\/adult-women\/fertility-preservation-options\/questions-to-ask-your-cancer-fertility-care-teams\/\" class=\"elementor-item\">Perguntas a fazer \u00e0s suas equipas de cuidados oncol\u00f3gicos e de fertilidade<\/a><\/li>\n<\/ul>\t\t\t<\/nav>\n\t\t\t\t\t\t<nav class=\"elementor-nav-menu--dropdown elementor-nav-menu__container\" aria-hidden=\"true\">\n\t\t\t\t<ul id=\"menu-2-4ebc2425\" class=\"elementor-nav-menu sm-vertical\"><li class=\"menu-item menu-item-type-post_type menu-item-object-page menu-item-6985\"><a href=\"https:\/\/cancerfertilityandme.org.uk\/adult-women\/fertility-preservation-options\/\" class=\"elementor-item\" tabindex=\"-1\">Op\u00e7\u00f5es de preserva\u00e7\u00e3o da fertilidade<\/a><\/li>\n<li class=\"menu-item menu-item-type-post_type menu-item-object-page menu-item-6994\"><a href=\"https:\/\/cancerfertilityandme.org.uk\/adult-women\/fertility-preservation-options\/summary-of-fertility-preservation-options\/\" class=\"elementor-item\" tabindex=\"-1\">Resumo das op\u00e7\u00f5es de preserva\u00e7\u00e3o da fertilidade<\/a><\/li>\n<li class=\"menu-item menu-item-type-post_type menu-item-object-page menu-item-6990\"><a href=\"https:\/\/cancerfertilityandme.org.uk\/adult-women\/fertility-preservation-options\/no-fertility-preservation\/\" class=\"elementor-item\" tabindex=\"-1\">N\u00e3o preserva\u00e7\u00e3o da fertilidade<\/a><\/li>\n<li class=\"menu-item menu-item-type-post_type menu-item-object-page menu-item-6987\"><a href=\"https:\/\/cancerfertilityandme.org.uk\/adult-women\/fertility-preservation-options\/egg-freezing\/\" class=\"elementor-item\" tabindex=\"-1\">Congelamento de ovulos<\/a><\/li>\n<li class=\"menu-item menu-item-type-post_type menu-item-object-page menu-item-6988\"><a href=\"https:\/\/cancerfertilityandme.org.uk\/adult-women\/fertility-preservation-options\/embryo-freezing\/\" class=\"elementor-item\" tabindex=\"-1\">Congelamento de embri\u00f5es<\/a><\/li>\n<li class=\"menu-item menu-item-type-post_type menu-item-object-page menu-item-6992\"><a href=\"https:\/\/cancerfertilityandme.org.uk\/adult-women\/fertility-preservation-options\/ovarian-tissue-freezing\/\" class=\"elementor-item\" tabindex=\"-1\">Congelamento do tecido do ov\u00e1rio<\/a><\/li>\n<li class=\"menu-item menu-item-type-post_type menu-item-object-page menu-item-6991\"><a href=\"https:\/\/cancerfertilityandme.org.uk\/adult-women\/fertility-preservation-options\/ovarian-suppression\/\" class=\"elementor-item\" tabindex=\"-1\">Supress\u00e3o dos ov\u00e1rios<\/a><\/li>\n<li class=\"menu-item menu-item-type-post_type menu-item-object-page menu-item-6986\"><a href=\"https:\/\/cancerfertilityandme.org.uk\/adult-women\/fertility-preservation-options\/cancer-specific-fertility-sparing-options\/\" class=\"elementor-item\" tabindex=\"-1\">Op\u00e7\u00f5es de preserva\u00e7\u00e3o da fertilidade espec\u00edficas do cancro<\/a><\/li>\n<li class=\"menu-item menu-item-type-post_type menu-item-object-page menu-item-11368\"><a href=\"https:\/\/cancerfertilityandme.org.uk\/adult-women\/fertility-preservation-options\/other-cancer-treatments\/\" class=\"elementor-item\" tabindex=\"-1\">Outros tratamentos contra o cancro<\/a><\/li>\n<li class=\"menu-item menu-item-type-post_type menu-item-object-page menu-item-6993\"><a href=\"https:\/\/cancerfertilityandme.org.uk\/adult-women\/fertility-preservation-options\/questions-to-ask-your-cancer-fertility-care-teams\/\" class=\"elementor-item\" tabindex=\"-1\">Perguntas a fazer \u00e0s suas equipas de cuidados oncol\u00f3gicos e de fertilidade<\/a><\/li>\n<\/ul>\t\t\t<\/nav>\n\t\t\t\t\t\t<\/div>\n\t\t\t\t<\/div>\n\t\t\t\t<\/div>\n\t\t\t\t<\/div>\n\t\t\t\t\t<\/div>\n\t\t\t\t<\/main>\n\t\t\t\t<\/div>\n\t\t","protected":false},"excerpt":{"rendered":"<p>Congelamento &#8211; introdu\u00e7\u00e3o Congelamento Existem tr\u00eas op\u00e7\u00f5es de congelamento, que podem ajudar a preservar a fertilidade de uma mulher: Congelamento de ovulos Congelamento de embri\u00f5es Congelamento de tecido ovariano Ovulos, embri\u00f5es e tecidos ov\u00e1ricos podem ser congelados e armazenados durante muitos anos. Quando chegar a altura certa, podem ser descongelados e utilizados para uma gravidez [&hellip;]<\/p>\n","protected":false},"author":1,"featured_media":0,"parent":6417,"menu_order":0,"comment_status":"closed","ping_status":"open","template":"","meta":{"footnotes":""},"class_list":["post-6425","page","type-page","status-publish","hentry"],"_links":{"self":[{"href":"https:\/\/cancerfertilityandme.org.uk\/pt-pt\/wp-json\/wp\/v2\/pages\/6425","targetHints":{"allow":["GET"]}}],"collection":[{"href":"https:\/\/cancerfertilityandme.org.uk\/pt-pt\/wp-json\/wp\/v2\/pages"}],"about":[{"href":"https:\/\/cancerfertilityandme.org.uk\/pt-pt\/wp-json\/wp\/v2\/types\/page"}],"author":[{"embeddable":true,"href":"https:\/\/cancerfertilityandme.org.uk\/pt-pt\/wp-json\/wp\/v2\/users\/1"}],"replies":[{"embeddable":true,"href":"https:\/\/cancerfertilityandme.org.uk\/pt-pt\/wp-json\/wp\/v2\/comments?post=6425"}],"version-history":[{"count":3,"href":"https:\/\/cancerfertilityandme.org.uk\/pt-pt\/wp-json\/wp\/v2\/pages\/6425\/revisions"}],"predecessor-version":[{"id":9495,"href":"https:\/\/cancerfertilityandme.org.uk\/pt-pt\/wp-json\/wp\/v2\/pages\/6425\/revisions\/9495"}],"up":[{"embeddable":true,"href":"https:\/\/cancerfertilityandme.org.uk\/pt-pt\/wp-json\/wp\/v2\/pages\/6417"}],"wp:attachment":[{"href":"https:\/\/cancerfertilityandme.org.uk\/pt-pt\/wp-json\/wp\/v2\/media?parent=6425"}],"curies":[{"name":"wp","href":"https:\/\/api.w.org\/{rel}","templated":true}]}}