{"id":6419,"date":"2018-11-07T09:47:04","date_gmt":"2018-11-07T09:47:04","guid":{"rendered":"https:\/\/cancerfertilityandme.org.uk\/resumo-das-opcoes-de-preservacao-da-fertilidade\/"},"modified":"2025-11-17T11:00:16","modified_gmt":"2025-11-17T11:00:16","slug":"resumo-das-opcoes-de-preservacao-da-fertilidade","status":"publish","type":"page","link":"https:\/\/cancerfertilityandme.org.uk\/pt-pt\/mulheres-adultas\/opcoes-de-preservacao-da-fertilidade-2\/resumo-das-opcoes-de-preservacao-da-fertilidade\/","title":{"rendered":"Resumo das op\u00e7\u00f5es de preserva\u00e7\u00e3o da fertilidade"},"content":{"rendered":"\t\t<div data-elementor-type=\"wp-page\" data-elementor-id=\"6419\" class=\"elementor elementor-6419 elementor-5589\" data-elementor-post-type=\"page\">\n\t\t\t\t<main class=\"elementor-element elementor-element-25a182d e-flex e-con-boxed e-con e-parent\" data-id=\"25a182d\" data-element_type=\"container\" data-e-type=\"container\">\n\t\t\t\t\t<div class=\"e-con-inner\">\n\t\t<div class=\"elementor-element elementor-element-3204df80 e-con-full e-flex e-con e-child\" data-id=\"3204df80\" data-element_type=\"container\" data-e-type=\"container\">\n\t\t\t\t<div class=\"elementor-element elementor-element-370f079b elementor-widget elementor-widget-text-editor\" data-id=\"370f079b\" data-element_type=\"widget\" data-e-type=\"widget\" data-widget_type=\"text-editor.default\">\n\t\t\t\t<div class=\"elementor-widget-container\">\n\t\t\t\t\t\t\t\t\t<h2>Resumo das op\u00e7\u00f5es de preserva\u00e7\u00e3o da fertilidade<\/h2>\t\t\t\t\t\t\t\t<\/div>\n\t\t\t\t<\/div>\n\t\t<div class=\"elementor-element elementor-element-781f8b5e e-con-full e-flex e-con e-child\" data-id=\"781f8b5e\" data-element_type=\"container\" data-e-type=\"container\" data-settings=\"{&quot;background_background&quot;:&quot;classic&quot;}\">\n\t\t\t\t<div class=\"elementor-element elementor-element-7f12b723 elementor-widget elementor-widget-text-editor\" data-id=\"7f12b723\" data-element_type=\"widget\" data-e-type=\"widget\" data-widget_type=\"text-editor.default\">\n\t\t\t\t<div class=\"elementor-widget-container\">\n\t\t\t\t\t\t\t\t\t<h3 style=\"text-align: center;\">Sem preserva\u00e7\u00e3o da fertilidade<\/h3><hr><h3>A quem se destina?<\/h3><p>Mulheres que querem esperar para ver; j\u00e1 constitu\u00edram fam\u00edlia; precisam de come\u00e7ar imediatamente o tratamento do cancro; n\u00e3o desejam ter uma gravidez ap\u00f3s o tratamento do cancro; n\u00e3o t\u00eam op\u00e7\u00f5es de preserva\u00e7\u00e3o da fertilidade dispon\u00edveis.<\/p><h3>Probabilidade de ter um beb\u00e9<\/h3><p>Vari\u00e1vel. Depende da forma como os seus ov\u00e1rios foram afectados pelo tratamento do cancro. <\/p><h3>Efeitos secund\u00e1rios do tratamento de fertilidade<\/h3><p>N\u00e3o existem efeitos secund\u00e1rios do tratamento de fertilidade.<\/p><h3>Atraso no in\u00edcio do tratamento do cancro<\/h3><p>N\u00e3o h\u00e1 atraso.<\/p><h3>Efeito no retorno do cancro<\/h3><p>Sem efeito.<\/p>\t\t\t\t\t\t\t\t<\/div>\n\t\t\t\t<\/div>\n\t\t\t\t<\/div>\n\t\t<div class=\"elementor-element elementor-element-a6abaa5 e-con-full e-flex e-con e-child\" data-id=\"a6abaa5\" data-element_type=\"container\" data-e-type=\"container\" data-settings=\"{&quot;background_background&quot;:&quot;classic&quot;}\">\n\t\t\t\t<div class=\"elementor-element elementor-element-babb161 elementor-widget elementor-widget-text-editor\" data-id=\"babb161\" data-element_type=\"widget\" data-e-type=\"widget\" data-widget_type=\"text-editor.default\">\n\t\t\t\t<div class=\"elementor-widget-container\">\n\t\t\t\t\t\t\t\t\t<h3 style=\"text-align: center;\">Congelamento de \u00f3vulos<\/h3><hr><h3>A quem se destina?<\/h3><p>Mulheres que n\u00e3o t\u00eam um parceiro; n\u00e3o querem usar esperma de doador; n\u00e3o escolhem o congelamento de embri\u00f5es, devido \u00e0s suas cren\u00e7as; t\u00eam tempo para fazer um ciclo de tratamento de fertilidade, antes de iniciar o tratamento do cancro.<\/p><h3>Probabilidade de ter um beb\u00e9<\/h3><p>Vari\u00e1vel. As mulheres com menos de 35 anos que armazenam 10 \u00f3vulos t\u00eam aproximadamente 40% de hip\u00f3teses de ter um beb\u00e9. As mulheres com mais de 35 anos t\u00eam menos chances. As mulheres com menos de 35 anos tem uma boa chance, se puderem armazenar um n\u00famero suficiente de \u00f3vulos.   <\/p><h3>Efeitos secund\u00e1rios do tratamento de fertilidade<\/h3><p>Dores de cabe\u00e7a, altera\u00e7\u00f5es de humor, ondas de calor e irrita\u00e7\u00e3o da pele; os n\u00edveis da hormona estrog\u00e9nio aumentam (n\u00e3o \u00e9 seguro para as mulheres que t\u00eam um cancro da mama sens\u00edvel aos estrog\u00e9nios); possibilidade de infec\u00e7\u00e3o ou hemorragia; danos noutras estruturas p\u00e9lvicas (n\u00e3o \u00e9 seguro para as mulheres com cancro p\u00e9lvico).<\/p><h3>Atraso no in\u00edcio do tratamento do cancro<\/h3><p>Duas semanas.<\/p><h3>Efeito no retorno do cancro<\/h3><p>N\u00e3o h\u00e1 dados que indiquem que isto afecte as possibilidades do cancro voltar.<\/p>\t\t\t\t\t\t\t\t<\/div>\n\t\t\t\t<\/div>\n\t\t\t\t<\/div>\n\t\t<div class=\"elementor-element elementor-element-79c9e2a e-con-full e-flex e-con e-child\" data-id=\"79c9e2a\" data-element_type=\"container\" data-e-type=\"container\" data-settings=\"{&quot;background_background&quot;:&quot;classic&quot;}\">\n\t\t\t\t<div class=\"elementor-element elementor-element-f8413c2 elementor-widget elementor-widget-text-editor\" data-id=\"f8413c2\" data-element_type=\"widget\" data-e-type=\"widget\" data-widget_type=\"text-editor.default\">\n\t\t\t\t<div class=\"elementor-widget-container\">\n\t\t\t\t\t\t\t\t\t<h3 style=\"text-align: center;\">Congelamento de embri\u00f5es<\/h3><hr><h3>A quem se destina?<\/h3><p>Mulheres que t\u00eam tempo para fazer um ciclo de tratamento de fertilidade antes de iniciar o tratamento do cancro; mulheres com um parceiro masculino, uma vez que s\u00e3o necess\u00e1rios \u00f3vulos e esperma para a fertiliza\u00e7\u00e3o.<\/p><h3>Probabilidade de ter um beb\u00e9<\/h3><p>Vari\u00e1vel. A possibilidade do congelamento de embri\u00f5es ajudar\u00e1 uma mulher a ter um filho, ap\u00f3s o tratamento do cancro \u00e9 de cerca de 30 em 100 (cerca de 30%). As mulheres com menos de 35 anos de idade t\u00eam uma maior probabilidade. As mulheres com mais de 35 anos t\u00eam menos chances.   <\/p><h3>Efeitos secund\u00e1rios do tratamento de fertilidade<\/h3><p>Dores de cabe\u00e7a, altera\u00e7\u00f5es de humor, ondas de calor e irrita\u00e7\u00e3o da pele; os n\u00edveis da hormona estrog\u00e9nio aumentam (n\u00e3o \u00e9 seguro para as mulheres que t\u00eam um cancro da mama sens\u00edvel aos estrog\u00e9nios); possibilidade de infec\u00e7\u00e3o ou hemorragia; danos noutras estruturas p\u00e9lvicas (n\u00e3o \u00e9 seguro para as mulheres com cancro p\u00e9lvico).<\/p><h3>Atraso no in\u00edcio do tratamento do cancro<\/h3><p>Duas semanas.<\/p><h3>Efeito no retorno do cancro<\/h3><p>N\u00e3o h\u00e1 dados que indiquem que isto afecte as possibilidades do cancro voltar.<\/p>\t\t\t\t\t\t\t\t<\/div>\n\t\t\t\t<\/div>\n\t\t\t\t<\/div>\n\t\t<div class=\"elementor-element elementor-element-d2e018f e-con-full e-flex e-con e-child\" data-id=\"d2e018f\" data-element_type=\"container\" data-e-type=\"container\" data-settings=\"{&quot;background_background&quot;:&quot;classic&quot;}\">\n\t\t\t\t<div class=\"elementor-element elementor-element-9a7f7c3 elementor-widget elementor-widget-text-editor\" data-id=\"9a7f7c3\" data-element_type=\"widget\" data-e-type=\"widget\" data-widget_type=\"text-editor.default\">\n\t\t\t\t<div class=\"elementor-widget-container\">\n\t\t\t\t\t\t\t\t\t<h3 style=\"text-align: center;\">Congelamento do tecido do ov\u00e1rio<\/h3><hr><h3>A quem se destina?<\/h3><p>Mulheres que n\u00e3o t\u00eam tempo para congelar embri\u00f5es ou \u00f3vulos; que n\u00e3o podem utilizar medicamentos para a fertilidade; que preferem a possibilidade de concep\u00e7\u00e3o natural mais tarde; raparigas que ainda n\u00e3o atingiram a puberdade.<\/p><h3>Probabilidade de ter um beb\u00e9<\/h3><p>M\u00e9todo mais recente de preserva\u00e7\u00e3o da fertilidade. Taxas de nascimentos vivos de cerca de 30 em 100 (30%) em todo o mundo. <\/p><h3>Efeitos secund\u00e1rios do tratamento de fertilidade<\/h3><p>Envolve cirurgia, pelo que existe a possibilidade de danificar a bexiga ou o intestino; possibilidade de infec\u00e7\u00e3o ou sangramento. Possibilidade de reintroduzir c\u00e9lulas cancerosas no organismo atrav\u00e9s do tecido ov\u00e1rico congelado (n\u00e3o \u00e9 seguro para as mulheres com um cancro do sangue, como a leucemia). <\/p><h3>Atraso no in\u00edcio do tratamento do cancro<\/h3><p>\u00c9 prov\u00e1vel que n\u00e3o haja atraso, ou que seja de apenas alguns dias.<\/p><h3>Efeito no retorno do cancro<\/h3><p>N\u00e3o h\u00e1 dados que indiquem que isto afecte as possibilidades do cancro voltar.<\/p>\t\t\t\t\t\t\t\t<\/div>\n\t\t\t\t<\/div>\n\t\t\t\t<\/div>\n\t\t<div class=\"elementor-element elementor-element-5013e21 e-con-full e-flex e-con e-child\" data-id=\"5013e21\" data-element_type=\"container\" data-e-type=\"container\" data-settings=\"{&quot;background_background&quot;:&quot;classic&quot;}\">\n\t\t\t\t<div class=\"elementor-element elementor-element-c3b7da8 elementor-widget elementor-widget-text-editor\" data-id=\"c3b7da8\" data-element_type=\"widget\" data-e-type=\"widget\" data-widget_type=\"text-editor.default\">\n\t\t\t\t<div class=\"elementor-widget-container\">\n\t\t\t\t\t\t\t\t\t<h3 style=\"text-align: center;\">Supress\u00e3o dos ov\u00e1rios<\/h3><hr><h3>A quem se destina?<\/h3><p>Mulheres submetidas a quimioterapia; raparigas que tenham atingido a puberdade.<\/p><h3>Probabilidade de ter um beb\u00e9<\/h3><p>N\u00e3o \u00e9 claro se este m\u00e9todo torna mais prov\u00e1vel que consiga ter um beb\u00e9 ap\u00f3s o tratamento.<\/p><h3>Efeitos secund\u00e1rios do tratamento de fertilidade<\/h3><p>Afrontamentos; altera\u00e7\u00f5es de humor; dificuldade em dormir; secura vaginal.<\/p><h3>Atraso no in\u00edcio do tratamento do cancro<\/h3><p>\u00c9 prov\u00e1vel que n\u00e3o haja nenhum.<\/p><h3>Efeito no retorno do cancro<\/h3><p>Sem efeito.<\/p>\t\t\t\t\t\t\t\t<\/div>\n\t\t\t\t<\/div>\n\t\t\t\t<\/div>\n\t\t\t\t<\/div>\n\t\t<div class=\"elementor-element elementor-element-78fd630d e-con-full e-flex e-con e-child\" data-id=\"78fd630d\" data-element_type=\"container\" data-e-type=\"container\">\n\t\t<div class=\"elementor-element elementor-element-1ec77f10 e-con-full e-flex e-con e-child\" data-id=\"1ec77f10\" data-element_type=\"container\" data-e-type=\"container\">\n\t\t\t\t<div class=\"elementor-element elementor-element-76a85363 elementor-widget elementor-widget-image\" data-id=\"76a85363\" data-element_type=\"widget\" data-e-type=\"widget\" data-widget_type=\"image.default\">\n\t\t\t\t<div class=\"elementor-widget-container\">\n\t\t\t\t\t\t\t\t\t\t\t\t\t\t\t\t<a href=\"http:\/\/.\/\">\n\t\t\t\t\t\t\t<img fetchpriority=\"high\" decoding=\"async\" width=\"400\" height=\"440\" src=\"https:\/\/cancerfertilityandme.org.uk\/wp-content\/uploads\/cancerfertilityandme-logo-column-adult-women.png\" class=\"attachment-full size-full wp-image-2284\" alt=\"\" srcset=\"https:\/\/cancerfertilityandme.org.uk\/wp-content\/uploads\/cancerfertilityandme-logo-column-adult-women.png 400w, https:\/\/cancerfertilityandme.org.uk\/wp-content\/uploads\/cancerfertilityandme-logo-column-adult-women-273x300.png 273w\" sizes=\"(max-width: 400px) 100vw, 400px\" \/>\t\t\t\t\t\t\t\t<\/a>\n\t\t\t\t\t\t\t\t\t\t\t\t\t\t\t<\/div>\n\t\t\t\t<\/div>\n\t\t\t\t<\/div>\n\t\t<div class=\"elementor-element elementor-element-643b0697 e-con-full e-flex e-con e-child\" data-id=\"643b0697\" data-element_type=\"container\" data-e-type=\"container\">\n\t\t\t\t<div class=\"elementor-element elementor-element-773233c4 elementor-widget elementor-widget-heading\" data-id=\"773233c4\" data-element_type=\"widget\" data-e-type=\"widget\" data-widget_type=\"heading.default\">\n\t\t\t\t<div class=\"elementor-widget-container\">\n\t\t\t\t\t<h3 class=\"elementor-heading-title elementor-size-default\">Para mais informa\u00e7\u00f5es, siga estes links<\/h3>\t\t\t\t<\/div>\n\t\t\t\t<\/div>\n\t\t\t\t<div class=\"elementor-element elementor-element-30636de4 elementor-nav-menu--dropdown-none elementor-widget elementor-widget-nav-menu\" data-id=\"30636de4\" data-element_type=\"widget\" data-e-type=\"widget\" data-settings=\"{&quot;layout&quot;:&quot;vertical&quot;,&quot;submenu_icon&quot;:{&quot;value&quot;:&quot;&lt;svg aria-hidden=\\&quot;true\\&quot; class=\\&quot;e-font-icon-svg e-fas-caret-down\\&quot; viewBox=\\&quot;0 0 320 512\\&quot; xmlns=\\&quot;http:\\\/\\\/www.w3.org\\\/2000\\\/svg\\&quot;&gt;&lt;path d=\\&quot;M31.3 192h257.3c17.8 0 26.7 21.5 14.1 34.1L174.1 354.8c-7.8 7.8-20.5 7.8-28.3 0L17.2 226.1C4.6 213.5 13.5 192 31.3 192z\\&quot;&gt;&lt;\\\/path&gt;&lt;\\\/svg&gt;&quot;,&quot;library&quot;:&quot;fa-solid&quot;}}\" data-widget_type=\"nav-menu.default\">\n\t\t\t\t<div class=\"elementor-widget-container\">\n\t\t\t\t\t\t\t\t<nav aria-label=\"Menu\" class=\"elementor-nav-menu--main elementor-nav-menu__container elementor-nav-menu--layout-vertical e--pointer-none\">\n\t\t\t\t<ul id=\"menu-1-30636de4\" class=\"elementor-nav-menu sm-vertical\"><li class=\"menu-item menu-item-type-post_type menu-item-object-page menu-item-6985\"><a href=\"https:\/\/cancerfertilityandme.org.uk\/adult-women\/fertility-preservation-options\/\" class=\"elementor-item\">Op\u00e7\u00f5es de preserva\u00e7\u00e3o da fertilidade<\/a><\/li>\n<li class=\"menu-item menu-item-type-post_type menu-item-object-page menu-item-6994\"><a href=\"https:\/\/cancerfertilityandme.org.uk\/adult-women\/fertility-preservation-options\/summary-of-fertility-preservation-options\/\" class=\"elementor-item\">Resumo das op\u00e7\u00f5es de preserva\u00e7\u00e3o da fertilidade<\/a><\/li>\n<li class=\"menu-item menu-item-type-post_type menu-item-object-page menu-item-6990\"><a href=\"https:\/\/cancerfertilityandme.org.uk\/adult-women\/fertility-preservation-options\/no-fertility-preservation\/\" class=\"elementor-item\">N\u00e3o preserva\u00e7\u00e3o da fertilidade<\/a><\/li>\n<li class=\"menu-item menu-item-type-post_type menu-item-object-page menu-item-6987\"><a href=\"https:\/\/cancerfertilityandme.org.uk\/adult-women\/fertility-preservation-options\/egg-freezing\/\" class=\"elementor-item\">Congelamento de ovulos<\/a><\/li>\n<li class=\"menu-item menu-item-type-post_type menu-item-object-page menu-item-6988\"><a href=\"https:\/\/cancerfertilityandme.org.uk\/adult-women\/fertility-preservation-options\/embryo-freezing\/\" class=\"elementor-item\">Congelamento de embri\u00f5es<\/a><\/li>\n<li class=\"menu-item menu-item-type-post_type menu-item-object-page menu-item-6992\"><a href=\"https:\/\/cancerfertilityandme.org.uk\/adult-women\/fertility-preservation-options\/ovarian-tissue-freezing\/\" class=\"elementor-item\">Congelamento do tecido do ov\u00e1rio<\/a><\/li>\n<li class=\"menu-item menu-item-type-post_type menu-item-object-page menu-item-6991\"><a href=\"https:\/\/cancerfertilityandme.org.uk\/adult-women\/fertility-preservation-options\/ovarian-suppression\/\" class=\"elementor-item\">Supress\u00e3o dos ov\u00e1rios<\/a><\/li>\n<li class=\"menu-item menu-item-type-post_type menu-item-object-page menu-item-6986\"><a href=\"https:\/\/cancerfertilityandme.org.uk\/adult-women\/fertility-preservation-options\/cancer-specific-fertility-sparing-options\/\" class=\"elementor-item\">Op\u00e7\u00f5es de preserva\u00e7\u00e3o da fertilidade espec\u00edficas do cancro<\/a><\/li>\n<li class=\"menu-item menu-item-type-post_type menu-item-object-page menu-item-11368\"><a href=\"https:\/\/cancerfertilityandme.org.uk\/adult-women\/fertility-preservation-options\/other-cancer-treatments\/\" class=\"elementor-item\">Outros tratamentos contra o cancro<\/a><\/li>\n<li class=\"menu-item menu-item-type-post_type menu-item-object-page menu-item-6993\"><a href=\"https:\/\/cancerfertilityandme.org.uk\/adult-women\/fertility-preservation-options\/questions-to-ask-your-cancer-fertility-care-teams\/\" class=\"elementor-item\">Perguntas a fazer \u00e0s suas equipas de cuidados oncol\u00f3gicos e de fertilidade<\/a><\/li>\n<\/ul>\t\t\t<\/nav>\n\t\t\t\t\t\t<nav class=\"elementor-nav-menu--dropdown elementor-nav-menu__container\" aria-hidden=\"true\">\n\t\t\t\t<ul id=\"menu-2-30636de4\" class=\"elementor-nav-menu sm-vertical\"><li class=\"menu-item menu-item-type-post_type menu-item-object-page menu-item-6985\"><a href=\"https:\/\/cancerfertilityandme.org.uk\/adult-women\/fertility-preservation-options\/\" class=\"elementor-item\" tabindex=\"-1\">Op\u00e7\u00f5es de preserva\u00e7\u00e3o da fertilidade<\/a><\/li>\n<li class=\"menu-item menu-item-type-post_type menu-item-object-page menu-item-6994\"><a href=\"https:\/\/cancerfertilityandme.org.uk\/adult-women\/fertility-preservation-options\/summary-of-fertility-preservation-options\/\" class=\"elementor-item\" tabindex=\"-1\">Resumo das op\u00e7\u00f5es de preserva\u00e7\u00e3o da fertilidade<\/a><\/li>\n<li class=\"menu-item menu-item-type-post_type menu-item-object-page menu-item-6990\"><a href=\"https:\/\/cancerfertilityandme.org.uk\/adult-women\/fertility-preservation-options\/no-fertility-preservation\/\" class=\"elementor-item\" tabindex=\"-1\">N\u00e3o preserva\u00e7\u00e3o da fertilidade<\/a><\/li>\n<li class=\"menu-item menu-item-type-post_type menu-item-object-page menu-item-6987\"><a href=\"https:\/\/cancerfertilityandme.org.uk\/adult-women\/fertility-preservation-options\/egg-freezing\/\" class=\"elementor-item\" tabindex=\"-1\">Congelamento de ovulos<\/a><\/li>\n<li class=\"menu-item menu-item-type-post_type menu-item-object-page menu-item-6988\"><a href=\"https:\/\/cancerfertilityandme.org.uk\/adult-women\/fertility-preservation-options\/embryo-freezing\/\" class=\"elementor-item\" tabindex=\"-1\">Congelamento de embri\u00f5es<\/a><\/li>\n<li class=\"menu-item menu-item-type-post_type menu-item-object-page menu-item-6992\"><a href=\"https:\/\/cancerfertilityandme.org.uk\/adult-women\/fertility-preservation-options\/ovarian-tissue-freezing\/\" class=\"elementor-item\" tabindex=\"-1\">Congelamento do tecido do ov\u00e1rio<\/a><\/li>\n<li class=\"menu-item menu-item-type-post_type menu-item-object-page menu-item-6991\"><a href=\"https:\/\/cancerfertilityandme.org.uk\/adult-women\/fertility-preservation-options\/ovarian-suppression\/\" class=\"elementor-item\" tabindex=\"-1\">Supress\u00e3o dos ov\u00e1rios<\/a><\/li>\n<li class=\"menu-item menu-item-type-post_type menu-item-object-page menu-item-6986\"><a href=\"https:\/\/cancerfertilityandme.org.uk\/adult-women\/fertility-preservation-options\/cancer-specific-fertility-sparing-options\/\" class=\"elementor-item\" tabindex=\"-1\">Op\u00e7\u00f5es de preserva\u00e7\u00e3o da fertilidade espec\u00edficas do cancro<\/a><\/li>\n<li class=\"menu-item menu-item-type-post_type menu-item-object-page menu-item-11368\"><a href=\"https:\/\/cancerfertilityandme.org.uk\/adult-women\/fertility-preservation-options\/other-cancer-treatments\/\" class=\"elementor-item\" tabindex=\"-1\">Outros tratamentos contra o cancro<\/a><\/li>\n<li class=\"menu-item menu-item-type-post_type menu-item-object-page menu-item-6993\"><a href=\"https:\/\/cancerfertilityandme.org.uk\/adult-women\/fertility-preservation-options\/questions-to-ask-your-cancer-fertility-care-teams\/\" class=\"elementor-item\" tabindex=\"-1\">Perguntas a fazer \u00e0s suas equipas de cuidados oncol\u00f3gicos e de fertilidade<\/a><\/li>\n<\/ul>\t\t\t<\/nav>\n\t\t\t\t\t\t<\/div>\n\t\t\t\t<\/div>\n\t\t\t\t<\/div>\n\t\t\t\t<\/div>\n\t\t\t\t\t<\/div>\n\t\t\t\t<\/main>\n\t\t\t\t<\/div>\n\t\t","protected":false},"excerpt":{"rendered":"<p>Resumo das op\u00e7\u00f5es de preserva\u00e7\u00e3o da fertilidade Sem preserva\u00e7\u00e3o da fertilidade A quem se destina? Mulheres que querem esperar para ver; j\u00e1 constitu\u00edram fam\u00edlia; precisam de come\u00e7ar imediatamente o tratamento do cancro; n\u00e3o desejam ter uma gravidez ap\u00f3s o tratamento do cancro; n\u00e3o t\u00eam op\u00e7\u00f5es de preserva\u00e7\u00e3o da fertilidade dispon\u00edveis. Probabilidade de ter um beb\u00e9 [&hellip;]<\/p>\n","protected":false},"author":1,"featured_media":0,"parent":6417,"menu_order":0,"comment_status":"closed","ping_status":"open","template":"","meta":{"footnotes":""},"class_list":["post-6419","page","type-page","status-publish","hentry"],"_links":{"self":[{"href":"https:\/\/cancerfertilityandme.org.uk\/pt-pt\/wp-json\/wp\/v2\/pages\/6419","targetHints":{"allow":["GET"]}}],"collection":[{"href":"https:\/\/cancerfertilityandme.org.uk\/pt-pt\/wp-json\/wp\/v2\/pages"}],"about":[{"href":"https:\/\/cancerfertilityandme.org.uk\/pt-pt\/wp-json\/wp\/v2\/types\/page"}],"author":[{"embeddable":true,"href":"https:\/\/cancerfertilityandme.org.uk\/pt-pt\/wp-json\/wp\/v2\/users\/1"}],"replies":[{"embeddable":true,"href":"https:\/\/cancerfertilityandme.org.uk\/pt-pt\/wp-json\/wp\/v2\/comments?post=6419"}],"version-history":[{"count":3,"href":"https:\/\/cancerfertilityandme.org.uk\/pt-pt\/wp-json\/wp\/v2\/pages\/6419\/revisions"}],"predecessor-version":[{"id":9541,"href":"https:\/\/cancerfertilityandme.org.uk\/pt-pt\/wp-json\/wp\/v2\/pages\/6419\/revisions\/9541"}],"up":[{"embeddable":true,"href":"https:\/\/cancerfertilityandme.org.uk\/pt-pt\/wp-json\/wp\/v2\/pages\/6417"}],"wp:attachment":[{"href":"https:\/\/cancerfertilityandme.org.uk\/pt-pt\/wp-json\/wp\/v2\/media?parent=6419"}],"curies":[{"name":"wp","href":"https:\/\/api.w.org\/{rel}","templated":true}]}}