{"id":6407,"date":"2018-11-07T09:37:51","date_gmt":"2018-11-07T09:37:51","guid":{"rendered":"https:\/\/cancerfertilityandme.org.uk\/cirurgia\/"},"modified":"2025-11-17T10:56:26","modified_gmt":"2025-11-17T10:56:26","slug":"cirurgia","status":"publish","type":"page","link":"https:\/\/cancerfertilityandme.org.uk\/pt-pt\/mulheres-adultas\/cancro-fertilidade-e-o-sistema-reprodutivo\/cirurgia\/","title":{"rendered":"Cirurgia"},"content":{"rendered":"\t\t<div data-elementor-type=\"wp-page\" data-elementor-id=\"6407\" class=\"elementor elementor-6407 elementor-5407\" data-elementor-post-type=\"page\">\n\t\t\t\t<main class=\"elementor-element elementor-element-2f18bb00 e-flex e-con-boxed e-con e-parent\" data-id=\"2f18bb00\" data-element_type=\"container\" data-e-type=\"container\">\n\t\t\t\t\t<div class=\"e-con-inner\">\n\t\t<div class=\"elementor-element elementor-element-169562a4 e-con-full e-flex e-con e-child\" data-id=\"169562a4\" data-element_type=\"container\" data-e-type=\"container\">\n\t\t\t\t<div class=\"elementor-element elementor-element-622fe5e9 elementor-widget elementor-widget-text-editor\" data-id=\"622fe5e9\" data-element_type=\"widget\" data-e-type=\"widget\" data-widget_type=\"text-editor.default\">\n\t\t\t\t<div class=\"elementor-widget-container\">\n\t\t\t\t\t\t\t\t\t<h2>Cirurgia<\/h2><p>Cirurgia funciona retirando o cancro do corpo durante uma opera\u00e7\u00e3o. Por vezes, retirar o cancro significa retirar a parte do corpo em que o cancro cresceu. As mulheres que necessitam de cirurgia para tratar um cancro que afecta os ov\u00e1rios, o colo do \u00fatero ou o \u00fatero podem ter problemas de fertilidade. O efeito da opera\u00e7\u00e3o na fertilidade depende do tipo de cancro que tem.   <\/p><ul><li>Algumas interven\u00e7\u00f5es cir\u00fargicas no abd\u00f3men podem causar cicatrizes nas trompas de Fal\u00f3pio. Isto pode bloquear a desloca\u00e7\u00e3o dos \u00f3vulos ao encontro dos espermatoz\u00f3ides. <\/li><li>A remo\u00e7\u00e3o do \u00fatero durante uma histerectomia faz com que a mulher n\u00e3o possa ter um filho.<\/li><li>Se os ov\u00e1rios forem removidos cirurgicamente (ooforectomia), a mulher n\u00e3o pode engravidar com os seus pr\u00f3prios \u00f3vulos (a n\u00e3o ser que o tecido ov\u00e1rico seja congelado no momento da cirurgia).<\/li><li>Alguns \u00f3rg\u00e3os reprodutores femininos podem ser removidos durante a cirurgia. A cirurgia \u00e9 feita para tratar outros cancros abdominais, como o cancro da bexiga, que pode espalhar-se no abd\u00f3men. <\/li><li>A cirurgia ao c\u00e9rebro para tratar tumores cerebrais pode causar danos na gl\u00e2ndula pituit\u00e1ria. A hip\u00f3fise produz as hormonas envolvidas na produ\u00e7\u00e3o de ovulos. As mulheres cuja hip\u00f3fise est\u00e1 danificada podem n\u00e3o ser capazes de emitir os sinais necess\u00e1rios para utilizar os \u00f3vulos que permanecem no ov\u00e1rio.  <\/li><\/ul>\t\t\t\t\t\t\t\t<\/div>\n\t\t\t\t<\/div>\n\t\t<div class=\"elementor-element elementor-element-54140867 e-con-full e-flex e-con e-child\" data-id=\"54140867\" data-element_type=\"container\" data-e-type=\"container\" data-settings=\"{&quot;background_background&quot;:&quot;classic&quot;}\">\n\t\t\t\t<div class=\"elementor-element elementor-element-172bd558 elementor-widget elementor-widget-text-editor\" data-id=\"172bd558\" data-element_type=\"widget\" data-e-type=\"widget\" data-widget_type=\"text-editor.default\">\n\t\t\t\t<div class=\"elementor-widget-container\">\n\t\t\t\t\t\t\t\t\t<h3>Os tratamentos contra o cancro podem afectar a fertilidade:<\/h3><ul><li>Danificar ou diminuir o n\u00famero de \u00f3vulos armazenados nos ov\u00e1rios.<\/li><li>Danificar uma parte do corpo que controla as hormonas da fertilidade.<\/li><li>Remover ou danificar uma parte do sistema reprodutor feminino.<\/li><\/ul><p>As formas como os tratamentos contra o cancro afectam a fertilidade dependem do tipo de cancro e do tratamento que pode fazer.<\/p><p>Nem todas as mulheres que t\u00eam tratamento para o cancro ter\u00e3o um problema de fertilidade no futuro.<\/p>\t\t\t\t\t\t\t\t<\/div>\n\t\t\t\t<\/div>\n\t\t\t\t<\/div>\n\t\t\t\t<\/div>\n\t\t<div class=\"elementor-element elementor-element-5bba24de e-con-full e-flex e-con e-child\" data-id=\"5bba24de\" data-element_type=\"container\" data-e-type=\"container\">\n\t\t<div class=\"elementor-element elementor-element-762d57fc e-con-full e-flex e-con e-child\" data-id=\"762d57fc\" data-element_type=\"container\" data-e-type=\"container\">\n\t\t\t\t<div class=\"elementor-element elementor-element-24f9cf11 elementor-widget elementor-widget-image\" data-id=\"24f9cf11\" data-element_type=\"widget\" data-e-type=\"widget\" data-widget_type=\"image.default\">\n\t\t\t\t<div class=\"elementor-widget-container\">\n\t\t\t\t\t\t\t\t\t\t\t\t\t\t\t\t<a href=\"http:\/\/.\/\">\n\t\t\t\t\t\t\t<img fetchpriority=\"high\" decoding=\"async\" width=\"400\" height=\"440\" src=\"https:\/\/cancerfertilityandme.org.uk\/wp-content\/uploads\/cancerfertilityandme-logo-column-adult-women.png\" class=\"attachment-full size-full wp-image-2284\" alt=\"\" srcset=\"https:\/\/cancerfertilityandme.org.uk\/wp-content\/uploads\/cancerfertilityandme-logo-column-adult-women.png 400w, https:\/\/cancerfertilityandme.org.uk\/wp-content\/uploads\/cancerfertilityandme-logo-column-adult-women-273x300.png 273w\" sizes=\"(max-width: 400px) 100vw, 400px\" \/>\t\t\t\t\t\t\t\t<\/a>\n\t\t\t\t\t\t\t\t\t\t\t\t\t\t\t<\/div>\n\t\t\t\t<\/div>\n\t\t\t\t<\/div>\n\t\t<div class=\"elementor-element elementor-element-374c639d e-con-full e-flex e-con e-child\" data-id=\"374c639d\" data-element_type=\"container\" data-e-type=\"container\">\n\t\t\t\t<div class=\"elementor-element elementor-element-522ba385 elementor-widget elementor-widget-heading\" data-id=\"522ba385\" data-element_type=\"widget\" data-e-type=\"widget\" data-widget_type=\"heading.default\">\n\t\t\t\t<div class=\"elementor-widget-container\">\n\t\t\t\t\t<h3 class=\"elementor-heading-title elementor-size-default\">Para mais informa\u00e7\u00f5es, siga estes links<\/h3>\t\t\t\t<\/div>\n\t\t\t\t<\/div>\n\t\t\t\t<div class=\"elementor-element elementor-element-56254ad elementor-nav-menu--dropdown-none elementor-widget elementor-widget-nav-menu\" data-id=\"56254ad\" data-element_type=\"widget\" data-e-type=\"widget\" data-settings=\"{&quot;layout&quot;:&quot;vertical&quot;,&quot;submenu_icon&quot;:{&quot;value&quot;:&quot;&lt;svg aria-hidden=\\&quot;true\\&quot; class=\\&quot;e-font-icon-svg e-fas-caret-down\\&quot; viewBox=\\&quot;0 0 320 512\\&quot; xmlns=\\&quot;http:\\\/\\\/www.w3.org\\\/2000\\\/svg\\&quot;&gt;&lt;path d=\\&quot;M31.3 192h257.3c17.8 0 26.7 21.5 14.1 34.1L174.1 354.8c-7.8 7.8-20.5 7.8-28.3 0L17.2 226.1C4.6 213.5 13.5 192 31.3 192z\\&quot;&gt;&lt;\\\/path&gt;&lt;\\\/svg&gt;&quot;,&quot;library&quot;:&quot;fa-solid&quot;}}\" data-widget_type=\"nav-menu.default\">\n\t\t\t\t<div class=\"elementor-widget-container\">\n\t\t\t\t\t\t\t\t<nav aria-label=\"Menu\" class=\"elementor-nav-menu--main elementor-nav-menu__container elementor-nav-menu--layout-vertical e--pointer-none\">\n\t\t\t\t<ul id=\"menu-1-56254ad\" class=\"elementor-nav-menu sm-vertical\"><li class=\"menu-item menu-item-type-post_type menu-item-object-page menu-item-6859\"><a href=\"https:\/\/cancerfertilityandme.org.uk\/adult-women\/cancer-fertility-and-the-reproductive-system\/\" class=\"elementor-item\">Cancro, fertilidade e o sistema reprodutivo<\/a><\/li>\n<li class=\"menu-item menu-item-type-post_type menu-item-object-page menu-item-6853\"><a href=\"https:\/\/cancerfertilityandme.org.uk\/adult-women\/cancer-fertility-and-the-reproductive-system\/how-cancer-treatments-affect-fertility\/\" class=\"elementor-item\">Como os tratamentos contra o cancro afectam a fertilidade<\/a><\/li>\n<li class=\"menu-item menu-item-type-post_type menu-item-object-page menu-item-6851\"><a href=\"https:\/\/cancerfertilityandme.org.uk\/adult-women\/cancer-fertility-and-the-reproductive-system\/chemotherapy\/\" class=\"elementor-item\">Chemotherapy<\/a><\/li>\n<li class=\"menu-item menu-item-type-post_type menu-item-object-page menu-item-6856\"><a href=\"https:\/\/cancerfertilityandme.org.uk\/adult-women\/cancer-fertility-and-the-reproductive-system\/radiotherapy\/\" class=\"elementor-item\">Radiotherapy<\/a><\/li>\n<li class=\"menu-item menu-item-type-post_type menu-item-object-page menu-item-6857\"><a href=\"https:\/\/cancerfertilityandme.org.uk\/adult-women\/cancer-fertility-and-the-reproductive-system\/surgery\/\" class=\"elementor-item\">Cirurgia<\/a><\/li>\n<li class=\"menu-item menu-item-type-post_type menu-item-object-page menu-item-6852\"><a href=\"https:\/\/cancerfertilityandme.org.uk\/adult-women\/cancer-fertility-and-the-reproductive-system\/hormone-therapy\/\" class=\"elementor-item\">Terapia hormonal<\/a><\/li>\n<li class=\"menu-item menu-item-type-post_type menu-item-object-page menu-item-6858\"><a href=\"https:\/\/cancerfertilityandme.org.uk\/adult-women\/cancer-fertility-and-the-reproductive-system\/targeted-drug-therapies\/\" class=\"elementor-item\">Terapias medicamentosas direccionadas<\/a><\/li>\n<li class=\"menu-item menu-item-type-post_type menu-item-object-page menu-item-6855\"><a href=\"https:\/\/cancerfertilityandme.org.uk\/adult-women\/cancer-fertility-and-the-reproductive-system\/questions-to-ask\/\" class=\"elementor-item\">Perguntas a fazer<\/a><\/li>\n<\/ul>\t\t\t<\/nav>\n\t\t\t\t\t\t<nav class=\"elementor-nav-menu--dropdown elementor-nav-menu__container\" aria-hidden=\"true\">\n\t\t\t\t<ul id=\"menu-2-56254ad\" class=\"elementor-nav-menu sm-vertical\"><li class=\"menu-item menu-item-type-post_type menu-item-object-page menu-item-6859\"><a href=\"https:\/\/cancerfertilityandme.org.uk\/adult-women\/cancer-fertility-and-the-reproductive-system\/\" class=\"elementor-item\" tabindex=\"-1\">Cancro, fertilidade e o sistema reprodutivo<\/a><\/li>\n<li class=\"menu-item menu-item-type-post_type menu-item-object-page menu-item-6853\"><a href=\"https:\/\/cancerfertilityandme.org.uk\/adult-women\/cancer-fertility-and-the-reproductive-system\/how-cancer-treatments-affect-fertility\/\" class=\"elementor-item\" tabindex=\"-1\">Como os tratamentos contra o cancro afectam a fertilidade<\/a><\/li>\n<li class=\"menu-item menu-item-type-post_type menu-item-object-page menu-item-6851\"><a href=\"https:\/\/cancerfertilityandme.org.uk\/adult-women\/cancer-fertility-and-the-reproductive-system\/chemotherapy\/\" class=\"elementor-item\" tabindex=\"-1\">Chemotherapy<\/a><\/li>\n<li class=\"menu-item menu-item-type-post_type menu-item-object-page menu-item-6856\"><a href=\"https:\/\/cancerfertilityandme.org.uk\/adult-women\/cancer-fertility-and-the-reproductive-system\/radiotherapy\/\" class=\"elementor-item\" tabindex=\"-1\">Radiotherapy<\/a><\/li>\n<li class=\"menu-item menu-item-type-post_type menu-item-object-page menu-item-6857\"><a href=\"https:\/\/cancerfertilityandme.org.uk\/adult-women\/cancer-fertility-and-the-reproductive-system\/surgery\/\" class=\"elementor-item\" tabindex=\"-1\">Cirurgia<\/a><\/li>\n<li class=\"menu-item menu-item-type-post_type menu-item-object-page menu-item-6852\"><a href=\"https:\/\/cancerfertilityandme.org.uk\/adult-women\/cancer-fertility-and-the-reproductive-system\/hormone-therapy\/\" class=\"elementor-item\" tabindex=\"-1\">Terapia hormonal<\/a><\/li>\n<li class=\"menu-item menu-item-type-post_type menu-item-object-page menu-item-6858\"><a href=\"https:\/\/cancerfertilityandme.org.uk\/adult-women\/cancer-fertility-and-the-reproductive-system\/targeted-drug-therapies\/\" class=\"elementor-item\" tabindex=\"-1\">Terapias medicamentosas direccionadas<\/a><\/li>\n<li class=\"menu-item menu-item-type-post_type menu-item-object-page menu-item-6855\"><a href=\"https:\/\/cancerfertilityandme.org.uk\/adult-women\/cancer-fertility-and-the-reproductive-system\/questions-to-ask\/\" class=\"elementor-item\" tabindex=\"-1\">Perguntas a fazer<\/a><\/li>\n<\/ul>\t\t\t<\/nav>\n\t\t\t\t\t\t<\/div>\n\t\t\t\t<\/div>\n\t\t\t\t<\/div>\n\t\t\t\t<\/div>\n\t\t\t\t\t<\/div>\n\t\t\t\t<\/main>\n\t\t\t\t<\/div>\n\t\t","protected":false},"excerpt":{"rendered":"<p>Cirurgia Cirurgia funciona retirando o cancro do corpo durante uma opera\u00e7\u00e3o. Por vezes, retirar o cancro significa retirar a parte do corpo em que o cancro cresceu. As mulheres que necessitam de cirurgia para tratar um cancro que afecta os ov\u00e1rios, o colo do \u00fatero ou o \u00fatero podem ter problemas de fertilidade. O efeito [&hellip;]<\/p>\n","protected":false},"author":1,"featured_media":0,"parent":6383,"menu_order":0,"comment_status":"closed","ping_status":"open","template":"","meta":{"footnotes":""},"class_list":["post-6407","page","type-page","status-publish","hentry"],"_links":{"self":[{"href":"https:\/\/cancerfertilityandme.org.uk\/pt-pt\/wp-json\/wp\/v2\/pages\/6407","targetHints":{"allow":["GET"]}}],"collection":[{"href":"https:\/\/cancerfertilityandme.org.uk\/pt-pt\/wp-json\/wp\/v2\/pages"}],"about":[{"href":"https:\/\/cancerfertilityandme.org.uk\/pt-pt\/wp-json\/wp\/v2\/types\/page"}],"author":[{"embeddable":true,"href":"https:\/\/cancerfertilityandme.org.uk\/pt-pt\/wp-json\/wp\/v2\/users\/1"}],"replies":[{"embeddable":true,"href":"https:\/\/cancerfertilityandme.org.uk\/pt-pt\/wp-json\/wp\/v2\/comments?post=6407"}],"version-history":[{"count":3,"href":"https:\/\/cancerfertilityandme.org.uk\/pt-pt\/wp-json\/wp\/v2\/pages\/6407\/revisions"}],"predecessor-version":[{"id":9412,"href":"https:\/\/cancerfertilityandme.org.uk\/pt-pt\/wp-json\/wp\/v2\/pages\/6407\/revisions\/9412"}],"up":[{"embeddable":true,"href":"https:\/\/cancerfertilityandme.org.uk\/pt-pt\/wp-json\/wp\/v2\/pages\/6383"}],"wp:attachment":[{"href":"https:\/\/cancerfertilityandme.org.uk\/pt-pt\/wp-json\/wp\/v2\/media?parent=6407"}],"curies":[{"name":"wp","href":"https:\/\/api.w.org\/{rel}","templated":true}]}}