{"id":6393,"date":"2018-11-07T09:36:40","date_gmt":"2018-11-07T09:36:40","guid":{"rendered":"https:\/\/cancerfertilityandme.org.uk\/como-os-tratamentos-de-cancro-afectam-a-fertilidade\/"},"modified":"2026-03-03T16:07:25","modified_gmt":"2026-03-03T16:07:25","slug":"como-os-tratamentos-de-cancro-afectam-a-fertilidade","status":"publish","type":"page","link":"https:\/\/cancerfertilityandme.org.uk\/pt-pt\/mulheres-adultas\/cancro-fertilidade-e-o-sistema-reprodutivo\/como-os-tratamentos-de-cancro-afectam-a-fertilidade\/","title":{"rendered":"Como os tratamentos contra o cancro afectam a fertilidade"},"content":{"rendered":"\t\t<div data-elementor-type=\"wp-page\" data-elementor-id=\"6393\" class=\"elementor elementor-6393 elementor-5393\" data-elementor-post-type=\"page\">\n\t\t\t\t<main class=\"elementor-element elementor-element-78156deb e-flex e-con-boxed e-con e-parent\" data-id=\"78156deb\" data-element_type=\"container\" data-e-type=\"container\">\n\t\t\t\t\t<div class=\"e-con-inner\">\n\t\t<div class=\"elementor-element elementor-element-4290a5d9 e-con-full e-flex e-con e-child\" data-id=\"4290a5d9\" data-element_type=\"container\" data-e-type=\"container\">\n\t\t\t\t<div class=\"elementor-element elementor-element-62c0ba8d elementor-widget elementor-widget-text-editor\" data-id=\"62c0ba8d\" data-element_type=\"widget\" data-e-type=\"widget\" data-widget_type=\"text-editor.default\">\n\t\t\t\t<div class=\"elementor-widget-container\">\n\t\t\t\t\t\t\t\t\t<h2>Como os tratamentos contra o cancro afectam a fertilidade<\/h2><p>A chance de uma mulher ter um problema de fertilidade, devido ao seu tratamento contra o cancro depende de muitas coisas.<\/p><p>Estes incluem a sua idade, fertilidade e sa\u00fade antes do cancro, o tipo de cancro e o tipo de tratamento de cancro que ela tem.<\/p><p>Devido a muitos fatores que podem afectar a fertilidade, \u00e9 dif\u00edcil saber ao certo como a fertilidade de uma mulher ser\u00e1 afectada. Nem todas as mulheres que t\u00eam tratamento para o cancro ter\u00e3o um problema de fertilidade no futuro. \u00c9 dif\u00edcil saber se o problema de fertilidade ser\u00e1 duradouro at\u00e9 que o tratamento do cancro tenha sido conclu\u00eddo.  Tamb\u00e9m n\u00e3o podemos saber ao certo quanto tempo a mulher ficar\u00e1 f\u00e9rtil ap\u00f3s o tratamento do cancro. <\/p><p>Por estas raz\u00f5es, queira falar sobre as chances de futuros problemas de fertilidade com a sua equipa de cuidados (tratamento) de cancro e a equipa de cuidados de fertilidade, antes de iniciar o seu tratamento de cancro.<\/p><p>Tanto a equipa de cuidados de cancro como a equipa de cuidados de fertilidade conversam com as mulheres sobre o seu tipo de cancro, tratamento de cancro e hist\u00f3ria pessoal. Eles tentam descobrir como o tratamento do cancro pode ter impacto sobre a sua fertilidade. <\/p><p>Os principais tipos de tratamentos de cancro s\u00e3o a quimioterapia, radioterapia, cirurgia, terapia hormonal e terapia direccionada e todos eles funcionam de diferentes formas. Ter\u00e1 de perguntar \u00e0 sua equipa de tratamento do cancro quais s\u00e3o as chances de infertilidade com cada op\u00e7\u00e3o de tratamento do cancro que lhe \u00e9 oferecida. <\/p><p><b>O gr\u00e1fico abaixo<\/b> mostra como o tratamento do cancro pode afectar a fertilidade. Mostra como o n\u00famero de \u00f3vulos que uma mulher tem (a sua reserva ovariana) pode ser reduzido ap\u00f3s o tratamento do cancro. A \u00e1rea sombreada no gr\u00e1fico mostra que a fertilidade de uma mulher pode ser afectada dependendo da sua idade e do tratamento de cancro que lhe foi dado.  <\/p><p>A fertilidade da mulher pode cair em qualquer lugar dentro da \u00e1rea sombreada. Fale com a sua equipa de tratamento do cancro para saber mais sobre como o tratamento do cancro e a sua idade podem afectar a fertilidade para si. <\/p>\t\t\t\t\t\t\t\t<\/div>\n\t\t\t\t<\/div>\n\t\t\t\t<div class=\"elementor-element elementor-element-0be0d05 elementor-widget elementor-widget-image\" data-id=\"0be0d05\" data-element_type=\"widget\" data-e-type=\"widget\" data-widget_type=\"image.default\">\n\t\t\t\t<div class=\"elementor-widget-container\">\n\t\t\t\t\t\t\t\t\t\t\t\t\t\t\t<img fetchpriority=\"high\" decoding=\"async\" width=\"800\" height=\"319\" src=\"https:\/\/cancerfertilityandme.org.uk\/wp-content\/uploads\/PT-01-2-1024x408.png\" class=\"attachment-large size-large wp-image-10888\" alt=\"cancer treatment affects on fertility\" srcset=\"https:\/\/cancerfertilityandme.org.uk\/wp-content\/uploads\/PT-01-2-1024x408.png 1024w, https:\/\/cancerfertilityandme.org.uk\/wp-content\/uploads\/PT-01-2-300x120.png 300w, https:\/\/cancerfertilityandme.org.uk\/wp-content\/uploads\/PT-01-2-768x306.png 768w, https:\/\/cancerfertilityandme.org.uk\/wp-content\/uploads\/PT-01-2.png 1301w\" sizes=\"(max-width: 800px) 100vw, 800px\" \/>\t\t\t\t\t\t\t\t\t\t\t\t\t\t\t<\/div>\n\t\t\t\t<\/div>\n\t\t\t\t<div class=\"elementor-element elementor-element-aaf87e5 elementor-widget elementor-widget-text-editor\" data-id=\"aaf87e5\" data-element_type=\"widget\" data-e-type=\"widget\" data-widget_type=\"text-editor.default\">\n\t\t\t\t<div class=\"elementor-widget-container\">\n\t\t\t\t\t\t\t\t\t<p>Durante o seu tratamento de cancro, pode descobrir que os seus per\u00edodos param ou se tornam irregulares. Estas mudan\u00e7as podem ser tempor\u00e1rias ou permanentes. <\/p><p><strong>Tempor\u00e1rio<\/strong>: Se as altera\u00e7\u00f5es do ciclo menstrual forem tempor\u00e1rias, ent\u00e3o os seus per\u00edodos voltar\u00e3o ap\u00f3s o tratamento do cancro. Isto pode acontecer dentro de alguns meses ou pode demorar at\u00e9 um ano ou mais. Quanto mais jovem for, quando tiver o tratamento de quimioterapia, e se tiver menos de 35 anos, mais prov\u00e1vel \u00e9 que os seus per\u00edodos regressem. O n\u00famero de anos que voc\u00ea \u00e9 f\u00e9rtil pode ser menor. Mesmo que os seus per\u00edodos voltem, isto nem sempre significa que voc\u00ea ser\u00e1 capaz de engravidar.    <\/p><p><strong>Permanente<\/strong>: Se as altera\u00e7\u00f5es do ciclo menstrual forem permanentes, isto significa que os seus per\u00edodos n\u00e3o voltar\u00e3o ap\u00f3s o tratamento do cancro, e a menopausa come\u00e7a. As mulheres com mais de 35 anos s\u00e3o mais propensas a serem inf\u00e9rteis ap\u00f3s o seu tratamento do cancro. <\/p><p>Se os seus per\u00edodos pararem durante o tratamento do cancro, voc\u00ea ainda pode engravidar. No entanto, \u00e9 fortemente aconselhado a n\u00e3o faz\u00ea-lo. <\/p>\t\t\t\t\t\t\t\t<\/div>\n\t\t\t\t<\/div>\n\t\t\t\t<\/div>\n\t\t<div class=\"elementor-element elementor-element-1eca450f e-con-full e-flex e-con e-child\" data-id=\"1eca450f\" data-element_type=\"container\" data-e-type=\"container\">\n\t\t<div class=\"elementor-element elementor-element-48025207 e-con-full e-flex e-con e-child\" data-id=\"48025207\" data-element_type=\"container\" data-e-type=\"container\">\n\t\t\t\t<div class=\"elementor-element elementor-element-214191e5 elementor-widget elementor-widget-image\" data-id=\"214191e5\" data-element_type=\"widget\" data-e-type=\"widget\" data-widget_type=\"image.default\">\n\t\t\t\t<div class=\"elementor-widget-container\">\n\t\t\t\t\t\t\t\t\t\t\t\t\t\t\t\t<a href=\"http:\/\/.\/\">\n\t\t\t\t\t\t\t<img decoding=\"async\" width=\"400\" height=\"440\" src=\"https:\/\/cancerfertilityandme.org.uk\/wp-content\/uploads\/cancerfertilityandme-logo-column-adult-women.png\" class=\"attachment-full size-full wp-image-2284\" alt=\"\" srcset=\"https:\/\/cancerfertilityandme.org.uk\/wp-content\/uploads\/cancerfertilityandme-logo-column-adult-women.png 400w, https:\/\/cancerfertilityandme.org.uk\/wp-content\/uploads\/cancerfertilityandme-logo-column-adult-women-273x300.png 273w\" sizes=\"(max-width: 400px) 100vw, 400px\" \/>\t\t\t\t\t\t\t\t<\/a>\n\t\t\t\t\t\t\t\t\t\t\t\t\t\t\t<\/div>\n\t\t\t\t<\/div>\n\t\t\t\t<\/div>\n\t\t<div class=\"elementor-element elementor-element-214bcecf e-con-full e-flex e-con e-child\" data-id=\"214bcecf\" data-element_type=\"container\" data-e-type=\"container\">\n\t\t\t\t<div class=\"elementor-element elementor-element-43339a39 elementor-widget elementor-widget-heading\" data-id=\"43339a39\" data-element_type=\"widget\" data-e-type=\"widget\" data-widget_type=\"heading.default\">\n\t\t\t\t<div class=\"elementor-widget-container\">\n\t\t\t\t\t<h3 class=\"elementor-heading-title elementor-size-default\">Para mais informa\u00e7\u00f5es, siga estes links<\/h3>\t\t\t\t<\/div>\n\t\t\t\t<\/div>\n\t\t\t\t<div class=\"elementor-element elementor-element-6ae8ee76 elementor-nav-menu--dropdown-none elementor-widget elementor-widget-nav-menu\" data-id=\"6ae8ee76\" data-element_type=\"widget\" data-e-type=\"widget\" data-settings=\"{&quot;layout&quot;:&quot;vertical&quot;,&quot;submenu_icon&quot;:{&quot;value&quot;:&quot;&lt;svg aria-hidden=\\&quot;true\\&quot; class=\\&quot;e-font-icon-svg e-fas-caret-down\\&quot; viewBox=\\&quot;0 0 320 512\\&quot; xmlns=\\&quot;http:\\\/\\\/www.w3.org\\\/2000\\\/svg\\&quot;&gt;&lt;path d=\\&quot;M31.3 192h257.3c17.8 0 26.7 21.5 14.1 34.1L174.1 354.8c-7.8 7.8-20.5 7.8-28.3 0L17.2 226.1C4.6 213.5 13.5 192 31.3 192z\\&quot;&gt;&lt;\\\/path&gt;&lt;\\\/svg&gt;&quot;,&quot;library&quot;:&quot;fa-solid&quot;}}\" data-widget_type=\"nav-menu.default\">\n\t\t\t\t<div class=\"elementor-widget-container\">\n\t\t\t\t\t\t\t\t<nav aria-label=\"Menu\" class=\"elementor-nav-menu--main elementor-nav-menu__container elementor-nav-menu--layout-vertical e--pointer-none\">\n\t\t\t\t<ul id=\"menu-1-6ae8ee76\" class=\"elementor-nav-menu sm-vertical\"><li class=\"menu-item menu-item-type-post_type menu-item-object-page menu-item-6859\"><a href=\"https:\/\/cancerfertilityandme.org.uk\/adult-women\/cancer-fertility-and-the-reproductive-system\/\" class=\"elementor-item\">Cancro, fertilidade e o sistema reprodutivo<\/a><\/li>\n<li class=\"menu-item menu-item-type-post_type menu-item-object-page menu-item-6853\"><a href=\"https:\/\/cancerfertilityandme.org.uk\/adult-women\/cancer-fertility-and-the-reproductive-system\/how-cancer-treatments-affect-fertility\/\" class=\"elementor-item\">Como os tratamentos contra o cancro afectam a fertilidade<\/a><\/li>\n<li class=\"menu-item menu-item-type-post_type menu-item-object-page menu-item-6851\"><a href=\"https:\/\/cancerfertilityandme.org.uk\/adult-women\/cancer-fertility-and-the-reproductive-system\/chemotherapy\/\" class=\"elementor-item\">Chemotherapy<\/a><\/li>\n<li class=\"menu-item menu-item-type-post_type menu-item-object-page menu-item-6856\"><a href=\"https:\/\/cancerfertilityandme.org.uk\/adult-women\/cancer-fertility-and-the-reproductive-system\/radiotherapy\/\" class=\"elementor-item\">Radiotherapy<\/a><\/li>\n<li class=\"menu-item menu-item-type-post_type menu-item-object-page menu-item-6857\"><a href=\"https:\/\/cancerfertilityandme.org.uk\/adult-women\/cancer-fertility-and-the-reproductive-system\/surgery\/\" class=\"elementor-item\">Cirurgia<\/a><\/li>\n<li class=\"menu-item menu-item-type-post_type menu-item-object-page menu-item-6852\"><a href=\"https:\/\/cancerfertilityandme.org.uk\/adult-women\/cancer-fertility-and-the-reproductive-system\/hormone-therapy\/\" class=\"elementor-item\">Terapia hormonal<\/a><\/li>\n<li class=\"menu-item menu-item-type-post_type menu-item-object-page menu-item-6858\"><a href=\"https:\/\/cancerfertilityandme.org.uk\/adult-women\/cancer-fertility-and-the-reproductive-system\/targeted-drug-therapies\/\" class=\"elementor-item\">Terapias medicamentosas direccionadas<\/a><\/li>\n<li class=\"menu-item menu-item-type-post_type menu-item-object-page menu-item-6855\"><a href=\"https:\/\/cancerfertilityandme.org.uk\/adult-women\/cancer-fertility-and-the-reproductive-system\/questions-to-ask\/\" class=\"elementor-item\">Perguntas a fazer<\/a><\/li>\n<\/ul>\t\t\t<\/nav>\n\t\t\t\t\t\t<nav class=\"elementor-nav-menu--dropdown elementor-nav-menu__container\" aria-hidden=\"true\">\n\t\t\t\t<ul id=\"menu-2-6ae8ee76\" class=\"elementor-nav-menu sm-vertical\"><li class=\"menu-item menu-item-type-post_type menu-item-object-page menu-item-6859\"><a href=\"https:\/\/cancerfertilityandme.org.uk\/adult-women\/cancer-fertility-and-the-reproductive-system\/\" class=\"elementor-item\" tabindex=\"-1\">Cancro, fertilidade e o sistema reprodutivo<\/a><\/li>\n<li class=\"menu-item menu-item-type-post_type menu-item-object-page menu-item-6853\"><a href=\"https:\/\/cancerfertilityandme.org.uk\/adult-women\/cancer-fertility-and-the-reproductive-system\/how-cancer-treatments-affect-fertility\/\" class=\"elementor-item\" tabindex=\"-1\">Como os tratamentos contra o cancro afectam a fertilidade<\/a><\/li>\n<li class=\"menu-item menu-item-type-post_type menu-item-object-page menu-item-6851\"><a href=\"https:\/\/cancerfertilityandme.org.uk\/adult-women\/cancer-fertility-and-the-reproductive-system\/chemotherapy\/\" class=\"elementor-item\" tabindex=\"-1\">Chemotherapy<\/a><\/li>\n<li class=\"menu-item menu-item-type-post_type menu-item-object-page menu-item-6856\"><a href=\"https:\/\/cancerfertilityandme.org.uk\/adult-women\/cancer-fertility-and-the-reproductive-system\/radiotherapy\/\" class=\"elementor-item\" tabindex=\"-1\">Radiotherapy<\/a><\/li>\n<li class=\"menu-item menu-item-type-post_type menu-item-object-page menu-item-6857\"><a href=\"https:\/\/cancerfertilityandme.org.uk\/adult-women\/cancer-fertility-and-the-reproductive-system\/surgery\/\" class=\"elementor-item\" tabindex=\"-1\">Cirurgia<\/a><\/li>\n<li class=\"menu-item menu-item-type-post_type menu-item-object-page menu-item-6852\"><a href=\"https:\/\/cancerfertilityandme.org.uk\/adult-women\/cancer-fertility-and-the-reproductive-system\/hormone-therapy\/\" class=\"elementor-item\" tabindex=\"-1\">Terapia hormonal<\/a><\/li>\n<li class=\"menu-item menu-item-type-post_type menu-item-object-page menu-item-6858\"><a href=\"https:\/\/cancerfertilityandme.org.uk\/adult-women\/cancer-fertility-and-the-reproductive-system\/targeted-drug-therapies\/\" class=\"elementor-item\" tabindex=\"-1\">Terapias medicamentosas direccionadas<\/a><\/li>\n<li class=\"menu-item menu-item-type-post_type menu-item-object-page menu-item-6855\"><a href=\"https:\/\/cancerfertilityandme.org.uk\/adult-women\/cancer-fertility-and-the-reproductive-system\/questions-to-ask\/\" class=\"elementor-item\" tabindex=\"-1\">Perguntas a fazer<\/a><\/li>\n<\/ul>\t\t\t<\/nav>\n\t\t\t\t\t\t<\/div>\n\t\t\t\t<\/div>\n\t\t\t\t<\/div>\n\t\t\t\t<\/div>\n\t\t\t\t\t<\/div>\n\t\t\t\t<\/main>\n\t\t\t\t<\/div>\n\t\t","protected":false},"excerpt":{"rendered":"<p>Como os tratamentos contra o cancro afectam a fertilidade A chance de uma mulher ter um problema de fertilidade, devido ao seu tratamento contra o cancro depende de muitas coisas. Estes incluem a sua idade, fertilidade e sa\u00fade antes do cancro, o tipo de cancro e o tipo de tratamento de cancro que ela tem. [&hellip;]<\/p>\n","protected":false},"author":1,"featured_media":10888,"parent":6383,"menu_order":0,"comment_status":"closed","ping_status":"open","template":"","meta":{"footnotes":""},"class_list":["post-6393","page","type-page","status-publish","has-post-thumbnail","hentry"],"_links":{"self":[{"href":"https:\/\/cancerfertilityandme.org.uk\/pt-pt\/wp-json\/wp\/v2\/pages\/6393","targetHints":{"allow":["GET"]}}],"collection":[{"href":"https:\/\/cancerfertilityandme.org.uk\/pt-pt\/wp-json\/wp\/v2\/pages"}],"about":[{"href":"https:\/\/cancerfertilityandme.org.uk\/pt-pt\/wp-json\/wp\/v2\/types\/page"}],"author":[{"embeddable":true,"href":"https:\/\/cancerfertilityandme.org.uk\/pt-pt\/wp-json\/wp\/v2\/users\/1"}],"replies":[{"embeddable":true,"href":"https:\/\/cancerfertilityandme.org.uk\/pt-pt\/wp-json\/wp\/v2\/comments?post=6393"}],"version-history":[{"count":6,"href":"https:\/\/cancerfertilityandme.org.uk\/pt-pt\/wp-json\/wp\/v2\/pages\/6393\/revisions"}],"predecessor-version":[{"id":10898,"href":"https:\/\/cancerfertilityandme.org.uk\/pt-pt\/wp-json\/wp\/v2\/pages\/6393\/revisions\/10898"}],"up":[{"embeddable":true,"href":"https:\/\/cancerfertilityandme.org.uk\/pt-pt\/wp-json\/wp\/v2\/pages\/6383"}],"wp:featuredmedia":[{"embeddable":true,"href":"https:\/\/cancerfertilityandme.org.uk\/pt-pt\/wp-json\/wp\/v2\/media\/10888"}],"wp:attachment":[{"href":"https:\/\/cancerfertilityandme.org.uk\/pt-pt\/wp-json\/wp\/v2\/media?parent=6393"}],"curies":[{"name":"wp","href":"https:\/\/api.w.org\/{rel}","templated":true}]}}