{"id":6383,"date":"2018-11-06T11:08:33","date_gmt":"2018-11-06T11:08:33","guid":{"rendered":"https:\/\/cancerfertilityandme.org.uk\/cancro-fertilidade-e-o-sistema-reprodutivo\/"},"modified":"2026-03-03T14:23:41","modified_gmt":"2026-03-03T14:23:41","slug":"cancro-fertilidade-e-o-sistema-reprodutivo","status":"publish","type":"page","link":"https:\/\/cancerfertilityandme.org.uk\/pt-pt\/mulheres-adultas\/cancro-fertilidade-e-o-sistema-reprodutivo\/","title":{"rendered":"Cancro, fertilidade e o sistema reprodutivo"},"content":{"rendered":"\t\t<div data-elementor-type=\"wp-page\" data-elementor-id=\"6383\" class=\"elementor elementor-6383 elementor-5367\" data-elementor-post-type=\"page\">\n\t\t\t\t<main class=\"elementor-element elementor-element-694ba709 e-flex e-con-boxed e-con e-parent\" data-id=\"694ba709\" data-element_type=\"container\" data-e-type=\"container\">\n\t\t\t\t\t<div class=\"e-con-inner\">\n\t\t<div class=\"elementor-element elementor-element-5d579206 e-con-full e-flex e-con e-child\" data-id=\"5d579206\" data-element_type=\"container\" data-e-type=\"container\">\n\t\t\t\t<div class=\"elementor-element elementor-element-2420152 elementor-widget elementor-widget-text-editor\" data-id=\"2420152\" data-element_type=\"widget\" data-e-type=\"widget\" data-widget_type=\"text-editor.default\">\n\t\t\t\t<div class=\"elementor-widget-container\">\n\t\t\t\t\t\t\t\t\t<h2>Introdu\u00e7\u00e3o ao cancro, \u00e0 fertilidade e ao sistema reprodutivo<\/h2><h3>Esta sec\u00e7\u00e3o tem informa\u00e7\u00e3o para ajud\u00e1-la a compreender como o tratamento do cancro pode afectar a fertilidade.<\/h3><p><b>Cancro <\/b>\u00e9 o nome dado \u00e0s doen\u00e7as causadas pelas c\u00e9lulas do corpo que se dividem sem parar, formando crescimentos e movendo-se para partes do corpo onde n\u00e3o s\u00e3o necess\u00e1rias. Como resultado, as pessoas com cancro precisam de ter tratamentos. <\/p><p><b>Os tratamentos contra<\/b> o cancro visam remover o cancro e prevenir o seu retorno. Os principais tratamentos para o cancro s\u00e3o a quimioterapia, radioterapia, cirurgia, terapia hormonal e terapia medicamentosa direcionada. Muitas pessoas ter\u00e3o duas ou mais destas op\u00e7\u00f5es de tratamento como parte dos seus tratamentos.  <\/p><p>A maioria dos tratamentos de cancro tem <b>efeitos colaterais<\/b> causados pelos tratamentos que afectam os tecidos saud\u00e1veis. Muitos efeitos colaterais duram pouco tempo, durante e ap\u00f3s o tratamento. Alguns efeitos colaterais duram mais tempo e podem afectar a sa\u00fade de uma pessoa para o resto da sua vida. Nas mulheres, um destes efeitos colaterais pode diminuir a fertilidade, o que significa que uma mulher pode n\u00e3o ser capaz de engravidar no futuro.   <\/p><p><b>Fertilidade <\/b>significa ser capaz de engravidar (conceber) naturalmente. As partes do corpo de uma mulher que est\u00e3o envolvidas na fertilidade s\u00e3o chamadas o \u201csistema reprodutivo\u201d. <\/p><h3>O sistema reprodutivo feminino<\/h3>\t\t\t\t\t\t\t\t<\/div>\n\t\t\t\t<\/div>\n\t\t\t\t<div class=\"elementor-element elementor-element-c79fd79 elementor-widget elementor-widget-image\" data-id=\"c79fd79\" data-element_type=\"widget\" data-e-type=\"widget\" data-widget_type=\"image.default\">\n\t\t\t\t<div class=\"elementor-widget-container\">\n\t\t\t\t\t\t\t\t\t\t\t\t\t\t\t<img fetchpriority=\"high\" decoding=\"async\" width=\"500\" height=\"400\" src=\"https:\/\/cancerfertilityandme.org.uk\/wp-content\/uploads\/female-reproductive-system-1.jpg\" class=\"attachment-large size-large wp-image-5374\" alt=\"Sistema reprodutivo feminino\" srcset=\"https:\/\/cancerfertilityandme.org.uk\/wp-content\/uploads\/female-reproductive-system-1.jpg 500w, https:\/\/cancerfertilityandme.org.uk\/wp-content\/uploads\/female-reproductive-system-1-300x240.jpg 300w\" sizes=\"(max-width: 500px) 100vw, 500px\" \/>\t\t\t\t\t\t\t\t\t\t\t\t\t\t\t<\/div>\n\t\t\t\t<\/div>\n\t\t\t\t<div class=\"elementor-element elementor-element-16c622d elementor-widget elementor-widget-text-editor\" data-id=\"16c622d\" data-element_type=\"widget\" data-e-type=\"widget\" data-widget_type=\"text-editor.default\">\n\t\t\t\t<div class=\"elementor-widget-container\">\n\t\t\t\t\t\t\t\t\t<p><b>As principais partes do sistema reprodutivo s\u00e3o:<\/b><\/p><ol><li><strong>Ov\u00e1rios <\/strong>\u2013 Esses dois \u00f3rg\u00e3os ficam em ambos os lados do \u00fatero dentro do corpo de uma mulher entre as ancas (p\u00e9lvis). Os ov\u00e1rios fazem os \u00f3vulos e os horm\u00f4nios necess\u00e1rios para ter um beb\u00e9. Esses \u00f3vulos percorrem as trompas de Fal\u00f3pio at\u00e9 ao \u00fatero.  <\/li><li><strong>\u00d3vulo <\/strong>(o\u00f3cito) \u2013 a c\u00e9lula reprodutiva feminina, que ap\u00f3s a fertiliza\u00e7\u00e3o com esperma \u00e9 capaz de evoluir em um beb\u00ea<\/li><li><strong>Trompas de Fal\u00f3pio<\/strong> \u2013 os dois tubos que conectam cada ov\u00e1rio ao \u00fatero (\u00fatero) e \u00e9 aqui que o \u00f3vulo \u00e9 fertilizado pelo esperma do homem.<\/li><li><strong>\u00datero<\/strong>\u2013 isto fica dentro da p\u00e9lvis e \u00e9 onde a gravidez se desenvolve.<\/li><li><strong>C\u00e9rvix <\/strong>(colo do \u00fatero) \u2013 a abertura para o \u00fatero que permite que o sangue menstrual deixe o corpo (per\u00edodos), e que a mulher d\u00ea \u00e0 luz.<\/li><li><strong>Vagina <\/strong>(canal de parto) \u2013 a abertura entre a parte inferior do colo do \u00fatero e o exterior do corpo.<\/li><li><strong>Vulva <\/strong>\u2013 a \u00e1rea externa da vagina.<\/li><\/ol><p>As mulheres nascem com um grande n\u00famero de \u00f3vulos nos seus ov\u00e1rios. As mulheres n\u00e3o podem aumentar ou fazer novos \u00f3vulos. O n\u00famero de \u00f3vulos que uma mulher tem a qualquer momento \u00e9 conhecido como a sua reserva ovariana.  <\/p><p>Quando uma mulher atinge a puberdade, o n\u00famero de \u00f3vulos que uma mulher tem est\u00e1 sempre a diminuir. Antes da puberdade, isto acontece porque muitos dos \u00f3vulos se desperdi\u00e7am e s\u00e3o absorvidos pelo corpo. <\/p><p>Quando uma mulher atinge a puberdade, um \u00f3vulo \u00e9 liberado mensalmente do ov\u00e1rio (chamado de ovula\u00e7\u00e3o) e viaja at\u00e9 o \u00fatero. Os outros \u00f3vulos que come\u00e7aram a amadurecer durante esse ciclo se decomp\u00f5em e tamb\u00e9m s\u00e3o absorvidos pelo organismo. <\/p><p>A gravidez ocorre, se o \u00f3vulo for fertilizado por um espermatozoide e depois implantado no \u00fatero. Se um \u00f3vulo fertilizado n\u00e3o se implantar no \u00fatero, o revestimento do \u00fatero \u00e9 eliminado e deixa o corpo. Isso resulta em sangramento conhecido como menstrua\u00e7\u00e3o ou per\u00edodo.  <\/p><p>A idade \u00e9 um dos fatores que afectam as chances de engravidar. O n\u00famero e a qualidade dos \u00f3vulos diminuem \u00e0 medida que as mulheres envelhecem. <\/p><p>Esta queda no n\u00famero e qualidade dos \u00f3vulos diminui a fertilidade e pode dificultar a gravidez. Eventualmente, h\u00e1 t\u00e3o poucos \u00f3vulos que as mulheres ficam inf\u00e9rteis (incapazes de engravidar), os per\u00edodos menstruais mensais param, e a menopausa come\u00e7a. A menopausa assinala o fim natural dos anos reprodutivos de uma mulher.  <\/p><p>A fertilidade feminina pode ser diferente para cada pessoa. A idade exacta em que uma mulher n\u00e3o poder\u00e1 mais ter filhos pode ser diferente para cada indiv\u00edduo. <\/p><p>Como mostra o diagrama abaixo, uma mulher de 22 anos tem cerca de 30 em 100 chances (30%) de engravidar todos os meses em que tenta conceber um filho; enquanto uma mulher de 43 anos tem cerca de 3 em 100 chances (3%) de engravidar por m\u00eas.<\/p><p>A maioria das mulheres chega \u00e0 menopausa por volta dos seus 50 anos; deixam de ter per\u00edodos e n\u00e3o conseguem ter filhos naturalmente.<\/p>\t\t\t\t\t\t\t\t<\/div>\n\t\t\t\t<\/div>\n\t\t\t\t<div class=\"elementor-element elementor-element-9cb3412 elementor-widget elementor-widget-image\" data-id=\"9cb3412\" data-element_type=\"widget\" data-e-type=\"widget\" data-widget_type=\"image.default\">\n\t\t\t\t<div class=\"elementor-widget-container\">\n\t\t\t\t\t\t\t\t\t\t\t\t\t\t\t<img decoding=\"async\" width=\"800\" height=\"536\" src=\"https:\/\/cancerfertilityandme.org.uk\/wp-content\/uploads\/PT-02-2-1024x686.png\" class=\"attachment-large size-large wp-image-5382\" alt=\"female fertility vs age graph\" srcset=\"https:\/\/cancerfertilityandme.org.uk\/wp-content\/uploads\/PT-02-2-1024x686.png 1024w, https:\/\/cancerfertilityandme.org.uk\/wp-content\/uploads\/PT-02-2-300x201.png 300w, https:\/\/cancerfertilityandme.org.uk\/wp-content\/uploads\/PT-02-2-768x514.png 768w, https:\/\/cancerfertilityandme.org.uk\/wp-content\/uploads\/PT-02-2.png 1084w\" sizes=\"(max-width: 800px) 100vw, 800px\" \/>\t\t\t\t\t\t\t\t\t\t\t\t\t\t\t<\/div>\n\t\t\t\t<\/div>\n\t\t\t\t<div class=\"elementor-element elementor-element-475aee3 elementor-widget elementor-widget-text-editor\" data-id=\"475aee3\" data-element_type=\"widget\" data-e-type=\"widget\" data-widget_type=\"text-editor.default\">\n\t\t\t\t<div class=\"elementor-widget-container\">\n\t\t\t\t\t\t\t\t\t<p>Para al\u00e9m da idade, a fertilidade nas mulheres tamb\u00e9m pode ser afectada:<\/p><ul><li>Problemas no \u00fatero. Por exemplo, os fibroides. <\/li><li>Doen\u00e7as que causam cicatrizes na zona p\u00e9lvica. Por exemplo, doen\u00e7a inflamat\u00f3ria p\u00e9lvica, endometriose. <\/li><li>Doen\u00e7as que afectam a ovula\u00e7\u00e3o. Por exemplo, a s\u00edndrome do ov\u00e1rio polic\u00edstico. <\/li><li>Uma baixa contagem de espermatozoides no parceiro masculino.<\/li><li>Medicamentos e tratamentos. Por exemplo, quimioterapia, radioterapia, ou cirurgia para o cancro, alguns medicamentos para tratar as doen\u00e7as mentais e uso regular e o longo prazo de medicamentos anti-inflamat\u00f3rios n\u00e3o esteroides. <\/li><li>Estilo de vida. Por exemplo, estar acima ou abaixo do peso, drogas recreativas, \u00e1lcool e tabagismo. <\/li><\/ul><p>Em m\u00e9dia, cerca de 16 em cada 100 (16%) casais sem cancro ter\u00e3o problemas de fertilidade. Se ter filhos no futuro \u00e9 importante para si, fale com a sua equipa de cuidados contra o cancro e com a equipa de cuidados de fertilidade antes de iniciar o tratamento do cancro. <\/p>\t\t\t\t\t\t\t\t<\/div>\n\t\t\t\t<\/div>\n\t\t<div class=\"elementor-element elementor-element-2a3976f3 e-con-full e-flex e-con e-child\" data-id=\"2a3976f3\" data-element_type=\"container\" data-e-type=\"container\" data-settings=\"{&quot;background_background&quot;:&quot;classic&quot;}\">\n\t\t\t\t<div class=\"elementor-element elementor-element-2252f12a elementor-widget elementor-widget-text-editor\" data-id=\"2252f12a\" data-element_type=\"widget\" data-e-type=\"widget\" data-widget_type=\"text-editor.default\">\n\t\t\t\t<div class=\"elementor-widget-container\">\n\t\t\t\t\t\t\t\t\t<h3> Fonte de informa\u00e7\u00e3o recomendada<\/h3><p>NICE (National Institute for Health and Care Excellence) \u00e9 uma organiza\u00e7\u00e3o separada do Servi\u00e7o Nacional de Sa\u00fade (NHS). Eles criam diretrizes, observando as pesquisas realizadas para tratar doen\u00e7as e prestar cuidados aos profissionais de sa\u00fade em Inglaterra e no Pa\u00eds de Gales. <\/p><p>Eles criaram directrizes sobre a preserva\u00e7\u00e3o da fertilidade para mulheres diagnosticadas com cancro (CG156- Problemas de fertilidade: avalia\u00e7\u00e3o e tratamento); e directrizes sobre a preserva\u00e7\u00e3o da fertilidade para adolescentes e jovens adultos (QS55- Servi\u00e7os de cancro para crian\u00e7as e jovens adultos: apoio \u00e0 fertilidade).<\/p><p>Para mais informa\u00e7\u00f5es visite o website NICE: <a href=\"https:\/\/www.nice.org.uk\/\" target=\"_blank\" rel=\"noopener noreferrer\">www.nice.org.uk<\/a><\/p>\t\t\t\t\t\t\t\t<\/div>\n\t\t\t\t<\/div>\n\t\t\t\t<\/div>\n\t\t\t\t<\/div>\n\t\t<div class=\"elementor-element elementor-element-48ac27a3 e-con-full e-flex e-con e-child\" data-id=\"48ac27a3\" data-element_type=\"container\" data-e-type=\"container\">\n\t\t<div class=\"elementor-element elementor-element-15df5156 e-con-full e-flex e-con e-child\" data-id=\"15df5156\" data-element_type=\"container\" data-e-type=\"container\">\n\t\t\t\t<div class=\"elementor-element elementor-element-2b6718ca elementor-widget elementor-widget-image\" data-id=\"2b6718ca\" data-element_type=\"widget\" data-e-type=\"widget\" data-widget_type=\"image.default\">\n\t\t\t\t<div class=\"elementor-widget-container\">\n\t\t\t\t\t\t\t\t\t\t\t\t\t\t\t\t<a href=\"http:\/\/.\/\">\n\t\t\t\t\t\t\t<img decoding=\"async\" width=\"400\" height=\"440\" src=\"https:\/\/cancerfertilityandme.org.uk\/wp-content\/uploads\/cancerfertilityandme-logo-column-adult-women.png\" class=\"attachment-full size-full wp-image-2284\" alt=\"\" srcset=\"https:\/\/cancerfertilityandme.org.uk\/wp-content\/uploads\/cancerfertilityandme-logo-column-adult-women.png 400w, https:\/\/cancerfertilityandme.org.uk\/wp-content\/uploads\/cancerfertilityandme-logo-column-adult-women-273x300.png 273w\" sizes=\"(max-width: 400px) 100vw, 400px\" \/>\t\t\t\t\t\t\t\t<\/a>\n\t\t\t\t\t\t\t\t\t\t\t\t\t\t\t<\/div>\n\t\t\t\t<\/div>\n\t\t\t\t<\/div>\n\t\t<div class=\"elementor-element elementor-element-7f8c3660 e-con-full e-flex e-con e-child\" data-id=\"7f8c3660\" data-element_type=\"container\" data-e-type=\"container\">\n\t\t\t\t<div class=\"elementor-element elementor-element-4b69ee29 elementor-widget elementor-widget-heading\" data-id=\"4b69ee29\" data-element_type=\"widget\" data-e-type=\"widget\" data-widget_type=\"heading.default\">\n\t\t\t\t<div class=\"elementor-widget-container\">\n\t\t\t\t\t<h3 class=\"elementor-heading-title elementor-size-default\">Para mais informa\u00e7\u00f5es, siga estes links<\/h3>\t\t\t\t<\/div>\n\t\t\t\t<\/div>\n\t\t\t\t<div class=\"elementor-element elementor-element-37188788 elementor-nav-menu--dropdown-none elementor-widget elementor-widget-nav-menu\" data-id=\"37188788\" data-element_type=\"widget\" data-e-type=\"widget\" data-settings=\"{&quot;layout&quot;:&quot;vertical&quot;,&quot;submenu_icon&quot;:{&quot;value&quot;:&quot;&lt;svg aria-hidden=\\&quot;true\\&quot; class=\\&quot;e-font-icon-svg e-fas-caret-down\\&quot; viewBox=\\&quot;0 0 320 512\\&quot; xmlns=\\&quot;http:\\\/\\\/www.w3.org\\\/2000\\\/svg\\&quot;&gt;&lt;path d=\\&quot;M31.3 192h257.3c17.8 0 26.7 21.5 14.1 34.1L174.1 354.8c-7.8 7.8-20.5 7.8-28.3 0L17.2 226.1C4.6 213.5 13.5 192 31.3 192z\\&quot;&gt;&lt;\\\/path&gt;&lt;\\\/svg&gt;&quot;,&quot;library&quot;:&quot;fa-solid&quot;}}\" data-widget_type=\"nav-menu.default\">\n\t\t\t\t<div class=\"elementor-widget-container\">\n\t\t\t\t\t\t\t\t<nav aria-label=\"Menu\" class=\"elementor-nav-menu--main elementor-nav-menu__container elementor-nav-menu--layout-vertical e--pointer-none\">\n\t\t\t\t<ul id=\"menu-1-37188788\" class=\"elementor-nav-menu sm-vertical\"><li class=\"menu-item menu-item-type-post_type menu-item-object-page menu-item-6859\"><a href=\"https:\/\/cancerfertilityandme.org.uk\/adult-women\/cancer-fertility-and-the-reproductive-system\/\" class=\"elementor-item\">Cancro, fertilidade e o sistema reprodutivo<\/a><\/li>\n<li class=\"menu-item menu-item-type-post_type menu-item-object-page menu-item-6853\"><a href=\"https:\/\/cancerfertilityandme.org.uk\/adult-women\/cancer-fertility-and-the-reproductive-system\/how-cancer-treatments-affect-fertility\/\" class=\"elementor-item\">Como os tratamentos contra o cancro afectam a fertilidade<\/a><\/li>\n<li class=\"menu-item menu-item-type-post_type menu-item-object-page menu-item-6851\"><a href=\"https:\/\/cancerfertilityandme.org.uk\/adult-women\/cancer-fertility-and-the-reproductive-system\/chemotherapy\/\" class=\"elementor-item\">Chemotherapy<\/a><\/li>\n<li class=\"menu-item menu-item-type-post_type menu-item-object-page menu-item-6856\"><a href=\"https:\/\/cancerfertilityandme.org.uk\/adult-women\/cancer-fertility-and-the-reproductive-system\/radiotherapy\/\" class=\"elementor-item\">Radiotherapy<\/a><\/li>\n<li class=\"menu-item menu-item-type-post_type menu-item-object-page menu-item-6857\"><a href=\"https:\/\/cancerfertilityandme.org.uk\/adult-women\/cancer-fertility-and-the-reproductive-system\/surgery\/\" class=\"elementor-item\">Cirurgia<\/a><\/li>\n<li class=\"menu-item menu-item-type-post_type menu-item-object-page menu-item-6852\"><a href=\"https:\/\/cancerfertilityandme.org.uk\/adult-women\/cancer-fertility-and-the-reproductive-system\/hormone-therapy\/\" class=\"elementor-item\">Terapia hormonal<\/a><\/li>\n<li class=\"menu-item menu-item-type-post_type menu-item-object-page menu-item-6858\"><a href=\"https:\/\/cancerfertilityandme.org.uk\/adult-women\/cancer-fertility-and-the-reproductive-system\/targeted-drug-therapies\/\" class=\"elementor-item\">Terapias medicamentosas direccionadas<\/a><\/li>\n<li class=\"menu-item menu-item-type-post_type menu-item-object-page menu-item-6855\"><a href=\"https:\/\/cancerfertilityandme.org.uk\/adult-women\/cancer-fertility-and-the-reproductive-system\/questions-to-ask\/\" class=\"elementor-item\">Perguntas a fazer<\/a><\/li>\n<\/ul>\t\t\t<\/nav>\n\t\t\t\t\t\t<nav class=\"elementor-nav-menu--dropdown elementor-nav-menu__container\" aria-hidden=\"true\">\n\t\t\t\t<ul id=\"menu-2-37188788\" class=\"elementor-nav-menu sm-vertical\"><li class=\"menu-item menu-item-type-post_type menu-item-object-page menu-item-6859\"><a href=\"https:\/\/cancerfertilityandme.org.uk\/adult-women\/cancer-fertility-and-the-reproductive-system\/\" class=\"elementor-item\" tabindex=\"-1\">Cancro, fertilidade e o sistema reprodutivo<\/a><\/li>\n<li class=\"menu-item menu-item-type-post_type menu-item-object-page menu-item-6853\"><a href=\"https:\/\/cancerfertilityandme.org.uk\/adult-women\/cancer-fertility-and-the-reproductive-system\/how-cancer-treatments-affect-fertility\/\" class=\"elementor-item\" tabindex=\"-1\">Como os tratamentos contra o cancro afectam a fertilidade<\/a><\/li>\n<li class=\"menu-item menu-item-type-post_type menu-item-object-page menu-item-6851\"><a href=\"https:\/\/cancerfertilityandme.org.uk\/adult-women\/cancer-fertility-and-the-reproductive-system\/chemotherapy\/\" class=\"elementor-item\" tabindex=\"-1\">Chemotherapy<\/a><\/li>\n<li class=\"menu-item menu-item-type-post_type menu-item-object-page menu-item-6856\"><a href=\"https:\/\/cancerfertilityandme.org.uk\/adult-women\/cancer-fertility-and-the-reproductive-system\/radiotherapy\/\" class=\"elementor-item\" tabindex=\"-1\">Radiotherapy<\/a><\/li>\n<li class=\"menu-item menu-item-type-post_type menu-item-object-page menu-item-6857\"><a href=\"https:\/\/cancerfertilityandme.org.uk\/adult-women\/cancer-fertility-and-the-reproductive-system\/surgery\/\" class=\"elementor-item\" tabindex=\"-1\">Cirurgia<\/a><\/li>\n<li class=\"menu-item menu-item-type-post_type menu-item-object-page menu-item-6852\"><a href=\"https:\/\/cancerfertilityandme.org.uk\/adult-women\/cancer-fertility-and-the-reproductive-system\/hormone-therapy\/\" class=\"elementor-item\" tabindex=\"-1\">Terapia hormonal<\/a><\/li>\n<li class=\"menu-item menu-item-type-post_type menu-item-object-page menu-item-6858\"><a href=\"https:\/\/cancerfertilityandme.org.uk\/adult-women\/cancer-fertility-and-the-reproductive-system\/targeted-drug-therapies\/\" class=\"elementor-item\" tabindex=\"-1\">Terapias medicamentosas direccionadas<\/a><\/li>\n<li class=\"menu-item menu-item-type-post_type menu-item-object-page menu-item-6855\"><a href=\"https:\/\/cancerfertilityandme.org.uk\/adult-women\/cancer-fertility-and-the-reproductive-system\/questions-to-ask\/\" class=\"elementor-item\" tabindex=\"-1\">Perguntas a fazer<\/a><\/li>\n<\/ul>\t\t\t<\/nav>\n\t\t\t\t\t\t<\/div>\n\t\t\t\t<\/div>\n\t\t\t\t<\/div>\n\t\t\t\t<\/div>\n\t\t\t\t\t<\/div>\n\t\t\t\t<\/main>\n\t\t\t\t<\/div>\n\t\t","protected":false},"excerpt":{"rendered":"<p>Introdu\u00e7\u00e3o ao cancro, \u00e0 fertilidade e ao sistema reprodutivo Esta sec\u00e7\u00e3o tem informa\u00e7\u00e3o para ajud\u00e1-la a compreender como o tratamento do cancro pode afectar a fertilidade. Cancro \u00e9 o nome dado \u00e0s doen\u00e7as causadas pelas c\u00e9lulas do corpo que se dividem sem parar, formando crescimentos e movendo-se para partes do corpo onde n\u00e3o s\u00e3o necess\u00e1rias. [&hellip;]<\/p>\n","protected":false},"author":1,"featured_media":5374,"parent":6766,"menu_order":0,"comment_status":"closed","ping_status":"open","template":"","meta":{"footnotes":""},"class_list":["post-6383","page","type-page","status-publish","has-post-thumbnail","hentry"],"_links":{"self":[{"href":"https:\/\/cancerfertilityandme.org.uk\/pt-pt\/wp-json\/wp\/v2\/pages\/6383","targetHints":{"allow":["GET"]}}],"collection":[{"href":"https:\/\/cancerfertilityandme.org.uk\/pt-pt\/wp-json\/wp\/v2\/pages"}],"about":[{"href":"https:\/\/cancerfertilityandme.org.uk\/pt-pt\/wp-json\/wp\/v2\/types\/page"}],"author":[{"embeddable":true,"href":"https:\/\/cancerfertilityandme.org.uk\/pt-pt\/wp-json\/wp\/v2\/users\/1"}],"replies":[{"embeddable":true,"href":"https:\/\/cancerfertilityandme.org.uk\/pt-pt\/wp-json\/wp\/v2\/comments?post=6383"}],"version-history":[{"count":6,"href":"https:\/\/cancerfertilityandme.org.uk\/pt-pt\/wp-json\/wp\/v2\/pages\/6383\/revisions"}],"predecessor-version":[{"id":10875,"href":"https:\/\/cancerfertilityandme.org.uk\/pt-pt\/wp-json\/wp\/v2\/pages\/6383\/revisions\/10875"}],"up":[{"embeddable":true,"href":"https:\/\/cancerfertilityandme.org.uk\/pt-pt\/wp-json\/wp\/v2\/pages\/6766"}],"wp:featuredmedia":[{"embeddable":true,"href":"https:\/\/cancerfertilityandme.org.uk\/pt-pt\/wp-json\/wp\/v2\/media\/5374"}],"wp:attachment":[{"href":"https:\/\/cancerfertilityandme.org.uk\/pt-pt\/wp-json\/wp\/v2\/media?parent=6383"}],"curies":[{"name":"wp","href":"https:\/\/api.w.org\/{rel}","templated":true}]}}