{"id":6379,"date":"2019-02-07T16:57:21","date_gmt":"2019-02-07T16:57:21","guid":{"rendered":"https:\/\/cancerfertilityandme.org.uk\/utilizacao-deste-sitio-web\/"},"modified":"2025-11-17T10:53:50","modified_gmt":"2025-11-17T10:53:50","slug":"utilizacao-deste-sitio-web","status":"publish","type":"page","link":"https:\/\/cancerfertilityandme.org.uk\/pt-pt\/mulheres-adultas\/sobre-este-site\/utilizacao-deste-sitio-web\/","title":{"rendered":"Utiliza\u00e7\u00e3o deste s\u00edtio Web"},"content":{"rendered":"\t\t<div data-elementor-type=\"wp-page\" data-elementor-id=\"6379\" class=\"elementor elementor-6379 elementor-5603\" data-elementor-post-type=\"page\">\n\t\t\t\t<main class=\"elementor-element elementor-element-2122ebfc e-flex e-con-boxed e-con e-parent\" data-id=\"2122ebfc\" data-element_type=\"container\" data-e-type=\"container\">\n\t\t\t\t\t<div class=\"e-con-inner\">\n\t\t<div class=\"elementor-element elementor-element-70263d2a e-con-full e-flex e-con e-child\" data-id=\"70263d2a\" data-element_type=\"container\" data-e-type=\"container\">\n\t\t\t\t<div class=\"elementor-element elementor-element-4e959baf elementor-widget elementor-widget-text-editor\" data-id=\"4e959baf\" data-element_type=\"widget\" data-e-type=\"widget\" data-widget_type=\"text-editor.default\">\n\t\t\t\t<div class=\"elementor-widget-container\">\n\t\t\t\t\t\t\t\t\t<h2>Utiliza\u00e7\u00e3o deste website para o ajud\u00e0-la a tomar a sua decis\u00e3o<\/h2><p>Algumas mulheres que iniciam o tratamento do cancro saber\u00e3o, com certeza, se querem ou n\u00e3o considerar a preserva\u00e7\u00e3o da fertilidade. Algumas mulheres t\u00eam d\u00favidas sobre a decis\u00e3o de preserva\u00e7\u00e3o da fertilidade e qual a melhor op\u00e7\u00e3o para elas. <\/p><p>Este Website tem as informa\u00e7\u00f5es para ajud\u00e1-la a tomar esta decis\u00e3o:<\/p><ul><li>Saiba mais sobre as diferentes op\u00e7\u00f5es de preserva\u00e7\u00e3o da fertilidade.<\/li><li>Pense se a preserva\u00e7\u00e3o da fertilidade pode ser uma op\u00e7\u00e3o para si.<\/li><li>Pense no que \u00e9 importante para a sua vida agora e no futuro.<\/li><li>Fale com a sua equipa respons\u00e1vel do cancro e a equipa respons\u00e1vel de fertilidade, enquanto toma a sua decis\u00e3o.<\/li><li>Discuta com a sua equipa de tratamento do cancro e equipa de tratamento da fertilidade, as consequ\u00eancias e benef\u00edcios em qualquer decis\u00e3o que venha tomar.<\/li><\/ul><p>Pode utilizar este s\u00edtio web de diferentes maneiras. Poder\u00e1 achar \u00fatil percorr\u00ea-lo algumas vezes ou aprofundar nas sec\u00e7\u00f5es. Pode l\u00ea-lo voc\u00ea mesma ou partilh\u00e1-lo com a sua equipa de tratamento do cancro e a sua equipa de tratamento da fertilidade, parceiro, fam\u00edlia e amigos, enquanto pensa sobre a sua decis\u00e3o.  <\/p><p>O Website foi elaborado para fornecer as informa\u00e7\u00f5es claras e oferecer o seguinte:<\/p><ul><li>Navega\u00e7\u00e3o clara fornecendo as sec\u00e7\u00f5es sobre o tratamento do cancro, problemas de fertilidade, decis\u00f5es de preserva\u00e7\u00e3o da fertilidade e planeamento familiar.<\/li><li>Os quadros de decis\u00e3o deixam claro, quais s\u00e3o as decis\u00f5es de fertilidade para as mulheres <u>antes<\/u>, <u>durante<\/u> e <u>depois do<\/u> tratamento do cancro.<\/li><li>As tabelas descrevem as caracter\u00edsticas das op\u00e7\u00f5es de preserva\u00e7\u00e3o da fertilidade pr\u00f3ximas umas das outras para ajudar a comparar o que \u00e9 igual ou diferente em cada uma.<\/li><li>Perguntas que talvez queira perguntar \u00e0 sua equipa de tratamento do cancro e \u00e0 equipa de tratamento da fertilidade.<\/li><li>Atente-se em fazer anota\u00e7\u00f5es ou perguntas importantes para si, sobre a sua vida, diagn\u00f3stico de c\u00e2ncer e fertilidade futura.<\/li><li>Um gloss\u00e1rio que lhe dar\u00e1 o significado dos termos utilizados para discutir o cancro e o seu tratamento, fertilidade e preserva\u00e7\u00e3o da fertilidade.<\/li><\/ul>\t\t\t\t\t\t\t\t<\/div>\n\t\t\t\t<\/div>\n\t\t<div class=\"elementor-element elementor-element-338bd4e9 e-con-full e-flex e-con e-child\" data-id=\"338bd4e9\" data-element_type=\"container\" data-e-type=\"container\" data-settings=\"{&quot;background_background&quot;:&quot;classic&quot;}\">\n\t\t\t\t<div class=\"elementor-element elementor-element-15254727 elementor-widget elementor-widget-text-editor\" data-id=\"15254727\" data-element_type=\"widget\" data-e-type=\"widget\" data-widget_type=\"text-editor.default\">\n\t\t\t\t<div class=\"elementor-widget-container\">\n\t\t\t\t\t\t\t\t\t<h3>Por favor, observe que;<\/h3>\n<p>Este site destaca a import\u00e2ncia de conversar com a sua equipa de tratamento do cancro e a equipa de tratamento da fertilidade, <b>antes de<\/b> iniciar o tratamento do cancro. Isto o ajudar\u00e1 a considerar, quais as perguntas a fazer e orientar\u00e1 as conversas que voc\u00ea queira fazer com eles. <\/p>\n<ul>\n<li>Nem todos os procedimentos de preserva\u00e7\u00e3o da fertilidade descritos neste website s\u00e3o adequados para todas as mulheres.<\/li>\n<li>Nem todas as mulheres poder\u00e3o ter os procedimentos de preserva\u00e7\u00e3o da fertilidade descritos neste s\u00edtio web neste momento.<\/li>\n<li>Nem todas as mulheres que s\u00e3o tratadas para o cancro ter\u00e3o um problema de fertilidade no futuro.<\/li>\n<li>Alguns dos procedimentos de preserva\u00e7\u00e3o da fertilidade descritos neste website podem n\u00e3o estar dispon\u00edveis em todas as cl\u00ednicas de fertilidade.<\/li>\n<\/ul>\t\t\t\t\t\t\t\t<\/div>\n\t\t\t\t<\/div>\n\t\t\t\t<\/div>\n\t\t\t\t<\/div>\n\t\t<div class=\"elementor-element elementor-element-4c45813a e-con-full e-flex e-con e-child\" data-id=\"4c45813a\" data-element_type=\"container\" data-e-type=\"container\">\n\t\t<div class=\"elementor-element elementor-element-74317676 e-con-full e-flex e-con e-child\" data-id=\"74317676\" data-element_type=\"container\" data-e-type=\"container\">\n\t\t\t\t<div class=\"elementor-element elementor-element-13a82141 elementor-widget elementor-widget-image\" data-id=\"13a82141\" data-element_type=\"widget\" data-e-type=\"widget\" data-widget_type=\"image.default\">\n\t\t\t\t<div class=\"elementor-widget-container\">\n\t\t\t\t\t\t\t\t\t\t\t\t\t\t\t\t<a href=\"http:\/\/.\/\">\n\t\t\t\t\t\t\t<img fetchpriority=\"high\" decoding=\"async\" width=\"400\" height=\"440\" src=\"https:\/\/cancerfertilityandme.org.uk\/wp-content\/uploads\/cancerfertilityandme-logo-column-adult-women.png\" class=\"attachment-full size-full wp-image-2284\" alt=\"\" srcset=\"https:\/\/cancerfertilityandme.org.uk\/wp-content\/uploads\/cancerfertilityandme-logo-column-adult-women.png 400w, https:\/\/cancerfertilityandme.org.uk\/wp-content\/uploads\/cancerfertilityandme-logo-column-adult-women-273x300.png 273w\" sizes=\"(max-width: 400px) 100vw, 400px\" \/>\t\t\t\t\t\t\t\t<\/a>\n\t\t\t\t\t\t\t\t\t\t\t\t\t\t\t<\/div>\n\t\t\t\t<\/div>\n\t\t\t\t<\/div>\n\t\t<div class=\"elementor-element elementor-element-49f00865 e-con-full e-flex e-con e-child\" data-id=\"49f00865\" data-element_type=\"container\" data-e-type=\"container\">\n\t\t\t\t<div class=\"elementor-element elementor-element-3815a980 elementor-widget elementor-widget-heading\" data-id=\"3815a980\" data-element_type=\"widget\" data-e-type=\"widget\" data-widget_type=\"heading.default\">\n\t\t\t\t<div class=\"elementor-widget-container\">\n\t\t\t\t\t<h3 class=\"elementor-heading-title elementor-size-default\">Para mais informa\u00e7\u00f5es, siga estes links<\/h3>\t\t\t\t<\/div>\n\t\t\t\t<\/div>\n\t\t\t\t<div class=\"elementor-element elementor-element-6332b58a elementor-nav-menu--dropdown-none elementor-widget elementor-widget-nav-menu\" data-id=\"6332b58a\" data-element_type=\"widget\" data-e-type=\"widget\" data-settings=\"{&quot;layout&quot;:&quot;vertical&quot;,&quot;submenu_icon&quot;:{&quot;value&quot;:&quot;&lt;svg aria-hidden=\\&quot;true\\&quot; class=\\&quot;e-font-icon-svg e-fas-caret-down\\&quot; viewBox=\\&quot;0 0 320 512\\&quot; xmlns=\\&quot;http:\\\/\\\/www.w3.org\\\/2000\\\/svg\\&quot;&gt;&lt;path d=\\&quot;M31.3 192h257.3c17.8 0 26.7 21.5 14.1 34.1L174.1 354.8c-7.8 7.8-20.5 7.8-28.3 0L17.2 226.1C4.6 213.5 13.5 192 31.3 192z\\&quot;&gt;&lt;\\\/path&gt;&lt;\\\/svg&gt;&quot;,&quot;library&quot;:&quot;fa-solid&quot;}}\" data-widget_type=\"nav-menu.default\">\n\t\t\t\t<div class=\"elementor-widget-container\">\n\t\t\t\t\t\t\t\t<nav aria-label=\"Menu\" class=\"elementor-nav-menu--main elementor-nav-menu__container elementor-nav-menu--layout-vertical e--pointer-none\">\n\t\t\t\t<ul id=\"menu-1-6332b58a\" class=\"elementor-nav-menu sm-vertical\"><li class=\"menu-item menu-item-type-post_type menu-item-object-page menu-item-6817\"><a href=\"https:\/\/cancerfertilityandme.org.uk\/adult-women\/about-this-project\/\" class=\"elementor-item\">Sobre este projeto<\/a><\/li>\n<li class=\"menu-item menu-item-type-post_type menu-item-object-page menu-item-6818\"><a href=\"https:\/\/cancerfertilityandme.org.uk\/adult-women\/about-this-project\/decisions-before-during-and-after-treatment\/\" class=\"elementor-item\">Decis\u00f5es antes, durante e depois do tratamento<\/a><\/li>\n<li class=\"menu-item menu-item-type-post_type menu-item-object-page menu-item-6820\"><a href=\"https:\/\/cancerfertilityandme.org.uk\/adult-women\/about-this-project\/using-this-website\/\" class=\"elementor-item\">Utiliza\u00e7\u00e3o deste s\u00edtio Web<\/a><\/li>\n<li class=\"menu-item menu-item-type-post_type menu-item-object-page menu-item-6819\"><a href=\"https:\/\/cancerfertilityandme.org.uk\/glossary\/\" class=\"elementor-item\">Gloss\u00e1rio<\/a><\/li>\n<\/ul>\t\t\t<\/nav>\n\t\t\t\t\t\t<nav class=\"elementor-nav-menu--dropdown elementor-nav-menu__container\" aria-hidden=\"true\">\n\t\t\t\t<ul id=\"menu-2-6332b58a\" class=\"elementor-nav-menu sm-vertical\"><li class=\"menu-item menu-item-type-post_type menu-item-object-page menu-item-6817\"><a href=\"https:\/\/cancerfertilityandme.org.uk\/adult-women\/about-this-project\/\" class=\"elementor-item\" tabindex=\"-1\">Sobre este projeto<\/a><\/li>\n<li class=\"menu-item menu-item-type-post_type menu-item-object-page menu-item-6818\"><a href=\"https:\/\/cancerfertilityandme.org.uk\/adult-women\/about-this-project\/decisions-before-during-and-after-treatment\/\" class=\"elementor-item\" tabindex=\"-1\">Decis\u00f5es antes, durante e depois do tratamento<\/a><\/li>\n<li class=\"menu-item menu-item-type-post_type menu-item-object-page menu-item-6820\"><a href=\"https:\/\/cancerfertilityandme.org.uk\/adult-women\/about-this-project\/using-this-website\/\" class=\"elementor-item\" tabindex=\"-1\">Utiliza\u00e7\u00e3o deste s\u00edtio Web<\/a><\/li>\n<li class=\"menu-item menu-item-type-post_type menu-item-object-page menu-item-6819\"><a href=\"https:\/\/cancerfertilityandme.org.uk\/glossary\/\" class=\"elementor-item\" tabindex=\"-1\">Gloss\u00e1rio<\/a><\/li>\n<\/ul>\t\t\t<\/nav>\n\t\t\t\t\t\t<\/div>\n\t\t\t\t<\/div>\n\t\t\t\t<\/div>\n\t\t\t\t<\/div>\n\t\t\t\t\t<\/div>\n\t\t\t\t<\/main>\n\t\t\t\t<\/div>\n\t\t","protected":false},"excerpt":{"rendered":"<p>Utiliza\u00e7\u00e3o deste website para o ajud\u00e0-la a tomar a sua decis\u00e3o Algumas mulheres que iniciam o tratamento do cancro saber\u00e3o, com certeza, se querem ou n\u00e3o considerar a preserva\u00e7\u00e3o da fertilidade. Algumas mulheres t\u00eam d\u00favidas sobre a decis\u00e3o de preserva\u00e7\u00e3o da fertilidade e qual a melhor op\u00e7\u00e3o para elas. Este Website tem as informa\u00e7\u00f5es para [&hellip;]<\/p>\n","protected":false},"author":1,"featured_media":0,"parent":6367,"menu_order":0,"comment_status":"closed","ping_status":"open","template":"","meta":{"footnotes":""},"class_list":["post-6379","page","type-page","status-publish","hentry"],"_links":{"self":[{"href":"https:\/\/cancerfertilityandme.org.uk\/pt-pt\/wp-json\/wp\/v2\/pages\/6379","targetHints":{"allow":["GET"]}}],"collection":[{"href":"https:\/\/cancerfertilityandme.org.uk\/pt-pt\/wp-json\/wp\/v2\/pages"}],"about":[{"href":"https:\/\/cancerfertilityandme.org.uk\/pt-pt\/wp-json\/wp\/v2\/types\/page"}],"author":[{"embeddable":true,"href":"https:\/\/cancerfertilityandme.org.uk\/pt-pt\/wp-json\/wp\/v2\/users\/1"}],"replies":[{"embeddable":true,"href":"https:\/\/cancerfertilityandme.org.uk\/pt-pt\/wp-json\/wp\/v2\/comments?post=6379"}],"version-history":[{"count":3,"href":"https:\/\/cancerfertilityandme.org.uk\/pt-pt\/wp-json\/wp\/v2\/pages\/6379\/revisions"}],"predecessor-version":[{"id":9336,"href":"https:\/\/cancerfertilityandme.org.uk\/pt-pt\/wp-json\/wp\/v2\/pages\/6379\/revisions\/9336"}],"up":[{"embeddable":true,"href":"https:\/\/cancerfertilityandme.org.uk\/pt-pt\/wp-json\/wp\/v2\/pages\/6367"}],"wp:attachment":[{"href":"https:\/\/cancerfertilityandme.org.uk\/pt-pt\/wp-json\/wp\/v2\/media?parent=6379"}],"curies":[{"name":"wp","href":"https:\/\/api.w.org\/{rel}","templated":true}]}}