{"id":6369,"date":"2019-04-17T17:52:53","date_gmt":"2019-04-17T17:52:53","guid":{"rendered":"https:\/\/cancerfertilityandme.org.uk\/decisoes-antes-durante-e-depois-do-tratamento\/"},"modified":"2026-03-03T13:57:24","modified_gmt":"2026-03-03T13:57:24","slug":"decisoes-antes-durante-e-depois-do-tratamento","status":"publish","type":"page","link":"https:\/\/cancerfertilityandme.org.uk\/pt-pt\/mulheres-adultas\/sobre-este-site\/decisoes-antes-durante-e-depois-do-tratamento\/","title":{"rendered":"Decis\u00f5es antes, durante e depois do tratamento"},"content":{"rendered":"\t\t<div data-elementor-type=\"wp-page\" data-elementor-id=\"6369\" class=\"elementor elementor-6369 elementor-5633\" data-elementor-post-type=\"page\">\n\t\t\t\t<main class=\"elementor-element elementor-element-19254594 e-flex e-con-boxed e-con e-parent\" data-id=\"19254594\" data-element_type=\"container\" data-e-type=\"container\">\n\t\t\t\t\t<div class=\"e-con-inner\">\n\t\t<div class=\"elementor-element elementor-element-633f2ab3 e-con-full e-flex e-con e-child\" data-id=\"633f2ab3\" data-element_type=\"container\" data-e-type=\"container\">\n\t\t\t\t<div class=\"elementor-element elementor-element-3934d836 elementor-widget elementor-widget-text-editor\" data-id=\"3934d836\" data-element_type=\"widget\" data-e-type=\"widget\" data-widget_type=\"text-editor.default\">\n\t\t\t\t<div class=\"elementor-widget-container\">\n\t\t\t\t\t\t\t\t\t<h2>As decis\u00f5es de fertilidade e planejamento familiar para as mulheres antes, durante e depois do tratamento do cancro:<\/h2><p>As mulheres diagnosticadas com cancro s\u00e3o confrontadas com a tomada de decis\u00f5es sobre a sua fertilidade <b>antes<\/b>, <b>durante <\/b>e <b>ap\u00f3s <\/b>o seu tratamento do cancro.<\/p><p>O diagrama abaixo mostra estas decis\u00f5es de fertilidade, ligando-as a cada fase do tratamento do cancro. Em cada fase, fale com a sua equipa de tratamento do cancro e equipa de tratamento da fertilidade, parceiro, fam\u00edlia e amigos. Isto ir\u00e1 ajud\u00e1-la a estar informada e a tomar a decis\u00e3o certa para si.  <\/p><p>A <a href=\"\/fertility-preservation-options\/summary\">tabela de resumo nesta p\u00e1gina<\/a> compara as diferentes op\u00e7\u00f5es de preserva\u00e7\u00e3o da fertilidade. Pode utilizar este resumo para ajud\u00e1-la a pensar sobre a melhor decis\u00e3o para si. <\/p><p>Finalmente, pode haver outros novos tratamentos de fertilidade e emergentes que se encontram nas fases iniciais de investiga\u00e7\u00e3o e desenvolvimento. Por exemplo, um transplante de \u00fatero. Fale com a sua equipa de cuidados de fertilidade sobre isto.  <\/p><p><b>Diagrama abaixo: <\/b>Clique nas op\u00e7\u00f5es de fertilidade para as mulheres <b>antes<\/b>, <b>durante <\/b>e <b>depois do<\/b> tratamento do cancro:<\/p><p> <\/p>\t\t\t\t\t\t\t\t<\/div>\n\t\t\t\t<\/div>\n\t\t\t\t<div class=\"elementor-element elementor-element-822ad53 elementor-widget elementor-widget-image\" data-id=\"822ad53\" data-element_type=\"widget\" data-e-type=\"widget\" data-widget_type=\"image.default\">\n\t\t\t\t<div class=\"elementor-widget-container\">\n\t\t\t\t\t\t\t\t\t\t\t\t\t\t\t<img fetchpriority=\"high\" decoding=\"async\" width=\"800\" height=\"1008\" src=\"https:\/\/cancerfertilityandme.org.uk\/wp-content\/uploads\/PT-03-2-813x1024.png\" class=\"attachment-large size-large wp-image-5696\" alt=\"Conectando as op\u00e7\u00f5es de fertilidade para as mulheres antes, durante e depois do tratamento do cancro\" srcset=\"https:\/\/cancerfertilityandme.org.uk\/wp-content\/uploads\/PT-03-2-813x1024.png 813w, https:\/\/cancerfertilityandme.org.uk\/wp-content\/uploads\/PT-03-2-238x300.png 238w, https:\/\/cancerfertilityandme.org.uk\/wp-content\/uploads\/PT-03-2-768x968.png 768w, https:\/\/cancerfertilityandme.org.uk\/wp-content\/uploads\/PT-03-2-1219x1536.png 1219w, https:\/\/cancerfertilityandme.org.uk\/wp-content\/uploads\/PT-03-2.png 1296w\" sizes=\"(max-width: 800px) 100vw, 800px\" \/>\t\t\t\t\t\t\t\t\t\t\t\t\t\t\t<\/div>\n\t\t\t\t<\/div>\n\t\t\t\t<\/div>\n\t\t<div class=\"elementor-element elementor-element-21f10086 e-con-full e-flex e-con e-child\" data-id=\"21f10086\" data-element_type=\"container\" data-e-type=\"container\">\n\t\t<div class=\"elementor-element elementor-element-640667fb e-con-full e-flex e-con e-child\" data-id=\"640667fb\" data-element_type=\"container\" data-e-type=\"container\">\n\t\t\t\t<div class=\"elementor-element elementor-element-e606fb elementor-widget elementor-widget-image\" data-id=\"e606fb\" data-element_type=\"widget\" data-e-type=\"widget\" data-widget_type=\"image.default\">\n\t\t\t\t<div class=\"elementor-widget-container\">\n\t\t\t\t\t\t\t\t\t\t\t\t\t\t\t\t<a href=\"http:\/\/.\/\">\n\t\t\t\t\t\t\t<img decoding=\"async\" width=\"400\" height=\"440\" src=\"https:\/\/cancerfertilityandme.org.uk\/wp-content\/uploads\/cancerfertilityandme-logo-column-adult-women.png\" class=\"attachment-full size-full wp-image-2284\" alt=\"\" srcset=\"https:\/\/cancerfertilityandme.org.uk\/wp-content\/uploads\/cancerfertilityandme-logo-column-adult-women.png 400w, https:\/\/cancerfertilityandme.org.uk\/wp-content\/uploads\/cancerfertilityandme-logo-column-adult-women-273x300.png 273w\" sizes=\"(max-width: 400px) 100vw, 400px\" \/>\t\t\t\t\t\t\t\t<\/a>\n\t\t\t\t\t\t\t\t\t\t\t\t\t\t\t<\/div>\n\t\t\t\t<\/div>\n\t\t\t\t<\/div>\n\t\t<div class=\"elementor-element elementor-element-51a24fbc e-con-full e-flex e-con e-child\" data-id=\"51a24fbc\" data-element_type=\"container\" data-e-type=\"container\">\n\t\t\t\t<div class=\"elementor-element elementor-element-14d06784 elementor-widget elementor-widget-heading\" data-id=\"14d06784\" data-element_type=\"widget\" data-e-type=\"widget\" data-widget_type=\"heading.default\">\n\t\t\t\t<div class=\"elementor-widget-container\">\n\t\t\t\t\t<h3 class=\"elementor-heading-title elementor-size-default\">Para mais informa\u00e7\u00f5es, siga estes links<\/h3>\t\t\t\t<\/div>\n\t\t\t\t<\/div>\n\t\t\t\t<div class=\"elementor-element elementor-element-4a3154e9 elementor-nav-menu--dropdown-none elementor-widget elementor-widget-nav-menu\" data-id=\"4a3154e9\" data-element_type=\"widget\" data-e-type=\"widget\" data-settings=\"{&quot;layout&quot;:&quot;vertical&quot;,&quot;submenu_icon&quot;:{&quot;value&quot;:&quot;&lt;svg aria-hidden=\\&quot;true\\&quot; class=\\&quot;e-font-icon-svg e-fas-caret-down\\&quot; viewBox=\\&quot;0 0 320 512\\&quot; xmlns=\\&quot;http:\\\/\\\/www.w3.org\\\/2000\\\/svg\\&quot;&gt;&lt;path d=\\&quot;M31.3 192h257.3c17.8 0 26.7 21.5 14.1 34.1L174.1 354.8c-7.8 7.8-20.5 7.8-28.3 0L17.2 226.1C4.6 213.5 13.5 192 31.3 192z\\&quot;&gt;&lt;\\\/path&gt;&lt;\\\/svg&gt;&quot;,&quot;library&quot;:&quot;fa-solid&quot;}}\" data-widget_type=\"nav-menu.default\">\n\t\t\t\t<div class=\"elementor-widget-container\">\n\t\t\t\t\t\t\t\t<nav aria-label=\"Menu\" class=\"elementor-nav-menu--main elementor-nav-menu__container elementor-nav-menu--layout-vertical e--pointer-none\">\n\t\t\t\t<ul id=\"menu-1-4a3154e9\" class=\"elementor-nav-menu sm-vertical\"><li class=\"menu-item menu-item-type-post_type menu-item-object-page menu-item-6817\"><a href=\"https:\/\/cancerfertilityandme.org.uk\/adult-women\/about-this-project\/\" class=\"elementor-item\">Sobre este projeto<\/a><\/li>\n<li class=\"menu-item menu-item-type-post_type menu-item-object-page menu-item-6818\"><a href=\"https:\/\/cancerfertilityandme.org.uk\/adult-women\/about-this-project\/decisions-before-during-and-after-treatment\/\" class=\"elementor-item\">Decis\u00f5es antes, durante e depois do tratamento<\/a><\/li>\n<li class=\"menu-item menu-item-type-post_type menu-item-object-page menu-item-6820\"><a href=\"https:\/\/cancerfertilityandme.org.uk\/adult-women\/about-this-project\/using-this-website\/\" class=\"elementor-item\">Utiliza\u00e7\u00e3o deste s\u00edtio Web<\/a><\/li>\n<li class=\"menu-item menu-item-type-post_type menu-item-object-page menu-item-6819\"><a href=\"https:\/\/cancerfertilityandme.org.uk\/glossary\/\" class=\"elementor-item\">Gloss\u00e1rio<\/a><\/li>\n<\/ul>\t\t\t<\/nav>\n\t\t\t\t\t\t<nav class=\"elementor-nav-menu--dropdown elementor-nav-menu__container\" aria-hidden=\"true\">\n\t\t\t\t<ul id=\"menu-2-4a3154e9\" class=\"elementor-nav-menu sm-vertical\"><li class=\"menu-item menu-item-type-post_type menu-item-object-page menu-item-6817\"><a href=\"https:\/\/cancerfertilityandme.org.uk\/adult-women\/about-this-project\/\" class=\"elementor-item\" tabindex=\"-1\">Sobre este projeto<\/a><\/li>\n<li class=\"menu-item menu-item-type-post_type menu-item-object-page menu-item-6818\"><a href=\"https:\/\/cancerfertilityandme.org.uk\/adult-women\/about-this-project\/decisions-before-during-and-after-treatment\/\" class=\"elementor-item\" tabindex=\"-1\">Decis\u00f5es antes, durante e depois do tratamento<\/a><\/li>\n<li class=\"menu-item menu-item-type-post_type menu-item-object-page menu-item-6820\"><a href=\"https:\/\/cancerfertilityandme.org.uk\/adult-women\/about-this-project\/using-this-website\/\" class=\"elementor-item\" tabindex=\"-1\">Utiliza\u00e7\u00e3o deste s\u00edtio Web<\/a><\/li>\n<li class=\"menu-item menu-item-type-post_type menu-item-object-page menu-item-6819\"><a href=\"https:\/\/cancerfertilityandme.org.uk\/glossary\/\" class=\"elementor-item\" tabindex=\"-1\">Gloss\u00e1rio<\/a><\/li>\n<\/ul>\t\t\t<\/nav>\n\t\t\t\t\t\t<\/div>\n\t\t\t\t<\/div>\n\t\t\t\t<\/div>\n\t\t\t\t<\/div>\n\t\t\t\t\t<\/div>\n\t\t\t\t<\/main>\n\t\t\t\t<\/div>\n\t\t","protected":false},"excerpt":{"rendered":"<p>As decis\u00f5es de fertilidade e planejamento familiar para as mulheres antes, durante e depois do tratamento do cancro: As mulheres diagnosticadas com cancro s\u00e3o confrontadas com a tomada de decis\u00f5es sobre a sua fertilidade antes, durante e ap\u00f3s o seu tratamento do cancro. O diagrama abaixo mostra estas decis\u00f5es de fertilidade, ligando-as a cada fase [&hellip;]<\/p>\n","protected":false},"author":1,"featured_media":5640,"parent":6367,"menu_order":0,"comment_status":"closed","ping_status":"open","template":"","meta":{"footnotes":""},"class_list":["post-6369","page","type-page","status-publish","has-post-thumbnail","hentry"],"_links":{"self":[{"href":"https:\/\/cancerfertilityandme.org.uk\/pt-pt\/wp-json\/wp\/v2\/pages\/6369","targetHints":{"allow":["GET"]}}],"collection":[{"href":"https:\/\/cancerfertilityandme.org.uk\/pt-pt\/wp-json\/wp\/v2\/pages"}],"about":[{"href":"https:\/\/cancerfertilityandme.org.uk\/pt-pt\/wp-json\/wp\/v2\/types\/page"}],"author":[{"embeddable":true,"href":"https:\/\/cancerfertilityandme.org.uk\/pt-pt\/wp-json\/wp\/v2\/users\/1"}],"replies":[{"embeddable":true,"href":"https:\/\/cancerfertilityandme.org.uk\/pt-pt\/wp-json\/wp\/v2\/comments?post=6369"}],"version-history":[{"count":8,"href":"https:\/\/cancerfertilityandme.org.uk\/pt-pt\/wp-json\/wp\/v2\/pages\/6369\/revisions"}],"predecessor-version":[{"id":10843,"href":"https:\/\/cancerfertilityandme.org.uk\/pt-pt\/wp-json\/wp\/v2\/pages\/6369\/revisions\/10843"}],"up":[{"embeddable":true,"href":"https:\/\/cancerfertilityandme.org.uk\/pt-pt\/wp-json\/wp\/v2\/pages\/6367"}],"wp:featuredmedia":[{"embeddable":true,"href":"https:\/\/cancerfertilityandme.org.uk\/pt-pt\/wp-json\/wp\/v2\/media\/5640"}],"wp:attachment":[{"href":"https:\/\/cancerfertilityandme.org.uk\/pt-pt\/wp-json\/wp\/v2\/media?parent=6369"}],"curies":[{"name":"wp","href":"https:\/\/api.w.org\/{rel}","templated":true}]}}