{"id":3414,"date":"2023-08-07T09:35:20","date_gmt":"2023-08-07T09:35:20","guid":{"rendered":"https:\/\/cancerfertilityandme.org.uk\/homens-jovens\/"},"modified":"2023-08-07T09:35:20","modified_gmt":"2023-08-07T09:35:20","slug":"homens-jovens","status":"publish","type":"page","link":"https:\/\/cancerfertilityandme.org.uk\/pt-pt\/homens-jovens\/","title":{"rendered":"Homens jovens"},"content":{"rendered":"<h2>C\u00e2ncer, Fertilidade e Eu para Homens Jovens<\/h2>\n<p>Este guia ainda est\u00e1 em produ\u00e7\u00e3o.<\/p>\n<p>Se voc\u00ea gostaria de ser notificado quando estiver dispon\u00edvel, entre em <a href=\"\/contact\">contato conosco.<\/a><\/p>\n<p>\u203a Voltar ao <a href=\"\/\">Portal CFM<\/a><\/p>\n<p><img decoding=\"async\" class=\"alignleft size-full wp-image-4437\" src=\"\/wp-content\/uploads\/2019\/04\/cfm-sumbenu-leaves.png\" alt=\"section menu\" width=\"126\" height=\"127\"><\/p>\n","protected":false},"excerpt":{"rendered":"<p>C\u00e2ncer, Fertilidade e Eu para Homens Jovens Este guia ainda est\u00e1 em produ\u00e7\u00e3o. Se voc\u00ea gostaria de ser notificado quando estiver dispon\u00edvel, entre em contato conosco. \u203a Voltar ao Portal CFM<\/p>\n","protected":false},"author":1,"featured_media":0,"parent":0,"menu_order":0,"comment_status":"closed","ping_status":"closed","template":"","meta":{"footnotes":""},"class_list":["post-3414","page","type-page","status-publish","hentry"],"_links":{"self":[{"href":"https:\/\/cancerfertilityandme.org.uk\/pt-pt\/wp-json\/wp\/v2\/pages\/3414","targetHints":{"allow":["GET"]}}],"collection":[{"href":"https:\/\/cancerfertilityandme.org.uk\/pt-pt\/wp-json\/wp\/v2\/pages"}],"about":[{"href":"https:\/\/cancerfertilityandme.org.uk\/pt-pt\/wp-json\/wp\/v2\/types\/page"}],"author":[{"embeddable":true,"href":"https:\/\/cancerfertilityandme.org.uk\/pt-pt\/wp-json\/wp\/v2\/users\/1"}],"replies":[{"embeddable":true,"href":"https:\/\/cancerfertilityandme.org.uk\/pt-pt\/wp-json\/wp\/v2\/comments?post=3414"}],"version-history":[{"count":0,"href":"https:\/\/cancerfertilityandme.org.uk\/pt-pt\/wp-json\/wp\/v2\/pages\/3414\/revisions"}],"wp:attachment":[{"href":"https:\/\/cancerfertilityandme.org.uk\/pt-pt\/wp-json\/wp\/v2\/media?parent=3414"}],"curies":[{"name":"wp","href":"https:\/\/api.w.org\/{rel}","templated":true}]}}