{"id":8196,"date":"2023-04-02T16:28:37","date_gmt":"2023-04-02T16:28:37","guid":{"rendered":"https:\/\/cancerfertilityandme.org.uk\/zamrozenie-tkanki-jajnika\/"},"modified":"2026-02-03T15:16:41","modified_gmt":"2026-02-03T15:16:41","slug":"zamrozenie-tkanki-jajnika","status":"publish","type":"page","link":"https:\/\/cancerfertilityandme.org.uk\/pl\/mlode-kobiety\/opcje-zachowania-plodnosci-2\/zamrozenie-tkanki-jajnika\/","title":{"rendered":"Zamra\u017canie tkanki jajnikowej"},"content":{"rendered":"\t\t<div data-elementor-type=\"wp-page\" data-elementor-id=\"8196\" class=\"elementor elementor-8196 elementor-7755\" data-elementor-post-type=\"page\">\n\t\t\t\t<main class=\"elementor-element elementor-element-2c043234 e-flex e-con-boxed e-con e-parent\" data-id=\"2c043234\" data-element_type=\"container\" data-e-type=\"container\">\n\t\t\t\t\t<div class=\"e-con-inner\">\n\t\t<div class=\"elementor-element elementor-element-7e729515 e-con-full e-flex e-con e-child\" data-id=\"7e729515\" data-element_type=\"container\" data-e-type=\"container\">\n\t\t\t\t<div class=\"elementor-element elementor-element-74f6a54a elementor-widget elementor-widget-text-editor\" data-id=\"74f6a54a\" data-element_type=\"widget\" data-e-type=\"widget\" data-widget_type=\"text-editor.default\">\n\t\t\t\t<div class=\"elementor-widget-container\">\n\t\t\t\t\t\t\t\t\t<h2>Zamra\u017canie tkanki jajnikowej<\/h2><p><strong>Tkanka jajnika zawiera wiele niedojrza\u0142ych kom\u00f3rek jajowych iw tej procedurze tkanka ta jest usuwana, a nast\u0119pnie zamra\u017cana. Po leczeniu nowotworu przez m\u0142od\u0105 kobiet\u0119 tkanka ta mo\u017ce zosta\u0107 ponownie wprowadzona do organizmu, aby umo\u017cliwi\u0107 rozw\u00f3j kom\u00f3rek jajowych. Tkank\u0119 mo\u017cna pobra\u0107 przed iw trakcie chemioterapii, ale jest to nowsza metoda zachowania p\u0142odno\u015bci, wi\u0119c nie jest obecnie dost\u0119pna we wszystkich klinikach leczenia niep\u0142odno\u015bci.  <\/strong><\/p><p><strong>Dla kogo to jest?<\/strong><\/p><p>M\u0142ode kobiety, kt\u00f3re chc\u0105 zachowa\u0107 p\u0142odno\u015b\u0107 i:<\/p><ul><li>Nie masz czasu na zamro\u017cenie jaj lub zarodk\u00f3w<\/li><li>Nie s\u0105 w stanie stosowa\u0107 lek\u00f3w na p\u0142odno\u015b\u0107<\/li><\/ul><p>Po przywr\u00f3ceniu tkanki jajnika do organizmu czasami jest ona w stanie przywr\u00f3ci\u0107 normalny poziom hormon\u00f3w i cykle oraz mo\u017ce pozwoli\u0107 m\u0142odym kobietom na naturalne zaj\u015bcie w ci\u0105\u017c\u0119.<\/p><p>Ta metoda jest r\u00f3wnie\u017c odpowiednia dla dziewcz\u0105t, kt\u00f3re nie osi\u0105gn\u0119\u0142y dojrza\u0142o\u015bci p\u0142ciowej. Przed wymian\u0105 tkanki nale\u017cy j\u0105 dok\u0142adnie zbada\u0107, aby upewni\u0107 si\u0119, \u017ce tkanka nie zawiera \u017cadnych kom\u00f3rek z pierwotnego nowotworu. Jest to szczeg\u00f3lnie wa\u017cne w przypadku pacjent\u00f3w z bia\u0142aczk\u0105 i niekt\u00f3rymi postaciami ch\u0142oniak\u00f3w, w kt\u00f3rych we krwi kr\u0105\u017c\u0105 kom\u00f3rki nowotworowe.  <\/p><p><strong>Co si\u0119 z tym wi\u0105\u017ce?<\/strong><\/p><p>B\u0119dziesz mie\u0107 operacj\u0119 dziurki od klucza w znieczuleniu og\u00f3lnym, podczas kt\u00f3rej zostanie usuni\u0119ty jeden jajnik lub cz\u0119\u015b\u0107 jajnika. Umo\u017cliwi to zamro\u017cenie zewn\u0119trznej warstwy jajnika (gdzie znajduj\u0105 si\u0119 niedojrza\u0142e jaja). B\u0119dziesz m\u00f3g\u0142 wr\u00f3ci\u0107 do domu p\u00f3\u017aniej tego samego dnia po zabiegu.  <\/p><p>Zamro\u017cenie tkanki jajnika dotyczy tylko m\u0142odej kobiety, wi\u0119c nie b\u0119dziesz potrzebowa\u0107 zgody partnera ani rodzic\u00f3w na wykorzystanie tej tkanki w przysz\u0142o\u015bci. Nie ma g\u00f3rnego limitu czasu przechowywania zamro\u017conej tkanki jajnika. <\/p><p><strong>Jaka jest szansa na urodzenie dziecka po zamro\u017ceniu tkanki jajnikowej?<\/strong><\/p><p>Trudno okre\u015bli\u0107, jakie jest prawdopodobie\u0144stwo, \u017ce zamro\u017cenie tkanki jajnika doprowadzi do pomy\u015blnej ci\u0105\u017cy.<\/p><p>Jest to nowsza metoda leczenia, wi\u0119c niewiele m\u0142odych kobiet u\u017cywa\u0142o zamro\u017conej tkanki jajnika, aby spr\u00f3bowa\u0107 mie\u0107 dziecko. Jednak dane pokazuj\u0105, \u017ce zamro\u017cenie tkanki jajnika daje m\u0142odej kobiecie 25 na 100 (25%) szans na urodzenie dziecka. Wi\u0119cej informacji na temat uwalniania kom\u00f3rek jajowych i zarodk\u00f3w mo\u017cna znale\u017a\u0107 na stronie internetowej HFEA (<a href=\"https:\/\/www.hfea.gov.uk\/\" target=\"_blank\" rel=\"noopener\">www.hfea.go.uk<\/a>) na temat wska\u017anik\u00f3w powodzenia ka\u017cdej licencjonowanej kliniki leczenia niep\u0142odno\u015bci. HFEA nie reguluje przechowywania tkanek i nie ma informacji na temat przechowywania tkanek na swojej stronie internetowej.   <\/p><p><strong>Czy ta opcja wp\u0142ynie na zdrowie dziecka?<\/strong><\/p><p>Nie, dane sugeruj\u0105, \u017ce nie wp\u0142ynie to na zdrowie dziecka urodzonego przy u\u017cyciu zamro\u017conej tkanki jajnika.<\/p><p><strong>Czy istniej\u0105 jakie\u015b skutki uboczne leczenia stosowanego w zamra\u017caniu tkanki jajnika?<\/strong><\/p><p>Istnieje prawdopodobie\u0144stwo, \u017ce podczas operacji usuni\u0119cia tkanki jajnikowej mog\u0142o doj\u015b\u0107 do krwawienia, infekcji i uszkodzenia p\u0119cherza lub jelita.<\/p><p><strong>Czy ta opcja op\u00f3\u017ani rozpocz\u0119cie mojego leczenia onkologicznego?<\/strong><\/p><p>Zabieg zwykle przeprowadzany jest w ci\u0105gu jednego dnia (bez noclegu), wi\u0119c nie powinien powodowa\u0107 op\u00f3\u017anie\u0144 w leczeniu raka. Jednak w niekt\u00f3rych przypadkach mo\u017ce to potrwa\u0107 do kilku dni. <\/p><p><strong>Czy ta opcja wp\u0142ynie na moje szanse na powr\u00f3t raka?<\/strong><\/p><p>W niekt\u00f3rych typach nowotwor\u00f3w, takich jak bia\u0142aczka, istnieje prawdopodobie\u0144stwo, \u017ce tkanka jajnika mo\u017ce zawiera\u0107 kom\u00f3rki nowotworowe. Nie ma przypadk\u00f3w, w kt\u00f3rych rak powr\u00f3ci\u0142 po u\u017cyciu tkanki jajnika. <\/p>\t\t\t\t\t\t\t\t<\/div>\n\t\t\t\t<\/div>\n\t\t\t\t<\/div>\n\t\t<div class=\"elementor-element elementor-element-1a0e4f9d e-con-full e-flex e-con e-child\" data-id=\"1a0e4f9d\" data-element_type=\"container\" data-e-type=\"container\">\n\t\t<div class=\"elementor-element elementor-element-2781ca4d e-con-full e-flex e-con e-child\" data-id=\"2781ca4d\" data-element_type=\"container\" data-e-type=\"container\">\n\t\t\t\t<div class=\"elementor-element elementor-element-4aaae53f elementor-widget elementor-widget-image\" data-id=\"4aaae53f\" data-element_type=\"widget\" data-e-type=\"widget\" data-widget_type=\"image.default\">\n\t\t\t\t<div class=\"elementor-widget-container\">\n\t\t\t\t\t\t\t\t\t\t\t\t\t\t\t\t<a href=\"http:\/\/.\/\">\n\t\t\t\t\t\t\t<img decoding=\"async\" width=\"200\" height=\"200\" src=\"https:\/\/cancerfertilityandme.org.uk\/wp-content\/uploads\/cancerfertilityandme-logo-header-young-women.png\" class=\"attachment-full size-full wp-image-330\" alt=\"\" srcset=\"https:\/\/cancerfertilityandme.org.uk\/wp-content\/uploads\/cancerfertilityandme-logo-header-young-women.png 200w, https:\/\/cancerfertilityandme.org.uk\/wp-content\/uploads\/cancerfertilityandme-logo-header-young-women-150x150.png 150w, https:\/\/cancerfertilityandme.org.uk\/wp-content\/uploads\/elementor\/thumbs\/cancerfertilityandme-logo-header-young-women-r4vfcv1ro149or8nkxzol3x986uodd6lq6no4gpb6w.png 100w\" sizes=\"(max-width: 200px) 100vw, 200px\" \/>\t\t\t\t\t\t\t\t<\/a>\n\t\t\t\t\t\t\t\t\t\t\t\t\t\t\t<\/div>\n\t\t\t\t<\/div>\n\t\t\t\t<\/div>\n\t\t<div class=\"elementor-element elementor-element-3c3efc5 e-con-full e-flex e-con e-child\" data-id=\"3c3efc5\" data-element_type=\"container\" data-e-type=\"container\">\n\t\t\t\t<div class=\"elementor-element elementor-element-3a9941c elementor-widget elementor-widget-heading\" data-id=\"3a9941c\" data-element_type=\"widget\" data-e-type=\"widget\" data-widget_type=\"heading.default\">\n\t\t\t\t<div class=\"elementor-widget-container\">\n\t\t\t\t\t<h3 class=\"elementor-heading-title elementor-size-default\">Aby uzyska\u0107 wi\u0119cej informacji, skorzystaj z tych \u0142\u0105czy<\/h3>\t\t\t\t<\/div>\n\t\t\t\t<\/div>\n\t\t\t\t<div class=\"elementor-element elementor-element-6812e43a elementor-nav-menu--dropdown-none elementor-widget elementor-widget-nav-menu\" data-id=\"6812e43a\" data-element_type=\"widget\" data-e-type=\"widget\" data-settings=\"{&quot;layout&quot;:&quot;vertical&quot;,&quot;submenu_icon&quot;:{&quot;value&quot;:&quot;&lt;svg aria-hidden=\\&quot;true\\&quot; class=\\&quot;e-font-icon-svg e-fas-caret-down\\&quot; viewBox=\\&quot;0 0 320 512\\&quot; xmlns=\\&quot;http:\\\/\\\/www.w3.org\\\/2000\\\/svg\\&quot;&gt;&lt;path d=\\&quot;M31.3 192h257.3c17.8 0 26.7 21.5 14.1 34.1L174.1 354.8c-7.8 7.8-20.5 7.8-28.3 0L17.2 226.1C4.6 213.5 13.5 192 31.3 192z\\&quot;&gt;&lt;\\\/path&gt;&lt;\\\/svg&gt;&quot;,&quot;library&quot;:&quot;fa-solid&quot;}}\" data-widget_type=\"nav-menu.default\">\n\t\t\t\t<div class=\"elementor-widget-container\">\n\t\t\t\t\t\t\t\t<nav aria-label=\"Menu\" class=\"elementor-nav-menu--main elementor-nav-menu__container elementor-nav-menu--layout-vertical e--pointer-none\">\n\t\t\t\t<ul id=\"menu-1-6812e43a\" class=\"elementor-nav-menu sm-vertical\"><li class=\"menu-item menu-item-type-post_type menu-item-object-page menu-item-8511\"><a href=\"https:\/\/cancerfertilityandme.org.uk\/young-women\/fertility-preservation\/\" class=\"elementor-item\">Zachowanie p\u0142odno\u015bci<\/a><\/li>\n<li class=\"menu-item menu-item-type-post_type menu-item-object-page menu-item-8514\"><a href=\"https:\/\/cancerfertilityandme.org.uk\/young-women\/fertility-preservation\/no-fertility-preservation\/\" class=\"elementor-item\">Brak zachowania p\u0142odno\u015bci<\/a><\/li>\n<li class=\"menu-item menu-item-type-post_type menu-item-object-page menu-item-8512\"><a href=\"https:\/\/cancerfertilityandme.org.uk\/young-women\/fertility-preservation\/egg-freezing\/\" class=\"elementor-item\">Zamra\u017canie kom\u00f3rek jajowych<\/a><\/li>\n<li class=\"menu-item menu-item-type-post_type menu-item-object-page menu-item-8513\"><a href=\"https:\/\/cancerfertilityandme.org.uk\/young-women\/fertility-preservation\/embryo-freezing\/\" class=\"elementor-item\">Zamra\u017canie zarodk\u00f3w<\/a><\/li>\n<li class=\"menu-item menu-item-type-post_type menu-item-object-page menu-item-8518\"><a href=\"https:\/\/cancerfertilityandme.org.uk\/young-women\/fertility-preservation\/ovarian-tissue-freezing\/\" class=\"elementor-item\">Zamra\u017canie tkanki jajnikowej<\/a><\/li>\n<li class=\"menu-item menu-item-type-post_type menu-item-object-page menu-item-8515\"><a href=\"https:\/\/cancerfertilityandme.org.uk\/young-women\/fertility-preservation\/ovarian-suppression\/\" class=\"elementor-item\">T\u0142umienie czynno\u015bci jajnik\u00f3w<\/a><\/li>\n<li class=\"menu-item menu-item-type-post_type menu-item-object-page menu-item-8519\"><a href=\"https:\/\/cancerfertilityandme.org.uk\/young-women\/fertility-preservation\/fertility-sparing-procedures\/\" class=\"elementor-item\">Opcje oszcz\u0119dzaj\u0105ce p\u0142odno\u015b\u0107 w wybranych nowotworach<\/a><\/li>\n<li class=\"menu-item menu-item-type-post_type menu-item-object-page menu-item-8520\"><a href=\"https:\/\/cancerfertilityandme.org.uk\/young-women\/fertility-preservation\/financial-costs\/\" class=\"elementor-item\">Ibiciro vy&#8217;amahera<\/a><\/li>\n<li class=\"menu-item menu-item-type-post_type menu-item-object-page menu-item-8521\"><a href=\"https:\/\/cancerfertilityandme.org.uk\/young-women\/fertility-preservation\/summary-of-options\/\" class=\"elementor-item\">Podsumowanie opcji<\/a><\/li>\n<li class=\"menu-item menu-item-type-post_type menu-item-object-page menu-item-8522\"><a href=\"https:\/\/cancerfertilityandme.org.uk\/young-women\/fertility-preservation\/questions-to-ask-about-fertility-preservation\/\" class=\"elementor-item\">Pytania, kt\u00f3re nale\u017cy zada\u0107 na temat zachowania p\u0142odno\u015bci<\/a><\/li>\n<\/ul>\t\t\t<\/nav>\n\t\t\t\t\t\t<nav class=\"elementor-nav-menu--dropdown elementor-nav-menu__container\" aria-hidden=\"true\">\n\t\t\t\t<ul id=\"menu-2-6812e43a\" class=\"elementor-nav-menu sm-vertical\"><li class=\"menu-item menu-item-type-post_type menu-item-object-page menu-item-8511\"><a href=\"https:\/\/cancerfertilityandme.org.uk\/young-women\/fertility-preservation\/\" class=\"elementor-item\" tabindex=\"-1\">Zachowanie p\u0142odno\u015bci<\/a><\/li>\n<li class=\"menu-item menu-item-type-post_type menu-item-object-page menu-item-8514\"><a href=\"https:\/\/cancerfertilityandme.org.uk\/young-women\/fertility-preservation\/no-fertility-preservation\/\" class=\"elementor-item\" tabindex=\"-1\">Brak zachowania p\u0142odno\u015bci<\/a><\/li>\n<li class=\"menu-item menu-item-type-post_type menu-item-object-page menu-item-8512\"><a href=\"https:\/\/cancerfertilityandme.org.uk\/young-women\/fertility-preservation\/egg-freezing\/\" class=\"elementor-item\" tabindex=\"-1\">Zamra\u017canie kom\u00f3rek jajowych<\/a><\/li>\n<li class=\"menu-item menu-item-type-post_type menu-item-object-page menu-item-8513\"><a href=\"https:\/\/cancerfertilityandme.org.uk\/young-women\/fertility-preservation\/embryo-freezing\/\" class=\"elementor-item\" tabindex=\"-1\">Zamra\u017canie zarodk\u00f3w<\/a><\/li>\n<li class=\"menu-item menu-item-type-post_type menu-item-object-page menu-item-8518\"><a href=\"https:\/\/cancerfertilityandme.org.uk\/young-women\/fertility-preservation\/ovarian-tissue-freezing\/\" class=\"elementor-item\" tabindex=\"-1\">Zamra\u017canie tkanki jajnikowej<\/a><\/li>\n<li class=\"menu-item menu-item-type-post_type menu-item-object-page menu-item-8515\"><a href=\"https:\/\/cancerfertilityandme.org.uk\/young-women\/fertility-preservation\/ovarian-suppression\/\" class=\"elementor-item\" tabindex=\"-1\">T\u0142umienie czynno\u015bci jajnik\u00f3w<\/a><\/li>\n<li class=\"menu-item menu-item-type-post_type menu-item-object-page menu-item-8519\"><a href=\"https:\/\/cancerfertilityandme.org.uk\/young-women\/fertility-preservation\/fertility-sparing-procedures\/\" class=\"elementor-item\" tabindex=\"-1\">Opcje oszcz\u0119dzaj\u0105ce p\u0142odno\u015b\u0107 w wybranych nowotworach<\/a><\/li>\n<li class=\"menu-item menu-item-type-post_type menu-item-object-page menu-item-8520\"><a href=\"https:\/\/cancerfertilityandme.org.uk\/young-women\/fertility-preservation\/financial-costs\/\" class=\"elementor-item\" tabindex=\"-1\">Ibiciro vy&#8217;amahera<\/a><\/li>\n<li class=\"menu-item menu-item-type-post_type menu-item-object-page menu-item-8521\"><a href=\"https:\/\/cancerfertilityandme.org.uk\/young-women\/fertility-preservation\/summary-of-options\/\" class=\"elementor-item\" tabindex=\"-1\">Podsumowanie opcji<\/a><\/li>\n<li class=\"menu-item menu-item-type-post_type menu-item-object-page menu-item-8522\"><a href=\"https:\/\/cancerfertilityandme.org.uk\/young-women\/fertility-preservation\/questions-to-ask-about-fertility-preservation\/\" class=\"elementor-item\" tabindex=\"-1\">Pytania, kt\u00f3re nale\u017cy zada\u0107 na temat zachowania p\u0142odno\u015bci<\/a><\/li>\n<\/ul>\t\t\t<\/nav>\n\t\t\t\t\t\t<\/div>\n\t\t\t\t<\/div>\n\t\t\t\t<\/div>\n\t\t\t\t<\/div>\n\t\t\t\t\t<\/div>\n\t\t\t\t<\/main>\n\t\t\t\t<\/div>\n\t\t","protected":false},"excerpt":{"rendered":"<p>Zamra\u017canie tkanki jajnikowej Tkanka jajnika zawiera wiele niedojrza\u0142ych kom\u00f3rek jajowych iw tej procedurze tkanka ta jest usuwana, a nast\u0119pnie zamra\u017cana. Po leczeniu nowotworu przez m\u0142od\u0105 kobiet\u0119 tkanka ta mo\u017ce zosta\u0107 ponownie wprowadzona do organizmu, aby umo\u017cliwi\u0107 rozw\u00f3j kom\u00f3rek jajowych. Tkank\u0119 mo\u017cna pobra\u0107 przed iw trakcie chemioterapii, ale jest to nowsza metoda zachowania p\u0142odno\u015bci, wi\u0119c nie [&hellip;]<\/p>\n","protected":false},"author":1,"featured_media":0,"parent":8156,"menu_order":0,"comment_status":"open","ping_status":"closed","template":"","meta":{"footnotes":""},"class_list":["post-8196","page","type-page","status-publish","hentry"],"_links":{"self":[{"href":"https:\/\/cancerfertilityandme.org.uk\/pl\/wp-json\/wp\/v2\/pages\/8196","targetHints":{"allow":["GET"]}}],"collection":[{"href":"https:\/\/cancerfertilityandme.org.uk\/pl\/wp-json\/wp\/v2\/pages"}],"about":[{"href":"https:\/\/cancerfertilityandme.org.uk\/pl\/wp-json\/wp\/v2\/types\/page"}],"author":[{"embeddable":true,"href":"https:\/\/cancerfertilityandme.org.uk\/pl\/wp-json\/wp\/v2\/users\/1"}],"replies":[{"embeddable":true,"href":"https:\/\/cancerfertilityandme.org.uk\/pl\/wp-json\/wp\/v2\/comments?post=8196"}],"version-history":[{"count":3,"href":"https:\/\/cancerfertilityandme.org.uk\/pl\/wp-json\/wp\/v2\/pages\/8196\/revisions"}],"predecessor-version":[{"id":10169,"href":"https:\/\/cancerfertilityandme.org.uk\/pl\/wp-json\/wp\/v2\/pages\/8196\/revisions\/10169"}],"up":[{"embeddable":true,"href":"https:\/\/cancerfertilityandme.org.uk\/pl\/wp-json\/wp\/v2\/pages\/8156"}],"wp:attachment":[{"href":"https:\/\/cancerfertilityandme.org.uk\/pl\/wp-json\/wp\/v2\/media?parent=8196"}],"curies":[{"name":"wp","href":"https:\/\/api.w.org\/{rel}","templated":true}]}}