{"id":8195,"date":"2023-04-06T17:07:14","date_gmt":"2023-04-06T17:07:14","guid":{"rendered":"https:\/\/cancerfertilityandme.org.uk\/zespol-cfm\/"},"modified":"2026-03-27T15:21:41","modified_gmt":"2026-03-27T15:21:41","slug":"zespol-cfm","status":"publish","type":"page","link":"https:\/\/cancerfertilityandme.org.uk\/pl\/mlode-kobiety\/inne-informacje-i-przydatne-kontakty\/zespol-cfm\/","title":{"rendered":"Zesp\u00f3\u0142 CFM"},"content":{"rendered":"\t\t<div data-elementor-type=\"wp-page\" data-elementor-id=\"8195\" class=\"elementor elementor-8195 elementor-7825\" data-elementor-post-type=\"page\">\n\t\t\t\t<main class=\"elementor-element elementor-element-6e4df8a5 e-flex e-con-boxed e-con e-parent\" data-id=\"6e4df8a5\" data-element_type=\"container\" data-e-type=\"container\">\n\t\t\t\t\t<div class=\"e-con-inner\">\n\t\t<div class=\"elementor-element elementor-element-3796184 e-con-full e-flex e-con e-child\" data-id=\"3796184\" data-element_type=\"container\" data-e-type=\"container\">\n\t\t\t\t<div class=\"elementor-element elementor-element-681d3514 elementor-widget elementor-widget-text-editor\" data-id=\"681d3514\" data-element_type=\"widget\" data-e-type=\"widget\" data-widget_type=\"text-editor.default\">\n\t\t\t\t<div class=\"elementor-widget-container\">\n\t\t\t\t\t\t\t\t\t<h2>Zesp\u00f3\u0142 CFM<\/h2><p>Kobiety chore na raka poprosi\u0142y o informacje, kt\u00f3re pomog\u0105 im zastanowi\u0107 si\u0119 nad metodami leczenia w kontek\u015bcie zachowania p\u0142odno\u015bci, oraz przygotuj\u0105 je do rozmowy z zespo\u0142em opieki onkologicznej i zespo\u0142em opieki nad p\u0142odno\u015bci\u0105, partnerem, rodzin\u0105 i przyjaci\u00f3\u0142mi na temat zachowania p\u0142odno\u015bci przed rozpocz\u0119ciem leczenia raka.<\/p><p>Ta strona internetowa zosta\u0142a napisana przez zesp\u00f3\u0142 Cancer, Fertility and Me (CFM), aby pom\u00f3c kobietom chorym na raka w podejmowaniu decyzji dotycz\u0105cych zachowania p\u0142odno\u015bci przed rozpocz\u0119ciem leczenia raka.<\/p><p>W sk\u0142ad zespo\u0142u CFM wchodz\u0105 psychologowie, naukowcy zajmuj\u0105cy si\u0119 podejmowaniem decyzji, badacze, lekarze zajmuj\u0105cy si\u0119 nowotworami u dzieci i doros\u0142ych oraz p\u0142odno\u015bci\u0105, specjalistyczne piel\u0119gniarki, partnerzy pacjent\u00f3w oraz lokalni i krajowi wsp\u00f3\u0142pracownicy organizacji charytatywnych.<\/p><p>Mamy nadziej\u0119, \u017ce ta strona internetowa pomo\u017ce Pani uzyska\u0107 informacje o tym, jakie opcje s\u0105 dost\u0119pne i pomo\u017ce podj\u0105\u0107 najlepsz\u0105 dla Pani decyzj\u0119.<\/p><p>Zesp\u00f3\u0142 badawczy CFM wyra\u017ca wdzi\u0119czno\u015b\u0107 wszystkim pacjentom, grupom u\u017cytkownik\u00f3w i pracownikom s\u0142u\u017cby zdrowia, kt\u00f3rzy po\u015bwi\u0119cili sw\u00f3j czas i wiedz\u0119, aby wesprze\u0107 rozw\u00f3j tej strony internetowej.<\/p>\t\t\t\t\t\t\t\t<\/div>\n\t\t\t\t<\/div>\n\t\t<div class=\"elementor-element elementor-element-7c70424 e-con-full e-flex e-con e-child\" data-id=\"7c70424\" data-element_type=\"container\" data-e-type=\"container\" data-settings=\"{&quot;background_background&quot;:&quot;classic&quot;}\">\n\t\t\t\t<div class=\"elementor-element elementor-element-c1ba87a elementor-widget elementor-widget-text-editor\" data-id=\"c1ba87a\" data-element_type=\"widget\" data-e-type=\"widget\" data-widget_type=\"text-editor.default\">\n\t\t\t\t<div class=\"elementor-widget-container\">\n\t\t\t\t\t\t\t\t\t<p><strong>Polityka aktualizacji<\/strong><\/p>\n<p>Opracowanie tego zasobu zosta\u0142o sfinansowane przez Leeds Beckett University oraz Yorkshire Cancer Research. Cz\u0142onkowie zespo\u0142u badawczego CFM nie odnosz\u0105 \u017cadnych korzy\u015bci ani strat w zwi\u0105zku z korzystaniem z tego zasobu. <\/p>\n<p>Do\u0142o\u017cono wszelkich stara\u0144, aby ten zas\u00f3b zawiera\u0142 aktualne i dok\u0142adne informacje na dzie\u0144 publikacji (pa\u017adziernik 2021). Zesp\u00f3\u0142 CFM b\u0119dzie na bie\u017c\u0105co przegl\u0105da\u0142 nowe dowody, aby zapewni\u0107 prezentowanie rzetelnych informacji. Zesp\u00f3\u0142 CFM b\u0119dzie d\u0105\u017cy\u0142 do corocznej aktualizacji zasobu, chyba \u017ce nowe dowody uzasadni\u0105 wcze\u015bniejsz\u0105 aktualizacj\u0119. Nast\u0119pna planowana aktualizacja przewidziana jest na grudzie\u0144 2026.   <\/p>\t\t\t\t\t\t\t\t<\/div>\n\t\t\t\t<\/div>\n\t\t\t\t<\/div>\n\t\t\t\t<\/div>\n\t\t<div class=\"elementor-element elementor-element-313f5f1e e-con-full e-flex e-con e-child\" data-id=\"313f5f1e\" data-element_type=\"container\" data-e-type=\"container\">\n\t\t<div class=\"elementor-element elementor-element-424316e e-con-full e-flex e-con e-child\" data-id=\"424316e\" data-element_type=\"container\" data-e-type=\"container\">\n\t\t\t\t<div class=\"elementor-element elementor-element-28f6ca7b elementor-widget elementor-widget-image\" data-id=\"28f6ca7b\" data-element_type=\"widget\" data-e-type=\"widget\" data-widget_type=\"image.default\">\n\t\t\t\t<div class=\"elementor-widget-container\">\n\t\t\t\t\t\t\t\t\t\t\t\t\t\t\t\t<a href=\"http:\/\/.\/\">\n\t\t\t\t\t\t\t<img decoding=\"async\" width=\"200\" height=\"200\" src=\"https:\/\/cancerfertilityandme.org.uk\/wp-content\/uploads\/cancerfertilityandme-logo-header-young-women.png\" class=\"attachment-full size-full wp-image-330\" alt=\"\" srcset=\"https:\/\/cancerfertilityandme.org.uk\/wp-content\/uploads\/cancerfertilityandme-logo-header-young-women.png 200w, https:\/\/cancerfertilityandme.org.uk\/wp-content\/uploads\/cancerfertilityandme-logo-header-young-women-150x150.png 150w, https:\/\/cancerfertilityandme.org.uk\/wp-content\/uploads\/elementor\/thumbs\/cancerfertilityandme-logo-header-young-women-r4vfcv1ro149or8nkxzol3x986uodd6lq6no4gpb6w.png 100w\" sizes=\"(max-width: 200px) 100vw, 200px\" \/>\t\t\t\t\t\t\t\t<\/a>\n\t\t\t\t\t\t\t\t\t\t\t\t\t\t\t<\/div>\n\t\t\t\t<\/div>\n\t\t\t\t<\/div>\n\t\t<div class=\"elementor-element elementor-element-1ab6d1d9 e-con-full e-flex e-con e-child\" data-id=\"1ab6d1d9\" data-element_type=\"container\" data-e-type=\"container\">\n\t\t\t\t<div class=\"elementor-element elementor-element-18f86fa4 elementor-widget elementor-widget-heading\" data-id=\"18f86fa4\" data-element_type=\"widget\" data-e-type=\"widget\" data-widget_type=\"heading.default\">\n\t\t\t\t<div class=\"elementor-widget-container\">\n\t\t\t\t\t<h3 class=\"elementor-heading-title elementor-size-default\">Aby uzyska\u0107 wi\u0119cej informacji, skorzystaj z tych \u0142\u0105czy<\/h3>\t\t\t\t<\/div>\n\t\t\t\t<\/div>\n\t\t\t\t<div class=\"elementor-element elementor-element-744a813f elementor-nav-menu--dropdown-none elementor-widget elementor-widget-nav-menu\" data-id=\"744a813f\" data-element_type=\"widget\" data-e-type=\"widget\" data-settings=\"{&quot;layout&quot;:&quot;vertical&quot;,&quot;submenu_icon&quot;:{&quot;value&quot;:&quot;&lt;svg aria-hidden=\\&quot;true\\&quot; class=\\&quot;e-font-icon-svg e-fas-caret-down\\&quot; viewBox=\\&quot;0 0 320 512\\&quot; xmlns=\\&quot;http:\\\/\\\/www.w3.org\\\/2000\\\/svg\\&quot;&gt;&lt;path d=\\&quot;M31.3 192h257.3c17.8 0 26.7 21.5 14.1 34.1L174.1 354.8c-7.8 7.8-20.5 7.8-28.3 0L17.2 226.1C4.6 213.5 13.5 192 31.3 192z\\&quot;&gt;&lt;\\\/path&gt;&lt;\\\/svg&gt;&quot;,&quot;library&quot;:&quot;fa-solid&quot;}}\" data-widget_type=\"nav-menu.default\">\n\t\t\t\t<div class=\"elementor-widget-container\">\n\t\t\t\t\t\t\t\t<nav aria-label=\"Menu\" class=\"elementor-nav-menu--main elementor-nav-menu__container elementor-nav-menu--layout-vertical e--pointer-none\">\n\t\t\t\t<ul id=\"menu-1-744a813f\" class=\"elementor-nav-menu sm-vertical\"><li class=\"menu-item menu-item-type-post_type menu-item-object-page menu-item-8527\"><a href=\"https:\/\/cancerfertilityandme.org.uk\/young-women\/other-information-and-contacts\/\" class=\"elementor-item\">Inne informacje i przydatne kontakty<\/a><\/li>\n<li class=\"menu-item menu-item-type-post_type menu-item-object-page menu-item-8528\"><a href=\"https:\/\/cancerfertilityandme.org.uk\/young-women\/other-information-and-contacts\/the-cfm-team\/\" class=\"elementor-item\">Zesp\u00f3\u0142 CFM<\/a><\/li>\n<li class=\"menu-item menu-item-type-post_type menu-item-object-page menu-item-8529\"><a href=\"https:\/\/cancerfertilityandme.org.uk\/young-women\/other-information-and-contacts\/download-the-booklet\/\" class=\"elementor-item\">Broszura CFM do pobrania (w j\u0119zyku angielskim)<\/a><\/li>\n<li class=\"menu-item menu-item-type-post_type menu-item-object-page menu-item-10566\"><a href=\"https:\/\/cancerfertilityandme.org.uk\/contact-us\/\" class=\"elementor-item\">Skontaktuj si\u0119 z nami<\/a><\/li>\n<\/ul>\t\t\t<\/nav>\n\t\t\t\t\t\t<nav class=\"elementor-nav-menu--dropdown elementor-nav-menu__container\" aria-hidden=\"true\">\n\t\t\t\t<ul id=\"menu-2-744a813f\" class=\"elementor-nav-menu sm-vertical\"><li class=\"menu-item menu-item-type-post_type menu-item-object-page menu-item-8527\"><a href=\"https:\/\/cancerfertilityandme.org.uk\/young-women\/other-information-and-contacts\/\" class=\"elementor-item\" tabindex=\"-1\">Inne informacje i przydatne kontakty<\/a><\/li>\n<li class=\"menu-item menu-item-type-post_type menu-item-object-page menu-item-8528\"><a href=\"https:\/\/cancerfertilityandme.org.uk\/young-women\/other-information-and-contacts\/the-cfm-team\/\" class=\"elementor-item\" tabindex=\"-1\">Zesp\u00f3\u0142 CFM<\/a><\/li>\n<li class=\"menu-item menu-item-type-post_type menu-item-object-page menu-item-8529\"><a href=\"https:\/\/cancerfertilityandme.org.uk\/young-women\/other-information-and-contacts\/download-the-booklet\/\" class=\"elementor-item\" tabindex=\"-1\">Broszura CFM do pobrania (w j\u0119zyku angielskim)<\/a><\/li>\n<li class=\"menu-item menu-item-type-post_type menu-item-object-page menu-item-10566\"><a href=\"https:\/\/cancerfertilityandme.org.uk\/contact-us\/\" class=\"elementor-item\" tabindex=\"-1\">Skontaktuj si\u0119 z nami<\/a><\/li>\n<\/ul>\t\t\t<\/nav>\n\t\t\t\t\t\t<\/div>\n\t\t\t\t<\/div>\n\t\t\t\t<\/div>\n\t\t\t\t<\/div>\n\t\t\t\t\t<\/div>\n\t\t\t\t<\/main>\n\t\t\t\t<\/div>\n\t\t","protected":false},"excerpt":{"rendered":"<p>Zesp\u00f3\u0142 CFM Kobiety chore na raka poprosi\u0142y o informacje, kt\u00f3re pomog\u0105 im zastanowi\u0107 si\u0119 nad metodami leczenia w kontek\u015bcie zachowania p\u0142odno\u015bci, oraz przygotuj\u0105 je do rozmowy z zespo\u0142em opieki onkologicznej i zespo\u0142em opieki nad p\u0142odno\u015bci\u0105, partnerem, rodzin\u0105 i przyjaci\u00f3\u0142mi na temat zachowania p\u0142odno\u015bci przed rozpocz\u0119ciem leczenia raka. Ta strona internetowa zosta\u0142a napisana przez zesp\u00f3\u0142 Cancer, [&hellip;]<\/p>\n","protected":false},"author":1,"featured_media":0,"parent":8192,"menu_order":0,"comment_status":"open","ping_status":"closed","template":"","meta":{"footnotes":""},"class_list":["post-8195","page","type-page","status-publish","hentry"],"_links":{"self":[{"href":"https:\/\/cancerfertilityandme.org.uk\/pl\/wp-json\/wp\/v2\/pages\/8195","targetHints":{"allow":["GET"]}}],"collection":[{"href":"https:\/\/cancerfertilityandme.org.uk\/pl\/wp-json\/wp\/v2\/pages"}],"about":[{"href":"https:\/\/cancerfertilityandme.org.uk\/pl\/wp-json\/wp\/v2\/types\/page"}],"author":[{"embeddable":true,"href":"https:\/\/cancerfertilityandme.org.uk\/pl\/wp-json\/wp\/v2\/users\/1"}],"replies":[{"embeddable":true,"href":"https:\/\/cancerfertilityandme.org.uk\/pl\/wp-json\/wp\/v2\/comments?post=8195"}],"version-history":[{"count":3,"href":"https:\/\/cancerfertilityandme.org.uk\/pl\/wp-json\/wp\/v2\/pages\/8195\/revisions"}],"predecessor-version":[{"id":12619,"href":"https:\/\/cancerfertilityandme.org.uk\/pl\/wp-json\/wp\/v2\/pages\/8195\/revisions\/12619"}],"up":[{"embeddable":true,"href":"https:\/\/cancerfertilityandme.org.uk\/pl\/wp-json\/wp\/v2\/pages\/8192"}],"wp:attachment":[{"href":"https:\/\/cancerfertilityandme.org.uk\/pl\/wp-json\/wp\/v2\/media?parent=8195"}],"curies":[{"name":"wp","href":"https:\/\/api.w.org\/{rel}","templated":true}]}}