{"id":8190,"date":"2023-04-06T12:49:44","date_gmt":"2023-04-06T12:49:44","guid":{"rendered":"https:\/\/cancerfertilityandme.org.uk\/rozmowy-z-innymi-o-decyzji-dotyczacej-zachowania-plodnosci\/"},"modified":"2026-02-06T15:12:04","modified_gmt":"2026-02-06T15:12:04","slug":"rozmowy-z-innymi-o-decyzji-dotyczacej-zachowania-plodnosci","status":"publish","type":"page","link":"https:\/\/cancerfertilityandme.org.uk\/pl\/mlode-kobiety\/podejmowanie-decyzji-o-zachowaniu-plodnosci\/rozmowy-z-innymi-o-decyzji-dotyczacej-zachowania-plodnosci\/","title":{"rendered":"Rozmowy z innymi o decyzji dotycz\u0105cej zachowania p\u0142odno\u015bci"},"content":{"rendered":"\t\t<div data-elementor-type=\"wp-page\" data-elementor-id=\"8190\" class=\"elementor elementor-8190 elementor-7821\" data-elementor-post-type=\"page\">\n\t\t\t\t<main class=\"elementor-element elementor-element-2044ffe5 e-flex e-con-boxed e-con e-parent\" data-id=\"2044ffe5\" data-element_type=\"container\" data-e-type=\"container\">\n\t\t\t\t\t<div class=\"e-con-inner\">\n\t\t<div class=\"elementor-element elementor-element-270d3d2a e-con-full e-flex e-con e-child\" data-id=\"270d3d2a\" data-element_type=\"container\" data-e-type=\"container\">\n\t\t\t\t<div class=\"elementor-element elementor-element-6e19282f elementor-widget elementor-widget-text-editor\" data-id=\"6e19282f\" data-element_type=\"widget\" data-e-type=\"widget\" data-widget_type=\"text-editor.default\">\n\t\t\t\t<div class=\"elementor-widget-container\">\n\t\t\t\t\t\t\t\t\t<h2>Rozmowy z innymi o decyzji dotycz\u0105cej zachowania p\u0142odno\u015bci<\/h2><p><strong>Niekt\u00f3rym kobietom pomaga rozmowa z innymi osobami o diagnozie raka i zachowaniu p\u0142odno\u015bci.<\/strong><\/p><p>Pomocna mo\u017ce okaza\u0107 si\u0119 rozmowa o takich kwestiach jak:<\/p><ul><li>Podejmowanie trudnych decyzji. Wyra\u017canie swoich uczu\u0107 bliskim.<\/li><li>Sposoby radzenia sobie z w\u0142asnymi uczuciami.<\/li><li>Wp\u0142yw raka i kwestii p\u0142odno\u015bci na Pani relacje.<\/li><li>Niepok\u00f3j i stres.<\/li><li>Radzenie sobie z rakiem i metodami ochrony p\u0142odno\u015bci.<\/li><\/ul><p>Znalezienie najlepszego dla siebie wsparcia mo\u017ce oznacza\u0107, \u017ce b\u0119dzie Pani w stanie lepiej radzi\u0107 sobie ze swoj\u0105 sytuacj\u0105. Ludzie wybieraj\u0105 r\u00f3\u017cne sposoby, aby poczu\u0107 wsparcie. Mog\u0105 one obejmowa\u0107:  <\/p><ul><li>Uzyskanie informacji o wszystkich dost\u0119pnych opcjach.<\/li><li>Prowadzenie dziennika lub notatek na temat swoich przemy\u015ble\u0144 i powod\u00f3w decyzji.<\/li><li>Zastanowienie si\u0119, kogo mo\u017ce Pani chcie\u0107 zaanga\u017cowa\u0107 w podejmowanie decyzji Mo\u017ce to by\u0107 Pani partner, rodzina, przyjaciele, piel\u0119gniarka lub lekarz \u2013 lub kto\u015b inny. <\/li><li>Podj\u0119cie terapii. Mo\u017cna to zrobi\u0107 samemu, z partnerem lub inn\u0105 blisk\u0105 osob\u0105. Profesjonalni terapeuci\/doradcy, kt\u00f3rzy nie s\u0105 bezpo\u015brednio zaanga\u017cowani w Pani \u2026 proces zachowania p\u0142odno\u015bci lub leczenie raka, mog\u0105 by\u0107 dost\u0119pni w klinikach opieki nad p\u0142odno\u015bci\u0105 i klinikach leczenia raka. Wymieniono inne organizacje doradcze, kt\u00f3re mog\u0105 by\u0107 w stanie zapewni\u0107 Pani dedykowane wsparcie doradcze <a href=\"https:\/\/cancerfertilityandme.org.uk\/pl\/home\/inne-informacje-i-przydatne-kontakty\/\">tutaj<\/a>  <\/li><li>Rozmowa z lud\u017ami, kt\u00f3rzy przeszli przez podobne do\u015bwiadczenia. Dost\u0119pne organizacje pomocowe. Niekt\u00f3re z nich wymienili\u015bmy <a href=\"https:\/\/cancerfertilityandme.org.uk\/pl\/home\/inne-informacje-i-przydatne-kontakty\/\">tutaj<\/a>. Mo\u017ce si\u0119 zdarzy\u0107, \u017ce nie b\u0119dzie Pani chcia\u0142a rozmawia\u0107 o p\u0142odno\u015bci i raku. W porz\u0105dku jest nie chcie\u0107 o tym rozmawia\u0107 i w porz\u0105dku jest m\u00f3wi\u0107 o tym innym. Mo\u017ce powiedzie\u0107 co\u015b w stylu \u201eWiem, \u017ce pyta Pan tylko dlatego, \u017ce Panu zale\u017cy, ale teraz naprawd\u0119 chcia\u0142bym porozmawia\u0107 o tym, co ogl\u0105da\u0142em wczoraj w telewizji\u201d.    <\/li><\/ul>\t\t\t\t\t\t\t\t<\/div>\n\t\t\t\t<\/div>\n\t\t\t\t<\/div>\n\t\t<div class=\"elementor-element elementor-element-14deb032 e-con-full e-flex e-con e-child\" data-id=\"14deb032\" data-element_type=\"container\" data-e-type=\"container\">\n\t\t<div class=\"elementor-element elementor-element-6dc0aee2 e-con-full e-flex e-con e-child\" data-id=\"6dc0aee2\" data-element_type=\"container\" data-e-type=\"container\">\n\t\t\t\t<div class=\"elementor-element elementor-element-7d028595 elementor-widget elementor-widget-image\" data-id=\"7d028595\" data-element_type=\"widget\" data-e-type=\"widget\" data-widget_type=\"image.default\">\n\t\t\t\t<div class=\"elementor-widget-container\">\n\t\t\t\t\t\t\t\t\t\t\t\t\t\t\t\t<a href=\"http:\/\/.\/\">\n\t\t\t\t\t\t\t<img decoding=\"async\" width=\"200\" height=\"200\" src=\"https:\/\/cancerfertilityandme.org.uk\/wp-content\/uploads\/cancerfertilityandme-logo-header-young-women.png\" class=\"attachment-full size-full wp-image-330\" alt=\"\" srcset=\"https:\/\/cancerfertilityandme.org.uk\/wp-content\/uploads\/cancerfertilityandme-logo-header-young-women.png 200w, https:\/\/cancerfertilityandme.org.uk\/wp-content\/uploads\/cancerfertilityandme-logo-header-young-women-150x150.png 150w, https:\/\/cancerfertilityandme.org.uk\/wp-content\/uploads\/elementor\/thumbs\/cancerfertilityandme-logo-header-young-women-r4vfcv1ro149or8nkxzol3x986uodd6lq6no4gpb6w.png 100w\" sizes=\"(max-width: 200px) 100vw, 200px\" \/>\t\t\t\t\t\t\t\t<\/a>\n\t\t\t\t\t\t\t\t\t\t\t\t\t\t\t<\/div>\n\t\t\t\t<\/div>\n\t\t\t\t<\/div>\n\t\t<div class=\"elementor-element elementor-element-3976e185 e-con-full e-flex e-con e-child\" data-id=\"3976e185\" data-element_type=\"container\" data-e-type=\"container\">\n\t\t\t\t<div class=\"elementor-element elementor-element-41beb9c6 elementor-widget elementor-widget-heading\" data-id=\"41beb9c6\" data-element_type=\"widget\" data-e-type=\"widget\" data-widget_type=\"heading.default\">\n\t\t\t\t<div class=\"elementor-widget-container\">\n\t\t\t\t\t<h3 class=\"elementor-heading-title elementor-size-default\">Aby uzyska\u0107 wi\u0119cej informacji, skorzystaj z tych \u0142\u0105czy<\/h3>\t\t\t\t<\/div>\n\t\t\t\t<\/div>\n\t\t\t\t<div class=\"elementor-element elementor-element-1bece2b2 elementor-nav-menu--dropdown-none elementor-widget elementor-widget-nav-menu\" data-id=\"1bece2b2\" data-element_type=\"widget\" data-e-type=\"widget\" data-settings=\"{&quot;layout&quot;:&quot;vertical&quot;,&quot;submenu_icon&quot;:{&quot;value&quot;:&quot;&lt;svg aria-hidden=\\&quot;true\\&quot; class=\\&quot;e-font-icon-svg e-fas-caret-down\\&quot; viewBox=\\&quot;0 0 320 512\\&quot; xmlns=\\&quot;http:\\\/\\\/www.w3.org\\\/2000\\\/svg\\&quot;&gt;&lt;path d=\\&quot;M31.3 192h257.3c17.8 0 26.7 21.5 14.1 34.1L174.1 354.8c-7.8 7.8-20.5 7.8-28.3 0L17.2 226.1C4.6 213.5 13.5 192 31.3 192z\\&quot;&gt;&lt;\\\/path&gt;&lt;\\\/svg&gt;&quot;,&quot;library&quot;:&quot;fa-solid&quot;}}\" data-widget_type=\"nav-menu.default\">\n\t\t\t\t<div class=\"elementor-widget-container\">\n\t\t\t\t\t\t\t\t<nav aria-label=\"Menu\" class=\"elementor-nav-menu--main elementor-nav-menu__container elementor-nav-menu--layout-vertical e--pointer-none\">\n\t\t\t\t<ul id=\"menu-1-1bece2b2\" class=\"elementor-nav-menu sm-vertical\"><li class=\"menu-item menu-item-type-post_type menu-item-object-page menu-item-8524\"><a href=\"https:\/\/cancerfertilityandme.org.uk\/young-women\/making-your-decision\/\" class=\"elementor-item\">Podejmowanie decyzji o zachowaniu p\u0142odno\u015bci<\/a><\/li>\n<li class=\"menu-item menu-item-type-post_type menu-item-object-page menu-item-8525\"><a href=\"https:\/\/cancerfertilityandme.org.uk\/young-women\/making-your-decision\/talking-about-fertility-preservation\/\" class=\"elementor-item\">M\u00f3wimy o zachowaniu p\u0142odno\u015bci<\/a><\/li>\n<li class=\"menu-item menu-item-type-post_type menu-item-object-page menu-item-8526\"><a href=\"https:\/\/cancerfertilityandme.org.uk\/young-women\/making-your-decision\/talking-about-fertility-preservation-decision-with-others\/\" class=\"elementor-item\">Rozmowy z innymi o decyzji dotycz\u0105cej zachowania p\u0142odno\u015bci<\/a><\/li>\n<\/ul>\t\t\t<\/nav>\n\t\t\t\t\t\t<nav class=\"elementor-nav-menu--dropdown elementor-nav-menu__container\" aria-hidden=\"true\">\n\t\t\t\t<ul id=\"menu-2-1bece2b2\" class=\"elementor-nav-menu sm-vertical\"><li class=\"menu-item menu-item-type-post_type menu-item-object-page menu-item-8524\"><a href=\"https:\/\/cancerfertilityandme.org.uk\/young-women\/making-your-decision\/\" class=\"elementor-item\" tabindex=\"-1\">Podejmowanie decyzji o zachowaniu p\u0142odno\u015bci<\/a><\/li>\n<li class=\"menu-item menu-item-type-post_type menu-item-object-page menu-item-8525\"><a href=\"https:\/\/cancerfertilityandme.org.uk\/young-women\/making-your-decision\/talking-about-fertility-preservation\/\" class=\"elementor-item\" tabindex=\"-1\">M\u00f3wimy o zachowaniu p\u0142odno\u015bci<\/a><\/li>\n<li class=\"menu-item menu-item-type-post_type menu-item-object-page menu-item-8526\"><a href=\"https:\/\/cancerfertilityandme.org.uk\/young-women\/making-your-decision\/talking-about-fertility-preservation-decision-with-others\/\" class=\"elementor-item\" tabindex=\"-1\">Rozmowy z innymi o decyzji dotycz\u0105cej zachowania p\u0142odno\u015bci<\/a><\/li>\n<\/ul>\t\t\t<\/nav>\n\t\t\t\t\t\t<\/div>\n\t\t\t\t<\/div>\n\t\t\t\t<\/div>\n\t\t\t\t<\/div>\n\t\t\t\t\t<\/div>\n\t\t\t\t<\/main>\n\t\t\t\t<\/div>\n\t\t","protected":false},"excerpt":{"rendered":"<p>Rozmowy z innymi o decyzji dotycz\u0105cej zachowania p\u0142odno\u015bci Niekt\u00f3rym kobietom pomaga rozmowa z innymi osobami o diagnozie raka i zachowaniu p\u0142odno\u015bci. Pomocna mo\u017ce okaza\u0107 si\u0119 rozmowa o takich kwestiach jak: Podejmowanie trudnych decyzji. Wyra\u017canie swoich uczu\u0107 bliskim. Sposoby radzenia sobie z w\u0142asnymi uczuciami. Wp\u0142yw raka i kwestii p\u0142odno\u015bci na Pani relacje. Niepok\u00f3j i stres. Radzenie [&hellip;]<\/p>\n","protected":false},"author":1,"featured_media":0,"parent":8170,"menu_order":0,"comment_status":"open","ping_status":"closed","template":"","meta":{"footnotes":""},"class_list":["post-8190","page","type-page","status-publish","hentry"],"_links":{"self":[{"href":"https:\/\/cancerfertilityandme.org.uk\/pl\/wp-json\/wp\/v2\/pages\/8190","targetHints":{"allow":["GET"]}}],"collection":[{"href":"https:\/\/cancerfertilityandme.org.uk\/pl\/wp-json\/wp\/v2\/pages"}],"about":[{"href":"https:\/\/cancerfertilityandme.org.uk\/pl\/wp-json\/wp\/v2\/types\/page"}],"author":[{"embeddable":true,"href":"https:\/\/cancerfertilityandme.org.uk\/pl\/wp-json\/wp\/v2\/users\/1"}],"replies":[{"embeddable":true,"href":"https:\/\/cancerfertilityandme.org.uk\/pl\/wp-json\/wp\/v2\/comments?post=8190"}],"version-history":[{"count":2,"href":"https:\/\/cancerfertilityandme.org.uk\/pl\/wp-json\/wp\/v2\/pages\/8190\/revisions"}],"predecessor-version":[{"id":10300,"href":"https:\/\/cancerfertilityandme.org.uk\/pl\/wp-json\/wp\/v2\/pages\/8190\/revisions\/10300"}],"up":[{"embeddable":true,"href":"https:\/\/cancerfertilityandme.org.uk\/pl\/wp-json\/wp\/v2\/pages\/8170"}],"wp:attachment":[{"href":"https:\/\/cancerfertilityandme.org.uk\/pl\/wp-json\/wp\/v2\/media?parent=8190"}],"curies":[{"name":"wp","href":"https:\/\/api.w.org\/{rel}","templated":true}]}}