{"id":8188,"date":"2023-04-02T16:34:20","date_gmt":"2023-04-02T16:34:20","guid":{"rendered":"https:\/\/cancerfertilityandme.org.uk\/rozmowa-z-zespolem-ds-opieki-nad-plodnoscia-na-temat-zachowania-plodnosci\/"},"modified":"2026-02-06T08:56:45","modified_gmt":"2026-02-06T08:56:45","slug":"rozmowa-z-zespolem-ds-opieki-nad-plodnoscia-na-temat-zachowania-plodnosci","status":"publish","type":"page","link":"https:\/\/cancerfertilityandme.org.uk\/pl\/mlode-kobiety\/podejmowanie-decyzji-o-zachowaniu-plodnosci\/rozmowa-z-zespolem-ds-opieki-nad-plodnoscia-na-temat-zachowania-plodnosci\/","title":{"rendered":"M\u00f3wimy o zachowaniu p\u0142odno\u015bci"},"content":{"rendered":"\t\t<div data-elementor-type=\"wp-page\" data-elementor-id=\"8188\" class=\"elementor elementor-8188 elementor-7761\" data-elementor-post-type=\"page\">\n\t\t\t\t<main class=\"elementor-element elementor-element-33337609 e-flex e-con-boxed e-con e-parent\" data-id=\"33337609\" data-element_type=\"container\" data-e-type=\"container\">\n\t\t\t\t\t<div class=\"e-con-inner\">\n\t\t<div class=\"elementor-element elementor-element-2ec8e3ed e-con-full e-flex e-con e-child\" data-id=\"2ec8e3ed\" data-element_type=\"container\" data-e-type=\"container\">\n\t\t\t\t<div class=\"elementor-element elementor-element-2d95895a elementor-widget elementor-widget-text-editor\" data-id=\"2d95895a\" data-element_type=\"widget\" data-e-type=\"widget\" data-widget_type=\"text-editor.default\">\n\t\t\t\t<div class=\"elementor-widget-container\">\n\t\t\t\t\t\t\t\t\t<h2>Rozmowa z zespo\u0142em ds. opieki nad p\u0142odno\u015bci\u0105 na temat zachowania p\u0142odno\u015bci<\/h2><p>Zesp\u00f3\u0142 opieki nad p\u0142odno\u015bci\u0105 przeprowadza procedury znane jako zachowanie p\u0142odno\u015bci u kobiet, u kt\u00f3rych zdiagnozowano raka. Zesp\u00f3\u0142 ds. opieki nad p\u0142odno\u015bci\u0105 mo\u017ce porozmawia\u0107 z Pani\u0105 na temat Pani decyzji o poddaniu si\u0119 lub niepoddaniu si\u0119 procedurom zachowania p\u0142odno\u015bci. <\/p><p>Konsultacja dotycz\u0105ca p\u0142odno\u015bci zale\u017cy od kliniki, do kt\u00f3rej Pani ucz\u0119szcza, diagnozy raka i planowanego leczenia raka. Zesp\u00f3\u0142 opieki nad p\u0142odno\u015bci\u0105 przeanalizuje Pani histori\u0119 medyczn\u0105, aby upewni\u0107 si\u0119, \u017ce leczenie zachowuj\u0105ce p\u0142odno\u015b\u0107 jest odpowiednie. Wyja\u015bni Pani, na czym polega leczenie, jakie s\u0105 szanse powodzenia i skutki uboczne zastosowania metod chroni\u0105cych p\u0142odno\u015b\u0107. Je\u015bli b\u0119dzie Pani potrzebowa\u0107 dalszych bada\u0144, zostan\u0105 one wykonane przed wdro\u017ceniem procedur zachowuj\u0105cych p\u0142odno\u015b\u0107. B\u0119dzie Pani r\u00f3wnie\u017c mia\u0142a mo\u017cliwo\u015b\u0107 om\u00f3wienia r\u00f3\u017cnych opcji zachowania p\u0142odno\u015bci dost\u0119pnych w klinice.    <\/p><p>Je\u015bli zdecyduje si\u0119 Pani na leczenie zachowuj\u0105ce p\u0142odno\u015b\u0107, przeprowadzone zostan\u0105 r\u00f3\u017cne badania. Obejm\u0105 one badania krwi w celu pomiaru poziomu hormon\u00f3w i inne badania przesiewowe. Zesp\u00f3\u0142 opieki nad p\u0142odno\u015bci\u0105 om\u00f3wi r\u00f3wnie\u017c kwestie dotycz\u0105ce zgody na leczenie zgodnie z zaleceniami HFEA. <\/p><p>Cz\u0142onek zespo\u0142u opieki onkologicznej b\u0119dzie m\u00f3g\u0142 skierowa\u0107 Pani\u0105 do kliniki opieki nad p\u0142odno\u015bci\u0105. Mo\u017ce poprosi\u0107 ich o jak najwcze\u015bniejsz\u0105 wizyt\u0119, aby zapobiec op\u00f3\u017anieniom w leczeniu raka.<\/p>\t\t\t\t\t\t\t\t<\/div>\n\t\t\t\t<\/div>\n\t\t<div class=\"elementor-element elementor-element-30000985 e-con-full e-flex e-con e-child\" data-id=\"30000985\" data-element_type=\"container\" data-e-type=\"container\" data-settings=\"{&quot;background_background&quot;:&quot;classic&quot;}\">\n\t\t\t\t<div class=\"elementor-element elementor-element-5606b1a3 elementor-widget elementor-widget-text-editor\" data-id=\"5606b1a3\" data-element_type=\"widget\" data-e-type=\"widget\" data-widget_type=\"text-editor.default\">\n\t\t\t\t<div class=\"elementor-widget-container\">\n\t\t\t\t\t\t\t\t\t<h2>Je\u015bli chcia\u0142aby Pani otrzyma\u0107 skierowanie do kliniki opieki nad p\u0142odno\u015bci\u0105, nale\u017cy sprawdzi\u0107 kilka rzeczy:<\/h2><ul><li>Czy cz\u0142onek mojego zespo\u0142u opieki onkologicznej skierowa\u0142 mnie do kliniki opieki nad p\u0142odno\u015bci\u0105?<\/li><li>Czy zosta\u0142am um\u00f3wiona na wizyt\u0119 w klinice opieki nad p\u0142odno\u015bci\u0105?<\/li><\/ul><p>Je\u015bli odpowied\u017a brzmi \u201enie\u201d lub \u201enie jestem pewna\u201d warto poprosi\u0107 zesp\u00f3\u0142 opieki onkologicznej o jak najszybszy kontakt z klinik\u0105 opieki nad p\u0142odno\u015bci\u0105 w Pani imieniu.<\/p><p>By\u0107 mo\u017ce b\u0119dzie Pani musia\u0142a zada\u0107 pytania w klinice opieki nad p\u0142odno\u015bci\u0105. Poni\u017csze pytania mog\u0105 pom\u00f3c Pani przygotowa\u0107 si\u0119 do konsultacji w sprawie p\u0142odno\u015bci. <\/p>\t\t\t\t\t\t\t\t<\/div>\n\t\t\t\t<\/div>\n\t\t\t\t<\/div>\n\t\t<div class=\"elementor-element elementor-element-ff8e1ab e-con-full e-flex e-con e-child\" data-id=\"ff8e1ab\" data-element_type=\"container\" data-e-type=\"container\" data-settings=\"{&quot;background_background&quot;:&quot;classic&quot;}\">\n\t\t\t\t<div class=\"elementor-element elementor-element-8eb63b9 elementor-widget elementor-widget-text-editor\" data-id=\"8eb63b9\" data-element_type=\"widget\" data-e-type=\"widget\" data-widget_type=\"text-editor.default\">\n\t\t\t\t<div class=\"elementor-widget-container\">\n\t\t\t\t\t\t\t\t\t<h2>Pytania, kt\u00f3re nale\u017cy zada\u0107 zespo\u0142om zajmuj\u0105cym si\u0119 leczeniem raka i opiek\u0105 nad p\u0142odno\u015bci\u0105.<\/h2><h3>Poni\u017csze pytania mog\u0105 pom\u00f3c Pani przygotowa\u0107 si\u0119 do konsultacji w sprawie p\u0142odno\u015bci.<\/h3><ul><li>Jak d\u0142ugo potrwa ochrona p\u0142odno\u015bci?<\/li><li>Czy leczenie w celu zachowania p\u0142odno\u015bci op\u00f3\u017ani leczenie raka?<\/li><li>Jakie s\u0105 moje szanse na posiadanie w\u0142asnych dzieci w przysz\u0142o\u015bci?<\/li><li>Czy zachowanie p\u0142odno\u015bci wp\u0142yn\u0119\u0142oby na ryzyko nawrotu raka?<br><\/li><\/ul><ul><li>Czy cz\u0142onek mojego zespo\u0142u opieki onkologicznej skierowa\u0142 mnie do kliniki opieki nad p\u0142odno\u015bci\u0105?<\/li><li>Czy zosta\u0142am um\u00f3wiona na wizyt\u0119 w klinice opieki nad p\u0142odno\u015bci\u0105?<\/li><\/ul><p>Je\u015bli odpowied\u017a brzmi \u201enie\u201d lub \u201enie jestem pewna\u201d warto poprosi\u0107 zesp\u00f3\u0142 opieki onkologicznej o jak najszybszy kontakt z klinik\u0105 opieki nad p\u0142odno\u015bci\u0105 w Pani imieniu.<\/p><p>By\u0107 mo\u017ce b\u0119dzie Pani musia\u0142a zada\u0107 pytania w klinice opieki nad p\u0142odno\u015bci\u0105. Poni\u017csze pytania mog\u0105 pom\u00f3c Pani przygotowa\u0107 si\u0119 do konsultacji w sprawie p\u0142odno\u015bci. <\/p>\t\t\t\t\t\t\t\t<\/div>\n\t\t\t\t<\/div>\n\t\t\t\t<\/div>\n\t\t\t\t<\/div>\n\t\t<div class=\"elementor-element elementor-element-1de02523 e-con-full e-flex e-con e-child\" data-id=\"1de02523\" data-element_type=\"container\" data-e-type=\"container\">\n\t\t<div class=\"elementor-element elementor-element-22d6fda7 e-con-full e-flex e-con e-child\" data-id=\"22d6fda7\" data-element_type=\"container\" data-e-type=\"container\">\n\t\t\t\t<div class=\"elementor-element elementor-element-21e88bb elementor-widget elementor-widget-image\" data-id=\"21e88bb\" data-element_type=\"widget\" data-e-type=\"widget\" data-widget_type=\"image.default\">\n\t\t\t\t<div class=\"elementor-widget-container\">\n\t\t\t\t\t\t\t\t\t\t\t\t\t\t\t\t<a href=\"http:\/\/.\/\">\n\t\t\t\t\t\t\t<img decoding=\"async\" width=\"200\" height=\"200\" src=\"https:\/\/cancerfertilityandme.org.uk\/wp-content\/uploads\/cancerfertilityandme-logo-header-young-women.png\" class=\"attachment-full size-full wp-image-330\" alt=\"\" srcset=\"https:\/\/cancerfertilityandme.org.uk\/wp-content\/uploads\/cancerfertilityandme-logo-header-young-women.png 200w, https:\/\/cancerfertilityandme.org.uk\/wp-content\/uploads\/cancerfertilityandme-logo-header-young-women-150x150.png 150w, https:\/\/cancerfertilityandme.org.uk\/wp-content\/uploads\/elementor\/thumbs\/cancerfertilityandme-logo-header-young-women-r4vfcv1ro149or8nkxzol3x986uodd6lq6no4gpb6w.png 100w\" sizes=\"(max-width: 200px) 100vw, 200px\" \/>\t\t\t\t\t\t\t\t<\/a>\n\t\t\t\t\t\t\t\t\t\t\t\t\t\t\t<\/div>\n\t\t\t\t<\/div>\n\t\t\t\t<\/div>\n\t\t<div class=\"elementor-element elementor-element-585463e6 e-con-full e-flex e-con e-child\" data-id=\"585463e6\" data-element_type=\"container\" data-e-type=\"container\">\n\t\t\t\t<div class=\"elementor-element elementor-element-1253d3e9 elementor-widget elementor-widget-heading\" data-id=\"1253d3e9\" data-element_type=\"widget\" data-e-type=\"widget\" data-widget_type=\"heading.default\">\n\t\t\t\t<div class=\"elementor-widget-container\">\n\t\t\t\t\t<h3 class=\"elementor-heading-title elementor-size-default\">Aby uzyska\u0107 wi\u0119cej informacji, skorzystaj z tych \u0142\u0105czy<\/h3>\t\t\t\t<\/div>\n\t\t\t\t<\/div>\n\t\t\t\t<div class=\"elementor-element elementor-element-74a47d0f elementor-nav-menu--dropdown-none elementor-widget elementor-widget-nav-menu\" data-id=\"74a47d0f\" data-element_type=\"widget\" data-e-type=\"widget\" data-settings=\"{&quot;layout&quot;:&quot;vertical&quot;,&quot;submenu_icon&quot;:{&quot;value&quot;:&quot;&lt;svg aria-hidden=\\&quot;true\\&quot; class=\\&quot;e-font-icon-svg e-fas-caret-down\\&quot; viewBox=\\&quot;0 0 320 512\\&quot; xmlns=\\&quot;http:\\\/\\\/www.w3.org\\\/2000\\\/svg\\&quot;&gt;&lt;path d=\\&quot;M31.3 192h257.3c17.8 0 26.7 21.5 14.1 34.1L174.1 354.8c-7.8 7.8-20.5 7.8-28.3 0L17.2 226.1C4.6 213.5 13.5 192 31.3 192z\\&quot;&gt;&lt;\\\/path&gt;&lt;\\\/svg&gt;&quot;,&quot;library&quot;:&quot;fa-solid&quot;}}\" data-widget_type=\"nav-menu.default\">\n\t\t\t\t<div class=\"elementor-widget-container\">\n\t\t\t\t\t\t\t\t<nav aria-label=\"Menu\" class=\"elementor-nav-menu--main elementor-nav-menu__container elementor-nav-menu--layout-vertical e--pointer-none\">\n\t\t\t\t<ul id=\"menu-1-74a47d0f\" class=\"elementor-nav-menu sm-vertical\"><li class=\"menu-item menu-item-type-post_type menu-item-object-page menu-item-8524\"><a href=\"https:\/\/cancerfertilityandme.org.uk\/young-women\/making-your-decision\/\" class=\"elementor-item\">Podejmowanie decyzji o zachowaniu p\u0142odno\u015bci<\/a><\/li>\n<li class=\"menu-item menu-item-type-post_type menu-item-object-page menu-item-8525\"><a href=\"https:\/\/cancerfertilityandme.org.uk\/young-women\/making-your-decision\/talking-about-fertility-preservation\/\" class=\"elementor-item\">M\u00f3wimy o zachowaniu p\u0142odno\u015bci<\/a><\/li>\n<li class=\"menu-item menu-item-type-post_type menu-item-object-page menu-item-8526\"><a href=\"https:\/\/cancerfertilityandme.org.uk\/young-women\/making-your-decision\/talking-about-fertility-preservation-decision-with-others\/\" class=\"elementor-item\">Rozmowy z innymi o decyzji dotycz\u0105cej zachowania p\u0142odno\u015bci<\/a><\/li>\n<\/ul>\t\t\t<\/nav>\n\t\t\t\t\t\t<nav class=\"elementor-nav-menu--dropdown elementor-nav-menu__container\" aria-hidden=\"true\">\n\t\t\t\t<ul id=\"menu-2-74a47d0f\" class=\"elementor-nav-menu sm-vertical\"><li class=\"menu-item menu-item-type-post_type menu-item-object-page menu-item-8524\"><a href=\"https:\/\/cancerfertilityandme.org.uk\/young-women\/making-your-decision\/\" class=\"elementor-item\" tabindex=\"-1\">Podejmowanie decyzji o zachowaniu p\u0142odno\u015bci<\/a><\/li>\n<li class=\"menu-item menu-item-type-post_type menu-item-object-page menu-item-8525\"><a href=\"https:\/\/cancerfertilityandme.org.uk\/young-women\/making-your-decision\/talking-about-fertility-preservation\/\" class=\"elementor-item\" tabindex=\"-1\">M\u00f3wimy o zachowaniu p\u0142odno\u015bci<\/a><\/li>\n<li class=\"menu-item menu-item-type-post_type menu-item-object-page menu-item-8526\"><a href=\"https:\/\/cancerfertilityandme.org.uk\/young-women\/making-your-decision\/talking-about-fertility-preservation-decision-with-others\/\" class=\"elementor-item\" tabindex=\"-1\">Rozmowy z innymi o decyzji dotycz\u0105cej zachowania p\u0142odno\u015bci<\/a><\/li>\n<\/ul>\t\t\t<\/nav>\n\t\t\t\t\t\t<\/div>\n\t\t\t\t<\/div>\n\t\t\t\t<\/div>\n\t\t\t\t<\/div>\n\t\t\t\t\t<\/div>\n\t\t\t\t<\/main>\n\t\t<div class=\"elementor-element elementor-element-1dfbebc e-flex e-con-boxed e-con e-parent\" data-id=\"1dfbebc\" data-element_type=\"container\" data-e-type=\"container\">\n\t\t\t\t\t<div class=\"e-con-inner\">\n\t\t\t\t\t<\/div>\n\t\t\t\t<\/div>\n\t\t\t\t<\/div>\n\t\t","protected":false},"excerpt":{"rendered":"<p>Rozmowa z zespo\u0142em ds. opieki nad p\u0142odno\u015bci\u0105 na temat zachowania p\u0142odno\u015bci Zesp\u00f3\u0142 opieki nad p\u0142odno\u015bci\u0105 przeprowadza procedury znane jako zachowanie p\u0142odno\u015bci u kobiet, u kt\u00f3rych zdiagnozowano raka. Zesp\u00f3\u0142 ds. opieki nad p\u0142odno\u015bci\u0105 mo\u017ce porozmawia\u0107 z Pani\u0105 na temat Pani decyzji o poddaniu si\u0119 lub niepoddaniu si\u0119 procedurom zachowania p\u0142odno\u015bci. Konsultacja dotycz\u0105ca p\u0142odno\u015bci zale\u017cy od kliniki, [&hellip;]<\/p>\n","protected":false},"author":1,"featured_media":7767,"parent":8170,"menu_order":0,"comment_status":"open","ping_status":"closed","template":"","meta":{"footnotes":""},"class_list":["post-8188","page","type-page","status-publish","has-post-thumbnail","hentry"],"_links":{"self":[{"href":"https:\/\/cancerfertilityandme.org.uk\/pl\/wp-json\/wp\/v2\/pages\/8188","targetHints":{"allow":["GET"]}}],"collection":[{"href":"https:\/\/cancerfertilityandme.org.uk\/pl\/wp-json\/wp\/v2\/pages"}],"about":[{"href":"https:\/\/cancerfertilityandme.org.uk\/pl\/wp-json\/wp\/v2\/types\/page"}],"author":[{"embeddable":true,"href":"https:\/\/cancerfertilityandme.org.uk\/pl\/wp-json\/wp\/v2\/users\/1"}],"replies":[{"embeddable":true,"href":"https:\/\/cancerfertilityandme.org.uk\/pl\/wp-json\/wp\/v2\/comments?post=8188"}],"version-history":[{"count":3,"href":"https:\/\/cancerfertilityandme.org.uk\/pl\/wp-json\/wp\/v2\/pages\/8188\/revisions"}],"predecessor-version":[{"id":10277,"href":"https:\/\/cancerfertilityandme.org.uk\/pl\/wp-json\/wp\/v2\/pages\/8188\/revisions\/10277"}],"up":[{"embeddable":true,"href":"https:\/\/cancerfertilityandme.org.uk\/pl\/wp-json\/wp\/v2\/pages\/8170"}],"wp:featuredmedia":[{"embeddable":true,"href":"https:\/\/cancerfertilityandme.org.uk\/pl\/wp-json\/wp\/v2\/media\/7767"}],"wp:attachment":[{"href":"https:\/\/cancerfertilityandme.org.uk\/pl\/wp-json\/wp\/v2\/media?parent=8188"}],"curies":[{"name":"wp","href":"https:\/\/api.w.org\/{rel}","templated":true}]}}