{"id":8170,"date":"2023-04-03T09:45:46","date_gmt":"2023-04-03T09:45:46","guid":{"rendered":"https:\/\/cancerfertilityandme.org.uk\/podejmowanie-decyzji-o-zachowaniu-plodnosci\/"},"modified":"2026-03-16T16:58:24","modified_gmt":"2026-03-16T16:58:24","slug":"podejmowanie-decyzji-o-zachowaniu-plodnosci","status":"publish","type":"page","link":"https:\/\/cancerfertilityandme.org.uk\/pl\/mlode-kobiety\/podejmowanie-decyzji-o-zachowaniu-plodnosci\/","title":{"rendered":"Podejmowanie decyzji o zachowaniu p\u0142odno\u015bci"},"content":{"rendered":"\t\t<div data-elementor-type=\"wp-page\" data-elementor-id=\"8170\" class=\"elementor elementor-8170 elementor-7791\" data-elementor-post-type=\"page\">\n\t\t\t\t<main class=\"elementor-element elementor-element-30930076 e-flex e-con-boxed e-con e-parent\" data-id=\"30930076\" data-element_type=\"container\" data-e-type=\"container\">\n\t\t\t\t\t<div class=\"e-con-inner\">\n\t\t<div class=\"elementor-element elementor-element-18d27f5a e-con-full e-flex e-con e-child\" data-id=\"18d27f5a\" data-element_type=\"container\" data-e-type=\"container\">\n\t\t\t\t<div class=\"elementor-element elementor-element-5f0b992d elementor-widget elementor-widget-text-editor\" data-id=\"5f0b992d\" data-element_type=\"widget\" data-e-type=\"widget\" data-widget_type=\"text-editor.default\">\n\t\t\t\t<div class=\"elementor-widget-container\">\n\t\t\t\t\t\t\t\t\t<h2>Podejmowanie decyzji o zachowaniu p\u0142odno\u015bci przed rozpocz\u0119ciem leczenia raka<\/h2>\n<p>Ta strona ma na celu pom\u00f3c Pani w podj\u0119ciu decyzji, czy chce Pani:<\/p>\n<ul>\n<li>podda\u0107 si\u0119 leczeniu chroni\u0105cemu p\u0142odno\u015b\u0107 przed rozpocz\u0119ciem leczenia raka<\/li>\n<li>rozpocz\u0105\u0107 leczenie raka bez leczenia zachowuj\u0105cego p\u0142odno\u015b\u0107.<\/li>\n<\/ul>\n<p>Niekt\u00f3re kobiety wiedz\u0105 na pewno, czy chc\u0105 zastosowa\u0107 leczenie zachowuj\u0105ce p\u0142odno\u015b\u0107. Dla innych kobiet podj\u0119cie tej decyzji jest trudniejsze. Nie ma \u201ew\u0142a\u015bciwej\u201d lub \u201eniew\u0142a\u015bciwej\u201d decyzji. Decyzja zale\u017cy od tego, co w danej chwili jest dla Pani najwa\u017cniejsze i plany, jakie mo\u017ce Pan mie\u0107 na przysz\u0142o\u015b\u0107.   <\/p>\n<h2>Decyzja o zachowaniu p\u0142odno\u015bci lub jej braku przed leczeniem raka<\/h2>\n<p>Decyduj\u0105c si\u0119 na zachowanie p\u0142odno\u015bci przed leczeniem raka, warto przeczyta\u0107 ka\u017cde z pi\u0119ciu poni\u017cszych stwierdze\u0144 i przemy\u015ble\u0107 je pod k\u0105tem tego, co jest dla Pani najwa\u017cniejsze. Pomocne mo\u017ce okaza\u0107 si\u0119 zapisanie uzasadnienia odpowiedzi w miejscach poni\u017cej ka\u017cdego stwierdzenia. Pomocne mo\u017ce okaza\u0107 si\u0119 wype\u0142nienie tego dokumentu wraz z zespo\u0142em opieki onkologicznej i zespo\u0142em opieki nad p\u0142odno\u015bci\u0105, partnerem, rodzin\u0105 i przyjaci\u00f3\u0142mi.  <\/p>\n<h2>Co jest dla Pani najwa\u017cniejsze?<\/h2>\t\t\t\t\t\t\t\t<\/div>\n\t\t\t\t<\/div>\n\t\t\t\t<div class=\"elementor-element elementor-element-f9c6435 elementor-widget elementor-widget-image\" data-id=\"f9c6435\" data-element_type=\"widget\" data-e-type=\"widget\" data-widget_type=\"image.default\">\n\t\t\t\t<div class=\"elementor-widget-container\">\n\t\t\t\t\t\t\t\t\t\t\t\t\t\t\t<img fetchpriority=\"high\" decoding=\"async\" width=\"800\" height=\"455\" src=\"https:\/\/cancerfertilityandme.org.uk\/wp-content\/uploads\/PO-07-1-1024x583.png\" class=\"attachment-large size-large wp-image-11282\" alt=\"\" srcset=\"https:\/\/cancerfertilityandme.org.uk\/wp-content\/uploads\/PO-07-1-1024x583.png 1024w, https:\/\/cancerfertilityandme.org.uk\/wp-content\/uploads\/PO-07-1-300x171.png 300w, https:\/\/cancerfertilityandme.org.uk\/wp-content\/uploads\/PO-07-1-768x438.png 768w, https:\/\/cancerfertilityandme.org.uk\/wp-content\/uploads\/PO-07-1.png 1039w\" sizes=\"(max-width: 800px) 100vw, 800px\" \/>\t\t\t\t\t\t\t\t\t\t\t\t\t\t\t<\/div>\n\t\t\t\t<\/div>\n\t\t\t\t<div class=\"elementor-element elementor-element-3b4e473 elementor-widget elementor-widget-text-editor\" data-id=\"3b4e473\" data-element_type=\"widget\" data-e-type=\"widget\" data-widget_type=\"text-editor.default\">\n\t\t\t\t<div class=\"elementor-widget-container\">\n\t\t\t\t\t\t\t\t\t<h2>Podejmowanie decyzji, kt\u00f3ra opcja zachowania p\u0142odno\u015bci jest dla mnie najlepsza<\/h2><p>W poprzednich sekcjach opisano decyzje dotycz\u0105ce zachowania p\u0142odno\u015bci.<\/p><p>S\u0105 to:<\/p><ul><li>Brak zachowania p\u0142odno\u015bci<\/li><li>Zamra\u017canie<\/li><li>T\u0142umienie czynno\u015bci jajnik\u00f3w<\/li><\/ul><p><a href=\"https:\/\/cancerfertilityandme.org.uk\/pl\/home\/opcje-zachowania-plodnosci-2\/podsumowanie-opcji-zachowania-plodnosci\/\">Tabela podsumowuj\u0105ca na tej stronie<\/a> por\u00f3wnuje r\u00f3\u017cne opcje zachowania p\u0142odno\u015bci.<\/p><p>Poni\u017cej znajduje si\u0119 lista r\u00f3\u017cnych opcji zachowania p\u0142odno\u015bci. Prosz\u0119 przemy\u015ble\u0107 swoj\u0105 odpowied\u017a dla ka\u017cdej opcji. <\/p><p>Wykonanie tego zadania mo\u017ce pom\u00f3c Pani zastanowi\u0107 si\u0119 nad tym, kt\u00f3ra opcja zachowania p\u0142odno\u015bci najlepiej odpowiada Pani i Pani stylowi \u017cycia w tym momencie. Pomocna mo\u017ce by\u0107 rozmowa o Pani\/Pana wyborach z zespo\u0142em opieki onkologicznej i zespo\u0142em opieki nad p\u0142odno\u015bci\u0105, partnerem, rodzin\u0105 i przyjaci\u00f3\u0142mi. <\/p><p>\u201cCzuj\u0119 si\u0119 zadowolony z podj\u0119tej decyzji. Oczywi\u015bcie mam z ty\u0142u g\u0142owy \u201eco by by\u0142o, gdyby\u201d, gdybym wybra\u0142 inn\u0105 opcj\u0119\u2026 to dlatego, \u017ce ka\u017cda decyzja, kt\u00f3r\u0105 podejmujesz, wi\u0105\u017ce si\u0119 z \u201eco by by\u0142o, gdybym wybra\u0142 inn\u0105 opcj\u0119?\u201d. 23-letnia m\u0142oda kobieta z rakiem jajnika <\/p><h2>Na ile prawdopodobne jest, \u017ce rozwa\u017cy Pani ka\u017cd\u0105 z tych opcji leczenia zachowuj\u0105cego p\u0142odno\u015b\u0107?<\/h2>\t\t\t\t\t\t\t\t<\/div>\n\t\t\t\t<\/div>\n\t\t\t\t<div class=\"elementor-element elementor-element-d3a8d17 elementor-widget elementor-widget-image\" data-id=\"d3a8d17\" data-element_type=\"widget\" data-e-type=\"widget\" data-widget_type=\"image.default\">\n\t\t\t\t<div class=\"elementor-widget-container\">\n\t\t\t\t\t\t\t\t\t\t\t\t\t\t\t<img decoding=\"async\" width=\"800\" height=\"570\" src=\"https:\/\/cancerfertilityandme.org.uk\/wp-content\/uploads\/PO-08-1024x729-2.png\" class=\"attachment-large size-large wp-image-11295\" alt=\"\" srcset=\"https:\/\/cancerfertilityandme.org.uk\/wp-content\/uploads\/PO-08-1024x729-2.png 1024w, https:\/\/cancerfertilityandme.org.uk\/wp-content\/uploads\/PO-08-1024x729-2-300x214.png 300w, https:\/\/cancerfertilityandme.org.uk\/wp-content\/uploads\/PO-08-1024x729-2-768x547.png 768w\" sizes=\"(max-width: 800px) 100vw, 800px\" \/>\t\t\t\t\t\t\t\t\t\t\t\t\t\t\t<\/div>\n\t\t\t\t<\/div>\n\t\t\t\t<\/div>\n\t\t<div class=\"elementor-element elementor-element-7211a6f2 e-con-full e-flex e-con e-child\" data-id=\"7211a6f2\" data-element_type=\"container\" data-e-type=\"container\">\n\t\t<div class=\"elementor-element elementor-element-1f31f5ae e-con-full e-flex e-con e-child\" data-id=\"1f31f5ae\" data-element_type=\"container\" data-e-type=\"container\">\n\t\t\t\t<div class=\"elementor-element elementor-element-16597f95 elementor-widget elementor-widget-image\" data-id=\"16597f95\" data-element_type=\"widget\" data-e-type=\"widget\" data-widget_type=\"image.default\">\n\t\t\t\t<div class=\"elementor-widget-container\">\n\t\t\t\t\t\t\t\t\t\t\t\t\t\t\t\t<a href=\"http:\/\/.\/\">\n\t\t\t\t\t\t\t<img decoding=\"async\" width=\"200\" height=\"200\" src=\"https:\/\/cancerfertilityandme.org.uk\/wp-content\/uploads\/cancerfertilityandme-logo-header-young-women.png\" class=\"attachment-full size-full wp-image-330\" alt=\"\" srcset=\"https:\/\/cancerfertilityandme.org.uk\/wp-content\/uploads\/cancerfertilityandme-logo-header-young-women.png 200w, https:\/\/cancerfertilityandme.org.uk\/wp-content\/uploads\/cancerfertilityandme-logo-header-young-women-150x150.png 150w, https:\/\/cancerfertilityandme.org.uk\/wp-content\/uploads\/elementor\/thumbs\/cancerfertilityandme-logo-header-young-women-r4vfcv1ro149or8nkxzol3x986uodd6lq6no4gpb6w.png 100w\" sizes=\"(max-width: 200px) 100vw, 200px\" \/>\t\t\t\t\t\t\t\t<\/a>\n\t\t\t\t\t\t\t\t\t\t\t\t\t\t\t<\/div>\n\t\t\t\t<\/div>\n\t\t\t\t<\/div>\n\t\t<div class=\"elementor-element elementor-element-56263ecb e-con-full e-flex e-con e-child\" data-id=\"56263ecb\" data-element_type=\"container\" data-e-type=\"container\">\n\t\t\t\t<div class=\"elementor-element elementor-element-67f41f3c elementor-widget elementor-widget-heading\" data-id=\"67f41f3c\" data-element_type=\"widget\" data-e-type=\"widget\" data-widget_type=\"heading.default\">\n\t\t\t\t<div class=\"elementor-widget-container\">\n\t\t\t\t\t<h3 class=\"elementor-heading-title elementor-size-default\">Aby uzyska\u0107 wi\u0119cej informacji, skorzystaj z tych \u0142\u0105czy<\/h3>\t\t\t\t<\/div>\n\t\t\t\t<\/div>\n\t\t\t\t<div class=\"elementor-element elementor-element-13c3a37b elementor-nav-menu--dropdown-none elementor-widget elementor-widget-nav-menu\" data-id=\"13c3a37b\" data-element_type=\"widget\" data-e-type=\"widget\" data-settings=\"{&quot;layout&quot;:&quot;vertical&quot;,&quot;submenu_icon&quot;:{&quot;value&quot;:&quot;&lt;svg aria-hidden=\\&quot;true\\&quot; class=\\&quot;e-font-icon-svg e-fas-caret-down\\&quot; viewBox=\\&quot;0 0 320 512\\&quot; xmlns=\\&quot;http:\\\/\\\/www.w3.org\\\/2000\\\/svg\\&quot;&gt;&lt;path d=\\&quot;M31.3 192h257.3c17.8 0 26.7 21.5 14.1 34.1L174.1 354.8c-7.8 7.8-20.5 7.8-28.3 0L17.2 226.1C4.6 213.5 13.5 192 31.3 192z\\&quot;&gt;&lt;\\\/path&gt;&lt;\\\/svg&gt;&quot;,&quot;library&quot;:&quot;fa-solid&quot;}}\" data-widget_type=\"nav-menu.default\">\n\t\t\t\t<div class=\"elementor-widget-container\">\n\t\t\t\t\t\t\t\t<nav aria-label=\"Menu\" class=\"elementor-nav-menu--main elementor-nav-menu__container elementor-nav-menu--layout-vertical e--pointer-none\">\n\t\t\t\t<ul id=\"menu-1-13c3a37b\" class=\"elementor-nav-menu sm-vertical\"><li class=\"menu-item menu-item-type-post_type menu-item-object-page menu-item-8524\"><a href=\"https:\/\/cancerfertilityandme.org.uk\/young-women\/making-your-decision\/\" class=\"elementor-item\">Podejmowanie decyzji o zachowaniu p\u0142odno\u015bci<\/a><\/li>\n<li class=\"menu-item menu-item-type-post_type menu-item-object-page menu-item-8525\"><a href=\"https:\/\/cancerfertilityandme.org.uk\/young-women\/making-your-decision\/talking-about-fertility-preservation\/\" class=\"elementor-item\">M\u00f3wimy o zachowaniu p\u0142odno\u015bci<\/a><\/li>\n<li class=\"menu-item menu-item-type-post_type menu-item-object-page menu-item-8526\"><a href=\"https:\/\/cancerfertilityandme.org.uk\/young-women\/making-your-decision\/talking-about-fertility-preservation-decision-with-others\/\" class=\"elementor-item\">Rozmowy z innymi o decyzji dotycz\u0105cej zachowania p\u0142odno\u015bci<\/a><\/li>\n<\/ul>\t\t\t<\/nav>\n\t\t\t\t\t\t<nav class=\"elementor-nav-menu--dropdown elementor-nav-menu__container\" aria-hidden=\"true\">\n\t\t\t\t<ul id=\"menu-2-13c3a37b\" class=\"elementor-nav-menu sm-vertical\"><li class=\"menu-item menu-item-type-post_type menu-item-object-page menu-item-8524\"><a href=\"https:\/\/cancerfertilityandme.org.uk\/young-women\/making-your-decision\/\" class=\"elementor-item\" tabindex=\"-1\">Podejmowanie decyzji o zachowaniu p\u0142odno\u015bci<\/a><\/li>\n<li class=\"menu-item menu-item-type-post_type menu-item-object-page menu-item-8525\"><a href=\"https:\/\/cancerfertilityandme.org.uk\/young-women\/making-your-decision\/talking-about-fertility-preservation\/\" class=\"elementor-item\" tabindex=\"-1\">M\u00f3wimy o zachowaniu p\u0142odno\u015bci<\/a><\/li>\n<li class=\"menu-item menu-item-type-post_type menu-item-object-page menu-item-8526\"><a href=\"https:\/\/cancerfertilityandme.org.uk\/young-women\/making-your-decision\/talking-about-fertility-preservation-decision-with-others\/\" class=\"elementor-item\" tabindex=\"-1\">Rozmowy z innymi o decyzji dotycz\u0105cej zachowania p\u0142odno\u015bci<\/a><\/li>\n<\/ul>\t\t\t<\/nav>\n\t\t\t\t\t\t<\/div>\n\t\t\t\t<\/div>\n\t\t\t\t<\/div>\n\t\t\t\t<\/div>\n\t\t\t\t\t<\/div>\n\t\t\t\t<\/main>\n\t\t\t\t<\/div>\n\t\t","protected":false},"excerpt":{"rendered":"<p>Podejmowanie decyzji o zachowaniu p\u0142odno\u015bci przed rozpocz\u0119ciem leczenia raka Ta strona ma na celu pom\u00f3c Pani w podj\u0119ciu decyzji, czy chce Pani: podda\u0107 si\u0119 leczeniu chroni\u0105cemu p\u0142odno\u015b\u0107 przed rozpocz\u0119ciem leczenia raka rozpocz\u0105\u0107 leczenie raka bez leczenia zachowuj\u0105cego p\u0142odno\u015b\u0107. Niekt\u00f3re kobiety wiedz\u0105 na pewno, czy chc\u0105 zastosowa\u0107 leczenie zachowuj\u0105ce p\u0142odno\u015b\u0107. Dla innych kobiet podj\u0119cie tej decyzji [&hellip;]<\/p>\n","protected":false},"author":1,"featured_media":11294,"parent":8127,"menu_order":0,"comment_status":"open","ping_status":"closed","template":"","meta":{"footnotes":""},"class_list":["post-8170","page","type-page","status-publish","has-post-thumbnail","hentry"],"_links":{"self":[{"href":"https:\/\/cancerfertilityandme.org.uk\/pl\/wp-json\/wp\/v2\/pages\/8170","targetHints":{"allow":["GET"]}}],"collection":[{"href":"https:\/\/cancerfertilityandme.org.uk\/pl\/wp-json\/wp\/v2\/pages"}],"about":[{"href":"https:\/\/cancerfertilityandme.org.uk\/pl\/wp-json\/wp\/v2\/types\/page"}],"author":[{"embeddable":true,"href":"https:\/\/cancerfertilityandme.org.uk\/pl\/wp-json\/wp\/v2\/users\/1"}],"replies":[{"embeddable":true,"href":"https:\/\/cancerfertilityandme.org.uk\/pl\/wp-json\/wp\/v2\/comments?post=8170"}],"version-history":[{"count":8,"href":"https:\/\/cancerfertilityandme.org.uk\/pl\/wp-json\/wp\/v2\/pages\/8170\/revisions"}],"predecessor-version":[{"id":11399,"href":"https:\/\/cancerfertilityandme.org.uk\/pl\/wp-json\/wp\/v2\/pages\/8170\/revisions\/11399"}],"up":[{"embeddable":true,"href":"https:\/\/cancerfertilityandme.org.uk\/pl\/wp-json\/wp\/v2\/pages\/8127"}],"wp:featuredmedia":[{"embeddable":true,"href":"https:\/\/cancerfertilityandme.org.uk\/pl\/wp-json\/wp\/v2\/media\/11294"}],"wp:attachment":[{"href":"https:\/\/cancerfertilityandme.org.uk\/pl\/wp-json\/wp\/v2\/media?parent=8170"}],"curies":[{"name":"wp","href":"https:\/\/api.w.org\/{rel}","templated":true}]}}