{"id":8168,"date":"2023-04-03T09:43:08","date_gmt":"2023-04-03T09:43:08","guid":{"rendered":"https:\/\/cancerfertilityandme.org.uk\/antykoncepcja-w-trakcie-leczenia-raka\/"},"modified":"2026-03-26T15:33:48","modified_gmt":"2026-03-26T15:33:48","slug":"antykoncepcja-w-trakcie-leczenia-raka","status":"publish","type":"page","link":"https:\/\/cancerfertilityandme.org.uk\/pl\/mlode-kobiety\/antykoncepcja-i-planowanie-rodziny\/antykoncepcja-w-trakcie-leczenia-raka\/","title":{"rendered":"Antykoncepcja w trakcie leczenia raka"},"content":{"rendered":"\t\t<div data-elementor-type=\"wp-page\" data-elementor-id=\"8168\" class=\"elementor elementor-8168 elementor-7789\" data-elementor-post-type=\"page\">\n\t\t\t\t<main class=\"elementor-element elementor-element-b042ccd e-flex e-con-boxed e-con e-parent\" data-id=\"b042ccd\" data-element_type=\"container\" data-e-type=\"container\">\n\t\t\t\t\t<div class=\"e-con-inner\">\n\t\t<div class=\"elementor-element elementor-element-198b410d e-con-full e-flex e-con e-child\" data-id=\"198b410d\" data-element_type=\"container\" data-e-type=\"container\">\n\t\t\t\t<div class=\"elementor-element elementor-element-469d4c3c elementor-widget elementor-widget-text-editor\" data-id=\"469d4c3c\" data-element_type=\"widget\" data-e-type=\"widget\" data-widget_type=\"text-editor.default\">\n\t\t\t\t<div class=\"elementor-widget-container\">\n\t\t\t\t\t\t\t\t\t<h2>Antykoncepcja w trakcie leczenia raka<\/h2><p>Kobietom zdecydowanie odradza si\u0119 zachodzenie w ci\u0105\u017c\u0119 podczas leczenia raka. Wynika to z faktu, \u017ce leczenie raka mo\u017ce uszkodzi\u0107 nienarodzone dziecko na wczesnych etapach rozwoju. Nawet je\u015bli miesi\u0105czka ustanie podczas leczenia, nie oznacza to, \u017ce nie mo\u017ce Pani zaj\u015b\u0107 w ci\u0105\u017c\u0119.  <\/p><p>Je\u015bli jest Pani aktywna seksualnie, powinna Pani stosowa\u0107 niezawodn\u0105 metod\u0119 antykoncepcji przez ca\u0142y okres leczenia raka.<\/p><p>Diagram poni\u017cszy przedstawia r\u00f3\u017cne rodzaje antykoncepcji, kt\u00f3re nale\u017cy rozwa\u017cy\u0107.<\/p><p>Zaleca si\u0119, aby kobiety poddawane leczeniu hormonalnemu stosowa\u0142y niehormonalne metody antykoncepcji. Nale\u017c\u0105 do nich prezerwatywy, prezerwatywy dla kobiet i diafragmy. Pigu\u0142ki antykoncepcyjne s\u0105 rzadziej zalecane kobietom z nowotworami wra\u017cliwymi na hormony. Dzieje si\u0119 tak, poniewa\u017c istnieje ryzyko, \u017ce hormony zawarte w pigu\u0142ce antykoncepcyjnej mog\u0105 stymulowa\u0107 pozosta\u0142e kom\u00f3rki nowotworowe.  <\/p><p>Zaleca si\u0119 om\u00f3wienie tych r\u00f3\u017cnych metod antykoncepcji z zespo\u0142em opieki onkologicznej. Zesp\u00f3\u0142 mo\u017ce skierowa\u0107 Pani\u0105 do kliniki planowania rodziny lub lekarza rodzinnego, kt\u00f3ry mo\u017ce udzieli\u0107 dalszych porad.<\/p>\t\t\t\t\t\t\t\t<\/div>\n\t\t\t\t<\/div>\n\t\t\t\t<div class=\"elementor-element elementor-element-adec29e elementor-widget elementor-widget-image\" data-id=\"adec29e\" data-element_type=\"widget\" data-e-type=\"widget\" data-widget_type=\"image.default\">\n\t\t\t\t<div class=\"elementor-widget-container\">\n\t\t\t\t\t\t\t\t\t\t\t\t\t\t\t<img fetchpriority=\"high\" decoding=\"async\" width=\"800\" height=\"323\" src=\"https:\/\/cancerfertilityandme.org.uk\/wp-content\/uploads\/PO-05-3-1024x413.png\" class=\"attachment-large size-large wp-image-11325\" alt=\"\" srcset=\"https:\/\/cancerfertilityandme.org.uk\/wp-content\/uploads\/PO-05-3-1024x413.png 1024w, https:\/\/cancerfertilityandme.org.uk\/wp-content\/uploads\/PO-05-3-300x121.png 300w, https:\/\/cancerfertilityandme.org.uk\/wp-content\/uploads\/PO-05-3-768x310.png 768w, https:\/\/cancerfertilityandme.org.uk\/wp-content\/uploads\/PO-05-3.png 1028w\" sizes=\"(max-width: 800px) 100vw, 800px\" \/>\t\t\t\t\t\t\t\t\t\t\t\t\t\t\t<\/div>\n\t\t\t\t<\/div>\n\t\t\t\t<div class=\"elementor-element elementor-element-19b142b elementor-widget elementor-widget-text-editor\" data-id=\"19b142b\" data-element_type=\"widget\" data-e-type=\"widget\" data-widget_type=\"text-editor.default\">\n\t\t\t\t<div class=\"elementor-widget-container\">\n\t\t\t\t\t\t\t\t\t<p><strong>Poni\u017csze pytania mog\u0105 pom\u00f3c Pani w rozmowie z zespo\u0142em opieki onkologicznej lub lekarzem rodzinnym na temat antykoncepcji:<\/strong><\/p><ul><li>Jaki \u015brodek antykoncepcyjny b\u0119dzie dla mnie najlepszy podczas leczenia raka?<\/li><li>Jak d\u0142ugo b\u0119d\u0119 musia\u0142a stosowa\u0107 ten \u015brodek antykoncepcyjny?<\/li><li>Czy w przypadku mojego typu nowotworu musz\u0119 stosowa\u0107 niehormonalne metody antykoncepcji?<\/li><li>Je\u015bli nie mam miesi\u0105czki podczas leczenia raka, czy nadal powinnam stosowa\u0107 \u015brodki antykoncepcyjne?<\/li><li>Czy niestosowanie antykoncepcji i zaj\u015bcie w ci\u0105\u017c\u0119 podczas leczenia raka b\u0119dzie mia\u0142o wp\u0142yw na mnie lub moje nienarodzone dziecko?<\/li><\/ul>\t\t\t\t\t\t\t\t<\/div>\n\t\t\t\t<\/div>\n\t\t\t\t<\/div>\n\t\t<div class=\"elementor-element elementor-element-131e76f e-con-full e-flex e-con e-child\" data-id=\"131e76f\" data-element_type=\"container\" data-e-type=\"container\">\n\t\t<div class=\"elementor-element elementor-element-d518d99 e-con-full e-flex e-con e-child\" data-id=\"d518d99\" data-element_type=\"container\" data-e-type=\"container\">\n\t\t\t\t<div class=\"elementor-element elementor-element-7955a705 elementor-widget elementor-widget-image\" data-id=\"7955a705\" data-element_type=\"widget\" data-e-type=\"widget\" data-widget_type=\"image.default\">\n\t\t\t\t<div class=\"elementor-widget-container\">\n\t\t\t\t\t\t\t\t\t\t\t\t\t\t\t\t<a href=\"http:\/\/.\/\">\n\t\t\t\t\t\t\t<img decoding=\"async\" width=\"200\" height=\"200\" src=\"https:\/\/cancerfertilityandme.org.uk\/wp-content\/uploads\/cancerfertilityandme-logo-header-young-women.png\" class=\"attachment-full size-full wp-image-330\" alt=\"\" srcset=\"https:\/\/cancerfertilityandme.org.uk\/wp-content\/uploads\/cancerfertilityandme-logo-header-young-women.png 200w, https:\/\/cancerfertilityandme.org.uk\/wp-content\/uploads\/cancerfertilityandme-logo-header-young-women-150x150.png 150w, https:\/\/cancerfertilityandme.org.uk\/wp-content\/uploads\/elementor\/thumbs\/cancerfertilityandme-logo-header-young-women-r4vfcv1ro149or8nkxzol3x986uodd6lq6no4gpb6w.png 100w\" sizes=\"(max-width: 200px) 100vw, 200px\" \/>\t\t\t\t\t\t\t\t<\/a>\n\t\t\t\t\t\t\t\t\t\t\t\t\t\t\t<\/div>\n\t\t\t\t<\/div>\n\t\t\t\t<\/div>\n\t\t<div class=\"elementor-element elementor-element-4bd55399 e-con-full e-flex e-con e-child\" data-id=\"4bd55399\" data-element_type=\"container\" data-e-type=\"container\">\n\t\t\t\t<div class=\"elementor-element elementor-element-48e9316a elementor-widget elementor-widget-heading\" data-id=\"48e9316a\" data-element_type=\"widget\" data-e-type=\"widget\" data-widget_type=\"heading.default\">\n\t\t\t\t<div class=\"elementor-widget-container\">\n\t\t\t\t\t<h3 class=\"elementor-heading-title elementor-size-default\">Aby uzyska\u0107 wi\u0119cej informacji, skorzystaj z tych \u0142\u0105czy<\/h3>\t\t\t\t<\/div>\n\t\t\t\t<\/div>\n\t\t\t\t<div class=\"elementor-element elementor-element-53401bde elementor-nav-menu--dropdown-none elementor-widget elementor-widget-nav-menu\" data-id=\"53401bde\" data-element_type=\"widget\" data-e-type=\"widget\" data-settings=\"{&quot;layout&quot;:&quot;vertical&quot;,&quot;submenu_icon&quot;:{&quot;value&quot;:&quot;&lt;svg aria-hidden=\\&quot;true\\&quot; class=\\&quot;e-font-icon-svg e-fas-caret-down\\&quot; viewBox=\\&quot;0 0 320 512\\&quot; xmlns=\\&quot;http:\\\/\\\/www.w3.org\\\/2000\\\/svg\\&quot;&gt;&lt;path d=\\&quot;M31.3 192h257.3c17.8 0 26.7 21.5 14.1 34.1L174.1 354.8c-7.8 7.8-20.5 7.8-28.3 0L17.2 226.1C4.6 213.5 13.5 192 31.3 192z\\&quot;&gt;&lt;\\\/path&gt;&lt;\\\/svg&gt;&quot;,&quot;library&quot;:&quot;fa-solid&quot;}}\" data-widget_type=\"nav-menu.default\">\n\t\t\t\t<div class=\"elementor-widget-container\">\n\t\t\t\t\t\t\t\t<nav aria-label=\"Menu\" class=\"elementor-nav-menu--main elementor-nav-menu__container elementor-nav-menu--layout-vertical e--pointer-none\">\n\t\t\t\t<ul id=\"menu-1-53401bde\" class=\"elementor-nav-menu sm-vertical\"><li class=\"menu-item menu-item-type-post_type menu-item-object-page menu-item-8508\"><a href=\"https:\/\/cancerfertilityandme.org.uk\/young-women\/contraception-and-family-planning\/\" class=\"elementor-item\">Antykoncepcja i planowanie rodziny<\/a><\/li>\n<li class=\"menu-item menu-item-type-post_type menu-item-object-page menu-item-8509\"><a href=\"https:\/\/cancerfertilityandme.org.uk\/young-women\/contraception-and-family-planning\/contraception-during-cancer-treatment\/\" class=\"elementor-item\">Antykoncepcja w trakcie leczenia raka<\/a><\/li>\n<li class=\"menu-item menu-item-type-post_type menu-item-object-page menu-item-8510\"><a href=\"https:\/\/cancerfertilityandme.org.uk\/young-women\/contraception-and-family-planning\/family-planning-decisions-after-cancer-treatment\/\" class=\"elementor-item\">Decyzje dotycz\u0105ce planowania rodziny po leczeniu raka<\/a><\/li>\n<\/ul>\t\t\t<\/nav>\n\t\t\t\t\t\t<nav class=\"elementor-nav-menu--dropdown elementor-nav-menu__container\" aria-hidden=\"true\">\n\t\t\t\t<ul id=\"menu-2-53401bde\" class=\"elementor-nav-menu sm-vertical\"><li class=\"menu-item menu-item-type-post_type menu-item-object-page menu-item-8508\"><a href=\"https:\/\/cancerfertilityandme.org.uk\/young-women\/contraception-and-family-planning\/\" class=\"elementor-item\" tabindex=\"-1\">Antykoncepcja i planowanie rodziny<\/a><\/li>\n<li class=\"menu-item menu-item-type-post_type menu-item-object-page menu-item-8509\"><a href=\"https:\/\/cancerfertilityandme.org.uk\/young-women\/contraception-and-family-planning\/contraception-during-cancer-treatment\/\" class=\"elementor-item\" tabindex=\"-1\">Antykoncepcja w trakcie leczenia raka<\/a><\/li>\n<li class=\"menu-item menu-item-type-post_type menu-item-object-page menu-item-8510\"><a href=\"https:\/\/cancerfertilityandme.org.uk\/young-women\/contraception-and-family-planning\/family-planning-decisions-after-cancer-treatment\/\" class=\"elementor-item\" tabindex=\"-1\">Decyzje dotycz\u0105ce planowania rodziny po leczeniu raka<\/a><\/li>\n<\/ul>\t\t\t<\/nav>\n\t\t\t\t\t\t<\/div>\n\t\t\t\t<\/div>\n\t\t\t\t<\/div>\n\t\t\t\t<\/div>\n\t\t\t\t\t<\/div>\n\t\t\t\t<\/main>\n\t\t\t\t<\/div>\n\t\t","protected":false},"excerpt":{"rendered":"<p>Antykoncepcja w trakcie leczenia raka Kobietom zdecydowanie odradza si\u0119 zachodzenie w ci\u0105\u017c\u0119 podczas leczenia raka. Wynika to z faktu, \u017ce leczenie raka mo\u017ce uszkodzi\u0107 nienarodzone dziecko na wczesnych etapach rozwoju. Nawet je\u015bli miesi\u0105czka ustanie podczas leczenia, nie oznacza to, \u017ce nie mo\u017ce Pani zaj\u015b\u0107 w ci\u0105\u017c\u0119. Je\u015bli jest Pani aktywna seksualnie, powinna Pani stosowa\u0107 niezawodn\u0105 [&hellip;]<\/p>\n","protected":false},"author":1,"featured_media":0,"parent":8167,"menu_order":0,"comment_status":"open","ping_status":"closed","template":"","meta":{"footnotes":""},"class_list":["post-8168","page","type-page","status-publish","hentry"],"_links":{"self":[{"href":"https:\/\/cancerfertilityandme.org.uk\/pl\/wp-json\/wp\/v2\/pages\/8168","targetHints":{"allow":["GET"]}}],"collection":[{"href":"https:\/\/cancerfertilityandme.org.uk\/pl\/wp-json\/wp\/v2\/pages"}],"about":[{"href":"https:\/\/cancerfertilityandme.org.uk\/pl\/wp-json\/wp\/v2\/types\/page"}],"author":[{"embeddable":true,"href":"https:\/\/cancerfertilityandme.org.uk\/pl\/wp-json\/wp\/v2\/users\/1"}],"replies":[{"embeddable":true,"href":"https:\/\/cancerfertilityandme.org.uk\/pl\/wp-json\/wp\/v2\/comments?post=8168"}],"version-history":[{"count":4,"href":"https:\/\/cancerfertilityandme.org.uk\/pl\/wp-json\/wp\/v2\/pages\/8168\/revisions"}],"predecessor-version":[{"id":11341,"href":"https:\/\/cancerfertilityandme.org.uk\/pl\/wp-json\/wp\/v2\/pages\/8168\/revisions\/11341"}],"up":[{"embeddable":true,"href":"https:\/\/cancerfertilityandme.org.uk\/pl\/wp-json\/wp\/v2\/pages\/8167"}],"wp:attachment":[{"href":"https:\/\/cancerfertilityandme.org.uk\/pl\/wp-json\/wp\/v2\/media?parent=8168"}],"curies":[{"name":"wp","href":"https:\/\/api.w.org\/{rel}","templated":true}]}}