{"id":8166,"date":"2023-04-03T09:37:20","date_gmt":"2023-04-03T09:37:20","guid":{"rendered":"https:\/\/cancerfertilityandme.org.uk\/podsumowanie-opcji-zachowania-plodnosci\/"},"modified":"2026-02-04T14:23:50","modified_gmt":"2026-02-04T14:23:50","slug":"podsumowanie-opcji-zachowania-plodnosci","status":"publish","type":"page","link":"https:\/\/cancerfertilityandme.org.uk\/pl\/mlode-kobiety\/opcje-zachowania-plodnosci-2\/podsumowanie-opcji-zachowania-plodnosci\/","title":{"rendered":"Podsumowanie opcji"},"content":{"rendered":"\t\t<div data-elementor-type=\"wp-page\" data-elementor-id=\"8166\" class=\"elementor elementor-8166 elementor-7787\" data-elementor-post-type=\"page\">\n\t\t\t\t<main class=\"elementor-element elementor-element-bb6f8c8 e-flex e-con-boxed e-con e-parent\" data-id=\"bb6f8c8\" data-element_type=\"container\" data-e-type=\"container\">\n\t\t\t\t\t<div class=\"e-con-inner\">\n\t\t<div class=\"elementor-element elementor-element-31d7576f e-con-full e-flex e-con e-child\" data-id=\"31d7576f\" data-element_type=\"container\" data-e-type=\"container\">\n\t\t\t\t<div class=\"elementor-element elementor-element-71be500d elementor-widget elementor-widget-text-editor\" data-id=\"71be500d\" data-element_type=\"widget\" data-e-type=\"widget\" data-widget_type=\"text-editor.default\">\n\t\t\t\t<div class=\"elementor-widget-container\">\n\t\t\t\t\t\t\t\t\t<h2>Podsumowanie opcji zachowania p\u0142odno\u015bci<\/h2>\t\t\t\t\t\t\t\t<\/div>\n\t\t\t\t<\/div>\n\t\t<div class=\"elementor-element elementor-element-17242a8f e-con-full e-flex e-con e-child\" data-id=\"17242a8f\" data-element_type=\"container\" data-e-type=\"container\" data-settings=\"{&quot;background_background&quot;:&quot;classic&quot;}\">\n\t\t\t\t<div class=\"elementor-element elementor-element-7a624f47 elementor-widget elementor-widget-text-editor\" data-id=\"7a624f47\" data-element_type=\"widget\" data-e-type=\"widget\" data-widget_type=\"text-editor.default\">\n\t\t\t\t<div class=\"elementor-widget-container\">\n\t\t\t\t\t\t\t\t\t<h2 style=\"text-align: center;\">Brak zachowania p\u0142odno\u015bci<\/h2><hr><p><strong>Dla kogo to jest?<\/strong><\/p><p>Kobiety, kt\u00f3re chc\u0105 poczeka\u0107 i zobaczy\u0107; maj\u0105 ju\u017c rodzin\u0119; powinny natychmiast rozpocz\u0105\u0107 leczenie raka; nie chc\u0105 zaj\u015b\u0107 w ci\u0105\u017c\u0119 po leczeniu raka; nie maj\u0105 dost\u0119pnych opcji zachowania p\u0142odno\u015bci.<\/p><p><strong>Szansa na posiadanie dziecka<\/strong><\/p><p>Zmienna. Zale\u017cy od tego, jak leczenie raka wp\u0142yn\u0119\u0142o na Pani jajniki. <\/p><p><strong>Wp\u0142yw na zdrowie dziecka<\/strong><\/p><p>Nie ma wp\u0142ywu.<\/p><p><strong>Skutki uboczne<\/strong><\/p><p>Brak skutk\u00f3w ubocznych leczenia niep\u0142odno\u015bci.<\/p><p><strong>Op\u00f3\u017anienie rozpocz\u0119cia leczenia raka<\/strong><\/p><p>Brak op\u00f3\u017anienia.<\/p><p><strong>Wp\u0142yw na powr\u00f3t nowotworu<\/strong><\/p><p>Nie ma wp\u0142ywu.<\/p>\t\t\t\t\t\t\t\t<\/div>\n\t\t\t\t<\/div>\n\t\t\t\t<\/div>\n\t\t<div class=\"elementor-element elementor-element-1046368 e-con-full e-flex e-con e-child\" data-id=\"1046368\" data-element_type=\"container\" data-e-type=\"container\" data-settings=\"{&quot;background_background&quot;:&quot;classic&quot;}\">\n\t\t\t\t<div class=\"elementor-element elementor-element-8bc7445 elementor-widget elementor-widget-text-editor\" data-id=\"8bc7445\" data-element_type=\"widget\" data-e-type=\"widget\" data-widget_type=\"text-editor.default\">\n\t\t\t\t<div class=\"elementor-widget-container\">\n\t\t\t\t\t\t\t\t\t<h2 style=\"text-align: center;\">Zamra\u017canie kom\u00f3rek jajowych<\/h2><hr><p><strong>Dla kogo to jest?<\/strong><\/p><p>Kobiet, kt\u00f3re nie maj\u0105 partnera; nie chc\u0105 korzysta\u0107 z nasienia dawcy; nie decyduj\u0105 si\u0119 na mro\u017cenie zarodk\u00f3w ze wzgl\u0119du na swoje przekonania; maj\u0105 czas, aby podj\u0105\u0107 leczenie zachowuj\u0105ce p\u0142odno\u015b\u0107 przed rozpocz\u0119ciem leczenia raka.<\/p><p><strong>Szansa na posiadanie dziecka<\/strong><\/p><p>Zmienna. Kobiety poni\u017cej 35 roku \u017cycia, kt\u00f3re przechowuj\u0105 10 kom\u00f3rek jajowych, maj\u0105 oko\u0142o 40% szans na urodzenie dziecka.  Kobiety w wieku powy\u017cej 35 lat b\u0119d\u0105 mia\u0142y mniejsze szanse.<\/p><p><strong>Wp\u0142yw na zdrowie dziecka<\/strong><\/p><p>Brak danych sugeruj\u0105cych wp\u0142yw na zdrowie dziecka.<\/p><p><strong>Skutki uboczne<\/strong><\/p><p>B\u00f3le g\u0142owy, zmiany nastroju, uderzenia gor\u0105ca i podra\u017cnienie sk\u00f3ry; wzrost poziomu hormonu estrogenu (nie jest to bezpieczne dla kobiet z rakiem piersi wra\u017cliwym na estrogen); ryzyko infekcji lub krwawienia; uszkodzenie innych struktur miednicy (nie jest to bezpieczne dla kobiet z rakiem miednicy).<\/p><p><strong>Op\u00f3\u017anienie rozpocz\u0119cia leczenia raka<\/strong><\/p><p>Oko\u0142o trzech tygodni.<\/p><p><strong>Wp\u0142yw na powr\u00f3t nowotworu<\/strong><\/p><p>Brak danych sugeruj\u0105cych, \u017ce wp\u0142ynie to na ryzyko nawrotu raka.<\/p>\t\t\t\t\t\t\t\t<\/div>\n\t\t\t\t<\/div>\n\t\t\t\t<\/div>\n\t\t<div class=\"elementor-element elementor-element-ccfa96b e-con-full e-flex e-con e-child\" data-id=\"ccfa96b\" data-element_type=\"container\" data-e-type=\"container\" data-settings=\"{&quot;background_background&quot;:&quot;classic&quot;}\">\n\t\t\t\t<div class=\"elementor-element elementor-element-d839781 elementor-widget elementor-widget-text-editor\" data-id=\"d839781\" data-element_type=\"widget\" data-e-type=\"widget\" data-widget_type=\"text-editor.default\">\n\t\t\t\t<div class=\"elementor-widget-container\">\n\t\t\t\t\t\t\t\t\t<h2 style=\"text-align: center;\">Zamra\u017canie zarodk\u00f3w<\/h2><hr><p><strong>Dla kogo to jest?<\/strong><\/p><p>Kobiet, kt\u00f3re maj\u0105 czas, aby podj\u0105\u0107 leczenie zachowuj\u0105ce p\u0142odno\u015b\u0107 przed rozpocz\u0119ciem leczenia raka; kobiety z partnerem p\u0142ci m\u0119skiej, poniewa\u017c do zap\u0142odnienia potrzebne s\u0105 zar\u00f3wno kom\u00f3rki jajowe, jak i plemniki.<\/p><p><strong>Szansa na posiadanie dziecka<\/strong><\/p><p>Zmienna. M\u0142ode kobiety poni\u017cej 35 roku \u017cycia, kt\u00f3re przechowuj\u0105 10 jajeczek, maj\u0105 oko\u0142o 50% szans na urodzenie dziecka. Kobiety w wieku powy\u017cej 35 lat b\u0119d\u0105 mia\u0142y mniejsze szanse.  Kobiety w wieku powy\u017cej 35 lat b\u0119d\u0105 mia\u0142y mniejsze szanse.<\/p><p><strong>Wp\u0142yw na zdrowie dziecka<\/strong><\/p><p>Brak danych sugeruj\u0105cych wp\u0142yw na zdrowie dziecka.<\/p><p><strong>Skutki uboczne<\/strong><\/p><p>B\u00f3le g\u0142owy, zmiany nastroju, uderzenia gor\u0105ca i podra\u017cnienie sk\u00f3ry; wzrost poziomu hormonu estrogenu (nie jest to bezpieczne dla kobiet z rakiem piersi wra\u017cliwym na estrogen); ryzyko infekcji lub krwawienia; uszkodzenie innych struktur miednicy (nie jest to bezpieczne dla kobiet z rakiem miednicy).<\/p><p><strong>Op\u00f3\u017anienie rozpocz\u0119cia leczenia raka<\/strong><\/p><p>Oko\u0142o trzech tygodni.<\/p><p><strong>Wp\u0142yw na powr\u00f3t nowotworu<\/strong><\/p><p>Brak danych sugeruj\u0105cych, \u017ce wp\u0142ynie to na ryzyko nawrotu raka.<\/p>\t\t\t\t\t\t\t\t<\/div>\n\t\t\t\t<\/div>\n\t\t\t\t<\/div>\n\t\t<div class=\"elementor-element elementor-element-334a91e e-con-full e-flex e-con e-child\" data-id=\"334a91e\" data-element_type=\"container\" data-e-type=\"container\" data-settings=\"{&quot;background_background&quot;:&quot;classic&quot;}\">\n\t\t\t\t<div class=\"elementor-element elementor-element-e571999 elementor-widget elementor-widget-text-editor\" data-id=\"e571999\" data-element_type=\"widget\" data-e-type=\"widget\" data-widget_type=\"text-editor.default\">\n\t\t\t\t<div class=\"elementor-widget-container\">\n\t\t\t\t\t\t\t\t\t<h2 style=\"text-align: center;\">Zamra\u017canie tkanki jajnika<\/h2><hr><p><strong>Dla kogo to jest?<\/strong><\/p><p>Kobiet, kt\u00f3re nie maj\u0105 czasu na zamro\u017cenie zarodk\u00f3w lub kom\u00f3rek jajowych; kt\u00f3re nie mog\u0105 stosowa\u0107 lek\u00f3w na p\u0142odno\u015b\u0107; kt\u00f3re wol\u0105 mo\u017cliwo\u015b\u0107 naturalnego pocz\u0119cia w p\u00f3\u017aniejszym terminie; dziewcz\u0119ta, kt\u00f3re nie osi\u0105gn\u0119\u0142y dojrza\u0142o\u015bci p\u0142ciowej.<\/p><p><strong>Szansa na posiadanie dziecka<\/strong><\/p><p>Nowsza metoda zachowania p\u0142odno\u015bci. Wska\u017anik \u017cywych urodze\u0144 na poziomie oko\u0142o 25 na 100 (25%) na ca\u0142ym \u015bwiecie. <\/p><p><strong>Wp\u0142yw na zdrowie dziecka<\/strong><\/p><p>Brak danych sugeruj\u0105cych wp\u0142yw na zdrowie dziecka.<\/p><p><strong>Skutki uboczne<\/strong><\/p><p>Wi\u0105\u017ce si\u0119 z zabiegiem chirurgicznym, zatem istnieje ryzyko uszkodzenia p\u0119cherza moczowego lub jelit; ryzyko infekcji lub krwawienia. Mo\u017cliwo\u015b\u0107 wprowadzenia kom\u00f3rek nowotworowych do organizmu wraz z zamro\u017con\u0105 tkank\u0105 jajnika (nie jest to bezpieczne dla kobiet cierpi\u0105cych na nowotwory krwi, takie jak bia\u0142aczka). Przed wykorzystaniem tkanki zostanie ona przebadana pod k\u0105tem obecno\u015bci kom\u00f3rek nowotworowych, w zwi\u0105zku z czym mo\u017ce nie nadawa\u0107 si\u0119 do autotransplantacji.<br>  <\/p><p><strong>Op\u00f3\u017anienie rozpocz\u0119cia leczenia raka<\/strong><\/p><p>Prawdopodobnie brak lub tylko kilka dni.<\/p><p><strong>Wp\u0142yw na powr\u00f3t nowotworu<\/strong><\/p><p>Brak danych sugeruj\u0105cych, \u017ce wp\u0142ynie to na ryzyko nawrotu raka.<\/p>\t\t\t\t\t\t\t\t<\/div>\n\t\t\t\t<\/div>\n\t\t\t\t<\/div>\n\t\t<div class=\"elementor-element elementor-element-e4356e6 e-con-full e-flex e-con e-child\" data-id=\"e4356e6\" data-element_type=\"container\" data-e-type=\"container\" data-settings=\"{&quot;background_background&quot;:&quot;classic&quot;}\">\n\t\t\t\t<div class=\"elementor-element elementor-element-1142578 elementor-widget elementor-widget-text-editor\" data-id=\"1142578\" data-element_type=\"widget\" data-e-type=\"widget\" data-widget_type=\"text-editor.default\">\n\t\t\t\t<div class=\"elementor-widget-container\">\n\t\t\t\t\t\t\t\t\t<h2 style=\"text-align: center;\">T\u0142umienie czynno\u015bci jajnik\u00f3w<\/h2><hr><p><strong>Dla kogo ?<\/strong><\/p><p>Kobiet poddawanych chemioterapii; dziewcz\u0105t, kt\u00f3re osi\u0105gn\u0119\u0142y wiek dojrzewania.<\/p><p><strong>Szansa na posiadanie dziecka<\/strong><\/p><p>Nie jest jasne, czy ta metoda zwi\u0119ksza prawdopodobie\u0144stwo urodzenia dziecka po zako\u0144czeniu leczenia.<\/p><p><strong>Wp\u0142yw na zdrowie dziecka<\/strong><\/p><p>Brak danych sugeruj\u0105cych wp\u0142yw na zdrowie dziecka.<\/p><p><strong>Skutki uboczne<\/strong><\/p><p>Uderzenia gor\u0105ca; zmiany nastroju; trudno\u015bci ze snem; sucho\u015b\u0107 pochwy.<\/p><p><strong>Op\u00f3\u017anienie rozpocz\u0119cia leczenia raka<\/strong><\/p><p>Brak op\u00f3\u017anienia.<\/p><p><strong>Wp\u0142yw na powr\u00f3t nowotworu<\/strong><\/p><p>Nie ma wp\u0142ywu.<\/p>\t\t\t\t\t\t\t\t<\/div>\n\t\t\t\t<\/div>\n\t\t\t\t<\/div>\n\t\t\t\t<\/div>\n\t\t<div class=\"elementor-element elementor-element-c66c18e e-con-full e-flex e-con e-child\" data-id=\"c66c18e\" data-element_type=\"container\" data-e-type=\"container\">\n\t\t<div class=\"elementor-element elementor-element-55ee779d e-con-full e-flex e-con e-child\" data-id=\"55ee779d\" data-element_type=\"container\" data-e-type=\"container\">\n\t\t\t\t<div class=\"elementor-element elementor-element-3513e626 elementor-widget elementor-widget-image\" data-id=\"3513e626\" data-element_type=\"widget\" data-e-type=\"widget\" data-widget_type=\"image.default\">\n\t\t\t\t<div class=\"elementor-widget-container\">\n\t\t\t\t\t\t\t\t\t\t\t\t\t\t\t\t<a href=\"http:\/\/.\/\">\n\t\t\t\t\t\t\t<img decoding=\"async\" width=\"200\" height=\"200\" src=\"https:\/\/cancerfertilityandme.org.uk\/wp-content\/uploads\/cancerfertilityandme-logo-header-young-women.png\" class=\"attachment-full size-full wp-image-330\" alt=\"\" srcset=\"https:\/\/cancerfertilityandme.org.uk\/wp-content\/uploads\/cancerfertilityandme-logo-header-young-women.png 200w, https:\/\/cancerfertilityandme.org.uk\/wp-content\/uploads\/cancerfertilityandme-logo-header-young-women-150x150.png 150w, https:\/\/cancerfertilityandme.org.uk\/wp-content\/uploads\/elementor\/thumbs\/cancerfertilityandme-logo-header-young-women-r4vfcv1ro149or8nkxzol3x986uodd6lq6no4gpb6w.png 100w\" sizes=\"(max-width: 200px) 100vw, 200px\" \/>\t\t\t\t\t\t\t\t<\/a>\n\t\t\t\t\t\t\t\t\t\t\t\t\t\t\t<\/div>\n\t\t\t\t<\/div>\n\t\t\t\t<\/div>\n\t\t<div class=\"elementor-element elementor-element-320573dd e-con-full e-flex e-con e-child\" data-id=\"320573dd\" data-element_type=\"container\" data-e-type=\"container\">\n\t\t\t\t<div class=\"elementor-element elementor-element-26768a1 elementor-widget elementor-widget-heading\" data-id=\"26768a1\" data-element_type=\"widget\" data-e-type=\"widget\" data-widget_type=\"heading.default\">\n\t\t\t\t<div class=\"elementor-widget-container\">\n\t\t\t\t\t<h3 class=\"elementor-heading-title elementor-size-default\">Aby uzyska\u0107 wi\u0119cej informacji, skorzystaj z tych \u0142\u0105czy<\/h3>\t\t\t\t<\/div>\n\t\t\t\t<\/div>\n\t\t\t\t<div class=\"elementor-element elementor-element-56064d83 elementor-nav-menu--dropdown-none elementor-widget elementor-widget-nav-menu\" data-id=\"56064d83\" data-element_type=\"widget\" data-e-type=\"widget\" data-settings=\"{&quot;layout&quot;:&quot;vertical&quot;,&quot;submenu_icon&quot;:{&quot;value&quot;:&quot;&lt;svg aria-hidden=\\&quot;true\\&quot; class=\\&quot;e-font-icon-svg e-fas-caret-down\\&quot; viewBox=\\&quot;0 0 320 512\\&quot; xmlns=\\&quot;http:\\\/\\\/www.w3.org\\\/2000\\\/svg\\&quot;&gt;&lt;path d=\\&quot;M31.3 192h257.3c17.8 0 26.7 21.5 14.1 34.1L174.1 354.8c-7.8 7.8-20.5 7.8-28.3 0L17.2 226.1C4.6 213.5 13.5 192 31.3 192z\\&quot;&gt;&lt;\\\/path&gt;&lt;\\\/svg&gt;&quot;,&quot;library&quot;:&quot;fa-solid&quot;}}\" data-widget_type=\"nav-menu.default\">\n\t\t\t\t<div class=\"elementor-widget-container\">\n\t\t\t\t\t\t\t\t<nav aria-label=\"Menu\" class=\"elementor-nav-menu--main elementor-nav-menu__container elementor-nav-menu--layout-vertical e--pointer-none\">\n\t\t\t\t<ul id=\"menu-1-56064d83\" class=\"elementor-nav-menu sm-vertical\"><li class=\"menu-item menu-item-type-post_type menu-item-object-page menu-item-8511\"><a href=\"https:\/\/cancerfertilityandme.org.uk\/young-women\/fertility-preservation\/\" class=\"elementor-item\">Zachowanie p\u0142odno\u015bci<\/a><\/li>\n<li class=\"menu-item menu-item-type-post_type menu-item-object-page menu-item-8514\"><a href=\"https:\/\/cancerfertilityandme.org.uk\/young-women\/fertility-preservation\/no-fertility-preservation\/\" class=\"elementor-item\">Brak zachowania p\u0142odno\u015bci<\/a><\/li>\n<li class=\"menu-item menu-item-type-post_type menu-item-object-page menu-item-8512\"><a href=\"https:\/\/cancerfertilityandme.org.uk\/young-women\/fertility-preservation\/egg-freezing\/\" class=\"elementor-item\">Zamra\u017canie kom\u00f3rek jajowych<\/a><\/li>\n<li class=\"menu-item menu-item-type-post_type menu-item-object-page menu-item-8513\"><a href=\"https:\/\/cancerfertilityandme.org.uk\/young-women\/fertility-preservation\/embryo-freezing\/\" class=\"elementor-item\">Zamra\u017canie zarodk\u00f3w<\/a><\/li>\n<li class=\"menu-item menu-item-type-post_type menu-item-object-page menu-item-8518\"><a href=\"https:\/\/cancerfertilityandme.org.uk\/young-women\/fertility-preservation\/ovarian-tissue-freezing\/\" class=\"elementor-item\">Zamra\u017canie tkanki jajnikowej<\/a><\/li>\n<li class=\"menu-item menu-item-type-post_type menu-item-object-page menu-item-8515\"><a href=\"https:\/\/cancerfertilityandme.org.uk\/young-women\/fertility-preservation\/ovarian-suppression\/\" class=\"elementor-item\">T\u0142umienie czynno\u015bci jajnik\u00f3w<\/a><\/li>\n<li class=\"menu-item menu-item-type-post_type menu-item-object-page menu-item-8519\"><a href=\"https:\/\/cancerfertilityandme.org.uk\/young-women\/fertility-preservation\/fertility-sparing-procedures\/\" class=\"elementor-item\">Opcje oszcz\u0119dzaj\u0105ce p\u0142odno\u015b\u0107 w wybranych nowotworach<\/a><\/li>\n<li class=\"menu-item menu-item-type-post_type menu-item-object-page menu-item-8520\"><a href=\"https:\/\/cancerfertilityandme.org.uk\/young-women\/fertility-preservation\/financial-costs\/\" class=\"elementor-item\">Ibiciro vy&#8217;amahera<\/a><\/li>\n<li class=\"menu-item menu-item-type-post_type menu-item-object-page menu-item-8521\"><a href=\"https:\/\/cancerfertilityandme.org.uk\/young-women\/fertility-preservation\/summary-of-options\/\" class=\"elementor-item\">Podsumowanie opcji<\/a><\/li>\n<li class=\"menu-item menu-item-type-post_type menu-item-object-page menu-item-8522\"><a href=\"https:\/\/cancerfertilityandme.org.uk\/young-women\/fertility-preservation\/questions-to-ask-about-fertility-preservation\/\" class=\"elementor-item\">Pytania, kt\u00f3re nale\u017cy zada\u0107 na temat zachowania p\u0142odno\u015bci<\/a><\/li>\n<\/ul>\t\t\t<\/nav>\n\t\t\t\t\t\t<nav class=\"elementor-nav-menu--dropdown elementor-nav-menu__container\" aria-hidden=\"true\">\n\t\t\t\t<ul id=\"menu-2-56064d83\" class=\"elementor-nav-menu sm-vertical\"><li class=\"menu-item menu-item-type-post_type menu-item-object-page menu-item-8511\"><a href=\"https:\/\/cancerfertilityandme.org.uk\/young-women\/fertility-preservation\/\" class=\"elementor-item\" tabindex=\"-1\">Zachowanie p\u0142odno\u015bci<\/a><\/li>\n<li class=\"menu-item menu-item-type-post_type menu-item-object-page menu-item-8514\"><a href=\"https:\/\/cancerfertilityandme.org.uk\/young-women\/fertility-preservation\/no-fertility-preservation\/\" class=\"elementor-item\" tabindex=\"-1\">Brak zachowania p\u0142odno\u015bci<\/a><\/li>\n<li class=\"menu-item menu-item-type-post_type menu-item-object-page menu-item-8512\"><a href=\"https:\/\/cancerfertilityandme.org.uk\/young-women\/fertility-preservation\/egg-freezing\/\" class=\"elementor-item\" tabindex=\"-1\">Zamra\u017canie kom\u00f3rek jajowych<\/a><\/li>\n<li class=\"menu-item menu-item-type-post_type menu-item-object-page menu-item-8513\"><a href=\"https:\/\/cancerfertilityandme.org.uk\/young-women\/fertility-preservation\/embryo-freezing\/\" class=\"elementor-item\" tabindex=\"-1\">Zamra\u017canie zarodk\u00f3w<\/a><\/li>\n<li class=\"menu-item menu-item-type-post_type menu-item-object-page menu-item-8518\"><a href=\"https:\/\/cancerfertilityandme.org.uk\/young-women\/fertility-preservation\/ovarian-tissue-freezing\/\" class=\"elementor-item\" tabindex=\"-1\">Zamra\u017canie tkanki jajnikowej<\/a><\/li>\n<li class=\"menu-item menu-item-type-post_type menu-item-object-page menu-item-8515\"><a href=\"https:\/\/cancerfertilityandme.org.uk\/young-women\/fertility-preservation\/ovarian-suppression\/\" class=\"elementor-item\" tabindex=\"-1\">T\u0142umienie czynno\u015bci jajnik\u00f3w<\/a><\/li>\n<li class=\"menu-item menu-item-type-post_type menu-item-object-page menu-item-8519\"><a href=\"https:\/\/cancerfertilityandme.org.uk\/young-women\/fertility-preservation\/fertility-sparing-procedures\/\" class=\"elementor-item\" tabindex=\"-1\">Opcje oszcz\u0119dzaj\u0105ce p\u0142odno\u015b\u0107 w wybranych nowotworach<\/a><\/li>\n<li class=\"menu-item menu-item-type-post_type menu-item-object-page menu-item-8520\"><a href=\"https:\/\/cancerfertilityandme.org.uk\/young-women\/fertility-preservation\/financial-costs\/\" class=\"elementor-item\" tabindex=\"-1\">Ibiciro vy&#8217;amahera<\/a><\/li>\n<li class=\"menu-item menu-item-type-post_type menu-item-object-page menu-item-8521\"><a href=\"https:\/\/cancerfertilityandme.org.uk\/young-women\/fertility-preservation\/summary-of-options\/\" class=\"elementor-item\" tabindex=\"-1\">Podsumowanie opcji<\/a><\/li>\n<li class=\"menu-item menu-item-type-post_type menu-item-object-page menu-item-8522\"><a href=\"https:\/\/cancerfertilityandme.org.uk\/young-women\/fertility-preservation\/questions-to-ask-about-fertility-preservation\/\" class=\"elementor-item\" tabindex=\"-1\">Pytania, kt\u00f3re nale\u017cy zada\u0107 na temat zachowania p\u0142odno\u015bci<\/a><\/li>\n<\/ul>\t\t\t<\/nav>\n\t\t\t\t\t\t<\/div>\n\t\t\t\t<\/div>\n\t\t\t\t<\/div>\n\t\t\t\t<\/div>\n\t\t\t\t\t<\/div>\n\t\t\t\t<\/main>\n\t\t\t\t<\/div>\n\t\t","protected":false},"excerpt":{"rendered":"<p>Podsumowanie opcji zachowania p\u0142odno\u015bci Brak zachowania p\u0142odno\u015bci Dla kogo to jest? Kobiety, kt\u00f3re chc\u0105 poczeka\u0107 i zobaczy\u0107; maj\u0105 ju\u017c rodzin\u0119; powinny natychmiast rozpocz\u0105\u0107 leczenie raka; nie chc\u0105 zaj\u015b\u0107 w ci\u0105\u017c\u0119 po leczeniu raka; nie maj\u0105 dost\u0119pnych opcji zachowania p\u0142odno\u015bci. Szansa na posiadanie dziecka Zmienna. Zale\u017cy od tego, jak leczenie raka wp\u0142yn\u0119\u0142o na Pani jajniki. Wp\u0142yw [&hellip;]<\/p>\n","protected":false},"author":1,"featured_media":0,"parent":8156,"menu_order":0,"comment_status":"open","ping_status":"closed","template":"","meta":{"footnotes":""},"class_list":["post-8166","page","type-page","status-publish","hentry"],"_links":{"self":[{"href":"https:\/\/cancerfertilityandme.org.uk\/pl\/wp-json\/wp\/v2\/pages\/8166","targetHints":{"allow":["GET"]}}],"collection":[{"href":"https:\/\/cancerfertilityandme.org.uk\/pl\/wp-json\/wp\/v2\/pages"}],"about":[{"href":"https:\/\/cancerfertilityandme.org.uk\/pl\/wp-json\/wp\/v2\/types\/page"}],"author":[{"embeddable":true,"href":"https:\/\/cancerfertilityandme.org.uk\/pl\/wp-json\/wp\/v2\/users\/1"}],"replies":[{"embeddable":true,"href":"https:\/\/cancerfertilityandme.org.uk\/pl\/wp-json\/wp\/v2\/comments?post=8166"}],"version-history":[{"count":2,"href":"https:\/\/cancerfertilityandme.org.uk\/pl\/wp-json\/wp\/v2\/pages\/8166\/revisions"}],"predecessor-version":[{"id":10189,"href":"https:\/\/cancerfertilityandme.org.uk\/pl\/wp-json\/wp\/v2\/pages\/8166\/revisions\/10189"}],"up":[{"embeddable":true,"href":"https:\/\/cancerfertilityandme.org.uk\/pl\/wp-json\/wp\/v2\/pages\/8156"}],"wp:attachment":[{"href":"https:\/\/cancerfertilityandme.org.uk\/pl\/wp-json\/wp\/v2\/media?parent=8166"}],"curies":[{"name":"wp","href":"https:\/\/api.w.org\/{rel}","templated":true}]}}