{"id":8164,"date":"2023-04-02T16:31:08","date_gmt":"2023-04-02T16:31:08","guid":{"rendered":"https:\/\/cancerfertilityandme.org.uk\/opcje-oszczedzajace-plodnosc-w-wybranych-nowotworach\/"},"modified":"2026-02-03T12:46:07","modified_gmt":"2026-02-03T12:46:07","slug":"opcje-oszczedzajace-plodnosc-w-wybranych-nowotworach","status":"publish","type":"page","link":"https:\/\/cancerfertilityandme.org.uk\/pl\/mlode-kobiety\/opcje-zachowania-plodnosci-2\/opcje-oszczedzajace-plodnosc-w-wybranych-nowotworach\/","title":{"rendered":"Opcje oszcz\u0119dzaj\u0105ce p\u0142odno\u015b\u0107 w wybranych nowotworach"},"content":{"rendered":"\t\t<div data-elementor-type=\"wp-page\" data-elementor-id=\"8164\" class=\"elementor elementor-8164 elementor-7759\" data-elementor-post-type=\"page\">\n\t\t\t\t<main class=\"elementor-element elementor-element-7ee869af e-flex e-con-boxed e-con e-parent\" data-id=\"7ee869af\" data-element_type=\"container\" data-e-type=\"container\">\n\t\t\t\t\t<div class=\"e-con-inner\">\n\t\t<div class=\"elementor-element elementor-element-4b7d4066 e-con-full e-flex e-con e-child\" data-id=\"4b7d4066\" data-element_type=\"container\" data-e-type=\"container\">\n\t\t\t\t<div class=\"elementor-element elementor-element-2e20a840 elementor-widget elementor-widget-text-editor\" data-id=\"2e20a840\" data-element_type=\"widget\" data-e-type=\"widget\" data-widget_type=\"text-editor.default\">\n\t\t\t\t<div class=\"elementor-widget-container\">\n\t\t\t\t\t\t\t\t\t<h2>Procedury oszcz\u0119dzaj\u0105ce p\u0142odno\u015b\u0107 specyficzne przy niekt\u00f3rych nowotworach<\/h2><p><strong>Opr\u00f3cz opcji zachowania p\u0142odno\u015bci opisanych na poprzednich stronach, je\u015bli zdiagnozowano u Pani raka szyjki macicy lub jest Pani poddawana radioterapii miednicy mniejszej, mog\u0105 by\u0107 dla Pani dost\u0119pne okre\u015blone metody leczenia zachowuj\u0105cego p\u0142odno\u015b\u0107. Zesp\u00f3\u0142 opieki onkologicznej rozmawia z kobietami na temat tych procedur oszcz\u0119dzaj\u0105cych p\u0142odno\u015b\u0107 w ramach leczenia raka. <\/strong><\/p><p><strong>Trachelektomia<\/strong><\/p><p>Trachelektomia to zabieg chirurgiczny maj\u0105cy na celu usuni\u0119cie raka szyjki macicy. Usuwana jest szyjka macicy, g\u00f3rna cz\u0119\u015b\u0107 pochwy i gruczo\u0142y ch\u0142onne w miednicy. Macica pozostaje na swoim miejscu. <\/p><p>Ta opcja jest mo\u017cliwa, je\u015bli zdiagnozowano u Pani raka szyjki macicy we wczesnym stadium. Skutki uboczne mog\u0105 obejmowa\u0107 krwawienie i infekcje, zakrzepy krwi w \u017cy\u0142ach (zakrzepica). Skutki uboczne zabiegu chirurgicznego mog\u0105 obejmowa\u0107 naci\u0119cie jelita lub p\u0119cherza moczowego powoduj\u0105ce dalsze problemy z p\u0119cherzem oraz problemy z miesi\u0105czkowaniem Jest to zabieg chirurgiczny tzw. \u2018jednego dnia\u2019 i nie powoduje \u017cadnych op\u00f3\u017anie\u0144 w leczeniu raka   <\/p><p>Trachelektomia daje m\u0142odej kobiecie z wczesnym rakiem szyjki macicy szans\u0119 na urodzenie dziecka po leczeniu raka. Istnieje ryzyko poronienia i przedwczesnego porodu u kobiet, kt\u00f3re zasz\u0142y w ci\u0105\u017c\u0119 po zabiegu. Dziecko b\u0119dzie musia\u0142o zosta\u0107 urodzone przez cesarskie ci\u0119cie. Badania wykaza\u0142y, \u017ce trachelektomia nie wp\u0142ywa na ryzyko nawrotu raka.   <\/p><p><strong>Transpozycja jajnik\u00f3w<\/strong><\/p><p>Transpozycja jajnik\u00f3w to zabieg chirurgiczny polegaj\u0105cy na odsuni\u0119ciu jajnik\u00f3w od obszaru poddawanego radioterapii. Ta opcja jest mo\u017cliwa, je\u015bli jest Pani poddawana radioterapii miednicy <\/p><p>Skutki uboczne mog\u0105 obejmowa\u0107 uszkodzenie narz\u0105d\u00f3w wewn\u0119trznych. Jest to zabieg chirurgii jednego dnia i nie powoduje \u017cadnych op\u00f3\u017anie\u0144 w leczeniu raka. Szansa na to, \u017ce transpozycja jajnik\u00f3w pomo\u017ce kobiecie w urodzeniu dziecka po leczeniu raka, nie jest znana. Badania wykaza\u0142y, \u017ce transpozycja jajnik\u00f3w nie wp\u0142ywa na ryzyko nawrotu raka. Nie chroni jajnik\u00f3w przed skutkami chemioterapii.    <\/p><p><strong>Os\u0142ona jajnik\u00f3w<\/strong><\/p><p>Os\u0142ona jajnik\u00f3w dzia\u0142a poprzez ochron\u0119 jajnik\u00f3w podczas radioterapii. Ta opcja jest mo\u017cliwa, je\u015bli jest Pani poddawana radioterapii miednicy Podczas radioterapii, os\u0142ona jest umieszczana na zewn\u0105trz cia\u0142a, nad obszarem jajnik\u00f3w.  <\/p><p>B\u0119dzie Pani mog\u0142a wr\u00f3ci\u0107 do domu bezpo\u015brednio po radioterapii. Os\u0142ona nie op\u00f3\u017ania leczenia raka. Chocia\u017c mo\u017ce to zosta\u0107 Pani zaproponowane, dane sugeruj\u0105, \u017ce os\u0142ona jajnik\u00f3w zapewnia niewielk\u0105 ochron\u0119 jajnik\u00f3w podczas radioterapii.  <\/p><p>Szanse na urodzenie dziecka po leczeniu raka nie s\u0105 znane. Nie wiadomo jeszcze, czy os\u0142ona jajnik\u00f3w wp\u0142ywa na ryzyko rozwoju lub nawrotu nowotworu. Nie chroni jajnik\u00f3w przed skutkami chemioterapii.  <\/p>\t\t\t\t\t\t\t\t<\/div>\n\t\t\t\t<\/div>\n\t\t\t\t<\/div>\n\t\t<div class=\"elementor-element elementor-element-621436b2 e-con-full e-flex e-con e-child\" data-id=\"621436b2\" data-element_type=\"container\" data-e-type=\"container\">\n\t\t<div class=\"elementor-element elementor-element-7f887a8d e-con-full e-flex e-con e-child\" data-id=\"7f887a8d\" data-element_type=\"container\" data-e-type=\"container\">\n\t\t\t\t<div class=\"elementor-element elementor-element-386f9261 elementor-widget elementor-widget-image\" data-id=\"386f9261\" data-element_type=\"widget\" data-e-type=\"widget\" data-widget_type=\"image.default\">\n\t\t\t\t<div class=\"elementor-widget-container\">\n\t\t\t\t\t\t\t\t\t\t\t\t\t\t\t\t<a href=\"http:\/\/.\/\">\n\t\t\t\t\t\t\t<img decoding=\"async\" width=\"200\" height=\"200\" src=\"https:\/\/cancerfertilityandme.org.uk\/wp-content\/uploads\/cancerfertilityandme-logo-header-young-women.png\" class=\"attachment-full size-full wp-image-330\" alt=\"\" srcset=\"https:\/\/cancerfertilityandme.org.uk\/wp-content\/uploads\/cancerfertilityandme-logo-header-young-women.png 200w, https:\/\/cancerfertilityandme.org.uk\/wp-content\/uploads\/cancerfertilityandme-logo-header-young-women-150x150.png 150w, https:\/\/cancerfertilityandme.org.uk\/wp-content\/uploads\/elementor\/thumbs\/cancerfertilityandme-logo-header-young-women-r4vfcv1ro149or8nkxzol3x986uodd6lq6no4gpb6w.png 100w\" sizes=\"(max-width: 200px) 100vw, 200px\" \/>\t\t\t\t\t\t\t\t<\/a>\n\t\t\t\t\t\t\t\t\t\t\t\t\t\t\t<\/div>\n\t\t\t\t<\/div>\n\t\t\t\t<\/div>\n\t\t<div class=\"elementor-element elementor-element-61a813ad e-con-full e-flex e-con e-child\" data-id=\"61a813ad\" data-element_type=\"container\" data-e-type=\"container\">\n\t\t\t\t<div class=\"elementor-element elementor-element-46390266 elementor-widget elementor-widget-heading\" data-id=\"46390266\" data-element_type=\"widget\" data-e-type=\"widget\" data-widget_type=\"heading.default\">\n\t\t\t\t<div class=\"elementor-widget-container\">\n\t\t\t\t\t<h3 class=\"elementor-heading-title elementor-size-default\">Aby uzyska\u0107 wi\u0119cej informacji, skorzystaj z tych \u0142\u0105czy<\/h3>\t\t\t\t<\/div>\n\t\t\t\t<\/div>\n\t\t\t\t<div class=\"elementor-element elementor-element-54ac4883 elementor-nav-menu--dropdown-none elementor-widget elementor-widget-nav-menu\" data-id=\"54ac4883\" data-element_type=\"widget\" data-e-type=\"widget\" data-settings=\"{&quot;layout&quot;:&quot;vertical&quot;,&quot;submenu_icon&quot;:{&quot;value&quot;:&quot;&lt;svg aria-hidden=\\&quot;true\\&quot; class=\\&quot;e-font-icon-svg e-fas-caret-down\\&quot; viewBox=\\&quot;0 0 320 512\\&quot; xmlns=\\&quot;http:\\\/\\\/www.w3.org\\\/2000\\\/svg\\&quot;&gt;&lt;path d=\\&quot;M31.3 192h257.3c17.8 0 26.7 21.5 14.1 34.1L174.1 354.8c-7.8 7.8-20.5 7.8-28.3 0L17.2 226.1C4.6 213.5 13.5 192 31.3 192z\\&quot;&gt;&lt;\\\/path&gt;&lt;\\\/svg&gt;&quot;,&quot;library&quot;:&quot;fa-solid&quot;}}\" data-widget_type=\"nav-menu.default\">\n\t\t\t\t<div class=\"elementor-widget-container\">\n\t\t\t\t\t\t\t\t<nav aria-label=\"Menu\" class=\"elementor-nav-menu--main elementor-nav-menu__container elementor-nav-menu--layout-vertical e--pointer-none\">\n\t\t\t\t<ul id=\"menu-1-54ac4883\" class=\"elementor-nav-menu sm-vertical\"><li class=\"menu-item menu-item-type-post_type menu-item-object-page menu-item-8511\"><a href=\"https:\/\/cancerfertilityandme.org.uk\/young-women\/fertility-preservation\/\" class=\"elementor-item\">Zachowanie p\u0142odno\u015bci<\/a><\/li>\n<li class=\"menu-item menu-item-type-post_type menu-item-object-page menu-item-8514\"><a href=\"https:\/\/cancerfertilityandme.org.uk\/young-women\/fertility-preservation\/no-fertility-preservation\/\" class=\"elementor-item\">Brak zachowania p\u0142odno\u015bci<\/a><\/li>\n<li class=\"menu-item menu-item-type-post_type menu-item-object-page menu-item-8512\"><a href=\"https:\/\/cancerfertilityandme.org.uk\/young-women\/fertility-preservation\/egg-freezing\/\" class=\"elementor-item\">Zamra\u017canie kom\u00f3rek jajowych<\/a><\/li>\n<li class=\"menu-item menu-item-type-post_type menu-item-object-page menu-item-8513\"><a href=\"https:\/\/cancerfertilityandme.org.uk\/young-women\/fertility-preservation\/embryo-freezing\/\" class=\"elementor-item\">Zamra\u017canie zarodk\u00f3w<\/a><\/li>\n<li class=\"menu-item menu-item-type-post_type menu-item-object-page menu-item-8518\"><a href=\"https:\/\/cancerfertilityandme.org.uk\/young-women\/fertility-preservation\/ovarian-tissue-freezing\/\" class=\"elementor-item\">Zamra\u017canie tkanki jajnikowej<\/a><\/li>\n<li class=\"menu-item menu-item-type-post_type menu-item-object-page menu-item-8515\"><a href=\"https:\/\/cancerfertilityandme.org.uk\/young-women\/fertility-preservation\/ovarian-suppression\/\" class=\"elementor-item\">T\u0142umienie czynno\u015bci jajnik\u00f3w<\/a><\/li>\n<li class=\"menu-item menu-item-type-post_type menu-item-object-page menu-item-8519\"><a href=\"https:\/\/cancerfertilityandme.org.uk\/young-women\/fertility-preservation\/fertility-sparing-procedures\/\" class=\"elementor-item\">Opcje oszcz\u0119dzaj\u0105ce p\u0142odno\u015b\u0107 w wybranych nowotworach<\/a><\/li>\n<li class=\"menu-item menu-item-type-post_type menu-item-object-page menu-item-8520\"><a href=\"https:\/\/cancerfertilityandme.org.uk\/young-women\/fertility-preservation\/financial-costs\/\" class=\"elementor-item\">Ibiciro vy&#8217;amahera<\/a><\/li>\n<li class=\"menu-item menu-item-type-post_type menu-item-object-page menu-item-8521\"><a href=\"https:\/\/cancerfertilityandme.org.uk\/young-women\/fertility-preservation\/summary-of-options\/\" class=\"elementor-item\">Podsumowanie opcji<\/a><\/li>\n<li class=\"menu-item menu-item-type-post_type menu-item-object-page menu-item-8522\"><a href=\"https:\/\/cancerfertilityandme.org.uk\/young-women\/fertility-preservation\/questions-to-ask-about-fertility-preservation\/\" class=\"elementor-item\">Pytania, kt\u00f3re nale\u017cy zada\u0107 na temat zachowania p\u0142odno\u015bci<\/a><\/li>\n<\/ul>\t\t\t<\/nav>\n\t\t\t\t\t\t<nav class=\"elementor-nav-menu--dropdown elementor-nav-menu__container\" aria-hidden=\"true\">\n\t\t\t\t<ul id=\"menu-2-54ac4883\" class=\"elementor-nav-menu sm-vertical\"><li class=\"menu-item menu-item-type-post_type menu-item-object-page menu-item-8511\"><a href=\"https:\/\/cancerfertilityandme.org.uk\/young-women\/fertility-preservation\/\" class=\"elementor-item\" tabindex=\"-1\">Zachowanie p\u0142odno\u015bci<\/a><\/li>\n<li class=\"menu-item menu-item-type-post_type menu-item-object-page menu-item-8514\"><a href=\"https:\/\/cancerfertilityandme.org.uk\/young-women\/fertility-preservation\/no-fertility-preservation\/\" class=\"elementor-item\" tabindex=\"-1\">Brak zachowania p\u0142odno\u015bci<\/a><\/li>\n<li class=\"menu-item menu-item-type-post_type menu-item-object-page menu-item-8512\"><a href=\"https:\/\/cancerfertilityandme.org.uk\/young-women\/fertility-preservation\/egg-freezing\/\" class=\"elementor-item\" tabindex=\"-1\">Zamra\u017canie kom\u00f3rek jajowych<\/a><\/li>\n<li class=\"menu-item menu-item-type-post_type menu-item-object-page menu-item-8513\"><a href=\"https:\/\/cancerfertilityandme.org.uk\/young-women\/fertility-preservation\/embryo-freezing\/\" class=\"elementor-item\" tabindex=\"-1\">Zamra\u017canie zarodk\u00f3w<\/a><\/li>\n<li class=\"menu-item menu-item-type-post_type menu-item-object-page menu-item-8518\"><a href=\"https:\/\/cancerfertilityandme.org.uk\/young-women\/fertility-preservation\/ovarian-tissue-freezing\/\" class=\"elementor-item\" tabindex=\"-1\">Zamra\u017canie tkanki jajnikowej<\/a><\/li>\n<li class=\"menu-item menu-item-type-post_type menu-item-object-page menu-item-8515\"><a href=\"https:\/\/cancerfertilityandme.org.uk\/young-women\/fertility-preservation\/ovarian-suppression\/\" class=\"elementor-item\" tabindex=\"-1\">T\u0142umienie czynno\u015bci jajnik\u00f3w<\/a><\/li>\n<li class=\"menu-item menu-item-type-post_type menu-item-object-page menu-item-8519\"><a href=\"https:\/\/cancerfertilityandme.org.uk\/young-women\/fertility-preservation\/fertility-sparing-procedures\/\" class=\"elementor-item\" tabindex=\"-1\">Opcje oszcz\u0119dzaj\u0105ce p\u0142odno\u015b\u0107 w wybranych nowotworach<\/a><\/li>\n<li class=\"menu-item menu-item-type-post_type menu-item-object-page menu-item-8520\"><a href=\"https:\/\/cancerfertilityandme.org.uk\/young-women\/fertility-preservation\/financial-costs\/\" class=\"elementor-item\" tabindex=\"-1\">Ibiciro vy&#8217;amahera<\/a><\/li>\n<li class=\"menu-item menu-item-type-post_type menu-item-object-page menu-item-8521\"><a href=\"https:\/\/cancerfertilityandme.org.uk\/young-women\/fertility-preservation\/summary-of-options\/\" class=\"elementor-item\" tabindex=\"-1\">Podsumowanie opcji<\/a><\/li>\n<li class=\"menu-item menu-item-type-post_type menu-item-object-page menu-item-8522\"><a href=\"https:\/\/cancerfertilityandme.org.uk\/young-women\/fertility-preservation\/questions-to-ask-about-fertility-preservation\/\" class=\"elementor-item\" tabindex=\"-1\">Pytania, kt\u00f3re nale\u017cy zada\u0107 na temat zachowania p\u0142odno\u015bci<\/a><\/li>\n<\/ul>\t\t\t<\/nav>\n\t\t\t\t\t\t<\/div>\n\t\t\t\t<\/div>\n\t\t\t\t<\/div>\n\t\t\t\t<\/div>\n\t\t\t\t\t<\/div>\n\t\t\t\t<\/main>\n\t\t\t\t<\/div>\n\t\t","protected":false},"excerpt":{"rendered":"<p>Procedury oszcz\u0119dzaj\u0105ce p\u0142odno\u015b\u0107 specyficzne przy niekt\u00f3rych nowotworach Opr\u00f3cz opcji zachowania p\u0142odno\u015bci opisanych na poprzednich stronach, je\u015bli zdiagnozowano u Pani raka szyjki macicy lub jest Pani poddawana radioterapii miednicy mniejszej, mog\u0105 by\u0107 dla Pani dost\u0119pne okre\u015blone metody leczenia zachowuj\u0105cego p\u0142odno\u015b\u0107. Zesp\u00f3\u0142 opieki onkologicznej rozmawia z kobietami na temat tych procedur oszcz\u0119dzaj\u0105cych p\u0142odno\u015b\u0107 w ramach leczenia raka. [&hellip;]<\/p>\n","protected":false},"author":1,"featured_media":0,"parent":8156,"menu_order":0,"comment_status":"open","ping_status":"closed","template":"","meta":{"footnotes":""},"class_list":["post-8164","page","type-page","status-publish","hentry"],"_links":{"self":[{"href":"https:\/\/cancerfertilityandme.org.uk\/pl\/wp-json\/wp\/v2\/pages\/8164","targetHints":{"allow":["GET"]}}],"collection":[{"href":"https:\/\/cancerfertilityandme.org.uk\/pl\/wp-json\/wp\/v2\/pages"}],"about":[{"href":"https:\/\/cancerfertilityandme.org.uk\/pl\/wp-json\/wp\/v2\/types\/page"}],"author":[{"embeddable":true,"href":"https:\/\/cancerfertilityandme.org.uk\/pl\/wp-json\/wp\/v2\/users\/1"}],"replies":[{"embeddable":true,"href":"https:\/\/cancerfertilityandme.org.uk\/pl\/wp-json\/wp\/v2\/comments?post=8164"}],"version-history":[{"count":2,"href":"https:\/\/cancerfertilityandme.org.uk\/pl\/wp-json\/wp\/v2\/pages\/8164\/revisions"}],"predecessor-version":[{"id":10141,"href":"https:\/\/cancerfertilityandme.org.uk\/pl\/wp-json\/wp\/v2\/pages\/8164\/revisions\/10141"}],"up":[{"embeddable":true,"href":"https:\/\/cancerfertilityandme.org.uk\/pl\/wp-json\/wp\/v2\/pages\/8156"}],"wp:attachment":[{"href":"https:\/\/cancerfertilityandme.org.uk\/pl\/wp-json\/wp\/v2\/media?parent=8164"}],"curies":[{"name":"wp","href":"https:\/\/api.w.org\/{rel}","templated":true}]}}