{"id":8162,"date":"2023-04-02T16:29:50","date_gmt":"2023-04-02T16:29:50","guid":{"rendered":"https:\/\/cancerfertilityandme.org.uk\/tlumienie-czynnosci-jajnikow\/"},"modified":"2026-02-03T14:49:36","modified_gmt":"2026-02-03T14:49:36","slug":"tlumienie-czynnosci-jajnikow","status":"publish","type":"page","link":"https:\/\/cancerfertilityandme.org.uk\/pl\/mlode-kobiety\/opcje-zachowania-plodnosci-2\/tlumienie-czynnosci-jajnikow\/","title":{"rendered":"T\u0142umienie czynno\u015bci jajnik\u00f3w"},"content":{"rendered":"\t\t<div data-elementor-type=\"wp-page\" data-elementor-id=\"8162\" class=\"elementor elementor-8162 elementor-7757\" data-elementor-post-type=\"page\">\n\t\t\t\t<main class=\"elementor-element elementor-element-58c8f52 e-flex e-con-boxed e-con e-parent\" data-id=\"58c8f52\" data-element_type=\"container\" data-e-type=\"container\">\n\t\t\t\t\t<div class=\"e-con-inner\">\n\t\t<div class=\"elementor-element elementor-element-35db8872 e-con-full e-flex e-con e-child\" data-id=\"35db8872\" data-element_type=\"container\" data-e-type=\"container\">\n\t\t\t\t<div class=\"elementor-element elementor-element-52a4701f elementor-widget elementor-widget-text-editor\" data-id=\"52a4701f\" data-element_type=\"widget\" data-e-type=\"widget\" data-widget_type=\"text-editor.default\">\n\t\t\t\t<div class=\"elementor-widget-container\">\n\t\t\t\t\t\t\t\t\t<h2>T\u0142umienie czynno\u015bci jajnik\u00f3w<\/h2><p><strong>Jest to opcja ochrony jajnik\u00f3w podczas leczenia raka. Jest to leczenie hormonalne, w postaci zastrzyk\u00f3w. Dzia\u0142a poprzez tymczasowe \u201ewy\u0142\u0105czenie\u201d estrogenu wytwarzanego przez jajnik. Supresja jajnik\u00f3w mo\u017ce by\u0107 stosowana bezpo\u015brednio przed i w trakcie chemioterapii. Nie jest jasne, czy zwi\u0119ksza szans\u0119 na urodzenie dziecka po leczeniu raka   <\/strong><\/p><p><strong>Dla kogo to jest?<\/strong><\/p><p>Kobiet, kt\u00f3re chc\u0105 zachowa\u0107 swoj\u0105 p\u0142odno\u015b\u0107 i przesz\u0142y okres dojrzewania i s\u0105 w trakcie chemioterapii.<\/p><p><strong>Co si\u0119 z tym wi\u0105\u017ce?<\/strong><\/p><p>B\u0119dzie Pani musia\u0142a przyjmowa\u0107 comiesi\u0119czne zastrzyki, kt\u00f3re zatrzymuj\u0105 hormony stymuluj\u0105ce jajniki. Mo\u017ce Pani zosta\u0107 zaproponowane leczenie analogiem hormonu uwalniaj\u0105cego gonadotropin\u0119 (GnRH). <\/p><p><strong>Jaka jest szansa na urodzenie dziecka po supresji jajnik\u00f3w?<\/strong><\/p><p>Szansa na urodzenie dziecka w przysz\u0142o\u015bci zale\u017cy od tego, w jaki spos\u00f3b leczenie raka wp\u0142yn\u0119\u0142o na Pani jajniki.<\/p><p>Skuteczno\u015b\u0107 tej metody ochrony jajnik\u00f3w przy stosowaniu chemioterapii jest jedynie znana u kobiet z nowotworem piersi. Mo\u017ce nie by\u0107 skuteczny u kobiet z innymi nowotworami. Nie jest jasne, w jakim stopniu zwi\u0119ksza to szans\u0119 na urodzenie dziecka po leczeniu i mo\u017ce by\u0107 mniej skuteczne ni\u017c techniki zamra\u017cania, wi\u0119c je\u015bli s\u0105 one mo\u017cliwe, a przysz\u0142a p\u0142odno\u015b\u0107 jest dla Pani wa\u017cna, nie powinna Pani wybiera\u0107 supresji jajnik\u00f3w zamiast technik zamra\u017cania.  <\/p><p><strong>Czy ta opcja wp\u0142ynie na zdrowie dziecka?<\/strong><\/p><p>Nie, dane sugeruj\u0105, \u017ce ta opcja nie wp\u0142ynie na zdrowie dziecka urodzonego po zastosowaniu supresji jajnik\u00f3w. Czy s\u0105 jakie\u015b skutki uboczne leczenia stosowanego w supresji jajnik\u00f3w? Czy s\u0105 jakie\u015b skutki uboczne leczenia stosowanego w supresji jajnik\u00f3w?<\/p><p>Ta opcja oznacza wy\u0142\u0105czenie jajnik\u00f3w na kr\u00f3tki czas. Mo\u017ce to powodowa\u0107 skutki uboczne typowe dla menopauzy, takie jak uderzenia gor\u0105ca, zmiany nastroju, trudno\u015bci ze snem i sucho\u015b\u0107 pochwy. <\/p><p>Objawy te s\u0105 tymczasowe, poniewa\u017c supresja jajnik\u00f3w nie powoduje trwa\u0142ej menopauzy.<\/p><p><strong>Czy ta opcja op\u00f3\u017ani rozpocz\u0119cie mojego leczenia onkologicznego?<\/strong><\/p><p>Zastrzyki hormonalne s\u0105 przewa\u017cnie podawane co miesi\u0105c i rozpoczn\u0105 si\u0119 oko\u0142o 2 tygodnie przed leczeniem raka. Po rozpocz\u0119ciu leczenia raka zastrzyki s\u0105 podawane co miesi\u0105c przez ca\u0142y czas, gdy kobieta otrzymuje chemioterapi\u0119. <\/p><p><strong>Czy ta opcja wp\u0142ynie na ryzyko powrotu nowotworu?<\/strong><\/p><p>Badania wykaza\u0142y, \u017ce supresja jajnik\u00f3w nie wp\u0142ywa na ryzyko nawrotu raka<br><\/p>\t\t\t\t\t\t\t\t<\/div>\n\t\t\t\t<\/div>\n\t\t\t\t<\/div>\n\t\t<div class=\"elementor-element elementor-element-7703da27 e-con-full e-flex e-con e-child\" data-id=\"7703da27\" data-element_type=\"container\" data-e-type=\"container\">\n\t\t<div class=\"elementor-element elementor-element-7f5bdb7d e-con-full e-flex e-con e-child\" data-id=\"7f5bdb7d\" data-element_type=\"container\" data-e-type=\"container\">\n\t\t\t\t<div class=\"elementor-element elementor-element-4fb1f8c8 elementor-widget elementor-widget-image\" data-id=\"4fb1f8c8\" data-element_type=\"widget\" data-e-type=\"widget\" data-widget_type=\"image.default\">\n\t\t\t\t<div class=\"elementor-widget-container\">\n\t\t\t\t\t\t\t\t\t\t\t\t\t\t\t\t<a href=\"http:\/\/.\/\">\n\t\t\t\t\t\t\t<img decoding=\"async\" width=\"200\" height=\"200\" src=\"https:\/\/cancerfertilityandme.org.uk\/wp-content\/uploads\/cancerfertilityandme-logo-header-young-women.png\" class=\"attachment-full size-full wp-image-330\" alt=\"\" srcset=\"https:\/\/cancerfertilityandme.org.uk\/wp-content\/uploads\/cancerfertilityandme-logo-header-young-women.png 200w, https:\/\/cancerfertilityandme.org.uk\/wp-content\/uploads\/cancerfertilityandme-logo-header-young-women-150x150.png 150w, https:\/\/cancerfertilityandme.org.uk\/wp-content\/uploads\/elementor\/thumbs\/cancerfertilityandme-logo-header-young-women-r4vfcv1ro149or8nkxzol3x986uodd6lq6no4gpb6w.png 100w\" sizes=\"(max-width: 200px) 100vw, 200px\" \/>\t\t\t\t\t\t\t\t<\/a>\n\t\t\t\t\t\t\t\t\t\t\t\t\t\t\t<\/div>\n\t\t\t\t<\/div>\n\t\t\t\t<\/div>\n\t\t<div class=\"elementor-element elementor-element-55d17a4e e-con-full e-flex e-con e-child\" data-id=\"55d17a4e\" data-element_type=\"container\" data-e-type=\"container\">\n\t\t\t\t<div class=\"elementor-element elementor-element-9132204 elementor-widget elementor-widget-heading\" data-id=\"9132204\" data-element_type=\"widget\" data-e-type=\"widget\" data-widget_type=\"heading.default\">\n\t\t\t\t<div class=\"elementor-widget-container\">\n\t\t\t\t\t<h3 class=\"elementor-heading-title elementor-size-default\">Aby uzyska\u0107 wi\u0119cej informacji, skorzystaj z tych \u0142\u0105czy<\/h3>\t\t\t\t<\/div>\n\t\t\t\t<\/div>\n\t\t\t\t<div class=\"elementor-element elementor-element-dd424a5 elementor-nav-menu--dropdown-none elementor-widget elementor-widget-nav-menu\" data-id=\"dd424a5\" data-element_type=\"widget\" data-e-type=\"widget\" data-settings=\"{&quot;layout&quot;:&quot;vertical&quot;,&quot;submenu_icon&quot;:{&quot;value&quot;:&quot;&lt;svg aria-hidden=\\&quot;true\\&quot; class=\\&quot;e-font-icon-svg e-fas-caret-down\\&quot; viewBox=\\&quot;0 0 320 512\\&quot; xmlns=\\&quot;http:\\\/\\\/www.w3.org\\\/2000\\\/svg\\&quot;&gt;&lt;path d=\\&quot;M31.3 192h257.3c17.8 0 26.7 21.5 14.1 34.1L174.1 354.8c-7.8 7.8-20.5 7.8-28.3 0L17.2 226.1C4.6 213.5 13.5 192 31.3 192z\\&quot;&gt;&lt;\\\/path&gt;&lt;\\\/svg&gt;&quot;,&quot;library&quot;:&quot;fa-solid&quot;}}\" data-widget_type=\"nav-menu.default\">\n\t\t\t\t<div class=\"elementor-widget-container\">\n\t\t\t\t\t\t\t\t<nav aria-label=\"Menu\" class=\"elementor-nav-menu--main elementor-nav-menu__container elementor-nav-menu--layout-vertical e--pointer-none\">\n\t\t\t\t<ul id=\"menu-1-dd424a5\" class=\"elementor-nav-menu sm-vertical\"><li class=\"menu-item menu-item-type-post_type menu-item-object-page menu-item-8511\"><a href=\"https:\/\/cancerfertilityandme.org.uk\/young-women\/fertility-preservation\/\" class=\"elementor-item\">Zachowanie p\u0142odno\u015bci<\/a><\/li>\n<li class=\"menu-item menu-item-type-post_type menu-item-object-page menu-item-8514\"><a href=\"https:\/\/cancerfertilityandme.org.uk\/young-women\/fertility-preservation\/no-fertility-preservation\/\" class=\"elementor-item\">Brak zachowania p\u0142odno\u015bci<\/a><\/li>\n<li class=\"menu-item menu-item-type-post_type menu-item-object-page menu-item-8512\"><a href=\"https:\/\/cancerfertilityandme.org.uk\/young-women\/fertility-preservation\/egg-freezing\/\" class=\"elementor-item\">Zamra\u017canie kom\u00f3rek jajowych<\/a><\/li>\n<li class=\"menu-item menu-item-type-post_type menu-item-object-page menu-item-8513\"><a href=\"https:\/\/cancerfertilityandme.org.uk\/young-women\/fertility-preservation\/embryo-freezing\/\" class=\"elementor-item\">Zamra\u017canie zarodk\u00f3w<\/a><\/li>\n<li class=\"menu-item menu-item-type-post_type menu-item-object-page menu-item-8518\"><a href=\"https:\/\/cancerfertilityandme.org.uk\/young-women\/fertility-preservation\/ovarian-tissue-freezing\/\" class=\"elementor-item\">Zamra\u017canie tkanki jajnikowej<\/a><\/li>\n<li class=\"menu-item menu-item-type-post_type menu-item-object-page menu-item-8515\"><a href=\"https:\/\/cancerfertilityandme.org.uk\/young-women\/fertility-preservation\/ovarian-suppression\/\" class=\"elementor-item\">T\u0142umienie czynno\u015bci jajnik\u00f3w<\/a><\/li>\n<li class=\"menu-item menu-item-type-post_type menu-item-object-page menu-item-8519\"><a href=\"https:\/\/cancerfertilityandme.org.uk\/young-women\/fertility-preservation\/fertility-sparing-procedures\/\" class=\"elementor-item\">Opcje oszcz\u0119dzaj\u0105ce p\u0142odno\u015b\u0107 w wybranych nowotworach<\/a><\/li>\n<li class=\"menu-item menu-item-type-post_type menu-item-object-page menu-item-8520\"><a href=\"https:\/\/cancerfertilityandme.org.uk\/young-women\/fertility-preservation\/financial-costs\/\" class=\"elementor-item\">Ibiciro vy&#8217;amahera<\/a><\/li>\n<li class=\"menu-item menu-item-type-post_type menu-item-object-page menu-item-8521\"><a href=\"https:\/\/cancerfertilityandme.org.uk\/young-women\/fertility-preservation\/summary-of-options\/\" class=\"elementor-item\">Podsumowanie opcji<\/a><\/li>\n<li class=\"menu-item menu-item-type-post_type menu-item-object-page menu-item-8522\"><a href=\"https:\/\/cancerfertilityandme.org.uk\/young-women\/fertility-preservation\/questions-to-ask-about-fertility-preservation\/\" class=\"elementor-item\">Pytania, kt\u00f3re nale\u017cy zada\u0107 na temat zachowania p\u0142odno\u015bci<\/a><\/li>\n<\/ul>\t\t\t<\/nav>\n\t\t\t\t\t\t<nav class=\"elementor-nav-menu--dropdown elementor-nav-menu__container\" aria-hidden=\"true\">\n\t\t\t\t<ul id=\"menu-2-dd424a5\" class=\"elementor-nav-menu sm-vertical\"><li class=\"menu-item menu-item-type-post_type menu-item-object-page menu-item-8511\"><a href=\"https:\/\/cancerfertilityandme.org.uk\/young-women\/fertility-preservation\/\" class=\"elementor-item\" tabindex=\"-1\">Zachowanie p\u0142odno\u015bci<\/a><\/li>\n<li class=\"menu-item menu-item-type-post_type menu-item-object-page menu-item-8514\"><a href=\"https:\/\/cancerfertilityandme.org.uk\/young-women\/fertility-preservation\/no-fertility-preservation\/\" class=\"elementor-item\" tabindex=\"-1\">Brak zachowania p\u0142odno\u015bci<\/a><\/li>\n<li class=\"menu-item menu-item-type-post_type menu-item-object-page menu-item-8512\"><a href=\"https:\/\/cancerfertilityandme.org.uk\/young-women\/fertility-preservation\/egg-freezing\/\" class=\"elementor-item\" tabindex=\"-1\">Zamra\u017canie kom\u00f3rek jajowych<\/a><\/li>\n<li class=\"menu-item menu-item-type-post_type menu-item-object-page menu-item-8513\"><a href=\"https:\/\/cancerfertilityandme.org.uk\/young-women\/fertility-preservation\/embryo-freezing\/\" class=\"elementor-item\" tabindex=\"-1\">Zamra\u017canie zarodk\u00f3w<\/a><\/li>\n<li class=\"menu-item menu-item-type-post_type menu-item-object-page menu-item-8518\"><a href=\"https:\/\/cancerfertilityandme.org.uk\/young-women\/fertility-preservation\/ovarian-tissue-freezing\/\" class=\"elementor-item\" tabindex=\"-1\">Zamra\u017canie tkanki jajnikowej<\/a><\/li>\n<li class=\"menu-item menu-item-type-post_type menu-item-object-page menu-item-8515\"><a href=\"https:\/\/cancerfertilityandme.org.uk\/young-women\/fertility-preservation\/ovarian-suppression\/\" class=\"elementor-item\" tabindex=\"-1\">T\u0142umienie czynno\u015bci jajnik\u00f3w<\/a><\/li>\n<li class=\"menu-item menu-item-type-post_type menu-item-object-page menu-item-8519\"><a href=\"https:\/\/cancerfertilityandme.org.uk\/young-women\/fertility-preservation\/fertility-sparing-procedures\/\" class=\"elementor-item\" tabindex=\"-1\">Opcje oszcz\u0119dzaj\u0105ce p\u0142odno\u015b\u0107 w wybranych nowotworach<\/a><\/li>\n<li class=\"menu-item menu-item-type-post_type menu-item-object-page menu-item-8520\"><a href=\"https:\/\/cancerfertilityandme.org.uk\/young-women\/fertility-preservation\/financial-costs\/\" class=\"elementor-item\" tabindex=\"-1\">Ibiciro vy&#8217;amahera<\/a><\/li>\n<li class=\"menu-item menu-item-type-post_type menu-item-object-page menu-item-8521\"><a href=\"https:\/\/cancerfertilityandme.org.uk\/young-women\/fertility-preservation\/summary-of-options\/\" class=\"elementor-item\" tabindex=\"-1\">Podsumowanie opcji<\/a><\/li>\n<li class=\"menu-item menu-item-type-post_type menu-item-object-page menu-item-8522\"><a href=\"https:\/\/cancerfertilityandme.org.uk\/young-women\/fertility-preservation\/questions-to-ask-about-fertility-preservation\/\" class=\"elementor-item\" tabindex=\"-1\">Pytania, kt\u00f3re nale\u017cy zada\u0107 na temat zachowania p\u0142odno\u015bci<\/a><\/li>\n<\/ul>\t\t\t<\/nav>\n\t\t\t\t\t\t<\/div>\n\t\t\t\t<\/div>\n\t\t\t\t<\/div>\n\t\t\t\t<\/div>\n\t\t\t\t\t<\/div>\n\t\t\t\t<\/main>\n\t\t\t\t<\/div>\n\t\t","protected":false},"excerpt":{"rendered":"<p>T\u0142umienie czynno\u015bci jajnik\u00f3w Jest to opcja ochrony jajnik\u00f3w podczas leczenia raka. Jest to leczenie hormonalne, w postaci zastrzyk\u00f3w. Dzia\u0142a poprzez tymczasowe \u201ewy\u0142\u0105czenie\u201d estrogenu wytwarzanego przez jajnik. Supresja jajnik\u00f3w mo\u017ce by\u0107 stosowana bezpo\u015brednio przed i w trakcie chemioterapii. Nie jest jasne, czy zwi\u0119ksza szans\u0119 na urodzenie dziecka po leczeniu raka Dla kogo to jest? Kobiet, kt\u00f3re [&hellip;]<\/p>\n","protected":false},"author":1,"featured_media":0,"parent":8156,"menu_order":0,"comment_status":"open","ping_status":"closed","template":"","meta":{"footnotes":""},"class_list":["post-8162","page","type-page","status-publish","hentry"],"_links":{"self":[{"href":"https:\/\/cancerfertilityandme.org.uk\/pl\/wp-json\/wp\/v2\/pages\/8162","targetHints":{"allow":["GET"]}}],"collection":[{"href":"https:\/\/cancerfertilityandme.org.uk\/pl\/wp-json\/wp\/v2\/pages"}],"about":[{"href":"https:\/\/cancerfertilityandme.org.uk\/pl\/wp-json\/wp\/v2\/types\/page"}],"author":[{"embeddable":true,"href":"https:\/\/cancerfertilityandme.org.uk\/pl\/wp-json\/wp\/v2\/users\/1"}],"replies":[{"embeddable":true,"href":"https:\/\/cancerfertilityandme.org.uk\/pl\/wp-json\/wp\/v2\/comments?post=8162"}],"version-history":[{"count":2,"href":"https:\/\/cancerfertilityandme.org.uk\/pl\/wp-json\/wp\/v2\/pages\/8162\/revisions"}],"predecessor-version":[{"id":10162,"href":"https:\/\/cancerfertilityandme.org.uk\/pl\/wp-json\/wp\/v2\/pages\/8162\/revisions\/10162"}],"up":[{"embeddable":true,"href":"https:\/\/cancerfertilityandme.org.uk\/pl\/wp-json\/wp\/v2\/pages\/8156"}],"wp:attachment":[{"href":"https:\/\/cancerfertilityandme.org.uk\/pl\/wp-json\/wp\/v2\/media?parent=8162"}],"curies":[{"name":"wp","href":"https:\/\/api.w.org\/{rel}","templated":true}]}}