{"id":8160,"date":"2023-04-02T16:26:55","date_gmt":"2023-04-02T16:26:55","guid":{"rendered":"https:\/\/cancerfertilityandme.org.uk\/zamrazanie-zarodkow\/"},"modified":"2026-02-03T11:51:49","modified_gmt":"2026-02-03T11:51:49","slug":"zamrazanie-zarodkow","status":"publish","type":"page","link":"https:\/\/cancerfertilityandme.org.uk\/pl\/mlode-kobiety\/opcje-zachowania-plodnosci-2\/zamrazanie-zarodkow\/","title":{"rendered":"Zamra\u017canie zarodk\u00f3w"},"content":{"rendered":"\t\t<div data-elementor-type=\"wp-page\" data-elementor-id=\"8160\" class=\"elementor elementor-8160 elementor-7753\" data-elementor-post-type=\"page\">\n\t\t\t\t<main class=\"elementor-element elementor-element-3921228b e-flex e-con-boxed e-con e-parent\" data-id=\"3921228b\" data-element_type=\"container\" data-e-type=\"container\">\n\t\t\t\t\t<div class=\"e-con-inner\">\n\t\t<div class=\"elementor-element elementor-element-64c428c e-con-full e-flex e-con e-child\" data-id=\"64c428c\" data-element_type=\"container\" data-e-type=\"container\">\n\t\t\t\t<div class=\"elementor-element elementor-element-68b74dc8 elementor-widget elementor-widget-text-editor\" data-id=\"68b74dc8\" data-element_type=\"widget\" data-e-type=\"widget\" data-widget_type=\"text-editor.default\">\n\t\t\t\t<div class=\"elementor-widget-container\">\n\t\t\t\t\t\t\t\t\t<h2>Zamra\u017canie zarodk\u00f3w<\/h2><p>Ta opcja oznacza, \u017ce dojrza\u0142e kom\u00f3rki jajowe s\u0105 pobierane z jajnika kobiety i zap\u0142adniane plemnikami poprzez zap\u0142odnienie in vitro (IVF). Odbywa si\u0119 to w laboratorium. Zap\u0142odnione kom\u00f3rki jajowe (zarodki) s\u0105 nast\u0119pnie zamra\u017cane i przechowywane do wykorzystania w przysz\u0142o\u015bci. Gdy kobieta jest gotowa zaj\u015b\u0107 w ci\u0105\u017c\u0119, przechowywane zarodki s\u0105 umieszczane z powrotem w macicy.   <\/p><p><strong>Dla kogo ?<\/strong><\/p><p>Kobiet, kt\u00f3re przesz\u0142y okres dojrzewania i:<\/p><ul><li>Maj\u0105 czas, aby podj\u0105\u0107 pr\u00f3by zachowania p\u0142odno\u015bci przed rozpocz\u0119ciem leczenia raka.<\/li><li>Maj\u0105 partnera p\u0142ci m\u0119skiej, poniewa\u017c do zap\u0142odnienia potrzebne s\u0105 zar\u00f3wno kom\u00f3rka jajowe, jak i plemniki.<\/li><\/ul><p><strong>Co si\u0119 z tym wi\u0105\u017ce?<\/strong><\/p><p>B\u0119dzie Pani musia\u0142a przyjmowa\u0107 zastrzyki hormonalne w celu stymulacji jajnik\u00f3w (stymulacja jajnik\u00f3w) przez oko\u0142o 2 tygodnie. Kom\u00f3rki jajowe s\u0105 nast\u0119pnie pobierane za pomoc\u0105 cienkiej ig\u0142y wprowadzanej przez \u015bcian\u0119 pochwy a\u017c do jajnik\u00f3w. Odbywa si\u0119 to pod narkoz\u0105 i mo\u017ce by\u0107 Pani w stanie wr\u00f3ci\u0107 do domu kilka godzin p\u00f3\u017aniej.  <\/p><p>Je\u015bli jest Pani w zwi\u0105zku i tworzy oraz przechowuje zarodek ze swoim partnerem p\u0142ci m\u0119skiej, b\u0119dzie Pani potrzebowa\u0142a zgody partnera przed wykorzystaniem zarodk\u00f3w. Jest to wa\u017cne, poniewa\u017c w przypadku p\u00f3\u017aniejszego rozstania, partner mo\u017ce nie chcie\u0107, aby wykorzysta\u0142a Pani przechowywane zarodki. <\/p><p>Je\u015bli nie ma Pani partnera p\u0142ci m\u0119skiej, mo\u017cna skorzysta\u0107 z nasienia dawcy. Je\u015bli wybior\u0105 Pa\u0144stwo t\u0119 opcj\u0119, wa\u017cne jest, aby wiedzie\u0107, \u017ce dawca mo\u017ce zmieni\u0107 zdanie i nie wyrazi\u0107 zgody na wykorzystanie zarodk\u00f3w powsta\u0142ych z jego nasienia. Zamro\u017cone zarodki mog\u0105 by\u0107 przechowywane przez 10 lat. W niekt\u00f3rych sytuacjach okres ten mo\u017ce zosta\u0107 wyd\u0142u\u017cony o 10 lat (\u0142\u0105cznie do 55 lat).  <\/p><p><strong>Jaka jest szansa na urodzenie dziecka po zamro\u017ceniu zarodk\u00f3w?<\/strong><\/p><p>Trudno jest mie\u0107 pewno\u015b\u0107, jakie jest prawdopodobie\u0144stwo, \u017ce zamro\u017cenie zarodka doprowadzi do \u017cywego porodu. Liczba pacjent\u00f3w chorych na raka, kt\u00f3rzy skorzystali z zamro\u017conych zarodk\u00f3w, jest niewielka.<\/p><p>Wi\u0119kszo\u015b\u0107 danych pochodzi od kobiet nie choruj\u0105cych na raka, kt\u00f3re wykorzysta\u0142y zamro\u017cony zarodek do urodzenia dziecka.<\/p><p>Szansa na powodzenie zamro\u017cenia zarodk\u00f3w zale\u017cy od liczby uzyskanych jajeczek, poniewa\u017c s\u0105 one nast\u0119pnie zap\u0142adniane w celu utworzenia zarodk\u00f3w przed zamro\u017ceniem. Je\u015bli m\u0142oda kobieta w wieku poni\u017cej 35 lat uzyska dziesi\u0119\u0107 jajeczek i zap\u0142odni je w celu utworzenia zarodk\u00f3w, dadz\u0105 jej one 5 na 10 (50%) szans na urodzenie dziecka. Szansa na urodzenie dziecka po zamro\u017ceniu zarodka zale\u017cy od wielu czynnik\u00f3w.  <\/p><p>Pani wiek w momencie pobrania kom\u00f3rek jajowych. Kobiety w wieku poni\u017cej 35 lat maj\u0105 wi\u0119ksze szanse.<\/p><ul><li>Liczba pobranych kom\u00f3rek jajowych<\/li><li>Liczba i jako\u015b\u0107 zamro\u017conych zarodk\u00f3w.<\/li><li>Zdrowie plemnik\u00f3w Pani partnera.<\/li><li>Klinika opieki nad p\u0142odno\u015bci\u0105, w kt\u00f3rej przeprowadzono mro\u017cenie zarodk\u00f3w<\/li><\/ul><p>Aby uzyska\u0107 wi\u0119cej informacji na temat \u015brednich krajowych wska\u017anik\u00f3w skuteczno\u015bci i liczby udanych \u017cywych urodze\u0144 dla ka\u017cdej licencjonowanej kliniki leczenia niep\u0142odno\u015bci, prosz\u0119 odwiedzi\u0107 stron\u0119 internetow\u0105 HFEA <a href=\"https:\/\/www.hfea.gov.uk\/\" target=\"_blank\" rel=\"noopener\">www.hfea.gov.uk<\/a>.<\/p><p><strong>Czy ta opcja wp\u0142ynie na zdrowie dziecka?<\/strong><\/p><p>Nie, dane sugeruj\u0105, \u017ce nie wp\u0142ynie to na zdrowie dziecka urodzonego przy u\u017cyciu zamro\u017conych kom\u00f3rek jajowych.<\/p><p><strong>Czy istniej\u0105 jakie\u015b skutki uboczne leczenia niep\u0142odno\u015bci stosowanego w mro\u017ceniu zarodk\u00f3w?<\/strong><\/p><p>Leki na p\u0142odno\u015b\u0107 stosowane do stymulacji jajnik\u00f3w mog\u0105 powodowa\u0107 skutki uboczne, takie jak b\u00f3le g\u0142owy, zmiany nastroju, uderzenia gor\u0105ca i podra\u017cnienia sk\u00f3ry. Leki na p\u0142odno\u015b\u0107 mog\u0105 r\u00f3wnie\u017c powodowa\u0107 nadmiern\u0105 reakcj\u0119 jajnik\u00f3w, co mo\u017ce prowadzi\u0107 do stanu zwanego OHSS. Po rozpocz\u0119ciu leczenia zaleca si\u0119, aby zapyta\u0142a Pani sw\u00f3j zesp\u00f3\u0142 ds. leczenia niep\u0142odno\u015bci o objawy tego stanu i spos\u00f3b skontaktowania si\u0119 z nim w razie potrzeby.  <\/p><p>Kiedy jajniki s\u0105 stymulowane do produkcji du\u017cej ilo\u015bci kom\u00f3rek jajowych, poziom hormonu estrogenu wzrasta. Mo\u017ce to stanowi\u0107 ryzyko u kobiet z rakiem piersi wra\u017cliwym na estrogen. Kobietom tym mo\u017cna podawa\u0107 lek o nazwie Letrozol (Femara). Obni\u017ca on poziom estrogenu we krwi.  <\/p><p>Kiedy jajniki s\u0105 stymulowane do produkcji du\u017cej ilo\u015bci kom\u00f3rek jajowych, poziom hormonu estrogenu wzrasta. Mo\u017ce to stanowi\u0107 ryzyko u kobiet z rakiem piersi wra\u017cliwym na estrogen. Kobietom tym mo\u017cna podawa\u0107 lek o nazwie Letrozol (Femara). Obni\u017ca on poziom estrogenu we krwi.<\/p><p>W czasie pobierania kom\u00f3rek jajowych istnieje ryzyko krwawienia, infekcji i przebicia jelita, ale zdarza si\u0119 to rzadko.<\/p><p>Mo\u017ce istnie\u0107 ryzyko dla kobiet z nowotworami miednicy, u kt\u00f3rych po pobraniu kom\u00f3rek jajowych mo\u017ce doj\u015b\u0107 do wycieku kom\u00f3rek nowotworowych z jajnika do jamy brzusznej. <\/p><p>Je\u015bli wi\u0119cej ni\u017c jeden zarodek zostanie implantowany, istnieje szansa na por\u00f3d mnogi (bli\u017ani\u0119ta, trojaczki). Wszystkie ci\u0105\u017ce wi\u0105\u017c\u0105 si\u0119 z ryzykiem poronienia i ci\u0105\u017cy ektopowej (ci\u0105\u017ca poza macic\u0105).<\/p><p><strong>Czy ta opcja op\u00f3\u017ani rozpocz\u0119cie mojego leczenia raka?<\/strong><\/p><p>Od momentu rozpocz\u0119cia stymulacji jajnik\u00f3w do momentu pobrania kom\u00f3rek jajowych mija oko\u0142o dw\u00f3ch tygodni. Czas przed rozpocz\u0119ciem stymulacji mo\u017ce by\u0107 r\u00f3\u017cny w zale\u017cno\u015bci od tego, w kt\u00f3rym momencie cyklu miesi\u0105czkowego znajduje si\u0119 kobieta. <\/p><p>Ta opcja mo\u017ce nie by\u0107 odpowiednia dla kobiet z nowotworami, takimi jak bia\u0142aczka, niekt\u00f3re ch\u0142oniaki i mi\u0119saki, poniewa\u017c mog\u0105 one wymaga\u0107 natychmiastowego leczenia.<br>Je\u015bli do\u015bwiadczy Pani OHSS, mo\u017ce to spowodowa\u0107 d\u0142u\u017csze op\u00f3\u017anienie w rozpocz\u0119ciu leczenia raka.<\/p><p><strong>Czy ta opcja wp\u0142ynie na ryzyko powrotu nowotworu?<\/strong><\/p><p>Nie ma danych sugeruj\u0105cych \u017ce zamra\u017cania zarodk\u00f3w zwi\u0119ksza ryzyko rozwoju nowotworu albo jego nawrotu.<\/p>\t\t\t\t\t\t\t\t<\/div>\n\t\t\t\t<\/div>\n\t\t\t\t<\/div>\n\t\t<div class=\"elementor-element elementor-element-1a21ec4f e-con-full e-flex e-con e-child\" data-id=\"1a21ec4f\" data-element_type=\"container\" data-e-type=\"container\">\n\t\t<div class=\"elementor-element elementor-element-1530b0ac e-con-full e-flex e-con e-child\" data-id=\"1530b0ac\" data-element_type=\"container\" data-e-type=\"container\">\n\t\t\t\t<div class=\"elementor-element elementor-element-66dbd65d elementor-widget elementor-widget-image\" data-id=\"66dbd65d\" data-element_type=\"widget\" data-e-type=\"widget\" data-widget_type=\"image.default\">\n\t\t\t\t<div class=\"elementor-widget-container\">\n\t\t\t\t\t\t\t\t\t\t\t\t\t\t\t\t<a href=\"http:\/\/.\/\">\n\t\t\t\t\t\t\t<img decoding=\"async\" width=\"200\" height=\"200\" src=\"https:\/\/cancerfertilityandme.org.uk\/wp-content\/uploads\/cancerfertilityandme-logo-header-young-women.png\" class=\"attachment-full size-full wp-image-330\" alt=\"\" srcset=\"https:\/\/cancerfertilityandme.org.uk\/wp-content\/uploads\/cancerfertilityandme-logo-header-young-women.png 200w, https:\/\/cancerfertilityandme.org.uk\/wp-content\/uploads\/cancerfertilityandme-logo-header-young-women-150x150.png 150w, https:\/\/cancerfertilityandme.org.uk\/wp-content\/uploads\/elementor\/thumbs\/cancerfertilityandme-logo-header-young-women-r4vfcv1ro149or8nkxzol3x986uodd6lq6no4gpb6w.png 100w\" sizes=\"(max-width: 200px) 100vw, 200px\" \/>\t\t\t\t\t\t\t\t<\/a>\n\t\t\t\t\t\t\t\t\t\t\t\t\t\t\t<\/div>\n\t\t\t\t<\/div>\n\t\t\t\t<\/div>\n\t\t<div class=\"elementor-element elementor-element-757e1ba6 e-con-full e-flex e-con e-child\" data-id=\"757e1ba6\" data-element_type=\"container\" data-e-type=\"container\">\n\t\t\t\t<div class=\"elementor-element elementor-element-33e9af33 elementor-widget elementor-widget-heading\" data-id=\"33e9af33\" data-element_type=\"widget\" data-e-type=\"widget\" data-widget_type=\"heading.default\">\n\t\t\t\t<div class=\"elementor-widget-container\">\n\t\t\t\t\t<h3 class=\"elementor-heading-title elementor-size-default\">Aby uzyska\u0107 wi\u0119cej informacji, skorzystaj z tych \u0142\u0105czy<\/h3>\t\t\t\t<\/div>\n\t\t\t\t<\/div>\n\t\t\t\t<div class=\"elementor-element elementor-element-485aaf1f elementor-nav-menu--dropdown-none elementor-widget elementor-widget-nav-menu\" data-id=\"485aaf1f\" data-element_type=\"widget\" data-e-type=\"widget\" data-settings=\"{&quot;layout&quot;:&quot;vertical&quot;,&quot;submenu_icon&quot;:{&quot;value&quot;:&quot;&lt;svg aria-hidden=\\&quot;true\\&quot; class=\\&quot;e-font-icon-svg e-fas-caret-down\\&quot; viewBox=\\&quot;0 0 320 512\\&quot; xmlns=\\&quot;http:\\\/\\\/www.w3.org\\\/2000\\\/svg\\&quot;&gt;&lt;path d=\\&quot;M31.3 192h257.3c17.8 0 26.7 21.5 14.1 34.1L174.1 354.8c-7.8 7.8-20.5 7.8-28.3 0L17.2 226.1C4.6 213.5 13.5 192 31.3 192z\\&quot;&gt;&lt;\\\/path&gt;&lt;\\\/svg&gt;&quot;,&quot;library&quot;:&quot;fa-solid&quot;}}\" data-widget_type=\"nav-menu.default\">\n\t\t\t\t<div class=\"elementor-widget-container\">\n\t\t\t\t\t\t\t\t<nav aria-label=\"Menu\" class=\"elementor-nav-menu--main elementor-nav-menu__container elementor-nav-menu--layout-vertical e--pointer-none\">\n\t\t\t\t<ul id=\"menu-1-485aaf1f\" class=\"elementor-nav-menu sm-vertical\"><li class=\"menu-item menu-item-type-post_type menu-item-object-page menu-item-8511\"><a href=\"https:\/\/cancerfertilityandme.org.uk\/young-women\/fertility-preservation\/\" class=\"elementor-item\">Zachowanie p\u0142odno\u015bci<\/a><\/li>\n<li class=\"menu-item menu-item-type-post_type menu-item-object-page menu-item-8514\"><a href=\"https:\/\/cancerfertilityandme.org.uk\/young-women\/fertility-preservation\/no-fertility-preservation\/\" class=\"elementor-item\">Brak zachowania p\u0142odno\u015bci<\/a><\/li>\n<li class=\"menu-item menu-item-type-post_type menu-item-object-page menu-item-8512\"><a href=\"https:\/\/cancerfertilityandme.org.uk\/young-women\/fertility-preservation\/egg-freezing\/\" class=\"elementor-item\">Zamra\u017canie kom\u00f3rek jajowych<\/a><\/li>\n<li class=\"menu-item menu-item-type-post_type menu-item-object-page menu-item-8513\"><a href=\"https:\/\/cancerfertilityandme.org.uk\/young-women\/fertility-preservation\/embryo-freezing\/\" class=\"elementor-item\">Zamra\u017canie zarodk\u00f3w<\/a><\/li>\n<li class=\"menu-item menu-item-type-post_type menu-item-object-page menu-item-8518\"><a href=\"https:\/\/cancerfertilityandme.org.uk\/young-women\/fertility-preservation\/ovarian-tissue-freezing\/\" class=\"elementor-item\">Zamra\u017canie tkanki jajnikowej<\/a><\/li>\n<li class=\"menu-item menu-item-type-post_type menu-item-object-page menu-item-8515\"><a href=\"https:\/\/cancerfertilityandme.org.uk\/young-women\/fertility-preservation\/ovarian-suppression\/\" class=\"elementor-item\">T\u0142umienie czynno\u015bci jajnik\u00f3w<\/a><\/li>\n<li class=\"menu-item menu-item-type-post_type menu-item-object-page menu-item-8519\"><a href=\"https:\/\/cancerfertilityandme.org.uk\/young-women\/fertility-preservation\/fertility-sparing-procedures\/\" class=\"elementor-item\">Opcje oszcz\u0119dzaj\u0105ce p\u0142odno\u015b\u0107 w wybranych nowotworach<\/a><\/li>\n<li class=\"menu-item menu-item-type-post_type menu-item-object-page menu-item-8520\"><a href=\"https:\/\/cancerfertilityandme.org.uk\/young-women\/fertility-preservation\/financial-costs\/\" class=\"elementor-item\">Ibiciro vy&#8217;amahera<\/a><\/li>\n<li class=\"menu-item menu-item-type-post_type menu-item-object-page menu-item-8521\"><a href=\"https:\/\/cancerfertilityandme.org.uk\/young-women\/fertility-preservation\/summary-of-options\/\" class=\"elementor-item\">Podsumowanie opcji<\/a><\/li>\n<li class=\"menu-item menu-item-type-post_type menu-item-object-page menu-item-8522\"><a href=\"https:\/\/cancerfertilityandme.org.uk\/young-women\/fertility-preservation\/questions-to-ask-about-fertility-preservation\/\" class=\"elementor-item\">Pytania, kt\u00f3re nale\u017cy zada\u0107 na temat zachowania p\u0142odno\u015bci<\/a><\/li>\n<\/ul>\t\t\t<\/nav>\n\t\t\t\t\t\t<nav class=\"elementor-nav-menu--dropdown elementor-nav-menu__container\" aria-hidden=\"true\">\n\t\t\t\t<ul id=\"menu-2-485aaf1f\" class=\"elementor-nav-menu sm-vertical\"><li class=\"menu-item menu-item-type-post_type menu-item-object-page menu-item-8511\"><a href=\"https:\/\/cancerfertilityandme.org.uk\/young-women\/fertility-preservation\/\" class=\"elementor-item\" tabindex=\"-1\">Zachowanie p\u0142odno\u015bci<\/a><\/li>\n<li class=\"menu-item menu-item-type-post_type menu-item-object-page menu-item-8514\"><a href=\"https:\/\/cancerfertilityandme.org.uk\/young-women\/fertility-preservation\/no-fertility-preservation\/\" class=\"elementor-item\" tabindex=\"-1\">Brak zachowania p\u0142odno\u015bci<\/a><\/li>\n<li class=\"menu-item menu-item-type-post_type menu-item-object-page menu-item-8512\"><a href=\"https:\/\/cancerfertilityandme.org.uk\/young-women\/fertility-preservation\/egg-freezing\/\" class=\"elementor-item\" tabindex=\"-1\">Zamra\u017canie kom\u00f3rek jajowych<\/a><\/li>\n<li class=\"menu-item menu-item-type-post_type menu-item-object-page menu-item-8513\"><a href=\"https:\/\/cancerfertilityandme.org.uk\/young-women\/fertility-preservation\/embryo-freezing\/\" class=\"elementor-item\" tabindex=\"-1\">Zamra\u017canie zarodk\u00f3w<\/a><\/li>\n<li class=\"menu-item menu-item-type-post_type menu-item-object-page menu-item-8518\"><a href=\"https:\/\/cancerfertilityandme.org.uk\/young-women\/fertility-preservation\/ovarian-tissue-freezing\/\" class=\"elementor-item\" tabindex=\"-1\">Zamra\u017canie tkanki jajnikowej<\/a><\/li>\n<li class=\"menu-item menu-item-type-post_type menu-item-object-page menu-item-8515\"><a href=\"https:\/\/cancerfertilityandme.org.uk\/young-women\/fertility-preservation\/ovarian-suppression\/\" class=\"elementor-item\" tabindex=\"-1\">T\u0142umienie czynno\u015bci jajnik\u00f3w<\/a><\/li>\n<li class=\"menu-item menu-item-type-post_type menu-item-object-page menu-item-8519\"><a href=\"https:\/\/cancerfertilityandme.org.uk\/young-women\/fertility-preservation\/fertility-sparing-procedures\/\" class=\"elementor-item\" tabindex=\"-1\">Opcje oszcz\u0119dzaj\u0105ce p\u0142odno\u015b\u0107 w wybranych nowotworach<\/a><\/li>\n<li class=\"menu-item menu-item-type-post_type menu-item-object-page menu-item-8520\"><a href=\"https:\/\/cancerfertilityandme.org.uk\/young-women\/fertility-preservation\/financial-costs\/\" class=\"elementor-item\" tabindex=\"-1\">Ibiciro vy&#8217;amahera<\/a><\/li>\n<li class=\"menu-item menu-item-type-post_type menu-item-object-page menu-item-8521\"><a href=\"https:\/\/cancerfertilityandme.org.uk\/young-women\/fertility-preservation\/summary-of-options\/\" class=\"elementor-item\" tabindex=\"-1\">Podsumowanie opcji<\/a><\/li>\n<li class=\"menu-item menu-item-type-post_type menu-item-object-page menu-item-8522\"><a href=\"https:\/\/cancerfertilityandme.org.uk\/young-women\/fertility-preservation\/questions-to-ask-about-fertility-preservation\/\" class=\"elementor-item\" tabindex=\"-1\">Pytania, kt\u00f3re nale\u017cy zada\u0107 na temat zachowania p\u0142odno\u015bci<\/a><\/li>\n<\/ul>\t\t\t<\/nav>\n\t\t\t\t\t\t<\/div>\n\t\t\t\t<\/div>\n\t\t\t\t<\/div>\n\t\t\t\t<\/div>\n\t\t\t\t\t<\/div>\n\t\t\t\t<\/main>\n\t\t\t\t<\/div>\n\t\t","protected":false},"excerpt":{"rendered":"<p>Zamra\u017canie zarodk\u00f3w Ta opcja oznacza, \u017ce dojrza\u0142e kom\u00f3rki jajowe s\u0105 pobierane z jajnika kobiety i zap\u0142adniane plemnikami poprzez zap\u0142odnienie in vitro (IVF). Odbywa si\u0119 to w laboratorium. Zap\u0142odnione kom\u00f3rki jajowe (zarodki) s\u0105 nast\u0119pnie zamra\u017cane i przechowywane do wykorzystania w przysz\u0142o\u015bci. Gdy kobieta jest gotowa zaj\u015b\u0107 w ci\u0105\u017c\u0119, przechowywane zarodki s\u0105 umieszczane z powrotem w macicy. [&hellip;]<\/p>\n","protected":false},"author":1,"featured_media":0,"parent":8156,"menu_order":0,"comment_status":"open","ping_status":"closed","template":"","meta":{"footnotes":""},"class_list":["post-8160","page","type-page","status-publish","hentry"],"_links":{"self":[{"href":"https:\/\/cancerfertilityandme.org.uk\/pl\/wp-json\/wp\/v2\/pages\/8160","targetHints":{"allow":["GET"]}}],"collection":[{"href":"https:\/\/cancerfertilityandme.org.uk\/pl\/wp-json\/wp\/v2\/pages"}],"about":[{"href":"https:\/\/cancerfertilityandme.org.uk\/pl\/wp-json\/wp\/v2\/types\/page"}],"author":[{"embeddable":true,"href":"https:\/\/cancerfertilityandme.org.uk\/pl\/wp-json\/wp\/v2\/users\/1"}],"replies":[{"embeddable":true,"href":"https:\/\/cancerfertilityandme.org.uk\/pl\/wp-json\/wp\/v2\/comments?post=8160"}],"version-history":[{"count":2,"href":"https:\/\/cancerfertilityandme.org.uk\/pl\/wp-json\/wp\/v2\/pages\/8160\/revisions"}],"predecessor-version":[{"id":10134,"href":"https:\/\/cancerfertilityandme.org.uk\/pl\/wp-json\/wp\/v2\/pages\/8160\/revisions\/10134"}],"up":[{"embeddable":true,"href":"https:\/\/cancerfertilityandme.org.uk\/pl\/wp-json\/wp\/v2\/pages\/8156"}],"wp:attachment":[{"href":"https:\/\/cancerfertilityandme.org.uk\/pl\/wp-json\/wp\/v2\/media?parent=8160"}],"curies":[{"name":"wp","href":"https:\/\/api.w.org\/{rel}","templated":true}]}}