{"id":8158,"date":"2023-04-02T16:26:01","date_gmt":"2023-04-02T16:26:01","guid":{"rendered":"https:\/\/cancerfertilityandme.org.uk\/zamrazanie-komorek-jajowych-2\/"},"modified":"2026-02-02T12:17:49","modified_gmt":"2026-02-02T12:17:49","slug":"zamrazanie-komorek-jajowych-2","status":"publish","type":"page","link":"https:\/\/cancerfertilityandme.org.uk\/pl\/mlode-kobiety\/opcje-zachowania-plodnosci-2\/zamrazanie-komorek-jajowych-2\/","title":{"rendered":"Zamra\u017canie kom\u00f3rek jajowych"},"content":{"rendered":"\t\t<div data-elementor-type=\"wp-page\" data-elementor-id=\"8158\" class=\"elementor elementor-8158 elementor-7751\" data-elementor-post-type=\"page\">\n\t\t\t\t<main class=\"elementor-element elementor-element-5d1c6a0f e-flex e-con-boxed e-con e-parent\" data-id=\"5d1c6a0f\" data-element_type=\"container\" data-e-type=\"container\">\n\t\t\t\t\t<div class=\"e-con-inner\">\n\t\t<div class=\"elementor-element elementor-element-3e5f9a8a e-con-full e-flex e-con e-child\" data-id=\"3e5f9a8a\" data-element_type=\"container\" data-e-type=\"container\">\n\t\t\t\t<div class=\"elementor-element elementor-element-23ff4d9e elementor-widget elementor-widget-text-editor\" data-id=\"23ff4d9e\" data-element_type=\"widget\" data-e-type=\"widget\" data-widget_type=\"text-editor.default\">\n\t\t\t\t<div class=\"elementor-widget-container\">\n\t\t\t\t\t\t\t\t\t<h2>Zamra\u017canie kom\u00f3rek jajowych<\/h2><p><strong>Ta opcja polega na usuni\u0119ciu dojrza\u0142ych kom\u00f3rek jajowych z jajnik\u00f3w i ich zamro\u017ceniu Proces ten jest czasami nazywany \u201ebankowaniem kom\u00f3rek jajowych\u201d Kiedy kobieta jest gotowa do zaj\u015bcia w ci\u0105\u017c\u0119, przechowywane kom\u00f3rki jajowe s\u0105 zap\u0142adniane plemnikami i umieszczane z powrotem w macicy.  <\/strong><\/p><p><strong>Dla kogo ?<\/strong><\/p><p>Kobiet, kt\u00f3re chc\u0105 zabezpieczy\u0107 swoj\u0105 p\u0142odno\u015b\u0107 i kt\u00f3re przesz\u0142y okres dojrzewania. Mog\u0105 r\u00f3wnie\u017c: <\/p><ul><li>Nie maj\u0105 partnera lub nie chc\u0105 skorzysta\u0107 z nasienia dawcy.<\/li><li>Nie chc\u0105 zdecydowa\u0107 si\u0119 na zamro\u017cenie zarodk\u00f3w ze wzgl\u0119du na swoje przekonania.<\/li><li>Maj\u0105 czas, aby podj\u0105\u0107 pr\u00f3by zachowania p\u0142odno\u015bci przed rozpocz\u0119ciem leczenia raka.<\/li><\/ul><p>Dla niekt\u00f3rych kobiet, kt\u00f3re maj\u0105 raka w miednicy, zamro\u017cenie kom\u00f3rek jajowych mo\u017ce nie by\u0107 bezpieczne ze wzgl\u0119du na mo\u017cliwo\u015b\u0107 rozprzestrzenienia si\u0119 nowotworu.<\/p><p><strong>Co si\u0119 z tym wi\u0105\u017ce?<\/strong><\/p><p>B\u0119dzie Pani musia\u0142a przyjmowa\u0107 zastrzyki hormonalne w celu stymulacji jajnik\u00f3w (stymulacja jajnik\u00f3w) przez oko\u0142o 2 tygodnie. Kom\u00f3rki jajowe s\u0105 nast\u0119pnie pobierane za pomoc\u0105 cienkiej ig\u0142y wprowadzanej przez \u015bcian\u0119 pochwy a\u017c do jajnik\u00f3w. Odbywa si\u0119 to pod narkoz\u0105 i mo\u017ce by\u0107 Pani w stanie wr\u00f3ci\u0107 do domu kilka godzin p\u00f3\u017aniej.  <\/p><p>Poniewa\u017c zamra\u017canie kom\u00f3rek jajowych dotyczy wy\u0142\u0105cznie kobiety, nie ma potrzeby uzyskania zgody partnera na wykorzystanie przechowywanych kom\u00f3rek jajowych w przysz\u0142o\u015bci. Zamro\u017cone kom\u00f3rki jajowe mog\u0105 by\u0107 przechowywane przez 10 lat. W niekt\u00f3rych sytuacjach okres ten mo\u017ce zosta\u0107 wyd\u0142u\u017cony o 10 lat (\u0142\u0105cznie do 55 lat). <\/p><p><strong>Jaka jest szansa na urodzenie dziecka po zamro\u017ceniu kom\u00f3rek jajowych?<\/strong><\/p><p>Trudno jest mie\u0107 pewno\u015b\u0107, jakie jest prawdopodobie\u0144stwo, \u017ce zamro\u017cenie kom\u00f3rek jajowych doprowadzi do \u017cywego porodu. Liczba pacjentek chorych na raka, kt\u00f3re skorzysta\u0142y z zamro\u017conych kom\u00f3rek jajowych jest niewielka. Wi\u0119kszo\u015b\u0107 danych pochodzi od kobiet nie choruj\u0105cych na raka, kt\u00f3re wykorzysta\u0142y w\u0142asne zamro\u017cone kom\u00f3rki jajowe lub kom\u00f3rki jajowe dawczyni, aby urodzi\u0107 dziecko. <\/p><p>Szansa na urodzenie dziecka po zamro\u017ceniu kom\u00f3rki jajowej zale\u017cy od wielu czynnik\u00f3w.<\/p><ul><li>Pani wiek w momencie pobrania kom\u00f3rek jajowych. Kobiety w wieku poni\u017cej 35 lat maj\u0105 wi\u0119ksze szanse.<\/li><li>Liczba pobranych kom\u00f3rek jajowych. Kobiety, kt\u00f3re maj\u0105 wi\u0119cej pobranych kom\u00f3rek jajowych, maj\u0105 wi\u0119ksze szanse.<\/li><li>Klinika opieki nad p\u0142odno\u015bci\u0105, w kt\u00f3rej przeprowadzono zamro\u017cenie kom\u00f3rek jajowych.<\/li><li>Zastosowanie powolnego zamra\u017cania lub witryfikacji do zamra\u017cania i przechowywania kom\u00f3rek jajowych.<\/li><\/ul><p>Og\u00f3lnie rzecz bior\u0105c, je\u015bli m\u0142oda kobieta poni\u017cej 35 roku \u017cycia przechowuje 10 kom\u00f3rek jajowych, daje jej to 4 na 10 (40%) szans na urodzenie dziecka. Niekt\u00f3re m\u0142ode kobiety mog\u0105 nie by\u0107 w stanie zamrozi\u0107 a\u017c 10 kom\u00f3rek jajowych, co zmniejszy szanse na urodzenie dziecka. Mog\u0105 Pa\u0144i r\u00f3wnie\u017c zobaczy\u0107 wska\u017aniki sukcesu w innych miejscach, kt\u00f3re wydaj\u0105 si\u0119 ni\u017csze. Te ni\u017csze wska\u017aniki powodzenia mog\u0105 wynika\u0107 z jednego cyklu leczenia IVF z wykorzystaniem mniejszej liczby zamro\u017conych jajeczek.   <\/p><p>Aby uzyska\u0107 wi\u0119cej informacji na temat \u015brednich krajowych wska\u017anik\u00f3w skuteczno\u015bci i liczby udanych \u017cywych urodze\u0144 dla ka\u017cdej licencjonowanej kliniki opieki nad p\u0142odno\u015bci\u0105, prosz\u0119 odwiedzi\u0107 stron\u0119 internetow\u0105 Human Fertilisation and Embryology Authority HFEA <a href=\"https:\/\/www.hfea.gov.uk\/\" target=\"_blank\" rel=\"noopener\">www.hfea.gov.uk<\/a>.<\/p><p><strong>Czy ta opcja wp\u0142ynie na zdrowie dziecka?<\/strong><\/p><p>Nie, dane sugeruj\u0105, \u017ce nie wp\u0142ynie to na zdrowie dziecka urodzonego przy u\u017cyciu zamro\u017conych kom\u00f3rek jajowych.<\/p><p><strong>Czy istniej\u0105 jakie\u015b skutki uboczne zachowania p\u0142odno\u015bci stosowanego w zamra\u017caniu kom\u00f3rek jajowych?<\/strong><\/p><p>Leki na p\u0142odno\u015b\u0107 stosowane do stymulacji jajnik\u00f3w mog\u0105 powodowa\u0107 skutki uboczne, takie jak b\u00f3le g\u0142owy, zmiany nastroju, uderzenia gor\u0105ca i podra\u017cnienia sk\u00f3ry. Leki na p\u0142odno\u015b\u0107 mog\u0105 r\u00f3wnie\u017c powodowa\u0107 nadmiern\u0105 reakcj\u0119 jajnik\u00f3w, co mo\u017ce prowadzi\u0107 do stanu zwanego zespo\u0142em nadmiernej stymulacji jajnik\u00f3w (OHSS). Po rozpocz\u0119ciu leczenia nale\u017cy zapyta\u0107 zesp\u00f3\u0142 zajmuj\u0105cy si\u0119 leczeniem niep\u0142odno\u015bci o objawy tego stanu i spos\u00f3b skontaktowania si\u0119 z nim w razie potrzeby.  <\/p><p>Kiedy jajniki s\u0105 stymulowane do produkcji du\u017cej ilo\u015bci kom\u00f3rek jajowych, poziom hormonu estrogenu wzrasta. Mo\u017ce to stanowi\u0107 ryzyko u kobiet z rakiem piersi wra\u017cliwym na estrogen. Kobietom tym mo\u017cna podawa\u0107 lek o nazwie Letrozol (Femara). Obni\u017ca on poziom estrogenu we krwi.  <\/p><p>W czasie pobierania kom\u00f3rek jajowych istnieje ryzyko krwawienia, infekcji i przebicia jelita, ale zdarza si\u0119 to rzadko.<br>Mo\u017ce istnie\u0107 ryzyko dla kobiet z nowotworami miednicy, u kt\u00f3rych po pobraniu kom\u00f3rek jajowych mo\u017ce doj\u015b\u0107 do wycieku kom\u00f3rek nowotworowych z jajnika do jamy brzusznej<\/p><p><strong>Czy ta opcja op\u00f3\u017ani rozpocz\u0119cie mojego leczenia raka?<\/strong><\/p><p>Od momentu rozpocz\u0119cia stymulacji jajnik\u00f3w do momentu pobrania kom\u00f3rek jajowych mija oko\u0142o dw\u00f3ch tygodni. Czas przed rozpocz\u0119ciem stymulacji mo\u017ce by\u0107 r\u00f3\u017cny w zale\u017cno\u015bci od tego, w kt\u00f3rym momencie cyklu miesi\u0105czkowego znajduje si\u0119 kobieta. <\/p><p>Zamro\u017cenie kom\u00f3rek jajowych mo\u017ce nie by\u0107 opcj\u0105 dla kobiet cierpi\u0105cych na nowotwory, takie jak bia\u0142aczka, niekt\u00f3re ch\u0142oniaki i mi\u0119saki, poniewa\u017c mog\u0105 one wymaga\u0107 natychmiastowego leczenia. Je\u015bli do\u015bwiadczy Pani OHSS, mo\u017ce to spowodowa\u0107 d\u0142u\u017csze op\u00f3\u017anienie w rozpocz\u0119ciu leczenia raka. <\/p><p><strong>Czy ta opcja wp\u0142ynie na ryzyko powrotu nowotworu?<\/strong><\/p><p>Nie ma danych sugeruj\u0105cych, \u017ce zamro\u017cenie kom\u00f3rek jajowych wp\u0142ywa na ryzyko rozwoju lub nawrotu nowotworu.<\/p>\t\t\t\t\t\t\t\t<\/div>\n\t\t\t\t<\/div>\n\t\t\t\t<\/div>\n\t\t<div class=\"elementor-element elementor-element-e43bed7 e-con-full e-flex e-con e-child\" data-id=\"e43bed7\" data-element_type=\"container\" data-e-type=\"container\">\n\t\t<div class=\"elementor-element elementor-element-16240a94 e-con-full e-flex e-con e-child\" data-id=\"16240a94\" data-element_type=\"container\" data-e-type=\"container\">\n\t\t\t\t<div class=\"elementor-element elementor-element-12f97895 elementor-widget elementor-widget-image\" data-id=\"12f97895\" data-element_type=\"widget\" data-e-type=\"widget\" data-widget_type=\"image.default\">\n\t\t\t\t<div class=\"elementor-widget-container\">\n\t\t\t\t\t\t\t\t\t\t\t\t\t\t\t\t<a href=\"http:\/\/.\/\">\n\t\t\t\t\t\t\t<img decoding=\"async\" width=\"200\" height=\"200\" src=\"https:\/\/cancerfertilityandme.org.uk\/wp-content\/uploads\/cancerfertilityandme-logo-header-young-women.png\" class=\"attachment-full size-full wp-image-330\" alt=\"\" srcset=\"https:\/\/cancerfertilityandme.org.uk\/wp-content\/uploads\/cancerfertilityandme-logo-header-young-women.png 200w, https:\/\/cancerfertilityandme.org.uk\/wp-content\/uploads\/cancerfertilityandme-logo-header-young-women-150x150.png 150w, https:\/\/cancerfertilityandme.org.uk\/wp-content\/uploads\/elementor\/thumbs\/cancerfertilityandme-logo-header-young-women-r4vfcv1ro149or8nkxzol3x986uodd6lq6no4gpb6w.png 100w\" sizes=\"(max-width: 200px) 100vw, 200px\" \/>\t\t\t\t\t\t\t\t<\/a>\n\t\t\t\t\t\t\t\t\t\t\t\t\t\t\t<\/div>\n\t\t\t\t<\/div>\n\t\t\t\t<\/div>\n\t\t<div class=\"elementor-element elementor-element-439b1874 e-con-full e-flex e-con e-child\" data-id=\"439b1874\" data-element_type=\"container\" data-e-type=\"container\">\n\t\t\t\t<div class=\"elementor-element elementor-element-4cb143 elementor-widget elementor-widget-heading\" data-id=\"4cb143\" data-element_type=\"widget\" data-e-type=\"widget\" data-widget_type=\"heading.default\">\n\t\t\t\t<div class=\"elementor-widget-container\">\n\t\t\t\t\t<h3 class=\"elementor-heading-title elementor-size-default\">Aby uzyska\u0107 wi\u0119cej informacji, skorzystaj z tych \u0142\u0105czy<\/h3>\t\t\t\t<\/div>\n\t\t\t\t<\/div>\n\t\t\t\t<div class=\"elementor-element elementor-element-1d9006c8 elementor-nav-menu--dropdown-none elementor-widget elementor-widget-nav-menu\" data-id=\"1d9006c8\" data-element_type=\"widget\" data-e-type=\"widget\" data-settings=\"{&quot;layout&quot;:&quot;vertical&quot;,&quot;submenu_icon&quot;:{&quot;value&quot;:&quot;&lt;svg aria-hidden=\\&quot;true\\&quot; class=\\&quot;e-font-icon-svg e-fas-caret-down\\&quot; viewBox=\\&quot;0 0 320 512\\&quot; xmlns=\\&quot;http:\\\/\\\/www.w3.org\\\/2000\\\/svg\\&quot;&gt;&lt;path d=\\&quot;M31.3 192h257.3c17.8 0 26.7 21.5 14.1 34.1L174.1 354.8c-7.8 7.8-20.5 7.8-28.3 0L17.2 226.1C4.6 213.5 13.5 192 31.3 192z\\&quot;&gt;&lt;\\\/path&gt;&lt;\\\/svg&gt;&quot;,&quot;library&quot;:&quot;fa-solid&quot;}}\" data-widget_type=\"nav-menu.default\">\n\t\t\t\t<div class=\"elementor-widget-container\">\n\t\t\t\t\t\t\t\t<nav aria-label=\"Menu\" class=\"elementor-nav-menu--main elementor-nav-menu__container elementor-nav-menu--layout-vertical e--pointer-none\">\n\t\t\t\t<ul id=\"menu-1-1d9006c8\" class=\"elementor-nav-menu sm-vertical\"><li class=\"menu-item menu-item-type-post_type menu-item-object-page menu-item-8511\"><a href=\"https:\/\/cancerfertilityandme.org.uk\/young-women\/fertility-preservation\/\" class=\"elementor-item\">Zachowanie p\u0142odno\u015bci<\/a><\/li>\n<li class=\"menu-item menu-item-type-post_type menu-item-object-page menu-item-8514\"><a href=\"https:\/\/cancerfertilityandme.org.uk\/young-women\/fertility-preservation\/no-fertility-preservation\/\" class=\"elementor-item\">Brak zachowania p\u0142odno\u015bci<\/a><\/li>\n<li class=\"menu-item menu-item-type-post_type menu-item-object-page menu-item-8512\"><a href=\"https:\/\/cancerfertilityandme.org.uk\/young-women\/fertility-preservation\/egg-freezing\/\" class=\"elementor-item\">Zamra\u017canie kom\u00f3rek jajowych<\/a><\/li>\n<li class=\"menu-item menu-item-type-post_type menu-item-object-page menu-item-8513\"><a href=\"https:\/\/cancerfertilityandme.org.uk\/young-women\/fertility-preservation\/embryo-freezing\/\" class=\"elementor-item\">Zamra\u017canie zarodk\u00f3w<\/a><\/li>\n<li class=\"menu-item menu-item-type-post_type menu-item-object-page menu-item-8518\"><a href=\"https:\/\/cancerfertilityandme.org.uk\/young-women\/fertility-preservation\/ovarian-tissue-freezing\/\" class=\"elementor-item\">Zamra\u017canie tkanki jajnikowej<\/a><\/li>\n<li class=\"menu-item menu-item-type-post_type menu-item-object-page menu-item-8515\"><a href=\"https:\/\/cancerfertilityandme.org.uk\/young-women\/fertility-preservation\/ovarian-suppression\/\" class=\"elementor-item\">T\u0142umienie czynno\u015bci jajnik\u00f3w<\/a><\/li>\n<li class=\"menu-item menu-item-type-post_type menu-item-object-page menu-item-8519\"><a href=\"https:\/\/cancerfertilityandme.org.uk\/young-women\/fertility-preservation\/fertility-sparing-procedures\/\" class=\"elementor-item\">Opcje oszcz\u0119dzaj\u0105ce p\u0142odno\u015b\u0107 w wybranych nowotworach<\/a><\/li>\n<li class=\"menu-item menu-item-type-post_type menu-item-object-page menu-item-8520\"><a href=\"https:\/\/cancerfertilityandme.org.uk\/young-women\/fertility-preservation\/financial-costs\/\" class=\"elementor-item\">Ibiciro vy&#8217;amahera<\/a><\/li>\n<li class=\"menu-item menu-item-type-post_type menu-item-object-page menu-item-8521\"><a href=\"https:\/\/cancerfertilityandme.org.uk\/young-women\/fertility-preservation\/summary-of-options\/\" class=\"elementor-item\">Podsumowanie opcji<\/a><\/li>\n<li class=\"menu-item menu-item-type-post_type menu-item-object-page menu-item-8522\"><a href=\"https:\/\/cancerfertilityandme.org.uk\/young-women\/fertility-preservation\/questions-to-ask-about-fertility-preservation\/\" class=\"elementor-item\">Pytania, kt\u00f3re nale\u017cy zada\u0107 na temat zachowania p\u0142odno\u015bci<\/a><\/li>\n<\/ul>\t\t\t<\/nav>\n\t\t\t\t\t\t<nav class=\"elementor-nav-menu--dropdown elementor-nav-menu__container\" aria-hidden=\"true\">\n\t\t\t\t<ul id=\"menu-2-1d9006c8\" class=\"elementor-nav-menu sm-vertical\"><li class=\"menu-item menu-item-type-post_type menu-item-object-page menu-item-8511\"><a href=\"https:\/\/cancerfertilityandme.org.uk\/young-women\/fertility-preservation\/\" class=\"elementor-item\" tabindex=\"-1\">Zachowanie p\u0142odno\u015bci<\/a><\/li>\n<li class=\"menu-item menu-item-type-post_type menu-item-object-page menu-item-8514\"><a href=\"https:\/\/cancerfertilityandme.org.uk\/young-women\/fertility-preservation\/no-fertility-preservation\/\" class=\"elementor-item\" tabindex=\"-1\">Brak zachowania p\u0142odno\u015bci<\/a><\/li>\n<li class=\"menu-item menu-item-type-post_type menu-item-object-page menu-item-8512\"><a href=\"https:\/\/cancerfertilityandme.org.uk\/young-women\/fertility-preservation\/egg-freezing\/\" class=\"elementor-item\" tabindex=\"-1\">Zamra\u017canie kom\u00f3rek jajowych<\/a><\/li>\n<li class=\"menu-item menu-item-type-post_type menu-item-object-page menu-item-8513\"><a href=\"https:\/\/cancerfertilityandme.org.uk\/young-women\/fertility-preservation\/embryo-freezing\/\" class=\"elementor-item\" tabindex=\"-1\">Zamra\u017canie zarodk\u00f3w<\/a><\/li>\n<li class=\"menu-item menu-item-type-post_type menu-item-object-page menu-item-8518\"><a href=\"https:\/\/cancerfertilityandme.org.uk\/young-women\/fertility-preservation\/ovarian-tissue-freezing\/\" class=\"elementor-item\" tabindex=\"-1\">Zamra\u017canie tkanki jajnikowej<\/a><\/li>\n<li class=\"menu-item menu-item-type-post_type menu-item-object-page menu-item-8515\"><a href=\"https:\/\/cancerfertilityandme.org.uk\/young-women\/fertility-preservation\/ovarian-suppression\/\" class=\"elementor-item\" tabindex=\"-1\">T\u0142umienie czynno\u015bci jajnik\u00f3w<\/a><\/li>\n<li class=\"menu-item menu-item-type-post_type menu-item-object-page menu-item-8519\"><a href=\"https:\/\/cancerfertilityandme.org.uk\/young-women\/fertility-preservation\/fertility-sparing-procedures\/\" class=\"elementor-item\" tabindex=\"-1\">Opcje oszcz\u0119dzaj\u0105ce p\u0142odno\u015b\u0107 w wybranych nowotworach<\/a><\/li>\n<li class=\"menu-item menu-item-type-post_type menu-item-object-page menu-item-8520\"><a href=\"https:\/\/cancerfertilityandme.org.uk\/young-women\/fertility-preservation\/financial-costs\/\" class=\"elementor-item\" tabindex=\"-1\">Ibiciro vy&#8217;amahera<\/a><\/li>\n<li class=\"menu-item menu-item-type-post_type menu-item-object-page menu-item-8521\"><a href=\"https:\/\/cancerfertilityandme.org.uk\/young-women\/fertility-preservation\/summary-of-options\/\" class=\"elementor-item\" tabindex=\"-1\">Podsumowanie opcji<\/a><\/li>\n<li class=\"menu-item menu-item-type-post_type menu-item-object-page menu-item-8522\"><a href=\"https:\/\/cancerfertilityandme.org.uk\/young-women\/fertility-preservation\/questions-to-ask-about-fertility-preservation\/\" class=\"elementor-item\" tabindex=\"-1\">Pytania, kt\u00f3re nale\u017cy zada\u0107 na temat zachowania p\u0142odno\u015bci<\/a><\/li>\n<\/ul>\t\t\t<\/nav>\n\t\t\t\t\t\t<\/div>\n\t\t\t\t<\/div>\n\t\t\t\t<\/div>\n\t\t\t\t<\/div>\n\t\t\t\t\t<\/div>\n\t\t\t\t<\/main>\n\t\t\t\t<\/div>\n\t\t","protected":false},"excerpt":{"rendered":"<p>Zamra\u017canie kom\u00f3rek jajowych Ta opcja polega na usuni\u0119ciu dojrza\u0142ych kom\u00f3rek jajowych z jajnik\u00f3w i ich zamro\u017ceniu Proces ten jest czasami nazywany \u201ebankowaniem kom\u00f3rek jajowych\u201d Kiedy kobieta jest gotowa do zaj\u015bcia w ci\u0105\u017c\u0119, przechowywane kom\u00f3rki jajowe s\u0105 zap\u0142adniane plemnikami i umieszczane z powrotem w macicy. Dla kogo ? Kobiet, kt\u00f3re chc\u0105 zabezpieczy\u0107 swoj\u0105 p\u0142odno\u015b\u0107 i kt\u00f3re [&hellip;]<\/p>\n","protected":false},"author":1,"featured_media":0,"parent":8156,"menu_order":0,"comment_status":"open","ping_status":"closed","template":"","meta":{"footnotes":""},"class_list":["post-8158","page","type-page","status-publish","hentry"],"_links":{"self":[{"href":"https:\/\/cancerfertilityandme.org.uk\/pl\/wp-json\/wp\/v2\/pages\/8158","targetHints":{"allow":["GET"]}}],"collection":[{"href":"https:\/\/cancerfertilityandme.org.uk\/pl\/wp-json\/wp\/v2\/pages"}],"about":[{"href":"https:\/\/cancerfertilityandme.org.uk\/pl\/wp-json\/wp\/v2\/types\/page"}],"author":[{"embeddable":true,"href":"https:\/\/cancerfertilityandme.org.uk\/pl\/wp-json\/wp\/v2\/users\/1"}],"replies":[{"embeddable":true,"href":"https:\/\/cancerfertilityandme.org.uk\/pl\/wp-json\/wp\/v2\/comments?post=8158"}],"version-history":[{"count":2,"href":"https:\/\/cancerfertilityandme.org.uk\/pl\/wp-json\/wp\/v2\/pages\/8158\/revisions"}],"predecessor-version":[{"id":10125,"href":"https:\/\/cancerfertilityandme.org.uk\/pl\/wp-json\/wp\/v2\/pages\/8158\/revisions\/10125"}],"up":[{"embeddable":true,"href":"https:\/\/cancerfertilityandme.org.uk\/pl\/wp-json\/wp\/v2\/pages\/8156"}],"wp:attachment":[{"href":"https:\/\/cancerfertilityandme.org.uk\/pl\/wp-json\/wp\/v2\/media?parent=8158"}],"curies":[{"name":"wp","href":"https:\/\/api.w.org\/{rel}","templated":true}]}}