{"id":8157,"date":"2023-04-02T16:24:37","date_gmt":"2023-04-02T16:24:37","guid":{"rendered":"https:\/\/cancerfertilityandme.org.uk\/brak-zachowania-plodnosci\/"},"modified":"2026-02-03T14:00:03","modified_gmt":"2026-02-03T14:00:03","slug":"brak-zachowania-plodnosci","status":"publish","type":"page","link":"https:\/\/cancerfertilityandme.org.uk\/pl\/mlode-kobiety\/opcje-zachowania-plodnosci-2\/brak-zachowania-plodnosci\/","title":{"rendered":"Brak zachowania p\u0142odno\u015bci"},"content":{"rendered":"\t\t<div data-elementor-type=\"wp-page\" data-elementor-id=\"8157\" class=\"elementor elementor-8157 elementor-7750\" data-elementor-post-type=\"page\">\n\t\t\t\t<main class=\"elementor-element elementor-element-54382f91 e-flex e-con-boxed e-con e-parent\" data-id=\"54382f91\" data-element_type=\"container\" data-e-type=\"container\">\n\t\t\t\t\t<div class=\"e-con-inner\">\n\t\t<div class=\"elementor-element elementor-element-1d7b13e0 e-con-full e-flex e-con e-child\" data-id=\"1d7b13e0\" data-element_type=\"container\" data-e-type=\"container\">\n\t\t\t\t<div class=\"elementor-element elementor-element-a214ff7 elementor-widget elementor-widget-text-editor\" data-id=\"a214ff7\" data-element_type=\"widget\" data-e-type=\"widget\" data-widget_type=\"text-editor.default\">\n\t\t\t\t<div class=\"elementor-widget-container\">\n\t\t\t\t\t\t\t\t\t<h2>Brak zachowania p\u0142odno\u015bci<\/h2><p><strong>Ta opcja oznacza rezygnacj\u0119 z leczenia zachowuj\u0105cego p\u0142odno\u015b\u0107 przed rozpocz\u0119ciem leczenia raka.<\/strong><\/p><p><strong>Prosz\u0119 sobie przypomnie\u0107\u2026<\/strong><\/p><ul><li>Nie wszystkie kobiety rozpoczynaj\u0105ce leczenie raka b\u0119d\u0105 chcia\u0142y podda\u0107 si\u0119 leczeniu w celu zachowania p\u0142odno\u015bci.<\/li><li>Nie wszystkie kobiety b\u0119d\u0105 mog\u0142y podda\u0107 si\u0119 leczeniu zachowuj\u0105cemu p\u0142odno\u015b\u0107 ze wzgl\u0119du na rodzaj i stadium zaawansowania nowotworu.<\/li><\/ul><p><strong>Dla kogo ?<\/strong><\/p><p>M\u0142ode kobiety, kt\u00f3re :<\/p><ul><li>S\u0105 gotowe \u201epoczeka\u0107 i zobaczy\u0107\u201d, czy ich p\u0142odno\u015b\u0107 powr\u00f3ci naturalnie po leczeniu raka<\/li><li>S\u0105 pewne, \u017ce nie chc\u0105 zaj\u015b\u0107 w ci\u0105\u017c\u0119 po leczeniu raka.<\/li><li>S\u0105 pewne, \u017ce nie chc\u0105 mie\u0107 wi\u0119cej dzieci.<\/li><li>Nie maj\u0105 dost\u0119pnych opcji zachowania p\u0142odno\u015bci.<\/li><li>Maj\u0105 szybko rozwijaj\u0105cy si\u0119 nowotw\u00f3r i musz\u0105 natychmiast rozpocz\u0105\u0107 leczenie przeciwnowotworowe.<\/li><\/ul><p>Cz\u0119sto zaleca si\u0119 odczekanie co najmniej dw\u00f3ch lat po zako\u0144czeniu leczenia raka przed zaj\u015bciem w ci\u0105\u017c\u0119. Mo\u017ce istnie\u0107 wi\u0119ksze prawdopodobie\u0144stwo nawrotu raka w ci\u0105gu pierwszych dw\u00f3ch lat po postawieniu diagnozy. <\/p><p><strong>Co si\u0119 z tym wi\u0105\u017ce?<\/strong><\/p><p>Nie ma \u017cadnych dodatkowych procedur. Leczenie polega na kontynuowaniu przez Pani\u0105 leczenia raka i stosowaniu metod antykoncepcji podczas leczenia. <\/p><p><strong>Jaka jest szansa na urodzenie dziecka po leczeniu raka?<\/strong><\/p><p>Szansa na urodzenie dziecka w przysz\u0142o\u015bci zale\u017cy od tego, w jaki spos\u00f3b leczenie raka wp\u0142yn\u0119\u0142o na Pani jajniki. Niekt\u00f3re kobiety zachodz\u0105 w ci\u0105\u017c\u0119 w spos\u00f3b naturalny po leczeniu raka bez podejmowania pr\u00f3b zachowania p\u0142odno\u015bci. Je\u015bli jednak leczenie przeciwnowotworowe spowoduje przedwczesn\u0105 niewydolno\u015b\u0107 jajnik\u00f3w (POI), mo\u017ce to oznacza\u0107, \u017ce mo\u017cesz nie by\u0107 w stanie zaj\u015b\u0107 w naturaln\u0105 ci\u0105\u017c\u0119.  <\/p><p><strong>Czy ta opcja wp\u0142ynie na zdrowie dziecka?<\/strong><\/p><p>Nie, nie b\u0119dzie to mia\u0142o wp\u0142ywu na zdrowie dziecka w przysz\u0142o\u015bci.<\/p><p><strong>Czy s\u0105 jakie\u015b skutki uboczne niepodj\u0119cia pr\u00f3b zachowania p\u0142odno\u015bci?<\/strong><\/p><p>Nie b\u0119dzie Pani mia\u0142a \u017cadnych skutk\u00f3w ubocznych niepodj\u0119cia pr\u00f3b zachowania p\u0142odno\u015bci<\/p><p><strong>Czy ta opcja op\u00f3\u017ani rozpocz\u0119cie mojego leczenia raka?<\/strong><\/p><p>Nie, ta opcja nie op\u00f3\u017ani rozpocz\u0119cia leczenia raka.<\/p>\t\t\t\t\t\t\t\t<\/div>\n\t\t\t\t<\/div>\n\t\t\t\t<\/div>\n\t\t<div class=\"elementor-element elementor-element-4d6fc1b e-con-full e-flex e-con e-child\" data-id=\"4d6fc1b\" data-element_type=\"container\" data-e-type=\"container\">\n\t\t<div class=\"elementor-element elementor-element-3756a1d6 e-con-full e-flex e-con e-child\" data-id=\"3756a1d6\" data-element_type=\"container\" data-e-type=\"container\">\n\t\t\t\t<div class=\"elementor-element elementor-element-4810c801 elementor-widget elementor-widget-image\" data-id=\"4810c801\" data-element_type=\"widget\" data-e-type=\"widget\" data-widget_type=\"image.default\">\n\t\t\t\t<div class=\"elementor-widget-container\">\n\t\t\t\t\t\t\t\t\t\t\t\t\t\t\t\t<a href=\"http:\/\/.\/\">\n\t\t\t\t\t\t\t<img decoding=\"async\" width=\"200\" height=\"200\" src=\"https:\/\/cancerfertilityandme.org.uk\/wp-content\/uploads\/cancerfertilityandme-logo-header-young-women.png\" class=\"attachment-full size-full wp-image-330\" alt=\"\" srcset=\"https:\/\/cancerfertilityandme.org.uk\/wp-content\/uploads\/cancerfertilityandme-logo-header-young-women.png 200w, https:\/\/cancerfertilityandme.org.uk\/wp-content\/uploads\/cancerfertilityandme-logo-header-young-women-150x150.png 150w, https:\/\/cancerfertilityandme.org.uk\/wp-content\/uploads\/elementor\/thumbs\/cancerfertilityandme-logo-header-young-women-r4vfcv1ro149or8nkxzol3x986uodd6lq6no4gpb6w.png 100w\" sizes=\"(max-width: 200px) 100vw, 200px\" \/>\t\t\t\t\t\t\t\t<\/a>\n\t\t\t\t\t\t\t\t\t\t\t\t\t\t\t<\/div>\n\t\t\t\t<\/div>\n\t\t\t\t<\/div>\n\t\t<div class=\"elementor-element elementor-element-53afe45b e-con-full e-flex e-con e-child\" data-id=\"53afe45b\" data-element_type=\"container\" data-e-type=\"container\">\n\t\t\t\t<div class=\"elementor-element elementor-element-c96f037 elementor-widget elementor-widget-heading\" data-id=\"c96f037\" data-element_type=\"widget\" data-e-type=\"widget\" data-widget_type=\"heading.default\">\n\t\t\t\t<div class=\"elementor-widget-container\">\n\t\t\t\t\t<h3 class=\"elementor-heading-title elementor-size-default\">Aby uzyska\u0107 wi\u0119cej informacji, skorzystaj z tych \u0142\u0105czy<\/h3>\t\t\t\t<\/div>\n\t\t\t\t<\/div>\n\t\t\t\t<div class=\"elementor-element elementor-element-4e6e8850 elementor-nav-menu--dropdown-none elementor-widget elementor-widget-nav-menu\" data-id=\"4e6e8850\" data-element_type=\"widget\" data-e-type=\"widget\" data-settings=\"{&quot;layout&quot;:&quot;vertical&quot;,&quot;submenu_icon&quot;:{&quot;value&quot;:&quot;&lt;svg aria-hidden=\\&quot;true\\&quot; class=\\&quot;e-font-icon-svg e-fas-caret-down\\&quot; viewBox=\\&quot;0 0 320 512\\&quot; xmlns=\\&quot;http:\\\/\\\/www.w3.org\\\/2000\\\/svg\\&quot;&gt;&lt;path d=\\&quot;M31.3 192h257.3c17.8 0 26.7 21.5 14.1 34.1L174.1 354.8c-7.8 7.8-20.5 7.8-28.3 0L17.2 226.1C4.6 213.5 13.5 192 31.3 192z\\&quot;&gt;&lt;\\\/path&gt;&lt;\\\/svg&gt;&quot;,&quot;library&quot;:&quot;fa-solid&quot;}}\" data-widget_type=\"nav-menu.default\">\n\t\t\t\t<div class=\"elementor-widget-container\">\n\t\t\t\t\t\t\t\t<nav aria-label=\"Menu\" class=\"elementor-nav-menu--main elementor-nav-menu__container elementor-nav-menu--layout-vertical e--pointer-none\">\n\t\t\t\t<ul id=\"menu-1-4e6e8850\" class=\"elementor-nav-menu sm-vertical\"><li class=\"menu-item menu-item-type-post_type menu-item-object-page menu-item-8511\"><a href=\"https:\/\/cancerfertilityandme.org.uk\/young-women\/fertility-preservation\/\" class=\"elementor-item\">Zachowanie p\u0142odno\u015bci<\/a><\/li>\n<li class=\"menu-item menu-item-type-post_type menu-item-object-page menu-item-8514\"><a href=\"https:\/\/cancerfertilityandme.org.uk\/young-women\/fertility-preservation\/no-fertility-preservation\/\" class=\"elementor-item\">Brak zachowania p\u0142odno\u015bci<\/a><\/li>\n<li class=\"menu-item menu-item-type-post_type menu-item-object-page menu-item-8512\"><a href=\"https:\/\/cancerfertilityandme.org.uk\/young-women\/fertility-preservation\/egg-freezing\/\" class=\"elementor-item\">Zamra\u017canie kom\u00f3rek jajowych<\/a><\/li>\n<li class=\"menu-item menu-item-type-post_type menu-item-object-page menu-item-8513\"><a href=\"https:\/\/cancerfertilityandme.org.uk\/young-women\/fertility-preservation\/embryo-freezing\/\" class=\"elementor-item\">Zamra\u017canie zarodk\u00f3w<\/a><\/li>\n<li class=\"menu-item menu-item-type-post_type menu-item-object-page menu-item-8518\"><a href=\"https:\/\/cancerfertilityandme.org.uk\/young-women\/fertility-preservation\/ovarian-tissue-freezing\/\" class=\"elementor-item\">Zamra\u017canie tkanki jajnikowej<\/a><\/li>\n<li class=\"menu-item menu-item-type-post_type menu-item-object-page menu-item-8515\"><a href=\"https:\/\/cancerfertilityandme.org.uk\/young-women\/fertility-preservation\/ovarian-suppression\/\" class=\"elementor-item\">T\u0142umienie czynno\u015bci jajnik\u00f3w<\/a><\/li>\n<li class=\"menu-item menu-item-type-post_type menu-item-object-page menu-item-8519\"><a href=\"https:\/\/cancerfertilityandme.org.uk\/young-women\/fertility-preservation\/fertility-sparing-procedures\/\" class=\"elementor-item\">Opcje oszcz\u0119dzaj\u0105ce p\u0142odno\u015b\u0107 w wybranych nowotworach<\/a><\/li>\n<li class=\"menu-item menu-item-type-post_type menu-item-object-page menu-item-8520\"><a href=\"https:\/\/cancerfertilityandme.org.uk\/young-women\/fertility-preservation\/financial-costs\/\" class=\"elementor-item\">Ibiciro vy&#8217;amahera<\/a><\/li>\n<li class=\"menu-item menu-item-type-post_type menu-item-object-page menu-item-8521\"><a href=\"https:\/\/cancerfertilityandme.org.uk\/young-women\/fertility-preservation\/summary-of-options\/\" class=\"elementor-item\">Podsumowanie opcji<\/a><\/li>\n<li class=\"menu-item menu-item-type-post_type menu-item-object-page menu-item-8522\"><a href=\"https:\/\/cancerfertilityandme.org.uk\/young-women\/fertility-preservation\/questions-to-ask-about-fertility-preservation\/\" class=\"elementor-item\">Pytania, kt\u00f3re nale\u017cy zada\u0107 na temat zachowania p\u0142odno\u015bci<\/a><\/li>\n<\/ul>\t\t\t<\/nav>\n\t\t\t\t\t\t<nav class=\"elementor-nav-menu--dropdown elementor-nav-menu__container\" aria-hidden=\"true\">\n\t\t\t\t<ul id=\"menu-2-4e6e8850\" class=\"elementor-nav-menu sm-vertical\"><li class=\"menu-item menu-item-type-post_type menu-item-object-page menu-item-8511\"><a href=\"https:\/\/cancerfertilityandme.org.uk\/young-women\/fertility-preservation\/\" class=\"elementor-item\" tabindex=\"-1\">Zachowanie p\u0142odno\u015bci<\/a><\/li>\n<li class=\"menu-item menu-item-type-post_type menu-item-object-page menu-item-8514\"><a href=\"https:\/\/cancerfertilityandme.org.uk\/young-women\/fertility-preservation\/no-fertility-preservation\/\" class=\"elementor-item\" tabindex=\"-1\">Brak zachowania p\u0142odno\u015bci<\/a><\/li>\n<li class=\"menu-item menu-item-type-post_type menu-item-object-page menu-item-8512\"><a href=\"https:\/\/cancerfertilityandme.org.uk\/young-women\/fertility-preservation\/egg-freezing\/\" class=\"elementor-item\" tabindex=\"-1\">Zamra\u017canie kom\u00f3rek jajowych<\/a><\/li>\n<li class=\"menu-item menu-item-type-post_type menu-item-object-page menu-item-8513\"><a href=\"https:\/\/cancerfertilityandme.org.uk\/young-women\/fertility-preservation\/embryo-freezing\/\" class=\"elementor-item\" tabindex=\"-1\">Zamra\u017canie zarodk\u00f3w<\/a><\/li>\n<li class=\"menu-item menu-item-type-post_type menu-item-object-page menu-item-8518\"><a href=\"https:\/\/cancerfertilityandme.org.uk\/young-women\/fertility-preservation\/ovarian-tissue-freezing\/\" class=\"elementor-item\" tabindex=\"-1\">Zamra\u017canie tkanki jajnikowej<\/a><\/li>\n<li class=\"menu-item menu-item-type-post_type menu-item-object-page menu-item-8515\"><a href=\"https:\/\/cancerfertilityandme.org.uk\/young-women\/fertility-preservation\/ovarian-suppression\/\" class=\"elementor-item\" tabindex=\"-1\">T\u0142umienie czynno\u015bci jajnik\u00f3w<\/a><\/li>\n<li class=\"menu-item menu-item-type-post_type menu-item-object-page menu-item-8519\"><a href=\"https:\/\/cancerfertilityandme.org.uk\/young-women\/fertility-preservation\/fertility-sparing-procedures\/\" class=\"elementor-item\" tabindex=\"-1\">Opcje oszcz\u0119dzaj\u0105ce p\u0142odno\u015b\u0107 w wybranych nowotworach<\/a><\/li>\n<li class=\"menu-item menu-item-type-post_type menu-item-object-page menu-item-8520\"><a href=\"https:\/\/cancerfertilityandme.org.uk\/young-women\/fertility-preservation\/financial-costs\/\" class=\"elementor-item\" tabindex=\"-1\">Ibiciro vy&#8217;amahera<\/a><\/li>\n<li class=\"menu-item menu-item-type-post_type menu-item-object-page menu-item-8521\"><a href=\"https:\/\/cancerfertilityandme.org.uk\/young-women\/fertility-preservation\/summary-of-options\/\" class=\"elementor-item\" tabindex=\"-1\">Podsumowanie opcji<\/a><\/li>\n<li class=\"menu-item menu-item-type-post_type menu-item-object-page menu-item-8522\"><a href=\"https:\/\/cancerfertilityandme.org.uk\/young-women\/fertility-preservation\/questions-to-ask-about-fertility-preservation\/\" class=\"elementor-item\" tabindex=\"-1\">Pytania, kt\u00f3re nale\u017cy zada\u0107 na temat zachowania p\u0142odno\u015bci<\/a><\/li>\n<\/ul>\t\t\t<\/nav>\n\t\t\t\t\t\t<\/div>\n\t\t\t\t<\/div>\n\t\t\t\t<\/div>\n\t\t\t\t<\/div>\n\t\t\t\t\t<\/div>\n\t\t\t\t<\/main>\n\t\t\t\t<\/div>\n\t\t","protected":false},"excerpt":{"rendered":"<p>Brak zachowania p\u0142odno\u015bci Ta opcja oznacza rezygnacj\u0119 z leczenia zachowuj\u0105cego p\u0142odno\u015b\u0107 przed rozpocz\u0119ciem leczenia raka. Prosz\u0119 sobie przypomnie\u0107\u2026 Nie wszystkie kobiety rozpoczynaj\u0105ce leczenie raka b\u0119d\u0105 chcia\u0142y podda\u0107 si\u0119 leczeniu w celu zachowania p\u0142odno\u015bci. Nie wszystkie kobiety b\u0119d\u0105 mog\u0142y podda\u0107 si\u0119 leczeniu zachowuj\u0105cemu p\u0142odno\u015b\u0107 ze wzgl\u0119du na rodzaj i stadium zaawansowania nowotworu. Dla kogo ? M\u0142ode [&hellip;]<\/p>\n","protected":false},"author":1,"featured_media":0,"parent":8156,"menu_order":0,"comment_status":"open","ping_status":"closed","template":"","meta":{"footnotes":""},"class_list":["post-8157","page","type-page","status-publish","hentry"],"_links":{"self":[{"href":"https:\/\/cancerfertilityandme.org.uk\/pl\/wp-json\/wp\/v2\/pages\/8157","targetHints":{"allow":["GET"]}}],"collection":[{"href":"https:\/\/cancerfertilityandme.org.uk\/pl\/wp-json\/wp\/v2\/pages"}],"about":[{"href":"https:\/\/cancerfertilityandme.org.uk\/pl\/wp-json\/wp\/v2\/types\/page"}],"author":[{"embeddable":true,"href":"https:\/\/cancerfertilityandme.org.uk\/pl\/wp-json\/wp\/v2\/users\/1"}],"replies":[{"embeddable":true,"href":"https:\/\/cancerfertilityandme.org.uk\/pl\/wp-json\/wp\/v2\/comments?post=8157"}],"version-history":[{"count":2,"href":"https:\/\/cancerfertilityandme.org.uk\/pl\/wp-json\/wp\/v2\/pages\/8157\/revisions"}],"predecessor-version":[{"id":10152,"href":"https:\/\/cancerfertilityandme.org.uk\/pl\/wp-json\/wp\/v2\/pages\/8157\/revisions\/10152"}],"up":[{"embeddable":true,"href":"https:\/\/cancerfertilityandme.org.uk\/pl\/wp-json\/wp\/v2\/pages\/8156"}],"wp:attachment":[{"href":"https:\/\/cancerfertilityandme.org.uk\/pl\/wp-json\/wp\/v2\/media?parent=8157"}],"curies":[{"name":"wp","href":"https:\/\/api.w.org\/{rel}","templated":true}]}}