{"id":8131,"date":"2023-04-02T15:36:14","date_gmt":"2023-04-02T15:36:14","guid":{"rendered":"https:\/\/cancerfertilityandme.org.uk\/rak-i-plodnosc\/"},"modified":"2026-03-10T13:17:13","modified_gmt":"2026-03-10T13:17:13","slug":"rak-i-plodnosc","status":"publish","type":"page","link":"https:\/\/cancerfertilityandme.org.uk\/pl\/mlode-kobiety\/rak-i-plodnosc\/","title":{"rendered":"Rak i p\u0142odno\u015b\u0107"},"content":{"rendered":"\t\t<div data-elementor-type=\"wp-page\" data-elementor-id=\"8131\" class=\"elementor elementor-8131 elementor-7729\" data-elementor-post-type=\"page\">\n\t\t\t\t<main class=\"elementor-element elementor-element-44a9b619 e-flex e-con-boxed e-con e-parent\" data-id=\"44a9b619\" data-element_type=\"container\" data-e-type=\"container\">\n\t\t\t\t\t<div class=\"e-con-inner\">\n\t\t<div class=\"elementor-element elementor-element-15b1e5fa e-con-full e-flex e-con e-child\" data-id=\"15b1e5fa\" data-element_type=\"container\" data-e-type=\"container\">\n\t\t\t\t<div class=\"elementor-element elementor-element-4fe71deb elementor-widget elementor-widget-text-editor\" data-id=\"4fe71deb\" data-element_type=\"widget\" data-e-type=\"widget\" data-widget_type=\"text-editor.default\">\n\t\t\t\t<div class=\"elementor-widget-container\">\n\t\t\t\t\t\t\t\t\t<h2>Jak leczenie raka wp\u0142ywa na p\u0142odno\u015b\u0107<\/h2><p><strong>Rak to nazwa nadawana chorobom wywo\u0142ywanym przez kom\u00f3rki organizmu, kt\u00f3re nieprzerwanie namna\u017caj\u0105 si\u0119.<\/strong><\/p><p>Kiedy tak si\u0119 dzieje, kom\u00f3rki tworz\u0105 skupisko nieprawid\u0142owych kom\u00f3rek, kt\u00f3re rosn\u0105 i cz\u0119sto mog\u0105 przemieszcza\u0107 si\u0119 do cz\u0119\u015bci cia\u0142a, w kt\u00f3rych nie s\u0105 potrzebne.<\/p><p>Leczenie raka ma na celu usuni\u0119cie nowotworu i zapobieganie jego nawrotom. G\u0142\u00f3wne metody leczenia raka to chemioterapia, radioterapia, zabieg chirurgiczny, terapia hormonalna i celowana terapia lekowa. <\/p><p>Wi\u0119kszo\u015b\u0107 metod leczenia raka ma skutki uboczne spowodowane ich wp\u0142ywem na zdrow\u0105 tkank\u0119. Wiele skutk\u00f3w ubocznych utrzymuje si\u0119 przez kr\u00f3tki czas w trakcie i po zako\u0144czeniu leczenia. Niekt\u00f3re skutki uboczne trwaj\u0105 d\u0142u\u017cej. U kobiet jednym z tych skutk\u00f3w ubocznych mo\u017ce by\u0107 obni\u017cona p\u0142odno\u015b\u0107, co oznacza, \u017ce kobieta mo\u017ce nie by\u0107 w stanie zaj\u015b\u0107 w ci\u0105\u017c\u0119 w przysz\u0142o\u015bci.  <\/p><p>Cz\u0119\u015bci cia\u0142a kobiety, kt\u00f3re s\u0105 zaanga\u017cowane w p\u0142odno\u015b\u0107, nazywane s\u0105 \u201euk\u0142adem rozrodczym\u201d.<\/p>\t\t\t\t\t\t\t\t<\/div>\n\t\t\t\t<\/div>\n\t\t\t\t<div class=\"elementor-element elementor-element-c591403 elementor-widget elementor-widget-image\" data-id=\"c591403\" data-element_type=\"widget\" data-e-type=\"widget\" data-widget_type=\"image.default\">\n\t\t\t\t<div class=\"elementor-widget-container\">\n\t\t\t\t\t\t\t\t\t\t\t\t\t\t\t<img fetchpriority=\"high\" decoding=\"async\" width=\"736\" height=\"585\" src=\"https:\/\/cancerfertilityandme.org.uk\/wp-content\/uploads\/diagram-femaile-reproductive-system@2x.png\" class=\"attachment-large size-large wp-image-11225\" alt=\"Uk\u0142ad rozrodczy kobiety\" srcset=\"https:\/\/cancerfertilityandme.org.uk\/wp-content\/uploads\/diagram-femaile-reproductive-system@2x.png 736w, https:\/\/cancerfertilityandme.org.uk\/wp-content\/uploads\/diagram-femaile-reproductive-system@2x-300x238.png 300w\" sizes=\"(max-width: 736px) 100vw, 736px\" \/>\t\t\t\t\t\t\t\t\t\t\t\t\t\t\t<\/div>\n\t\t\t\t<\/div>\n\t\t\t\t<div class=\"elementor-element elementor-element-c503139 elementor-widget elementor-widget-text-editor\" data-id=\"c503139\" data-element_type=\"widget\" data-e-type=\"widget\" data-widget_type=\"text-editor.default\">\n\t\t\t\t<div class=\"elementor-widget-container\">\n\t\t\t\t\t\t\t\t\t<p>Kluczowymi cz\u0119\u015bciami uk\u0142adu rozrodczego s\u0105:<\/p><ol><li><strong>Jajniki <\/strong>\u2013 te dwa narz\u0105dy znajduj\u0105 si\u0119 po obu stronach macicy wewn\u0105trz cia\u0142a kobiety mi\u0119dzy biodrami (miednica). Jajniki wytwarzaj\u0105 kom\u00f3rki jajowe i hormony potrzebne do urodzenia dziecka Kom\u00f3rki jajowe w\u0119druj\u0105 jajowodami do macicy.  <\/li><li><strong>Kom\u00f3rka jajowa<\/strong> (oocyt) \u2013 \u2013 \u017ce\u0144ska kom\u00f3rka rozrodcza, kt\u00f3ra po zap\u0142odnieniu plemnikiem mo\u017ce sta\u0107 si\u0119 dzieckiem.<\/li><li><strong>Jajowody<\/strong> \u2013 dwie rurki, kt\u00f3re \u0142\u0105cz\u0105 ka\u017cdy jajnik z macic\u0105, gdzie kom\u00f3rka jajowa jest zap\u0142adniana przez plemniki m\u0119\u017cczyzny.<\/li><li><strong>Macica<\/strong>\u2013 znajduje si\u0119 wewn\u0105trz miednicy i jest miejscem, w kt\u00f3rym rozwija si\u0119 ci\u0105\u017ca.<\/li><li><strong>Szyjka macicy<\/strong> \u2013 otw\u00f3r w macicy, kt\u00f3ry pozwala krwi menstruacyjnej opu\u015bci\u0107 cia\u0142o (miesi\u0105czka), a kobiecie urodzi\u0107 dziecko.<\/li><li><strong>Pochwa <\/strong>(kana\u0142 rodny) \u2013 otw\u00f3r mi\u0119dzy doln\u0105 cz\u0119\u015bci\u0105 szyjki macicy a zewn\u0119trzn\u0105 cz\u0119\u015bci\u0105 cia\u0142a.<\/li><li><strong>Srom<\/strong>\u2013 zewn\u0119trzna cz\u0119\u015b\u0107 pochwy.<\/li><\/ol><p><strong>Leczenie raka mo\u017ce wp\u0142ywa\u0107 na p\u0142odno\u015b\u0107:<\/strong><\/p><ul><li>Uszkodzenie lub obni\u017cenie liczby kom\u00f3rek jajowych przechowywanych w jajnikach.<\/li><li>Uszkodzenie cz\u0119\u015bci cia\u0142a, kt\u00f3ra kontroluje hormony p\u0142odno\u015bci.<\/li><li>Usuni\u0119cie lub uszkodzenie cz\u0119\u015bci \u017ce\u0144skiego uk\u0142adu rozrodczego.<\/li><\/ul><p>Sposoby, w jakie leczenie raka wp\u0142ywa na p\u0142odno\u015b\u0107, zale\u017c\u0105 od rodzaju raka i sposobu leczenia, jakiemu mo\u017ce by\u0107 Pani poddana.<\/p><p>Nie wszystkie kobiety leczone z powodu raka b\u0119d\u0105 mia\u0142y problemy z p\u0142odno\u015bci\u0105 w przysz\u0142o\u015bci.<\/p>\t\t\t\t\t\t\t\t<\/div>\n\t\t\t\t<\/div>\n\t\t\t\t<\/div>\n\t\t<div class=\"elementor-element elementor-element-39c9f397 e-con-full e-flex e-con e-child\" data-id=\"39c9f397\" data-element_type=\"container\" data-e-type=\"container\">\n\t\t<div class=\"elementor-element elementor-element-59edae77 e-con-full e-flex e-con e-child\" data-id=\"59edae77\" data-element_type=\"container\" data-e-type=\"container\">\n\t\t\t\t<div class=\"elementor-element elementor-element-6cd8fdd9 elementor-widget elementor-widget-image\" data-id=\"6cd8fdd9\" data-element_type=\"widget\" data-e-type=\"widget\" data-widget_type=\"image.default\">\n\t\t\t\t<div class=\"elementor-widget-container\">\n\t\t\t\t\t\t\t\t\t\t\t\t\t\t\t\t<a href=\"http:\/\/.\/\">\n\t\t\t\t\t\t\t<img decoding=\"async\" width=\"200\" height=\"200\" src=\"https:\/\/cancerfertilityandme.org.uk\/wp-content\/uploads\/cancerfertilityandme-logo-header-young-women.png\" class=\"attachment-full size-full wp-image-330\" alt=\"\" srcset=\"https:\/\/cancerfertilityandme.org.uk\/wp-content\/uploads\/cancerfertilityandme-logo-header-young-women.png 200w, https:\/\/cancerfertilityandme.org.uk\/wp-content\/uploads\/cancerfertilityandme-logo-header-young-women-150x150.png 150w, https:\/\/cancerfertilityandme.org.uk\/wp-content\/uploads\/elementor\/thumbs\/cancerfertilityandme-logo-header-young-women-r4vfcv1ro149or8nkxzol3x986uodd6lq6no4gpb6w.png 100w\" sizes=\"(max-width: 200px) 100vw, 200px\" \/>\t\t\t\t\t\t\t\t<\/a>\n\t\t\t\t\t\t\t\t\t\t\t\t\t\t\t<\/div>\n\t\t\t\t<\/div>\n\t\t\t\t<\/div>\n\t\t<div class=\"elementor-element elementor-element-6089d09b e-con-full e-flex e-con e-child\" data-id=\"6089d09b\" data-element_type=\"container\" data-e-type=\"container\">\n\t\t\t\t<div class=\"elementor-element elementor-element-7a4826aa elementor-widget elementor-widget-heading\" data-id=\"7a4826aa\" data-element_type=\"widget\" data-e-type=\"widget\" data-widget_type=\"heading.default\">\n\t\t\t\t<div class=\"elementor-widget-container\">\n\t\t\t\t\t<h3 class=\"elementor-heading-title elementor-size-default\">Aby uzyska\u0107 wi\u0119cej informacji, skorzystaj z tych \u0142\u0105czy<\/h3>\t\t\t\t<\/div>\n\t\t\t\t<\/div>\n\t\t\t\t<div class=\"elementor-element elementor-element-79ec685c elementor-nav-menu--dropdown-none elementor-widget elementor-widget-nav-menu\" data-id=\"79ec685c\" data-element_type=\"widget\" data-e-type=\"widget\" data-settings=\"{&quot;layout&quot;:&quot;vertical&quot;,&quot;submenu_icon&quot;:{&quot;value&quot;:&quot;&lt;svg aria-hidden=\\&quot;true\\&quot; class=\\&quot;e-font-icon-svg e-fas-caret-down\\&quot; viewBox=\\&quot;0 0 320 512\\&quot; xmlns=\\&quot;http:\\\/\\\/www.w3.org\\\/2000\\\/svg\\&quot;&gt;&lt;path d=\\&quot;M31.3 192h257.3c17.8 0 26.7 21.5 14.1 34.1L174.1 354.8c-7.8 7.8-20.5 7.8-28.3 0L17.2 226.1C4.6 213.5 13.5 192 31.3 192z\\&quot;&gt;&lt;\\\/path&gt;&lt;\\\/svg&gt;&quot;,&quot;library&quot;:&quot;fa-solid&quot;}}\" data-widget_type=\"nav-menu.default\">\n\t\t\t\t<div class=\"elementor-widget-container\">\n\t\t\t\t\t\t\t\t<nav aria-label=\"Menu\" class=\"elementor-nav-menu--main elementor-nav-menu__container elementor-nav-menu--layout-vertical e--pointer-none\">\n\t\t\t\t<ul id=\"menu-1-79ec685c\" class=\"elementor-nav-menu sm-vertical\"><li class=\"menu-item menu-item-type-post_type menu-item-object-page menu-item-8491\"><a href=\"https:\/\/cancerfertilityandme.org.uk\/young-women\/cancer-and-fertility\/\" class=\"elementor-item\">Rak i p\u0142odno\u015b\u0107<\/a><\/li>\n<li class=\"menu-item menu-item-type-post_type menu-item-object-page menu-item-8494\"><a href=\"https:\/\/cancerfertilityandme.org.uk\/young-women\/cancer-and-fertility\/introduction\/\" class=\"elementor-item\">Wprowadzenie<\/a><\/li>\n<li class=\"menu-item menu-item-type-post_type menu-item-object-page menu-item-8492\"><a href=\"https:\/\/cancerfertilityandme.org.uk\/young-women\/cancer-and-fertility\/chemotherapy\/\" class=\"elementor-item\">Chemioterapia<\/a><\/li>\n<li class=\"menu-item menu-item-type-post_type menu-item-object-page menu-item-8495\"><a href=\"https:\/\/cancerfertilityandme.org.uk\/young-women\/cancer-and-fertility\/radiotherapy\/\" class=\"elementor-item\">Radioterapia<\/a><\/li>\n<li class=\"menu-item menu-item-type-post_type menu-item-object-page menu-item-8496\"><a href=\"https:\/\/cancerfertilityandme.org.uk\/young-women\/cancer-and-fertility\/surgery\/\" class=\"elementor-item\">Zabieg chirurgiczny<\/a><\/li>\n<li class=\"menu-item menu-item-type-post_type menu-item-object-page menu-item-8493\"><a href=\"https:\/\/cancerfertilityandme.org.uk\/young-women\/cancer-and-fertility\/hormone-therapy\/\" class=\"elementor-item\">Terapia hormonalna<\/a><\/li>\n<li class=\"menu-item menu-item-type-post_type menu-item-object-page menu-item-8497\"><a href=\"https:\/\/cancerfertilityandme.org.uk\/young-women\/cancer-and-fertility\/targeted-drug-therapies\/\" class=\"elementor-item\">Terapie celowane<\/a><\/li>\n<li class=\"menu-item menu-item-type-post_type menu-item-object-page menu-item-8499\"><a href=\"https:\/\/cancerfertilityandme.org.uk\/young-women\/cancer-and-fertility\/other-cancer-treatments\/\" class=\"elementor-item\">Inne metody leczenia raka<\/a><\/li>\n<li class=\"menu-item menu-item-type-post_type menu-item-object-page menu-item-8498\"><a href=\"https:\/\/cancerfertilityandme.org.uk\/young-women\/cancer-and-fertility\/questions-to-ask-about-cancer-and-fertility\/\" class=\"elementor-item\">Pytania, kt\u00f3re nale\u017cy zada\u0107 zespo\u0142owi opieki onkologicznej<\/a><\/li>\n<\/ul>\t\t\t<\/nav>\n\t\t\t\t\t\t<nav class=\"elementor-nav-menu--dropdown elementor-nav-menu__container\" aria-hidden=\"true\">\n\t\t\t\t<ul id=\"menu-2-79ec685c\" class=\"elementor-nav-menu sm-vertical\"><li class=\"menu-item menu-item-type-post_type menu-item-object-page menu-item-8491\"><a href=\"https:\/\/cancerfertilityandme.org.uk\/young-women\/cancer-and-fertility\/\" class=\"elementor-item\" tabindex=\"-1\">Rak i p\u0142odno\u015b\u0107<\/a><\/li>\n<li class=\"menu-item menu-item-type-post_type menu-item-object-page menu-item-8494\"><a href=\"https:\/\/cancerfertilityandme.org.uk\/young-women\/cancer-and-fertility\/introduction\/\" class=\"elementor-item\" tabindex=\"-1\">Wprowadzenie<\/a><\/li>\n<li class=\"menu-item menu-item-type-post_type menu-item-object-page menu-item-8492\"><a href=\"https:\/\/cancerfertilityandme.org.uk\/young-women\/cancer-and-fertility\/chemotherapy\/\" class=\"elementor-item\" tabindex=\"-1\">Chemioterapia<\/a><\/li>\n<li class=\"menu-item menu-item-type-post_type menu-item-object-page menu-item-8495\"><a href=\"https:\/\/cancerfertilityandme.org.uk\/young-women\/cancer-and-fertility\/radiotherapy\/\" class=\"elementor-item\" tabindex=\"-1\">Radioterapia<\/a><\/li>\n<li class=\"menu-item menu-item-type-post_type menu-item-object-page menu-item-8496\"><a href=\"https:\/\/cancerfertilityandme.org.uk\/young-women\/cancer-and-fertility\/surgery\/\" class=\"elementor-item\" tabindex=\"-1\">Zabieg chirurgiczny<\/a><\/li>\n<li class=\"menu-item menu-item-type-post_type menu-item-object-page menu-item-8493\"><a href=\"https:\/\/cancerfertilityandme.org.uk\/young-women\/cancer-and-fertility\/hormone-therapy\/\" class=\"elementor-item\" tabindex=\"-1\">Terapia hormonalna<\/a><\/li>\n<li class=\"menu-item menu-item-type-post_type menu-item-object-page menu-item-8497\"><a href=\"https:\/\/cancerfertilityandme.org.uk\/young-women\/cancer-and-fertility\/targeted-drug-therapies\/\" class=\"elementor-item\" tabindex=\"-1\">Terapie celowane<\/a><\/li>\n<li class=\"menu-item menu-item-type-post_type menu-item-object-page menu-item-8499\"><a href=\"https:\/\/cancerfertilityandme.org.uk\/young-women\/cancer-and-fertility\/other-cancer-treatments\/\" class=\"elementor-item\" tabindex=\"-1\">Inne metody leczenia raka<\/a><\/li>\n<li class=\"menu-item menu-item-type-post_type menu-item-object-page menu-item-8498\"><a href=\"https:\/\/cancerfertilityandme.org.uk\/young-women\/cancer-and-fertility\/questions-to-ask-about-cancer-and-fertility\/\" class=\"elementor-item\" tabindex=\"-1\">Pytania, kt\u00f3re nale\u017cy zada\u0107 zespo\u0142owi opieki onkologicznej<\/a><\/li>\n<\/ul>\t\t\t<\/nav>\n\t\t\t\t\t\t<\/div>\n\t\t\t\t<\/div>\n\t\t\t\t<\/div>\n\t\t\t\t<\/div>\n\t\t\t\t\t<\/div>\n\t\t\t\t<\/main>\n\t\t\t\t<\/div>\n\t\t","protected":false},"excerpt":{"rendered":"<p>Jak leczenie raka wp\u0142ywa na p\u0142odno\u015b\u0107 Rak to nazwa nadawana chorobom wywo\u0142ywanym przez kom\u00f3rki organizmu, kt\u00f3re nieprzerwanie namna\u017caj\u0105 si\u0119. Kiedy tak si\u0119 dzieje, kom\u00f3rki tworz\u0105 skupisko nieprawid\u0142owych kom\u00f3rek, kt\u00f3re rosn\u0105 i cz\u0119sto mog\u0105 przemieszcza\u0107 si\u0119 do cz\u0119\u015bci cia\u0142a, w kt\u00f3rych nie s\u0105 potrzebne. Leczenie raka ma na celu usuni\u0119cie nowotworu i zapobieganie jego nawrotom. G\u0142\u00f3wne [&hellip;]<\/p>\n","protected":false},"author":1,"featured_media":11225,"parent":8127,"menu_order":0,"comment_status":"open","ping_status":"closed","template":"","meta":{"footnotes":""},"class_list":["post-8131","page","type-page","status-publish","has-post-thumbnail","hentry"],"_links":{"self":[{"href":"https:\/\/cancerfertilityandme.org.uk\/pl\/wp-json\/wp\/v2\/pages\/8131","targetHints":{"allow":["GET"]}}],"collection":[{"href":"https:\/\/cancerfertilityandme.org.uk\/pl\/wp-json\/wp\/v2\/pages"}],"about":[{"href":"https:\/\/cancerfertilityandme.org.uk\/pl\/wp-json\/wp\/v2\/types\/page"}],"author":[{"embeddable":true,"href":"https:\/\/cancerfertilityandme.org.uk\/pl\/wp-json\/wp\/v2\/users\/1"}],"replies":[{"embeddable":true,"href":"https:\/\/cancerfertilityandme.org.uk\/pl\/wp-json\/wp\/v2\/comments?post=8131"}],"version-history":[{"count":3,"href":"https:\/\/cancerfertilityandme.org.uk\/pl\/wp-json\/wp\/v2\/pages\/8131\/revisions"}],"predecessor-version":[{"id":11235,"href":"https:\/\/cancerfertilityandme.org.uk\/pl\/wp-json\/wp\/v2\/pages\/8131\/revisions\/11235"}],"up":[{"embeddable":true,"href":"https:\/\/cancerfertilityandme.org.uk\/pl\/wp-json\/wp\/v2\/pages\/8127"}],"wp:featuredmedia":[{"embeddable":true,"href":"https:\/\/cancerfertilityandme.org.uk\/pl\/wp-json\/wp\/v2\/media\/11225"}],"wp:attachment":[{"href":"https:\/\/cancerfertilityandme.org.uk\/pl\/wp-json\/wp\/v2\/media?parent=8131"}],"curies":[{"name":"wp","href":"https:\/\/api.w.org\/{rel}","templated":true}]}}