{"id":8130,"date":"2023-04-03T09:24:33","date_gmt":"2023-04-03T09:24:33","guid":{"rendered":"https:\/\/cancerfertilityandme.org.uk\/korzystanie-z-tej-strony-internetowej\/"},"modified":"2025-11-17T11:04:52","modified_gmt":"2025-11-17T11:04:52","slug":"korzystanie-z-tej-strony-internetowej","status":"publish","type":"page","link":"https:\/\/cancerfertilityandme.org.uk\/pl\/mlode-kobiety\/o-stronie\/korzystanie-z-tej-strony-internetowej\/","title":{"rendered":"Korzystanie z tej strony internetowej"},"content":{"rendered":"\t\t<div data-elementor-type=\"wp-page\" data-elementor-id=\"8130\" class=\"elementor elementor-8130 elementor-7775\" data-elementor-post-type=\"page\">\n\t\t\t\t<main class=\"elementor-element elementor-element-30e26b6c e-flex e-con-boxed e-con e-parent\" data-id=\"30e26b6c\" data-element_type=\"container\" data-e-type=\"container\">\n\t\t\t\t\t<div class=\"e-con-inner\">\n\t\t<div class=\"elementor-element elementor-element-65df7344 e-con-full e-flex e-con e-child\" data-id=\"65df7344\" data-element_type=\"container\" data-e-type=\"container\">\n\t\t\t\t<div class=\"elementor-element elementor-element-1f35ebad elementor-widget elementor-widget-text-editor\" data-id=\"1f35ebad\" data-element_type=\"widget\" data-e-type=\"widget\" data-widget_type=\"text-editor.default\">\n\t\t\t\t<div class=\"elementor-widget-container\">\n\t\t\t\t\t\t\t\t\t<h2>Korzystanie z tej witryny internetowej pomo\u017ce Ci podj\u0105\u0107 decyzj\u0119<\/h2><p>\u201eMy\u015bl\u0119 o najbli\u017cszych pi\u0119ciu latach, a co za dziesi\u0119\u0107 lat? A co z przysz\u0142o\u015bci\u0105?\u201d<br>25-letnia m\u0142oda kobieta z rakiem jajnika<\/p><p><strong>Aby wesprze\u0107 Pani\u0105 w podj\u0119ciu tej decyzji, niniejsza strona internetowa zawiera informacje, kt\u00f3re mog\u0105 Pani pom\u00f3c:<\/strong><\/p><ul><li><strong>Dowiedzie\u0107 <\/strong>si\u0119 wi\u0119cej o r\u00f3\u017cnych opcjach zachowania p\u0142odno\u015bci.<\/li><li><strong>Zastanowi\u0107 <\/strong>si\u0119, czy zachowanie p\u0142odno\u015bci by\u0142oby dla Pani odpowiedni\u0105 opcj\u0105.<\/li><li><strong>Pomy\u015ble\u0107 <\/strong>o tym, co jest wa\u017cne dla Pani \u017cycia teraz i w przysz\u0142o\u015bci.<\/li><li><strong>Rozmawia\u0107 <\/strong>ze swoim zespo\u0142em opieki onkologicznej i zespo\u0142em opieki nad p\u0142odno\u015bci\u0105 podczas podejmowania decyzji.<\/li><li><strong>Dzi\u0119ki <\/strong>temu lepiej zrozumia\u0142em moje leczenie i dost\u0119pne opcje.<\/li><\/ul><p>\u201cZnalaz\u0142am odpowiedzi na wiele moich pyta\u0144. Lepiej zrozumia\u0142am moje leczenie i dost\u0119pne opcje. Znalaz\u0142am odpowiedzi na pytania, kt\u00f3re niekoniecznie bym zada\u0142a, znalaz\u0142am informacje, o kt\u00f3rych nie s\u0105dzi\u0142am, \u017ce ich potrzebuj\u0119\u201d\u2026 Nie by\u0142am popychana w \u017cadnym kierunku. Obiektywnie, jasno podane informacje, bez rozr\u00f3\u017cniania kt\u00f3ra z opcji jest lepsza od innych Podane zosta\u0142y fakty i wyja\u015bnione ich znaczenie, i to ja podj\u0119\u0142am decyzj\u0119 wed\u0142ug w\u0142asnego upodobania\u201d<br>20-letnia m\u0142oda kobieta z ch\u0142oniakiem<\/p><p><strong>Witryna zosta\u0142a zaprojektowana w celu zapewnienia jasnych informacji i oferuje nast\u0119puj\u0105ce mo\u017cliwo\u015bci:<\/strong><\/p><ul><li>Prosta nawigacja z podzia\u0142em na sekcje dotycz\u0105ce leczenia raka, problem\u00f3w z p\u0142odno\u015bci\u0105, decyzji o zachowaniu p\u0142odno\u015bci i planowania rodziny.<\/li><li>Ilustracje przedstawiaj\u0105ce decyzje dotycz\u0105ce p\u0142odno\u015bci kobiet przed, w trakcie i po leczeniu raka.<\/li><li>Tabele por\u00f3wnuj\u0105ce r\u00f3\u017cne sposoby ochrony p\u0142odno\u015bci u\u0142o\u017cone tak, by \u0142atwiej by\u0142o por\u00f3wna\u0107 w czym s\u0105 podobne, a w czym si\u0119 r\u00f3\u017cni\u0105.<\/li><li>Pytania, kt\u00f3re mo\u017ce Pani chcie\u0107 zada\u0107 swojemu zespo\u0142owi opieki onkologicznej i zespo\u0142owi opieki nad p\u0142odno\u015bci\u0105.<\/li><li>Prosz\u0119 zasugerowa\u0107, o jakie rzeczy mo\u017ce Pani chcie\u0107 zapyta\u0107 sw\u00f3j zesp\u00f3\u0142 ds. leczenia raka i\/lub zesp\u00f3\u0142 opieki nad p\u0142odno\u015bci\u0105.<\/li><li>Pytania \u201eMoje warto\u015bci\u201d, kt\u00f3re pomog\u0105 Pani zastanowi\u0107 si\u0119, kt\u00f3ra opcja zachowania p\u0142odno\u015bci najlepiej pasuje do Pani \u017cycia w tym momencie.<\/li><li>S\u0142owniczek podaj\u0105cy znaczenie termin\u00f3w u\u017cywanych do omawiania raka i jego leczenia, p\u0142odno\u015bci i zachowania p\u0142odno\u015bci.<\/li><\/ul><p><strong>Prosz\u0119 o tym pami\u0119ta\u0107:<\/strong><\/p><ol><li>Nie wszystkie kobiety leczone z powodu raka b\u0119d\u0105 mia\u0142y problemy z p\u0142odno\u015bci\u0105 w przysz\u0142o\u015bci.<\/li><li>Nie wszystkie procedury zachowania p\u0142odno\u015bci opisane na tej stronie s\u0105 odpowiednie dla ka\u017cdej kobiety.<\/li><li>Niekt\u00f3re procedury zachowania p\u0142odno\u015bci opisane na tej stronie mog\u0105 nie by\u0107 dost\u0119pne we wszystkich klinikach opieki nad p\u0142odno\u015bci\u0105.<\/li><\/ol>\t\t\t\t\t\t\t\t<\/div>\n\t\t\t\t<\/div>\n\t\t\t\t<\/div>\n\t\t<div class=\"elementor-element elementor-element-b1afa93 e-con-full e-flex e-con e-child\" data-id=\"b1afa93\" data-element_type=\"container\" data-e-type=\"container\">\n\t\t<div class=\"elementor-element elementor-element-6a4613ad e-con-full e-flex e-con e-child\" data-id=\"6a4613ad\" data-element_type=\"container\" data-e-type=\"container\">\n\t\t\t\t<div class=\"elementor-element elementor-element-14f5e2a8 elementor-widget elementor-widget-image\" data-id=\"14f5e2a8\" data-element_type=\"widget\" data-e-type=\"widget\" data-widget_type=\"image.default\">\n\t\t\t\t<div class=\"elementor-widget-container\">\n\t\t\t\t\t\t\t\t\t\t\t\t\t\t\t\t<a href=\"http:\/\/.\/\">\n\t\t\t\t\t\t\t<img decoding=\"async\" width=\"200\" height=\"200\" src=\"https:\/\/cancerfertilityandme.org.uk\/wp-content\/uploads\/cancerfertilityandme-logo-header-young-women.png\" class=\"attachment-full size-full wp-image-330\" alt=\"\" srcset=\"https:\/\/cancerfertilityandme.org.uk\/wp-content\/uploads\/cancerfertilityandme-logo-header-young-women.png 200w, https:\/\/cancerfertilityandme.org.uk\/wp-content\/uploads\/cancerfertilityandme-logo-header-young-women-150x150.png 150w, https:\/\/cancerfertilityandme.org.uk\/wp-content\/uploads\/elementor\/thumbs\/cancerfertilityandme-logo-header-young-women-r4vfcv1ro149or8nkxzol3x986uodd6lq6no4gpb6w.png 100w\" sizes=\"(max-width: 200px) 100vw, 200px\" \/>\t\t\t\t\t\t\t\t<\/a>\n\t\t\t\t\t\t\t\t\t\t\t\t\t\t\t<\/div>\n\t\t\t\t<\/div>\n\t\t\t\t<\/div>\n\t\t<div class=\"elementor-element elementor-element-55791adf e-con-full e-flex e-con e-child\" data-id=\"55791adf\" data-element_type=\"container\" data-e-type=\"container\">\n\t\t\t\t<div class=\"elementor-element elementor-element-6a885291 elementor-widget elementor-widget-heading\" data-id=\"6a885291\" data-element_type=\"widget\" data-e-type=\"widget\" data-widget_type=\"heading.default\">\n\t\t\t\t<div class=\"elementor-widget-container\">\n\t\t\t\t\t<h3 class=\"elementor-heading-title elementor-size-default\">Aby uzyska\u0107 wi\u0119cej informacji, skorzystaj z tych \u0142\u0105czy<\/h3>\t\t\t\t<\/div>\n\t\t\t\t<\/div>\n\t\t\t\t<div class=\"elementor-element elementor-element-17ab66f5 elementor-nav-menu--dropdown-none elementor-widget elementor-widget-nav-menu\" data-id=\"17ab66f5\" data-element_type=\"widget\" data-e-type=\"widget\" data-settings=\"{&quot;layout&quot;:&quot;vertical&quot;,&quot;submenu_icon&quot;:{&quot;value&quot;:&quot;&lt;svg aria-hidden=\\&quot;true\\&quot; class=\\&quot;e-font-icon-svg e-fas-caret-down\\&quot; viewBox=\\&quot;0 0 320 512\\&quot; xmlns=\\&quot;http:\\\/\\\/www.w3.org\\\/2000\\\/svg\\&quot;&gt;&lt;path d=\\&quot;M31.3 192h257.3c17.8 0 26.7 21.5 14.1 34.1L174.1 354.8c-7.8 7.8-20.5 7.8-28.3 0L17.2 226.1C4.6 213.5 13.5 192 31.3 192z\\&quot;&gt;&lt;\\\/path&gt;&lt;\\\/svg&gt;&quot;,&quot;library&quot;:&quot;fa-solid&quot;}}\" data-widget_type=\"nav-menu.default\">\n\t\t\t\t<div class=\"elementor-widget-container\">\n\t\t\t\t\t\t\t\t<nav aria-label=\"Menu\" class=\"elementor-nav-menu--main elementor-nav-menu__container elementor-nav-menu--layout-vertical e--pointer-none\">\n\t\t\t\t<ul id=\"menu-1-17ab66f5\" class=\"elementor-nav-menu sm-vertical\"><li class=\"menu-item menu-item-type-post_type menu-item-object-page menu-item-8474\"><a href=\"https:\/\/cancerfertilityandme.org.uk\/young-women\/about-this-project\/\" class=\"elementor-item\">O tym projekcie<\/a><\/li>\n<li class=\"menu-item menu-item-type-post_type menu-item-object-page menu-item-8477\"><a href=\"https:\/\/cancerfertilityandme.org.uk\/young-women\/about-this-project\/using-this-website\/\" class=\"elementor-item\">Korzystanie z tej strony internetowej<\/a><\/li>\n<li class=\"menu-item menu-item-type-post_type menu-item-object-page menu-item-8476\"><a href=\"https:\/\/cancerfertilityandme.org.uk\/young-women\/about-this-project\/linking-fertility-options\/\" class=\"elementor-item\">\u0141\u0105czenie opcji p\u0142odno\u015bci<\/a><\/li>\n<li class=\"menu-item menu-item-type-post_type menu-item-object-page menu-item-10564\"><a href=\"https:\/\/cancerfertilityandme.org.uk\/glossary\/\" class=\"elementor-item\">S\u0142owniczek<\/a><\/li>\n<\/ul>\t\t\t<\/nav>\n\t\t\t\t\t\t<nav class=\"elementor-nav-menu--dropdown elementor-nav-menu__container\" aria-hidden=\"true\">\n\t\t\t\t<ul id=\"menu-2-17ab66f5\" class=\"elementor-nav-menu sm-vertical\"><li class=\"menu-item menu-item-type-post_type menu-item-object-page menu-item-8474\"><a href=\"https:\/\/cancerfertilityandme.org.uk\/young-women\/about-this-project\/\" class=\"elementor-item\" tabindex=\"-1\">O tym projekcie<\/a><\/li>\n<li class=\"menu-item menu-item-type-post_type menu-item-object-page menu-item-8477\"><a href=\"https:\/\/cancerfertilityandme.org.uk\/young-women\/about-this-project\/using-this-website\/\" class=\"elementor-item\" tabindex=\"-1\">Korzystanie z tej strony internetowej<\/a><\/li>\n<li class=\"menu-item menu-item-type-post_type menu-item-object-page menu-item-8476\"><a href=\"https:\/\/cancerfertilityandme.org.uk\/young-women\/about-this-project\/linking-fertility-options\/\" class=\"elementor-item\" tabindex=\"-1\">\u0141\u0105czenie opcji p\u0142odno\u015bci<\/a><\/li>\n<li class=\"menu-item menu-item-type-post_type menu-item-object-page menu-item-10564\"><a href=\"https:\/\/cancerfertilityandme.org.uk\/glossary\/\" class=\"elementor-item\" tabindex=\"-1\">S\u0142owniczek<\/a><\/li>\n<\/ul>\t\t\t<\/nav>\n\t\t\t\t\t\t<\/div>\n\t\t\t\t<\/div>\n\t\t\t\t<\/div>\n\t\t\t\t<\/div>\n\t\t\t\t\t<\/div>\n\t\t\t\t<\/main>\n\t\t\t\t<\/div>\n\t\t","protected":false},"excerpt":{"rendered":"<p>Korzystanie z tej witryny internetowej pomo\u017ce Ci podj\u0105\u0107 decyzj\u0119 \u201eMy\u015bl\u0119 o najbli\u017cszych pi\u0119ciu latach, a co za dziesi\u0119\u0107 lat? A co z przysz\u0142o\u015bci\u0105?\u201d25-letnia m\u0142oda kobieta z rakiem jajnika Aby wesprze\u0107 Pani\u0105 w podj\u0119ciu tej decyzji, niniejsza strona internetowa zawiera informacje, kt\u00f3re mog\u0105 Pani pom\u00f3c: Dowiedzie\u0107 si\u0119 wi\u0119cej o r\u00f3\u017cnych opcjach zachowania p\u0142odno\u015bci. Zastanowi\u0107 si\u0119, czy [&hellip;]<\/p>\n","protected":false},"author":1,"featured_media":0,"parent":8129,"menu_order":0,"comment_status":"open","ping_status":"closed","template":"","meta":{"footnotes":""},"class_list":["post-8130","page","type-page","status-publish","hentry"],"_links":{"self":[{"href":"https:\/\/cancerfertilityandme.org.uk\/pl\/wp-json\/wp\/v2\/pages\/8130","targetHints":{"allow":["GET"]}}],"collection":[{"href":"https:\/\/cancerfertilityandme.org.uk\/pl\/wp-json\/wp\/v2\/pages"}],"about":[{"href":"https:\/\/cancerfertilityandme.org.uk\/pl\/wp-json\/wp\/v2\/types\/page"}],"author":[{"embeddable":true,"href":"https:\/\/cancerfertilityandme.org.uk\/pl\/wp-json\/wp\/v2\/users\/1"}],"replies":[{"embeddable":true,"href":"https:\/\/cancerfertilityandme.org.uk\/pl\/wp-json\/wp\/v2\/comments?post=8130"}],"version-history":[{"count":3,"href":"https:\/\/cancerfertilityandme.org.uk\/pl\/wp-json\/wp\/v2\/pages\/8130\/revisions"}],"predecessor-version":[{"id":9674,"href":"https:\/\/cancerfertilityandme.org.uk\/pl\/wp-json\/wp\/v2\/pages\/8130\/revisions\/9674"}],"up":[{"embeddable":true,"href":"https:\/\/cancerfertilityandme.org.uk\/pl\/wp-json\/wp\/v2\/pages\/8129"}],"wp:attachment":[{"href":"https:\/\/cancerfertilityandme.org.uk\/pl\/wp-json\/wp\/v2\/media?parent=8130"}],"curies":[{"name":"wp","href":"https:\/\/api.w.org\/{rel}","templated":true}]}}