{"id":8129,"date":"2023-04-03T09:01:57","date_gmt":"2023-04-03T09:01:57","guid":{"rendered":"https:\/\/cancerfertilityandme.org.uk\/o-stronie\/"},"modified":"2026-03-10T11:50:42","modified_gmt":"2026-03-10T11:50:42","slug":"o-stronie","status":"publish","type":"page","link":"https:\/\/cancerfertilityandme.org.uk\/pl\/mlode-kobiety\/o-stronie\/","title":{"rendered":"O tym projekcie"},"content":{"rendered":"\t\t<div data-elementor-type=\"wp-page\" data-elementor-id=\"8129\" class=\"elementor elementor-8129 elementor-7774\" data-elementor-post-type=\"page\">\n\t\t\t\t<main class=\"elementor-element elementor-element-4a68a2b7 e-flex e-con-boxed e-con e-parent\" data-id=\"4a68a2b7\" data-element_type=\"container\" data-e-type=\"container\">\n\t\t\t\t\t<div class=\"e-con-inner\">\n\t\t<div class=\"elementor-element elementor-element-bf63f4d e-con-full e-flex e-con e-child\" data-id=\"bf63f4d\" data-element_type=\"container\" data-e-type=\"container\">\n\t\t\t\t<div class=\"elementor-element elementor-element-437ce504 elementor-widget elementor-widget-text-editor\" data-id=\"437ce504\" data-element_type=\"widget\" data-e-type=\"widget\" data-widget_type=\"text-editor.default\">\n\t\t\t\t<div class=\"elementor-widget-container\">\n\t\t\t\t\t\t\t\t\t<h2>Informacje o poradniku internetowym \u2018Rak, p\u0142odno\u015b\u0107 i ja\u2019<\/h2>\n<strong>Je\u015bli zdiagnozowano u Ciebie raka, mo\u017cesz mie\u0107 wiele obaw. Prawdopodobnie od momentu postawienia diagnozy b\u0119dziesz do\u015bwiadcza\u0107 ca\u0142ej gamy uczu\u0107 i emocji, a tak\u017ce b\u0119dziesz mie\u0107 wiele pyta\u0144. <\/strong>\n\n<strong>Leczenie nowotworowe mo\u017ce wp\u0142ywa\u0107 na p\u0142odno\u015b\u0107 oraz na szanse \u2026 zaj\u015bcia w ci\u0105\u017c\u0119 w przysz\u0142o\u015bci.<\/strong>\n\nInformacje te mog\u0105 by\u0107 dla Ciebie nowe. A mo\u017ce jeste\u015b ju\u017c tego \u015bwiadoma i zastanawiasz si\u0119, czy \u2026 b\u0119dziesz w stanie za\u0142o\u017cy\u0107 rodzin\u0119 w przysz\u0142o\u015bci. Niezale\u017cnie od tego, czy posiadanie dzieci jest \u2026 w Twoich planach, czy \u2026 wszystko na razie wydaje si\u0119 zbyt odleg\u0142e, by decydowa\u0107 teraz; niniejsza broszura zawiera informacje, kt\u00f3re pomog\u0105 ci zastanowi\u0107 si\u0119 nad ochron\u0105 p\u0142odno\u015bci. Zabiegi maj\u0105ce na celu zachowanie p\u0142odno\u015bci to sposoby pomagaj\u0105ce dziewcz\u0119tom i m\u0142odym kobietom chorym na raka zwi\u0119kszy\u0107 szanse na zaj\u015bcie w ci\u0105\u017c\u0119 i urodzenie dziecka w przysz\u0142o\u015bci po zako\u0144czeniu leczenia raka. Mamy nadziej\u0119, \u017ce niniejsza broszura pomo\u017ce Ci lepiej zrozumie\u0107 kwesti\u0119 zachowania p\u0142odno\u015bci. Chocia\u017c podejmowane decyzje maj\u0105 charakter osobisty, a dokonywane wybory nale\u017c\u0105 wy\u0142\u0105cznie do Ciebie, mamy nadziej\u0119, \u017ce niniejsza broszura pomo\u017ce Ci dowiedzie\u0107 si\u0119, jakie opcje s\u0105 dost\u0119pne i pomo\u017ce Ci podj\u0105\u0107 najlepsz\u0105 dla Ciebie decyzj\u0119.     \n\n<blockquote>\u201ePrzez pewien czas czu\u0142am si\u0119 niepewnie, ale kiedy podj\u0119\u0142am decyzj\u0119, by\u0142am pewna, \u017ce to jest to, co chc\u0119 robi\u0107. I ciesz\u0119 si\u0119, \u017ce to zrobi\u0142am, to by\u0142a w\u0142a\u015bciwa decyzja.\u201d<br><br>20-letnia m\u0142oda kobieta z ch\u0142oniakiem<\/blockquote>\n\n<b>Ta strona internetowa zawiera informacje, kt\u00f3re mog\u0105 Pani pom\u00f3c:<\/b>\n<ul>\n \t<li>Dowiedz si\u0119 wi\u0119cej o tym, jak leczenie raka mo\u017ce powodowa\u0107 problemy z p\u0142odno\u015bci\u0105 u m\u0142odych kobiet.<\/li>\n \t<li>Dowiedz si\u0119 wi\u0119cej o tym, jak m\u0142ode kobiety z rakiem mog\u0105 zachowa\u0107 p\u0142odno\u015b\u0107 przed rozpocz\u0119ciem leczenia raka.<\/li>\n \t<li>Zrozumie\u0107, jakie opcje zachowania p\u0142odno\u015bci mog\u0105 najlepiej Pani odpowiada\u0107.<\/li>\n \t<li>Zrozumie\u0107 decyzje dotycz\u0105ce planowania rodziny w trakcie i po leczeniu raka.<\/li>\n<\/ul>\n<strong>Ta strona mo\u017ce by\u0107 dla Pana pomocna, je\u015bli:<\/strong>\n<ul>\n \t<li>Niedawno zdiagnozowano u Pani raka.<\/li>\n \t<li>Mo\u017ce Pani chcie\u0107 zaj\u015b\u0107 w ci\u0105\u017c\u0119 i stara\u0107 si\u0119 o dziecko w przysz\u0142o\u015bci, po zako\u0144czeniu leczenia raka.<\/li>\n \t<li>Chcesz dowiedzie\u0107 si\u0119 wi\u0119cej o leczeniu maj\u0105cym na celu zachowanie p\u0142odno\u015bci.<\/li>\n \t<li>Chcesz dowiedzie\u0107 si\u0119 wi\u0119cej o leczeniu zachowuj\u0105cym p\u0142odno\u015b\u0107 Chcesz uzyska\u0107 wi\u0119cej informacji, kt\u00f3re pomog\u0105 Ci podj\u0105\u0107 decyzj\u0119 o leczeniu zachowuj\u0105cym p\u0142odno\u015b\u0107.<\/li>\n<\/ul>\t\t\t\t\t\t\t\t<\/div>\n\t\t\t\t<\/div>\n\t\t\t\t<\/div>\n\t\t<div class=\"elementor-element elementor-element-4c2a2e61 e-con-full e-flex e-con e-child\" data-id=\"4c2a2e61\" data-element_type=\"container\" data-e-type=\"container\">\n\t\t<div class=\"elementor-element elementor-element-4cf1ed17 e-con-full e-flex e-con e-child\" data-id=\"4cf1ed17\" data-element_type=\"container\" data-e-type=\"container\">\n\t\t\t\t<div class=\"elementor-element elementor-element-4147e412 elementor-widget elementor-widget-image\" data-id=\"4147e412\" data-element_type=\"widget\" data-e-type=\"widget\" data-widget_type=\"image.default\">\n\t\t\t\t<div class=\"elementor-widget-container\">\n\t\t\t\t\t\t\t\t\t\t\t\t\t\t\t\t<a href=\"http:\/\/.\/\">\n\t\t\t\t\t\t\t<img decoding=\"async\" width=\"200\" height=\"200\" src=\"https:\/\/cancerfertilityandme.org.uk\/wp-content\/uploads\/cancerfertilityandme-logo-header-young-women.png\" class=\"attachment-full size-full wp-image-330\" alt=\"\" srcset=\"https:\/\/cancerfertilityandme.org.uk\/wp-content\/uploads\/cancerfertilityandme-logo-header-young-women.png 200w, https:\/\/cancerfertilityandme.org.uk\/wp-content\/uploads\/cancerfertilityandme-logo-header-young-women-150x150.png 150w, https:\/\/cancerfertilityandme.org.uk\/wp-content\/uploads\/elementor\/thumbs\/cancerfertilityandme-logo-header-young-women-r4vfcv1ro149or8nkxzol3x986uodd6lq6no4gpb6w.png 100w\" sizes=\"(max-width: 200px) 100vw, 200px\" \/>\t\t\t\t\t\t\t\t<\/a>\n\t\t\t\t\t\t\t\t\t\t\t\t\t\t\t<\/div>\n\t\t\t\t<\/div>\n\t\t\t\t<\/div>\n\t\t<div class=\"elementor-element elementor-element-429ad59f e-con-full e-flex e-con e-child\" data-id=\"429ad59f\" data-element_type=\"container\" data-e-type=\"container\">\n\t\t\t\t<div class=\"elementor-element elementor-element-68253d98 elementor-widget elementor-widget-heading\" data-id=\"68253d98\" data-element_type=\"widget\" data-e-type=\"widget\" data-widget_type=\"heading.default\">\n\t\t\t\t<div class=\"elementor-widget-container\">\n\t\t\t\t\t<h3 class=\"elementor-heading-title elementor-size-default\">Aby uzyska\u0107 wi\u0119cej informacji, skorzystaj z tych \u0142\u0105czy<\/h3>\t\t\t\t<\/div>\n\t\t\t\t<\/div>\n\t\t\t\t<div class=\"elementor-element elementor-element-4eaf61a0 elementor-nav-menu--dropdown-none elementor-widget elementor-widget-nav-menu\" data-id=\"4eaf61a0\" data-element_type=\"widget\" data-e-type=\"widget\" data-settings=\"{&quot;layout&quot;:&quot;vertical&quot;,&quot;submenu_icon&quot;:{&quot;value&quot;:&quot;&lt;svg aria-hidden=\\&quot;true\\&quot; class=\\&quot;e-font-icon-svg e-fas-caret-down\\&quot; viewBox=\\&quot;0 0 320 512\\&quot; xmlns=\\&quot;http:\\\/\\\/www.w3.org\\\/2000\\\/svg\\&quot;&gt;&lt;path d=\\&quot;M31.3 192h257.3c17.8 0 26.7 21.5 14.1 34.1L174.1 354.8c-7.8 7.8-20.5 7.8-28.3 0L17.2 226.1C4.6 213.5 13.5 192 31.3 192z\\&quot;&gt;&lt;\\\/path&gt;&lt;\\\/svg&gt;&quot;,&quot;library&quot;:&quot;fa-solid&quot;}}\" data-widget_type=\"nav-menu.default\">\n\t\t\t\t<div class=\"elementor-widget-container\">\n\t\t\t\t\t\t\t\t<nav aria-label=\"Menu\" class=\"elementor-nav-menu--main elementor-nav-menu__container elementor-nav-menu--layout-vertical e--pointer-none\">\n\t\t\t\t<ul id=\"menu-1-4eaf61a0\" class=\"elementor-nav-menu sm-vertical\"><li class=\"menu-item menu-item-type-post_type menu-item-object-page menu-item-8474\"><a href=\"https:\/\/cancerfertilityandme.org.uk\/young-women\/about-this-project\/\" class=\"elementor-item\">O tym projekcie<\/a><\/li>\n<li class=\"menu-item menu-item-type-post_type menu-item-object-page menu-item-8477\"><a href=\"https:\/\/cancerfertilityandme.org.uk\/young-women\/about-this-project\/using-this-website\/\" class=\"elementor-item\">Korzystanie z tej strony internetowej<\/a><\/li>\n<li class=\"menu-item menu-item-type-post_type menu-item-object-page menu-item-8476\"><a href=\"https:\/\/cancerfertilityandme.org.uk\/young-women\/about-this-project\/linking-fertility-options\/\" class=\"elementor-item\">\u0141\u0105czenie opcji p\u0142odno\u015bci<\/a><\/li>\n<li class=\"menu-item menu-item-type-post_type menu-item-object-page menu-item-10564\"><a href=\"https:\/\/cancerfertilityandme.org.uk\/glossary\/\" class=\"elementor-item\">S\u0142owniczek<\/a><\/li>\n<\/ul>\t\t\t<\/nav>\n\t\t\t\t\t\t<nav class=\"elementor-nav-menu--dropdown elementor-nav-menu__container\" aria-hidden=\"true\">\n\t\t\t\t<ul id=\"menu-2-4eaf61a0\" class=\"elementor-nav-menu sm-vertical\"><li class=\"menu-item menu-item-type-post_type menu-item-object-page menu-item-8474\"><a href=\"https:\/\/cancerfertilityandme.org.uk\/young-women\/about-this-project\/\" class=\"elementor-item\" tabindex=\"-1\">O tym projekcie<\/a><\/li>\n<li class=\"menu-item menu-item-type-post_type menu-item-object-page menu-item-8477\"><a href=\"https:\/\/cancerfertilityandme.org.uk\/young-women\/about-this-project\/using-this-website\/\" class=\"elementor-item\" tabindex=\"-1\">Korzystanie z tej strony internetowej<\/a><\/li>\n<li class=\"menu-item menu-item-type-post_type menu-item-object-page menu-item-8476\"><a href=\"https:\/\/cancerfertilityandme.org.uk\/young-women\/about-this-project\/linking-fertility-options\/\" class=\"elementor-item\" tabindex=\"-1\">\u0141\u0105czenie opcji p\u0142odno\u015bci<\/a><\/li>\n<li class=\"menu-item menu-item-type-post_type menu-item-object-page menu-item-10564\"><a href=\"https:\/\/cancerfertilityandme.org.uk\/glossary\/\" class=\"elementor-item\" tabindex=\"-1\">S\u0142owniczek<\/a><\/li>\n<\/ul>\t\t\t<\/nav>\n\t\t\t\t\t\t<\/div>\n\t\t\t\t<\/div>\n\t\t\t\t<\/div>\n\t\t\t\t<\/div>\n\t\t\t\t\t<\/div>\n\t\t\t\t<\/main>\n\t\t\t\t<\/div>\n\t\t","protected":false},"excerpt":{"rendered":"<p>Informacje o poradniku internetowym \u2018Rak, p\u0142odno\u015b\u0107 i ja\u2019 Je\u015bli zdiagnozowano u Ciebie raka, mo\u017cesz mie\u0107 wiele obaw. Prawdopodobnie od momentu postawienia diagnozy b\u0119dziesz do\u015bwiadcza\u0107 ca\u0142ej gamy uczu\u0107 i emocji, a tak\u017ce b\u0119dziesz mie\u0107 wiele pyta\u0144. Leczenie nowotworowe mo\u017ce wp\u0142ywa\u0107 na p\u0142odno\u015b\u0107 oraz na szanse \u2026 zaj\u015bcia w ci\u0105\u017c\u0119 w przysz\u0142o\u015bci. Informacje te mog\u0105 by\u0107 dla [&hellip;]<\/p>\n","protected":false},"author":1,"featured_media":0,"parent":8127,"menu_order":0,"comment_status":"open","ping_status":"closed","template":"","meta":{"footnotes":""},"class_list":["post-8129","page","type-page","status-publish","hentry"],"_links":{"self":[{"href":"https:\/\/cancerfertilityandme.org.uk\/pl\/wp-json\/wp\/v2\/pages\/8129","targetHints":{"allow":["GET"]}}],"collection":[{"href":"https:\/\/cancerfertilityandme.org.uk\/pl\/wp-json\/wp\/v2\/pages"}],"about":[{"href":"https:\/\/cancerfertilityandme.org.uk\/pl\/wp-json\/wp\/v2\/types\/page"}],"author":[{"embeddable":true,"href":"https:\/\/cancerfertilityandme.org.uk\/pl\/wp-json\/wp\/v2\/users\/1"}],"replies":[{"embeddable":true,"href":"https:\/\/cancerfertilityandme.org.uk\/pl\/wp-json\/wp\/v2\/comments?post=8129"}],"version-history":[{"count":6,"href":"https:\/\/cancerfertilityandme.org.uk\/pl\/wp-json\/wp\/v2\/pages\/8129\/revisions"}],"predecessor-version":[{"id":11202,"href":"https:\/\/cancerfertilityandme.org.uk\/pl\/wp-json\/wp\/v2\/pages\/8129\/revisions\/11202"}],"up":[{"embeddable":true,"href":"https:\/\/cancerfertilityandme.org.uk\/pl\/wp-json\/wp\/v2\/pages\/8127"}],"wp:attachment":[{"href":"https:\/\/cancerfertilityandme.org.uk\/pl\/wp-json\/wp\/v2\/media?parent=8129"}],"curies":[{"name":"wp","href":"https:\/\/api.w.org\/{rel}","templated":true}]}}