{"id":7429,"date":"2025-06-27T10:39:47","date_gmt":"2025-06-27T10:39:47","guid":{"rendered":"https:\/\/cancerfertilityandme.org.uk\/dorosle-kobiety\/podejmowanie-decyzji-o-zachowaniu-plodnosci\/wazne-pytania-do-zespolu-opieki-onkologicznej-lub-lekarza-rodzinnego\/"},"modified":"2025-11-17T11:00:56","modified_gmt":"2025-11-17T11:00:56","slug":"wazne-pytania-do-zespolu-opieki-onkologicznej-lub-lekarza-rodzinnego","status":"publish","type":"page","link":"https:\/\/cancerfertilityandme.org.uk\/pl\/dorosle-kobiety\/podejmowanie-decyzji-o-zachowaniu-plodnosci\/wazne-pytania-do-zespolu-opieki-onkologicznej-lub-lekarza-rodzinnego\/","title":{"rendered":"Wa\u017cne pytania do zespo\u0142u opieki onkologicznej lub lekarza rodzinnego"},"content":{"rendered":"\t\t<div data-elementor-type=\"wp-page\" data-elementor-id=\"7429\" class=\"elementor elementor-7429 elementor-6756\" data-elementor-post-type=\"page\">\n\t\t\t\t<main class=\"elementor-element elementor-element-25ab11ed e-flex e-con-boxed e-con e-parent\" data-id=\"25ab11ed\" data-element_type=\"container\" data-e-type=\"container\">\n\t\t\t\t\t<div class=\"e-con-inner\">\n\t\t<div class=\"elementor-element elementor-element-34fcf3da e-con-full e-flex e-con e-child\" data-id=\"34fcf3da\" data-element_type=\"container\" data-e-type=\"container\">\n\t\t\t\t<div class=\"elementor-element elementor-element-6cc13a83 elementor-widget elementor-widget-text-editor\" data-id=\"6cc13a83\" data-element_type=\"widget\" data-e-type=\"widget\" data-widget_type=\"text-editor.default\">\n\t\t\t\t<div class=\"elementor-widget-container\">\n\t\t\t\t\t\t\t\t\t<h2>Wa\u017cne pytania do zespo\u0142u opieki onkologicznej lub lekarza rodzinnego<\/h2>\n<p><\/p>\n<h3>Poni\u017csze pytania mog\u0105 pom\u00f3c Pani w rozmowie z zespo\u0142em opieki onkologicznej lub lekarzem rodzinnym na temat antykoncepcji:<\/h3>\n<p><\/p>\n<ul>\n<li>Jaki \u015brodek antykoncepcyjny b\u0119dzie dla mnie najlepszy podczas leczenia raka?<\/li>\n\n<li>Jak d\u0142ugo b\u0119d\u0119 musia\u0142a stosowa\u0107 ten \u015brodek antykoncepcyjny?<\/li>\n\n<li>Czy w przypadku mojego typu nowotworu musz\u0119 stosowa\u0107 niehormonalne metody antykoncepcji?<\/li>\n\n<li>Je\u015bli nie mam miesi\u0105czki podczas leczenia raka, czy nadal powinnam stosowa\u0107 \u015brodki antykoncepcyjne?<\/li>\n\n<li>Czy niestosowanie antykoncepcji i zaj\u015bcie w ci\u0105\u017c\u0119 podczas leczenia raka b\u0119dzie mia\u0142o wp\u0142yw na mnie lub moje nienarodzone dziecko?<\/li>\n<\/ul>\n<p><\/p>\n<h3>Poni\u017csze pytania mog\u0105 pom\u00f3c Pani w rozmowie z zespo\u0142em opieki onkologicznej lub lekarzem rodzinnym na temat planowania rodziny po leczeniu raka:<\/h3>\n<p><\/p>\n<ul>\n<li>Sk\u0105d b\u0119d\u0119 wiedzie\u0107, czy jestem p\u0142odna po leczeniu raka?<\/li>\n\n<li>Po jakim czasie dowiem si\u0119, czy jestem p\u0142odna?<\/li>\n\n<li>Czy s\u0105 jakie\u015b testy, kt\u00f3re mog\u0119 wykona\u0107, aby sprawdzi\u0107, czy nadal jestem p\u0142odna po leczeniu raka?<\/li>\n\n<li>Czy przysz\u0142a ci\u0105\u017ca wp\u0142ynie na ryzyko nawrotu raka?<\/li>\n\n<li>Zak\u0142adaj\u0105c, \u017ce nadal mog\u0119 mie\u0107 dzieci, jak d\u0142ugo po leczeniu powinnam czeka\u0107?<\/li>\n\n<li>Je\u015bli zajd\u0119 w ci\u0105\u017c\u0119 po leczeniu raka, czy moje dziecko b\u0119dzie mia\u0142o zwi\u0119kszone ryzyko zachorowania na raka?<\/li>\n\n<li>Je\u015bli nie uda\u0142o mi si\u0119 zachowa\u0107 p\u0142odno\u015bci przed leczeniem, czy mam jeszcze jakie\u015b mo\u017cliwo\u015bci?<\/li>\n<\/ul>\n<p><\/p>\t\t\t\t\t\t\t\t<\/div>\n\t\t\t\t<\/div>\n\t\t\t\t<\/div>\n\t\t<div class=\"elementor-element elementor-element-6a1bb7bc e-con-full e-flex e-con e-child\" data-id=\"6a1bb7bc\" data-element_type=\"container\" data-e-type=\"container\">\n\t\t<div class=\"elementor-element elementor-element-1bd82185 e-con-full e-flex e-con e-child\" data-id=\"1bd82185\" data-element_type=\"container\" data-e-type=\"container\">\n\t\t\t\t<div class=\"elementor-element elementor-element-2d9f0ca8 elementor-widget elementor-widget-image\" data-id=\"2d9f0ca8\" data-element_type=\"widget\" data-e-type=\"widget\" data-widget_type=\"image.default\">\n\t\t\t\t<div class=\"elementor-widget-container\">\n\t\t\t\t\t\t\t\t\t\t\t\t\t\t\t\t<a href=\"http:\/\/.\/\">\n\t\t\t\t\t\t\t<img fetchpriority=\"high\" decoding=\"async\" width=\"400\" height=\"440\" src=\"https:\/\/cancerfertilityandme.org.uk\/wp-content\/uploads\/cancerfertilityandme-logo-column-adult-women.png\" class=\"attachment-full size-full wp-image-2283\" alt=\"\" srcset=\"https:\/\/cancerfertilityandme.org.uk\/wp-content\/uploads\/cancerfertilityandme-logo-column-adult-women.png 400w, https:\/\/cancerfertilityandme.org.uk\/wp-content\/uploads\/cancerfertilityandme-logo-column-adult-women-273x300.png 273w\" sizes=\"(max-width: 400px) 100vw, 400px\" \/>\t\t\t\t\t\t\t\t<\/a>\n\t\t\t\t\t\t\t\t\t\t\t\t\t\t\t<\/div>\n\t\t\t\t<\/div>\n\t\t\t\t<\/div>\n\t\t<div class=\"elementor-element elementor-element-574c7552 e-con-full e-flex e-con e-child\" data-id=\"574c7552\" data-element_type=\"container\" data-e-type=\"container\">\n\t\t\t\t<div class=\"elementor-element elementor-element-2a012a0e elementor-widget elementor-widget-heading\" data-id=\"2a012a0e\" data-element_type=\"widget\" data-e-type=\"widget\" data-widget_type=\"heading.default\">\n\t\t\t\t<div class=\"elementor-widget-container\">\n\t\t\t\t\t<h3 class=\"elementor-heading-title elementor-size-default\">Aby uzyska\u0107 wi\u0119cej informacji, skorzystaj z tych \u0142\u0105czy<\/h3>\t\t\t\t<\/div>\n\t\t\t\t<\/div>\n\t\t\t\t<div class=\"elementor-element elementor-element-36effc62 elementor-nav-menu--dropdown-none elementor-widget elementor-widget-nav-menu\" data-id=\"36effc62\" data-element_type=\"widget\" data-e-type=\"widget\" data-settings=\"{&quot;layout&quot;:&quot;vertical&quot;,&quot;submenu_icon&quot;:{&quot;value&quot;:&quot;&lt;svg aria-hidden=\\&quot;true\\&quot; class=\\&quot;e-font-icon-svg e-fas-caret-down\\&quot; viewBox=\\&quot;0 0 320 512\\&quot; xmlns=\\&quot;http:\\\/\\\/www.w3.org\\\/2000\\\/svg\\&quot;&gt;&lt;path d=\\&quot;M31.3 192h257.3c17.8 0 26.7 21.5 14.1 34.1L174.1 354.8c-7.8 7.8-20.5 7.8-28.3 0L17.2 226.1C4.6 213.5 13.5 192 31.3 192z\\&quot;&gt;&lt;\\\/path&gt;&lt;\\\/svg&gt;&quot;,&quot;library&quot;:&quot;fa-solid&quot;}}\" data-widget_type=\"nav-menu.default\">\n\t\t\t\t<div class=\"elementor-widget-container\">\n\t\t\t\t\t\t\t\t<nav aria-label=\"Menu\" class=\"elementor-nav-menu--main elementor-nav-menu__container elementor-nav-menu--layout-vertical e--pointer-none\">\n\t\t\t\t<ul id=\"menu-1-36effc62\" class=\"elementor-nav-menu sm-vertical\"><li class=\"menu-item menu-item-type-post_type menu-item-object-page menu-item-6971\"><a href=\"https:\/\/cancerfertilityandme.org.uk\/adult-women\/contraception-family-planning\/\" class=\"elementor-item\">Antykoncepcja i planowanie rodziny<\/a><\/li>\n<li class=\"menu-item menu-item-type-post_type menu-item-object-page menu-item-6972\"><a href=\"https:\/\/cancerfertilityandme.org.uk\/adult-women\/contraception-family-planning\/contraception-during-cancer-treatment\/\" class=\"elementor-item\">Antykoncepcja w trakcie leczenia raka<\/a><\/li>\n<li class=\"menu-item menu-item-type-post_type menu-item-object-page menu-item-6973\"><a href=\"https:\/\/cancerfertilityandme.org.uk\/adult-women\/contraception-family-planning\/family-planning-decisions-after-cancer-treatment\/\" class=\"elementor-item\">Decyzje dotycz\u0105ce planowania rodziny po leczeniu raka<\/a><\/li>\n<li class=\"menu-item menu-item-type-post_type menu-item-object-page menu-item-8692\"><a href=\"https:\/\/cancerfertilityandme.org.uk\/adult-women\/making-your-fertility-preservation-decision\/questions-to-ask-your-cancer-care-team-or-gp\/\" class=\"elementor-item\">Wa\u017cne pytania do zespo\u0142u opieki onkologicznej lub lekarza rodzinnego<\/a><\/li>\n<\/ul>\t\t\t<\/nav>\n\t\t\t\t\t\t<nav class=\"elementor-nav-menu--dropdown elementor-nav-menu__container\" aria-hidden=\"true\">\n\t\t\t\t<ul id=\"menu-2-36effc62\" class=\"elementor-nav-menu sm-vertical\"><li class=\"menu-item menu-item-type-post_type menu-item-object-page menu-item-6971\"><a href=\"https:\/\/cancerfertilityandme.org.uk\/adult-women\/contraception-family-planning\/\" class=\"elementor-item\" tabindex=\"-1\">Antykoncepcja i planowanie rodziny<\/a><\/li>\n<li class=\"menu-item menu-item-type-post_type menu-item-object-page menu-item-6972\"><a href=\"https:\/\/cancerfertilityandme.org.uk\/adult-women\/contraception-family-planning\/contraception-during-cancer-treatment\/\" class=\"elementor-item\" tabindex=\"-1\">Antykoncepcja w trakcie leczenia raka<\/a><\/li>\n<li class=\"menu-item menu-item-type-post_type menu-item-object-page menu-item-6973\"><a href=\"https:\/\/cancerfertilityandme.org.uk\/adult-women\/contraception-family-planning\/family-planning-decisions-after-cancer-treatment\/\" class=\"elementor-item\" tabindex=\"-1\">Decyzje dotycz\u0105ce planowania rodziny po leczeniu raka<\/a><\/li>\n<li class=\"menu-item menu-item-type-post_type menu-item-object-page menu-item-8692\"><a href=\"https:\/\/cancerfertilityandme.org.uk\/adult-women\/making-your-fertility-preservation-decision\/questions-to-ask-your-cancer-care-team-or-gp\/\" class=\"elementor-item\" tabindex=\"-1\">Wa\u017cne pytania do zespo\u0142u opieki onkologicznej lub lekarza rodzinnego<\/a><\/li>\n<\/ul>\t\t\t<\/nav>\n\t\t\t\t\t\t<\/div>\n\t\t\t\t<\/div>\n\t\t\t\t<\/div>\n\t\t\t\t<\/div>\n\t\t\t\t\t<\/div>\n\t\t\t\t<\/main>\n\t\t\t\t<\/div>\n\t\t","protected":false},"excerpt":{"rendered":"<p>Wa\u017cne pytania do zespo\u0142u opieki onkologicznej lub lekarza rodzinnego Poni\u017csze pytania mog\u0105 pom\u00f3c Pani w rozmowie z zespo\u0142em opieki onkologicznej lub lekarzem rodzinnym na temat antykoncepcji: Jaki \u015brodek antykoncepcyjny b\u0119dzie dla mnie najlepszy podczas leczenia raka? Jak d\u0142ugo b\u0119d\u0119 musia\u0142a stosowa\u0107 ten \u015brodek antykoncepcyjny? Czy w przypadku mojego typu nowotworu musz\u0119 stosowa\u0107 niehormonalne metody antykoncepcji? [&hellip;]<\/p>\n","protected":false},"author":1,"featured_media":0,"parent":6324,"menu_order":0,"comment_status":"closed","ping_status":"closed","template":"","meta":{"footnotes":""},"class_list":["post-7429","page","type-page","status-publish","hentry"],"_links":{"self":[{"href":"https:\/\/cancerfertilityandme.org.uk\/pl\/wp-json\/wp\/v2\/pages\/7429","targetHints":{"allow":["GET"]}}],"collection":[{"href":"https:\/\/cancerfertilityandme.org.uk\/pl\/wp-json\/wp\/v2\/pages"}],"about":[{"href":"https:\/\/cancerfertilityandme.org.uk\/pl\/wp-json\/wp\/v2\/types\/page"}],"author":[{"embeddable":true,"href":"https:\/\/cancerfertilityandme.org.uk\/pl\/wp-json\/wp\/v2\/users\/1"}],"replies":[{"embeddable":true,"href":"https:\/\/cancerfertilityandme.org.uk\/pl\/wp-json\/wp\/v2\/comments?post=7429"}],"version-history":[{"count":3,"href":"https:\/\/cancerfertilityandme.org.uk\/pl\/wp-json\/wp\/v2\/pages\/7429\/revisions"}],"predecessor-version":[{"id":9555,"href":"https:\/\/cancerfertilityandme.org.uk\/pl\/wp-json\/wp\/v2\/pages\/7429\/revisions\/9555"}],"up":[{"embeddable":true,"href":"https:\/\/cancerfertilityandme.org.uk\/pl\/wp-json\/wp\/v2\/pages\/6324"}],"wp:attachment":[{"href":"https:\/\/cancerfertilityandme.org.uk\/pl\/wp-json\/wp\/v2\/media?parent=7429"}],"curies":[{"name":"wp","href":"https:\/\/api.w.org\/{rel}","templated":true}]}}