{"id":6357,"date":"2023-08-07T09:35:20","date_gmt":"2023-08-07T09:35:20","guid":{"rendered":"https:\/\/cancerfertilityandme.org.uk\/cfm-dla-mlodych-mezczyzn\/"},"modified":"2026-04-17T09:28:51","modified_gmt":"2026-04-17T09:28:51","slug":"mlodych-mezczyzn","status":"publish","type":"page","link":"https:\/\/cancerfertilityandme.org.uk\/pl\/mlodych-mezczyzn\/","title":{"rendered":"M\u0142odych m\u0119\u017cczyzn"},"content":{"rendered":"\t\t<div data-elementor-type=\"wp-page\" data-elementor-id=\"6357\" class=\"elementor elementor-6357 elementor-5796\" data-elementor-post-type=\"page\">\n\t\t\t\t<main class=\"elementor-element elementor-element-3bf7f288 e-flex e-con-boxed e-con e-parent\" data-id=\"3bf7f288\" data-element_type=\"container\" data-e-type=\"container\">\n\t\t\t\t\t<div class=\"e-con-inner\">\n\t\t<div class=\"elementor-element elementor-element-6392bca1 e-con-full e-flex e-con e-child\" data-id=\"6392bca1\" data-element_type=\"container\" data-e-type=\"container\">\n\t\t<div class=\"elementor-element elementor-element-b57b0c5 e-con-full e-flex e-con e-child\" data-id=\"b57b0c5\" data-element_type=\"container\" data-e-type=\"container\">\n\t\t\t\t<div class=\"elementor-element elementor-element-2d9d5ae elementor-widget elementor-widget-text-editor\" data-id=\"2d9d5ae\" data-element_type=\"widget\" data-e-type=\"widget\" data-widget_type=\"text-editor.default\">\n\t\t\t\t<div class=\"elementor-widget-container\">\n\t\t\t\t\t\t\t\t\t<p>Ten przewodnik jest nadal w trakcie tworzenia.<\/p><p>Je\u015bli chcesz zosta\u0107 powiadomiony, gdy b\u0119dzie dost\u0119pny, <a href=\"\/contact\">skontaktuj si\u0119 z nami<\/a>.<\/p>\t\t\t\t\t\t\t\t<\/div>\n\t\t\t\t<\/div>\n\t\t\t\t<\/div>\n\t\t<div class=\"elementor-element elementor-element-2358427 e-con-full e-flex e-con e-child\" data-id=\"2358427\" data-element_type=\"container\" data-e-type=\"container\">\n\t\t\t\t<div class=\"elementor-element elementor-element-708bf202 elementor-widget elementor-widget-image\" data-id=\"708bf202\" data-element_type=\"widget\" data-e-type=\"widget\" data-widget_type=\"image.default\">\n\t\t\t\t<div class=\"elementor-widget-container\">\n\t\t\t\t\t\t\t\t\t\t\t\t\t\t\t\t<a href=\"http:\/\/.\/\">\n\t\t\t\t\t\t\t<img fetchpriority=\"high\" decoding=\"async\" width=\"400\" height=\"440\" src=\"https:\/\/cancerfertilityandme.org.uk\/wp-content\/uploads\/cancerfertilityandme-logo-column-young-men.png\" class=\"attachment-full size-full wp-image-2299\" alt=\"\" srcset=\"https:\/\/cancerfertilityandme.org.uk\/wp-content\/uploads\/cancerfertilityandme-logo-column-young-men.png 400w, https:\/\/cancerfertilityandme.org.uk\/wp-content\/uploads\/cancerfertilityandme-logo-column-young-men-273x300.png 273w\" sizes=\"(max-width: 400px) 100vw, 400px\" \/>\t\t\t\t\t\t\t\t<\/a>\n\t\t\t\t\t\t\t\t\t\t\t\t\t\t\t<\/div>\n\t\t\t\t<\/div>\n\t\t\t\t<\/div>\n\t\t\t\t<\/div>\n\t\t\t\t\t<\/div>\n\t\t\t\t<\/main>\n\t\t\t\t<\/div>\n\t\t","protected":false},"excerpt":{"rendered":"<p>Ten przewodnik jest nadal w trakcie tworzenia. Je\u015bli chcesz zosta\u0107 powiadomiony, gdy b\u0119dzie dost\u0119pny, skontaktuj si\u0119 z nami.<\/p>\n","protected":false},"author":1,"featured_media":0,"parent":0,"menu_order":0,"comment_status":"closed","ping_status":"closed","template":"","meta":{"footnotes":""},"class_list":["post-6357","page","type-page","status-publish","hentry"],"_links":{"self":[{"href":"https:\/\/cancerfertilityandme.org.uk\/pl\/wp-json\/wp\/v2\/pages\/6357","targetHints":{"allow":["GET"]}}],"collection":[{"href":"https:\/\/cancerfertilityandme.org.uk\/pl\/wp-json\/wp\/v2\/pages"}],"about":[{"href":"https:\/\/cancerfertilityandme.org.uk\/pl\/wp-json\/wp\/v2\/types\/page"}],"author":[{"embeddable":true,"href":"https:\/\/cancerfertilityandme.org.uk\/pl\/wp-json\/wp\/v2\/users\/1"}],"replies":[{"embeddable":true,"href":"https:\/\/cancerfertilityandme.org.uk\/pl\/wp-json\/wp\/v2\/comments?post=6357"}],"version-history":[{"count":9,"href":"https:\/\/cancerfertilityandme.org.uk\/pl\/wp-json\/wp\/v2\/pages\/6357\/revisions"}],"predecessor-version":[{"id":12489,"href":"https:\/\/cancerfertilityandme.org.uk\/pl\/wp-json\/wp\/v2\/pages\/6357\/revisions\/12489"}],"wp:attachment":[{"href":"https:\/\/cancerfertilityandme.org.uk\/pl\/wp-json\/wp\/v2\/media?parent=6357"}],"curies":[{"name":"wp","href":"https:\/\/api.w.org\/{rel}","templated":true}]}}