{"id":6348,"date":"2018-12-10T07:26:29","date_gmt":"2018-12-10T07:26:29","guid":{"rendered":"https:\/\/cancerfertilityandme.org.uk\/zespol\/"},"modified":"2026-03-27T15:10:37","modified_gmt":"2026-03-27T15:10:37","slug":"zespol","status":"publish","type":"page","link":"https:\/\/cancerfertilityandme.org.uk\/pl\/dorosle-kobiety\/zespol\/","title":{"rendered":"Zesp\u00f3\u0142 CFM"},"content":{"rendered":"\t\t<div data-elementor-type=\"wp-page\" data-elementor-id=\"6348\" class=\"elementor elementor-6348 elementor-5601\" data-elementor-post-type=\"page\">\n\t\t\t\t<main class=\"elementor-element elementor-element-358bef46 e-flex e-con-boxed e-con e-parent\" data-id=\"358bef46\" data-element_type=\"container\" data-e-type=\"container\">\n\t\t\t\t\t<div class=\"e-con-inner\">\n\t\t<div class=\"elementor-element elementor-element-34571c01 e-con-full e-flex e-con e-child\" data-id=\"34571c01\" data-element_type=\"container\" data-e-type=\"container\">\n\t\t\t\t<div class=\"elementor-element elementor-element-eb4d3a6 elementor-widget elementor-widget-text-editor\" data-id=\"eb4d3a6\" data-element_type=\"widget\" data-e-type=\"widget\" data-widget_type=\"text-editor.default\">\n\t\t\t\t<div class=\"elementor-widget-container\">\n\t\t\t\t\t\t\t\t\t<h2>O zespole Rak, P\u0142odno\u015b\u0107 i Ja<\/h2><p>Kobiety chore na raka poprosi\u0142y o informacje, kt\u00f3re pomog\u0105 im zastanowi\u0107 si\u0119 nad metodami leczenia w kontek\u015bcie zachowania p\u0142odno\u015bci, oraz przygotuj\u0105 je do rozmowy z zespo\u0142em opieki onkologicznej i zespo\u0142em opieki nad p\u0142odno\u015bci\u0105, partnerem, rodzin\u0105 i przyjaci\u00f3\u0142mi na temat zachowania p\u0142odno\u015bci przed rozpocz\u0119ciem leczenia raka.<\/p><p>Ta strona internetowa zosta\u0142a napisana przez zesp\u00f3\u0142 Cancer, Fertility and Me (CFM), aby pom\u00f3c kobietom chorym na raka w podejmowaniu decyzji dotycz\u0105cych zachowania p\u0142odno\u015bci przed rozpocz\u0119ciem leczenia raka.<\/p><p>W sk\u0142ad zespo\u0142u CFM wchodz\u0105 psychologowie, naukowcy zajmuj\u0105cy si\u0119 podejmowaniem decyzji, badacze, lekarze zajmuj\u0105cy si\u0119 nowotworami u dzieci i doros\u0142ych oraz p\u0142odno\u015bci\u0105, specjalistyczne piel\u0119gniarki, partnerzy pacjent\u00f3w oraz lokalni i krajowi wsp\u00f3\u0142pracownicy organizacji charytatywnych.<\/p><p>Mamy nadziej\u0119, \u017ce ta strona internetowa pomo\u017ce Pani uzyska\u0107 informacje o tym, jakie opcje s\u0105 dost\u0119pne i pomo\u017ce podj\u0105\u0107 najlepsz\u0105 dla Pani decyzj\u0119.<\/p><p>Zesp\u00f3\u0142 badawczy CFM wyra\u017ca wdzi\u0119czno\u015b\u0107 wszystkim pacjentom, grupom u\u017cytkownik\u00f3w i pracownikom s\u0142u\u017cby zdrowia, kt\u00f3rzy po\u015bwi\u0119cili sw\u00f3j czas i wiedz\u0119, aby wesprze\u0107 rozw\u00f3j tej strony internetowej.<\/p><h3>Cz\u0142onkami zespo\u0142u badawczego CFM s\u0105:<\/h3><p><strong>Professor Georgina Jones,<\/strong> Professor of Health Psychology (Leeds Beckett University)<\/p><p><strong>Professor Richard Anderson,<\/strong> Professor of Clinical Reproductive Science (University of Edinburgh)<\/p><p><strong>Dr Ellissa Baskind,<\/strong> Sub-Specialty Trainee Registrar in Reproductive Medicine (Leeds Teaching Hospitals)<\/p><p><strong>Professor Hilary Bekker,<\/strong> Professor of Medical Decision Making (University of Leeds)<\/p><p><strong>Grete Brauten-Smith,<\/strong> Clinical Nurse Specialist Younger Women (Breast Cancer Care)<\/p><p><strong>Tonia Campbell,<\/strong> Cancer Patient and Lay Advocate<\/p><p><strong>Professor Karen Collins<\/strong>, Professor of Health Services Research (Sheffield Hallam University)<\/p><p><strong>Dr Frances Darby &#8211;<\/strong> Registered Nurse and Research Assistant, Leeds Beckett University<\/p><p><strong>Jacqui Gath,<\/strong> Cancer Patient and Lay Advocate<\/p><p><strong>Professor Diana Greenfield,<\/strong> Macmillan Consultant Nurse in Late Effects (Sheffield Teaching Hospitals) and Professor in Cancer Survivorship (University of Sheffield)<\/p><p><strong>Jane Hughes,<\/strong> Research Associate (Leeds Beckett University)<\/p><p><strong>Dr Richard Jacques<\/strong>, Post-Doctoral Research Associate in Medical Statistics (University of Sheffield)<\/p><p><strong>Samantha Kennedy<\/strong> (Director of Weston Park Charity)<\/p><p><strong>Dr Sheila Lane,<\/strong> Consultant Paediatric Oncologist (University of Oxford)<\/p><p><strong>Dr Neda Mahmoodi,<\/strong> Senior Lecturer in Psychology and Research Fellow (Leeds Beckett University)<\/p><p><strong>Dr Mariano Mascarenhas,<\/strong> Clinical Fellow, Leeds Fertility, Seacroft Hospital, Leeds Teaching Hospitals NHS Trust<\/p><p><strong>Dr Rachael Moss \u2013<\/strong> Research Assistant, Leeds Beckett University<\/p><p><strong>Dr Bob Phillips,<\/strong> Senior Clinical Academic and Honorary Consultant Paediatric Oncologist (University of York and Leeds Children\u2019s Hospital)<\/p><p><strong>Dr Jonathan Skull,<\/strong> Consultant in Reproductive Medicine and Surgery (Sheffield Teaching Hospitals)<\/p><p><strong>Professor John Snowden,<\/strong> Consultant Haematologist (Sheffield Teaching Hospitals)<\/p><p><strong>Dr Dan Stark,<\/strong> Senior Lecturer in Cancer Medicine (University of Leeds) and Honorary Consultant in Medical Oncology (Leeds Teaching Hospitals)<\/p><p><strong>Professor Galina Velikova,<\/strong> Consultant Medical Oncologist (Leeds Teaching Hospitals, University of Leeds)<\/p><p><strong>Katharina Vogt &#8211;<\/strong> Research Assistant, Leeds Beckett University<\/p><p><strong>Ali Walker<\/strong> (Independent Cancer Patient Voices)<\/p><p><strong>Dr Dan Yeomanson,<\/strong> Consultant Paediatric Oncologist (Sheffield Children\u2019s Hospital)<\/p><hr><p>Aby uzyska\u0107 pe\u0142n\u0105 list\u0119 dowod\u00f3w, kt\u00f3re wykorzystali\u015bmy do zbadania i opracowania tej strony internetowej oraz poziom\u00f3w czytelno\u015bci, prosz\u0119 przej\u015b\u0107 do:<\/p><p><a href=\"https:\/\/www.leedsbeckett.ac.uk\/cancerfertilityandme\" target=\"_blank\" rel=\"noopener noreferrer\">www.leedsbeckett.ac.uk\/cancerfertilityandme<\/a><\/p>\t\t\t\t\t\t\t\t<\/div>\n\t\t\t\t<\/div>\n\t\t<div class=\"elementor-element elementor-element-3954ff0a e-con-full e-flex e-con e-child\" data-id=\"3954ff0a\" data-element_type=\"container\" data-e-type=\"container\" data-settings=\"{&quot;background_background&quot;:&quot;classic&quot;}\">\n\t\t\t\t<div class=\"elementor-element elementor-element-269c8d0e elementor-widget elementor-widget-text-editor\" data-id=\"269c8d0e\" data-element_type=\"widget\" data-e-type=\"widget\" data-widget_type=\"text-editor.default\">\n\t\t\t\t<div class=\"elementor-widget-container\">\n\t\t\t\t\t\t\t\t\t<p><strong>Polityka aktualizacji<\/strong><\/p>\n<p>Opracowanie tego zasobu zosta\u0142o sfinansowane przez Yorkshire Cancer Research. Cz\u0142onkowie zespo\u0142u badawczego CFM nie odnosz\u0105 \u017cadnych korzy\u015bci ani strat w zwi\u0105zku z korzystaniem z tego zasobu. <\/p>\n<p>Do\u0142o\u017cono wszelkich stara\u0144, aby niniejsze \u017ar\u00f3d\u0142o zawiera\u0142o aktualne i dok\u0142adne informacje w dniu publikacji (lipiec 2020 r.). Zesp\u00f3\u0142 CFM b\u0119dzie dba\u0142 i weryfikowa\u0142 pojawiaj\u0105ce si\u0119 nowinki, aby zapewni\u0107 dok\u0142adno\u015b\u0107 prezentowanych tutaj informacji. Zesp\u00f3\u0142 CFM b\u0119dzie aktualizowa\u0142 zasoby co roku, chyba \u017ce pojawi\u0105 si\u0119 nowe dane uzasadniaj\u0105ce wcze\u015bniejsz\u0105 aktualizacj\u0119.<br>   <\/p>\t\t\t\t\t\t\t\t<\/div>\n\t\t\t\t<\/div>\n\t\t\t\t<\/div>\n\t\t\t\t<\/div>\n\t\t<div class=\"elementor-element elementor-element-73455dcf e-con-full e-flex e-con e-child\" data-id=\"73455dcf\" data-element_type=\"container\" data-e-type=\"container\">\n\t\t<div class=\"elementor-element elementor-element-129fc67 e-con-full e-flex e-con e-child\" data-id=\"129fc67\" data-element_type=\"container\" data-e-type=\"container\">\n\t\t\t\t<div class=\"elementor-element elementor-element-2d3ec6e2 elementor-widget elementor-widget-heading\" data-id=\"2d3ec6e2\" data-element_type=\"widget\" data-e-type=\"widget\" data-widget_type=\"heading.default\">\n\t\t\t\t<div class=\"elementor-widget-container\">\n\t\t\t\t\t<h3 class=\"elementor-heading-title elementor-size-default\">Aby uzyska\u0107 wi\u0119cej informacji, skorzystaj z tych \u0142\u0105czy<\/h3>\t\t\t\t<\/div>\n\t\t\t\t<\/div>\n\t\t\t\t<\/div>\n\t\t<div class=\"elementor-element elementor-element-f965c40 e-con-full e-flex e-con e-child\" data-id=\"f965c40\" data-element_type=\"container\" data-e-type=\"container\">\n\t\t<a class=\"elementor-element elementor-element-5be469b2 e-con-full e-transform e-flex elementor-invisible e-con e-child\" data-id=\"5be469b2\" data-element_type=\"container\" data-e-type=\"container\" data-settings=\"{&quot;background_background&quot;:&quot;classic&quot;,&quot;animation&quot;:&quot;slideInRight&quot;,&quot;animation_delay&quot;:400,&quot;_transform_translateY_effect_hover&quot;:{&quot;unit&quot;:&quot;px&quot;,&quot;size&quot;:0,&quot;sizes&quot;:[]},&quot;_transform_translateX_effect_hover&quot;:{&quot;unit&quot;:&quot;px&quot;,&quot;size&quot;:10,&quot;sizes&quot;:[]},&quot;_transform_translateX_effect_hover_tablet&quot;:{&quot;unit&quot;:&quot;px&quot;,&quot;size&quot;:&quot;&quot;,&quot;sizes&quot;:[]},&quot;_transform_translateX_effect_hover_mobile&quot;:{&quot;unit&quot;:&quot;px&quot;,&quot;size&quot;:&quot;&quot;,&quot;sizes&quot;:[]},&quot;_transform_translateY_effect_hover_tablet&quot;:{&quot;unit&quot;:&quot;px&quot;,&quot;size&quot;:&quot;&quot;,&quot;sizes&quot;:[]},&quot;_transform_translateY_effect_hover_mobile&quot;:{&quot;unit&quot;:&quot;px&quot;,&quot;size&quot;:&quot;&quot;,&quot;sizes&quot;:[]}}\" href=\"https:\/\/cancerfertilityandme.org.uk\/pl\/dorosle-kobiety\/\">\n\t\t<div class=\"elementor-element elementor-element-5ea5bb46 e-con-full e-flex e-con e-child\" data-id=\"5ea5bb46\" data-element_type=\"container\" data-e-type=\"container\">\n\t\t\t\t<div class=\"elementor-element elementor-element-69889765 elementor-widget elementor-widget-image\" data-id=\"69889765\" data-element_type=\"widget\" data-e-type=\"widget\" data-widget_type=\"image.default\">\n\t\t\t\t<div class=\"elementor-widget-container\">\n\t\t\t\t\t\t\t\t\t\t\t\t\t\t\t<img fetchpriority=\"high\" decoding=\"async\" width=\"400\" height=\"440\" src=\"https:\/\/cancerfertilityandme.org.uk\/wp-content\/uploads\/cancerfertilityandme-logo-column-adult-women.png\" class=\"attachment-full size-full wp-image-2283\" alt=\"\" srcset=\"https:\/\/cancerfertilityandme.org.uk\/wp-content\/uploads\/cancerfertilityandme-logo-column-adult-women.png 400w, https:\/\/cancerfertilityandme.org.uk\/wp-content\/uploads\/cancerfertilityandme-logo-column-adult-women-273x300.png 273w\" sizes=\"(max-width: 400px) 100vw, 400px\" \/>\t\t\t\t\t\t\t\t\t\t\t\t\t\t\t<\/div>\n\t\t\t\t<\/div>\n\t\t\t\t<\/div>\n\t\t<div class=\"elementor-element elementor-element-1c9d5361 e-con-full e-flex e-con e-child\" data-id=\"1c9d5361\" data-element_type=\"container\" data-e-type=\"container\">\n\t\t\t\t<div class=\"elementor-element elementor-element-11c641dd elementor-widget elementor-widget-heading\" data-id=\"11c641dd\" data-element_type=\"widget\" data-e-type=\"widget\" data-widget_type=\"heading.default\">\n\t\t\t\t<div class=\"elementor-widget-container\">\n\t\t\t\t\t<h2 class=\"elementor-heading-title elementor-size-default\">Doros\u0142ych kobiet<\/h2>\t\t\t\t<\/div>\n\t\t\t\t<\/div>\n\t\t\t\t<\/div>\n\t\t\t\t<\/a>\n\t\t<a class=\"elementor-element elementor-element-133c5471 e-con-full e-transform e-flex elementor-invisible e-con e-child\" data-id=\"133c5471\" data-element_type=\"container\" data-e-type=\"container\" data-settings=\"{&quot;background_background&quot;:&quot;classic&quot;,&quot;animation&quot;:&quot;slideInRight&quot;,&quot;animation_delay&quot;:600,&quot;_transform_translateY_effect_hover&quot;:{&quot;unit&quot;:&quot;px&quot;,&quot;size&quot;:0,&quot;sizes&quot;:[]},&quot;_transform_translateX_effect_hover&quot;:{&quot;unit&quot;:&quot;px&quot;,&quot;size&quot;:20,&quot;sizes&quot;:[]},&quot;_transform_translateX_effect_hover_tablet&quot;:{&quot;unit&quot;:&quot;px&quot;,&quot;size&quot;:&quot;&quot;,&quot;sizes&quot;:[]},&quot;_transform_translateX_effect_hover_mobile&quot;:{&quot;unit&quot;:&quot;px&quot;,&quot;size&quot;:&quot;&quot;,&quot;sizes&quot;:[]},&quot;_transform_translateY_effect_hover_tablet&quot;:{&quot;unit&quot;:&quot;px&quot;,&quot;size&quot;:&quot;&quot;,&quot;sizes&quot;:[]},&quot;_transform_translateY_effect_hover_mobile&quot;:{&quot;unit&quot;:&quot;px&quot;,&quot;size&quot;:&quot;&quot;,&quot;sizes&quot;:[]}}\" href=\"https:\/\/cancerfertilityandme.org.uk\/pl\/home\/\">\n\t\t<div class=\"elementor-element elementor-element-555cde79 e-con-full e-flex e-con e-child\" data-id=\"555cde79\" data-element_type=\"container\" data-e-type=\"container\">\n\t\t\t\t<div class=\"elementor-element elementor-element-4ac3249f elementor-widget elementor-widget-image\" data-id=\"4ac3249f\" data-element_type=\"widget\" data-e-type=\"widget\" data-widget_type=\"image.default\">\n\t\t\t\t<div class=\"elementor-widget-container\">\n\t\t\t\t\t\t\t\t\t\t\t\t\t\t\t<img decoding=\"async\" width=\"400\" height=\"440\" src=\"https:\/\/cancerfertilityandme.org.uk\/wp-content\/uploads\/cancerfertilityandme-logo-column-young-women.png\" class=\"attachment-full size-full wp-image-2291\" alt=\"\" srcset=\"https:\/\/cancerfertilityandme.org.uk\/wp-content\/uploads\/cancerfertilityandme-logo-column-young-women.png 400w, https:\/\/cancerfertilityandme.org.uk\/wp-content\/uploads\/cancerfertilityandme-logo-column-young-women-273x300.png 273w\" sizes=\"(max-width: 400px) 100vw, 400px\" \/>\t\t\t\t\t\t\t\t\t\t\t\t\t\t\t<\/div>\n\t\t\t\t<\/div>\n\t\t\t\t<\/div>\n\t\t<div class=\"elementor-element elementor-element-631503b7 e-con-full e-flex e-con e-child\" data-id=\"631503b7\" data-element_type=\"container\" data-e-type=\"container\">\n\t\t\t\t<div class=\"elementor-element elementor-element-4a5e3a2f elementor-widget elementor-widget-heading\" data-id=\"4a5e3a2f\" data-element_type=\"widget\" data-e-type=\"widget\" data-widget_type=\"heading.default\">\n\t\t\t\t<div class=\"elementor-widget-container\">\n\t\t\t\t\t<h2 class=\"elementor-heading-title elementor-size-default\">M\u0142ode kobiety<\/h2>\t\t\t\t<\/div>\n\t\t\t\t<\/div>\n\t\t\t\t<\/div>\n\t\t\t\t<\/a>\n\t\t<a class=\"elementor-element elementor-element-5fff7879 e-con-full e-transform e-flex elementor-invisible e-con e-child\" data-id=\"5fff7879\" data-element_type=\"container\" data-e-type=\"container\" data-settings=\"{&quot;background_background&quot;:&quot;classic&quot;,&quot;animation&quot;:&quot;slideInRight&quot;,&quot;animation_delay&quot;:800,&quot;_transform_translateY_effect_hover&quot;:{&quot;unit&quot;:&quot;px&quot;,&quot;size&quot;:0,&quot;sizes&quot;:[]},&quot;_transform_translateX_effect_hover&quot;:{&quot;unit&quot;:&quot;px&quot;,&quot;size&quot;:20,&quot;sizes&quot;:[]},&quot;_transform_translateX_effect_hover_tablet&quot;:{&quot;unit&quot;:&quot;px&quot;,&quot;size&quot;:&quot;&quot;,&quot;sizes&quot;:[]},&quot;_transform_translateX_effect_hover_mobile&quot;:{&quot;unit&quot;:&quot;px&quot;,&quot;size&quot;:&quot;&quot;,&quot;sizes&quot;:[]},&quot;_transform_translateY_effect_hover_tablet&quot;:{&quot;unit&quot;:&quot;px&quot;,&quot;size&quot;:&quot;&quot;,&quot;sizes&quot;:[]},&quot;_transform_translateY_effect_hover_mobile&quot;:{&quot;unit&quot;:&quot;px&quot;,&quot;size&quot;:&quot;&quot;,&quot;sizes&quot;:[]}}\" href=\"https:\/\/cancerfertilityandme.org.uk\/pl\/cfm-dla-mlodych-mezczyzn\/\">\n\t\t<div class=\"elementor-element elementor-element-404027be e-con-full e-flex e-con e-child\" data-id=\"404027be\" data-element_type=\"container\" data-e-type=\"container\">\n\t\t\t\t<div class=\"elementor-element elementor-element-60a0b36a elementor-widget elementor-widget-image\" data-id=\"60a0b36a\" data-element_type=\"widget\" data-e-type=\"widget\" data-widget_type=\"image.default\">\n\t\t\t\t<div class=\"elementor-widget-container\">\n\t\t\t\t\t\t\t\t\t\t\t\t\t\t\t<img decoding=\"async\" width=\"400\" height=\"440\" src=\"https:\/\/cancerfertilityandme.org.uk\/wp-content\/uploads\/cancerfertilityandme-logo-column-young-men.png\" class=\"attachment-full size-full wp-image-2299\" alt=\"\" srcset=\"https:\/\/cancerfertilityandme.org.uk\/wp-content\/uploads\/cancerfertilityandme-logo-column-young-men.png 400w, https:\/\/cancerfertilityandme.org.uk\/wp-content\/uploads\/cancerfertilityandme-logo-column-young-men-273x300.png 273w\" sizes=\"(max-width: 400px) 100vw, 400px\" \/>\t\t\t\t\t\t\t\t\t\t\t\t\t\t\t<\/div>\n\t\t\t\t<\/div>\n\t\t\t\t<\/div>\n\t\t<div class=\"elementor-element elementor-element-1c007725 e-con-full e-flex e-con e-child\" data-id=\"1c007725\" data-element_type=\"container\" data-e-type=\"container\">\n\t\t\t\t<div class=\"elementor-element elementor-element-42875cdc elementor-widget elementor-widget-heading\" data-id=\"42875cdc\" data-element_type=\"widget\" data-e-type=\"widget\" data-widget_type=\"heading.default\">\n\t\t\t\t<div class=\"elementor-widget-container\">\n\t\t\t\t\t<h2 class=\"elementor-heading-title elementor-size-default\">M\u0142odych m\u0119\u017cczyzn<\/h2>\t\t\t\t<\/div>\n\t\t\t\t<\/div>\n\t\t\t\t<\/div>\n\t\t\t\t<\/a>\n\t\t\t\t<\/div>\n\t\t\t\t<\/div>\n\t\t\t\t\t<\/div>\n\t\t\t\t<\/main>\n\t\t\t\t<\/div>\n\t\t","protected":false},"excerpt":{"rendered":"<p>O zespole Rak, P\u0142odno\u015b\u0107 i Ja Kobiety chore na raka poprosi\u0142y o informacje, kt\u00f3re pomog\u0105 im zastanowi\u0107 si\u0119 nad metodami leczenia w kontek\u015bcie zachowania p\u0142odno\u015bci, oraz przygotuj\u0105 je do rozmowy z zespo\u0142em opieki onkologicznej i zespo\u0142em opieki nad p\u0142odno\u015bci\u0105, partnerem, rodzin\u0105 i przyjaci\u00f3\u0142mi na temat zachowania p\u0142odno\u015bci przed rozpocz\u0119ciem leczenia raka. Ta strona internetowa zosta\u0142a [&hellip;]<\/p>\n","protected":false},"author":1,"featured_media":0,"parent":6764,"menu_order":0,"comment_status":"closed","ping_status":"closed","template":"","meta":{"footnotes":""},"class_list":["post-6348","page","type-page","status-publish","hentry"],"_links":{"self":[{"href":"https:\/\/cancerfertilityandme.org.uk\/pl\/wp-json\/wp\/v2\/pages\/6348","targetHints":{"allow":["GET"]}}],"collection":[{"href":"https:\/\/cancerfertilityandme.org.uk\/pl\/wp-json\/wp\/v2\/pages"}],"about":[{"href":"https:\/\/cancerfertilityandme.org.uk\/pl\/wp-json\/wp\/v2\/types\/page"}],"author":[{"embeddable":true,"href":"https:\/\/cancerfertilityandme.org.uk\/pl\/wp-json\/wp\/v2\/users\/1"}],"replies":[{"embeddable":true,"href":"https:\/\/cancerfertilityandme.org.uk\/pl\/wp-json\/wp\/v2\/comments?post=6348"}],"version-history":[{"count":8,"href":"https:\/\/cancerfertilityandme.org.uk\/pl\/wp-json\/wp\/v2\/pages\/6348\/revisions"}],"predecessor-version":[{"id":12601,"href":"https:\/\/cancerfertilityandme.org.uk\/pl\/wp-json\/wp\/v2\/pages\/6348\/revisions\/12601"}],"up":[{"embeddable":true,"href":"https:\/\/cancerfertilityandme.org.uk\/pl\/wp-json\/wp\/v2\/pages\/6764"}],"wp:attachment":[{"href":"https:\/\/cancerfertilityandme.org.uk\/pl\/wp-json\/wp\/v2\/media?parent=6348"}],"curies":[{"name":"wp","href":"https:\/\/api.w.org\/{rel}","templated":true}]}}