{"id":6344,"date":"2018-11-07T09:42:59","date_gmt":"2018-11-07T09:42:59","guid":{"rendered":"https:\/\/cancerfertilityandme.org.uk\/rozmowy-na-temat-decyzji-o-zachowaniu-plodnosci\/"},"modified":"2025-11-17T11:01:05","modified_gmt":"2025-11-17T11:01:05","slug":"rozmowy-na-temat-decyzji-o-zachowaniu-plodnosci","status":"publish","type":"page","link":"https:\/\/cancerfertilityandme.org.uk\/pl\/dorosle-kobiety\/podejmowanie-decyzji-o-zachowaniu-plodnosci\/rozmowy-na-temat-decyzji-o-zachowaniu-plodnosci\/","title":{"rendered":"Rozmowy na temat decyzji o zachowaniu p\u0142odno\u015bci"},"content":{"rendered":"\t\t<div data-elementor-type=\"wp-page\" data-elementor-id=\"6344\" class=\"elementor elementor-6344 elementor-5463\" data-elementor-post-type=\"page\">\n\t\t\t\t<main class=\"elementor-element elementor-element-37eaef39 e-flex e-con-boxed e-con e-parent\" data-id=\"37eaef39\" data-element_type=\"container\" data-e-type=\"container\">\n\t\t\t\t\t<div class=\"e-con-inner\">\n\t\t<div class=\"elementor-element elementor-element-66976cb0 e-con-full e-flex e-con e-child\" data-id=\"66976cb0\" data-element_type=\"container\" data-e-type=\"container\">\n\t\t\t\t<div class=\"elementor-element elementor-element-2607e22d elementor-widget elementor-widget-text-editor\" data-id=\"2607e22d\" data-element_type=\"widget\" data-e-type=\"widget\" data-widget_type=\"text-editor.default\">\n\t\t\t\t<div class=\"elementor-widget-container\">\n\t\t\t\t\t\t\t\t\t<h2>Rozmowy z innymi o decyzji dotycz\u0105cej zachowania p\u0142odno\u015bci<\/h2><p>Niekt\u00f3rym kobietom pomaga rozmowa z innymi osobami o diagnozie raka i zachowaniu p\u0142odno\u015bci.<\/p><p>Pomocna mo\u017ce okaza\u0107 si\u0119 rozmowa o takich kwestiach jak:<\/p><ul><li>Podejmowanie trudnych decyzji.<\/li><li>Wyra\u017canie swoich uczu\u0107 bliskim.<\/li><li>Wp\u0142yw raka i kwestii p\u0142odno\u015bci na Pani relacje..<\/li><li>Niepok\u00f3j i stres.<\/li><li>Obawy natury moralnej, religijnej lub etycznej.<\/li><li>Radzenie sobie z rakiem i metodami ochrony p\u0142odno\u015bci.<\/li><li>Sposoby radzenia sobie z w\u0142asnymi uczuciami.<\/li><\/ul><p>Znalezienie najlepszego dla siebie wsparcia mo\u017ce oznacza\u0107, \u017ce b\u0119dzie Pani w stanie lepiej radzi\u0107 sobie ze swoj\u0105 sytuacj\u0105. Mo\u017ce to pom\u00f3c w radzeniu sobie z niekt\u00f3rymi z tych emocjonalnych wyzwa\u0144. Ludzie wybieraj\u0105 r\u00f3\u017cne sposoby, aby poczu\u0107 wsparcie. Mog\u0105 one obejmowa\u0107:   <\/p><ul><li>Uzyskanie informacji o wszystkich dost\u0119pnych opcjach.<\/li><li>Prowadzenie dziennika lub notatek na temat swoich przemy\u015ble\u0144 i powod\u00f3w decyzji.<\/li><li>Zastanowienie si\u0119, kogo mo\u017ce Pani chcie\u0107 zaanga\u017cowa\u0107 w podejmowanie decyzji \u2013 partnera, rodzin\u0119 i przyjaci\u00f3\u0142, piel\u0119gniark\u0119 lub lekarza.<\/li><li>Podj\u0119cie terapii. Mo\u017cna to zrobi\u0107 samemu, z partnerem lub inn\u0105 blisk\u0105 osob\u0105. Profesjonalni terapeuci\/doradcy, kt\u00f3rzy nie s\u0105 bezpo\u015brednio zaanga\u017cowani w Pani \u2026 proces zachowania p\u0142odno\u015bci lub leczenie raka, mog\u0105 by\u0107 dost\u0119pni w klinikach opieki nad p\u0142odno\u015bci\u0105 i klinikach leczenia raka. Wymieniono inne organizacje doradcze, kt\u00f3re mog\u0105 by\u0107 w stanie zapewni\u0107 Pani dedykowane wsparcie doradcze. <a href=\"\/more-information\/useful-contacts\">tutaj<\/a>.   <\/li><li>Rozmowa z lud\u017ami, kt\u00f3rzy przeszli przez podobne do\u015bwiadczenia. Dost\u0119pne organizacje pomocowe. Niekt\u00f3re z nich wymienili\u015bmy <a href=\"\/more-information\/useful-contacts\">tutaj<\/a>. Mo\u017ce Pani r\u00f3wnie\u017c porozmawia\u0107 z cz\u0142onkiem zespo\u0142u opieki onkologicznej i zespo\u0142u opieki nad p\u0142odno\u015bci\u0105.  <\/li><li>Mo\u017ce si\u0119 zdarzy\u0107, \u017ce nie b\u0119dzie Pani chcia\u0142a rozmawia\u0107 o p\u0142odno\u015bci i raku. Je\u015bli jest Pani raczej zamkni\u0119t\u0105 osob\u0105 , pomocne mo\u017ce by\u0107 pisanie pami\u0119tnika lub wyra\u017canie siebie w kreatywny spos\u00f3b. <\/li><\/ul>\t\t\t\t\t\t\t\t<\/div>\n\t\t\t\t<\/div>\n\t\t<div class=\"elementor-element elementor-element-d051220 e-con-full e-flex e-con e-child\" data-id=\"d051220\" data-element_type=\"container\" data-e-type=\"container\" data-settings=\"{&quot;background_background&quot;:&quot;classic&quot;}\">\n\t\t\t\t<div class=\"elementor-element elementor-element-70473906 elementor-widget elementor-widget-text-editor\" data-id=\"70473906\" data-element_type=\"widget\" data-e-type=\"widget\" data-widget_type=\"text-editor.default\">\n\t\t\t\t<div class=\"elementor-widget-container\">\n\t\t\t\t\t\t\t\t\t<h3>Zalecane \u017ar\u00f3d\u0142a informacji<\/h3><p>HFEA jest niezale\u017cnym brytyjskim organem regulacyjnym nadzoruj\u0105cym wykorzystanie gamet (kom\u00f3rek jajowych i plemnik\u00f3w) oraz zarodk\u00f3w w leczeniu i badaniach nad p\u0142odno\u015bci\u0105. Na ich stronie internetowej znajduj\u0105 si\u0119 porady dotycz\u0105ce tego, jak najlepiej wykorzysta\u0107 konsultacje dotycz\u0105ce p\u0142odno\u015bci. Mo\u017ce to Pani zrobi\u0107 poprzez:  <\/p><ul><li>Zadawanie pyta\u0144.<\/li><li>Po\u015bwi\u0119cenie czasu na przemy\u015blenie spraw \u2013 mo\u017ce by\u0107 wiele trudnych kwestii do rozwa\u017cenia.<\/li><li>\u015awiadomo\u015b\u0107, \u017ce zesp\u00f3\u0142 opieki nad p\u0142odno\u015bci\u0105 jest po to, aby pom\u00f3c Pani dokona\u0107 w\u0142a\u015bciwego wyboru. Na stronie internetowej HFEA <a href=\"http:\/\/www.hfea.gov.uk\" target=\"_blank\" rel=\"noopener noreferrer\">www.hfea.gov.uk<\/a> mo\u017cna znale\u017a\u0107 wi\u0119cej informacji na temat klinik opieki nad p\u0142odno\u015bci\u0105, zabieg\u00f3w zachowania p\u0142odno\u015bci i wska\u017anik\u00f3w skuteczno\u015bci procedur zachowania p\u0142odno\u015bci w Pani okolicy. <\/li><\/ul>\t\t\t\t\t\t\t\t<\/div>\n\t\t\t\t<\/div>\n\t\t\t\t<\/div>\n\t\t\t\t<\/div>\n\t\t<div class=\"elementor-element elementor-element-6e94314e e-con-full e-flex e-con e-child\" data-id=\"6e94314e\" data-element_type=\"container\" data-e-type=\"container\">\n\t\t<div class=\"elementor-element elementor-element-63a54493 e-con-full e-flex e-con e-child\" data-id=\"63a54493\" data-element_type=\"container\" data-e-type=\"container\">\n\t\t\t\t<div class=\"elementor-element elementor-element-59decdf0 elementor-widget elementor-widget-image\" data-id=\"59decdf0\" data-element_type=\"widget\" data-e-type=\"widget\" data-widget_type=\"image.default\">\n\t\t\t\t<div class=\"elementor-widget-container\">\n\t\t\t\t\t\t\t\t\t\t\t\t\t\t\t\t<a href=\"http:\/\/.\/\">\n\t\t\t\t\t\t\t<img fetchpriority=\"high\" decoding=\"async\" width=\"400\" height=\"440\" src=\"https:\/\/cancerfertilityandme.org.uk\/wp-content\/uploads\/cancerfertilityandme-logo-column-adult-women.png\" class=\"attachment-full size-full wp-image-2283\" alt=\"\" srcset=\"https:\/\/cancerfertilityandme.org.uk\/wp-content\/uploads\/cancerfertilityandme-logo-column-adult-women.png 400w, https:\/\/cancerfertilityandme.org.uk\/wp-content\/uploads\/cancerfertilityandme-logo-column-adult-women-273x300.png 273w\" sizes=\"(max-width: 400px) 100vw, 400px\" \/>\t\t\t\t\t\t\t\t<\/a>\n\t\t\t\t\t\t\t\t\t\t\t\t\t\t\t<\/div>\n\t\t\t\t<\/div>\n\t\t\t\t<\/div>\n\t\t<div class=\"elementor-element elementor-element-1858e519 e-con-full e-flex e-con e-child\" data-id=\"1858e519\" data-element_type=\"container\" data-e-type=\"container\">\n\t\t\t\t<div class=\"elementor-element elementor-element-38e24f3c elementor-widget elementor-widget-heading\" data-id=\"38e24f3c\" data-element_type=\"widget\" data-e-type=\"widget\" data-widget_type=\"heading.default\">\n\t\t\t\t<div class=\"elementor-widget-container\">\n\t\t\t\t\t<h3 class=\"elementor-heading-title elementor-size-default\">Aby uzyska\u0107 wi\u0119cej informacji, skorzystaj z tych \u0142\u0105czy<\/h3>\t\t\t\t<\/div>\n\t\t\t\t<\/div>\n\t\t\t\t<div class=\"elementor-element elementor-element-74328f39 elementor-nav-menu--dropdown-none elementor-widget elementor-widget-nav-menu\" data-id=\"74328f39\" data-element_type=\"widget\" data-e-type=\"widget\" data-settings=\"{&quot;layout&quot;:&quot;vertical&quot;,&quot;submenu_icon&quot;:{&quot;value&quot;:&quot;&lt;svg aria-hidden=\\&quot;true\\&quot; class=\\&quot;e-font-icon-svg e-fas-caret-down\\&quot; viewBox=\\&quot;0 0 320 512\\&quot; xmlns=\\&quot;http:\\\/\\\/www.w3.org\\\/2000\\\/svg\\&quot;&gt;&lt;path d=\\&quot;M31.3 192h257.3c17.8 0 26.7 21.5 14.1 34.1L174.1 354.8c-7.8 7.8-20.5 7.8-28.3 0L17.2 226.1C4.6 213.5 13.5 192 31.3 192z\\&quot;&gt;&lt;\\\/path&gt;&lt;\\\/svg&gt;&quot;,&quot;library&quot;:&quot;fa-solid&quot;}}\" data-widget_type=\"nav-menu.default\">\n\t\t\t\t<div class=\"elementor-widget-container\">\n\t\t\t\t\t\t\t\t<nav aria-label=\"Menu\" class=\"elementor-nav-menu--main elementor-nav-menu__container elementor-nav-menu--layout-vertical e--pointer-none\">\n\t\t\t\t<ul id=\"menu-1-74328f39\" class=\"elementor-nav-menu sm-vertical\"><li class=\"menu-item menu-item-type-post_type menu-item-object-page menu-item-7141\"><a href=\"https:\/\/cancerfertilityandme.org.uk\/adult-women\/making-your-fertility-preservation-decision\/\" class=\"elementor-item\">Podejmowanie decyzji o zachowaniu p\u0142odno\u015bci<\/a><\/li>\n<li class=\"menu-item menu-item-type-post_type menu-item-object-page menu-item-7144\"><a href=\"https:\/\/cancerfertilityandme.org.uk\/adult-women\/making-your-fertility-preservation-decision\/talking-with-your-fertility-care-team-about-fertility-preservation\/\" class=\"elementor-item\">Rozmowa z zespo\u0142em ds. opieki nad p\u0142odno\u015bci\u0105 na temat zachowania p\u0142odno\u015bci<\/a><\/li>\n<li class=\"menu-item menu-item-type-post_type menu-item-object-page menu-item-7143\"><a href=\"https:\/\/cancerfertilityandme.org.uk\/adult-women\/making-your-fertility-preservation-decision\/talking-about-the-fertility-preservation-decision\/\" class=\"elementor-item\">Rozmowy na temat decyzji o zachowaniu p\u0142odno\u015bci<\/a><\/li>\n<li class=\"menu-item menu-item-type-post_type menu-item-object-page menu-item-2133\"><a href=\"https:\/\/cancerfertilityandme.org.uk\/adult-women\/contraception-family-planning\/questions-to-ask-your-cancer-care-team-or-gp\/\" class=\"elementor-item\">Wa\u017cne pytania do zespo\u0142u opieki onkologicznej lub lekarza rodzinnego<\/a><\/li>\n<li class=\"menu-item menu-item-type-post_type menu-item-object-page menu-item-7142\"><a href=\"https:\/\/cancerfertilityandme.org.uk\/adult-women\/making-your-fertility-preservation-decision\/financial-costs-associated-with-undergoing-fertility-preservation\/\" class=\"elementor-item\">Koszty finansowe zwi\u0105zane z zachowaniem p\u0142odno\u015bci<\/a><\/li>\n<li class=\"menu-item menu-item-type-post_type menu-item-object-page menu-item-7145\"><a href=\"https:\/\/cancerfertilityandme.org.uk\/adult-women\/fertility-preservation-options\/summary-of-fertility-preservation-options\/\" class=\"elementor-item\">Podsumowanie opcji zachowania p\u0142odno\u015bci<\/a><\/li>\n<\/ul>\t\t\t<\/nav>\n\t\t\t\t\t\t<nav class=\"elementor-nav-menu--dropdown elementor-nav-menu__container\" aria-hidden=\"true\">\n\t\t\t\t<ul id=\"menu-2-74328f39\" class=\"elementor-nav-menu sm-vertical\"><li class=\"menu-item menu-item-type-post_type menu-item-object-page menu-item-7141\"><a href=\"https:\/\/cancerfertilityandme.org.uk\/adult-women\/making-your-fertility-preservation-decision\/\" class=\"elementor-item\" tabindex=\"-1\">Podejmowanie decyzji o zachowaniu p\u0142odno\u015bci<\/a><\/li>\n<li class=\"menu-item menu-item-type-post_type menu-item-object-page menu-item-7144\"><a href=\"https:\/\/cancerfertilityandme.org.uk\/adult-women\/making-your-fertility-preservation-decision\/talking-with-your-fertility-care-team-about-fertility-preservation\/\" class=\"elementor-item\" tabindex=\"-1\">Rozmowa z zespo\u0142em ds. opieki nad p\u0142odno\u015bci\u0105 na temat zachowania p\u0142odno\u015bci<\/a><\/li>\n<li class=\"menu-item menu-item-type-post_type menu-item-object-page menu-item-7143\"><a href=\"https:\/\/cancerfertilityandme.org.uk\/adult-women\/making-your-fertility-preservation-decision\/talking-about-the-fertility-preservation-decision\/\" class=\"elementor-item\" tabindex=\"-1\">Rozmowy na temat decyzji o zachowaniu p\u0142odno\u015bci<\/a><\/li>\n<li class=\"menu-item menu-item-type-post_type menu-item-object-page menu-item-2133\"><a href=\"https:\/\/cancerfertilityandme.org.uk\/adult-women\/contraception-family-planning\/questions-to-ask-your-cancer-care-team-or-gp\/\" class=\"elementor-item\" tabindex=\"-1\">Wa\u017cne pytania do zespo\u0142u opieki onkologicznej lub lekarza rodzinnego<\/a><\/li>\n<li class=\"menu-item menu-item-type-post_type menu-item-object-page menu-item-7142\"><a href=\"https:\/\/cancerfertilityandme.org.uk\/adult-women\/making-your-fertility-preservation-decision\/financial-costs-associated-with-undergoing-fertility-preservation\/\" class=\"elementor-item\" tabindex=\"-1\">Koszty finansowe zwi\u0105zane z zachowaniem p\u0142odno\u015bci<\/a><\/li>\n<li class=\"menu-item menu-item-type-post_type menu-item-object-page menu-item-7145\"><a href=\"https:\/\/cancerfertilityandme.org.uk\/adult-women\/fertility-preservation-options\/summary-of-fertility-preservation-options\/\" class=\"elementor-item\" tabindex=\"-1\">Podsumowanie opcji zachowania p\u0142odno\u015bci<\/a><\/li>\n<\/ul>\t\t\t<\/nav>\n\t\t\t\t\t\t<\/div>\n\t\t\t\t<\/div>\n\t\t\t\t<\/div>\n\t\t\t\t<\/div>\n\t\t\t\t\t<\/div>\n\t\t\t\t<\/main>\n\t\t\t\t<\/div>\n\t\t","protected":false},"excerpt":{"rendered":"<p>Rozmowy z innymi o decyzji dotycz\u0105cej zachowania p\u0142odno\u015bci Niekt\u00f3rym kobietom pomaga rozmowa z innymi osobami o diagnozie raka i zachowaniu p\u0142odno\u015bci. Pomocna mo\u017ce okaza\u0107 si\u0119 rozmowa o takich kwestiach jak: Podejmowanie trudnych decyzji. Wyra\u017canie swoich uczu\u0107 bliskim. Wp\u0142yw raka i kwestii p\u0142odno\u015bci na Pani relacje.. Niepok\u00f3j i stres. Obawy natury moralnej, religijnej lub etycznej. Radzenie [&hellip;]<\/p>\n","protected":false},"author":1,"featured_media":0,"parent":6324,"menu_order":0,"comment_status":"closed","ping_status":"open","template":"","meta":{"footnotes":""},"class_list":["post-6344","page","type-page","status-publish","hentry"],"_links":{"self":[{"href":"https:\/\/cancerfertilityandme.org.uk\/pl\/wp-json\/wp\/v2\/pages\/6344","targetHints":{"allow":["GET"]}}],"collection":[{"href":"https:\/\/cancerfertilityandme.org.uk\/pl\/wp-json\/wp\/v2\/pages"}],"about":[{"href":"https:\/\/cancerfertilityandme.org.uk\/pl\/wp-json\/wp\/v2\/types\/page"}],"author":[{"embeddable":true,"href":"https:\/\/cancerfertilityandme.org.uk\/pl\/wp-json\/wp\/v2\/users\/1"}],"replies":[{"embeddable":true,"href":"https:\/\/cancerfertilityandme.org.uk\/pl\/wp-json\/wp\/v2\/comments?post=6344"}],"version-history":[{"count":3,"href":"https:\/\/cancerfertilityandme.org.uk\/pl\/wp-json\/wp\/v2\/pages\/6344\/revisions"}],"predecessor-version":[{"id":9566,"href":"https:\/\/cancerfertilityandme.org.uk\/pl\/wp-json\/wp\/v2\/pages\/6344\/revisions\/9566"}],"up":[{"embeddable":true,"href":"https:\/\/cancerfertilityandme.org.uk\/pl\/wp-json\/wp\/v2\/pages\/6324"}],"wp:attachment":[{"href":"https:\/\/cancerfertilityandme.org.uk\/pl\/wp-json\/wp\/v2\/media?parent=6344"}],"curies":[{"name":"wp","href":"https:\/\/api.w.org\/{rel}","templated":true}]}}