{"id":6342,"date":"2018-11-07T09:42:21","date_gmt":"2018-11-07T09:42:21","guid":{"rendered":"https:\/\/cancerfertilityandme.org.uk\/rozmowa-z-zespolem-ds-opieki-nad-plodnoscia-na-temat-zachowania-plodnosci\/"},"modified":"2025-11-17T11:01:26","modified_gmt":"2025-11-17T11:01:26","slug":"rozmowa-z-zespolem-ds-opieki-nad-plodnoscia-na-temat-zachowania-plodnosci","status":"publish","type":"page","link":"https:\/\/cancerfertilityandme.org.uk\/pl\/dorosle-kobiety\/podejmowanie-decyzji-o-zachowaniu-plodnosci\/rozmowa-z-zespolem-ds-opieki-nad-plodnoscia-na-temat-zachowania-plodnosci\/","title":{"rendered":"Rozmowa z zespo\u0142em ds. opieki nad p\u0142odno\u015bci\u0105 na temat zachowania p\u0142odno\u015bci"},"content":{"rendered":"\t\t<div data-elementor-type=\"wp-page\" data-elementor-id=\"6342\" class=\"elementor elementor-6342 elementor-5461\" data-elementor-post-type=\"page\">\n\t\t\t\t<main class=\"elementor-element elementor-element-2d2b26be e-flex e-con-boxed e-con e-parent\" data-id=\"2d2b26be\" data-element_type=\"container\" data-e-type=\"container\">\n\t\t\t\t\t<div class=\"e-con-inner\">\n\t\t<div class=\"elementor-element elementor-element-25c07501 e-con-full e-flex e-con e-child\" data-id=\"25c07501\" data-element_type=\"container\" data-e-type=\"container\">\n\t\t\t\t<div class=\"elementor-element elementor-element-28545ea8 elementor-widget elementor-widget-text-editor\" data-id=\"28545ea8\" data-element_type=\"widget\" data-e-type=\"widget\" data-widget_type=\"text-editor.default\">\n\t\t\t\t<div class=\"elementor-widget-container\">\n\t\t\t\t\t\t\t\t\t<h2>Rozmowa z zespo\u0142em ds. opieki nad p\u0142odno\u015bci\u0105 na temat zachowania p\u0142odno\u015bci<\/h2><p>Zesp\u00f3\u0142 opieki nad p\u0142odno\u015bci\u0105 przeprowadza procedury znane jako zachowanie p\u0142odno\u015bci u kobiet, u kt\u00f3rych zdiagnozowano raka. Zesp\u00f3\u0142 ds. opieki nad p\u0142odno\u015bci\u0105 mo\u017ce porozmawia\u0107 z Pani\u0105 na temat Pani decyzji o poddaniu si\u0119 lub niepoddaniu si\u0119 procedurom zachowania p\u0142odno\u015bci. <\/p><p>Konsultacja dotycz\u0105ca p\u0142odno\u015bci zale\u017cy od kliniki, do kt\u00f3rej Pani ucz\u0119szcza, diagnozy raka i planowanego leczenia raka. Zesp\u00f3\u0142 opieki nad p\u0142odno\u015bci\u0105 przeanalizuje Pani histori\u0119 medyczn\u0105, aby upewni\u0107 si\u0119, \u017ce leczenie zachowuj\u0105ce p\u0142odno\u015b\u0107 jest odpowiednie. Wyja\u015bni Pani, na czym polega leczenie, jakie s\u0105 szanse powodzenia i skutki uboczne zastosowania metod chroni\u0105cych p\u0142odno\u015b\u0107. Je\u015bli b\u0119dzie Pani potrzebowa\u0107 dalszych bada\u0144, zostan\u0105 one wykonane przed rozpocz\u0119ciem leczenia niep\u0142odno\u015bci. B\u0119dzie Pani r\u00f3wnie\u017c mia\u0142a mo\u017cliwo\u015b\u0107 om\u00f3wienia r\u00f3\u017cnych opcji zachowania p\u0142odno\u015bci dost\u0119pnych w klinice.    <\/p><p>Je\u015bli zdecyduje si\u0119 Pani na leczenie zachowuj\u0105ce p\u0142odno\u015b\u0107, przeprowadzone zostan\u0105 r\u00f3\u017cne badania. Obejm\u0105 one badania krwi w celu pomiaru poziomu hormon\u00f3w i inne badania przesiewowe. Zesp\u00f3\u0142 opieki nad p\u0142odno\u015bci\u0105 om\u00f3wi r\u00f3wnie\u017c kwestie dotycz\u0105ce zgody na leczenie zgodnie z zaleceniami HFEA.  <\/p><h3>Skierowanie do kliniki opieki nad p\u0142odno\u015bci\u0105.<\/h3><p>Cz\u0142onek zespo\u0142u opieki onkologicznej b\u0119dzie m\u00f3g\u0142 skierowa\u0107 Pani\u0105 do kliniki opieki nad p\u0142odno\u015bci\u0105. Mo\u017ce poprosi\u0107 ich o jak najwcze\u015bniejsz\u0105 wizyt\u0119, aby zapobiec op\u00f3\u017anieniom w leczeniu raka. <\/p><p>Je\u015bli chcia\u0142aby Pani otrzyma\u0107 skierowanie do kliniki opieki nad p\u0142odno\u015bci\u0105, nale\u017cy sprawdzi\u0107 kilka rzeczy:<\/p><ul><li>Czy cz\u0142onek mojego zespo\u0142u opieki onkologicznej skierowa\u0142 mnie do kliniki opieki nad p\u0142odno\u015bci\u0105?<\/li><li>Czy zosta\u0142am um\u00f3wiona na wizyt\u0119 w klinice opieki nad p\u0142odno\u015bci\u0105?<\/li><\/ul><p>Je\u015bli odpowied\u017a brzmi \u201cnie\u201d lub nie jest Pani pewna, warto poprosi\u0107 zesp\u00f3\u0142 opieki onkologicznej o jak najszybszy kontakt z klinik\u0105 opieki nad p\u0142odno\u015bci\u0105 w Pani imieniu. <a href=\"\/making-my-fertility-preservation-decision\/questions-to-ask-your-cancer-care-team-or-gp\">Poni\u017csze <\/a>pytania mog\u0105 pom\u00f3c Pani przygotowa\u0107 si\u0119 do konsultacji w sprawie p\u0142odno\u015bci. <\/p><h2>Pytania, kt\u00f3re nale\u017cy zada\u0107 zespo\u0142om zajmuj\u0105cym si\u0119 leczeniem raka i p\u0142odno\u015bci\u0105<\/h2><p>Poni\u017csze pytania mog\u0105 pom\u00f3c Pani zastanowi\u0107 si\u0119 nad tym, co jest dla Pani wa\u017cne w odniesieniu do tych opcji zachowania p\u0142odno\u015bci.<br>Zapisanie swoich przemy\u015ble\u0144 pomo\u017ce Pani porozmawia\u0107 z zespo\u0142em opieki onkologicznej i zespo\u0142em opieki nad p\u0142odno\u015bci\u0105 w celu zaplanowania opieki przed rozpocz\u0119ciem leczenia raka.<\/p><ul><li>Czy m\u00f3j typ nowotworu lub leczenie ma wp\u0142yw na rodzaj opcji zachowania p\u0142odno\u015bci, z kt\u00f3rej mog\u0119 skorzysta\u0107?<\/li><li>Czy mog\u0119 sprawdzi\u0107, czy jestem p\u0142odna przed rozpocz\u0119ciem leczenia raka?<\/li><li>Dlaczego powinnam podj\u0105\u0107 decyzj\u0119 o zachowaniu p\u0142odno\u015bci w\u0142a\u015bnie teraz?<\/li><li>Czy mam czas na zastosowanie procedury zachowania p\u0142odno\u015bci przed rozpocz\u0119ciem leczenia raka?<\/li><li>Czy jest co\u015b, co mo\u017cna zrobi\u0107 podczas leczenia raka, aby chroni\u0107 moj\u0105 p\u0142odno\u015b\u0107?<\/li><li>Jak d\u0142ugo mo\u017cna bezpiecznie op\u00f3\u017ani\u0107 leczenie raka?<\/li><li>Czy b\u0119d\u0119 musia\u0142 zap\u0142aci\u0107 za leczenie maj\u0105ce na celu zachowanie p\u0142odno\u015bci? Czy b\u0119d\u0119 musia\u0142a zap\u0142aci\u0107 za przechowywanie i wykorzystanie moich kom\u00f3rek jajowych, zarodk\u00f3w lub tkanek w przysz\u0142o\u015bci? <\/li><li>Czy b\u0119d\u0119 musia\u0142 zap\u0142aci\u0107 za leczenie maj\u0105ce na celu zachowanie p\u0142odno\u015bci? Czy b\u0119d\u0119 musia\u0142a zap\u0142aci\u0107 za przechowywanie i wykorzystanie moich kom\u00f3rek jajowych, zarodk\u00f3w lub tkanek w przysz\u0142o\u015bci? <\/li><\/ul>\t\t\t\t\t\t\t\t<\/div>\n\t\t\t\t<\/div>\n\t\t<div class=\"elementor-element elementor-element-5107acc0 e-con-full e-flex e-con e-child\" data-id=\"5107acc0\" data-element_type=\"container\" data-e-type=\"container\" data-settings=\"{&quot;background_background&quot;:&quot;classic&quot;}\">\n\t\t\t\t<div class=\"elementor-element elementor-element-5c36640b elementor-widget elementor-widget-text-editor\" data-id=\"5c36640b\" data-element_type=\"widget\" data-e-type=\"widget\" data-widget_type=\"text-editor.default\">\n\t\t\t\t<div class=\"elementor-widget-container\">\n\t\t\t\t\t\t\t\t\t<h3>Zalecane \u017ar\u00f3d\u0142a informacji<\/h3><p>HFEA jest niezale\u017cnym brytyjskim organem regulacyjnym nadzoruj\u0105cym wykorzystanie gamet (kom\u00f3rek jajowych i plemnik\u00f3w) oraz zarodk\u00f3w w leczeniu i badaniach nad p\u0142odno\u015bci\u0105. Na ich stronie internetowej znajduj\u0105 si\u0119 porady dotycz\u0105ce tego, jak najlepiej wykorzysta\u0107 konsultacje dotycz\u0105ce p\u0142odno\u015bci. Mo\u017ce to Pani zrobi\u0107 poprzez:  <\/p><ul><li>Zadawanie pyta\u0144.<\/li><li>Po\u015bwi\u0119cenie czasu na przemy\u015blenie spraw \u2013 mo\u017ce by\u0107 wiele trudnych kwestii do rozwa\u017cenia.<\/li><li>\u015awiadomo\u015b\u0107, \u017ce zesp\u00f3\u0142 opieki nad p\u0142odno\u015bci\u0105 jest po to, aby pom\u00f3c Pani dokona\u0107 w\u0142a\u015bciwego wyboru. Na stronie internetowej HFEA <a href=\"http:\/\/www.hfea.gov.uk\" target=\"_blank\" rel=\"noopener noreferrer\">www.hfea.gov.uk<\/a> mo\u017cna znale\u017a\u0107 wi\u0119cej informacji na temat klinik opieki nad p\u0142odno\u015bci\u0105, zabieg\u00f3w zachowania p\u0142odno\u015bci i wska\u017anik\u00f3w skuteczno\u015bci procedur zachowania p\u0142odno\u015bci w Pani okolicy. <\/li><\/ul>\t\t\t\t\t\t\t\t<\/div>\n\t\t\t\t<\/div>\n\t\t\t\t<\/div>\n\t\t\t\t<\/div>\n\t\t<div class=\"elementor-element elementor-element-c41ec26 e-con-full e-flex e-con e-child\" data-id=\"c41ec26\" data-element_type=\"container\" data-e-type=\"container\">\n\t\t<div class=\"elementor-element elementor-element-5e999f3e e-con-full e-flex e-con e-child\" data-id=\"5e999f3e\" data-element_type=\"container\" data-e-type=\"container\">\n\t\t\t\t<div class=\"elementor-element elementor-element-796ca63b elementor-widget elementor-widget-image\" data-id=\"796ca63b\" data-element_type=\"widget\" data-e-type=\"widget\" data-widget_type=\"image.default\">\n\t\t\t\t<div class=\"elementor-widget-container\">\n\t\t\t\t\t\t\t\t\t\t\t\t\t\t\t\t<a href=\"http:\/\/.\/\">\n\t\t\t\t\t\t\t<img fetchpriority=\"high\" decoding=\"async\" width=\"400\" height=\"440\" src=\"https:\/\/cancerfertilityandme.org.uk\/wp-content\/uploads\/cancerfertilityandme-logo-column-adult-women.png\" class=\"attachment-full size-full wp-image-2283\" alt=\"\" srcset=\"https:\/\/cancerfertilityandme.org.uk\/wp-content\/uploads\/cancerfertilityandme-logo-column-adult-women.png 400w, https:\/\/cancerfertilityandme.org.uk\/wp-content\/uploads\/cancerfertilityandme-logo-column-adult-women-273x300.png 273w\" sizes=\"(max-width: 400px) 100vw, 400px\" \/>\t\t\t\t\t\t\t\t<\/a>\n\t\t\t\t\t\t\t\t\t\t\t\t\t\t\t<\/div>\n\t\t\t\t<\/div>\n\t\t\t\t<\/div>\n\t\t<div class=\"elementor-element elementor-element-6e0e960c e-con-full e-flex e-con e-child\" data-id=\"6e0e960c\" data-element_type=\"container\" data-e-type=\"container\">\n\t\t\t\t<div class=\"elementor-element elementor-element-20aecb7a elementor-widget elementor-widget-heading\" data-id=\"20aecb7a\" data-element_type=\"widget\" data-e-type=\"widget\" data-widget_type=\"heading.default\">\n\t\t\t\t<div class=\"elementor-widget-container\">\n\t\t\t\t\t<h3 class=\"elementor-heading-title elementor-size-default\">Aby uzyska\u0107 wi\u0119cej informacji, skorzystaj z tych \u0142\u0105czy<\/h3>\t\t\t\t<\/div>\n\t\t\t\t<\/div>\n\t\t\t\t<div class=\"elementor-element elementor-element-60f85b6b elementor-nav-menu--dropdown-none elementor-widget elementor-widget-nav-menu\" data-id=\"60f85b6b\" data-element_type=\"widget\" data-e-type=\"widget\" data-settings=\"{&quot;layout&quot;:&quot;vertical&quot;,&quot;submenu_icon&quot;:{&quot;value&quot;:&quot;&lt;svg aria-hidden=\\&quot;true\\&quot; class=\\&quot;e-font-icon-svg e-fas-caret-down\\&quot; viewBox=\\&quot;0 0 320 512\\&quot; xmlns=\\&quot;http:\\\/\\\/www.w3.org\\\/2000\\\/svg\\&quot;&gt;&lt;path d=\\&quot;M31.3 192h257.3c17.8 0 26.7 21.5 14.1 34.1L174.1 354.8c-7.8 7.8-20.5 7.8-28.3 0L17.2 226.1C4.6 213.5 13.5 192 31.3 192z\\&quot;&gt;&lt;\\\/path&gt;&lt;\\\/svg&gt;&quot;,&quot;library&quot;:&quot;fa-solid&quot;}}\" data-widget_type=\"nav-menu.default\">\n\t\t\t\t<div class=\"elementor-widget-container\">\n\t\t\t\t\t\t\t\t<nav aria-label=\"Menu\" class=\"elementor-nav-menu--main elementor-nav-menu__container elementor-nav-menu--layout-vertical e--pointer-none\">\n\t\t\t\t<ul id=\"menu-1-60f85b6b\" class=\"elementor-nav-menu sm-vertical\"><li class=\"menu-item menu-item-type-post_type menu-item-object-page menu-item-7141\"><a href=\"https:\/\/cancerfertilityandme.org.uk\/adult-women\/making-your-fertility-preservation-decision\/\" class=\"elementor-item\">Podejmowanie decyzji o zachowaniu p\u0142odno\u015bci<\/a><\/li>\n<li class=\"menu-item menu-item-type-post_type menu-item-object-page menu-item-7144\"><a href=\"https:\/\/cancerfertilityandme.org.uk\/adult-women\/making-your-fertility-preservation-decision\/talking-with-your-fertility-care-team-about-fertility-preservation\/\" class=\"elementor-item\">Rozmowa z zespo\u0142em ds. opieki nad p\u0142odno\u015bci\u0105 na temat zachowania p\u0142odno\u015bci<\/a><\/li>\n<li class=\"menu-item menu-item-type-post_type menu-item-object-page menu-item-7143\"><a href=\"https:\/\/cancerfertilityandme.org.uk\/adult-women\/making-your-fertility-preservation-decision\/talking-about-the-fertility-preservation-decision\/\" class=\"elementor-item\">Rozmowy na temat decyzji o zachowaniu p\u0142odno\u015bci<\/a><\/li>\n<li class=\"menu-item menu-item-type-post_type menu-item-object-page menu-item-2133\"><a href=\"https:\/\/cancerfertilityandme.org.uk\/adult-women\/contraception-family-planning\/questions-to-ask-your-cancer-care-team-or-gp\/\" class=\"elementor-item\">Wa\u017cne pytania do zespo\u0142u opieki onkologicznej lub lekarza rodzinnego<\/a><\/li>\n<li class=\"menu-item menu-item-type-post_type menu-item-object-page menu-item-7142\"><a href=\"https:\/\/cancerfertilityandme.org.uk\/adult-women\/making-your-fertility-preservation-decision\/financial-costs-associated-with-undergoing-fertility-preservation\/\" class=\"elementor-item\">Koszty finansowe zwi\u0105zane z zachowaniem p\u0142odno\u015bci<\/a><\/li>\n<li class=\"menu-item menu-item-type-post_type menu-item-object-page menu-item-7145\"><a href=\"https:\/\/cancerfertilityandme.org.uk\/adult-women\/fertility-preservation-options\/summary-of-fertility-preservation-options\/\" class=\"elementor-item\">Podsumowanie opcji zachowania p\u0142odno\u015bci<\/a><\/li>\n<\/ul>\t\t\t<\/nav>\n\t\t\t\t\t\t<nav class=\"elementor-nav-menu--dropdown elementor-nav-menu__container\" aria-hidden=\"true\">\n\t\t\t\t<ul id=\"menu-2-60f85b6b\" class=\"elementor-nav-menu sm-vertical\"><li class=\"menu-item menu-item-type-post_type menu-item-object-page menu-item-7141\"><a href=\"https:\/\/cancerfertilityandme.org.uk\/adult-women\/making-your-fertility-preservation-decision\/\" class=\"elementor-item\" tabindex=\"-1\">Podejmowanie decyzji o zachowaniu p\u0142odno\u015bci<\/a><\/li>\n<li class=\"menu-item menu-item-type-post_type menu-item-object-page menu-item-7144\"><a href=\"https:\/\/cancerfertilityandme.org.uk\/adult-women\/making-your-fertility-preservation-decision\/talking-with-your-fertility-care-team-about-fertility-preservation\/\" class=\"elementor-item\" tabindex=\"-1\">Rozmowa z zespo\u0142em ds. opieki nad p\u0142odno\u015bci\u0105 na temat zachowania p\u0142odno\u015bci<\/a><\/li>\n<li class=\"menu-item menu-item-type-post_type menu-item-object-page menu-item-7143\"><a href=\"https:\/\/cancerfertilityandme.org.uk\/adult-women\/making-your-fertility-preservation-decision\/talking-about-the-fertility-preservation-decision\/\" class=\"elementor-item\" tabindex=\"-1\">Rozmowy na temat decyzji o zachowaniu p\u0142odno\u015bci<\/a><\/li>\n<li class=\"menu-item menu-item-type-post_type menu-item-object-page menu-item-2133\"><a href=\"https:\/\/cancerfertilityandme.org.uk\/adult-women\/contraception-family-planning\/questions-to-ask-your-cancer-care-team-or-gp\/\" class=\"elementor-item\" tabindex=\"-1\">Wa\u017cne pytania do zespo\u0142u opieki onkologicznej lub lekarza rodzinnego<\/a><\/li>\n<li class=\"menu-item menu-item-type-post_type menu-item-object-page menu-item-7142\"><a href=\"https:\/\/cancerfertilityandme.org.uk\/adult-women\/making-your-fertility-preservation-decision\/financial-costs-associated-with-undergoing-fertility-preservation\/\" class=\"elementor-item\" tabindex=\"-1\">Koszty finansowe zwi\u0105zane z zachowaniem p\u0142odno\u015bci<\/a><\/li>\n<li class=\"menu-item menu-item-type-post_type menu-item-object-page menu-item-7145\"><a href=\"https:\/\/cancerfertilityandme.org.uk\/adult-women\/fertility-preservation-options\/summary-of-fertility-preservation-options\/\" class=\"elementor-item\" tabindex=\"-1\">Podsumowanie opcji zachowania p\u0142odno\u015bci<\/a><\/li>\n<\/ul>\t\t\t<\/nav>\n\t\t\t\t\t\t<\/div>\n\t\t\t\t<\/div>\n\t\t\t\t<\/div>\n\t\t\t\t<\/div>\n\t\t\t\t\t<\/div>\n\t\t\t\t<\/main>\n\t\t\t\t<\/div>\n\t\t","protected":false},"excerpt":{"rendered":"<p>Rozmowa z zespo\u0142em ds. opieki nad p\u0142odno\u015bci\u0105 na temat zachowania p\u0142odno\u015bci Zesp\u00f3\u0142 opieki nad p\u0142odno\u015bci\u0105 przeprowadza procedury znane jako zachowanie p\u0142odno\u015bci u kobiet, u kt\u00f3rych zdiagnozowano raka. Zesp\u00f3\u0142 ds. opieki nad p\u0142odno\u015bci\u0105 mo\u017ce porozmawia\u0107 z Pani\u0105 na temat Pani decyzji o poddaniu si\u0119 lub niepoddaniu si\u0119 procedurom zachowania p\u0142odno\u015bci. Konsultacja dotycz\u0105ca p\u0142odno\u015bci zale\u017cy od kliniki, [&hellip;]<\/p>\n","protected":false},"author":1,"featured_media":0,"parent":6324,"menu_order":0,"comment_status":"closed","ping_status":"open","template":"","meta":{"footnotes":""},"class_list":["post-6342","page","type-page","status-publish","hentry"],"_links":{"self":[{"href":"https:\/\/cancerfertilityandme.org.uk\/pl\/wp-json\/wp\/v2\/pages\/6342","targetHints":{"allow":["GET"]}}],"collection":[{"href":"https:\/\/cancerfertilityandme.org.uk\/pl\/wp-json\/wp\/v2\/pages"}],"about":[{"href":"https:\/\/cancerfertilityandme.org.uk\/pl\/wp-json\/wp\/v2\/types\/page"}],"author":[{"embeddable":true,"href":"https:\/\/cancerfertilityandme.org.uk\/pl\/wp-json\/wp\/v2\/users\/1"}],"replies":[{"embeddable":true,"href":"https:\/\/cancerfertilityandme.org.uk\/pl\/wp-json\/wp\/v2\/comments?post=6342"}],"version-history":[{"count":3,"href":"https:\/\/cancerfertilityandme.org.uk\/pl\/wp-json\/wp\/v2\/pages\/6342\/revisions"}],"predecessor-version":[{"id":9576,"href":"https:\/\/cancerfertilityandme.org.uk\/pl\/wp-json\/wp\/v2\/pages\/6342\/revisions\/9576"}],"up":[{"embeddable":true,"href":"https:\/\/cancerfertilityandme.org.uk\/pl\/wp-json\/wp\/v2\/pages\/6324"}],"wp:attachment":[{"href":"https:\/\/cancerfertilityandme.org.uk\/pl\/wp-json\/wp\/v2\/media?parent=6342"}],"curies":[{"name":"wp","href":"https:\/\/api.w.org\/{rel}","templated":true}]}}