{"id":6324,"date":"2018-11-07T09:43:36","date_gmt":"2018-11-07T09:43:36","guid":{"rendered":"https:\/\/cancerfertilityandme.org.uk\/podejmowanie-decyzji-o-zachowaniu-plodnosci\/"},"modified":"2026-03-30T09:55:27","modified_gmt":"2026-03-30T09:55:27","slug":"podejmowanie-decyzji-o-zachowaniu-plodnosci","status":"publish","type":"page","link":"https:\/\/cancerfertilityandme.org.uk\/pl\/dorosle-kobiety\/podejmowanie-decyzji-o-zachowaniu-plodnosci\/","title":{"rendered":"Podejmowanie decyzji o zachowaniu p\u0142odno\u015bci"},"content":{"rendered":"\t\t<div data-elementor-type=\"wp-page\" data-elementor-id=\"6324\" class=\"elementor elementor-6324 elementor-5465\" data-elementor-post-type=\"page\">\n\t\t\t\t<main class=\"elementor-element elementor-element-62f1e19 e-flex e-con-boxed e-con e-parent\" data-id=\"62f1e19\" data-element_type=\"container\" data-e-type=\"container\">\n\t\t\t\t\t<div class=\"e-con-inner\">\n\t\t<div class=\"elementor-element elementor-element-6f7e053a e-con-full e-flex e-con e-child\" data-id=\"6f7e053a\" data-element_type=\"container\" data-e-type=\"container\">\n\t\t\t\t<div class=\"elementor-element elementor-element-4916e973 elementor-widget elementor-widget-text-editor\" data-id=\"4916e973\" data-element_type=\"widget\" data-e-type=\"widget\" data-widget_type=\"text-editor.default\">\n\t\t\t\t<div class=\"elementor-widget-container\">\n\t\t\t\t\t\t\t\t\t<h2>Podejmowanie decyzji o zachowaniu p\u0142odno\u015bci przed rozpocz\u0119ciem leczenia raka<\/h2><h3>Ta strona ma na celu pom\u00f3c Pani w podj\u0119ciu decyzji, czy chce Pani:<\/h3><p><strong>\u2022 podda\u0107 si\u0119 leczeniu chroni\u0105cemu p\u0142odno\u015b\u0107 przed rozpocz\u0119ciem leczenia raka, lub<\/strong><\/p><p><strong>\u2022 rozpocz\u0105\u0107 leczenie raka bez leczenia zachowuj\u0105cego p\u0142odno\u015b\u0107.<\/strong><\/p><p>Niekt\u00f3re kobiety wiedz\u0105 na pewno, czy chc\u0105 zastosowa\u0107 leczenie zachowuj\u0105ce p\u0142odno\u015b\u0107. Dla innych kobiet podj\u0119cie tej decyzji jest trudniejsze. Nie ma \u201cw\u0142a\u015bciwej\u201d lub \u201cniew\u0142a\u015bciwej\u201d decyzji. Decyzja zale\u017cy od tego, co w danej chwili jest dla Pani najwa\u017cniejsze. Zale\u017cy ona od plan\u00f3w, jakie ma Pani na swoje \u017cycie po zako\u0144czeniu leczenia raka.    <\/p><h3>Decyzja o zachowaniu p\u0142odno\u015bci lub jej braku przed leczeniem raka<\/h3><p>Decyduj\u0105c si\u0119 na zachowanie p\u0142odno\u015bci przed leczeniem raka, warto przeczyta\u0107 ka\u017cde z pi\u0119ciu poni\u017cszych stwierdze\u0144 i przemy\u015ble\u0107 je pod k\u0105tem tego, co jest dla Pani najwa\u017cniejsze. Na przyk\u0142ad: <\/p><ol><li><strong>Niewa\u017cne<\/strong><\/li><li><strong>Nieco wa\u017cne<\/strong><\/li><li><strong>Do\u015b\u0107 wa\u017cne<\/strong><\/li><li><strong>Bardzo wa\u017cne<\/strong><\/li><\/ol>\t\t\t\t\t\t\t\t<\/div>\n\t\t\t\t<\/div>\n\t\t\t\t<div class=\"elementor-element elementor-element-fbac137 elementor-widget elementor-widget-image\" data-id=\"fbac137\" data-element_type=\"widget\" data-e-type=\"widget\" data-widget_type=\"image.default\">\n\t\t\t\t<div class=\"elementor-widget-container\">\n\t\t\t\t\t\t\t\t\t\t\t\t\t\t\t<img fetchpriority=\"high\" decoding=\"async\" width=\"800\" height=\"455\" src=\"https:\/\/cancerfertilityandme.org.uk\/wp-content\/uploads\/PO-07-2-2-1024x583.png\" class=\"attachment-large size-large wp-image-10939\" alt=\"\" srcset=\"https:\/\/cancerfertilityandme.org.uk\/wp-content\/uploads\/PO-07-2-2-1024x583.png 1024w, https:\/\/cancerfertilityandme.org.uk\/wp-content\/uploads\/PO-07-2-2-300x171.png 300w, https:\/\/cancerfertilityandme.org.uk\/wp-content\/uploads\/PO-07-2-2-768x438.png 768w, https:\/\/cancerfertilityandme.org.uk\/wp-content\/uploads\/PO-07-2-2.png 1039w\" sizes=\"(max-width: 800px) 100vw, 800px\" \/>\t\t\t\t\t\t\t\t\t\t\t\t\t\t\t<\/div>\n\t\t\t\t<\/div>\n\t\t\t\t<div class=\"elementor-element elementor-element-3bc50ee elementor-widget elementor-widget-text-editor\" data-id=\"3bc50ee\" data-element_type=\"widget\" data-e-type=\"widget\" data-widget_type=\"text-editor.default\">\n\t\t\t\t<div class=\"elementor-widget-container\">\n\t\t\t\t\t\t\t\t\tPomocne mo\u017ce okaza\u0107 si\u0119 wype\u0142nienie tego dokumentu wraz z zespo\u0142em opieki onkologicznej i zespo\u0142em opieki nad p\u0142odno\u015bci\u0105, partnerem, rodzin\u0105 i przyjaci\u00f3\u0142mi.\n\n<hr>\n\n<strong>Uwaga<\/strong>: : Je\u015bli chce Pani zapisa\u0107 swoje odpowiedzi na wydrukowanym formularzu, mo\u017ce go <a href=\"\/wp-content\/uploads\/p25-CFM-Decision-Aid-12Sept19a.pdf\" target=\"_blank\" rel=\"noopener noreferrer\">Panipobra\u0107 w wersji PDF tutaj<\/a>. Aby uzyska\u0107 pe\u0142n\u0105 wersj\u0119 poradnika <strong>Cancer, Fertility and Me<\/strong> mo\u017ce go Pani r\u00f3wnie\u017c <a href=\"https:\/\/cancerfertilityandme.org.uk\/pl\/dorosle-kobiety\/przydatne-kontakty\/broszura-cfm-do-pobrania-w-jezyku-angielskim\/\" rel=\"noopener noreferrer\">pobra\u0107 tutaj<\/a>..\u200b\n\n<hr>\n\n<h3>Podejmowanie decyzji, kt\u00f3ra opcja zachowania p\u0142odno\u015bci jest dla mnie najlepsza<\/h3>\nOpcje zachowania p\u0142odno\u015bci s\u0105 nast\u0119puj\u0105ce\n<ul>\n \t<li>Brak zachowania p\u0142odno\u015bci<\/li>\n \t<li>Zamra\u017canie<\/li>\n \t<li>T\u0142umienie czynno\u015bci jajnik\u00f3w<\/li>\n \t<li>Operacja oszcz\u0119dzaj\u0105ca p\u0142odno\u015b\u0107 w wybranych nowotworach<\/li>\n<\/ul>\nWi\u0119cej informacji na temat tych opcji znajdzie Pani <a href=\"https:\/\/cancerfertilityandme.org.uk\/pl\/dorosle-kobiety\/opcje-zachowania-plodnosci\/\">tutaj<\/a>. Ta <a href=\"\/summary\">tabela podsumowuj\u0105ca<\/a> por\u00f3wnuje r\u00f3\u017cne opcje zachowania p\u0142odno\u015bci. \n\nPoni\u017cej znajduje si\u0119 lista r\u00f3\u017cnych opcji zachowania p\u0142odno\u015bci. Prosz\u0119 przemy\u015ble\u0107 swoj\u0105 odpowied\u017a dla ka\u017cdej opcji. \n\nWykonanie tego zadania mo\u017ce pom\u00f3c Pani zastanowi\u0107 si\u0119 nad tym, kt\u00f3ra opcja zachowania p\u0142odno\u015bci najlepiej odpowiada Pani i Pani stylowi \u017cycia w tym momencie. Pomocna mo\u017ce by\u0107 rozmowa o Pani\/Pana wyborach z zespo\u0142em opieki onkologicznej i zespo\u0142em opieki nad p\u0142odno\u015bci\u0105, partnerem, rodzin\u0105 i przyjaci\u00f3\u0142mi. \n\n<strong>Na ile prawdopodobne jest, \u017ce rozwa\u017cy Pani ka\u017cd\u0105 z tych opcji leczenia zachowuj\u0105cego p\u0142odno\u015b\u0107?<\/strong>\t\t\t\t\t\t\t\t<\/div>\n\t\t\t\t<\/div>\n\t\t\t\t<div class=\"elementor-element elementor-element-90f840d elementor-widget elementor-widget-image\" data-id=\"90f840d\" data-element_type=\"widget\" data-e-type=\"widget\" data-widget_type=\"image.default\">\n\t\t\t\t<div class=\"elementor-widget-container\">\n\t\t\t\t\t\t\t\t\t\t\t\t\t\t\t<img decoding=\"async\" width=\"800\" height=\"412\" src=\"https:\/\/cancerfertilityandme.org.uk\/wp-content\/uploads\/PO-10-2-1024x527.png\" class=\"attachment-large size-large wp-image-10946\" alt=\"\" srcset=\"https:\/\/cancerfertilityandme.org.uk\/wp-content\/uploads\/PO-10-2-1024x527.png 1024w, https:\/\/cancerfertilityandme.org.uk\/wp-content\/uploads\/PO-10-2-300x154.png 300w, https:\/\/cancerfertilityandme.org.uk\/wp-content\/uploads\/PO-10-2-768x395.png 768w, https:\/\/cancerfertilityandme.org.uk\/wp-content\/uploads\/PO-10-2.png 1116w\" sizes=\"(max-width: 800px) 100vw, 800px\" \/>\t\t\t\t\t\t\t\t\t\t\t\t\t\t\t<\/div>\n\t\t\t\t<\/div>\n\t\t\t\t<div class=\"elementor-element elementor-element-16a2016 elementor-widget elementor-widget-text-editor\" data-id=\"16a2016\" data-element_type=\"widget\" data-e-type=\"widget\" data-widget_type=\"text-editor.default\">\n\t\t\t\t<div class=\"elementor-widget-container\">\n\t\t\t\t\t\t\t\t\t<hr><p><strong>Uwaga<\/strong>: : Je\u015bli chce Pani zapisa\u0107 swoje odpowiedzi na wydrukowanym formularzu, mo\u017ce go <a href=\"\/wp-content\/uploads\/2019\/08\/CFM-Decision-Aid-p26.pdf\" target=\"_blank\" rel=\"noopener noreferrer\">Panipobra\u0107 w wersji PDF tutaj<\/a>. Aby uzyska\u0107 pe\u0142n\u0105 wersj\u0119 poradnika <strong>Cancer, Fertility and Me<\/strong> mo\u017ce go Pani r\u00f3wnie\u017c <a href=\"\/wp-content\/uploads\/2019\/09\/CFM-Decision-Aid-12Sept19-WEB.pdf\" target=\"_blank\" rel=\"noopener noreferrer\">pobra\u0107 tutaj<\/a>..\u200b<\/p><hr>\t\t\t\t\t\t\t\t<\/div>\n\t\t\t\t<\/div>\n\t\t\t\t<\/div>\n\t\t<div class=\"elementor-element elementor-element-b8f2663 e-con-full e-flex e-con e-child\" data-id=\"b8f2663\" data-element_type=\"container\" data-e-type=\"container\">\n\t\t<div class=\"elementor-element elementor-element-42e60fb4 e-con-full e-flex e-con e-child\" data-id=\"42e60fb4\" data-element_type=\"container\" data-e-type=\"container\">\n\t\t\t\t<div class=\"elementor-element elementor-element-20c053d6 elementor-widget elementor-widget-image\" data-id=\"20c053d6\" data-element_type=\"widget\" data-e-type=\"widget\" data-widget_type=\"image.default\">\n\t\t\t\t<div class=\"elementor-widget-container\">\n\t\t\t\t\t\t\t\t\t\t\t\t\t\t\t\t<a href=\"http:\/\/.\/\">\n\t\t\t\t\t\t\t<img decoding=\"async\" width=\"400\" height=\"440\" src=\"https:\/\/cancerfertilityandme.org.uk\/wp-content\/uploads\/cancerfertilityandme-logo-column-adult-women.png\" class=\"attachment-full size-full wp-image-2283\" alt=\"\" srcset=\"https:\/\/cancerfertilityandme.org.uk\/wp-content\/uploads\/cancerfertilityandme-logo-column-adult-women.png 400w, https:\/\/cancerfertilityandme.org.uk\/wp-content\/uploads\/cancerfertilityandme-logo-column-adult-women-273x300.png 273w\" sizes=\"(max-width: 400px) 100vw, 400px\" \/>\t\t\t\t\t\t\t\t<\/a>\n\t\t\t\t\t\t\t\t\t\t\t\t\t\t\t<\/div>\n\t\t\t\t<\/div>\n\t\t\t\t<\/div>\n\t\t<div class=\"elementor-element elementor-element-6c8c8587 e-con-full e-flex e-con e-child\" data-id=\"6c8c8587\" data-element_type=\"container\" data-e-type=\"container\">\n\t\t\t\t<div class=\"elementor-element elementor-element-461ba2dd elementor-widget elementor-widget-heading\" data-id=\"461ba2dd\" data-element_type=\"widget\" data-e-type=\"widget\" data-widget_type=\"heading.default\">\n\t\t\t\t<div class=\"elementor-widget-container\">\n\t\t\t\t\t<h3 class=\"elementor-heading-title elementor-size-default\">Aby uzyska\u0107 wi\u0119cej informacji, skorzystaj z tych \u0142\u0105czy<\/h3>\t\t\t\t<\/div>\n\t\t\t\t<\/div>\n\t\t\t\t<div class=\"elementor-element elementor-element-6b5002db elementor-nav-menu--dropdown-none elementor-widget elementor-widget-nav-menu\" data-id=\"6b5002db\" data-element_type=\"widget\" data-e-type=\"widget\" data-settings=\"{&quot;layout&quot;:&quot;vertical&quot;,&quot;submenu_icon&quot;:{&quot;value&quot;:&quot;&lt;svg aria-hidden=\\&quot;true\\&quot; class=\\&quot;e-font-icon-svg e-fas-caret-down\\&quot; viewBox=\\&quot;0 0 320 512\\&quot; xmlns=\\&quot;http:\\\/\\\/www.w3.org\\\/2000\\\/svg\\&quot;&gt;&lt;path d=\\&quot;M31.3 192h257.3c17.8 0 26.7 21.5 14.1 34.1L174.1 354.8c-7.8 7.8-20.5 7.8-28.3 0L17.2 226.1C4.6 213.5 13.5 192 31.3 192z\\&quot;&gt;&lt;\\\/path&gt;&lt;\\\/svg&gt;&quot;,&quot;library&quot;:&quot;fa-solid&quot;}}\" data-widget_type=\"nav-menu.default\">\n\t\t\t\t<div class=\"elementor-widget-container\">\n\t\t\t\t\t\t\t\t<nav aria-label=\"Menu\" class=\"elementor-nav-menu--main elementor-nav-menu__container elementor-nav-menu--layout-vertical e--pointer-none\">\n\t\t\t\t<ul id=\"menu-1-6b5002db\" class=\"elementor-nav-menu sm-vertical\"><li class=\"menu-item menu-item-type-post_type menu-item-object-page menu-item-7141\"><a href=\"https:\/\/cancerfertilityandme.org.uk\/adult-women\/making-your-fertility-preservation-decision\/\" class=\"elementor-item\">Podejmowanie decyzji o zachowaniu p\u0142odno\u015bci<\/a><\/li>\n<li class=\"menu-item menu-item-type-post_type menu-item-object-page menu-item-7144\"><a href=\"https:\/\/cancerfertilityandme.org.uk\/adult-women\/making-your-fertility-preservation-decision\/talking-with-your-fertility-care-team-about-fertility-preservation\/\" class=\"elementor-item\">Rozmowa z zespo\u0142em ds. opieki nad p\u0142odno\u015bci\u0105 na temat zachowania p\u0142odno\u015bci<\/a><\/li>\n<li class=\"menu-item menu-item-type-post_type menu-item-object-page menu-item-7143\"><a href=\"https:\/\/cancerfertilityandme.org.uk\/adult-women\/making-your-fertility-preservation-decision\/talking-about-the-fertility-preservation-decision\/\" class=\"elementor-item\">Rozmowy na temat decyzji o zachowaniu p\u0142odno\u015bci<\/a><\/li>\n<li class=\"menu-item menu-item-type-post_type menu-item-object-page menu-item-2133\"><a href=\"https:\/\/cancerfertilityandme.org.uk\/adult-women\/contraception-family-planning\/questions-to-ask-your-cancer-care-team-or-gp\/\" class=\"elementor-item\">Wa\u017cne pytania do zespo\u0142u opieki onkologicznej lub lekarza rodzinnego<\/a><\/li>\n<li class=\"menu-item menu-item-type-post_type menu-item-object-page menu-item-7142\"><a href=\"https:\/\/cancerfertilityandme.org.uk\/adult-women\/making-your-fertility-preservation-decision\/financial-costs-associated-with-undergoing-fertility-preservation\/\" class=\"elementor-item\">Koszty finansowe zwi\u0105zane z zachowaniem p\u0142odno\u015bci<\/a><\/li>\n<li class=\"menu-item menu-item-type-post_type menu-item-object-page menu-item-7145\"><a href=\"https:\/\/cancerfertilityandme.org.uk\/adult-women\/fertility-preservation-options\/summary-of-fertility-preservation-options\/\" class=\"elementor-item\">Podsumowanie opcji zachowania p\u0142odno\u015bci<\/a><\/li>\n<\/ul>\t\t\t<\/nav>\n\t\t\t\t\t\t<nav class=\"elementor-nav-menu--dropdown elementor-nav-menu__container\" aria-hidden=\"true\">\n\t\t\t\t<ul id=\"menu-2-6b5002db\" class=\"elementor-nav-menu sm-vertical\"><li class=\"menu-item menu-item-type-post_type menu-item-object-page menu-item-7141\"><a href=\"https:\/\/cancerfertilityandme.org.uk\/adult-women\/making-your-fertility-preservation-decision\/\" class=\"elementor-item\" tabindex=\"-1\">Podejmowanie decyzji o zachowaniu p\u0142odno\u015bci<\/a><\/li>\n<li class=\"menu-item menu-item-type-post_type menu-item-object-page menu-item-7144\"><a href=\"https:\/\/cancerfertilityandme.org.uk\/adult-women\/making-your-fertility-preservation-decision\/talking-with-your-fertility-care-team-about-fertility-preservation\/\" class=\"elementor-item\" tabindex=\"-1\">Rozmowa z zespo\u0142em ds. opieki nad p\u0142odno\u015bci\u0105 na temat zachowania p\u0142odno\u015bci<\/a><\/li>\n<li class=\"menu-item menu-item-type-post_type menu-item-object-page menu-item-7143\"><a href=\"https:\/\/cancerfertilityandme.org.uk\/adult-women\/making-your-fertility-preservation-decision\/talking-about-the-fertility-preservation-decision\/\" class=\"elementor-item\" tabindex=\"-1\">Rozmowy na temat decyzji o zachowaniu p\u0142odno\u015bci<\/a><\/li>\n<li class=\"menu-item menu-item-type-post_type menu-item-object-page menu-item-2133\"><a href=\"https:\/\/cancerfertilityandme.org.uk\/adult-women\/contraception-family-planning\/questions-to-ask-your-cancer-care-team-or-gp\/\" class=\"elementor-item\" tabindex=\"-1\">Wa\u017cne pytania do zespo\u0142u opieki onkologicznej lub lekarza rodzinnego<\/a><\/li>\n<li class=\"menu-item menu-item-type-post_type menu-item-object-page menu-item-7142\"><a href=\"https:\/\/cancerfertilityandme.org.uk\/adult-women\/making-your-fertility-preservation-decision\/financial-costs-associated-with-undergoing-fertility-preservation\/\" class=\"elementor-item\" tabindex=\"-1\">Koszty finansowe zwi\u0105zane z zachowaniem p\u0142odno\u015bci<\/a><\/li>\n<li class=\"menu-item menu-item-type-post_type menu-item-object-page menu-item-7145\"><a href=\"https:\/\/cancerfertilityandme.org.uk\/adult-women\/fertility-preservation-options\/summary-of-fertility-preservation-options\/\" class=\"elementor-item\" tabindex=\"-1\">Podsumowanie opcji zachowania p\u0142odno\u015bci<\/a><\/li>\n<\/ul>\t\t\t<\/nav>\n\t\t\t\t\t\t<\/div>\n\t\t\t\t<\/div>\n\t\t\t\t<\/div>\n\t\t\t\t<\/div>\n\t\t\t\t\t<\/div>\n\t\t\t\t<\/main>\n\t\t\t\t<\/div>\n\t\t","protected":false},"excerpt":{"rendered":"<p>Podejmowanie decyzji o zachowaniu p\u0142odno\u015bci przed rozpocz\u0119ciem leczenia raka Ta strona ma na celu pom\u00f3c Pani w podj\u0119ciu decyzji, czy chce Pani: \u2022 podda\u0107 si\u0119 leczeniu chroni\u0105cemu p\u0142odno\u015b\u0107 przed rozpocz\u0119ciem leczenia raka, lub \u2022 rozpocz\u0105\u0107 leczenie raka bez leczenia zachowuj\u0105cego p\u0142odno\u015b\u0107. Niekt\u00f3re kobiety wiedz\u0105 na pewno, czy chc\u0105 zastosowa\u0107 leczenie zachowuj\u0105ce p\u0142odno\u015b\u0107. Dla innych kobiet [&hellip;]<\/p>\n","protected":false},"author":1,"featured_media":5471,"parent":6764,"menu_order":0,"comment_status":"closed","ping_status":"open","template":"","meta":{"footnotes":""},"class_list":["post-6324","page","type-page","status-publish","has-post-thumbnail","hentry"],"_links":{"self":[{"href":"https:\/\/cancerfertilityandme.org.uk\/pl\/wp-json\/wp\/v2\/pages\/6324","targetHints":{"allow":["GET"]}}],"collection":[{"href":"https:\/\/cancerfertilityandme.org.uk\/pl\/wp-json\/wp\/v2\/pages"}],"about":[{"href":"https:\/\/cancerfertilityandme.org.uk\/pl\/wp-json\/wp\/v2\/types\/page"}],"author":[{"embeddable":true,"href":"https:\/\/cancerfertilityandme.org.uk\/pl\/wp-json\/wp\/v2\/users\/1"}],"replies":[{"embeddable":true,"href":"https:\/\/cancerfertilityandme.org.uk\/pl\/wp-json\/wp\/v2\/comments?post=6324"}],"version-history":[{"count":13,"href":"https:\/\/cancerfertilityandme.org.uk\/pl\/wp-json\/wp\/v2\/pages\/6324\/revisions"}],"predecessor-version":[{"id":12896,"href":"https:\/\/cancerfertilityandme.org.uk\/pl\/wp-json\/wp\/v2\/pages\/6324\/revisions\/12896"}],"up":[{"embeddable":true,"href":"https:\/\/cancerfertilityandme.org.uk\/pl\/wp-json\/wp\/v2\/pages\/6764"}],"wp:featuredmedia":[{"embeddable":true,"href":"https:\/\/cancerfertilityandme.org.uk\/pl\/wp-json\/wp\/v2\/media\/5471"}],"wp:attachment":[{"href":"https:\/\/cancerfertilityandme.org.uk\/pl\/wp-json\/wp\/v2\/media?parent=6324"}],"curies":[{"name":"wp","href":"https:\/\/api.w.org\/{rel}","templated":true}]}}