{"id":6302,"date":"2019-04-30T10:53:56","date_gmt":"2019-04-30T10:53:56","guid":{"rendered":"https:\/\/cancerfertilityandme.org.uk\/antykoncepcja-w-trakcie-leczenia-raka\/"},"modified":"2026-03-05T16:14:01","modified_gmt":"2026-03-05T16:14:01","slug":"antykoncepcja-w-trakcie-leczenia-raka","status":"publish","type":"page","link":"https:\/\/cancerfertilityandme.org.uk\/pl\/dorosle-kobiety\/antykoncepcja-i-planowanie-rodziny\/antykoncepcja-w-trakcie-leczenia-raka\/","title":{"rendered":"Antykoncepcja w trakcie leczenia raka"},"content":{"rendered":"\t\t<div data-elementor-type=\"wp-page\" data-elementor-id=\"6302\" class=\"elementor elementor-6302 elementor-5713\" data-elementor-post-type=\"page\">\n\t\t\t\t<main class=\"elementor-element elementor-element-43c0269a e-flex e-con-boxed e-con e-parent\" data-id=\"43c0269a\" data-element_type=\"container\" data-e-type=\"container\">\n\t\t\t\t\t<div class=\"e-con-inner\">\n\t\t<div class=\"elementor-element elementor-element-475ec412 e-con-full e-flex e-con e-child\" data-id=\"475ec412\" data-element_type=\"container\" data-e-type=\"container\">\n\t\t\t\t<div class=\"elementor-element elementor-element-7fac20b9 elementor-widget elementor-widget-text-editor\" data-id=\"7fac20b9\" data-element_type=\"widget\" data-e-type=\"widget\" data-widget_type=\"text-editor.default\">\n\t\t\t\t<div class=\"elementor-widget-container\">\n\t\t\t\t\t\t\t\t\t<h2>Antykoncepcja w trakcie leczenia raka<\/h2>\n<p>Kobietom zdecydowanie odradza si\u0119 zachodzenie w ci\u0105\u017c\u0119 podczas leczenia raka. Wynika to z faktu, \u017ce leczenie raka mo\u017ce uszkodzi\u0107 nienarodzone dziecko na wczesnych etapach rozwoju. Nawet je\u015bli miesi\u0105czka ustanie podczas leczenia, nie oznacza to, \u017ce nie mo\u017ce Pani zaj\u015b\u0107 w ci\u0105\u017c\u0119.  <\/p>\n<p>Je\u015bli jest Pani aktywna seksualnie, powinna Pani stosowa\u0107 niezawodn\u0105 metod\u0119 antykoncepcji przez ca\u0142y okres leczenia raka. <b>Diagram poni\u017cszy<\/b> przedstawia r\u00f3\u017cne rodzaje antykoncepcji, kt\u00f3re nale\u017cy rozwa\u017cy\u0107.<\/p>\n<p>Zaleca si\u0119, aby kobiety poddawane leczeniu hormonalnemu stosowa\u0142y niehormonalne metody antykoncepcji. Nale\u017c\u0105 do nich prezerwatywy, prezerwatywy dla kobiet i diafragmy. Pigu\u0142ki antykoncepcyjne s\u0105 rzadziej zalecane kobietom z nowotworami wra\u017cliwymi na hormony Dzieje si\u0119 tak, poniewa\u017c istnieje ryzyko, \u017ce hormony zawarte w pigu\u0142ce antykoncepcyjnej mog\u0105 stymulowa\u0107 pozosta\u0142e kom\u00f3rki nowotworowe.   <\/p>\n<p>Zaleca si\u0119 om\u00f3wienie tych r\u00f3\u017cnych metod antykoncepcji z zespo\u0142em opieki onkologicznej. Zesp\u00f3\u0142 mo\u017ce skierowa\u0107 Pani\u0105 do kliniki planowania rodziny lub lekarza rodzinnego, kt\u00f3ry mo\u017ce udzieli\u0107 dalszych porad. <\/p>\n<p>Poni\u017csze pytania mog\u0105 pom\u00f3c Pani w rozmowie z zespo\u0142em opieki onkologicznej lub lekarzem rodzinnym na temat antykoncepcji:<\/p>\n<ul>\n<li>Jaki \u015brodek antykoncepcyjny b\u0119dzie dla mnie najlepszy podczas leczenia raka?<\/li>\n<li>Jak d\u0142ugo b\u0119d\u0119 musia\u0142a stosowa\u0107 ten \u015brodek antykoncepcyjny?<\/li>\n<li>Czy w przypadku mojego typu nowotworu musz\u0119 stosowa\u0107 niehormonalne metody antykoncepcji?<\/li>\n<li>Je\u015bli nie mam miesi\u0105czki podczas leczenia raka, czy nadal powinnam stosowa\u0107 \u015brodki antykoncepcyjne?<\/li>\n<li>Czy niestosowanie antykoncepcji i zaj\u015bcie w ci\u0105\u017c\u0119 podczas leczenia raka b\u0119dzie mia\u0142o wp\u0142yw na mnie lub moje nienarodzone dziecko?<\/li>\n<\/ul>\t\t\t\t\t\t\t\t<\/div>\n\t\t\t\t<\/div>\n\t\t\t\t<div class=\"elementor-element elementor-element-0a2317e elementor-widget elementor-widget-image\" data-id=\"0a2317e\" data-element_type=\"widget\" data-e-type=\"widget\" data-widget_type=\"image.default\">\n\t\t\t\t<div class=\"elementor-widget-container\">\n\t\t\t\t\t\t\t\t\t\t\t\t\t\t\t<img fetchpriority=\"high\" decoding=\"async\" width=\"800\" height=\"323\" src=\"https:\/\/cancerfertilityandme.org.uk\/wp-content\/uploads\/PO-05-2-1024x413.png\" class=\"attachment-large size-large wp-image-5735\" alt=\"Antykoncepcja w trakcie leczenia raka\" srcset=\"https:\/\/cancerfertilityandme.org.uk\/wp-content\/uploads\/PO-05-2-1024x413.png 1024w, https:\/\/cancerfertilityandme.org.uk\/wp-content\/uploads\/PO-05-2-300x121.png 300w, https:\/\/cancerfertilityandme.org.uk\/wp-content\/uploads\/PO-05-2-768x310.png 768w, https:\/\/cancerfertilityandme.org.uk\/wp-content\/uploads\/PO-05-2.png 1028w\" sizes=\"(max-width: 800px) 100vw, 800px\" \/>\t\t\t\t\t\t\t\t\t\t\t\t\t\t\t<\/div>\n\t\t\t\t<\/div>\n\t\t<div class=\"elementor-element elementor-element-fc74772 e-con-full e-flex e-con e-child\" data-id=\"fc74772\" data-element_type=\"container\" data-e-type=\"container\" data-settings=\"{&quot;background_background&quot;:&quot;classic&quot;}\">\n\t\t\t\t<div class=\"elementor-element elementor-element-7e37a2fd elementor-widget elementor-widget-text-editor\" data-id=\"7e37a2fd\" data-element_type=\"widget\" data-e-type=\"widget\" data-widget_type=\"text-editor.default\">\n\t\t\t\t<div class=\"elementor-widget-container\">\n\t\t\t\t\t\t\t\t\t<p>Nie wszystkie kobiety leczone z powodu raka b\u0119d\u0105 mia\u0142y problem z p\u0142odno\u015bci\u0105. Niekt\u00f3re kobiety mog\u0105 do\u015bwiadczy\u0107 trwa\u0142ej utraty p\u0142odno\u015bci po leczeniu raka. Mo\u017ce to by\u0107 przykre i trudne do zaakceptowania. Mo\u017ce to nast\u0105pi\u0107 w czasie, gdy kobieta planuje za\u0142o\u017cenie rodziny lub chcia\u0142aby mie\u0107 wi\u0119cej dzieci   <\/p><p>Je\u015bli tak jest w Pani przypadku, pomocne mo\u017ce okaza\u0107 si\u0119 skorzystanie z profesjonalnego poradnictwa. Mo\u017ce to by\u0107 dost\u0119pne w ramach us\u0142ug zwi\u0105zanych z p\u0142odno\u015bci\u0105 od osoby, kt\u00f3ra nie jest bezpo\u015brednio zaanga\u017cowana w Pani proces ochrony p\u0142odno\u015bci. Inne organizacje, kt\u00f3re mog\u0105 by\u0107 w stanie zapewni\u0107 wsparcie doradcze, zosta\u0142y wymienione <a href=\"https:\/\/en.cancerfertilityandme.org.uk\/more-information\/useful-contacts\">tutaj<\/a>. Opr\u00f3cz oferowania wsparcia emocjonalnego, b\u0119d\u0105 one w stanie udzieli\u0107 informacji na temat innych opcji. Obejmuj\u0105 one macierzy\u0144stwo zast\u0119pcze, adopcj\u0119 i opiek\u0119 zast\u0119pcz\u0105. Mog\u0105 udzieli\u0107 porady w kwestii innych metod wspomaganego zaj\u015bcia w ci\u0105\u017c\u0119, takich jak: kom\u00f3rki jajowe i zarodki od dawc\u00f3w lub wykorzystanie w\u0142asnych zachowanych kom\u00f3rek jajowych , zarodk\u00f3w czy tkanki jajnikowej.     <\/p><p>Na stronie internetowej <a href=\"http:\/\/www.hfea.gov.uk\" target=\"_blank\" rel=\"noopener\">www.hfea.gov.uk<\/a> znajdzie Pani wi\u0119cej informacji na temat dawstwa kom\u00f3rek jajowych lub zarodk\u00f3w oraz macierzy\u0144stwa zast\u0119pczego.<\/p><p>Wymienione <a href=\"#\">tutaj <\/a>organizacje udzielaj\u0105 informacji i wsparcia osobom zainteresowanym opiek\u0105 zast\u0119pcz\u0105 i adopcj\u0105.<\/p>\t\t\t\t\t\t\t\t<\/div>\n\t\t\t\t<\/div>\n\t\t\t\t<\/div>\n\t\t\t\t<\/div>\n\t\t<div class=\"elementor-element elementor-element-6dd782a2 e-con-full e-flex e-con e-child\" data-id=\"6dd782a2\" data-element_type=\"container\" data-e-type=\"container\">\n\t\t<div class=\"elementor-element elementor-element-b9ecefe e-con-full e-flex e-con e-child\" data-id=\"b9ecefe\" data-element_type=\"container\" data-e-type=\"container\">\n\t\t\t\t<div class=\"elementor-element elementor-element-503b5a03 elementor-widget elementor-widget-image\" data-id=\"503b5a03\" data-element_type=\"widget\" data-e-type=\"widget\" data-widget_type=\"image.default\">\n\t\t\t\t<div class=\"elementor-widget-container\">\n\t\t\t\t\t\t\t\t\t\t\t\t\t\t\t\t<a href=\"http:\/\/.\/\">\n\t\t\t\t\t\t\t<img decoding=\"async\" width=\"400\" height=\"440\" src=\"https:\/\/cancerfertilityandme.org.uk\/wp-content\/uploads\/cancerfertilityandme-logo-column-adult-women.png\" class=\"attachment-full size-full wp-image-2283\" alt=\"\" srcset=\"https:\/\/cancerfertilityandme.org.uk\/wp-content\/uploads\/cancerfertilityandme-logo-column-adult-women.png 400w, https:\/\/cancerfertilityandme.org.uk\/wp-content\/uploads\/cancerfertilityandme-logo-column-adult-women-273x300.png 273w\" sizes=\"(max-width: 400px) 100vw, 400px\" \/>\t\t\t\t\t\t\t\t<\/a>\n\t\t\t\t\t\t\t\t\t\t\t\t\t\t\t<\/div>\n\t\t\t\t<\/div>\n\t\t\t\t<\/div>\n\t\t<div class=\"elementor-element elementor-element-24f8d263 e-con-full e-flex e-con e-child\" data-id=\"24f8d263\" data-element_type=\"container\" data-e-type=\"container\">\n\t\t\t\t<div class=\"elementor-element elementor-element-56b68a21 elementor-widget elementor-widget-heading\" data-id=\"56b68a21\" data-element_type=\"widget\" data-e-type=\"widget\" data-widget_type=\"heading.default\">\n\t\t\t\t<div class=\"elementor-widget-container\">\n\t\t\t\t\t<h3 class=\"elementor-heading-title elementor-size-default\">Aby uzyska\u0107 wi\u0119cej informacji, skorzystaj z tych \u0142\u0105czy<\/h3>\t\t\t\t<\/div>\n\t\t\t\t<\/div>\n\t\t\t\t<div class=\"elementor-element elementor-element-27951d47 elementor-nav-menu--dropdown-none elementor-widget elementor-widget-nav-menu\" data-id=\"27951d47\" data-element_type=\"widget\" data-e-type=\"widget\" data-settings=\"{&quot;layout&quot;:&quot;vertical&quot;,&quot;submenu_icon&quot;:{&quot;value&quot;:&quot;&lt;svg aria-hidden=\\&quot;true\\&quot; class=\\&quot;e-font-icon-svg e-fas-caret-down\\&quot; viewBox=\\&quot;0 0 320 512\\&quot; xmlns=\\&quot;http:\\\/\\\/www.w3.org\\\/2000\\\/svg\\&quot;&gt;&lt;path d=\\&quot;M31.3 192h257.3c17.8 0 26.7 21.5 14.1 34.1L174.1 354.8c-7.8 7.8-20.5 7.8-28.3 0L17.2 226.1C4.6 213.5 13.5 192 31.3 192z\\&quot;&gt;&lt;\\\/path&gt;&lt;\\\/svg&gt;&quot;,&quot;library&quot;:&quot;fa-solid&quot;}}\" data-widget_type=\"nav-menu.default\">\n\t\t\t\t<div class=\"elementor-widget-container\">\n\t\t\t\t\t\t\t\t<nav aria-label=\"Menu\" class=\"elementor-nav-menu--main elementor-nav-menu__container elementor-nav-menu--layout-vertical e--pointer-none\">\n\t\t\t\t<ul id=\"menu-1-27951d47\" class=\"elementor-nav-menu sm-vertical\"><li class=\"menu-item menu-item-type-post_type menu-item-object-page menu-item-6971\"><a href=\"https:\/\/cancerfertilityandme.org.uk\/adult-women\/contraception-family-planning\/\" class=\"elementor-item\">Antykoncepcja i planowanie rodziny<\/a><\/li>\n<li class=\"menu-item menu-item-type-post_type menu-item-object-page menu-item-6972\"><a href=\"https:\/\/cancerfertilityandme.org.uk\/adult-women\/contraception-family-planning\/contraception-during-cancer-treatment\/\" class=\"elementor-item\">Antykoncepcja w trakcie leczenia raka<\/a><\/li>\n<li class=\"menu-item menu-item-type-post_type menu-item-object-page menu-item-6973\"><a href=\"https:\/\/cancerfertilityandme.org.uk\/adult-women\/contraception-family-planning\/family-planning-decisions-after-cancer-treatment\/\" class=\"elementor-item\">Decyzje dotycz\u0105ce planowania rodziny po leczeniu raka<\/a><\/li>\n<li class=\"menu-item menu-item-type-post_type menu-item-object-page menu-item-8692\"><a href=\"https:\/\/cancerfertilityandme.org.uk\/adult-women\/making-your-fertility-preservation-decision\/questions-to-ask-your-cancer-care-team-or-gp\/\" class=\"elementor-item\">Wa\u017cne pytania do zespo\u0142u opieki onkologicznej lub lekarza rodzinnego<\/a><\/li>\n<\/ul>\t\t\t<\/nav>\n\t\t\t\t\t\t<nav class=\"elementor-nav-menu--dropdown elementor-nav-menu__container\" aria-hidden=\"true\">\n\t\t\t\t<ul id=\"menu-2-27951d47\" class=\"elementor-nav-menu sm-vertical\"><li class=\"menu-item menu-item-type-post_type menu-item-object-page menu-item-6971\"><a href=\"https:\/\/cancerfertilityandme.org.uk\/adult-women\/contraception-family-planning\/\" class=\"elementor-item\" tabindex=\"-1\">Antykoncepcja i planowanie rodziny<\/a><\/li>\n<li class=\"menu-item menu-item-type-post_type menu-item-object-page menu-item-6972\"><a href=\"https:\/\/cancerfertilityandme.org.uk\/adult-women\/contraception-family-planning\/contraception-during-cancer-treatment\/\" class=\"elementor-item\" tabindex=\"-1\">Antykoncepcja w trakcie leczenia raka<\/a><\/li>\n<li class=\"menu-item menu-item-type-post_type menu-item-object-page menu-item-6973\"><a href=\"https:\/\/cancerfertilityandme.org.uk\/adult-women\/contraception-family-planning\/family-planning-decisions-after-cancer-treatment\/\" class=\"elementor-item\" tabindex=\"-1\">Decyzje dotycz\u0105ce planowania rodziny po leczeniu raka<\/a><\/li>\n<li class=\"menu-item menu-item-type-post_type menu-item-object-page menu-item-8692\"><a href=\"https:\/\/cancerfertilityandme.org.uk\/adult-women\/making-your-fertility-preservation-decision\/questions-to-ask-your-cancer-care-team-or-gp\/\" class=\"elementor-item\" tabindex=\"-1\">Wa\u017cne pytania do zespo\u0142u opieki onkologicznej lub lekarza rodzinnego<\/a><\/li>\n<\/ul>\t\t\t<\/nav>\n\t\t\t\t\t\t<\/div>\n\t\t\t\t<\/div>\n\t\t\t\t<\/div>\n\t\t\t\t<\/div>\n\t\t\t\t\t<\/div>\n\t\t\t\t<\/main>\n\t\t\t\t<\/div>\n\t\t","protected":false},"excerpt":{"rendered":"<p>Antykoncepcja w trakcie leczenia raka Kobietom zdecydowanie odradza si\u0119 zachodzenie w ci\u0105\u017c\u0119 podczas leczenia raka. Wynika to z faktu, \u017ce leczenie raka mo\u017ce uszkodzi\u0107 nienarodzone dziecko na wczesnych etapach rozwoju. Nawet je\u015bli miesi\u0105czka ustanie podczas leczenia, nie oznacza to, \u017ce nie mo\u017ce Pani zaj\u015b\u0107 w ci\u0105\u017c\u0119. Je\u015bli jest Pani aktywna seksualnie, powinna Pani stosowa\u0107 niezawodn\u0105 [&hellip;]<\/p>\n","protected":false},"author":1,"featured_media":5719,"parent":6300,"menu_order":0,"comment_status":"closed","ping_status":"open","template":"","meta":{"footnotes":""},"class_list":["post-6302","page","type-page","status-publish","has-post-thumbnail","hentry"],"_links":{"self":[{"href":"https:\/\/cancerfertilityandme.org.uk\/pl\/wp-json\/wp\/v2\/pages\/6302","targetHints":{"allow":["GET"]}}],"collection":[{"href":"https:\/\/cancerfertilityandme.org.uk\/pl\/wp-json\/wp\/v2\/pages"}],"about":[{"href":"https:\/\/cancerfertilityandme.org.uk\/pl\/wp-json\/wp\/v2\/types\/page"}],"author":[{"embeddable":true,"href":"https:\/\/cancerfertilityandme.org.uk\/pl\/wp-json\/wp\/v2\/users\/1"}],"replies":[{"embeddable":true,"href":"https:\/\/cancerfertilityandme.org.uk\/pl\/wp-json\/wp\/v2\/comments?post=6302"}],"version-history":[{"count":10,"href":"https:\/\/cancerfertilityandme.org.uk\/pl\/wp-json\/wp\/v2\/pages\/6302\/revisions"}],"predecessor-version":[{"id":11037,"href":"https:\/\/cancerfertilityandme.org.uk\/pl\/wp-json\/wp\/v2\/pages\/6302\/revisions\/11037"}],"up":[{"embeddable":true,"href":"https:\/\/cancerfertilityandme.org.uk\/pl\/wp-json\/wp\/v2\/pages\/6300"}],"wp:featuredmedia":[{"embeddable":true,"href":"https:\/\/cancerfertilityandme.org.uk\/pl\/wp-json\/wp\/v2\/media\/5719"}],"wp:attachment":[{"href":"https:\/\/cancerfertilityandme.org.uk\/pl\/wp-json\/wp\/v2\/media?parent=6302"}],"curies":[{"name":"wp","href":"https:\/\/api.w.org\/{rel}","templated":true}]}}