{"id":6292,"date":"2018-11-07T09:40:16","date_gmt":"2018-11-07T09:40:16","guid":{"rendered":"https:\/\/cancerfertilityandme.org.uk\/tlumienie-czynnosci-jajnikow\/"},"modified":"2025-11-17T10:59:24","modified_gmt":"2025-11-17T10:59:24","slug":"tlumienie-czynnosci-jajnikow","status":"publish","type":"page","link":"https:\/\/cancerfertilityandme.org.uk\/pl\/dorosle-kobiety\/opcje-zachowania-plodnosci\/tlumienie-czynnosci-jajnikow\/","title":{"rendered":"T\u0142umienie czynno\u015bci jajnik\u00f3w"},"content":{"rendered":"\t\t<div data-elementor-type=\"wp-page\" data-elementor-id=\"6292\" class=\"elementor elementor-6292 elementor-5457\" data-elementor-post-type=\"page\">\n\t\t\t\t<main class=\"elementor-element elementor-element-3014c1cc e-flex e-con-boxed e-con e-parent\" data-id=\"3014c1cc\" data-element_type=\"container\" data-e-type=\"container\">\n\t\t\t\t\t<div class=\"e-con-inner\">\n\t\t<div class=\"elementor-element elementor-element-177c0222 e-con-full e-flex e-con e-child\" data-id=\"177c0222\" data-element_type=\"container\" data-e-type=\"container\">\n\t\t\t\t<div class=\"elementor-element elementor-element-773dc4dd elementor-widget elementor-widget-text-editor\" data-id=\"773dc4dd\" data-element_type=\"widget\" data-e-type=\"widget\" data-widget_type=\"text-editor.default\">\n\t\t\t\t<div class=\"elementor-widget-container\">\n\t\t\t\t\t\t\t\t\t<h2>T\u0142umienie czynno\u015bci jajnik\u00f3w<\/h2><p><strong>Jest to opcja ochrony jajnik\u00f3w podczas leczenia raka. Jest to leczenie hormonalne, w postaci zastrzyk\u00f3w. Dzia\u0142a poprzez tymczasowe \u201cwy\u0142\u0105czenie\u201d estrogenu wytwarzanego przez jajnik. Powoduje to zatrzymanie miesi\u0105czki do czasu zako\u0144czenia leczenia raka. Nie jest jasne, czy zwi\u0119ksza szans\u0119 na urodzenie dziecka po leczeniu raka. Supresja jajnik\u00f3w mo\u017ce by\u0107 stosowana bezpo\u015brednio przed i w trakcie chemioterapii.     <\/strong><\/p><h3>Dla kogo ?<\/h3><p>Kobiet, kt\u00f3re chc\u0105 zachowa\u0107 swoj\u0105 p\u0142odno\u015b\u0107 i:<\/p><ul><li>Przesz\u0142y okres dojrzewania i s\u0105 w trakcie chemioterapii.<\/li><\/ul><h3>Co si\u0119 z tym wi\u0105\u017ce?<\/h3><p>B\u0119dzie Pani musia\u0142a przyjmowa\u0107 comiesi\u0119czne zastrzyki, kt\u00f3re zatrzymuj\u0105 hormony stymuluj\u0105ce jajniki. Mo\u017ce Pani zosta\u0107 zaproponowane leczenie analogiem hormonu uwalniaj\u0105cego gonadotropin\u0119 (GnRH). Jest to terapia hormonalna, kt\u00f3ra mo\u017ce r\u00f3wnie\u017c pom\u00f3c zachowa\u0107 Pani p\u0142odno\u015b\u0107.  <\/p><h3>Jaka jest szansa na urodzenie dziecka po supresji jajnik\u00f3w?<\/h3><p>Szansa na urodzenie dziecka w przysz\u0142o\u015bci zale\u017cy od tego, w jaki spos\u00f3b leczenie raka wp\u0142yn\u0119\u0142o na Pani jajniki. Skuteczno\u015b\u0107 tej metody ochrony jajnik\u00f3w przy stosowaniu chemioterapii jest jedynie znana u kobiet z nowotworem piersi, i mo\u017ce nie by\u0107 skuteczna u kobiet cierpi\u0105cych na inne nowotwory. Nie jest jasne, w jakim stopniu zwi\u0119ksza to szans\u0119 na urodzenie dziecka po leczeniu i mo\u017ce by\u0107 mniej skuteczne ni\u017c techniki zamra\u017cania, wi\u0119c je\u015bli s\u0105 one mo\u017cliwe, a przysz\u0142a p\u0142odno\u015b\u0107 jest dla Pani wa\u017cna, nie powinna Pani wybiera\u0107 supresji jajnik\u00f3w zamiast technik zamra\u017cania.  <\/p><h3>Czy ta opcja wp\u0142ynie na zdrowie dziecka?<\/h3><p>Nie, dane sugeruj\u0105, \u017ce ta opcja nie wp\u0142ynie na zdrowie dziecka urodzonego po zastosowaniu supresji jajnik\u00f3w.<\/p><h3>Czy s\u0105 jakie\u015b skutki uboczne leczenia stosowanego w supresji jajnik\u00f3w?<\/h3><p>Ta opcja oznacza wy\u0142\u0105czenie jajnik\u00f3w na kr\u00f3tki czas. Mo\u017ce to powodowa\u0107 skutki uboczne typowe dla menopauzy, takie jak uderzenia gor\u0105ca, zmiany nastroju, trudno\u015bci ze snem i sucho\u015b\u0107 pochwy. Objawy te s\u0105 tymczasowe, poniewa\u017c supresja jajnik\u00f3w nie powoduje trwa\u0142ej menopauzy.  <\/p><h3>Czy ta opcja op\u00f3\u017ani rozpocz\u0119cie mojego leczenia raka?<\/h3><p>Zastrzyki hormonalne s\u0105 przewa\u017cnie podawane co miesi\u0105c i rozpoczn\u0105 si\u0119 oko\u0142o 2 tygodnie przed leczeniem raka. Po rozpocz\u0119ciu leczenia raka zastrzyki s\u0105 podawane co miesi\u0105c przez ca\u0142y czas, gdy kobieta otrzymuje chemioterapi\u0119. <\/p><h3>Czy ta opcja wp\u0142ynie na ryzyko powrotu nowotworu?<\/h3><p>Badania wykaza\u0142y, \u017ce supresja jajnik\u00f3w nie wp\u0142ywa na ryzyko nawrotu raka<\/p>\t\t\t\t\t\t\t\t<\/div>\n\t\t\t\t<\/div>\n\t\t<div class=\"elementor-element elementor-element-5d10bed5 e-con-full e-flex e-con e-child\" data-id=\"5d10bed5\" data-element_type=\"container\" data-e-type=\"container\" data-settings=\"{&quot;background_background&quot;:&quot;classic&quot;}\">\n\t\t\t\t<div class=\"elementor-element elementor-element-581fd43b elementor-widget elementor-widget-text-editor\" data-id=\"581fd43b\" data-element_type=\"widget\" data-e-type=\"widget\" data-widget_type=\"text-editor.default\">\n\t\t\t\t<div class=\"elementor-widget-container\">\n\t\t\t\t\t\t\t\t\t<p><strong>Przydatne mo\u017ce okaza\u0107 si\u0119 zapisanie, co podoba si\u0119 Pani w tej opcji, a co Pani\u0105 niepokoi.<\/strong><\/p><p>Te notatki mog\u0105 pom\u00f3c Pani porozmawia\u0107 o tym, czy ta opcja jest dla Pani najlepsza z zespo\u0142em opieki onkologicznej i zespo\u0142em opieki nad p\u0142odno\u015bci\u0105, partnerem, rodzin\u0105 i przyjaci\u00f3\u0142mi.<\/p>\t\t\t\t\t\t\t\t<\/div>\n\t\t\t\t<\/div>\n\t\t\t\t<\/div>\n\t\t\t\t<\/div>\n\t\t<div class=\"elementor-element elementor-element-197396fe e-con-full e-flex e-con e-child\" data-id=\"197396fe\" data-element_type=\"container\" data-e-type=\"container\">\n\t\t<div class=\"elementor-element elementor-element-70149e82 e-con-full e-flex e-con e-child\" data-id=\"70149e82\" data-element_type=\"container\" data-e-type=\"container\">\n\t\t\t\t<div class=\"elementor-element elementor-element-247aad18 elementor-widget elementor-widget-image\" data-id=\"247aad18\" data-element_type=\"widget\" data-e-type=\"widget\" data-widget_type=\"image.default\">\n\t\t\t\t<div class=\"elementor-widget-container\">\n\t\t\t\t\t\t\t\t\t\t\t\t\t\t\t\t<a href=\"http:\/\/.\/\">\n\t\t\t\t\t\t\t<img fetchpriority=\"high\" decoding=\"async\" width=\"400\" height=\"440\" src=\"https:\/\/cancerfertilityandme.org.uk\/wp-content\/uploads\/cancerfertilityandme-logo-column-adult-women.png\" class=\"attachment-full size-full wp-image-2283\" alt=\"\" srcset=\"https:\/\/cancerfertilityandme.org.uk\/wp-content\/uploads\/cancerfertilityandme-logo-column-adult-women.png 400w, https:\/\/cancerfertilityandme.org.uk\/wp-content\/uploads\/cancerfertilityandme-logo-column-adult-women-273x300.png 273w\" sizes=\"(max-width: 400px) 100vw, 400px\" \/>\t\t\t\t\t\t\t\t<\/a>\n\t\t\t\t\t\t\t\t\t\t\t\t\t\t\t<\/div>\n\t\t\t\t<\/div>\n\t\t\t\t<\/div>\n\t\t<div class=\"elementor-element elementor-element-388435d0 e-con-full e-flex e-con e-child\" data-id=\"388435d0\" data-element_type=\"container\" data-e-type=\"container\">\n\t\t\t\t<div class=\"elementor-element elementor-element-4d5f6543 elementor-widget elementor-widget-heading\" data-id=\"4d5f6543\" data-element_type=\"widget\" data-e-type=\"widget\" data-widget_type=\"heading.default\">\n\t\t\t\t<div class=\"elementor-widget-container\">\n\t\t\t\t\t<h3 class=\"elementor-heading-title elementor-size-default\">Aby uzyska\u0107 wi\u0119cej informacji, skorzystaj z tych \u0142\u0105czy<\/h3>\t\t\t\t<\/div>\n\t\t\t\t<\/div>\n\t\t\t\t<div class=\"elementor-element elementor-element-2a91258f elementor-nav-menu--dropdown-none elementor-widget elementor-widget-nav-menu\" data-id=\"2a91258f\" data-element_type=\"widget\" data-e-type=\"widget\" data-settings=\"{&quot;layout&quot;:&quot;vertical&quot;,&quot;submenu_icon&quot;:{&quot;value&quot;:&quot;&lt;svg aria-hidden=\\&quot;true\\&quot; class=\\&quot;e-font-icon-svg e-fas-caret-down\\&quot; viewBox=\\&quot;0 0 320 512\\&quot; xmlns=\\&quot;http:\\\/\\\/www.w3.org\\\/2000\\\/svg\\&quot;&gt;&lt;path d=\\&quot;M31.3 192h257.3c17.8 0 26.7 21.5 14.1 34.1L174.1 354.8c-7.8 7.8-20.5 7.8-28.3 0L17.2 226.1C4.6 213.5 13.5 192 31.3 192z\\&quot;&gt;&lt;\\\/path&gt;&lt;\\\/svg&gt;&quot;,&quot;library&quot;:&quot;fa-solid&quot;}}\" data-widget_type=\"nav-menu.default\">\n\t\t\t\t<div class=\"elementor-widget-container\">\n\t\t\t\t\t\t\t\t<nav aria-label=\"Menu\" class=\"elementor-nav-menu--main elementor-nav-menu__container elementor-nav-menu--layout-vertical e--pointer-none\">\n\t\t\t\t<ul id=\"menu-1-2a91258f\" class=\"elementor-nav-menu sm-vertical\"><li class=\"menu-item menu-item-type-post_type menu-item-object-page menu-item-6985\"><a href=\"https:\/\/cancerfertilityandme.org.uk\/adult-women\/fertility-preservation-options\/\" class=\"elementor-item\">Opcje zachowania p\u0142odno\u015bci<\/a><\/li>\n<li class=\"menu-item menu-item-type-post_type menu-item-object-page menu-item-6994\"><a href=\"https:\/\/cancerfertilityandme.org.uk\/adult-women\/fertility-preservation-options\/summary-of-fertility-preservation-options\/\" class=\"elementor-item\">Podsumowanie opcji zachowania p\u0142odno\u015bci<\/a><\/li>\n<li class=\"menu-item menu-item-type-post_type menu-item-object-page menu-item-6990\"><a href=\"https:\/\/cancerfertilityandme.org.uk\/adult-women\/fertility-preservation-options\/no-fertility-preservation\/\" class=\"elementor-item\">Brak zachowania p\u0142odno\u015bci<\/a><\/li>\n<li class=\"menu-item menu-item-type-post_type menu-item-object-page menu-item-6987\"><a href=\"https:\/\/cancerfertilityandme.org.uk\/adult-women\/fertility-preservation-options\/egg-freezing\/\" class=\"elementor-item\">Zamra\u017canie kom\u00f3rek jajowych<\/a><\/li>\n<li class=\"menu-item menu-item-type-post_type menu-item-object-page menu-item-6988\"><a href=\"https:\/\/cancerfertilityandme.org.uk\/adult-women\/fertility-preservation-options\/embryo-freezing\/\" class=\"elementor-item\">Zamra\u017canie zarodk\u00f3w<\/a><\/li>\n<li class=\"menu-item menu-item-type-post_type menu-item-object-page menu-item-6992\"><a href=\"https:\/\/cancerfertilityandme.org.uk\/adult-women\/fertility-preservation-options\/ovarian-tissue-freezing\/\" class=\"elementor-item\">Zamra\u017canie tkanki jajnika<\/a><\/li>\n<li class=\"menu-item menu-item-type-post_type menu-item-object-page menu-item-6991\"><a href=\"https:\/\/cancerfertilityandme.org.uk\/adult-women\/fertility-preservation-options\/ovarian-suppression\/\" class=\"elementor-item\">T\u0142umienie czynno\u015bci jajnik\u00f3w<\/a><\/li>\n<li class=\"menu-item menu-item-type-post_type menu-item-object-page menu-item-6986\"><a href=\"https:\/\/cancerfertilityandme.org.uk\/adult-women\/fertility-preservation-options\/cancer-specific-fertility-sparing-options\/\" class=\"elementor-item\">Opcje oszcz\u0119dzaj\u0105ce p\u0142odno\u015b\u0107 w wybranych nowotworach<\/a><\/li>\n<li class=\"menu-item menu-item-type-post_type menu-item-object-page menu-item-11368\"><a href=\"https:\/\/cancerfertilityandme.org.uk\/adult-women\/fertility-preservation-options\/other-cancer-treatments\/\" class=\"elementor-item\">Inne metody leczenia raka<\/a><\/li>\n<li class=\"menu-item menu-item-type-post_type menu-item-object-page menu-item-6993\"><a href=\"https:\/\/cancerfertilityandme.org.uk\/adult-women\/fertility-preservation-options\/questions-to-ask-your-cancer-fertility-care-teams\/\" class=\"elementor-item\">Pytania, kt\u00f3re nale\u017cy zada\u0107 zespo\u0142om zajmuj\u0105cym si\u0119 leczeniem raka i opiek\u0105 nad p\u0142odno\u015bci\u0105<\/a><\/li>\n<\/ul>\t\t\t<\/nav>\n\t\t\t\t\t\t<nav class=\"elementor-nav-menu--dropdown elementor-nav-menu__container\" aria-hidden=\"true\">\n\t\t\t\t<ul id=\"menu-2-2a91258f\" class=\"elementor-nav-menu sm-vertical\"><li class=\"menu-item menu-item-type-post_type menu-item-object-page menu-item-6985\"><a href=\"https:\/\/cancerfertilityandme.org.uk\/adult-women\/fertility-preservation-options\/\" class=\"elementor-item\" tabindex=\"-1\">Opcje zachowania p\u0142odno\u015bci<\/a><\/li>\n<li class=\"menu-item menu-item-type-post_type menu-item-object-page menu-item-6994\"><a href=\"https:\/\/cancerfertilityandme.org.uk\/adult-women\/fertility-preservation-options\/summary-of-fertility-preservation-options\/\" class=\"elementor-item\" tabindex=\"-1\">Podsumowanie opcji zachowania p\u0142odno\u015bci<\/a><\/li>\n<li class=\"menu-item menu-item-type-post_type menu-item-object-page menu-item-6990\"><a href=\"https:\/\/cancerfertilityandme.org.uk\/adult-women\/fertility-preservation-options\/no-fertility-preservation\/\" class=\"elementor-item\" tabindex=\"-1\">Brak zachowania p\u0142odno\u015bci<\/a><\/li>\n<li class=\"menu-item menu-item-type-post_type menu-item-object-page menu-item-6987\"><a href=\"https:\/\/cancerfertilityandme.org.uk\/adult-women\/fertility-preservation-options\/egg-freezing\/\" class=\"elementor-item\" tabindex=\"-1\">Zamra\u017canie kom\u00f3rek jajowych<\/a><\/li>\n<li class=\"menu-item menu-item-type-post_type menu-item-object-page menu-item-6988\"><a href=\"https:\/\/cancerfertilityandme.org.uk\/adult-women\/fertility-preservation-options\/embryo-freezing\/\" class=\"elementor-item\" tabindex=\"-1\">Zamra\u017canie zarodk\u00f3w<\/a><\/li>\n<li class=\"menu-item menu-item-type-post_type menu-item-object-page menu-item-6992\"><a href=\"https:\/\/cancerfertilityandme.org.uk\/adult-women\/fertility-preservation-options\/ovarian-tissue-freezing\/\" class=\"elementor-item\" tabindex=\"-1\">Zamra\u017canie tkanki jajnika<\/a><\/li>\n<li class=\"menu-item menu-item-type-post_type menu-item-object-page menu-item-6991\"><a href=\"https:\/\/cancerfertilityandme.org.uk\/adult-women\/fertility-preservation-options\/ovarian-suppression\/\" class=\"elementor-item\" tabindex=\"-1\">T\u0142umienie czynno\u015bci jajnik\u00f3w<\/a><\/li>\n<li class=\"menu-item menu-item-type-post_type menu-item-object-page menu-item-6986\"><a href=\"https:\/\/cancerfertilityandme.org.uk\/adult-women\/fertility-preservation-options\/cancer-specific-fertility-sparing-options\/\" class=\"elementor-item\" tabindex=\"-1\">Opcje oszcz\u0119dzaj\u0105ce p\u0142odno\u015b\u0107 w wybranych nowotworach<\/a><\/li>\n<li class=\"menu-item menu-item-type-post_type menu-item-object-page menu-item-11368\"><a href=\"https:\/\/cancerfertilityandme.org.uk\/adult-women\/fertility-preservation-options\/other-cancer-treatments\/\" class=\"elementor-item\" tabindex=\"-1\">Inne metody leczenia raka<\/a><\/li>\n<li class=\"menu-item menu-item-type-post_type menu-item-object-page menu-item-6993\"><a href=\"https:\/\/cancerfertilityandme.org.uk\/adult-women\/fertility-preservation-options\/questions-to-ask-your-cancer-fertility-care-teams\/\" class=\"elementor-item\" tabindex=\"-1\">Pytania, kt\u00f3re nale\u017cy zada\u0107 zespo\u0142om zajmuj\u0105cym si\u0119 leczeniem raka i opiek\u0105 nad p\u0142odno\u015bci\u0105<\/a><\/li>\n<\/ul>\t\t\t<\/nav>\n\t\t\t\t\t\t<\/div>\n\t\t\t\t<\/div>\n\t\t\t\t<\/div>\n\t\t\t\t<\/div>\n\t\t\t\t\t<\/div>\n\t\t\t\t<\/main>\n\t\t\t\t<\/div>\n\t\t","protected":false},"excerpt":{"rendered":"<p>T\u0142umienie czynno\u015bci jajnik\u00f3w Jest to opcja ochrony jajnik\u00f3w podczas leczenia raka. Jest to leczenie hormonalne, w postaci zastrzyk\u00f3w. Dzia\u0142a poprzez tymczasowe \u201cwy\u0142\u0105czenie\u201d estrogenu wytwarzanego przez jajnik. Powoduje to zatrzymanie miesi\u0105czki do czasu zako\u0144czenia leczenia raka. Nie jest jasne, czy zwi\u0119ksza szans\u0119 na urodzenie dziecka po leczeniu raka. Supresja jajnik\u00f3w mo\u017ce by\u0107 stosowana bezpo\u015brednio przed i [&hellip;]<\/p>\n","protected":false},"author":1,"featured_media":0,"parent":6280,"menu_order":0,"comment_status":"closed","ping_status":"open","template":"","meta":{"footnotes":""},"class_list":["post-6292","page","type-page","status-publish","hentry"],"_links":{"self":[{"href":"https:\/\/cancerfertilityandme.org.uk\/pl\/wp-json\/wp\/v2\/pages\/6292","targetHints":{"allow":["GET"]}}],"collection":[{"href":"https:\/\/cancerfertilityandme.org.uk\/pl\/wp-json\/wp\/v2\/pages"}],"about":[{"href":"https:\/\/cancerfertilityandme.org.uk\/pl\/wp-json\/wp\/v2\/types\/page"}],"author":[{"embeddable":true,"href":"https:\/\/cancerfertilityandme.org.uk\/pl\/wp-json\/wp\/v2\/users\/1"}],"replies":[{"embeddable":true,"href":"https:\/\/cancerfertilityandme.org.uk\/pl\/wp-json\/wp\/v2\/comments?post=6292"}],"version-history":[{"count":3,"href":"https:\/\/cancerfertilityandme.org.uk\/pl\/wp-json\/wp\/v2\/pages\/6292\/revisions"}],"predecessor-version":[{"id":9507,"href":"https:\/\/cancerfertilityandme.org.uk\/pl\/wp-json\/wp\/v2\/pages\/6292\/revisions\/9507"}],"up":[{"embeddable":true,"href":"https:\/\/cancerfertilityandme.org.uk\/pl\/wp-json\/wp\/v2\/pages\/6280"}],"wp:attachment":[{"href":"https:\/\/cancerfertilityandme.org.uk\/pl\/wp-json\/wp\/v2\/media?parent=6292"}],"curies":[{"name":"wp","href":"https:\/\/api.w.org\/{rel}","templated":true}]}}