{"id":6290,"date":"2018-11-21T10:17:15","date_gmt":"2018-11-21T10:17:15","guid":{"rendered":"https:\/\/cancerfertilityandme.org.uk\/zamrazanie-tkanki-jajnika\/"},"modified":"2025-11-17T10:59:58","modified_gmt":"2025-11-17T10:59:58","slug":"zamrazanie-tkanki-jajnika","status":"publish","type":"page","link":"https:\/\/cancerfertilityandme.org.uk\/pl\/dorosle-kobiety\/opcje-zachowania-plodnosci\/zamrazanie-tkanki-jajnika\/","title":{"rendered":"Zamra\u017canie tkanki jajnika"},"content":{"rendered":"\t\t<div data-elementor-type=\"wp-page\" data-elementor-id=\"6290\" class=\"elementor elementor-6290 elementor-5597\" data-elementor-post-type=\"page\">\n\t\t\t\t<main class=\"elementor-element elementor-element-2bc4a5f6 e-flex e-con-boxed e-con e-parent\" data-id=\"2bc4a5f6\" data-element_type=\"container\" data-e-type=\"container\">\n\t\t\t\t\t<div class=\"e-con-inner\">\n\t\t<div class=\"elementor-element elementor-element-70269460 e-con-full e-flex e-con e-child\" data-id=\"70269460\" data-element_type=\"container\" data-e-type=\"container\">\n\t\t\t\t<div class=\"elementor-element elementor-element-6af669fd elementor-widget elementor-widget-n-accordion\" data-id=\"6af669fd\" data-element_type=\"widget\" data-e-type=\"widget\" data-settings=\"{&quot;default_state&quot;:&quot;all_collapsed&quot;,&quot;max_items_expended&quot;:&quot;one&quot;,&quot;n_accordion_animation_duration&quot;:{&quot;unit&quot;:&quot;ms&quot;,&quot;size&quot;:400,&quot;sizes&quot;:[]}}\" data-widget_type=\"nested-accordion.default\">\n\t\t\t\t<div class=\"elementor-widget-container\">\n\t\t\t\t\t\t\t<div class=\"e-n-accordion\" aria-label=\"Accordion. Open links with Enter or Space, close with Escape, and navigate with Arrow Keys\">\n\t\t\t\t\t\t<details id=\"e-n-accordion-item-1790\" class=\"e-n-accordion-item\" >\n\t\t\t\t<summary class=\"e-n-accordion-item-title\" data-accordion-index=\"1\" tabindex=\"0\" aria-expanded=\"false\" aria-controls=\"e-n-accordion-item-1790\" >\n\t\t\t\t\t<span class='e-n-accordion-item-title-header'><div class=\"e-n-accordion-item-title-text\"> Zamra\u017canie - wprowadzenie <\/div><\/span>\n\t\t\t\t\t\t\t<span class='e-n-accordion-item-title-icon'>\n\t\t\t<span class='e-opened' ><svg aria-hidden=\"true\" class=\"e-font-icon-svg e-fas-minus\" viewBox=\"0 0 448 512\" xmlns=\"http:\/\/www.w3.org\/2000\/svg\"><path d=\"M416 208H32c-17.67 0-32 14.33-32 32v32c0 17.67 14.33 32 32 32h384c17.67 0 32-14.33 32-32v-32c0-17.67-14.33-32-32-32z\"><\/path><\/svg><\/span>\n\t\t\t<span class='e-closed'><svg aria-hidden=\"true\" class=\"e-font-icon-svg e-fas-plus\" viewBox=\"0 0 448 512\" xmlns=\"http:\/\/www.w3.org\/2000\/svg\"><path d=\"M416 208H272V64c0-17.67-14.33-32-32-32h-32c-17.67 0-32 14.33-32 32v144H32c-17.67 0-32 14.33-32 32v32c0 17.67 14.33 32 32 32h144v144c0 17.67 14.33 32 32 32h32c17.67 0 32-14.33 32-32V304h144c17.67 0 32-14.33 32-32v-32c0-17.67-14.33-32-32-32z\"><\/path><\/svg><\/span>\n\t\t<\/span>\n\n\t\t\t\t\t\t<\/summary>\n\t\t\t\t<div role=\"region\" aria-labelledby=\"e-n-accordion-item-1790\" class=\"elementor-element elementor-element-2d16a357 e-con-full e-flex e-con e-child\" data-id=\"2d16a357\" data-element_type=\"container\" data-e-type=\"container\" data-settings=\"{&quot;background_background&quot;:&quot;classic&quot;}\">\n\t\t\t\t<div class=\"elementor-element elementor-element-344071ab elementor-widget elementor-widget-text-editor\" data-id=\"344071ab\" data-element_type=\"widget\" data-e-type=\"widget\" data-widget_type=\"text-editor.default\">\n\t\t\t\t<div class=\"elementor-widget-container\">\n\t\t\t\t\t\t\t\t\t<h3>Zamra\u017canie<\/h3><p><strong>Istniej\u0105 trzy opcje zamra\u017cania, kt\u00f3re mog\u0105 pom\u00f3c zachowa\u0107 p\u0142odno\u015b\u0107 kobiety:<\/strong><\/p><ul><li>Zamra\u017canie kom\u00f3rek jajowych<\/li><li>Zamra\u017canie zarodk\u00f3w<\/li><li>Zamra\u017canie tkanki jajnikowej<\/li><\/ul><p>Kom\u00f3rki jajowe, zarodki i tkanki jajnik\u00f3w mog\u0105 by\u0107 zamra\u017cane i przechowywane przez wiele lat. W odpowiednim momencie mo\u017cna je rozmrozi\u0107 i wykorzysta\u0107 do zaj\u015bcia w ci\u0105\u017c\u0119 po zako\u0144czeniu leczenia raka. <\/p><p>Dost\u0119pne s\u0105 r\u00f3\u017cne metody zamra\u017cania jajeczek, zarodk\u00f3w i tkanki jajnikowej. Kriokonserwacja to metoda \u201cpowolnego zamra\u017cania\u201d. Witryfikacja to nowsza metoda \u201cszybkiego lub b\u0142yskawicznego zamra\u017cania\u201d. Wykazano, \u017ce metoda ta zwi\u0119ksza szanse kom\u00f3rek jajowych i zarodk\u00f3w na przetrwanie procesu rozmra\u017cania i zwi\u0119ksza wska\u017anik powodzenia ci\u0105\u017cy.   <\/p><p>Niekt\u00f3re kobiety, je\u015bli maj\u0105 partnera p\u0142ci m\u0119skiej, mog\u0105 by\u0107 w stanie zamrozi\u0107 zar\u00f3wno kom\u00f3rki jajowe, jak i zarodki. W przysz\u0142o\u015bci, po zako\u0144czeniu leczenia raka, mog\u0105 one mie\u0107 do dyspozycji wi\u0119cej opcji zwi\u0105zanych z p\u0142odno\u015bci\u0105. <\/p><p>Zamra\u017canie tkanki jajnikowej to nowa metoda zachowania p\u0142odno\u015bci. Mo\u017ce to by\u0107 kolejna opcja dla kobiet, kt\u00f3re nie maj\u0105 partnera p\u0142ci m\u0119skiej. <\/p>\t\t\t\t\t\t\t\t<\/div>\n\t\t\t\t<\/div>\n\t\t\t\t<\/div>\n\t\t\t\t\t<\/details>\n\t\t\t\t\t<\/div>\n\t\t\t\t\t\t<\/div>\n\t\t\t\t<\/div>\n\t\t\t\t<div class=\"elementor-element elementor-element-1bc37fc6 elementor-widget elementor-widget-text-editor\" data-id=\"1bc37fc6\" data-element_type=\"widget\" data-e-type=\"widget\" data-widget_type=\"text-editor.default\">\n\t\t\t\t<div class=\"elementor-widget-container\">\n\t\t\t\t\t\t\t\t\t<h2>Zamra\u017canie tkanki jajnika<\/h2><p><strong>Tkanka jajnika, kt\u00f3ra zawiera du\u017c\u0105 liczb\u0119 niedojrza\u0142ych kom\u00f3rek jajowych jest usuwana i zamra\u017cana. Po leczeniu raka, tkanka mo\u017ce zosta\u0107 ponownie umieszczona w organizmie, aby umo\u017cliwi\u0107 rozw\u00f3j kom\u00f3rek jajowych. Jest to nowsza metoda zachowania p\u0142odno\u015bci i nie jest jeszcze dost\u0119pna we wszystkich klinikach opieki nad p\u0142odno\u015bci\u0105. Mo\u017ce by\u0107 stosowana bezpo\u015brednio przed i w trakcie chemioterapii.   <\/strong><\/p><h3>Dla kogo ?<\/h3><p>Kobiet, kt\u00f3re chc\u0105 zachowa\u0107 swoj\u0105 p\u0142odno\u015b\u0107 i:<\/p><ul><li>Nie maj\u0105 czasu na zamra\u017canie zarodk\u00f3w lub kom\u00f3rek jajowych.<\/li><li>Kt\u00f3re nie mog\u0105 stosowa\u0107 lek\u00f3w na p\u0142odno\u015b\u0107.<\/li><\/ul><p>Po umieszczeniu uprzednio wyci\u0119tej i zamro\u017conej tkanki jajnikowej, mo\u017ce ona przywr\u00f3ci\u0107 prawid\u0142ow\u0105 produkcj\u0119 hormon\u00f3w i cykle, co daje szanse na naturalne zaj\u015bcie w ci\u0105\u017c\u0119. Jest r\u00f3wnie\u017c odpowiednia dla dziewcz\u0105t, kt\u00f3re nie osi\u0105gn\u0119\u0142y dojrza\u0142o\u015bci p\u0142ciowej. <\/p><p>Nale\u017cy zachowa\u0107 ostro\u017cno\u015b\u0107 u kobiet cierpi\u0105cych na nowotwory krwi, takie jak bia\u0142aczka. Wynika to z faktu, \u017ce istnieje ryzyko ponownego wprowadzenia kom\u00f3rek nowotworowych do organizmu wraz z zamro\u017con\u0105 tkank\u0105 jajnika. <\/p><h3>Co si\u0119 z tym wi\u0105\u017ce?<\/h3><p>B\u0119dzie Pani musia\u0142a przej\u015b\u0107 operacj\u0119 laparoskopow\u0105 w znieczuleniu og\u00f3lnym. Jeden jajnik lub cz\u0119\u015b\u0107 jajnika zostanie usuni\u0119ta, aby mo\u017cna by\u0142o zamrozi\u0107 zewn\u0119trzn\u0105 warstw\u0119 (kor\u0119), kt\u00f3ra zawiera niedojrza\u0142e kom\u00f3rki jajowe. Kobiety mog\u0105 wr\u00f3ci\u0107 do domu tego samego dnia po zabiegu.  <\/p><p>Poniewa\u017c zamro\u017cenie tkanki jajnikowej dotyczy wy\u0142\u0105cznie kobiety, nie ma potrzeby uzyskania zgody partnera lub rodzic\u00f3w na wykorzystanie przechowywanej tkanki w przysz\u0142o\u015bci. Nie ma limitu czasowego dla okresu przechowywania zamro\u017conej tkanki jajnikowej <\/p><h3>Jaka jest szansa na urodzenie dziecka po zamro\u017ceniu tkanki jajnikowej?<\/h3><p>Trudno jest mie\u0107 pewno\u015b\u0107, jakie jest prawdopodobie\u0144stwo, \u017ce zamro\u017cenie tkanki jajnikowej spowoduje urodzenie \u017cywego dziecka. Poniewa\u017c jest to nowsza metoda leczenia, liczba pacjentek chorych na raka, kt\u00f3re wykorzysta\u0142y zamro\u017con\u0105 tkank\u0119 do urodzenia dziecka, jest niewielka. Dane te pokazuj\u0105, \u017ce szansa na to, \u017ce zamro\u017cenie tkanki jajnika pomo\u017ce kobiecie urodzi\u0107 dziecko wynosi oko\u0142o 30 na 100 (30%). Aby uzyska\u0107 wi\u0119cej informacji na temat \u015brednich krajowych wska\u017anik\u00f3w skuteczno\u015bci i liczby udanych \u017cywych urodze\u0144 dla ka\u017cdej licencjonowanej kliniki opieki nad p\u0142odno\u015bci\u0105, prosz\u0119 odwiedzi\u0107 stron\u0119 internetow\u0105 HFEA www.hfea.gov.uk.   Aby uzyska\u0107 wi\u0119cej informacji na temat \u015brednich krajowych wska\u017anik\u00f3w skuteczno\u015bci i liczby udanych \u017cywych urodze\u0144 dla ka\u017cdej licencjonowanej kliniki leczenia niep\u0142odno\u015bci, prosz\u0119 odwiedzi\u0107 stron\u0119 internetow\u0105 HFEA <a href=\"http:\/\/www.hfea.gov.uk\" target=\"_blank\" rel=\"noopener\">www.hfea.gov.uk.<\/a><\/p><h3>Czy ta opcja wp\u0142ynie na zdrowie dziecka?<\/h3><p>Nie, dane sugeruj\u0105, \u017ce nie b\u0119dzie to mia\u0142o wp\u0142ywu na zdrowie dziecka urodzonego przy u\u017cyciu zamro\u017conej tkanki jajnika.<\/p><h3>Czy istniej\u0105 jakie\u015b skutki uboczne leczenia stosowanego w zamra\u017caniu tkanki jajnika?<\/h3><p>Mo\u017ce wyst\u0105pi\u0107 ryzyko krwawienia i infekcji oraz uszkodzenia p\u0119cherza moczowego i jelit podczas operacji usuni\u0119cia tkanki jajnika.<\/p><h3>Czy ta opcja op\u00f3\u017ani rozpocz\u0119cie mojego leczenia raka?<\/h3><p>Zabieg przeprowadzany jest najcz\u0119\u015bciej w ci\u0105gu jednego dnia (bez konieczno\u015bci nocowania w szpitalu) i nie spowoduje \u017cadnych op\u00f3\u017anie\u0144 w leczeniu raka.<\/p><h3>Czy ta opcja wp\u0142ynie na ryzyko powrotu nowotworu?<\/h3><p>W przypadku niekt\u00f3rych rodzaj\u00f3w raka, takich jak bia\u0142aczka, mo\u017ce istnie\u0107 ryzyko zaka\u017cenia tkanki jajnika kom\u00f3rkami nowotworowymi. Nie ma przypadk\u00f3w nawrotu nowotworu po zastosowaniu tkanki jajnika, kt\u00f3ra zosta\u0142a ponownie wprowadzona do organizmu. <\/p>\t\t\t\t\t\t\t\t<\/div>\n\t\t\t\t<\/div>\n\t\t<div class=\"elementor-element elementor-element-1c6a33d8 e-con-full e-flex e-con e-child\" data-id=\"1c6a33d8\" data-element_type=\"container\" data-e-type=\"container\" data-settings=\"{&quot;background_background&quot;:&quot;classic&quot;}\">\n\t\t\t\t<div class=\"elementor-element elementor-element-6e5269c7 elementor-widget elementor-widget-text-editor\" data-id=\"6e5269c7\" data-element_type=\"widget\" data-e-type=\"widget\" data-widget_type=\"text-editor.default\">\n\t\t\t\t<div class=\"elementor-widget-container\">\n\t\t\t\t\t\t\t\t\t<p><strong>Przydatne mo\u017ce okaza\u0107 si\u0119 zapisanie, co podoba si\u0119 Pani w tej opcji, a co Pani\u0105 niepokoi.<\/strong><\/p><p>Te notatki mog\u0105 pom\u00f3c Pani porozmawia\u0107 o tym, czy ta opcja jest dla Pani najlepsza z zespo\u0142em opieki onkologicznej i zespo\u0142em opieki nad p\u0142odno\u015bci\u0105, partnerem, rodzin\u0105 i przyjaci\u00f3\u0142mi.<\/p>\t\t\t\t\t\t\t\t<\/div>\n\t\t\t\t<\/div>\n\t\t\t\t<\/div>\n\t\t\t\t<\/div>\n\t\t<div class=\"elementor-element elementor-element-239af225 e-con-full e-flex e-con e-child\" data-id=\"239af225\" data-element_type=\"container\" data-e-type=\"container\">\n\t\t<div class=\"elementor-element elementor-element-323b58e4 e-con-full e-flex e-con e-child\" data-id=\"323b58e4\" data-element_type=\"container\" data-e-type=\"container\">\n\t\t\t\t<div class=\"elementor-element elementor-element-360f2909 elementor-widget elementor-widget-image\" data-id=\"360f2909\" data-element_type=\"widget\" data-e-type=\"widget\" data-widget_type=\"image.default\">\n\t\t\t\t<div class=\"elementor-widget-container\">\n\t\t\t\t\t\t\t\t\t\t\t\t\t\t\t\t<a href=\"http:\/\/.\/\">\n\t\t\t\t\t\t\t<img fetchpriority=\"high\" decoding=\"async\" width=\"400\" height=\"440\" src=\"https:\/\/cancerfertilityandme.org.uk\/wp-content\/uploads\/cancerfertilityandme-logo-column-adult-women.png\" class=\"attachment-full size-full wp-image-2283\" alt=\"\" srcset=\"https:\/\/cancerfertilityandme.org.uk\/wp-content\/uploads\/cancerfertilityandme-logo-column-adult-women.png 400w, https:\/\/cancerfertilityandme.org.uk\/wp-content\/uploads\/cancerfertilityandme-logo-column-adult-women-273x300.png 273w\" sizes=\"(max-width: 400px) 100vw, 400px\" \/>\t\t\t\t\t\t\t\t<\/a>\n\t\t\t\t\t\t\t\t\t\t\t\t\t\t\t<\/div>\n\t\t\t\t<\/div>\n\t\t\t\t<\/div>\n\t\t<div class=\"elementor-element elementor-element-6fa8bec9 e-con-full e-flex e-con e-child\" data-id=\"6fa8bec9\" data-element_type=\"container\" data-e-type=\"container\">\n\t\t\t\t<div class=\"elementor-element elementor-element-7bf99ddd elementor-widget elementor-widget-heading\" data-id=\"7bf99ddd\" data-element_type=\"widget\" data-e-type=\"widget\" data-widget_type=\"heading.default\">\n\t\t\t\t<div class=\"elementor-widget-container\">\n\t\t\t\t\t<h3 class=\"elementor-heading-title elementor-size-default\">Aby uzyska\u0107 wi\u0119cej informacji, skorzystaj z tych \u0142\u0105czy<\/h3>\t\t\t\t<\/div>\n\t\t\t\t<\/div>\n\t\t\t\t<div class=\"elementor-element elementor-element-1c7090a2 elementor-nav-menu--dropdown-none elementor-widget elementor-widget-nav-menu\" data-id=\"1c7090a2\" data-element_type=\"widget\" data-e-type=\"widget\" data-settings=\"{&quot;layout&quot;:&quot;vertical&quot;,&quot;submenu_icon&quot;:{&quot;value&quot;:&quot;&lt;svg aria-hidden=\\&quot;true\\&quot; class=\\&quot;e-font-icon-svg e-fas-caret-down\\&quot; viewBox=\\&quot;0 0 320 512\\&quot; xmlns=\\&quot;http:\\\/\\\/www.w3.org\\\/2000\\\/svg\\&quot;&gt;&lt;path d=\\&quot;M31.3 192h257.3c17.8 0 26.7 21.5 14.1 34.1L174.1 354.8c-7.8 7.8-20.5 7.8-28.3 0L17.2 226.1C4.6 213.5 13.5 192 31.3 192z\\&quot;&gt;&lt;\\\/path&gt;&lt;\\\/svg&gt;&quot;,&quot;library&quot;:&quot;fa-solid&quot;}}\" data-widget_type=\"nav-menu.default\">\n\t\t\t\t<div class=\"elementor-widget-container\">\n\t\t\t\t\t\t\t\t<nav aria-label=\"Menu\" class=\"elementor-nav-menu--main elementor-nav-menu__container elementor-nav-menu--layout-vertical e--pointer-none\">\n\t\t\t\t<ul id=\"menu-1-1c7090a2\" class=\"elementor-nav-menu sm-vertical\"><li class=\"menu-item menu-item-type-post_type menu-item-object-page menu-item-6985\"><a href=\"https:\/\/cancerfertilityandme.org.uk\/adult-women\/fertility-preservation-options\/\" class=\"elementor-item\">Opcje zachowania p\u0142odno\u015bci<\/a><\/li>\n<li class=\"menu-item menu-item-type-post_type menu-item-object-page menu-item-6994\"><a href=\"https:\/\/cancerfertilityandme.org.uk\/adult-women\/fertility-preservation-options\/summary-of-fertility-preservation-options\/\" class=\"elementor-item\">Podsumowanie opcji zachowania p\u0142odno\u015bci<\/a><\/li>\n<li class=\"menu-item menu-item-type-post_type menu-item-object-page menu-item-6990\"><a href=\"https:\/\/cancerfertilityandme.org.uk\/adult-women\/fertility-preservation-options\/no-fertility-preservation\/\" class=\"elementor-item\">Brak zachowania p\u0142odno\u015bci<\/a><\/li>\n<li class=\"menu-item menu-item-type-post_type menu-item-object-page menu-item-6987\"><a href=\"https:\/\/cancerfertilityandme.org.uk\/adult-women\/fertility-preservation-options\/egg-freezing\/\" class=\"elementor-item\">Zamra\u017canie kom\u00f3rek jajowych<\/a><\/li>\n<li class=\"menu-item menu-item-type-post_type menu-item-object-page menu-item-6988\"><a href=\"https:\/\/cancerfertilityandme.org.uk\/adult-women\/fertility-preservation-options\/embryo-freezing\/\" class=\"elementor-item\">Zamra\u017canie zarodk\u00f3w<\/a><\/li>\n<li class=\"menu-item menu-item-type-post_type menu-item-object-page menu-item-6992\"><a href=\"https:\/\/cancerfertilityandme.org.uk\/adult-women\/fertility-preservation-options\/ovarian-tissue-freezing\/\" class=\"elementor-item\">Zamra\u017canie tkanki jajnika<\/a><\/li>\n<li class=\"menu-item menu-item-type-post_type menu-item-object-page menu-item-6991\"><a href=\"https:\/\/cancerfertilityandme.org.uk\/adult-women\/fertility-preservation-options\/ovarian-suppression\/\" class=\"elementor-item\">T\u0142umienie czynno\u015bci jajnik\u00f3w<\/a><\/li>\n<li class=\"menu-item menu-item-type-post_type menu-item-object-page menu-item-6986\"><a href=\"https:\/\/cancerfertilityandme.org.uk\/adult-women\/fertility-preservation-options\/cancer-specific-fertility-sparing-options\/\" class=\"elementor-item\">Opcje oszcz\u0119dzaj\u0105ce p\u0142odno\u015b\u0107 w wybranych nowotworach<\/a><\/li>\n<li class=\"menu-item menu-item-type-post_type menu-item-object-page menu-item-11368\"><a href=\"https:\/\/cancerfertilityandme.org.uk\/adult-women\/fertility-preservation-options\/other-cancer-treatments\/\" class=\"elementor-item\">Inne metody leczenia raka<\/a><\/li>\n<li class=\"menu-item menu-item-type-post_type menu-item-object-page menu-item-6993\"><a href=\"https:\/\/cancerfertilityandme.org.uk\/adult-women\/fertility-preservation-options\/questions-to-ask-your-cancer-fertility-care-teams\/\" class=\"elementor-item\">Pytania, kt\u00f3re nale\u017cy zada\u0107 zespo\u0142om zajmuj\u0105cym si\u0119 leczeniem raka i opiek\u0105 nad p\u0142odno\u015bci\u0105<\/a><\/li>\n<\/ul>\t\t\t<\/nav>\n\t\t\t\t\t\t<nav class=\"elementor-nav-menu--dropdown elementor-nav-menu__container\" aria-hidden=\"true\">\n\t\t\t\t<ul id=\"menu-2-1c7090a2\" class=\"elementor-nav-menu sm-vertical\"><li class=\"menu-item menu-item-type-post_type menu-item-object-page menu-item-6985\"><a href=\"https:\/\/cancerfertilityandme.org.uk\/adult-women\/fertility-preservation-options\/\" class=\"elementor-item\" tabindex=\"-1\">Opcje zachowania p\u0142odno\u015bci<\/a><\/li>\n<li class=\"menu-item menu-item-type-post_type menu-item-object-page menu-item-6994\"><a href=\"https:\/\/cancerfertilityandme.org.uk\/adult-women\/fertility-preservation-options\/summary-of-fertility-preservation-options\/\" class=\"elementor-item\" tabindex=\"-1\">Podsumowanie opcji zachowania p\u0142odno\u015bci<\/a><\/li>\n<li class=\"menu-item menu-item-type-post_type menu-item-object-page menu-item-6990\"><a href=\"https:\/\/cancerfertilityandme.org.uk\/adult-women\/fertility-preservation-options\/no-fertility-preservation\/\" class=\"elementor-item\" tabindex=\"-1\">Brak zachowania p\u0142odno\u015bci<\/a><\/li>\n<li class=\"menu-item menu-item-type-post_type menu-item-object-page menu-item-6987\"><a href=\"https:\/\/cancerfertilityandme.org.uk\/adult-women\/fertility-preservation-options\/egg-freezing\/\" class=\"elementor-item\" tabindex=\"-1\">Zamra\u017canie kom\u00f3rek jajowych<\/a><\/li>\n<li class=\"menu-item menu-item-type-post_type menu-item-object-page menu-item-6988\"><a href=\"https:\/\/cancerfertilityandme.org.uk\/adult-women\/fertility-preservation-options\/embryo-freezing\/\" class=\"elementor-item\" tabindex=\"-1\">Zamra\u017canie zarodk\u00f3w<\/a><\/li>\n<li class=\"menu-item menu-item-type-post_type menu-item-object-page menu-item-6992\"><a href=\"https:\/\/cancerfertilityandme.org.uk\/adult-women\/fertility-preservation-options\/ovarian-tissue-freezing\/\" class=\"elementor-item\" tabindex=\"-1\">Zamra\u017canie tkanki jajnika<\/a><\/li>\n<li class=\"menu-item menu-item-type-post_type menu-item-object-page menu-item-6991\"><a href=\"https:\/\/cancerfertilityandme.org.uk\/adult-women\/fertility-preservation-options\/ovarian-suppression\/\" class=\"elementor-item\" tabindex=\"-1\">T\u0142umienie czynno\u015bci jajnik\u00f3w<\/a><\/li>\n<li class=\"menu-item menu-item-type-post_type menu-item-object-page menu-item-6986\"><a href=\"https:\/\/cancerfertilityandme.org.uk\/adult-women\/fertility-preservation-options\/cancer-specific-fertility-sparing-options\/\" class=\"elementor-item\" tabindex=\"-1\">Opcje oszcz\u0119dzaj\u0105ce p\u0142odno\u015b\u0107 w wybranych nowotworach<\/a><\/li>\n<li class=\"menu-item menu-item-type-post_type menu-item-object-page menu-item-11368\"><a href=\"https:\/\/cancerfertilityandme.org.uk\/adult-women\/fertility-preservation-options\/other-cancer-treatments\/\" class=\"elementor-item\" tabindex=\"-1\">Inne metody leczenia raka<\/a><\/li>\n<li class=\"menu-item menu-item-type-post_type menu-item-object-page menu-item-6993\"><a href=\"https:\/\/cancerfertilityandme.org.uk\/adult-women\/fertility-preservation-options\/questions-to-ask-your-cancer-fertility-care-teams\/\" class=\"elementor-item\" tabindex=\"-1\">Pytania, kt\u00f3re nale\u017cy zada\u0107 zespo\u0142om zajmuj\u0105cym si\u0119 leczeniem raka i opiek\u0105 nad p\u0142odno\u015bci\u0105<\/a><\/li>\n<\/ul>\t\t\t<\/nav>\n\t\t\t\t\t\t<\/div>\n\t\t\t\t<\/div>\n\t\t\t\t<\/div>\n\t\t\t\t<\/div>\n\t\t\t\t\t<\/div>\n\t\t\t\t<\/main>\n\t\t\t\t<\/div>\n\t\t","protected":false},"excerpt":{"rendered":"<p>Zamra\u017canie &#8211; wprowadzenie Zamra\u017canie Istniej\u0105 trzy opcje zamra\u017cania, kt\u00f3re mog\u0105 pom\u00f3c zachowa\u0107 p\u0142odno\u015b\u0107 kobiety: Zamra\u017canie kom\u00f3rek jajowych Zamra\u017canie zarodk\u00f3w Zamra\u017canie tkanki jajnikowej Kom\u00f3rki jajowe, zarodki i tkanki jajnik\u00f3w mog\u0105 by\u0107 zamra\u017cane i przechowywane przez wiele lat. W odpowiednim momencie mo\u017cna je rozmrozi\u0107 i wykorzysta\u0107 do zaj\u015bcia w ci\u0105\u017c\u0119 po zako\u0144czeniu leczenia raka. Dost\u0119pne s\u0105 r\u00f3\u017cne [&hellip;]<\/p>\n","protected":false},"author":1,"featured_media":0,"parent":6280,"menu_order":0,"comment_status":"closed","ping_status":"open","template":"","meta":{"footnotes":""},"class_list":["post-6290","page","type-page","status-publish","hentry"],"_links":{"self":[{"href":"https:\/\/cancerfertilityandme.org.uk\/pl\/wp-json\/wp\/v2\/pages\/6290","targetHints":{"allow":["GET"]}}],"collection":[{"href":"https:\/\/cancerfertilityandme.org.uk\/pl\/wp-json\/wp\/v2\/pages"}],"about":[{"href":"https:\/\/cancerfertilityandme.org.uk\/pl\/wp-json\/wp\/v2\/types\/page"}],"author":[{"embeddable":true,"href":"https:\/\/cancerfertilityandme.org.uk\/pl\/wp-json\/wp\/v2\/users\/1"}],"replies":[{"embeddable":true,"href":"https:\/\/cancerfertilityandme.org.uk\/pl\/wp-json\/wp\/v2\/comments?post=6290"}],"version-history":[{"count":3,"href":"https:\/\/cancerfertilityandme.org.uk\/pl\/wp-json\/wp\/v2\/pages\/6290\/revisions"}],"predecessor-version":[{"id":9520,"href":"https:\/\/cancerfertilityandme.org.uk\/pl\/wp-json\/wp\/v2\/pages\/6290\/revisions\/9520"}],"up":[{"embeddable":true,"href":"https:\/\/cancerfertilityandme.org.uk\/pl\/wp-json\/wp\/v2\/pages\/6280"}],"wp:attachment":[{"href":"https:\/\/cancerfertilityandme.org.uk\/pl\/wp-json\/wp\/v2\/media?parent=6290"}],"curies":[{"name":"wp","href":"https:\/\/api.w.org\/{rel}","templated":true}]}}