{"id":6288,"date":"2018-11-21T09:23:31","date_gmt":"2018-11-21T09:23:31","guid":{"rendered":"https:\/\/cancerfertilityandme.org.uk\/zamrazanie-zarodkow\/"},"modified":"2025-11-17T10:58:28","modified_gmt":"2025-11-17T10:58:28","slug":"zamrazanie-zarodkow","status":"publish","type":"page","link":"https:\/\/cancerfertilityandme.org.uk\/pl\/dorosle-kobiety\/opcje-zachowania-plodnosci\/zamrazanie-zarodkow\/","title":{"rendered":"Zamra\u017canie zarodk\u00f3w"},"content":{"rendered":"\t\t<div data-elementor-type=\"wp-page\" data-elementor-id=\"6288\" class=\"elementor elementor-6288 elementor-5595\" data-elementor-post-type=\"page\">\n\t\t\t\t<main class=\"elementor-element elementor-element-7efa637e e-flex e-con-boxed e-con e-parent\" data-id=\"7efa637e\" data-element_type=\"container\" data-e-type=\"container\">\n\t\t\t\t\t<div class=\"e-con-inner\">\n\t\t<div class=\"elementor-element elementor-element-378bc36a e-con-full e-flex e-con e-child\" data-id=\"378bc36a\" data-element_type=\"container\" data-e-type=\"container\">\n\t\t\t\t<div class=\"elementor-element elementor-element-795788c4 elementor-widget elementor-widget-n-accordion\" data-id=\"795788c4\" data-element_type=\"widget\" data-e-type=\"widget\" data-settings=\"{&quot;default_state&quot;:&quot;all_collapsed&quot;,&quot;max_items_expended&quot;:&quot;one&quot;,&quot;n_accordion_animation_duration&quot;:{&quot;unit&quot;:&quot;ms&quot;,&quot;size&quot;:400,&quot;sizes&quot;:[]}}\" data-widget_type=\"nested-accordion.default\">\n\t\t\t\t<div class=\"elementor-widget-container\">\n\t\t\t\t\t\t\t<div class=\"e-n-accordion\" aria-label=\"Accordion. Open links with Enter or Space, close with Escape, and navigate with Arrow Keys\">\n\t\t\t\t\t\t<details id=\"e-n-accordion-item-2030\" class=\"e-n-accordion-item\" >\n\t\t\t\t<summary class=\"e-n-accordion-item-title\" data-accordion-index=\"1\" tabindex=\"0\" aria-expanded=\"false\" aria-controls=\"e-n-accordion-item-2030\" >\n\t\t\t\t\t<span class='e-n-accordion-item-title-header'><div class=\"e-n-accordion-item-title-text\"> Zamra\u017canie - wprowadzenie <\/div><\/span>\n\t\t\t\t\t\t\t<span class='e-n-accordion-item-title-icon'>\n\t\t\t<span class='e-opened' ><svg aria-hidden=\"true\" class=\"e-font-icon-svg e-fas-minus\" viewBox=\"0 0 448 512\" xmlns=\"http:\/\/www.w3.org\/2000\/svg\"><path d=\"M416 208H32c-17.67 0-32 14.33-32 32v32c0 17.67 14.33 32 32 32h384c17.67 0 32-14.33 32-32v-32c0-17.67-14.33-32-32-32z\"><\/path><\/svg><\/span>\n\t\t\t<span class='e-closed'><svg aria-hidden=\"true\" class=\"e-font-icon-svg e-fas-plus\" viewBox=\"0 0 448 512\" xmlns=\"http:\/\/www.w3.org\/2000\/svg\"><path d=\"M416 208H272V64c0-17.67-14.33-32-32-32h-32c-17.67 0-32 14.33-32 32v144H32c-17.67 0-32 14.33-32 32v32c0 17.67 14.33 32 32 32h144v144c0 17.67 14.33 32 32 32h32c17.67 0 32-14.33 32-32V304h144c17.67 0 32-14.33 32-32v-32c0-17.67-14.33-32-32-32z\"><\/path><\/svg><\/span>\n\t\t<\/span>\n\n\t\t\t\t\t\t<\/summary>\n\t\t\t\t<div role=\"region\" aria-labelledby=\"e-n-accordion-item-2030\" class=\"elementor-element elementor-element-5516ae83 e-con-full e-flex e-con e-child\" data-id=\"5516ae83\" data-element_type=\"container\" data-e-type=\"container\" data-settings=\"{&quot;background_background&quot;:&quot;classic&quot;}\">\n\t\t\t\t<div class=\"elementor-element elementor-element-527e22d4 elementor-widget elementor-widget-text-editor\" data-id=\"527e22d4\" data-element_type=\"widget\" data-e-type=\"widget\" data-widget_type=\"text-editor.default\">\n\t\t\t\t<div class=\"elementor-widget-container\">\n\t\t\t\t\t\t\t\t\t<h3>Zamra\u017canie<\/h3><p><strong>Istniej\u0105 trzy opcje zamra\u017cania, kt\u00f3re mog\u0105 pom\u00f3c zachowa\u0107 p\u0142odno\u015b\u0107 kobiety:<\/strong><\/p><ul><li>Zamra\u017canie kom\u00f3rek jajowych<\/li><li>Zamra\u017canie zarodk\u00f3w<\/li><li>Zamra\u017canie tkanki jajnikowej<\/li><\/ul><p>Kom\u00f3rki jajowe, zarodki i tkanki jajnik\u00f3w mog\u0105 by\u0107 zamra\u017cane i przechowywane przez wiele lat. W odpowiednim momencie mo\u017cna je rozmrozi\u0107 i wykorzysta\u0107 do zaj\u015bcia w ci\u0105\u017c\u0119 po zako\u0144czeniu leczenia raka. <\/p><p>Dost\u0119pne s\u0105 r\u00f3\u017cne metody zamra\u017cania jajeczek, zarodk\u00f3w i tkanki jajnikowej. Kriokonserwacja to metoda \u201cpowolnego zamra\u017cania\u201d. Witryfikacja to nowsza metoda \u201cszybkiego lub b\u0142yskawicznego zamra\u017cania\u201d. Wykazano, \u017ce metoda ta zwi\u0119ksza szanse kom\u00f3rek jajowych i zarodk\u00f3w na przetrwanie procesu rozmra\u017cania i zwi\u0119ksza wska\u017anik powodzenia ci\u0105\u017cy.   <\/p><p>Niekt\u00f3re kobiety, je\u015bli maj\u0105 partnera p\u0142ci m\u0119skiej, mog\u0105 by\u0107 w stanie zamrozi\u0107 zar\u00f3wno kom\u00f3rki jajowe, jak i zarodki. W przysz\u0142o\u015bci, po zako\u0144czeniu leczenia raka, mog\u0105 one mie\u0107 do dyspozycji wi\u0119cej opcji zwi\u0105zanych z p\u0142odno\u015bci\u0105. <\/p><p>Zamra\u017canie tkanki jajnikowej to nowa metoda zachowania p\u0142odno\u015bci. Mo\u017ce to by\u0107 kolejna opcja dla kobiet, kt\u00f3re nie maj\u0105 partnera p\u0142ci m\u0119skiej. <\/p>\t\t\t\t\t\t\t\t<\/div>\n\t\t\t\t<\/div>\n\t\t\t\t<\/div>\n\t\t\t\t\t<\/details>\n\t\t\t\t\t<\/div>\n\t\t\t\t\t\t<\/div>\n\t\t\t\t<\/div>\n\t\t\t\t<div class=\"elementor-element elementor-element-7fab3355 elementor-widget elementor-widget-text-editor\" data-id=\"7fab3355\" data-element_type=\"widget\" data-e-type=\"widget\" data-widget_type=\"text-editor.default\">\n\t\t\t\t<div class=\"elementor-widget-container\">\n\t\t\t\t\t\t\t\t\t<h2>Zamra\u017canie zarodk\u00f3w<\/h2><p><strong>Ta opcja oznacza, \u017ce dojrza\u0142e kom\u00f3rki jajowe s\u0105 pobierane z jajnika kobiety i zap\u0142adniane plemnikami poprzez zap\u0142odnienie in vitro (IVF). Odbywa si\u0119 to w laboratorium. Zap\u0142odnione kom\u00f3rki jajowe (zarodki) s\u0105 nast\u0119pnie zamra\u017cane i przechowywane do wykorzystania w przysz\u0142o\u015bci. Gdy kobieta jest gotowa zaj\u015b\u0107 w ci\u0105\u017c\u0119, przechowywane zarodki s\u0105 umieszczane z powrotem w macicy.   <\/strong><\/p><h3>Dla kogo ?<\/h3><p>Kobiet, kt\u00f3re przesz\u0142y okres dojrzewania i:<\/p><ul><li>Maj\u0105 czas, aby podj\u0105\u0107 pr\u00f3by zachowania p\u0142odno\u015bci przed rozpocz\u0119ciem leczenia raka.<\/li><li>Maj\u0105 partnera p\u0142ci m\u0119skiej, poniewa\u017c do zap\u0142odnienia potrzebne s\u0105 zar\u00f3wno kom\u00f3rka jajowe, jak i plemniki.<\/li><\/ul><h3>Co si\u0119 z tym wi\u0105\u017ce?<\/h3><p>B\u0119dzie Pani musia\u0142a przyjmowa\u0107 zastrzyki hormonalne w celu stymulacji jajnik\u00f3w (stymulacja jajnik\u00f3w) przez oko\u0142o 2 tygodnie. Kom\u00f3rki jajowe s\u0105 nast\u0119pnie pobierane za pomoc\u0105 cienkiej ig\u0142y wprowadzanej przez \u015bcian\u0119 pochwy a\u017c do jajnik\u00f3w. Odbywa si\u0119 to pod narkoz\u0105. Mo\u017ce by\u0107 Pani w stanie wr\u00f3ci\u0107 do domu kilka godzin p\u00f3\u017aniej.   <\/p><p>Je\u015bli jest Pani w zwi\u0105zku i tworzy oraz przechowuje zarodek ze swoim partnerem p\u0142ci m\u0119skiej, b\u0119dzie Pani potrzebowa\u0142a zgody partnera przed wykorzystaniem zarodk\u00f3w. Jest to wa\u017cne, poniewa\u017c w przypadku p\u00f3\u017aniejszego rozstania, partner mo\u017ce nie chcie\u0107, aby wykorzysta\u0142a Pani przechowywane zarodki. <\/p><p> Je\u015bli nie ma Pani partnera p\u0142ci m\u0119skiej, mo\u017cna skorzysta\u0107 z nasienia dawcy. Je\u015bli wybior\u0105 Pa\u0144stwo t\u0119 opcj\u0119, wa\u017cne jest, aby wiedzie\u0107, \u017ce dawca mo\u017ce zmieni\u0107 zdanie i nie wyrazi\u0107 zgody na wykorzystanie zarodk\u00f3w powsta\u0142ych z jego nasienia. <\/p><p>Zamro\u017cone zarodki mog\u0105 by\u0107 przechowywane przez 10 lat. W niekt\u00f3rych sytuacjach okres ten mo\u017ce zosta\u0107 wyd\u0142u\u017cony o 10 lat (\u0142\u0105cznie do 55 lat). <\/p><h3>Jaka jest szansa na urodzenie dziecka po zamro\u017ceniu zarodk\u00f3w?<\/h3><p>Trudno jest mie\u0107 pewno\u015b\u0107, jakie jest prawdopodobie\u0144stwo, \u017ce zamro\u017cenie zarodka doprowadzi do \u017cywego porodu. Liczba pacjent\u00f3w chorych na raka, kt\u00f3rzy skorzystali z zamro\u017conych zarodk\u00f3w, jest niewielka. Wi\u0119kszo\u015b\u0107 danych pochodzi od kobiet nie choruj\u0105cych na raka, kt\u00f3re wykorzysta\u0142y zamro\u017cony zarodek do urodzenia dziecka.  <\/p><p>Dane te pokazuj\u0105, \u017ce szansa na to, \u017ce zamro\u017cenie zarodka pomo\u017ce kobiecie urodzi\u0107 dziecko po leczeniu raka wynosi oko\u0142o 30 na 100 (oko\u0142o 30%).<\/p><p>Szansa na urodzenie dziecka po zamro\u017ceniu zarodka zale\u017cy od wielu czynnik\u00f3w. S\u0105 to: <\/p><ul><li>Pani wiek w momencie pobrania kom\u00f3rek jajowych. Kobiety w wieku poni\u017cej 35 lat maj\u0105 wi\u0119ksze szanse. Jest to oko\u0142o 40 na 100 (40%). Kobiety w wieku powy\u017cej 35 lat b\u0119d\u0105 mia\u0142y mniejsze szanse. Jest to oko\u0142o 20 na 100 (20%).    <\/li><li>Liczba pobranych kom\u00f3rek jajowych<\/li><li>Liczba i jako\u015b\u0107 zamro\u017conych zarodk\u00f3w.<\/li><li>Zdrowie plemnik\u00f3w Pani partnera.<\/li><li>Klinika opieki nad p\u0142odno\u015bci\u0105, w kt\u00f3rej przeprowadzono mro\u017cenie zarodk\u00f3w<\/li><\/ul><p>Aby uzyska\u0107 wi\u0119cej informacji na temat \u015brednich krajowych wska\u017anik\u00f3w skuteczno\u015bci i liczby udanych \u017cywych urodze\u0144 dla ka\u017cdej licencjonowanej kliniki leczenia niep\u0142odno\u015bci, prosz\u0119 odwiedzi\u0107 stron\u0119 internetow\u0105 HFEA <a href=\"http:\/\/www.hfea.gov.uk\" target=\"_blank\" rel=\"noopener\">www.hfea.gov.uk.<\/a><\/p><h3>Czy ta opcja wp\u0142ynie na zdrowie dziecka?<\/h3><p>Nie, dane sugeruj\u0105, \u017ce nie b\u0119dzie to mia\u0142o wp\u0142ywu na zdrowie dziecka urodzonego z zamro\u017conych zarodk\u00f3w.<\/p><h3>Czy istniej\u0105 jakie\u015b skutki uboczne leczenia niep\u0142odno\u015bci stosowanego w mro\u017ceniu zarodk\u00f3w?<\/h3><p>Leki na p\u0142odno\u015b\u0107 stosowane w celu stymulacji produkcji kom\u00f3rek jajowych mog\u0105 powodowa\u0107 skutki uboczne, takie jak b\u00f3le g\u0142owy, zmiany nastroju, uderzenia gor\u0105ca i podra\u017cnienia sk\u00f3ry. Leki na p\u0142odno\u015b\u0107 mog\u0105 r\u00f3wnie\u017c powodowa\u0107 nadmiern\u0105 reakcj\u0119 jajnik\u00f3w, co mo\u017ce prowadzi\u0107 do stanu zwanego OHSS. Po rozpocz\u0119ciu leczenia zaleca si\u0119, aby zapyta\u0142a Pani sw\u00f3j zesp\u00f3\u0142 ds. leczenia niep\u0142odno\u015bci o objawy tego stanu i spos\u00f3b skontaktowania si\u0119 z nim w razie potrzeby.  <\/p><p>Kiedy jajniki s\u0105 stymulowane do produkcji du\u017cej ilo\u015bci kom\u00f3rek jajowych, poziom hormonu estrogenu wzrasta. Mo\u017ce to budzi\u0107 obawy u kobiet z nowotworem piersi wra\u017cliwym na estrogen. Kobietom tym mo\u017cna podawa\u0107 lek o nazwie Letrozol (Femara). Obni\u017ca on poziom estrogenu we krwi.   <\/p><p>Podczas pr\u00f3by uzyskania kom\u00f3rek jajowych istnieje ryzyko krwawienia, infekcji i przebicia jelita, ale zdarza si\u0119 to rzadko.<\/p><p>U kobiet z nowotworami miednicy mo\u017ce wyst\u0105pi\u0107 obawa, \u017ce po pobraniu kom\u00f3rek jajowych dojdzie do wycieku kom\u00f3rek nowotworowych z jajnika do jamy brzusznej.<\/p><p>Je\u015bli wi\u0119cej ni\u017c jeden zarodek zostanie implantowany, istnieje szansa na por\u00f3d mnogi (bli\u017ani\u0119ta, trojaczki). Wszystkie ci\u0105\u017ce wi\u0105\u017c\u0105 si\u0119 z ryzykiem poronienia i ci\u0105\u017cy ektopowej (ci\u0105\u017ca poza macic\u0105). <\/p><p>Zap\u0142odnienie in vitro mo\u017ce by\u0107 wyczerpuj\u0105ce fizycznie i emocjonalnie, a ci\u0105\u017ca mo\u017ce nie wyst\u0105pi\u0107.<\/p><h3>Czy ta opcja op\u00f3\u017ani rozpocz\u0119cie mojego leczenia raka?<\/h3><p>Od momentu rozpocz\u0119cia stymulacji jajnik\u00f3w do momentu pobrania kom\u00f3rek jajowych mija oko\u0142o dw\u00f3ch tygodni. Czas przed rozpocz\u0119ciem stymulacji mo\u017ce by\u0107 r\u00f3\u017cny. Zale\u017cy to na przyk\u0142ad od tego, w kt\u00f3rym momencie cyklu menstruacyjnego znajduje si\u0119 kobieta. Ta opcja mo\u017ce nie by\u0107 odpowiednia dla kobiet z nowotworami, takimi jak bia\u0142aczka, niekt\u00f3re ch\u0142oniaki i mi\u0119saki, poniewa\u017c mog\u0105 one wymaga\u0107 natychmiastowego leczenia. Je\u015bli do\u015bwiadczy Pani OHSS, mo\u017ce to spowodowa\u0107 d\u0142u\u017csze op\u00f3\u017anienie w rozpocz\u0119ciu leczenia raka.    <\/p><h3>Czy ta opcja wp\u0142ynie na ryzyko powrotu nowotworu?<\/h3><p>Nie ma danych sugeruj\u0105cych \u017ce zamra\u017cania zarodk\u00f3w zwi\u0119ksza ryzyko rozwoju nowotworu albo jego nawrotu.<\/p>\t\t\t\t\t\t\t\t<\/div>\n\t\t\t\t<\/div>\n\t\t<div class=\"elementor-element elementor-element-43614ce8 e-con-full e-flex e-con e-child\" data-id=\"43614ce8\" data-element_type=\"container\" data-e-type=\"container\" data-settings=\"{&quot;background_background&quot;:&quot;classic&quot;}\">\n\t\t\t\t<div class=\"elementor-element elementor-element-70da4ea4 elementor-widget elementor-widget-text-editor\" data-id=\"70da4ea4\" data-element_type=\"widget\" data-e-type=\"widget\" data-widget_type=\"text-editor.default\">\n\t\t\t\t<div class=\"elementor-widget-container\">\n\t\t\t\t\t\t\t\t\t<p><strong>Przydatne mo\u017ce okaza\u0107 si\u0119 zapisanie, co podoba si\u0119 Pani w tej opcji, a co Pani\u0105 niepokoi.<\/strong><\/p><p>Te notatki mog\u0105 pom\u00f3c Pani porozmawia\u0107 o tym, czy ta opcja jest dla Pani najlepsza z zespo\u0142em opieki onkologicznej i zespo\u0142em opieki nad p\u0142odno\u015bci\u0105, partnerem, rodzin\u0105 i przyjaci\u00f3\u0142mi.<\/p>\t\t\t\t\t\t\t\t<\/div>\n\t\t\t\t<\/div>\n\t\t\t\t<\/div>\n\t\t\t\t<\/div>\n\t\t<div class=\"elementor-element elementor-element-3afc403 e-con-full e-flex e-con e-child\" data-id=\"3afc403\" data-element_type=\"container\" data-e-type=\"container\">\n\t\t<div class=\"elementor-element elementor-element-48d7c580 e-con-full e-flex e-con e-child\" data-id=\"48d7c580\" data-element_type=\"container\" data-e-type=\"container\">\n\t\t\t\t<div class=\"elementor-element elementor-element-1873bc03 elementor-widget elementor-widget-image\" data-id=\"1873bc03\" data-element_type=\"widget\" data-e-type=\"widget\" data-widget_type=\"image.default\">\n\t\t\t\t<div class=\"elementor-widget-container\">\n\t\t\t\t\t\t\t\t\t\t\t\t\t\t\t\t<a href=\"http:\/\/.\/\">\n\t\t\t\t\t\t\t<img fetchpriority=\"high\" decoding=\"async\" width=\"400\" height=\"440\" src=\"https:\/\/cancerfertilityandme.org.uk\/wp-content\/uploads\/cancerfertilityandme-logo-column-adult-women.png\" class=\"attachment-full size-full wp-image-2283\" alt=\"\" srcset=\"https:\/\/cancerfertilityandme.org.uk\/wp-content\/uploads\/cancerfertilityandme-logo-column-adult-women.png 400w, https:\/\/cancerfertilityandme.org.uk\/wp-content\/uploads\/cancerfertilityandme-logo-column-adult-women-273x300.png 273w\" sizes=\"(max-width: 400px) 100vw, 400px\" \/>\t\t\t\t\t\t\t\t<\/a>\n\t\t\t\t\t\t\t\t\t\t\t\t\t\t\t<\/div>\n\t\t\t\t<\/div>\n\t\t\t\t<\/div>\n\t\t<div class=\"elementor-element elementor-element-14059c76 e-con-full e-flex e-con e-child\" data-id=\"14059c76\" data-element_type=\"container\" data-e-type=\"container\">\n\t\t\t\t<div class=\"elementor-element elementor-element-122ede8b elementor-widget elementor-widget-heading\" data-id=\"122ede8b\" data-element_type=\"widget\" data-e-type=\"widget\" data-widget_type=\"heading.default\">\n\t\t\t\t<div class=\"elementor-widget-container\">\n\t\t\t\t\t<h3 class=\"elementor-heading-title elementor-size-default\">Aby uzyska\u0107 wi\u0119cej informacji, skorzystaj z tych \u0142\u0105czy<\/h3>\t\t\t\t<\/div>\n\t\t\t\t<\/div>\n\t\t\t\t<div class=\"elementor-element elementor-element-4ebc2425 elementor-nav-menu--dropdown-none elementor-widget elementor-widget-nav-menu\" data-id=\"4ebc2425\" data-element_type=\"widget\" data-e-type=\"widget\" data-settings=\"{&quot;layout&quot;:&quot;vertical&quot;,&quot;submenu_icon&quot;:{&quot;value&quot;:&quot;&lt;svg aria-hidden=\\&quot;true\\&quot; class=\\&quot;e-font-icon-svg e-fas-caret-down\\&quot; viewBox=\\&quot;0 0 320 512\\&quot; xmlns=\\&quot;http:\\\/\\\/www.w3.org\\\/2000\\\/svg\\&quot;&gt;&lt;path d=\\&quot;M31.3 192h257.3c17.8 0 26.7 21.5 14.1 34.1L174.1 354.8c-7.8 7.8-20.5 7.8-28.3 0L17.2 226.1C4.6 213.5 13.5 192 31.3 192z\\&quot;&gt;&lt;\\\/path&gt;&lt;\\\/svg&gt;&quot;,&quot;library&quot;:&quot;fa-solid&quot;}}\" data-widget_type=\"nav-menu.default\">\n\t\t\t\t<div class=\"elementor-widget-container\">\n\t\t\t\t\t\t\t\t<nav aria-label=\"Menu\" class=\"elementor-nav-menu--main elementor-nav-menu__container elementor-nav-menu--layout-vertical e--pointer-none\">\n\t\t\t\t<ul id=\"menu-1-4ebc2425\" class=\"elementor-nav-menu sm-vertical\"><li class=\"menu-item menu-item-type-post_type menu-item-object-page menu-item-6985\"><a href=\"https:\/\/cancerfertilityandme.org.uk\/adult-women\/fertility-preservation-options\/\" class=\"elementor-item\">Opcje zachowania p\u0142odno\u015bci<\/a><\/li>\n<li class=\"menu-item menu-item-type-post_type menu-item-object-page menu-item-6994\"><a href=\"https:\/\/cancerfertilityandme.org.uk\/adult-women\/fertility-preservation-options\/summary-of-fertility-preservation-options\/\" class=\"elementor-item\">Podsumowanie opcji zachowania p\u0142odno\u015bci<\/a><\/li>\n<li class=\"menu-item menu-item-type-post_type menu-item-object-page menu-item-6990\"><a href=\"https:\/\/cancerfertilityandme.org.uk\/adult-women\/fertility-preservation-options\/no-fertility-preservation\/\" class=\"elementor-item\">Brak zachowania p\u0142odno\u015bci<\/a><\/li>\n<li class=\"menu-item menu-item-type-post_type menu-item-object-page menu-item-6987\"><a href=\"https:\/\/cancerfertilityandme.org.uk\/adult-women\/fertility-preservation-options\/egg-freezing\/\" class=\"elementor-item\">Zamra\u017canie kom\u00f3rek jajowych<\/a><\/li>\n<li class=\"menu-item menu-item-type-post_type menu-item-object-page menu-item-6988\"><a href=\"https:\/\/cancerfertilityandme.org.uk\/adult-women\/fertility-preservation-options\/embryo-freezing\/\" class=\"elementor-item\">Zamra\u017canie zarodk\u00f3w<\/a><\/li>\n<li class=\"menu-item menu-item-type-post_type menu-item-object-page menu-item-6992\"><a href=\"https:\/\/cancerfertilityandme.org.uk\/adult-women\/fertility-preservation-options\/ovarian-tissue-freezing\/\" class=\"elementor-item\">Zamra\u017canie tkanki jajnika<\/a><\/li>\n<li class=\"menu-item menu-item-type-post_type menu-item-object-page menu-item-6991\"><a href=\"https:\/\/cancerfertilityandme.org.uk\/adult-women\/fertility-preservation-options\/ovarian-suppression\/\" class=\"elementor-item\">T\u0142umienie czynno\u015bci jajnik\u00f3w<\/a><\/li>\n<li class=\"menu-item menu-item-type-post_type menu-item-object-page menu-item-6986\"><a href=\"https:\/\/cancerfertilityandme.org.uk\/adult-women\/fertility-preservation-options\/cancer-specific-fertility-sparing-options\/\" class=\"elementor-item\">Opcje oszcz\u0119dzaj\u0105ce p\u0142odno\u015b\u0107 w wybranych nowotworach<\/a><\/li>\n<li class=\"menu-item menu-item-type-post_type menu-item-object-page menu-item-11368\"><a href=\"https:\/\/cancerfertilityandme.org.uk\/adult-women\/fertility-preservation-options\/other-cancer-treatments\/\" class=\"elementor-item\">Inne metody leczenia raka<\/a><\/li>\n<li class=\"menu-item menu-item-type-post_type menu-item-object-page menu-item-6993\"><a href=\"https:\/\/cancerfertilityandme.org.uk\/adult-women\/fertility-preservation-options\/questions-to-ask-your-cancer-fertility-care-teams\/\" class=\"elementor-item\">Pytania, kt\u00f3re nale\u017cy zada\u0107 zespo\u0142om zajmuj\u0105cym si\u0119 leczeniem raka i opiek\u0105 nad p\u0142odno\u015bci\u0105<\/a><\/li>\n<\/ul>\t\t\t<\/nav>\n\t\t\t\t\t\t<nav class=\"elementor-nav-menu--dropdown elementor-nav-menu__container\" aria-hidden=\"true\">\n\t\t\t\t<ul id=\"menu-2-4ebc2425\" class=\"elementor-nav-menu sm-vertical\"><li class=\"menu-item menu-item-type-post_type menu-item-object-page menu-item-6985\"><a href=\"https:\/\/cancerfertilityandme.org.uk\/adult-women\/fertility-preservation-options\/\" class=\"elementor-item\" tabindex=\"-1\">Opcje zachowania p\u0142odno\u015bci<\/a><\/li>\n<li class=\"menu-item menu-item-type-post_type menu-item-object-page menu-item-6994\"><a href=\"https:\/\/cancerfertilityandme.org.uk\/adult-women\/fertility-preservation-options\/summary-of-fertility-preservation-options\/\" class=\"elementor-item\" tabindex=\"-1\">Podsumowanie opcji zachowania p\u0142odno\u015bci<\/a><\/li>\n<li class=\"menu-item menu-item-type-post_type menu-item-object-page menu-item-6990\"><a href=\"https:\/\/cancerfertilityandme.org.uk\/adult-women\/fertility-preservation-options\/no-fertility-preservation\/\" class=\"elementor-item\" tabindex=\"-1\">Brak zachowania p\u0142odno\u015bci<\/a><\/li>\n<li class=\"menu-item menu-item-type-post_type menu-item-object-page menu-item-6987\"><a href=\"https:\/\/cancerfertilityandme.org.uk\/adult-women\/fertility-preservation-options\/egg-freezing\/\" class=\"elementor-item\" tabindex=\"-1\">Zamra\u017canie kom\u00f3rek jajowych<\/a><\/li>\n<li class=\"menu-item menu-item-type-post_type menu-item-object-page menu-item-6988\"><a href=\"https:\/\/cancerfertilityandme.org.uk\/adult-women\/fertility-preservation-options\/embryo-freezing\/\" class=\"elementor-item\" tabindex=\"-1\">Zamra\u017canie zarodk\u00f3w<\/a><\/li>\n<li class=\"menu-item menu-item-type-post_type menu-item-object-page menu-item-6992\"><a href=\"https:\/\/cancerfertilityandme.org.uk\/adult-women\/fertility-preservation-options\/ovarian-tissue-freezing\/\" class=\"elementor-item\" tabindex=\"-1\">Zamra\u017canie tkanki jajnika<\/a><\/li>\n<li class=\"menu-item menu-item-type-post_type menu-item-object-page menu-item-6991\"><a href=\"https:\/\/cancerfertilityandme.org.uk\/adult-women\/fertility-preservation-options\/ovarian-suppression\/\" class=\"elementor-item\" tabindex=\"-1\">T\u0142umienie czynno\u015bci jajnik\u00f3w<\/a><\/li>\n<li class=\"menu-item menu-item-type-post_type menu-item-object-page menu-item-6986\"><a href=\"https:\/\/cancerfertilityandme.org.uk\/adult-women\/fertility-preservation-options\/cancer-specific-fertility-sparing-options\/\" class=\"elementor-item\" tabindex=\"-1\">Opcje oszcz\u0119dzaj\u0105ce p\u0142odno\u015b\u0107 w wybranych nowotworach<\/a><\/li>\n<li class=\"menu-item menu-item-type-post_type menu-item-object-page menu-item-11368\"><a href=\"https:\/\/cancerfertilityandme.org.uk\/adult-women\/fertility-preservation-options\/other-cancer-treatments\/\" class=\"elementor-item\" tabindex=\"-1\">Inne metody leczenia raka<\/a><\/li>\n<li class=\"menu-item menu-item-type-post_type menu-item-object-page menu-item-6993\"><a href=\"https:\/\/cancerfertilityandme.org.uk\/adult-women\/fertility-preservation-options\/questions-to-ask-your-cancer-fertility-care-teams\/\" class=\"elementor-item\" tabindex=\"-1\">Pytania, kt\u00f3re nale\u017cy zada\u0107 zespo\u0142om zajmuj\u0105cym si\u0119 leczeniem raka i opiek\u0105 nad p\u0142odno\u015bci\u0105<\/a><\/li>\n<\/ul>\t\t\t<\/nav>\n\t\t\t\t\t\t<\/div>\n\t\t\t\t<\/div>\n\t\t\t\t<\/div>\n\t\t\t\t<\/div>\n\t\t\t\t\t<\/div>\n\t\t\t\t<\/main>\n\t\t\t\t<\/div>\n\t\t","protected":false},"excerpt":{"rendered":"<p>Zamra\u017canie &#8211; wprowadzenie Zamra\u017canie Istniej\u0105 trzy opcje zamra\u017cania, kt\u00f3re mog\u0105 pom\u00f3c zachowa\u0107 p\u0142odno\u015b\u0107 kobiety: Zamra\u017canie kom\u00f3rek jajowych Zamra\u017canie zarodk\u00f3w Zamra\u017canie tkanki jajnikowej Kom\u00f3rki jajowe, zarodki i tkanki jajnik\u00f3w mog\u0105 by\u0107 zamra\u017cane i przechowywane przez wiele lat. W odpowiednim momencie mo\u017cna je rozmrozi\u0107 i wykorzysta\u0107 do zaj\u015bcia w ci\u0105\u017c\u0119 po zako\u0144czeniu leczenia raka. Dost\u0119pne s\u0105 r\u00f3\u017cne [&hellip;]<\/p>\n","protected":false},"author":1,"featured_media":0,"parent":6280,"menu_order":0,"comment_status":"closed","ping_status":"open","template":"","meta":{"footnotes":""},"class_list":["post-6288","page","type-page","status-publish","hentry"],"_links":{"self":[{"href":"https:\/\/cancerfertilityandme.org.uk\/pl\/wp-json\/wp\/v2\/pages\/6288","targetHints":{"allow":["GET"]}}],"collection":[{"href":"https:\/\/cancerfertilityandme.org.uk\/pl\/wp-json\/wp\/v2\/pages"}],"about":[{"href":"https:\/\/cancerfertilityandme.org.uk\/pl\/wp-json\/wp\/v2\/types\/page"}],"author":[{"embeddable":true,"href":"https:\/\/cancerfertilityandme.org.uk\/pl\/wp-json\/wp\/v2\/users\/1"}],"replies":[{"embeddable":true,"href":"https:\/\/cancerfertilityandme.org.uk\/pl\/wp-json\/wp\/v2\/comments?post=6288"}],"version-history":[{"count":3,"href":"https:\/\/cancerfertilityandme.org.uk\/pl\/wp-json\/wp\/v2\/pages\/6288\/revisions"}],"predecessor-version":[{"id":9494,"href":"https:\/\/cancerfertilityandme.org.uk\/pl\/wp-json\/wp\/v2\/pages\/6288\/revisions\/9494"}],"up":[{"embeddable":true,"href":"https:\/\/cancerfertilityandme.org.uk\/pl\/wp-json\/wp\/v2\/pages\/6280"}],"wp:attachment":[{"href":"https:\/\/cancerfertilityandme.org.uk\/pl\/wp-json\/wp\/v2\/media?parent=6288"}],"curies":[{"name":"wp","href":"https:\/\/api.w.org\/{rel}","templated":true}]}}