{"id":6284,"date":"2018-11-07T09:39:25","date_gmt":"2018-11-07T09:39:25","guid":{"rendered":"https:\/\/cancerfertilityandme.org.uk\/brak-zachowania-plodnosci\/"},"modified":"2026-02-06T16:50:41","modified_gmt":"2026-02-06T16:50:41","slug":"brak-zachowania-plodnosci","status":"publish","type":"page","link":"https:\/\/cancerfertilityandme.org.uk\/pl\/dorosle-kobiety\/opcje-zachowania-plodnosci\/brak-zachowania-plodnosci\/","title":{"rendered":"Brak zachowania p\u0142odno\u015bci"},"content":{"rendered":"\t\t<div data-elementor-type=\"wp-page\" data-elementor-id=\"6284\" class=\"elementor elementor-6284 elementor-5455\" data-elementor-post-type=\"page\">\n\t\t\t\t<main class=\"elementor-element elementor-element-54dce9cc e-flex e-con-boxed e-con e-parent\" data-id=\"54dce9cc\" data-element_type=\"container\" data-e-type=\"container\">\n\t\t\t\t\t<div class=\"e-con-inner\">\n\t\t<div class=\"elementor-element elementor-element-7f56bada e-con-full e-flex e-con e-child\" data-id=\"7f56bada\" data-element_type=\"container\" data-e-type=\"container\">\n\t\t\t\t<div class=\"elementor-element elementor-element-69d3544 elementor-widget elementor-widget-text-editor\" data-id=\"69d3544\" data-element_type=\"widget\" data-e-type=\"widget\" data-widget_type=\"text-editor.default\">\n\t\t\t\t<div class=\"elementor-widget-container\">\n\t\t\t\t\t\t\t\t\t<h2>Brak zachowania p\u0142odno\u015bci<\/h2><p><strong>Ta opcja oznacza rezygnacj\u0119 z leczenia zachowuj\u0105cego p\u0142odno\u015b\u0107 przed rozpocz\u0119ciem leczenia raka. Nie wszystkie kobiety rozpoczynaj\u0105ce leczenie raka b\u0119d\u0105 chcia\u0142y podda\u0107 si\u0119 leczeniu w celu zachowania p\u0142odno\u015bci. Nie wszystkie kobiety b\u0119d\u0105 mog\u0142y podda\u0107 si\u0119 leczeniu zachowuj\u0105cemu p\u0142odno\u015b\u0107 ze wzgl\u0119du na rodzaj i stadium zaawansowania nowotworu.  <\/strong><\/p><h3>Dla kogo to jest?<\/h3><p>Kobiety, kt\u00f3re:<\/p><ul><li>S\u0105 gotowe \u201cpoczeka\u0107 i zobaczy\u0107\u201d, czy ich p\u0142odno\u015b\u0107 powr\u00f3ci naturalnie po leczeniu raka.<\/li><li>S\u0105 pewne, \u017ce nie chc\u0105 mie\u0107 wi\u0119cej dzieci.<\/li><li>S\u0105 pewne, \u017ce nie chc\u0105 zaj\u015b\u0107 w ci\u0105\u017c\u0119 po leczeniu raka.<\/li><li>Nie maj\u0105 dost\u0119pnych opcji zachowania p\u0142odno\u015bci. (Na przyk\u0142ad z powodu osobistych przekona\u0144 lub opcji, kt\u00f3re mog\u0105 nie by\u0107 dost\u0119pne w lokalnej klinice). <\/li><li>Maj\u0105 szybko rozwijaj\u0105cy si\u0119 nowotw\u00f3r i musz\u0105 natychmiast rozpocz\u0105\u0107 leczenie przeciwnowotworowe.<\/li><\/ul><p>Cz\u0119sto zaleca si\u0119 odczekanie co najmniej dw\u00f3ch lat po zako\u0144czeniu leczenia raka przed zaj\u015bciem w ci\u0105\u017c\u0119. Mo\u017ce istnie\u0107 wi\u0119ksze prawdopodobie\u0144stwo nawrotu raka w ci\u0105gu pierwszych dw\u00f3ch lat po postawieniu diagnozy. Tak d\u0142ugi okres oczekiwania mo\u017ce nie by\u0107 odpowiedni dla ka\u017cdej kobiety. Je\u015bli my\u015bli Pani o zaj\u015bciu w ci\u0105\u017c\u0119 przed up\u0142ywem tego dwuletniego okresu, prosz\u0119 porozmawia\u0107 o tym ze swoim zespo\u0142em opieki onkologicznej.   <\/p><h3>Co si\u0119 z tym wi\u0105\u017ce?<\/h3><p>Nie ma \u017cadnych dodatkowych procedur. Leczenie polega na kontynuowaniu przez Pani\u0105 leczenia raka i stosowaniu metod antykoncepcji podczas leczenia. <\/p><h3>Jaka jest szansa na urodzenie dziecka po leczeniu raka?<\/h3><p>Szansa na urodzenie dziecka w przysz\u0142o\u015bci zale\u017cy od tego, w jaki spos\u00f3b leczenie raka wp\u0142yn\u0119\u0142o na Pani jajniki. Niekt\u00f3re kobiety zachodz\u0105 w ci\u0105\u017c\u0119 w spos\u00f3b naturalny po leczeniu raka bez podejmowania pr\u00f3b zachowania p\u0142odno\u015bci. Je\u015bli leczenie spowoduje menopauz\u0119, zaj\u015bcie w ci\u0105\u017c\u0119 w spos\u00f3b naturalny jest ma\u0142o prawdopodobne.  <\/p><h3>Czy ta opcja wp\u0142ynie na zdrowie dziecka?<\/h3><p>Nie, nie b\u0119dzie to mia\u0142o wp\u0142ywu na zdrowie dziecka w przysz\u0142o\u015bci.<\/p><h3>Czy s\u0105 jakie\u015b skutki uboczne niepodj\u0119cia pr\u00f3b zachowania p\u0142odno\u015bci?<\/h3><p>Nie b\u0119dzie Pani mia\u0142a \u017cadnych skutk\u00f3w ubocznych niepodj\u0119cia pr\u00f3b zachowania p\u0142odno\u015bci<\/p><h3>Czy ta opcja op\u00f3\u017ani rozpocz\u0119cie mojego leczenia onkologicznego?<\/h3><p>Nie, ta opcja nie op\u00f3\u017ani rozpocz\u0119cia leczenia raka.<\/p><h3>Czy ta opcja wp\u0142ynie na ryzyko powrotu nowotworu?<\/h3><p>Je\u015bli nie zdecyduje si\u0119 Pani na zachowanie p\u0142odno\u015bci, leczenie raka b\u0119dzie kontynuowane zgodnie z planem. Nie wp\u0142ynie to na prawdopodobie\u0144stwo nawrotu raka. <\/p>\t\t\t\t\t\t\t\t<\/div>\n\t\t\t\t<\/div>\n\t\t<div class=\"elementor-element elementor-element-6f5c623e e-con-full e-flex e-con e-child\" data-id=\"6f5c623e\" data-element_type=\"container\" data-e-type=\"container\" data-settings=\"{&quot;background_background&quot;:&quot;classic&quot;}\">\n\t\t\t\t<div class=\"elementor-element elementor-element-f5f3e00 elementor-widget elementor-widget-text-editor\" data-id=\"f5f3e00\" data-element_type=\"widget\" data-e-type=\"widget\" data-widget_type=\"text-editor.default\">\n\t\t\t\t<div class=\"elementor-widget-container\">\n\t\t\t\t\t\t\t\t\t<p><strong>Przydatne mo\u017ce okaza\u0107 si\u0119 zapisanie, co podoba si\u0119 Pani w tej opcji, a co Pani\u0105 niepokoi.<\/strong><\/p><p>Te notatki mog\u0105 pom\u00f3c Pani porozmawia\u0107 o tym, czy ta opcja jest dla Pani najlepsza z zespo\u0142em opieki onkologicznej i zespo\u0142em opieki nad p\u0142odno\u015bci\u0105, partnerem, rodzin\u0105 i przyjaci\u00f3\u0142mi.<\/p>\t\t\t\t\t\t\t\t<\/div>\n\t\t\t\t<\/div>\n\t\t\t\t<\/div>\n\t\t\t\t<\/div>\n\t\t<div class=\"elementor-element elementor-element-58378c8b e-con-full e-flex e-con e-child\" data-id=\"58378c8b\" data-element_type=\"container\" data-e-type=\"container\">\n\t\t<div class=\"elementor-element elementor-element-13316b00 e-con-full e-flex e-con e-child\" data-id=\"13316b00\" data-element_type=\"container\" data-e-type=\"container\">\n\t\t\t\t<div class=\"elementor-element elementor-element-c31194d elementor-widget elementor-widget-image\" data-id=\"c31194d\" data-element_type=\"widget\" data-e-type=\"widget\" data-widget_type=\"image.default\">\n\t\t\t\t<div class=\"elementor-widget-container\">\n\t\t\t\t\t\t\t\t\t\t\t\t\t\t\t\t<a href=\"http:\/\/.\/\">\n\t\t\t\t\t\t\t<img fetchpriority=\"high\" decoding=\"async\" width=\"400\" height=\"440\" src=\"https:\/\/cancerfertilityandme.org.uk\/wp-content\/uploads\/cancerfertilityandme-logo-column-adult-women.png\" class=\"attachment-full size-full wp-image-2283\" alt=\"\" srcset=\"https:\/\/cancerfertilityandme.org.uk\/wp-content\/uploads\/cancerfertilityandme-logo-column-adult-women.png 400w, https:\/\/cancerfertilityandme.org.uk\/wp-content\/uploads\/cancerfertilityandme-logo-column-adult-women-273x300.png 273w\" sizes=\"(max-width: 400px) 100vw, 400px\" \/>\t\t\t\t\t\t\t\t<\/a>\n\t\t\t\t\t\t\t\t\t\t\t\t\t\t\t<\/div>\n\t\t\t\t<\/div>\n\t\t\t\t<\/div>\n\t\t<div class=\"elementor-element elementor-element-777ab1d9 e-con-full e-flex e-con e-child\" data-id=\"777ab1d9\" data-element_type=\"container\" data-e-type=\"container\">\n\t\t\t\t<div class=\"elementor-element elementor-element-713a9489 elementor-widget elementor-widget-heading\" data-id=\"713a9489\" data-element_type=\"widget\" data-e-type=\"widget\" data-widget_type=\"heading.default\">\n\t\t\t\t<div class=\"elementor-widget-container\">\n\t\t\t\t\t<h3 class=\"elementor-heading-title elementor-size-default\">Aby uzyska\u0107 wi\u0119cej informacji, skorzystaj z tych \u0142\u0105czy<\/h3>\t\t\t\t<\/div>\n\t\t\t\t<\/div>\n\t\t\t\t<div class=\"elementor-element elementor-element-68b8562f elementor-nav-menu--dropdown-none elementor-widget elementor-widget-nav-menu\" data-id=\"68b8562f\" data-element_type=\"widget\" data-e-type=\"widget\" data-settings=\"{&quot;layout&quot;:&quot;vertical&quot;,&quot;submenu_icon&quot;:{&quot;value&quot;:&quot;&lt;svg aria-hidden=\\&quot;true\\&quot; class=\\&quot;e-font-icon-svg e-fas-caret-down\\&quot; viewBox=\\&quot;0 0 320 512\\&quot; xmlns=\\&quot;http:\\\/\\\/www.w3.org\\\/2000\\\/svg\\&quot;&gt;&lt;path d=\\&quot;M31.3 192h257.3c17.8 0 26.7 21.5 14.1 34.1L174.1 354.8c-7.8 7.8-20.5 7.8-28.3 0L17.2 226.1C4.6 213.5 13.5 192 31.3 192z\\&quot;&gt;&lt;\\\/path&gt;&lt;\\\/svg&gt;&quot;,&quot;library&quot;:&quot;fa-solid&quot;}}\" data-widget_type=\"nav-menu.default\">\n\t\t\t\t<div class=\"elementor-widget-container\">\n\t\t\t\t\t\t\t\t<nav aria-label=\"Menu\" class=\"elementor-nav-menu--main elementor-nav-menu__container elementor-nav-menu--layout-vertical e--pointer-none\">\n\t\t\t\t<ul id=\"menu-1-68b8562f\" class=\"elementor-nav-menu sm-vertical\"><li class=\"menu-item menu-item-type-post_type menu-item-object-page menu-item-6985\"><a href=\"https:\/\/cancerfertilityandme.org.uk\/adult-women\/fertility-preservation-options\/\" class=\"elementor-item\">Opcje zachowania p\u0142odno\u015bci<\/a><\/li>\n<li class=\"menu-item menu-item-type-post_type menu-item-object-page menu-item-6994\"><a href=\"https:\/\/cancerfertilityandme.org.uk\/adult-women\/fertility-preservation-options\/summary-of-fertility-preservation-options\/\" class=\"elementor-item\">Podsumowanie opcji zachowania p\u0142odno\u015bci<\/a><\/li>\n<li class=\"menu-item menu-item-type-post_type menu-item-object-page menu-item-6990\"><a href=\"https:\/\/cancerfertilityandme.org.uk\/adult-women\/fertility-preservation-options\/no-fertility-preservation\/\" class=\"elementor-item\">Brak zachowania p\u0142odno\u015bci<\/a><\/li>\n<li class=\"menu-item menu-item-type-post_type menu-item-object-page menu-item-6987\"><a href=\"https:\/\/cancerfertilityandme.org.uk\/adult-women\/fertility-preservation-options\/egg-freezing\/\" class=\"elementor-item\">Zamra\u017canie kom\u00f3rek jajowych<\/a><\/li>\n<li class=\"menu-item menu-item-type-post_type menu-item-object-page menu-item-6988\"><a href=\"https:\/\/cancerfertilityandme.org.uk\/adult-women\/fertility-preservation-options\/embryo-freezing\/\" class=\"elementor-item\">Zamra\u017canie zarodk\u00f3w<\/a><\/li>\n<li class=\"menu-item menu-item-type-post_type menu-item-object-page menu-item-6992\"><a href=\"https:\/\/cancerfertilityandme.org.uk\/adult-women\/fertility-preservation-options\/ovarian-tissue-freezing\/\" class=\"elementor-item\">Zamra\u017canie tkanki jajnika<\/a><\/li>\n<li class=\"menu-item menu-item-type-post_type menu-item-object-page menu-item-6991\"><a href=\"https:\/\/cancerfertilityandme.org.uk\/adult-women\/fertility-preservation-options\/ovarian-suppression\/\" class=\"elementor-item\">T\u0142umienie czynno\u015bci jajnik\u00f3w<\/a><\/li>\n<li class=\"menu-item menu-item-type-post_type menu-item-object-page menu-item-6986\"><a href=\"https:\/\/cancerfertilityandme.org.uk\/adult-women\/fertility-preservation-options\/cancer-specific-fertility-sparing-options\/\" class=\"elementor-item\">Opcje oszcz\u0119dzaj\u0105ce p\u0142odno\u015b\u0107 w wybranych nowotworach<\/a><\/li>\n<li class=\"menu-item menu-item-type-post_type menu-item-object-page menu-item-11368\"><a href=\"https:\/\/cancerfertilityandme.org.uk\/adult-women\/fertility-preservation-options\/other-cancer-treatments\/\" class=\"elementor-item\">Inne metody leczenia raka<\/a><\/li>\n<li class=\"menu-item menu-item-type-post_type menu-item-object-page menu-item-6993\"><a href=\"https:\/\/cancerfertilityandme.org.uk\/adult-women\/fertility-preservation-options\/questions-to-ask-your-cancer-fertility-care-teams\/\" class=\"elementor-item\">Pytania, kt\u00f3re nale\u017cy zada\u0107 zespo\u0142om zajmuj\u0105cym si\u0119 leczeniem raka i opiek\u0105 nad p\u0142odno\u015bci\u0105<\/a><\/li>\n<\/ul>\t\t\t<\/nav>\n\t\t\t\t\t\t<nav class=\"elementor-nav-menu--dropdown elementor-nav-menu__container\" aria-hidden=\"true\">\n\t\t\t\t<ul id=\"menu-2-68b8562f\" class=\"elementor-nav-menu sm-vertical\"><li class=\"menu-item menu-item-type-post_type menu-item-object-page menu-item-6985\"><a href=\"https:\/\/cancerfertilityandme.org.uk\/adult-women\/fertility-preservation-options\/\" class=\"elementor-item\" tabindex=\"-1\">Opcje zachowania p\u0142odno\u015bci<\/a><\/li>\n<li class=\"menu-item menu-item-type-post_type menu-item-object-page menu-item-6994\"><a href=\"https:\/\/cancerfertilityandme.org.uk\/adult-women\/fertility-preservation-options\/summary-of-fertility-preservation-options\/\" class=\"elementor-item\" tabindex=\"-1\">Podsumowanie opcji zachowania p\u0142odno\u015bci<\/a><\/li>\n<li class=\"menu-item menu-item-type-post_type menu-item-object-page menu-item-6990\"><a href=\"https:\/\/cancerfertilityandme.org.uk\/adult-women\/fertility-preservation-options\/no-fertility-preservation\/\" class=\"elementor-item\" tabindex=\"-1\">Brak zachowania p\u0142odno\u015bci<\/a><\/li>\n<li class=\"menu-item menu-item-type-post_type menu-item-object-page menu-item-6987\"><a href=\"https:\/\/cancerfertilityandme.org.uk\/adult-women\/fertility-preservation-options\/egg-freezing\/\" class=\"elementor-item\" tabindex=\"-1\">Zamra\u017canie kom\u00f3rek jajowych<\/a><\/li>\n<li class=\"menu-item menu-item-type-post_type menu-item-object-page menu-item-6988\"><a href=\"https:\/\/cancerfertilityandme.org.uk\/adult-women\/fertility-preservation-options\/embryo-freezing\/\" class=\"elementor-item\" tabindex=\"-1\">Zamra\u017canie zarodk\u00f3w<\/a><\/li>\n<li class=\"menu-item menu-item-type-post_type menu-item-object-page menu-item-6992\"><a href=\"https:\/\/cancerfertilityandme.org.uk\/adult-women\/fertility-preservation-options\/ovarian-tissue-freezing\/\" class=\"elementor-item\" tabindex=\"-1\">Zamra\u017canie tkanki jajnika<\/a><\/li>\n<li class=\"menu-item menu-item-type-post_type menu-item-object-page menu-item-6991\"><a href=\"https:\/\/cancerfertilityandme.org.uk\/adult-women\/fertility-preservation-options\/ovarian-suppression\/\" class=\"elementor-item\" tabindex=\"-1\">T\u0142umienie czynno\u015bci jajnik\u00f3w<\/a><\/li>\n<li class=\"menu-item menu-item-type-post_type menu-item-object-page menu-item-6986\"><a href=\"https:\/\/cancerfertilityandme.org.uk\/adult-women\/fertility-preservation-options\/cancer-specific-fertility-sparing-options\/\" class=\"elementor-item\" tabindex=\"-1\">Opcje oszcz\u0119dzaj\u0105ce p\u0142odno\u015b\u0107 w wybranych nowotworach<\/a><\/li>\n<li class=\"menu-item menu-item-type-post_type menu-item-object-page menu-item-11368\"><a href=\"https:\/\/cancerfertilityandme.org.uk\/adult-women\/fertility-preservation-options\/other-cancer-treatments\/\" class=\"elementor-item\" tabindex=\"-1\">Inne metody leczenia raka<\/a><\/li>\n<li class=\"menu-item menu-item-type-post_type menu-item-object-page menu-item-6993\"><a href=\"https:\/\/cancerfertilityandme.org.uk\/adult-women\/fertility-preservation-options\/questions-to-ask-your-cancer-fertility-care-teams\/\" class=\"elementor-item\" tabindex=\"-1\">Pytania, kt\u00f3re nale\u017cy zada\u0107 zespo\u0142om zajmuj\u0105cym si\u0119 leczeniem raka i opiek\u0105 nad p\u0142odno\u015bci\u0105<\/a><\/li>\n<\/ul>\t\t\t<\/nav>\n\t\t\t\t\t\t<\/div>\n\t\t\t\t<\/div>\n\t\t\t\t<\/div>\n\t\t\t\t<\/div>\n\t\t\t\t\t<\/div>\n\t\t\t\t<\/main>\n\t\t\t\t<\/div>\n\t\t","protected":false},"excerpt":{"rendered":"<p>Brak zachowania p\u0142odno\u015bci Ta opcja oznacza rezygnacj\u0119 z leczenia zachowuj\u0105cego p\u0142odno\u015b\u0107 przed rozpocz\u0119ciem leczenia raka. Nie wszystkie kobiety rozpoczynaj\u0105ce leczenie raka b\u0119d\u0105 chcia\u0142y podda\u0107 si\u0119 leczeniu w celu zachowania p\u0142odno\u015bci. Nie wszystkie kobiety b\u0119d\u0105 mog\u0142y podda\u0107 si\u0119 leczeniu zachowuj\u0105cemu p\u0142odno\u015b\u0107 ze wzgl\u0119du na rodzaj i stadium zaawansowania nowotworu. Dla kogo to jest? Kobiety, kt\u00f3re: S\u0105 [&hellip;]<\/p>\n","protected":false},"author":1,"featured_media":0,"parent":6280,"menu_order":0,"comment_status":"closed","ping_status":"open","template":"","meta":{"footnotes":""},"class_list":["post-6284","page","type-page","status-publish","hentry"],"_links":{"self":[{"href":"https:\/\/cancerfertilityandme.org.uk\/pl\/wp-json\/wp\/v2\/pages\/6284","targetHints":{"allow":["GET"]}}],"collection":[{"href":"https:\/\/cancerfertilityandme.org.uk\/pl\/wp-json\/wp\/v2\/pages"}],"about":[{"href":"https:\/\/cancerfertilityandme.org.uk\/pl\/wp-json\/wp\/v2\/types\/page"}],"author":[{"embeddable":true,"href":"https:\/\/cancerfertilityandme.org.uk\/pl\/wp-json\/wp\/v2\/users\/1"}],"replies":[{"embeddable":true,"href":"https:\/\/cancerfertilityandme.org.uk\/pl\/wp-json\/wp\/v2\/comments?post=6284"}],"version-history":[{"count":3,"href":"https:\/\/cancerfertilityandme.org.uk\/pl\/wp-json\/wp\/v2\/pages\/6284\/revisions"}],"predecessor-version":[{"id":10389,"href":"https:\/\/cancerfertilityandme.org.uk\/pl\/wp-json\/wp\/v2\/pages\/6284\/revisions\/10389"}],"up":[{"embeddable":true,"href":"https:\/\/cancerfertilityandme.org.uk\/pl\/wp-json\/wp\/v2\/pages\/6280"}],"wp:attachment":[{"href":"https:\/\/cancerfertilityandme.org.uk\/pl\/wp-json\/wp\/v2\/media?parent=6284"}],"curies":[{"name":"wp","href":"https:\/\/api.w.org\/{rel}","templated":true}]}}