{"id":6282,"date":"2018-11-07T09:47:04","date_gmt":"2018-11-07T09:47:04","guid":{"rendered":"https:\/\/cancerfertilityandme.org.uk\/podsumowanie-opcji-zachowania-plodnosci\/"},"modified":"2025-11-17T11:00:15","modified_gmt":"2025-11-17T11:00:15","slug":"podsumowanie-opcji-zachowania-plodnosci","status":"publish","type":"page","link":"https:\/\/cancerfertilityandme.org.uk\/pl\/dorosle-kobiety\/opcje-zachowania-plodnosci\/podsumowanie-opcji-zachowania-plodnosci\/","title":{"rendered":"Podsumowanie opcji zachowania p\u0142odno\u015bci"},"content":{"rendered":"\t\t<div data-elementor-type=\"wp-page\" data-elementor-id=\"6282\" class=\"elementor elementor-6282 elementor-5589\" data-elementor-post-type=\"page\">\n\t\t\t\t<main class=\"elementor-element elementor-element-25a182d e-flex e-con-boxed e-con e-parent\" data-id=\"25a182d\" data-element_type=\"container\" data-e-type=\"container\">\n\t\t\t\t\t<div class=\"e-con-inner\">\n\t\t<div class=\"elementor-element elementor-element-3204df80 e-con-full e-flex e-con e-child\" data-id=\"3204df80\" data-element_type=\"container\" data-e-type=\"container\">\n\t\t\t\t<div class=\"elementor-element elementor-element-370f079b elementor-widget elementor-widget-text-editor\" data-id=\"370f079b\" data-element_type=\"widget\" data-e-type=\"widget\" data-widget_type=\"text-editor.default\">\n\t\t\t\t<div class=\"elementor-widget-container\">\n\t\t\t\t\t\t\t\t\t<h2>Podsumowanie opcji zachowania p\u0142odno\u015bci<\/h2>\t\t\t\t\t\t\t\t<\/div>\n\t\t\t\t<\/div>\n\t\t<div class=\"elementor-element elementor-element-781f8b5e e-con-full e-flex e-con e-child\" data-id=\"781f8b5e\" data-element_type=\"container\" data-e-type=\"container\" data-settings=\"{&quot;background_background&quot;:&quot;classic&quot;}\">\n\t\t\t\t<div class=\"elementor-element elementor-element-7f12b723 elementor-widget elementor-widget-text-editor\" data-id=\"7f12b723\" data-element_type=\"widget\" data-e-type=\"widget\" data-widget_type=\"text-editor.default\">\n\t\t\t\t<div class=\"elementor-widget-container\">\n\t\t\t\t\t\t\t\t\t<h3 style=\"text-align: center;\">Brak zachowania p\u0142odno\u015bci<\/h3><hr><h3>Dla kogo ?<\/h3><p>Kobiety, kt\u00f3re chc\u0105 poczeka\u0107 i zobaczy\u0107; maj\u0105 ju\u017c rodzin\u0119; powinny natychmiast rozpocz\u0105\u0107 leczenie raka; nie chc\u0105 zaj\u015b\u0107 w ci\u0105\u017c\u0119 po leczeniu raka; nie maj\u0105 dost\u0119pnych opcji zachowania p\u0142odno\u015bci.<\/p><h3>Szansa na posiadanie dziecka<\/h3><p>Zmienna. Zale\u017cy od tego, jak leczenie raka wp\u0142yn\u0119\u0142o na Pani jajniki. <\/p><h3>Skutki uboczne<\/h3><p>Brak skutk\u00f3w ubocznych leczenia niep\u0142odno\u015bci.<\/p><h3>Op\u00f3\u017anienie rozpocz\u0119cia leczenia raka<\/h3><p>Brak op\u00f3\u017anienia.<\/p><h3>Wp\u0142yw na powr\u00f3t nowotworu<\/h3><p>Nie ma wp\u0142ywu.<\/p>\t\t\t\t\t\t\t\t<\/div>\n\t\t\t\t<\/div>\n\t\t\t\t<\/div>\n\t\t<div class=\"elementor-element elementor-element-a6abaa5 e-con-full e-flex e-con e-child\" data-id=\"a6abaa5\" data-element_type=\"container\" data-e-type=\"container\" data-settings=\"{&quot;background_background&quot;:&quot;classic&quot;}\">\n\t\t\t\t<div class=\"elementor-element elementor-element-babb161 elementor-widget elementor-widget-text-editor\" data-id=\"babb161\" data-element_type=\"widget\" data-e-type=\"widget\" data-widget_type=\"text-editor.default\">\n\t\t\t\t<div class=\"elementor-widget-container\">\n\t\t\t\t\t\t\t\t\t<h3 style=\"text-align: center;\">Zamra\u017canie kom\u00f3rek jajowych<\/h3><hr><h3>Dla kogo ?<\/h3><p>Kobiet, kt\u00f3re nie maj\u0105 partnera; nie chc\u0105 korzysta\u0107 z nasienia dawcy; nie decyduj\u0105 si\u0119 na mro\u017cenie zarodk\u00f3w ze wzgl\u0119du na swoje przekonania; maj\u0105 czas, aby podj\u0105\u0107 leczenie zachowuj\u0105ce p\u0142odno\u015b\u0107 przed rozpocz\u0119ciem leczenia raka.<\/p><h3>Szansa na posiadanie dziecka<\/h3><p>Zmienna. Kobiety poni\u017cej 35 roku \u017cycia, kt\u00f3re przechowuj\u0105 10 kom\u00f3rek jajowych, maj\u0105 oko\u0142o 40% szans na urodzenie dziecka. Kobiety w wieku powy\u017cej 35 lat b\u0119d\u0105 mia\u0142y mniejsze szanse. Kobiety poni\u017cej 35 roku \u017cycia mog\u0105 mie\u0107 du\u017ce szanse, je\u015bli uda si\u0119 przechowa\u0107 wystarczaj\u0105c\u0105 liczb\u0119 kom\u00f3rek jajowych.   <\/p><h3>Skutki uboczne<\/h3><p>B\u00f3le g\u0142owy, zmiany nastroju, uderzenia gor\u0105ca i podra\u017cnienie sk\u00f3ry; wzrost poziomu hormonu estrogenu (nie jest to bezpieczne dla kobiet z rakiem piersi wra\u017cliwym na estrogen); ryzyko infekcji lub krwawienia; uszkodzenie innych struktur miednicy (nie jest to bezpieczne dla kobiet z rakiem miednicy).<\/p><h3>Op\u00f3\u017anienie rozpocz\u0119cia leczenia raka<\/h3><p>Dwa tygodnie.<\/p><h3>Wp\u0142yw na powr\u00f3t nowotworu<\/h3><p>Brak danych sugeruj\u0105cych, \u017ce wp\u0142ynie to na ryzyko nawrotu raka.<\/p>\t\t\t\t\t\t\t\t<\/div>\n\t\t\t\t<\/div>\n\t\t\t\t<\/div>\n\t\t<div class=\"elementor-element elementor-element-79c9e2a e-con-full e-flex e-con e-child\" data-id=\"79c9e2a\" data-element_type=\"container\" data-e-type=\"container\" data-settings=\"{&quot;background_background&quot;:&quot;classic&quot;}\">\n\t\t\t\t<div class=\"elementor-element elementor-element-f8413c2 elementor-widget elementor-widget-text-editor\" data-id=\"f8413c2\" data-element_type=\"widget\" data-e-type=\"widget\" data-widget_type=\"text-editor.default\">\n\t\t\t\t<div class=\"elementor-widget-container\">\n\t\t\t\t\t\t\t\t\t<h3 style=\"text-align: center;\">Zamra\u017canie zarodk\u00f3w<\/h3><hr><h3>Dla kogo ?<\/h3><p>Kobiet, kt\u00f3re maj\u0105 czas, aby podj\u0105\u0107 leczenie zachowuj\u0105ce p\u0142odno\u015b\u0107 przed rozpocz\u0119ciem leczenia raka; kobiety z partnerem p\u0142ci m\u0119skiej, poniewa\u017c do zap\u0142odnienia potrzebne s\u0105 zar\u00f3wno kom\u00f3rki jajowe, jak i plemniki.<\/p><h3>Szansa na posiadanie dziecka<\/h3><p>Zmienna. Szansa, \u017ce zamro\u017cenie zarodk\u00f3w pomo\u017ce kobiecie w urodzeniu dziecka po leczeniu raka wynosi oko\u0142o 30 na 100 (oko\u0142o 30%). Kobiety w wieku poni\u017cej 35 lat maj\u0105 wi\u0119ksze szanse. Kobiety w wieku powy\u017cej 35 lat b\u0119d\u0105 mia\u0142y mniejsze szanse.   <\/p><h3>Skutki uboczne<\/h3><p>B\u00f3le g\u0142owy, zmiany nastroju, uderzenia gor\u0105ca i podra\u017cnienie sk\u00f3ry; wzrost poziomu hormonu estrogenu (nie jest to bezpieczne dla kobiet z rakiem piersi wra\u017cliwym na estrogen); ryzyko infekcji lub krwawienia; uszkodzenie innych struktur miednicy (nie jest to bezpieczne dla kobiet z rakiem miednicy).<\/p><h3>Op\u00f3\u017anienie rozpocz\u0119cia leczenia raka<\/h3><p>Dwa tygodnie.<\/p><h3>Wp\u0142yw na powr\u00f3t nowotworu<\/h3><p>Brak danych sugeruj\u0105cych, \u017ce wp\u0142ynie to na ryzyko nawrotu raka.<\/p>\t\t\t\t\t\t\t\t<\/div>\n\t\t\t\t<\/div>\n\t\t\t\t<\/div>\n\t\t<div class=\"elementor-element elementor-element-d2e018f e-con-full e-flex e-con e-child\" data-id=\"d2e018f\" data-element_type=\"container\" data-e-type=\"container\" data-settings=\"{&quot;background_background&quot;:&quot;classic&quot;}\">\n\t\t\t\t<div class=\"elementor-element elementor-element-9a7f7c3 elementor-widget elementor-widget-text-editor\" data-id=\"9a7f7c3\" data-element_type=\"widget\" data-e-type=\"widget\" data-widget_type=\"text-editor.default\">\n\t\t\t\t<div class=\"elementor-widget-container\">\n\t\t\t\t\t\t\t\t\t<h3 style=\"text-align: center;\">Zamra\u017canie tkanki jajnika<\/h3><hr><h3>Dla kogo ?<\/h3><p>Kobiet, kt\u00f3re nie maj\u0105 czasu na zamro\u017cenie zarodk\u00f3w lub kom\u00f3rek jajowych; kt\u00f3re nie mog\u0105 stosowa\u0107 lek\u00f3w na p\u0142odno\u015b\u0107; kt\u00f3re wol\u0105 mo\u017cliwo\u015b\u0107 naturalnego pocz\u0119cia w p\u00f3\u017aniejszym terminie; dziewcz\u0119ta, kt\u00f3re nie osi\u0105gn\u0119\u0142y dojrza\u0142o\u015bci p\u0142ciowej.<\/p><h3>Szansa na posiadanie dziecka<\/h3><p>Nowsza metoda zachowania p\u0142odno\u015bci. Wska\u017anik \u017cywych urodze\u0144 na poziomie oko\u0142o 30 na 100 (30%) na ca\u0142ym \u015bwiecie. <\/p><h3>Skutki uboczne<\/h3><p>Wi\u0105\u017ce si\u0119 z zabiegiem chirurgicznym, zatem istnieje ryzyko uszkodzenia p\u0119cherza moczowego lub jelit; ryzyko infekcji lub krwawienia. Mo\u017cliwo\u015b\u0107 wprowadzenia kom\u00f3rek nowotworowych do organizmu wraz z zamro\u017con\u0105 tkank\u0105 jajnika (nie jest to bezpieczne dla kobiet cierpi\u0105cych na nowotwory krwi, takie jak bia\u0142aczka). <\/p><h3>Op\u00f3\u017anienie rozpocz\u0119cia leczenia raka<\/h3><p>Prawdopodobnie brak lub tylko kilka dni.<\/p><h3>Wp\u0142yw na powr\u00f3t nowotworu<\/h3><p>Brak danych sugeruj\u0105cych, \u017ce wp\u0142ynie to na ryzyko nawrotu raka.<\/p>\t\t\t\t\t\t\t\t<\/div>\n\t\t\t\t<\/div>\n\t\t\t\t<\/div>\n\t\t<div class=\"elementor-element elementor-element-5013e21 e-con-full e-flex e-con e-child\" data-id=\"5013e21\" data-element_type=\"container\" data-e-type=\"container\" data-settings=\"{&quot;background_background&quot;:&quot;classic&quot;}\">\n\t\t\t\t<div class=\"elementor-element elementor-element-c3b7da8 elementor-widget elementor-widget-text-editor\" data-id=\"c3b7da8\" data-element_type=\"widget\" data-e-type=\"widget\" data-widget_type=\"text-editor.default\">\n\t\t\t\t<div class=\"elementor-widget-container\">\n\t\t\t\t\t\t\t\t\t<h3 style=\"text-align: center;\">T\u0142umienie czynno\u015bci jajnik\u00f3w<\/h3><hr><h3>Dla kogo ?<\/h3><p>Kobiet poddawanych chemioterapii; dziewcz\u0105t, kt\u00f3re osi\u0105gn\u0119\u0142y wiek dojrzewania.<\/p><h3>Szansa na posiadanie dziecka<\/h3><p>Nie jest jasne, czy ta metoda zwi\u0119ksza prawdopodobie\u0144stwo urodzenia dziecka po zako\u0144czeniu leczenia.<\/p><h3>Skutki uboczne<\/h3><p>Uderzenia gor\u0105ca; zmiany nastroju; trudno\u015bci ze snem; sucho\u015b\u0107 pochwy.<\/p><h3>Op\u00f3\u017anienie rozpocz\u0119cia leczenia raka<\/h3><p>Prawdopodobnie brak.<\/p><h3>Wp\u0142yw na powr\u00f3t nowotworu<\/h3><p>Nie ma wp\u0142ywu.<\/p>\t\t\t\t\t\t\t\t<\/div>\n\t\t\t\t<\/div>\n\t\t\t\t<\/div>\n\t\t\t\t<\/div>\n\t\t<div class=\"elementor-element elementor-element-78fd630d e-con-full e-flex e-con e-child\" data-id=\"78fd630d\" data-element_type=\"container\" data-e-type=\"container\">\n\t\t<div class=\"elementor-element elementor-element-1ec77f10 e-con-full e-flex e-con e-child\" data-id=\"1ec77f10\" data-element_type=\"container\" data-e-type=\"container\">\n\t\t\t\t<div class=\"elementor-element elementor-element-76a85363 elementor-widget elementor-widget-image\" data-id=\"76a85363\" data-element_type=\"widget\" data-e-type=\"widget\" data-widget_type=\"image.default\">\n\t\t\t\t<div class=\"elementor-widget-container\">\n\t\t\t\t\t\t\t\t\t\t\t\t\t\t\t\t<a href=\"http:\/\/.\/\">\n\t\t\t\t\t\t\t<img fetchpriority=\"high\" decoding=\"async\" width=\"400\" height=\"440\" src=\"https:\/\/cancerfertilityandme.org.uk\/wp-content\/uploads\/cancerfertilityandme-logo-column-adult-women.png\" class=\"attachment-full size-full wp-image-2283\" alt=\"\" srcset=\"https:\/\/cancerfertilityandme.org.uk\/wp-content\/uploads\/cancerfertilityandme-logo-column-adult-women.png 400w, https:\/\/cancerfertilityandme.org.uk\/wp-content\/uploads\/cancerfertilityandme-logo-column-adult-women-273x300.png 273w\" sizes=\"(max-width: 400px) 100vw, 400px\" \/>\t\t\t\t\t\t\t\t<\/a>\n\t\t\t\t\t\t\t\t\t\t\t\t\t\t\t<\/div>\n\t\t\t\t<\/div>\n\t\t\t\t<\/div>\n\t\t<div class=\"elementor-element elementor-element-643b0697 e-con-full e-flex e-con e-child\" data-id=\"643b0697\" data-element_type=\"container\" data-e-type=\"container\">\n\t\t\t\t<div class=\"elementor-element elementor-element-773233c4 elementor-widget elementor-widget-heading\" data-id=\"773233c4\" data-element_type=\"widget\" data-e-type=\"widget\" data-widget_type=\"heading.default\">\n\t\t\t\t<div class=\"elementor-widget-container\">\n\t\t\t\t\t<h3 class=\"elementor-heading-title elementor-size-default\">Aby uzyska\u0107 wi\u0119cej informacji, skorzystaj z tych \u0142\u0105czy<\/h3>\t\t\t\t<\/div>\n\t\t\t\t<\/div>\n\t\t\t\t<div class=\"elementor-element elementor-element-30636de4 elementor-nav-menu--dropdown-none elementor-widget elementor-widget-nav-menu\" data-id=\"30636de4\" data-element_type=\"widget\" data-e-type=\"widget\" data-settings=\"{&quot;layout&quot;:&quot;vertical&quot;,&quot;submenu_icon&quot;:{&quot;value&quot;:&quot;&lt;svg aria-hidden=\\&quot;true\\&quot; class=\\&quot;e-font-icon-svg e-fas-caret-down\\&quot; viewBox=\\&quot;0 0 320 512\\&quot; xmlns=\\&quot;http:\\\/\\\/www.w3.org\\\/2000\\\/svg\\&quot;&gt;&lt;path d=\\&quot;M31.3 192h257.3c17.8 0 26.7 21.5 14.1 34.1L174.1 354.8c-7.8 7.8-20.5 7.8-28.3 0L17.2 226.1C4.6 213.5 13.5 192 31.3 192z\\&quot;&gt;&lt;\\\/path&gt;&lt;\\\/svg&gt;&quot;,&quot;library&quot;:&quot;fa-solid&quot;}}\" data-widget_type=\"nav-menu.default\">\n\t\t\t\t<div class=\"elementor-widget-container\">\n\t\t\t\t\t\t\t\t<nav aria-label=\"Menu\" class=\"elementor-nav-menu--main elementor-nav-menu__container elementor-nav-menu--layout-vertical e--pointer-none\">\n\t\t\t\t<ul id=\"menu-1-30636de4\" class=\"elementor-nav-menu sm-vertical\"><li class=\"menu-item menu-item-type-post_type menu-item-object-page menu-item-6985\"><a href=\"https:\/\/cancerfertilityandme.org.uk\/adult-women\/fertility-preservation-options\/\" class=\"elementor-item\">Opcje zachowania p\u0142odno\u015bci<\/a><\/li>\n<li class=\"menu-item menu-item-type-post_type menu-item-object-page menu-item-6994\"><a href=\"https:\/\/cancerfertilityandme.org.uk\/adult-women\/fertility-preservation-options\/summary-of-fertility-preservation-options\/\" class=\"elementor-item\">Podsumowanie opcji zachowania p\u0142odno\u015bci<\/a><\/li>\n<li class=\"menu-item menu-item-type-post_type menu-item-object-page menu-item-6990\"><a href=\"https:\/\/cancerfertilityandme.org.uk\/adult-women\/fertility-preservation-options\/no-fertility-preservation\/\" class=\"elementor-item\">Brak zachowania p\u0142odno\u015bci<\/a><\/li>\n<li class=\"menu-item menu-item-type-post_type menu-item-object-page menu-item-6987\"><a href=\"https:\/\/cancerfertilityandme.org.uk\/adult-women\/fertility-preservation-options\/egg-freezing\/\" class=\"elementor-item\">Zamra\u017canie kom\u00f3rek jajowych<\/a><\/li>\n<li class=\"menu-item menu-item-type-post_type menu-item-object-page menu-item-6988\"><a href=\"https:\/\/cancerfertilityandme.org.uk\/adult-women\/fertility-preservation-options\/embryo-freezing\/\" class=\"elementor-item\">Zamra\u017canie zarodk\u00f3w<\/a><\/li>\n<li class=\"menu-item menu-item-type-post_type menu-item-object-page menu-item-6992\"><a href=\"https:\/\/cancerfertilityandme.org.uk\/adult-women\/fertility-preservation-options\/ovarian-tissue-freezing\/\" class=\"elementor-item\">Zamra\u017canie tkanki jajnika<\/a><\/li>\n<li class=\"menu-item menu-item-type-post_type menu-item-object-page menu-item-6991\"><a href=\"https:\/\/cancerfertilityandme.org.uk\/adult-women\/fertility-preservation-options\/ovarian-suppression\/\" class=\"elementor-item\">T\u0142umienie czynno\u015bci jajnik\u00f3w<\/a><\/li>\n<li class=\"menu-item menu-item-type-post_type menu-item-object-page menu-item-6986\"><a href=\"https:\/\/cancerfertilityandme.org.uk\/adult-women\/fertility-preservation-options\/cancer-specific-fertility-sparing-options\/\" class=\"elementor-item\">Opcje oszcz\u0119dzaj\u0105ce p\u0142odno\u015b\u0107 w wybranych nowotworach<\/a><\/li>\n<li class=\"menu-item menu-item-type-post_type menu-item-object-page menu-item-11368\"><a href=\"https:\/\/cancerfertilityandme.org.uk\/adult-women\/fertility-preservation-options\/other-cancer-treatments\/\" class=\"elementor-item\">Inne metody leczenia raka<\/a><\/li>\n<li class=\"menu-item menu-item-type-post_type menu-item-object-page menu-item-6993\"><a href=\"https:\/\/cancerfertilityandme.org.uk\/adult-women\/fertility-preservation-options\/questions-to-ask-your-cancer-fertility-care-teams\/\" class=\"elementor-item\">Pytania, kt\u00f3re nale\u017cy zada\u0107 zespo\u0142om zajmuj\u0105cym si\u0119 leczeniem raka i opiek\u0105 nad p\u0142odno\u015bci\u0105<\/a><\/li>\n<\/ul>\t\t\t<\/nav>\n\t\t\t\t\t\t<nav class=\"elementor-nav-menu--dropdown elementor-nav-menu__container\" aria-hidden=\"true\">\n\t\t\t\t<ul id=\"menu-2-30636de4\" class=\"elementor-nav-menu sm-vertical\"><li class=\"menu-item menu-item-type-post_type menu-item-object-page menu-item-6985\"><a href=\"https:\/\/cancerfertilityandme.org.uk\/adult-women\/fertility-preservation-options\/\" class=\"elementor-item\" tabindex=\"-1\">Opcje zachowania p\u0142odno\u015bci<\/a><\/li>\n<li class=\"menu-item menu-item-type-post_type menu-item-object-page menu-item-6994\"><a href=\"https:\/\/cancerfertilityandme.org.uk\/adult-women\/fertility-preservation-options\/summary-of-fertility-preservation-options\/\" class=\"elementor-item\" tabindex=\"-1\">Podsumowanie opcji zachowania p\u0142odno\u015bci<\/a><\/li>\n<li class=\"menu-item menu-item-type-post_type menu-item-object-page menu-item-6990\"><a href=\"https:\/\/cancerfertilityandme.org.uk\/adult-women\/fertility-preservation-options\/no-fertility-preservation\/\" class=\"elementor-item\" tabindex=\"-1\">Brak zachowania p\u0142odno\u015bci<\/a><\/li>\n<li class=\"menu-item menu-item-type-post_type menu-item-object-page menu-item-6987\"><a href=\"https:\/\/cancerfertilityandme.org.uk\/adult-women\/fertility-preservation-options\/egg-freezing\/\" class=\"elementor-item\" tabindex=\"-1\">Zamra\u017canie kom\u00f3rek jajowych<\/a><\/li>\n<li class=\"menu-item menu-item-type-post_type menu-item-object-page menu-item-6988\"><a href=\"https:\/\/cancerfertilityandme.org.uk\/adult-women\/fertility-preservation-options\/embryo-freezing\/\" class=\"elementor-item\" tabindex=\"-1\">Zamra\u017canie zarodk\u00f3w<\/a><\/li>\n<li class=\"menu-item menu-item-type-post_type menu-item-object-page menu-item-6992\"><a href=\"https:\/\/cancerfertilityandme.org.uk\/adult-women\/fertility-preservation-options\/ovarian-tissue-freezing\/\" class=\"elementor-item\" tabindex=\"-1\">Zamra\u017canie tkanki jajnika<\/a><\/li>\n<li class=\"menu-item menu-item-type-post_type menu-item-object-page menu-item-6991\"><a href=\"https:\/\/cancerfertilityandme.org.uk\/adult-women\/fertility-preservation-options\/ovarian-suppression\/\" class=\"elementor-item\" tabindex=\"-1\">T\u0142umienie czynno\u015bci jajnik\u00f3w<\/a><\/li>\n<li class=\"menu-item menu-item-type-post_type menu-item-object-page menu-item-6986\"><a href=\"https:\/\/cancerfertilityandme.org.uk\/adult-women\/fertility-preservation-options\/cancer-specific-fertility-sparing-options\/\" class=\"elementor-item\" tabindex=\"-1\">Opcje oszcz\u0119dzaj\u0105ce p\u0142odno\u015b\u0107 w wybranych nowotworach<\/a><\/li>\n<li class=\"menu-item menu-item-type-post_type menu-item-object-page menu-item-11368\"><a href=\"https:\/\/cancerfertilityandme.org.uk\/adult-women\/fertility-preservation-options\/other-cancer-treatments\/\" class=\"elementor-item\" tabindex=\"-1\">Inne metody leczenia raka<\/a><\/li>\n<li class=\"menu-item menu-item-type-post_type menu-item-object-page menu-item-6993\"><a href=\"https:\/\/cancerfertilityandme.org.uk\/adult-women\/fertility-preservation-options\/questions-to-ask-your-cancer-fertility-care-teams\/\" class=\"elementor-item\" tabindex=\"-1\">Pytania, kt\u00f3re nale\u017cy zada\u0107 zespo\u0142om zajmuj\u0105cym si\u0119 leczeniem raka i opiek\u0105 nad p\u0142odno\u015bci\u0105<\/a><\/li>\n<\/ul>\t\t\t<\/nav>\n\t\t\t\t\t\t<\/div>\n\t\t\t\t<\/div>\n\t\t\t\t<\/div>\n\t\t\t\t<\/div>\n\t\t\t\t\t<\/div>\n\t\t\t\t<\/main>\n\t\t\t\t<\/div>\n\t\t","protected":false},"excerpt":{"rendered":"<p>Podsumowanie opcji zachowania p\u0142odno\u015bci Brak zachowania p\u0142odno\u015bci Dla kogo ? Kobiety, kt\u00f3re chc\u0105 poczeka\u0107 i zobaczy\u0107; maj\u0105 ju\u017c rodzin\u0119; powinny natychmiast rozpocz\u0105\u0107 leczenie raka; nie chc\u0105 zaj\u015b\u0107 w ci\u0105\u017c\u0119 po leczeniu raka; nie maj\u0105 dost\u0119pnych opcji zachowania p\u0142odno\u015bci. Szansa na posiadanie dziecka Zmienna. Zale\u017cy od tego, jak leczenie raka wp\u0142yn\u0119\u0142o na Pani jajniki. Skutki uboczne [&hellip;]<\/p>\n","protected":false},"author":1,"featured_media":0,"parent":6280,"menu_order":0,"comment_status":"closed","ping_status":"open","template":"","meta":{"footnotes":""},"class_list":["post-6282","page","type-page","status-publish","hentry"],"_links":{"self":[{"href":"https:\/\/cancerfertilityandme.org.uk\/pl\/wp-json\/wp\/v2\/pages\/6282","targetHints":{"allow":["GET"]}}],"collection":[{"href":"https:\/\/cancerfertilityandme.org.uk\/pl\/wp-json\/wp\/v2\/pages"}],"about":[{"href":"https:\/\/cancerfertilityandme.org.uk\/pl\/wp-json\/wp\/v2\/types\/page"}],"author":[{"embeddable":true,"href":"https:\/\/cancerfertilityandme.org.uk\/pl\/wp-json\/wp\/v2\/users\/1"}],"replies":[{"embeddable":true,"href":"https:\/\/cancerfertilityandme.org.uk\/pl\/wp-json\/wp\/v2\/comments?post=6282"}],"version-history":[{"count":3,"href":"https:\/\/cancerfertilityandme.org.uk\/pl\/wp-json\/wp\/v2\/pages\/6282\/revisions"}],"predecessor-version":[{"id":9540,"href":"https:\/\/cancerfertilityandme.org.uk\/pl\/wp-json\/wp\/v2\/pages\/6282\/revisions\/9540"}],"up":[{"embeddable":true,"href":"https:\/\/cancerfertilityandme.org.uk\/pl\/wp-json\/wp\/v2\/pages\/6280"}],"wp:attachment":[{"href":"https:\/\/cancerfertilityandme.org.uk\/pl\/wp-json\/wp\/v2\/media?parent=6282"}],"curies":[{"name":"wp","href":"https:\/\/api.w.org\/{rel}","templated":true}]}}