{"id":6272,"date":"2018-11-07T09:37:51","date_gmt":"2018-11-07T09:37:51","guid":{"rendered":"https:\/\/cancerfertilityandme.org.uk\/zabieg-chirurgiczny\/"},"modified":"2025-11-17T10:56:26","modified_gmt":"2025-11-17T10:56:26","slug":"zabieg-chirurgiczny","status":"publish","type":"page","link":"https:\/\/cancerfertilityandme.org.uk\/pl\/dorosle-kobiety\/rak-plodnosc-i-uklad-rozrodczy\/zabieg-chirurgiczny\/","title":{"rendered":"Zabieg chirurgiczny"},"content":{"rendered":"\t\t<div data-elementor-type=\"wp-page\" data-elementor-id=\"6272\" class=\"elementor elementor-6272 elementor-5407\" data-elementor-post-type=\"page\">\n\t\t\t\t<main class=\"elementor-element elementor-element-2f18bb00 e-flex e-con-boxed e-con e-parent\" data-id=\"2f18bb00\" data-element_type=\"container\" data-e-type=\"container\">\n\t\t\t\t\t<div class=\"e-con-inner\">\n\t\t<div class=\"elementor-element elementor-element-169562a4 e-con-full e-flex e-con e-child\" data-id=\"169562a4\" data-element_type=\"container\" data-e-type=\"container\">\n\t\t\t\t<div class=\"elementor-element elementor-element-622fe5e9 elementor-widget elementor-widget-text-editor\" data-id=\"622fe5e9\" data-element_type=\"widget\" data-e-type=\"widget\" data-widget_type=\"text-editor.default\">\n\t\t\t\t<div class=\"elementor-widget-container\">\n\t\t\t\t\t\t\t\t\t<h2>Zabieg chirurgiczny<\/h2><p>Zabieg chirurgiczny Polega na usuni\u0119ciu nowotworu z organizmu podczas operacji. Czasami usuni\u0119cie raka oznacza usuni\u0119cie cz\u0119\u015bci cia\u0142a, w kt\u00f3rej rak si\u0119 pojawi\u0142. Kobiety, kt\u00f3re wymagaj\u0105 operacji w celu leczenia raka jajnik\u00f3w, szyjki macicy lub macicy, mog\u0105 mie\u0107 problemy z p\u0142odno\u015bci\u0105. Wp\u0142yw operacji na p\u0142odno\u015b\u0107 zale\u017cy od rodzaju nowotworu, na kt\u00f3ry Pani choruje.   <\/p><ul><li>Niekt\u00f3re operacje w jamie brzusznej mog\u0105 powodowa\u0107 blizny w jajowodach. Mo\u017ce to blokowa\u0107 drog\u0119 kom\u00f3rek jajowych do plemnik\u00f3w. <\/li><li>Usuni\u0119cie macicy podczas histerektomii powoduje, \u017ce kobieta nie mo\u017ce nosi\u0107 dziecka.<\/li><li>Je\u015bli jajniki zostan\u0105 usuni\u0119te chirurgicznie (ooforektomia), kobieta nie mo\u017ce zaj\u015b\u0107 w ci\u0105\u017c\u0119 przy u\u017cyciu w\u0142asnych kom\u00f3rek jajowych (chyba \u017ce tkanka jajnika zostanie zamro\u017cona w czasie operacji).<\/li><li>Niekt\u00f3re \u017ce\u0144skie narz\u0105dy rozrodcze mog\u0105 zosta\u0107 usuni\u0119te podczas operacji. Ma to na celu leczenie innych nowotwor\u00f3w jamy brzusznej, takich jak rak p\u0119cherza moczowego, kt\u00f3ry mo\u017ce rozprzestrzenia\u0107 si\u0119 w jamie brzusznej. <\/li><li>Operacja m\u00f3zgu w przypadku guz\u00f3w m\u00f3zgu mo\u017ce spowodowa\u0107 uszkodzenie przysadki m\u00f3zgowej. Przysadka m\u00f3zgowa produkuje hormony bior\u0105ce udzia\u0142 w produkcji kom\u00f3rek jajowych. Kobiety, u kt\u00f3rych przysadka m\u00f3zgowa jest uszkodzona, mog\u0105 nie by\u0107 w stanie wytwarza\u0107 sygna\u0142\u00f3w potrzebnych do wykorzystania kom\u00f3rek jajowych, kt\u00f3re pozostaj\u0105 w jajniku.  <\/li><\/ul>\t\t\t\t\t\t\t\t<\/div>\n\t\t\t\t<\/div>\n\t\t<div class=\"elementor-element elementor-element-54140867 e-con-full e-flex e-con e-child\" data-id=\"54140867\" data-element_type=\"container\" data-e-type=\"container\" data-settings=\"{&quot;background_background&quot;:&quot;classic&quot;}\">\n\t\t\t\t<div class=\"elementor-element elementor-element-172bd558 elementor-widget elementor-widget-text-editor\" data-id=\"172bd558\" data-element_type=\"widget\" data-e-type=\"widget\" data-widget_type=\"text-editor.default\">\n\t\t\t\t<div class=\"elementor-widget-container\">\n\t\t\t\t\t\t\t\t\t<h3>Leczenie raka mo\u017ce wp\u0142ywa\u0107 na p\u0142odno\u015b\u0107:<\/h3><ul><li>Uszkodzenie lub obni\u017cenie liczby kom\u00f3rek jajowych przechowywanych w jajnikach.<\/li><li>Uszkodzenie cz\u0119\u015bci cia\u0142a, kt\u00f3ra kontroluje hormony p\u0142odno\u015bci.<\/li><li>Usuni\u0119cie lub uszkodzenie cz\u0119\u015bci \u017ce\u0144skiego uk\u0142adu rozrodczego.<\/li><\/ul><p>Sposoby, w jakie leczenie raka wp\u0142ywa na p\u0142odno\u015b\u0107, zale\u017c\u0105 od rodzaju raka i sposobu leczenia, jakiemu mo\u017ce by\u0107 Pani poddana.<\/p><p>Nie wszystkie kobiety leczone z powodu raka b\u0119d\u0105 mia\u0142y problemy z p\u0142odno\u015bci\u0105 w przysz\u0142o\u015bci.<\/p>\t\t\t\t\t\t\t\t<\/div>\n\t\t\t\t<\/div>\n\t\t\t\t<\/div>\n\t\t\t\t<\/div>\n\t\t<div class=\"elementor-element elementor-element-5bba24de e-con-full e-flex e-con e-child\" data-id=\"5bba24de\" data-element_type=\"container\" data-e-type=\"container\">\n\t\t<div class=\"elementor-element elementor-element-762d57fc e-con-full e-flex e-con e-child\" data-id=\"762d57fc\" data-element_type=\"container\" data-e-type=\"container\">\n\t\t\t\t<div class=\"elementor-element elementor-element-24f9cf11 elementor-widget elementor-widget-image\" data-id=\"24f9cf11\" data-element_type=\"widget\" data-e-type=\"widget\" data-widget_type=\"image.default\">\n\t\t\t\t<div class=\"elementor-widget-container\">\n\t\t\t\t\t\t\t\t\t\t\t\t\t\t\t\t<a href=\"http:\/\/.\/\">\n\t\t\t\t\t\t\t<img fetchpriority=\"high\" decoding=\"async\" width=\"400\" height=\"440\" src=\"https:\/\/cancerfertilityandme.org.uk\/wp-content\/uploads\/cancerfertilityandme-logo-column-adult-women.png\" class=\"attachment-full size-full wp-image-2283\" alt=\"\" srcset=\"https:\/\/cancerfertilityandme.org.uk\/wp-content\/uploads\/cancerfertilityandme-logo-column-adult-women.png 400w, https:\/\/cancerfertilityandme.org.uk\/wp-content\/uploads\/cancerfertilityandme-logo-column-adult-women-273x300.png 273w\" sizes=\"(max-width: 400px) 100vw, 400px\" \/>\t\t\t\t\t\t\t\t<\/a>\n\t\t\t\t\t\t\t\t\t\t\t\t\t\t\t<\/div>\n\t\t\t\t<\/div>\n\t\t\t\t<\/div>\n\t\t<div class=\"elementor-element elementor-element-374c639d e-con-full e-flex e-con e-child\" data-id=\"374c639d\" data-element_type=\"container\" data-e-type=\"container\">\n\t\t\t\t<div class=\"elementor-element elementor-element-522ba385 elementor-widget elementor-widget-heading\" data-id=\"522ba385\" data-element_type=\"widget\" data-e-type=\"widget\" data-widget_type=\"heading.default\">\n\t\t\t\t<div class=\"elementor-widget-container\">\n\t\t\t\t\t<h3 class=\"elementor-heading-title elementor-size-default\">Aby uzyska\u0107 wi\u0119cej informacji, skorzystaj z tych \u0142\u0105czy<\/h3>\t\t\t\t<\/div>\n\t\t\t\t<\/div>\n\t\t\t\t<div class=\"elementor-element elementor-element-56254ad elementor-nav-menu--dropdown-none elementor-widget elementor-widget-nav-menu\" data-id=\"56254ad\" data-element_type=\"widget\" data-e-type=\"widget\" data-settings=\"{&quot;layout&quot;:&quot;vertical&quot;,&quot;submenu_icon&quot;:{&quot;value&quot;:&quot;&lt;svg aria-hidden=\\&quot;true\\&quot; class=\\&quot;e-font-icon-svg e-fas-caret-down\\&quot; viewBox=\\&quot;0 0 320 512\\&quot; xmlns=\\&quot;http:\\\/\\\/www.w3.org\\\/2000\\\/svg\\&quot;&gt;&lt;path d=\\&quot;M31.3 192h257.3c17.8 0 26.7 21.5 14.1 34.1L174.1 354.8c-7.8 7.8-20.5 7.8-28.3 0L17.2 226.1C4.6 213.5 13.5 192 31.3 192z\\&quot;&gt;&lt;\\\/path&gt;&lt;\\\/svg&gt;&quot;,&quot;library&quot;:&quot;fa-solid&quot;}}\" data-widget_type=\"nav-menu.default\">\n\t\t\t\t<div class=\"elementor-widget-container\">\n\t\t\t\t\t\t\t\t<nav aria-label=\"Menu\" class=\"elementor-nav-menu--main elementor-nav-menu__container elementor-nav-menu--layout-vertical e--pointer-none\">\n\t\t\t\t<ul id=\"menu-1-56254ad\" class=\"elementor-nav-menu sm-vertical\"><li class=\"menu-item menu-item-type-post_type menu-item-object-page menu-item-6859\"><a href=\"https:\/\/cancerfertilityandme.org.uk\/adult-women\/cancer-fertility-and-the-reproductive-system\/\" class=\"elementor-item\">Rak, p\u0142odno\u015b\u0107 i uk\u0142ad rozrodczy<\/a><\/li>\n<li class=\"menu-item menu-item-type-post_type menu-item-object-page menu-item-6853\"><a href=\"https:\/\/cancerfertilityandme.org.uk\/adult-women\/cancer-fertility-and-the-reproductive-system\/how-cancer-treatments-affect-fertility\/\" class=\"elementor-item\">Jak leczenie raka wp\u0142ywa na p\u0142odno\u015b\u0107<\/a><\/li>\n<li class=\"menu-item menu-item-type-post_type menu-item-object-page menu-item-6851\"><a href=\"https:\/\/cancerfertilityandme.org.uk\/adult-women\/cancer-fertility-and-the-reproductive-system\/chemotherapy\/\" class=\"elementor-item\">Chemioterapia<\/a><\/li>\n<li class=\"menu-item menu-item-type-post_type menu-item-object-page menu-item-6856\"><a href=\"https:\/\/cancerfertilityandme.org.uk\/adult-women\/cancer-fertility-and-the-reproductive-system\/radiotherapy\/\" class=\"elementor-item\">Radioterapia<\/a><\/li>\n<li class=\"menu-item menu-item-type-post_type menu-item-object-page menu-item-6857\"><a href=\"https:\/\/cancerfertilityandme.org.uk\/adult-women\/cancer-fertility-and-the-reproductive-system\/surgery\/\" class=\"elementor-item\">Zabieg chirurgiczny<\/a><\/li>\n<li class=\"menu-item menu-item-type-post_type menu-item-object-page menu-item-6852\"><a href=\"https:\/\/cancerfertilityandme.org.uk\/adult-women\/cancer-fertility-and-the-reproductive-system\/hormone-therapy\/\" class=\"elementor-item\">Terapia hormonalna<\/a><\/li>\n<li class=\"menu-item menu-item-type-post_type menu-item-object-page menu-item-6858\"><a href=\"https:\/\/cancerfertilityandme.org.uk\/adult-women\/cancer-fertility-and-the-reproductive-system\/targeted-drug-therapies\/\" class=\"elementor-item\">Terapie celowane<\/a><\/li>\n<li class=\"menu-item menu-item-type-post_type menu-item-object-page menu-item-6855\"><a href=\"https:\/\/cancerfertilityandme.org.uk\/adult-women\/cancer-fertility-and-the-reproductive-system\/questions-to-ask\/\" class=\"elementor-item\">Wa\u017cne pytania<\/a><\/li>\n<\/ul>\t\t\t<\/nav>\n\t\t\t\t\t\t<nav class=\"elementor-nav-menu--dropdown elementor-nav-menu__container\" aria-hidden=\"true\">\n\t\t\t\t<ul id=\"menu-2-56254ad\" class=\"elementor-nav-menu sm-vertical\"><li class=\"menu-item menu-item-type-post_type menu-item-object-page menu-item-6859\"><a href=\"https:\/\/cancerfertilityandme.org.uk\/adult-women\/cancer-fertility-and-the-reproductive-system\/\" class=\"elementor-item\" tabindex=\"-1\">Rak, p\u0142odno\u015b\u0107 i uk\u0142ad rozrodczy<\/a><\/li>\n<li class=\"menu-item menu-item-type-post_type menu-item-object-page menu-item-6853\"><a href=\"https:\/\/cancerfertilityandme.org.uk\/adult-women\/cancer-fertility-and-the-reproductive-system\/how-cancer-treatments-affect-fertility\/\" class=\"elementor-item\" tabindex=\"-1\">Jak leczenie raka wp\u0142ywa na p\u0142odno\u015b\u0107<\/a><\/li>\n<li class=\"menu-item menu-item-type-post_type menu-item-object-page menu-item-6851\"><a href=\"https:\/\/cancerfertilityandme.org.uk\/adult-women\/cancer-fertility-and-the-reproductive-system\/chemotherapy\/\" class=\"elementor-item\" tabindex=\"-1\">Chemioterapia<\/a><\/li>\n<li class=\"menu-item menu-item-type-post_type menu-item-object-page menu-item-6856\"><a href=\"https:\/\/cancerfertilityandme.org.uk\/adult-women\/cancer-fertility-and-the-reproductive-system\/radiotherapy\/\" class=\"elementor-item\" tabindex=\"-1\">Radioterapia<\/a><\/li>\n<li class=\"menu-item menu-item-type-post_type menu-item-object-page menu-item-6857\"><a href=\"https:\/\/cancerfertilityandme.org.uk\/adult-women\/cancer-fertility-and-the-reproductive-system\/surgery\/\" class=\"elementor-item\" tabindex=\"-1\">Zabieg chirurgiczny<\/a><\/li>\n<li class=\"menu-item menu-item-type-post_type menu-item-object-page menu-item-6852\"><a href=\"https:\/\/cancerfertilityandme.org.uk\/adult-women\/cancer-fertility-and-the-reproductive-system\/hormone-therapy\/\" class=\"elementor-item\" tabindex=\"-1\">Terapia hormonalna<\/a><\/li>\n<li class=\"menu-item menu-item-type-post_type menu-item-object-page menu-item-6858\"><a href=\"https:\/\/cancerfertilityandme.org.uk\/adult-women\/cancer-fertility-and-the-reproductive-system\/targeted-drug-therapies\/\" class=\"elementor-item\" tabindex=\"-1\">Terapie celowane<\/a><\/li>\n<li class=\"menu-item menu-item-type-post_type menu-item-object-page menu-item-6855\"><a href=\"https:\/\/cancerfertilityandme.org.uk\/adult-women\/cancer-fertility-and-the-reproductive-system\/questions-to-ask\/\" class=\"elementor-item\" tabindex=\"-1\">Wa\u017cne pytania<\/a><\/li>\n<\/ul>\t\t\t<\/nav>\n\t\t\t\t\t\t<\/div>\n\t\t\t\t<\/div>\n\t\t\t\t<\/div>\n\t\t\t\t<\/div>\n\t\t\t\t\t<\/div>\n\t\t\t\t<\/main>\n\t\t\t\t<\/div>\n\t\t","protected":false},"excerpt":{"rendered":"<p>Zabieg chirurgiczny Zabieg chirurgiczny Polega na usuni\u0119ciu nowotworu z organizmu podczas operacji. Czasami usuni\u0119cie raka oznacza usuni\u0119cie cz\u0119\u015bci cia\u0142a, w kt\u00f3rej rak si\u0119 pojawi\u0142. Kobiety, kt\u00f3re wymagaj\u0105 operacji w celu leczenia raka jajnik\u00f3w, szyjki macicy lub macicy, mog\u0105 mie\u0107 problemy z p\u0142odno\u015bci\u0105. Wp\u0142yw operacji na p\u0142odno\u015b\u0107 zale\u017cy od rodzaju nowotworu, na kt\u00f3ry Pani choruje. Niekt\u00f3re [&hellip;]<\/p>\n","protected":false},"author":1,"featured_media":0,"parent":6248,"menu_order":0,"comment_status":"closed","ping_status":"open","template":"","meta":{"footnotes":""},"class_list":["post-6272","page","type-page","status-publish","hentry"],"_links":{"self":[{"href":"https:\/\/cancerfertilityandme.org.uk\/pl\/wp-json\/wp\/v2\/pages\/6272","targetHints":{"allow":["GET"]}}],"collection":[{"href":"https:\/\/cancerfertilityandme.org.uk\/pl\/wp-json\/wp\/v2\/pages"}],"about":[{"href":"https:\/\/cancerfertilityandme.org.uk\/pl\/wp-json\/wp\/v2\/types\/page"}],"author":[{"embeddable":true,"href":"https:\/\/cancerfertilityandme.org.uk\/pl\/wp-json\/wp\/v2\/users\/1"}],"replies":[{"embeddable":true,"href":"https:\/\/cancerfertilityandme.org.uk\/pl\/wp-json\/wp\/v2\/comments?post=6272"}],"version-history":[{"count":3,"href":"https:\/\/cancerfertilityandme.org.uk\/pl\/wp-json\/wp\/v2\/pages\/6272\/revisions"}],"predecessor-version":[{"id":9411,"href":"https:\/\/cancerfertilityandme.org.uk\/pl\/wp-json\/wp\/v2\/pages\/6272\/revisions\/9411"}],"up":[{"embeddable":true,"href":"https:\/\/cancerfertilityandme.org.uk\/pl\/wp-json\/wp\/v2\/pages\/6248"}],"wp:attachment":[{"href":"https:\/\/cancerfertilityandme.org.uk\/pl\/wp-json\/wp\/v2\/media?parent=6272"}],"curies":[{"name":"wp","href":"https:\/\/api.w.org\/{rel}","templated":true}]}}