{"id":6268,"date":"2018-11-07T09:37:24","date_gmt":"2018-11-07T09:37:24","guid":{"rendered":"https:\/\/cancerfertilityandme.org.uk\/chemioterapia\/"},"modified":"2025-11-17T10:55:03","modified_gmt":"2025-11-17T10:55:03","slug":"chemioterapia","status":"publish","type":"page","link":"https:\/\/cancerfertilityandme.org.uk\/pl\/dorosle-kobiety\/rak-plodnosc-i-uklad-rozrodczy\/chemioterapia\/","title":{"rendered":"Chemioterapia"},"content":{"rendered":"\t\t<div data-elementor-type=\"wp-page\" data-elementor-id=\"6268\" class=\"elementor elementor-6268 elementor-5403\" data-elementor-post-type=\"page\">\n\t\t\t\t<main class=\"elementor-element elementor-element-4fa56e44 e-flex e-con-boxed e-con e-parent\" data-id=\"4fa56e44\" data-element_type=\"container\" data-e-type=\"container\">\n\t\t\t\t\t<div class=\"e-con-inner\">\n\t\t<div class=\"elementor-element elementor-element-5efa7440 e-con-full e-flex e-con e-child\" data-id=\"5efa7440\" data-element_type=\"container\" data-e-type=\"container\">\n\t\t\t\t<div class=\"elementor-element elementor-element-10cf322b elementor-widget elementor-widget-text-editor\" data-id=\"10cf322b\" data-element_type=\"widget\" data-e-type=\"widget\" data-widget_type=\"text-editor.default\">\n\t\t\t\t<div class=\"elementor-widget-container\">\n\t\t\t\t\t\t\t\t\t<h2>Chemioterapia<\/h2><p>Chemioterapia polega na stosowaniu lek\u00f3w w celu zabicia lub spowolnienia rozrostu kom\u00f3rek nowotworowych. Cz\u0119sto powoduje skutki uboczne dla zdrowych kom\u00f3rek w organizmie i mo\u017ce wp\u0142ywa\u0107 na p\u0142odno\u015b\u0107 kobiety. Mo\u017ce uszkodzi\u0107 jajniki i obni\u017cy\u0107 liczb\u0119 kom\u00f3rek jajowych (rezerw\u0119 jajnikow\u0105).  <\/p><p>Wp\u0142yw chemioterapii na p\u0142odno\u015b\u0107 zale\u017cy od:<\/p><ul><li>Rodzaju lek\u00f3w, jakie zostan\u0105 Pani podane.<\/li><li>Dawki i czasu przyjmowania lek\u00f3w.<\/li><li>Kombinacji lek\u00f3w, kt\u00f3re zostan\u0105 Pani podane.<\/li><li>Pani wiek i wcze\u015bniejszy status p\u0142odno\u015bci.<\/li><\/ul><p>Chemioterapia mo\u017ce uszkodzi\u0107 jajniki i kom\u00f3rki jajowe kobiety. Mo\u017ce to oznacza\u0107, \u017ce cykl menstruacyjny kobiety cz\u0119sto zatrzymuje si\u0119 (brak miesi\u0105czki) lub staje si\u0119 nieregularny (oligomenorrhea) podczas chemioterapii. Mo\u017ce to by\u0107 tymczasowe lub trwa\u0142e.  <\/p>\t\t\t\t\t\t\t\t<\/div>\n\t\t\t\t<\/div>\n\t\t<div class=\"elementor-element elementor-element-2dd22c26 e-con-full e-flex e-con e-child\" data-id=\"2dd22c26\" data-element_type=\"container\" data-e-type=\"container\" data-settings=\"{&quot;background_background&quot;:&quot;classic&quot;}\">\n\t\t\t\t<div class=\"elementor-element elementor-element-1c449ffa elementor-widget elementor-widget-text-editor\" data-id=\"1c449ffa\" data-element_type=\"widget\" data-e-type=\"widget\" data-widget_type=\"text-editor.default\">\n\t\t\t\t<div class=\"elementor-widget-container\">\n\t\t\t\t\t\t\t\t\t<h3>Zmiany w cyklu miesi\u0105czkowym<\/h3><h4>Tymczasowe<\/h4><p>Je\u015bli zmiany w cyklu miesi\u0105czkowym s\u0105 tymczasowe, miesi\u0105czki powr\u00f3c\u0105 po leczeniu raka. Mo\u017ce to nast\u0105pi\u0107 w ci\u0105gu kilku miesi\u0119cy lub potrwa\u0107 do roku lub d\u0142u\u017cej. Im m\u0142odsza jest Pani w momencie leczenia chemioterapi\u0105, a je\u015bli ma Pani mniej ni\u017c 35 lat, tym bardziej prawdopodobne jest, \u017ce miesi\u0105czka powr\u00f3ci. Liczba lat, w kt\u00f3rych b\u0119dzie Pani p\u0142odna mo\u017ce si\u0119 skr\u00f3ci\u0107 Nawet je\u015bli miesi\u0105czka powr\u00f3ci, nie zawsze oznacza to, \u017ce b\u0119dzie Pani mog\u0142a zaj\u015b\u0107 w ci\u0105\u017c\u0119.    <\/p><h4>Trwa\u0142a<\/h4><p>Je\u015bli zmiany w cyklu miesi\u0105czkowym s\u0105 trwa\u0142e, oznacza to, \u017ce miesi\u0105czki nie powr\u00f3c\u0105 po leczeniu raka i rozpocznie si\u0119 menopauza. Kobiety w wieku powy\u017cej 35 lat s\u0105 bardziej nara\u017cone na bezp\u0142odno\u015b\u0107 po leczeniu raka. <\/p>\t\t\t\t\t\t\t\t<\/div>\n\t\t\t\t<\/div>\n\t\t\t\t<\/div>\n\t\t\t\t<\/div>\n\t\t<div class=\"elementor-element elementor-element-5110ee42 e-con-full e-flex e-con e-child\" data-id=\"5110ee42\" data-element_type=\"container\" data-e-type=\"container\">\n\t\t<div class=\"elementor-element elementor-element-4ea5cb71 e-con-full e-flex e-con e-child\" data-id=\"4ea5cb71\" data-element_type=\"container\" data-e-type=\"container\">\n\t\t\t\t<div class=\"elementor-element elementor-element-68742dde elementor-widget elementor-widget-image\" data-id=\"68742dde\" data-element_type=\"widget\" data-e-type=\"widget\" data-widget_type=\"image.default\">\n\t\t\t\t<div class=\"elementor-widget-container\">\n\t\t\t\t\t\t\t\t\t\t\t\t\t\t\t\t<a href=\"http:\/\/.\/\">\n\t\t\t\t\t\t\t<img fetchpriority=\"high\" decoding=\"async\" width=\"400\" height=\"440\" src=\"https:\/\/cancerfertilityandme.org.uk\/wp-content\/uploads\/cancerfertilityandme-logo-column-adult-women.png\" class=\"attachment-full size-full wp-image-2283\" alt=\"\" srcset=\"https:\/\/cancerfertilityandme.org.uk\/wp-content\/uploads\/cancerfertilityandme-logo-column-adult-women.png 400w, https:\/\/cancerfertilityandme.org.uk\/wp-content\/uploads\/cancerfertilityandme-logo-column-adult-women-273x300.png 273w\" sizes=\"(max-width: 400px) 100vw, 400px\" \/>\t\t\t\t\t\t\t\t<\/a>\n\t\t\t\t\t\t\t\t\t\t\t\t\t\t\t<\/div>\n\t\t\t\t<\/div>\n\t\t\t\t<\/div>\n\t\t<div class=\"elementor-element elementor-element-8cd3d9a e-con-full e-flex e-con e-child\" data-id=\"8cd3d9a\" data-element_type=\"container\" data-e-type=\"container\">\n\t\t\t\t<div class=\"elementor-element elementor-element-135bacb0 elementor-widget elementor-widget-heading\" data-id=\"135bacb0\" data-element_type=\"widget\" data-e-type=\"widget\" data-widget_type=\"heading.default\">\n\t\t\t\t<div class=\"elementor-widget-container\">\n\t\t\t\t\t<h3 class=\"elementor-heading-title elementor-size-default\">Aby uzyska\u0107 wi\u0119cej informacji, skorzystaj z tych \u0142\u0105czy<\/h3>\t\t\t\t<\/div>\n\t\t\t\t<\/div>\n\t\t\t\t<div class=\"elementor-element elementor-element-eae2777 elementor-nav-menu--dropdown-none elementor-widget elementor-widget-nav-menu\" data-id=\"eae2777\" data-element_type=\"widget\" data-e-type=\"widget\" data-settings=\"{&quot;layout&quot;:&quot;vertical&quot;,&quot;submenu_icon&quot;:{&quot;value&quot;:&quot;&lt;svg aria-hidden=\\&quot;true\\&quot; class=\\&quot;e-font-icon-svg e-fas-caret-down\\&quot; viewBox=\\&quot;0 0 320 512\\&quot; xmlns=\\&quot;http:\\\/\\\/www.w3.org\\\/2000\\\/svg\\&quot;&gt;&lt;path d=\\&quot;M31.3 192h257.3c17.8 0 26.7 21.5 14.1 34.1L174.1 354.8c-7.8 7.8-20.5 7.8-28.3 0L17.2 226.1C4.6 213.5 13.5 192 31.3 192z\\&quot;&gt;&lt;\\\/path&gt;&lt;\\\/svg&gt;&quot;,&quot;library&quot;:&quot;fa-solid&quot;}}\" data-widget_type=\"nav-menu.default\">\n\t\t\t\t<div class=\"elementor-widget-container\">\n\t\t\t\t\t\t\t\t<nav aria-label=\"Menu\" class=\"elementor-nav-menu--main elementor-nav-menu__container elementor-nav-menu--layout-vertical e--pointer-none\">\n\t\t\t\t<ul id=\"menu-1-eae2777\" class=\"elementor-nav-menu sm-vertical\"><li class=\"menu-item menu-item-type-post_type menu-item-object-page menu-item-6859\"><a href=\"https:\/\/cancerfertilityandme.org.uk\/adult-women\/cancer-fertility-and-the-reproductive-system\/\" class=\"elementor-item\">Rak, p\u0142odno\u015b\u0107 i uk\u0142ad rozrodczy<\/a><\/li>\n<li class=\"menu-item menu-item-type-post_type menu-item-object-page menu-item-6853\"><a href=\"https:\/\/cancerfertilityandme.org.uk\/adult-women\/cancer-fertility-and-the-reproductive-system\/how-cancer-treatments-affect-fertility\/\" class=\"elementor-item\">Jak leczenie raka wp\u0142ywa na p\u0142odno\u015b\u0107<\/a><\/li>\n<li class=\"menu-item menu-item-type-post_type menu-item-object-page menu-item-6851\"><a href=\"https:\/\/cancerfertilityandme.org.uk\/adult-women\/cancer-fertility-and-the-reproductive-system\/chemotherapy\/\" class=\"elementor-item\">Chemioterapia<\/a><\/li>\n<li class=\"menu-item menu-item-type-post_type menu-item-object-page menu-item-6856\"><a href=\"https:\/\/cancerfertilityandme.org.uk\/adult-women\/cancer-fertility-and-the-reproductive-system\/radiotherapy\/\" class=\"elementor-item\">Radioterapia<\/a><\/li>\n<li class=\"menu-item menu-item-type-post_type menu-item-object-page menu-item-6857\"><a href=\"https:\/\/cancerfertilityandme.org.uk\/adult-women\/cancer-fertility-and-the-reproductive-system\/surgery\/\" class=\"elementor-item\">Zabieg chirurgiczny<\/a><\/li>\n<li class=\"menu-item menu-item-type-post_type menu-item-object-page menu-item-6852\"><a href=\"https:\/\/cancerfertilityandme.org.uk\/adult-women\/cancer-fertility-and-the-reproductive-system\/hormone-therapy\/\" class=\"elementor-item\">Terapia hormonalna<\/a><\/li>\n<li class=\"menu-item menu-item-type-post_type menu-item-object-page menu-item-6858\"><a href=\"https:\/\/cancerfertilityandme.org.uk\/adult-women\/cancer-fertility-and-the-reproductive-system\/targeted-drug-therapies\/\" class=\"elementor-item\">Terapie celowane<\/a><\/li>\n<li class=\"menu-item menu-item-type-post_type menu-item-object-page menu-item-6855\"><a href=\"https:\/\/cancerfertilityandme.org.uk\/adult-women\/cancer-fertility-and-the-reproductive-system\/questions-to-ask\/\" class=\"elementor-item\">Wa\u017cne pytania<\/a><\/li>\n<\/ul>\t\t\t<\/nav>\n\t\t\t\t\t\t<nav class=\"elementor-nav-menu--dropdown elementor-nav-menu__container\" aria-hidden=\"true\">\n\t\t\t\t<ul id=\"menu-2-eae2777\" class=\"elementor-nav-menu sm-vertical\"><li class=\"menu-item menu-item-type-post_type menu-item-object-page menu-item-6859\"><a href=\"https:\/\/cancerfertilityandme.org.uk\/adult-women\/cancer-fertility-and-the-reproductive-system\/\" class=\"elementor-item\" tabindex=\"-1\">Rak, p\u0142odno\u015b\u0107 i uk\u0142ad rozrodczy<\/a><\/li>\n<li class=\"menu-item menu-item-type-post_type menu-item-object-page menu-item-6853\"><a href=\"https:\/\/cancerfertilityandme.org.uk\/adult-women\/cancer-fertility-and-the-reproductive-system\/how-cancer-treatments-affect-fertility\/\" class=\"elementor-item\" tabindex=\"-1\">Jak leczenie raka wp\u0142ywa na p\u0142odno\u015b\u0107<\/a><\/li>\n<li class=\"menu-item menu-item-type-post_type menu-item-object-page menu-item-6851\"><a href=\"https:\/\/cancerfertilityandme.org.uk\/adult-women\/cancer-fertility-and-the-reproductive-system\/chemotherapy\/\" class=\"elementor-item\" tabindex=\"-1\">Chemioterapia<\/a><\/li>\n<li class=\"menu-item menu-item-type-post_type menu-item-object-page menu-item-6856\"><a href=\"https:\/\/cancerfertilityandme.org.uk\/adult-women\/cancer-fertility-and-the-reproductive-system\/radiotherapy\/\" class=\"elementor-item\" tabindex=\"-1\">Radioterapia<\/a><\/li>\n<li class=\"menu-item menu-item-type-post_type menu-item-object-page menu-item-6857\"><a href=\"https:\/\/cancerfertilityandme.org.uk\/adult-women\/cancer-fertility-and-the-reproductive-system\/surgery\/\" class=\"elementor-item\" tabindex=\"-1\">Zabieg chirurgiczny<\/a><\/li>\n<li class=\"menu-item menu-item-type-post_type menu-item-object-page menu-item-6852\"><a href=\"https:\/\/cancerfertilityandme.org.uk\/adult-women\/cancer-fertility-and-the-reproductive-system\/hormone-therapy\/\" class=\"elementor-item\" tabindex=\"-1\">Terapia hormonalna<\/a><\/li>\n<li class=\"menu-item menu-item-type-post_type menu-item-object-page menu-item-6858\"><a href=\"https:\/\/cancerfertilityandme.org.uk\/adult-women\/cancer-fertility-and-the-reproductive-system\/targeted-drug-therapies\/\" class=\"elementor-item\" tabindex=\"-1\">Terapie celowane<\/a><\/li>\n<li class=\"menu-item menu-item-type-post_type menu-item-object-page menu-item-6855\"><a href=\"https:\/\/cancerfertilityandme.org.uk\/adult-women\/cancer-fertility-and-the-reproductive-system\/questions-to-ask\/\" class=\"elementor-item\" tabindex=\"-1\">Wa\u017cne pytania<\/a><\/li>\n<\/ul>\t\t\t<\/nav>\n\t\t\t\t\t\t<\/div>\n\t\t\t\t<\/div>\n\t\t\t\t<\/div>\n\t\t\t\t<\/div>\n\t\t\t\t\t<\/div>\n\t\t\t\t<\/main>\n\t\t\t\t<\/div>\n\t\t","protected":false},"excerpt":{"rendered":"<p>Chemioterapia Chemioterapia polega na stosowaniu lek\u00f3w w celu zabicia lub spowolnienia rozrostu kom\u00f3rek nowotworowych. Cz\u0119sto powoduje skutki uboczne dla zdrowych kom\u00f3rek w organizmie i mo\u017ce wp\u0142ywa\u0107 na p\u0142odno\u015b\u0107 kobiety. Mo\u017ce uszkodzi\u0107 jajniki i obni\u017cy\u0107 liczb\u0119 kom\u00f3rek jajowych (rezerw\u0119 jajnikow\u0105). Wp\u0142yw chemioterapii na p\u0142odno\u015b\u0107 zale\u017cy od: Rodzaju lek\u00f3w, jakie zostan\u0105 Pani podane. Dawki i czasu przyjmowania [&hellip;]<\/p>\n","protected":false},"author":1,"featured_media":0,"parent":6248,"menu_order":0,"comment_status":"closed","ping_status":"open","template":"","meta":{"footnotes":""},"class_list":["post-6268","page","type-page","status-publish","hentry"],"_links":{"self":[{"href":"https:\/\/cancerfertilityandme.org.uk\/pl\/wp-json\/wp\/v2\/pages\/6268","targetHints":{"allow":["GET"]}}],"collection":[{"href":"https:\/\/cancerfertilityandme.org.uk\/pl\/wp-json\/wp\/v2\/pages"}],"about":[{"href":"https:\/\/cancerfertilityandme.org.uk\/pl\/wp-json\/wp\/v2\/types\/page"}],"author":[{"embeddable":true,"href":"https:\/\/cancerfertilityandme.org.uk\/pl\/wp-json\/wp\/v2\/users\/1"}],"replies":[{"embeddable":true,"href":"https:\/\/cancerfertilityandme.org.uk\/pl\/wp-json\/wp\/v2\/comments?post=6268"}],"version-history":[{"count":3,"href":"https:\/\/cancerfertilityandme.org.uk\/pl\/wp-json\/wp\/v2\/pages\/6268\/revisions"}],"predecessor-version":[{"id":9351,"href":"https:\/\/cancerfertilityandme.org.uk\/pl\/wp-json\/wp\/v2\/pages\/6268\/revisions\/9351"}],"up":[{"embeddable":true,"href":"https:\/\/cancerfertilityandme.org.uk\/pl\/wp-json\/wp\/v2\/pages\/6248"}],"wp:attachment":[{"href":"https:\/\/cancerfertilityandme.org.uk\/pl\/wp-json\/wp\/v2\/media?parent=6268"}],"curies":[{"name":"wp","href":"https:\/\/api.w.org\/{rel}","templated":true}]}}