{"id":6258,"date":"2018-11-07T09:36:40","date_gmt":"2018-11-07T09:36:40","guid":{"rendered":"https:\/\/cancerfertilityandme.org.uk\/jak-leczenie-raka-wplywa-na-plodnosc\/"},"modified":"2026-03-03T16:02:51","modified_gmt":"2026-03-03T16:02:51","slug":"jak-leczenie-raka-wplywa-na-plodnosc","status":"publish","type":"page","link":"https:\/\/cancerfertilityandme.org.uk\/pl\/dorosle-kobiety\/rak-plodnosc-i-uklad-rozrodczy\/jak-leczenie-raka-wplywa-na-plodnosc\/","title":{"rendered":"Jak leczenie raka wp\u0142ywa na p\u0142odno\u015b\u0107"},"content":{"rendered":"\t\t<div data-elementor-type=\"wp-page\" data-elementor-id=\"6258\" class=\"elementor elementor-6258 elementor-5393\" data-elementor-post-type=\"page\">\n\t\t\t\t<main class=\"elementor-element elementor-element-78156deb e-flex e-con-boxed e-con e-parent\" data-id=\"78156deb\" data-element_type=\"container\" data-e-type=\"container\">\n\t\t\t\t\t<div class=\"e-con-inner\">\n\t\t<div class=\"elementor-element elementor-element-4290a5d9 e-con-full e-flex e-con e-child\" data-id=\"4290a5d9\" data-element_type=\"container\" data-e-type=\"container\">\n\t\t\t\t<div class=\"elementor-element elementor-element-62c0ba8d elementor-widget elementor-widget-text-editor\" data-id=\"62c0ba8d\" data-element_type=\"widget\" data-e-type=\"widget\" data-widget_type=\"text-editor.default\">\n\t\t\t\t<div class=\"elementor-widget-container\">\n\t\t\t\t\t\t\t\t\t<h2>Jak leczenie raka wp\u0142ywa na p\u0142odno\u015b\u0107<\/h2><p>Szansa na wyst\u0105pienie problem\u00f3w z p\u0142odno\u015bci\u0105 u kobiety w wyniku leczenia raka zale\u017cy od wielu czynnik\u00f3w.<\/p><p>Nale\u017c\u0105 do nich jej wiek, p\u0142odno\u015b\u0107 i stan zdrowia przed zachorowaniem na raka, rodzaj raka i rodzaj leczenia przeciwnowotworowego.<\/p><p>Ze wzgl\u0119du na wiele czynnik\u00f3w, kt\u00f3re mog\u0105 wp\u0142ywa\u0107 na p\u0142odno\u015b\u0107, trudno jest z ca\u0142\u0105 pewno\u015bci\u0105 stwierdzi\u0107, w jaki spos\u00f3b wp\u0142ynie to na p\u0142odno\u015b\u0107 kobiety. Nie wszystkie kobiety leczone z powodu raka b\u0119d\u0105 mia\u0142y problemy z p\u0142odno\u015bci\u0105 w przysz\u0142o\u015bci. Przed uko\u0144czeniem leczenia raka trudno jest stwierdzi\u0107 czy problem z p\u0142odno\u015bci\u0105 b\u0119dzie d\u0142ugotrwa\u0142y.  Nie mo\u017cemy r\u00f3wnie\u017c wiedzie\u0107 na pewno, jak d\u0142ugo kobieta b\u0119dzie p\u0142odna po leczeniu przeciwnowotworowym. <\/p><p>Z tych powod\u00f3w mo\u017ce Pani chcie\u0107 porozmawia\u0107 o mo\u017cliwo\u015bci wyst\u0105pienia problem\u00f3w z p\u0142odno\u015bci\u0105 w przysz\u0142o\u015bci z zespo\u0142em opieki onkologicznej i zespo\u0142em opieki nad p\u0142odno\u015bci\u0105 przed rozpocz\u0119ciem leczenia raka.<\/p><p>Zar\u00f3wno zesp\u00f3\u0142 zajmuj\u0105cy si\u0119 leczeniem raka, jak i zesp\u00f3\u0142 zajmuj\u0105cy si\u0119 opiek\u0105 nad p\u0142odno\u015bci\u0105 rozmawiaj\u0105 z kobietami na temat ich rodzaju nowotworu, leczenia raka i osobistej historii. Staraj\u0105 si\u0119 ustali\u0107, w jaki spos\u00f3b leczenie raka mo\u017ce wp\u0142yn\u0105\u0107 na p\u0142odno\u015b\u0107 kobiety. <\/p><p>G\u0142\u00f3wne rodzaje leczenia raka to chemioterapia, radioterapia, zabieg chirurgiczny, terapia hormonalna i terapia celowana, a ka\u017cdy dzia\u0142a w inny spos\u00f3b. B\u0119dzie Pani musia\u0142a zapyta\u0107 sw\u00f3j zesp\u00f3\u0142 opieki onkologicznej o to, jakie jest ryzyko niep\u0142odno\u015bci w przypadku ka\u017cdej oferowanej Pani opcji leczenia \u2026 <\/p><p><b>Poni\u017cszy wykres<\/b> pokazuje, w jaki spos\u00f3b leczenie raka mo\u017ce wp\u0142ywa\u0107 na p\u0142odno\u015b\u0107. Pokazuje on, w jaki spos\u00f3b liczba kom\u00f3rek jajowych posiadanych przez kobiet\u0119 (jej rezerwa jajnikowa) mo\u017ce zosta\u0107 obni\u017cona po leczeniu raka. Zacieniowany obszar na wykresie pokazuje, \u017ce p\u0142odno\u015b\u0107 kobiety mo\u017ce ulec zmianie w zale\u017cno\u015bci od jej wieku i zastosowanego leczenia przeciwnowotworowego.  <\/p><p>Zacieniony obszar wskazuje mo\u017cliwy zakres zachowania p\u0142odno\u015bci. Prosz\u0119 porozmawia\u0107 ze swoim zespo\u0142em opieki onkologicznej, aby dowiedzie\u0107 si\u0119 wi\u0119cej o tym, jak leczenie raka i Pani wiek mog\u0105 wp\u0142ywa\u0107 na Pani p\u0142odno\u015b\u0107. <\/p>\t\t\t\t\t\t\t\t<\/div>\n\t\t\t\t<\/div>\n\t\t\t\t<div class=\"elementor-element elementor-element-0be0d05 elementor-widget elementor-widget-image\" data-id=\"0be0d05\" data-element_type=\"widget\" data-e-type=\"widget\" data-widget_type=\"image.default\">\n\t\t\t\t<div class=\"elementor-widget-container\">\n\t\t\t\t\t\t\t\t\t\t\t\t\t\t\t<img fetchpriority=\"high\" decoding=\"async\" width=\"800\" height=\"319\" src=\"https:\/\/cancerfertilityandme.org.uk\/wp-content\/uploads\/PO-01-2-1024x408.png\" class=\"attachment-large size-large wp-image-10887\" alt=\"Wp\u0142yw leczenia raka na p\u0142odno\u015b\u0107\" srcset=\"https:\/\/cancerfertilityandme.org.uk\/wp-content\/uploads\/PO-01-2-1024x408.png 1024w, https:\/\/cancerfertilityandme.org.uk\/wp-content\/uploads\/PO-01-2-300x120.png 300w, https:\/\/cancerfertilityandme.org.uk\/wp-content\/uploads\/PO-01-2-768x306.png 768w, https:\/\/cancerfertilityandme.org.uk\/wp-content\/uploads\/PO-01-2.png 1301w\" sizes=\"(max-width: 800px) 100vw, 800px\" \/>\t\t\t\t\t\t\t\t\t\t\t\t\t\t\t<\/div>\n\t\t\t\t<\/div>\n\t\t\t\t<div class=\"elementor-element elementor-element-aaf87e5 elementor-widget elementor-widget-text-editor\" data-id=\"aaf87e5\" data-element_type=\"widget\" data-e-type=\"widget\" data-widget_type=\"text-editor.default\">\n\t\t\t\t<div class=\"elementor-widget-container\">\n\t\t\t\t\t\t\t\t\t<p>Podczas leczenia raka mo\u017ce Pani zauwa\u017cy\u0107, \u017ce miesi\u0105czki ustaj\u0105 lub staj\u0105 si\u0119 nieregularne. Zmiany te mog\u0105 by\u0107 tymczasowe lub trwa\u0142e. <\/p><p><strong>Tymczasowe<\/strong>: Je\u015bli zmiany w cyklu miesi\u0105czkowym s\u0105 tymczasowe, Pani miesi\u0105czki powr\u00f3c\u0105 po zako\u0144czeniu leczenia. Mo\u017ce to nast\u0105pi\u0107 w ci\u0105gu kilku miesi\u0119cy lub potrwa\u0107 do roku lub d\u0142u\u017cej. Im m\u0142odsza jest Pani w momencie leczenia chemioterapi\u0105, a je\u015bli ma Pani mniej ni\u017c 35 lat, tym bardziej prawdopodobne jest, \u017ce miesi\u0105czka powr\u00f3ci. Liczba lat, w kt\u00f3rych b\u0119dzie Pani p\u0142odna mo\u017ce si\u0119 skr\u00f3ci\u0107. Nawet je\u015bli miesi\u0105czka powr\u00f3ci, nie zawsze oznacza to, \u017ce b\u0119dzie Pani mog\u0142a zaj\u015b\u0107 w ci\u0105\u017c\u0119.    <\/p><p><strong>Trwa\u0142e<\/strong>: Je\u015bli zmiany w cyklu miesi\u0105czkowym s\u0105 trwa\u0142e, oznacza to, \u017ce Pani miesi\u0105czki nie powr\u00f3c\u0105 po leczeniu raka i rozpocznie si\u0119 menopauza. Kobiety w wieku powy\u017cej 35 lat s\u0105 bardziej nara\u017cone na bezp\u0142odno\u015b\u0107 po leczeniu raka. <\/p><p>Je\u015bli miesi\u0105czki ustan\u0105 w trakcie leczenia przeciwnowotworowego, nadal mo\u017ce Pani zaj\u015b\u0107 w ci\u0105\u017c\u0119. Zdecydowanie odradza si\u0119 jednak zaj\u015bcia w ci\u0105\u017c\u0119. <\/p>\t\t\t\t\t\t\t\t<\/div>\n\t\t\t\t<\/div>\n\t\t\t\t<\/div>\n\t\t<div class=\"elementor-element elementor-element-1eca450f e-con-full e-flex e-con e-child\" data-id=\"1eca450f\" data-element_type=\"container\" data-e-type=\"container\">\n\t\t<div class=\"elementor-element elementor-element-48025207 e-con-full e-flex e-con e-child\" data-id=\"48025207\" data-element_type=\"container\" data-e-type=\"container\">\n\t\t\t\t<div class=\"elementor-element elementor-element-214191e5 elementor-widget elementor-widget-image\" data-id=\"214191e5\" data-element_type=\"widget\" data-e-type=\"widget\" data-widget_type=\"image.default\">\n\t\t\t\t<div class=\"elementor-widget-container\">\n\t\t\t\t\t\t\t\t\t\t\t\t\t\t\t\t<a href=\"http:\/\/.\/\">\n\t\t\t\t\t\t\t<img decoding=\"async\" width=\"400\" height=\"440\" src=\"https:\/\/cancerfertilityandme.org.uk\/wp-content\/uploads\/cancerfertilityandme-logo-column-adult-women.png\" class=\"attachment-full size-full wp-image-2283\" alt=\"\" srcset=\"https:\/\/cancerfertilityandme.org.uk\/wp-content\/uploads\/cancerfertilityandme-logo-column-adult-women.png 400w, https:\/\/cancerfertilityandme.org.uk\/wp-content\/uploads\/cancerfertilityandme-logo-column-adult-women-273x300.png 273w\" sizes=\"(max-width: 400px) 100vw, 400px\" \/>\t\t\t\t\t\t\t\t<\/a>\n\t\t\t\t\t\t\t\t\t\t\t\t\t\t\t<\/div>\n\t\t\t\t<\/div>\n\t\t\t\t<\/div>\n\t\t<div class=\"elementor-element elementor-element-214bcecf e-con-full e-flex e-con e-child\" data-id=\"214bcecf\" data-element_type=\"container\" data-e-type=\"container\">\n\t\t\t\t<div class=\"elementor-element elementor-element-43339a39 elementor-widget elementor-widget-heading\" data-id=\"43339a39\" data-element_type=\"widget\" data-e-type=\"widget\" data-widget_type=\"heading.default\">\n\t\t\t\t<div class=\"elementor-widget-container\">\n\t\t\t\t\t<h3 class=\"elementor-heading-title elementor-size-default\">Aby uzyska\u0107 wi\u0119cej informacji, skorzystaj z tych \u0142\u0105czy<\/h3>\t\t\t\t<\/div>\n\t\t\t\t<\/div>\n\t\t\t\t<div class=\"elementor-element elementor-element-6ae8ee76 elementor-nav-menu--dropdown-none elementor-widget elementor-widget-nav-menu\" data-id=\"6ae8ee76\" data-element_type=\"widget\" data-e-type=\"widget\" data-settings=\"{&quot;layout&quot;:&quot;vertical&quot;,&quot;submenu_icon&quot;:{&quot;value&quot;:&quot;&lt;svg aria-hidden=\\&quot;true\\&quot; class=\\&quot;e-font-icon-svg e-fas-caret-down\\&quot; viewBox=\\&quot;0 0 320 512\\&quot; xmlns=\\&quot;http:\\\/\\\/www.w3.org\\\/2000\\\/svg\\&quot;&gt;&lt;path d=\\&quot;M31.3 192h257.3c17.8 0 26.7 21.5 14.1 34.1L174.1 354.8c-7.8 7.8-20.5 7.8-28.3 0L17.2 226.1C4.6 213.5 13.5 192 31.3 192z\\&quot;&gt;&lt;\\\/path&gt;&lt;\\\/svg&gt;&quot;,&quot;library&quot;:&quot;fa-solid&quot;}}\" data-widget_type=\"nav-menu.default\">\n\t\t\t\t<div class=\"elementor-widget-container\">\n\t\t\t\t\t\t\t\t<nav aria-label=\"Menu\" class=\"elementor-nav-menu--main elementor-nav-menu__container elementor-nav-menu--layout-vertical e--pointer-none\">\n\t\t\t\t<ul id=\"menu-1-6ae8ee76\" class=\"elementor-nav-menu sm-vertical\"><li class=\"menu-item menu-item-type-post_type menu-item-object-page menu-item-6859\"><a href=\"https:\/\/cancerfertilityandme.org.uk\/adult-women\/cancer-fertility-and-the-reproductive-system\/\" class=\"elementor-item\">Rak, p\u0142odno\u015b\u0107 i uk\u0142ad rozrodczy<\/a><\/li>\n<li class=\"menu-item menu-item-type-post_type menu-item-object-page menu-item-6853\"><a href=\"https:\/\/cancerfertilityandme.org.uk\/adult-women\/cancer-fertility-and-the-reproductive-system\/how-cancer-treatments-affect-fertility\/\" class=\"elementor-item\">Jak leczenie raka wp\u0142ywa na p\u0142odno\u015b\u0107<\/a><\/li>\n<li class=\"menu-item menu-item-type-post_type menu-item-object-page menu-item-6851\"><a href=\"https:\/\/cancerfertilityandme.org.uk\/adult-women\/cancer-fertility-and-the-reproductive-system\/chemotherapy\/\" class=\"elementor-item\">Chemioterapia<\/a><\/li>\n<li class=\"menu-item menu-item-type-post_type menu-item-object-page menu-item-6856\"><a href=\"https:\/\/cancerfertilityandme.org.uk\/adult-women\/cancer-fertility-and-the-reproductive-system\/radiotherapy\/\" class=\"elementor-item\">Radioterapia<\/a><\/li>\n<li class=\"menu-item menu-item-type-post_type menu-item-object-page menu-item-6857\"><a href=\"https:\/\/cancerfertilityandme.org.uk\/adult-women\/cancer-fertility-and-the-reproductive-system\/surgery\/\" class=\"elementor-item\">Zabieg chirurgiczny<\/a><\/li>\n<li class=\"menu-item menu-item-type-post_type menu-item-object-page menu-item-6852\"><a href=\"https:\/\/cancerfertilityandme.org.uk\/adult-women\/cancer-fertility-and-the-reproductive-system\/hormone-therapy\/\" class=\"elementor-item\">Terapia hormonalna<\/a><\/li>\n<li class=\"menu-item menu-item-type-post_type menu-item-object-page menu-item-6858\"><a href=\"https:\/\/cancerfertilityandme.org.uk\/adult-women\/cancer-fertility-and-the-reproductive-system\/targeted-drug-therapies\/\" class=\"elementor-item\">Terapie celowane<\/a><\/li>\n<li class=\"menu-item menu-item-type-post_type menu-item-object-page menu-item-6855\"><a href=\"https:\/\/cancerfertilityandme.org.uk\/adult-women\/cancer-fertility-and-the-reproductive-system\/questions-to-ask\/\" class=\"elementor-item\">Wa\u017cne pytania<\/a><\/li>\n<\/ul>\t\t\t<\/nav>\n\t\t\t\t\t\t<nav class=\"elementor-nav-menu--dropdown elementor-nav-menu__container\" aria-hidden=\"true\">\n\t\t\t\t<ul id=\"menu-2-6ae8ee76\" class=\"elementor-nav-menu sm-vertical\"><li class=\"menu-item menu-item-type-post_type menu-item-object-page menu-item-6859\"><a href=\"https:\/\/cancerfertilityandme.org.uk\/adult-women\/cancer-fertility-and-the-reproductive-system\/\" class=\"elementor-item\" tabindex=\"-1\">Rak, p\u0142odno\u015b\u0107 i uk\u0142ad rozrodczy<\/a><\/li>\n<li class=\"menu-item menu-item-type-post_type menu-item-object-page menu-item-6853\"><a href=\"https:\/\/cancerfertilityandme.org.uk\/adult-women\/cancer-fertility-and-the-reproductive-system\/how-cancer-treatments-affect-fertility\/\" class=\"elementor-item\" tabindex=\"-1\">Jak leczenie raka wp\u0142ywa na p\u0142odno\u015b\u0107<\/a><\/li>\n<li class=\"menu-item menu-item-type-post_type menu-item-object-page menu-item-6851\"><a href=\"https:\/\/cancerfertilityandme.org.uk\/adult-women\/cancer-fertility-and-the-reproductive-system\/chemotherapy\/\" class=\"elementor-item\" tabindex=\"-1\">Chemioterapia<\/a><\/li>\n<li class=\"menu-item menu-item-type-post_type menu-item-object-page menu-item-6856\"><a href=\"https:\/\/cancerfertilityandme.org.uk\/adult-women\/cancer-fertility-and-the-reproductive-system\/radiotherapy\/\" class=\"elementor-item\" tabindex=\"-1\">Radioterapia<\/a><\/li>\n<li class=\"menu-item menu-item-type-post_type menu-item-object-page menu-item-6857\"><a href=\"https:\/\/cancerfertilityandme.org.uk\/adult-women\/cancer-fertility-and-the-reproductive-system\/surgery\/\" class=\"elementor-item\" tabindex=\"-1\">Zabieg chirurgiczny<\/a><\/li>\n<li class=\"menu-item menu-item-type-post_type menu-item-object-page menu-item-6852\"><a href=\"https:\/\/cancerfertilityandme.org.uk\/adult-women\/cancer-fertility-and-the-reproductive-system\/hormone-therapy\/\" class=\"elementor-item\" tabindex=\"-1\">Terapia hormonalna<\/a><\/li>\n<li class=\"menu-item menu-item-type-post_type menu-item-object-page menu-item-6858\"><a href=\"https:\/\/cancerfertilityandme.org.uk\/adult-women\/cancer-fertility-and-the-reproductive-system\/targeted-drug-therapies\/\" class=\"elementor-item\" tabindex=\"-1\">Terapie celowane<\/a><\/li>\n<li class=\"menu-item menu-item-type-post_type menu-item-object-page menu-item-6855\"><a href=\"https:\/\/cancerfertilityandme.org.uk\/adult-women\/cancer-fertility-and-the-reproductive-system\/questions-to-ask\/\" class=\"elementor-item\" tabindex=\"-1\">Wa\u017cne pytania<\/a><\/li>\n<\/ul>\t\t\t<\/nav>\n\t\t\t\t\t\t<\/div>\n\t\t\t\t<\/div>\n\t\t\t\t<\/div>\n\t\t\t\t<\/div>\n\t\t\t\t\t<\/div>\n\t\t\t\t<\/main>\n\t\t\t\t<\/div>\n\t\t","protected":false},"excerpt":{"rendered":"<p>Jak leczenie raka wp\u0142ywa na p\u0142odno\u015b\u0107 Szansa na wyst\u0105pienie problem\u00f3w z p\u0142odno\u015bci\u0105 u kobiety w wyniku leczenia raka zale\u017cy od wielu czynnik\u00f3w. Nale\u017c\u0105 do nich jej wiek, p\u0142odno\u015b\u0107 i stan zdrowia przed zachorowaniem na raka, rodzaj raka i rodzaj leczenia przeciwnowotworowego. Ze wzgl\u0119du na wiele czynnik\u00f3w, kt\u00f3re mog\u0105 wp\u0142ywa\u0107 na p\u0142odno\u015b\u0107, trudno jest z ca\u0142\u0105 [&hellip;]<\/p>\n","protected":false},"author":1,"featured_media":10887,"parent":6248,"menu_order":0,"comment_status":"closed","ping_status":"open","template":"","meta":{"footnotes":""},"class_list":["post-6258","page","type-page","status-publish","has-post-thumbnail","hentry"],"_links":{"self":[{"href":"https:\/\/cancerfertilityandme.org.uk\/pl\/wp-json\/wp\/v2\/pages\/6258","targetHints":{"allow":["GET"]}}],"collection":[{"href":"https:\/\/cancerfertilityandme.org.uk\/pl\/wp-json\/wp\/v2\/pages"}],"about":[{"href":"https:\/\/cancerfertilityandme.org.uk\/pl\/wp-json\/wp\/v2\/types\/page"}],"author":[{"embeddable":true,"href":"https:\/\/cancerfertilityandme.org.uk\/pl\/wp-json\/wp\/v2\/users\/1"}],"replies":[{"embeddable":true,"href":"https:\/\/cancerfertilityandme.org.uk\/pl\/wp-json\/wp\/v2\/comments?post=6258"}],"version-history":[{"count":5,"href":"https:\/\/cancerfertilityandme.org.uk\/pl\/wp-json\/wp\/v2\/pages\/6258\/revisions"}],"predecessor-version":[{"id":10896,"href":"https:\/\/cancerfertilityandme.org.uk\/pl\/wp-json\/wp\/v2\/pages\/6258\/revisions\/10896"}],"up":[{"embeddable":true,"href":"https:\/\/cancerfertilityandme.org.uk\/pl\/wp-json\/wp\/v2\/pages\/6248"}],"wp:featuredmedia":[{"embeddable":true,"href":"https:\/\/cancerfertilityandme.org.uk\/pl\/wp-json\/wp\/v2\/media\/10887"}],"wp:attachment":[{"href":"https:\/\/cancerfertilityandme.org.uk\/pl\/wp-json\/wp\/v2\/media?parent=6258"}],"curies":[{"name":"wp","href":"https:\/\/api.w.org\/{rel}","templated":true}]}}