{"id":6248,"date":"2018-11-06T11:08:33","date_gmt":"2018-11-06T11:08:33","guid":{"rendered":"https:\/\/cancerfertilityandme.org.uk\/rak-plodnosc-i-uklad-rozrodczy\/"},"modified":"2026-03-03T14:23:18","modified_gmt":"2026-03-03T14:23:18","slug":"rak-plodnosc-i-uklad-rozrodczy","status":"publish","type":"page","link":"https:\/\/cancerfertilityandme.org.uk\/pl\/dorosle-kobiety\/rak-plodnosc-i-uklad-rozrodczy\/","title":{"rendered":"Rak, p\u0142odno\u015b\u0107 i uk\u0142ad rozrodczy"},"content":{"rendered":"\t\t<div data-elementor-type=\"wp-page\" data-elementor-id=\"6248\" class=\"elementor elementor-6248 elementor-5367\" data-elementor-post-type=\"page\">\n\t\t\t\t<main class=\"elementor-element elementor-element-694ba709 e-flex e-con-boxed e-con e-parent\" data-id=\"694ba709\" data-element_type=\"container\" data-e-type=\"container\">\n\t\t\t\t\t<div class=\"e-con-inner\">\n\t\t<div class=\"elementor-element elementor-element-5d579206 e-con-full e-flex e-con e-child\" data-id=\"5d579206\" data-element_type=\"container\" data-e-type=\"container\">\n\t\t\t\t<div class=\"elementor-element elementor-element-2420152 elementor-widget elementor-widget-text-editor\" data-id=\"2420152\" data-element_type=\"widget\" data-e-type=\"widget\" data-widget_type=\"text-editor.default\">\n\t\t\t\t<div class=\"elementor-widget-container\">\n\t\t\t\t\t\t\t\t\t<h2>Wprowadzenie do raka, p\u0142odno\u015bci i uk\u0142adu rozrodczego<\/h2><h3>Ta sekcja zawiera informacje, kt\u00f3re pomog\u0105 Pani zrozumie\u0107, w jaki spos\u00f3b leczenie raka mo\u017ce wp\u0142ywa\u0107 na p\u0142odno\u015b\u0107.<\/h3><p><b>Rak<\/b> to nazwa nadawana chorobom wywo\u0142ywanym przez kom\u00f3rki organizmu, kt\u00f3re nieprzerwanie namna\u017caj\u0105 si\u0119, tworz\u0105c naro\u015bla i przenosz\u0105c si\u0119 do cz\u0119\u015bci cia\u0142a, w kt\u00f3rych nie s\u0105 potrzebne. W rezultacie osoby chore na raka musz\u0105 podda\u0107 si\u0119 leczeniu. <\/p><p><b>Leczenie raka<\/b> ma na celu usuni\u0119cie nowotworu i zapobieganie jego nawrotom. G\u0142\u00f3wne metody leczenia raka to chemioterapia, radioterapia, zabieg chirurgiczny, terapia hormonalna i celowana terapia lekowa. Wiele os\u00f3b b\u0119dzie mia\u0142o dwie lub wi\u0119cej z tych opcji leczenia w ramach swojej opieki.  <\/p><p>Wi\u0119kszo\u015b\u0107 metod leczenia raka ma <b>skutki uboczne<\/b> spowodowane ich wp\u0142ywem na zdrow\u0105 tkank\u0119. Wiele skutk\u00f3w ubocznych utrzymuje si\u0119 przez kr\u00f3tki czas w trakcie i po zako\u0144czeniu leczenia. Niekt\u00f3re skutki uboczne trwaj\u0105 d\u0142u\u017cej i mog\u0105 wp\u0142ywa\u0107 na zdrowie danej osoby do ko\u0144ca jej \u017cycia. U kobiet jednym z tych skutk\u00f3w ubocznych mo\u017ce by\u0107 obni\u017cona p\u0142odno\u015b\u0107, co oznacza, \u017ce kobieta mo\u017ce nie by\u0107 w stanie zaj\u015b\u0107 w ci\u0105\u017c\u0119 w przysz\u0142o\u015bci.   <\/p><p><b>P\u0142odno\u015b\u0107<\/b> oznacza zdolno\u015b\u0107 do zaj\u015bcia w ci\u0105\u017c\u0119 (pocz\u0119cia) w spos\u00f3b naturalny. Cz\u0119\u015bci cia\u0142a kobiety, kt\u00f3re s\u0105 zaanga\u017cowane w p\u0142odno\u015b\u0107, nazywane s\u0105 \u201cuk\u0142adem rozrodczym\u201d. <\/p><h3>Uk\u0142ad rozrodczy kobiety<\/h3>\t\t\t\t\t\t\t\t<\/div>\n\t\t\t\t<\/div>\n\t\t\t\t<div class=\"elementor-element elementor-element-c79fd79 elementor-widget elementor-widget-image\" data-id=\"c79fd79\" data-element_type=\"widget\" data-e-type=\"widget\" data-widget_type=\"image.default\">\n\t\t\t\t<div class=\"elementor-widget-container\">\n\t\t\t\t\t\t\t\t\t\t\t\t\t\t\t<img fetchpriority=\"high\" decoding=\"async\" width=\"500\" height=\"400\" src=\"https:\/\/cancerfertilityandme.org.uk\/wp-content\/uploads\/female-reproductive-system-1.jpg\" class=\"attachment-large size-large wp-image-5373\" alt=\"Uk\u0142ad rozrodczy kobiety\" srcset=\"https:\/\/cancerfertilityandme.org.uk\/wp-content\/uploads\/female-reproductive-system-1.jpg 500w, https:\/\/cancerfertilityandme.org.uk\/wp-content\/uploads\/female-reproductive-system-1-300x240.jpg 300w\" sizes=\"(max-width: 500px) 100vw, 500px\" \/>\t\t\t\t\t\t\t\t\t\t\t\t\t\t\t<\/div>\n\t\t\t\t<\/div>\n\t\t\t\t<div class=\"elementor-element elementor-element-16c622d elementor-widget elementor-widget-text-editor\" data-id=\"16c622d\" data-element_type=\"widget\" data-e-type=\"widget\" data-widget_type=\"text-editor.default\">\n\t\t\t\t<div class=\"elementor-widget-container\">\n\t\t\t\t\t\t\t\t\t<p><b>Kluczowymi cz\u0119\u015bciami uk\u0142adu rozrodczego s\u0105:<\/b><\/p><ol><li><strong>Jajniki <\/strong>\u2013 te dwa narz\u0105dy znajduj\u0105 si\u0119 po obu stronach macicy wewn\u0105trz cia\u0142a kobiety mi\u0119dzy biodrami (miednica). Jajniki wytwarzaj\u0105 kom\u00f3rki jajowe i hormony potrzebne do urodzenia dziecka Kom\u00f3rki jajowe w\u0119druj\u0105 jajowodami do macicy.  <\/li><li><strong>Kom\u00f3rka jajowa<\/strong> (oocyt) \u2013 \u2013 \u017ce\u0144ska kom\u00f3rka rozrodcza, kt\u00f3ra po zap\u0142odnieniu plemnikiem mo\u017ce sta\u0107 si\u0119 dzieckiem.<\/li><li><strong>Jajowody<\/strong> \u2013 dwie rurki, kt\u00f3re \u0142\u0105cz\u0105 ka\u017cdy jajnik z macic\u0105, gdzie kom\u00f3rka jajowa jest zap\u0142adniana przez plemniki m\u0119\u017cczyzny.<\/li><li><strong>Macica<\/strong>\u2013 znajduje si\u0119 wewn\u0105trz miednicy i jest miejscem, w kt\u00f3rym rozwija si\u0119 ci\u0105\u017ca.<\/li><li><strong>Szyjka macicy<\/strong> \u2013 otw\u00f3r w macicy, kt\u00f3ry pozwala krwi menstruacyjnej opu\u015bci\u0107 cia\u0142o (miesi\u0105czka), a kobiecie urodzi\u0107 dziecko.<\/li><li><strong>Pochwa <\/strong>(kana\u0142 rodny) \u2013 otw\u00f3r mi\u0119dzy doln\u0105 cz\u0119\u015bci\u0105 szyjki macicy a zewn\u0119trzn\u0105 cz\u0119\u015bci\u0105 cia\u0142a.<\/li><li><strong>Srom <\/strong>\u2013 zewn\u0119trzna cz\u0119\u015b\u0107 pochwy.<\/li><\/ol><p>Kobiety rodz\u0105 si\u0119 z du\u017c\u0105 liczb\u0105 kom\u00f3rek jajowych w jajnikach. Organizm kobiety nie produkuje nowych kom\u00f3rek jajowych. Liczba kom\u00f3rek jajowych, kt\u00f3re kobieta posiada w danym momencie, nazywana jest rezerw\u0105 jajnikow\u0105.  <\/p><p>Zanim kobieta osi\u0105gnie wiek dojrzewania, liczba posiadanych przez ni\u0105 kom\u00f3rek jajowych stale spada. Przed okresem dojrzewania dzieje si\u0119 tak dlatego, \u017ce wiele z nich obumiera i zostaje wch\u0142oni\u0119tych przez organizm. <\/p><p>Kiedy kobieta osi\u0105ga wiek dojrzewania, jedna kom\u00f3rka jajowa jest uwalniana co miesi\u0105c z jajnika (tzw. owulacja) i w\u0119druje do macicy. Pozosta\u0142e kom\u00f3rki jajowe, kt\u00f3re zacz\u0119\u0142y dojrzewa\u0107 podczas tego cyklu, rozpadn\u0105 si\u0119 i r\u00f3wnie\u017c zostan\u0105 wch\u0142oni\u0119te przez organizm. <\/p><p>Ci\u0105\u017ca wyst\u0119puje, je\u015bli kom\u00f3rka jajowa zostanie zap\u0142odniona przez plemnik, a nast\u0119pnie zagnie\u017adzi si\u0119 w macicy. Je\u015bli zap\u0142odniona kom\u00f3rka jajowa nie zagnie\u017adzi si\u0119 w macicy, wy\u015bci\u00f3\u0142ka macicy zostaje usuni\u0119ta i opuszcza organizm. Powoduje to krwawienie zwane miesi\u0105czk\u0105 lub okresem.  <\/p><p>Wiek jest jednym z najwa\u017cniejszych czynnik\u00f3w wp\u0142ywaj\u0105cych na szans\u0119 zaj\u015bcia w ci\u0105\u017c\u0119. Liczba i jako\u015b\u0107 kom\u00f3rek jajowych zmniejsza si\u0119 wraz z wiekiem kobiety. <\/p><p>Spadek liczby i jako\u015bci kom\u00f3rek jajowych obni\u017ca p\u0142odno\u015b\u0107 i mo\u017ce utrudnia\u0107 zaj\u015bcie w ci\u0105\u017c\u0119. Ostatecznie kom\u00f3rek tych jest tak ma\u0142o, \u017ce kobiety staj\u0105 si\u0119 bezp\u0142odne (niezdolne do zaj\u015bcia w ci\u0105\u017c\u0119), ustaj\u0105 comiesi\u0119czne miesi\u0105czki i rozpoczyna si\u0119 menopauza. Menopauza sygnalizuje naturalny koniec okresu rozrodczego kobiety.  <\/p><p>D\u0142ugo\u015b\u0107 okresu p\u0142odno\u015bci mo\u017ce by\u0107 r\u00f3\u017cny u r\u00f3\u017cnych kobiet. Dok\u0142adny wiek, w kt\u00f3rym kobieta nie b\u0119dzie ju\u017c mog\u0142a mie\u0107 dzieci, mo\u017ce by\u0107 inny dla ka\u017cdej kobiety. <\/p><p>Jak pokazuje poni\u017cszy wykres, 22-letnia kobieta ma oko\u0142o 30 na 100 szans (30%) na zaj\u015bcie w ci\u0105\u017c\u0119 ka\u017cdego miesi\u0105ca, w kt\u00f3rym pr\u00f3buje pocz\u0105\u0107 dziecko; podczas gdy 43-letnia kobieta ma oko\u0142o 3 na 100 szans (3%) na zaj\u015bcie w ci\u0105\u017c\u0119 ka\u017cdego miesi\u0105ca.<\/p><p>Wi\u0119kszo\u015b\u0107 kobiet osi\u0105ga menopauz\u0119 w wieku 50 lat; przestaj\u0105 mie\u0107 miesi\u0105czki i nie s\u0105 w stanie naturalnie mie\u0107 dzieci.<\/p>\t\t\t\t\t\t\t\t<\/div>\n\t\t\t\t<\/div>\n\t\t\t\t<div class=\"elementor-element elementor-element-9cb3412 elementor-widget elementor-widget-image\" data-id=\"9cb3412\" data-element_type=\"widget\" data-e-type=\"widget\" data-widget_type=\"image.default\">\n\t\t\t\t<div class=\"elementor-widget-container\">\n\t\t\t\t\t\t\t\t\t\t\t\t\t\t\t<img decoding=\"async\" width=\"800\" height=\"536\" src=\"https:\/\/cancerfertilityandme.org.uk\/wp-content\/uploads\/PO-02-2-1024x686.png\" class=\"attachment-large size-large wp-image-5381\" alt=\"female fertility vs age graph\" srcset=\"https:\/\/cancerfertilityandme.org.uk\/wp-content\/uploads\/PO-02-2-1024x686.png 1024w, https:\/\/cancerfertilityandme.org.uk\/wp-content\/uploads\/PO-02-2-300x201.png 300w, https:\/\/cancerfertilityandme.org.uk\/wp-content\/uploads\/PO-02-2-768x514.png 768w, https:\/\/cancerfertilityandme.org.uk\/wp-content\/uploads\/PO-02-2.png 1084w\" sizes=\"(max-width: 800px) 100vw, 800px\" \/>\t\t\t\t\t\t\t\t\t\t\t\t\t\t\t<\/div>\n\t\t\t\t<\/div>\n\t\t\t\t<div class=\"elementor-element elementor-element-475aee3 elementor-widget elementor-widget-text-editor\" data-id=\"475aee3\" data-element_type=\"widget\" data-e-type=\"widget\" data-widget_type=\"text-editor.default\">\n\t\t\t\t<div class=\"elementor-widget-container\">\n\t\t\t\t\t\t\t\t\t<p>Poza wiekiem, na p\u0142odno\u015b\u0107 u kobiet mo\u017ce r\u00f3wnie\u017c wp\u0142ywa\u0107:<\/p><ul><li>Problemy w macicy. Na przyk\u0142ad mi\u0119\u015bniaki macicy. <\/li><li>Choroby powoduj\u0105ce blizny w okolicy miednicy. Na przyk\u0142ad choroba zapalna miednicy, endometrioza. <\/li><li>Choroby wp\u0142ywaj\u0105ce na owulacj\u0119. Na przyk\u0142ad zesp\u00f3\u0142 policystycznych jajnik\u00f3w. <\/li><li>Niska liczba plemnik\u00f3w u partnera p\u0142ci m\u0119skiej.<\/li><li>Leki i terapie. Na przyk\u0142ad chemioterapia, radioterapia lub operacja raka, niekt\u00f3re leki stosowane w leczeniu chor\u00f3b psychicznych oraz regularne i d\u0142ugotrwa\u0142e stosowanie niesteroidowych lek\u00f3w przeciwzapalnych. <\/li><li>Styl \u017cycia. Na przyk\u0142ad nadwaga lub niedowaga, narkotyki , alkohol i palenie papieros\u00f3w. <\/li><\/ul><p>\u015arednio oko\u0142o 16 na 100 (16%) par bez diagnozy nowotworowej b\u0119dzie mia\u0142o problemy z p\u0142odno\u015bci\u0105. Je\u015bli posiadanie dzieci w przysz\u0142o\u015bci jest dla \u2026 Pani wa\u017cne, prosimy porozmawia\u0107 z zespo\u0142em opieki onkologicznej i zespo\u0142em opieki nad p\u0142odno\u015bci\u0105 przed rozpocz\u0119ciem leczenia raka. <\/p>\t\t\t\t\t\t\t\t<\/div>\n\t\t\t\t<\/div>\n\t\t<div class=\"elementor-element elementor-element-2a3976f3 e-con-full e-flex e-con e-child\" data-id=\"2a3976f3\" data-element_type=\"container\" data-e-type=\"container\" data-settings=\"{&quot;background_background&quot;:&quot;classic&quot;}\">\n\t\t\t\t<div class=\"elementor-element elementor-element-2252f12a elementor-widget elementor-widget-text-editor\" data-id=\"2252f12a\" data-element_type=\"widget\" data-e-type=\"widget\" data-widget_type=\"text-editor.default\">\n\t\t\t\t<div class=\"elementor-widget-container\">\n\t\t\t\t\t\t\t\t\t<h3> Zalecane \u017ar\u00f3d\u0142o informacji<\/h3><p>NICE (National Institute for Health and Care Excellence) jest organizacj\u0105 niezale\u017cn\u0105 od NHS. Tworzy wytyczne, analizuj\u0105c badania przeprowadzone w celu leczenia chor\u00f3b i zapewnienia opieki pracownikom s\u0142u\u017cby zdrowia w Anglii i Walii. <\/p><p>Organizacja ta stworzy\u0142a wytyczne dotycz\u0105ce zachowania p\u0142odno\u015bci u kobiet, u kt\u00f3rych zdiagnozowano raka (CG156- Problemy z p\u0142odno\u015bci\u0105: ocena i leczenie); oraz wytyczne dotycz\u0105ce zachowania p\u0142odno\u015bci u nastolatk\u00f3w i m\u0142odych doros\u0142ych (QS55- Us\u0142ugi onkologiczne dla dzieci i m\u0142odych doros\u0142ych: wsparcie p\u0142odno\u015bci).<\/p><p>Wi\u0119cej informacji znajdzie Pani na stronie internetowej NICE:<a href=\"https:\/\/www.nice.org.uk\/\" target=\"_blank\" rel=\"noopener noreferrer\">www.nice.org.uk<\/a><\/p>\t\t\t\t\t\t\t\t<\/div>\n\t\t\t\t<\/div>\n\t\t\t\t<\/div>\n\t\t\t\t<\/div>\n\t\t<div class=\"elementor-element elementor-element-48ac27a3 e-con-full e-flex e-con e-child\" data-id=\"48ac27a3\" data-element_type=\"container\" data-e-type=\"container\">\n\t\t<div class=\"elementor-element elementor-element-15df5156 e-con-full e-flex e-con e-child\" data-id=\"15df5156\" data-element_type=\"container\" data-e-type=\"container\">\n\t\t\t\t<div class=\"elementor-element elementor-element-2b6718ca elementor-widget elementor-widget-image\" data-id=\"2b6718ca\" data-element_type=\"widget\" data-e-type=\"widget\" data-widget_type=\"image.default\">\n\t\t\t\t<div class=\"elementor-widget-container\">\n\t\t\t\t\t\t\t\t\t\t\t\t\t\t\t\t<a href=\"http:\/\/.\/\">\n\t\t\t\t\t\t\t<img decoding=\"async\" width=\"400\" height=\"440\" src=\"https:\/\/cancerfertilityandme.org.uk\/wp-content\/uploads\/cancerfertilityandme-logo-column-adult-women.png\" class=\"attachment-full size-full wp-image-2283\" alt=\"\" srcset=\"https:\/\/cancerfertilityandme.org.uk\/wp-content\/uploads\/cancerfertilityandme-logo-column-adult-women.png 400w, https:\/\/cancerfertilityandme.org.uk\/wp-content\/uploads\/cancerfertilityandme-logo-column-adult-women-273x300.png 273w\" sizes=\"(max-width: 400px) 100vw, 400px\" \/>\t\t\t\t\t\t\t\t<\/a>\n\t\t\t\t\t\t\t\t\t\t\t\t\t\t\t<\/div>\n\t\t\t\t<\/div>\n\t\t\t\t<\/div>\n\t\t<div class=\"elementor-element elementor-element-7f8c3660 e-con-full e-flex e-con e-child\" data-id=\"7f8c3660\" data-element_type=\"container\" data-e-type=\"container\">\n\t\t\t\t<div class=\"elementor-element elementor-element-4b69ee29 elementor-widget elementor-widget-heading\" data-id=\"4b69ee29\" data-element_type=\"widget\" data-e-type=\"widget\" data-widget_type=\"heading.default\">\n\t\t\t\t<div class=\"elementor-widget-container\">\n\t\t\t\t\t<h3 class=\"elementor-heading-title elementor-size-default\">Aby uzyska\u0107 wi\u0119cej informacji, skorzystaj z tych \u0142\u0105czy<\/h3>\t\t\t\t<\/div>\n\t\t\t\t<\/div>\n\t\t\t\t<div class=\"elementor-element elementor-element-37188788 elementor-nav-menu--dropdown-none elementor-widget elementor-widget-nav-menu\" data-id=\"37188788\" data-element_type=\"widget\" data-e-type=\"widget\" data-settings=\"{&quot;layout&quot;:&quot;vertical&quot;,&quot;submenu_icon&quot;:{&quot;value&quot;:&quot;&lt;svg aria-hidden=\\&quot;true\\&quot; class=\\&quot;e-font-icon-svg e-fas-caret-down\\&quot; viewBox=\\&quot;0 0 320 512\\&quot; xmlns=\\&quot;http:\\\/\\\/www.w3.org\\\/2000\\\/svg\\&quot;&gt;&lt;path d=\\&quot;M31.3 192h257.3c17.8 0 26.7 21.5 14.1 34.1L174.1 354.8c-7.8 7.8-20.5 7.8-28.3 0L17.2 226.1C4.6 213.5 13.5 192 31.3 192z\\&quot;&gt;&lt;\\\/path&gt;&lt;\\\/svg&gt;&quot;,&quot;library&quot;:&quot;fa-solid&quot;}}\" data-widget_type=\"nav-menu.default\">\n\t\t\t\t<div class=\"elementor-widget-container\">\n\t\t\t\t\t\t\t\t<nav aria-label=\"Menu\" class=\"elementor-nav-menu--main elementor-nav-menu__container elementor-nav-menu--layout-vertical e--pointer-none\">\n\t\t\t\t<ul id=\"menu-1-37188788\" class=\"elementor-nav-menu sm-vertical\"><li class=\"menu-item menu-item-type-post_type menu-item-object-page menu-item-6859\"><a href=\"https:\/\/cancerfertilityandme.org.uk\/adult-women\/cancer-fertility-and-the-reproductive-system\/\" class=\"elementor-item\">Rak, p\u0142odno\u015b\u0107 i uk\u0142ad rozrodczy<\/a><\/li>\n<li class=\"menu-item menu-item-type-post_type menu-item-object-page menu-item-6853\"><a href=\"https:\/\/cancerfertilityandme.org.uk\/adult-women\/cancer-fertility-and-the-reproductive-system\/how-cancer-treatments-affect-fertility\/\" class=\"elementor-item\">Jak leczenie raka wp\u0142ywa na p\u0142odno\u015b\u0107<\/a><\/li>\n<li class=\"menu-item menu-item-type-post_type menu-item-object-page menu-item-6851\"><a href=\"https:\/\/cancerfertilityandme.org.uk\/adult-women\/cancer-fertility-and-the-reproductive-system\/chemotherapy\/\" class=\"elementor-item\">Chemioterapia<\/a><\/li>\n<li class=\"menu-item menu-item-type-post_type menu-item-object-page menu-item-6856\"><a href=\"https:\/\/cancerfertilityandme.org.uk\/adult-women\/cancer-fertility-and-the-reproductive-system\/radiotherapy\/\" class=\"elementor-item\">Radioterapia<\/a><\/li>\n<li class=\"menu-item menu-item-type-post_type menu-item-object-page menu-item-6857\"><a href=\"https:\/\/cancerfertilityandme.org.uk\/adult-women\/cancer-fertility-and-the-reproductive-system\/surgery\/\" class=\"elementor-item\">Zabieg chirurgiczny<\/a><\/li>\n<li class=\"menu-item menu-item-type-post_type menu-item-object-page menu-item-6852\"><a href=\"https:\/\/cancerfertilityandme.org.uk\/adult-women\/cancer-fertility-and-the-reproductive-system\/hormone-therapy\/\" class=\"elementor-item\">Terapia hormonalna<\/a><\/li>\n<li class=\"menu-item menu-item-type-post_type menu-item-object-page menu-item-6858\"><a href=\"https:\/\/cancerfertilityandme.org.uk\/adult-women\/cancer-fertility-and-the-reproductive-system\/targeted-drug-therapies\/\" class=\"elementor-item\">Terapie celowane<\/a><\/li>\n<li class=\"menu-item menu-item-type-post_type menu-item-object-page menu-item-6855\"><a href=\"https:\/\/cancerfertilityandme.org.uk\/adult-women\/cancer-fertility-and-the-reproductive-system\/questions-to-ask\/\" class=\"elementor-item\">Wa\u017cne pytania<\/a><\/li>\n<\/ul>\t\t\t<\/nav>\n\t\t\t\t\t\t<nav class=\"elementor-nav-menu--dropdown elementor-nav-menu__container\" aria-hidden=\"true\">\n\t\t\t\t<ul id=\"menu-2-37188788\" class=\"elementor-nav-menu sm-vertical\"><li class=\"menu-item menu-item-type-post_type menu-item-object-page menu-item-6859\"><a href=\"https:\/\/cancerfertilityandme.org.uk\/adult-women\/cancer-fertility-and-the-reproductive-system\/\" class=\"elementor-item\" tabindex=\"-1\">Rak, p\u0142odno\u015b\u0107 i uk\u0142ad rozrodczy<\/a><\/li>\n<li class=\"menu-item menu-item-type-post_type menu-item-object-page menu-item-6853\"><a href=\"https:\/\/cancerfertilityandme.org.uk\/adult-women\/cancer-fertility-and-the-reproductive-system\/how-cancer-treatments-affect-fertility\/\" class=\"elementor-item\" tabindex=\"-1\">Jak leczenie raka wp\u0142ywa na p\u0142odno\u015b\u0107<\/a><\/li>\n<li class=\"menu-item menu-item-type-post_type menu-item-object-page menu-item-6851\"><a href=\"https:\/\/cancerfertilityandme.org.uk\/adult-women\/cancer-fertility-and-the-reproductive-system\/chemotherapy\/\" class=\"elementor-item\" tabindex=\"-1\">Chemioterapia<\/a><\/li>\n<li class=\"menu-item menu-item-type-post_type menu-item-object-page menu-item-6856\"><a href=\"https:\/\/cancerfertilityandme.org.uk\/adult-women\/cancer-fertility-and-the-reproductive-system\/radiotherapy\/\" class=\"elementor-item\" tabindex=\"-1\">Radioterapia<\/a><\/li>\n<li class=\"menu-item menu-item-type-post_type menu-item-object-page menu-item-6857\"><a href=\"https:\/\/cancerfertilityandme.org.uk\/adult-women\/cancer-fertility-and-the-reproductive-system\/surgery\/\" class=\"elementor-item\" tabindex=\"-1\">Zabieg chirurgiczny<\/a><\/li>\n<li class=\"menu-item menu-item-type-post_type menu-item-object-page menu-item-6852\"><a href=\"https:\/\/cancerfertilityandme.org.uk\/adult-women\/cancer-fertility-and-the-reproductive-system\/hormone-therapy\/\" class=\"elementor-item\" tabindex=\"-1\">Terapia hormonalna<\/a><\/li>\n<li class=\"menu-item menu-item-type-post_type menu-item-object-page menu-item-6858\"><a href=\"https:\/\/cancerfertilityandme.org.uk\/adult-women\/cancer-fertility-and-the-reproductive-system\/targeted-drug-therapies\/\" class=\"elementor-item\" tabindex=\"-1\">Terapie celowane<\/a><\/li>\n<li class=\"menu-item menu-item-type-post_type menu-item-object-page menu-item-6855\"><a href=\"https:\/\/cancerfertilityandme.org.uk\/adult-women\/cancer-fertility-and-the-reproductive-system\/questions-to-ask\/\" class=\"elementor-item\" tabindex=\"-1\">Wa\u017cne pytania<\/a><\/li>\n<\/ul>\t\t\t<\/nav>\n\t\t\t\t\t\t<\/div>\n\t\t\t\t<\/div>\n\t\t\t\t<\/div>\n\t\t\t\t<\/div>\n\t\t\t\t\t<\/div>\n\t\t\t\t<\/main>\n\t\t\t\t<\/div>\n\t\t","protected":false},"excerpt":{"rendered":"<p>Wprowadzenie do raka, p\u0142odno\u015bci i uk\u0142adu rozrodczego Ta sekcja zawiera informacje, kt\u00f3re pomog\u0105 Pani zrozumie\u0107, w jaki spos\u00f3b leczenie raka mo\u017ce wp\u0142ywa\u0107 na p\u0142odno\u015b\u0107. Rak to nazwa nadawana chorobom wywo\u0142ywanym przez kom\u00f3rki organizmu, kt\u00f3re nieprzerwanie namna\u017caj\u0105 si\u0119, tworz\u0105c naro\u015bla i przenosz\u0105c si\u0119 do cz\u0119\u015bci cia\u0142a, w kt\u00f3rych nie s\u0105 potrzebne. W rezultacie osoby chore na [&hellip;]<\/p>\n","protected":false},"author":1,"featured_media":5373,"parent":6764,"menu_order":0,"comment_status":"closed","ping_status":"open","template":"","meta":{"footnotes":""},"class_list":["post-6248","page","type-page","status-publish","has-post-thumbnail","hentry"],"_links":{"self":[{"href":"https:\/\/cancerfertilityandme.org.uk\/pl\/wp-json\/wp\/v2\/pages\/6248","targetHints":{"allow":["GET"]}}],"collection":[{"href":"https:\/\/cancerfertilityandme.org.uk\/pl\/wp-json\/wp\/v2\/pages"}],"about":[{"href":"https:\/\/cancerfertilityandme.org.uk\/pl\/wp-json\/wp\/v2\/types\/page"}],"author":[{"embeddable":true,"href":"https:\/\/cancerfertilityandme.org.uk\/pl\/wp-json\/wp\/v2\/users\/1"}],"replies":[{"embeddable":true,"href":"https:\/\/cancerfertilityandme.org.uk\/pl\/wp-json\/wp\/v2\/comments?post=6248"}],"version-history":[{"count":6,"href":"https:\/\/cancerfertilityandme.org.uk\/pl\/wp-json\/wp\/v2\/pages\/6248\/revisions"}],"predecessor-version":[{"id":10873,"href":"https:\/\/cancerfertilityandme.org.uk\/pl\/wp-json\/wp\/v2\/pages\/6248\/revisions\/10873"}],"up":[{"embeddable":true,"href":"https:\/\/cancerfertilityandme.org.uk\/pl\/wp-json\/wp\/v2\/pages\/6764"}],"wp:featuredmedia":[{"embeddable":true,"href":"https:\/\/cancerfertilityandme.org.uk\/pl\/wp-json\/wp\/v2\/media\/5373"}],"wp:attachment":[{"href":"https:\/\/cancerfertilityandme.org.uk\/pl\/wp-json\/wp\/v2\/media?parent=6248"}],"curies":[{"name":"wp","href":"https:\/\/api.w.org\/{rel}","templated":true}]}}